{"id":177682,"date":"2025-03-25T15:21:59","date_gmt":"2025-03-25T14:21:59","guid":{"rendered":"https:\/\/keramamueblesdejardin.com\/unkategorisiert\/osaka-garten-esstisch-130x70-und-4-stuehle-aus-aluminium-und-textilene-beige\/"},"modified":"2025-05-16T16:12:55","modified_gmt":"2025-05-16T14:12:55","slug":"garten-esstisch-130x70-und-4-aluminium-und-textilbeige-osaka-stuhle","status":"publish","type":"product","link":"https:\/\/keramamueblesdejardin.com\/de\/speisesale-im-freien\/gartentisch-und-stuhlgarnitur\/garten-esstisch-130x70-und-4-aluminium-und-textilbeige-osaka-stuhle\/","title":{"rendered":"Osaka Garten-Esstisch 130&#215;70 und 4 St\u00fchle aus Aluminium und Textilene Beige"},"content":{"rendered":"<p class=\"\" data-start=\"329\" data-end=\"676\">Das <strong data-start=\"332\" data-end=\"371\">Garten-Esszimmerset Osaka<\/strong> vereint zeitgem\u00e4\u00dfes Design, langlebige Materialien und maximalen Komfort in einem kompakten Format, ideal f\u00fcr <strong data-start=\"479\" data-end=\"519\">Terrassen, Innenh\u00f6fe oder kleine G\u00e4rten<\/strong>. Dieser Vorschlag aus der Osaka-Kollektion zeichnet sich durch seine sorgf\u00e4ltige \u00c4sthetik aus und dadurch, dass er zu <strong data-start=\"616\" data-end=\"643\">100 % aus Materialien f\u00fcr den Au\u00dfenbereich<\/strong> besteht, ohne dass eine Wartung erforderlich ist. <\/p>\n<p class=\"\" data-start=\"678\" data-end=\"951\">Der Tisch hat eine <strong data-start=\"711\" data-end=\"730\">beige <\/strong> Aluminiumstruktur und eine Oberfl\u00e4che mit <strong data-start=\"748\" data-end=\"789\">Polywood-Lamellen aus Holzimitat<\/strong>, die visuelle W\u00e4rme und eine hohe Best\u00e4ndigkeit gegen den Einsatz im Freien bieten. Mit einer Gr\u00f6\u00dfe von 130&#215;70 cm eignet er sich perfekt f\u00fcr kleine R\u00e4ume, ohne auf Funktionalit\u00e4t zu verzichten. <\/p>\n<p class=\"\" data-start=\"953\" data-end=\"1272\">Die <strong data-start=\"957\" data-end=\"979\">4 stapelbaren St\u00fchle<\/strong> sind aus <strong data-start=\"1000\" data-end=\"1022\">beigem Aluminium<\/strong> gefertigt, mit <strong data-start=\"1028\" data-end=\"1067\">Armlehnen aus Polyholzimitat<\/strong> sowie <strong data-start=\"1070\" data-end=\"1125\">Sitz und R\u00fcckenlehne aus beige gepolstertem Textilene<\/strong> und bieten ein hohes Ma\u00df an Komfort, Witterungsbest\u00e4ndigkeit und einfacher Wartung. Ihr stapelbares Design spart Platz, wenn es nicht verwendet wird. <\/p>\n<p class=\"\" data-start=\"1274\" data-end=\"1437\">Dieses <strong data-start=\"1279\" data-end=\"1312\">Garten-Esszimmerset<\/strong> aus der Osaka-Kollektion ist die perfekte L\u00f6sung f\u00fcr alle, die Stil, Komfort und Langlebigkeit f\u00fcr ihre Au\u00dfenbereiche suchen.<\/p>\n<p class=\"\" data-start=\"1439\" data-end=\"1453\"><strong data-start=\"1439\" data-end=\"1451\">Messung:<\/strong><\/p>\n<ul data-start=\"1454\" data-end=\"1507\">\n<li class=\"\" data-start=\"1454\" data-end=\"1480\">\n<p class=\"\" data-start=\"1456\" data-end=\"1480\">Tisch: 130 x 70 x 75 cm<\/p>\n<\/li>\n<li class=\"\" data-start=\"1481\" data-end=\"1507\">\n<p class=\"\" data-start=\"1483\" data-end=\"1507\">Stuhl: 57 x 65 x 86 cm<\/p>\n<\/li>\n<\/ul>\n","protected":false},"excerpt":{"rendered":"<ul>\n<li>Gartengarnitur mit Tisch und 4 stapelbaren St\u00fchlen Osaka<\/li>\n<li>Beigefarbener Aluminiumtisch und Polywood-Lamellen, Holzimitat<\/li>\n<li>Beige Aluminiumst\u00fchle mit Armlehnen aus Polyholzimitat und beige gepolstertem Textilene<\/li>\n<li>Ma\u00dfe des Tisches: 130x70cm<\/li>\n<\/ul>\n","protected":false},"featured_media":171537,"comment_status":"closed","ping_status":"open","template":"","meta":{"_acf_changed":false},"product_brand":[],"product_cat":[3241,3238],"product_tag":[],"class_list":{"0":"post-177682","1":"product","2":"type-product","3":"status-publish","4":"has-post-thumbnail","6":"product_cat-gartentisch-und-stuhlgarnitur","7":"product_cat-speisesale-im-freien","8":"product_shipping_class-envio-gratuito-de","10":"first","11":"instock","12":"sale","13":"purchasable","14":"product-type-simple","15":"add-to-wishlist-before_image"},"acf":[],"yoast_head":"<!-- This site is optimized with the Yoast SEO plugin v27.2 - https:\/\/yoast.com\/product\/yoast-seo-wordpress\/ -->\n<title>Osaka Garten-Esstisch 130x70 und 4 St\u00fchle aus Aluminium und Textilene Beige - Kerama<\/title>\n<meta name=\"robots\" content=\"index, follow, max-snippet:-1, max-image-preview:large, max-video-preview:-1\" \/>\n<link rel=\"canonical\" href=\"https:\/\/keramamueblesdejardin.com\/de\/speisesale-im-freien\/gartentisch-und-stuhlgarnitur\/garten-esstisch-130x70-und-4-aluminium-und-textilbeige-osaka-stuhle\/\" \/>\n<meta property=\"og:locale\" content=\"de_DE\" \/>\n<meta property=\"og:type\" content=\"article\" \/>\n<meta property=\"og:title\" content=\"Osaka Garten-Esstisch 130x70 und 4 St\u00fchle aus Aluminium und Textilene Beige - Kerama\" \/>\n<meta property=\"og:description\" content=\"Gartengarnitur mit Tisch und 4 stapelbaren St\u00fchlen Osaka  Beigefarbener Aluminiumtisch und Polywood-Lamellen, Holzimitat  Beige Aluminiumst\u00fchle mit Armlehnen aus Polyholzimitat und beige gepolstertem Textilene  Ma\u00dfe des Tisches: 130x70cm\" \/>\n<meta property=\"og:url\" content=\"https:\/\/keramamueblesdejardin.com\/de\/speisesale-im-freien\/gartentisch-und-stuhlgarnitur\/garten-esstisch-130x70-und-4-aluminium-und-textilbeige-osaka-stuhle\/\" \/>\n<meta property=\"og:site_name\" content=\"Kerama\" \/>\n<meta property=\"article:publisher\" content=\"https:\/\/www.facebook.com\/Kerama-Muebles-de-Jard%c3%adn-106209328312568\/\" \/>\n<meta property=\"article:modified_time\" content=\"2025-05-16T14:12:55+00:00\" \/>\n<meta property=\"og:image\" content=\"https:\/\/keramamueblesdejardin.com\/wp-content\/uploads\/2024\/10\/130-text-osaka-beige-4.jpg\" \/>\n\t<meta property=\"og:image:width\" content=\"1200\" \/>\n\t<meta property=\"og:image:height\" content=\"1200\" \/>\n\t<meta property=\"og:image:type\" content=\"image\/jpeg\" \/>\n<meta name=\"twitter:card\" content=\"summary_large_image\" \/>\n<meta name=\"twitter:label1\" content=\"Gesch\u00e4tzte Lesezeit\" \/>\n\t<meta name=\"twitter:data1\" content=\"1\u00a0Minute\" \/>\n<script type=\"application\/ld+json\" class=\"yoast-schema-graph\">{\"@context\":\"https:\/\/schema.org\",\"@graph\":[{\"@type\":\"WebPage\",\"@id\":\"https:\/\/keramamueblesdejardin.com\/de\/speisesale-im-freien\/gartentisch-und-stuhlgarnitur\/garten-esstisch-130x70-und-4-aluminium-und-textilbeige-osaka-stuhle\/\",\"url\":\"https:\/\/keramamueblesdejardin.com\/de\/speisesale-im-freien\/gartentisch-und-stuhlgarnitur\/garten-esstisch-130x70-und-4-aluminium-und-textilbeige-osaka-stuhle\/\",\"name\":\"Osaka Garten-Esstisch 130x70 und 4 St\u00fchle aus Aluminium und Textilene Beige - Kerama\",\"isPartOf\":{\"@id\":\"https:\/\/keramamueblesdejardin.com\/de\/#website\"},\"primaryImageOfPage\":{\"@id\":\"https:\/\/keramamueblesdejardin.com\/de\/speisesale-im-freien\/gartentisch-und-stuhlgarnitur\/garten-esstisch-130x70-und-4-aluminium-und-textilbeige-osaka-stuhle\/#primaryimage\"},\"image\":{\"@id\":\"https:\/\/keramamueblesdejardin.com\/de\/speisesale-im-freien\/gartentisch-und-stuhlgarnitur\/garten-esstisch-130x70-und-4-aluminium-und-textilbeige-osaka-stuhle\/#primaryimage\"},\"thumbnailUrl\":\"https:\/\/keramamueblesdejardin.com\/wp-content\/uploads\/2024\/10\/130-text-osaka-beige-4.jpg\",\"datePublished\":\"2025-03-25T14:21:59+00:00\",\"dateModified\":\"2025-05-16T14:12:55+00:00\",\"breadcrumb\":{\"@id\":\"https:\/\/keramamueblesdejardin.com\/de\/speisesale-im-freien\/gartentisch-und-stuhlgarnitur\/garten-esstisch-130x70-und-4-aluminium-und-textilbeige-osaka-stuhle\/#breadcrumb\"},\"inLanguage\":\"de\",\"potentialAction\":[{\"@type\":\"ReadAction\",\"target\":[\"https:\/\/keramamueblesdejardin.com\/de\/speisesale-im-freien\/gartentisch-und-stuhlgarnitur\/garten-esstisch-130x70-und-4-aluminium-und-textilbeige-osaka-stuhle\/\"]}]},{\"@type\":\"ImageObject\",\"inLanguage\":\"de\",\"@id\":\"https:\/\/keramamueblesdejardin.com\/de\/speisesale-im-freien\/gartentisch-und-stuhlgarnitur\/garten-esstisch-130x70-und-4-aluminium-und-textilbeige-osaka-stuhle\/#primaryimage\",\"url\":\"https:\/\/keramamueblesdejardin.com\/wp-content\/uploads\/2024\/10\/130-text-osaka-beige-4.jpg\",\"contentUrl\":\"https:\/\/keramamueblesdejardin.com\/wp-content\/uploads\/2024\/10\/130-text-osaka-beige-4.jpg\",\"width\":1200,\"height\":1200},{\"@type\":\"BreadcrumbList\",\"@id\":\"https:\/\/keramamueblesdejardin.com\/de\/speisesale-im-freien\/gartentisch-und-stuhlgarnitur\/garten-esstisch-130x70-und-4-aluminium-und-textilbeige-osaka-stuhle\/#breadcrumb\",\"itemListElement\":[{\"@type\":\"ListItem\",\"position\":1,\"name\":\"Home\",\"item\":\"https:\/\/keramamueblesdejardin.com\/de\/\"},{\"@type\":\"ListItem\",\"position\":2,\"name\":\"Laden\",\"item\":\"https:\/\/keramamueblesdejardin.com\/de\/laden\/\"},{\"@type\":\"ListItem\",\"position\":3,\"name\":\"Speises\u00e4le im Freien\",\"item\":\"https:\/\/keramamueblesdejardin.com\/de\/speisesale-im-freien\/\"},{\"@type\":\"ListItem\",\"position\":4,\"name\":\"Gartentisch- und Stuhlgarnitur\",\"item\":\"https:\/\/keramamueblesdejardin.com\/de\/speisesale-im-freien\/gartentisch-und-stuhlgarnitur\/\"},{\"@type\":\"ListItem\",\"position\":5,\"name\":\"Osaka Garten-Esstisch 130&#215;70 und 4 St\u00fchle aus Aluminium und Textilene Beige\"}]},{\"@type\":\"WebSite\",\"@id\":\"https:\/\/keramamueblesdejardin.com\/de\/#website\",\"url\":\"https:\/\/keramamueblesdejardin.com\/de\/\",\"name\":\"Kerama\",\"description\":\"muebles de jard\u00edn\",\"publisher\":{\"@id\":\"https:\/\/keramamueblesdejardin.com\/de\/#organization\"},\"potentialAction\":[{\"@type\":\"SearchAction\",\"target\":{\"@type\":\"EntryPoint\",\"urlTemplate\":\"https:\/\/keramamueblesdejardin.com\/de\/?s={search_term_string}\"},\"query-input\":{\"@type\":\"PropertyValueSpecification\",\"valueRequired\":true,\"valueName\":\"search_term_string\"}}],\"inLanguage\":\"de\"},{\"@type\":\"Organization\",\"@id\":\"https:\/\/keramamueblesdejardin.com\/de\/#organization\",\"name\":\"kerama\",\"url\":\"https:\/\/keramamueblesdejardin.com\/de\/\",\"logo\":{\"@type\":\"ImageObject\",\"inLanguage\":\"de\",\"@id\":\"https:\/\/keramamueblesdejardin.com\/de\/#\/schema\/logo\/image\/\",\"url\":\"https:\/\/keramamueblesdejardin.com\/wp-content\/uploads\/2020\/12\/k.-scaled.jpg\",\"contentUrl\":\"https:\/\/keramamueblesdejardin.com\/wp-content\/uploads\/2020\/12\/k.-scaled.jpg\",\"width\":2560,\"height\":551,\"caption\":\"kerama\"},\"image\":{\"@id\":\"https:\/\/keramamueblesdejardin.com\/de\/#\/schema\/logo\/image\/\"},\"sameAs\":[\"https:\/\/www.facebook.com\/Kerama-Muebles-de-Jard\u00edn-106209328312568\/\"]}]}<\/script>\n<!-- \/ Yoast SEO plugin. -->","yoast_head_json":{"title":"Osaka Garten-Esstisch 130x70 und 4 St\u00fchle aus Aluminium und Textilene Beige - Kerama","robots":{"index":"index","follow":"follow","max-snippet":"max-snippet:-1","max-image-preview":"max-image-preview:large","max-video-preview":"max-video-preview:-1"},"canonical":"https:\/\/keramamueblesdejardin.com\/de\/speisesale-im-freien\/gartentisch-und-stuhlgarnitur\/garten-esstisch-130x70-und-4-aluminium-und-textilbeige-osaka-stuhle\/","og_locale":"de_DE","og_type":"article","og_title":"Osaka Garten-Esstisch 130x70 und 4 St\u00fchle aus Aluminium und Textilene Beige - Kerama","og_description":"Gartengarnitur mit Tisch und 4 stapelbaren St\u00fchlen Osaka  Beigefarbener Aluminiumtisch und Polywood-Lamellen, Holzimitat  Beige Aluminiumst\u00fchle mit Armlehnen aus Polyholzimitat und beige gepolstertem Textilene  Ma\u00dfe des Tisches: 130x70cm","og_url":"https:\/\/keramamueblesdejardin.com\/de\/speisesale-im-freien\/gartentisch-und-stuhlgarnitur\/garten-esstisch-130x70-und-4-aluminium-und-textilbeige-osaka-stuhle\/","og_site_name":"Kerama","article_publisher":"https:\/\/www.facebook.com\/Kerama-Muebles-de-Jard%c3%adn-106209328312568\/","article_modified_time":"2025-05-16T14:12:55+00:00","og_image":[{"width":1200,"height":1200,"url":"https:\/\/keramamueblesdejardin.com\/wp-content\/uploads\/2024\/10\/130-text-osaka-beige-4.jpg","type":"image\/jpeg"}],"twitter_card":"summary_large_image","twitter_misc":{"Gesch\u00e4tzte Lesezeit":"1\u00a0Minute"},"schema":{"@context":"https:\/\/schema.org","@graph":[{"@type":"WebPage","@id":"https:\/\/keramamueblesdejardin.com\/de\/speisesale-im-freien\/gartentisch-und-stuhlgarnitur\/garten-esstisch-130x70-und-4-aluminium-und-textilbeige-osaka-stuhle\/","url":"https:\/\/keramamueblesdejardin.com\/de\/speisesale-im-freien\/gartentisch-und-stuhlgarnitur\/garten-esstisch-130x70-und-4-aluminium-und-textilbeige-osaka-stuhle\/","name":"Osaka Garten-Esstisch 130x70 und 4 St\u00fchle aus Aluminium und Textilene Beige - Kerama","isPartOf":{"@id":"https:\/\/keramamueblesdejardin.com\/de\/#website"},"primaryImageOfPage":{"@id":"https:\/\/keramamueblesdejardin.com\/de\/speisesale-im-freien\/gartentisch-und-stuhlgarnitur\/garten-esstisch-130x70-und-4-aluminium-und-textilbeige-osaka-stuhle\/#primaryimage"},"image":{"@id":"https:\/\/keramamueblesdejardin.com\/de\/speisesale-im-freien\/gartentisch-und-stuhlgarnitur\/garten-esstisch-130x70-und-4-aluminium-und-textilbeige-osaka-stuhle\/#primaryimage"},"thumbnailUrl":"https:\/\/keramamueblesdejardin.com\/wp-content\/uploads\/2024\/10\/130-text-osaka-beige-4.jpg","datePublished":"2025-03-25T14:21:59+00:00","dateModified":"2025-05-16T14:12:55+00:00","breadcrumb":{"@id":"https:\/\/keramamueblesdejardin.com\/de\/speisesale-im-freien\/gartentisch-und-stuhlgarnitur\/garten-esstisch-130x70-und-4-aluminium-und-textilbeige-osaka-stuhle\/#breadcrumb"},"inLanguage":"de","potentialAction":[{"@type":"ReadAction","target":["https:\/\/keramamueblesdejardin.com\/de\/speisesale-im-freien\/gartentisch-und-stuhlgarnitur\/garten-esstisch-130x70-und-4-aluminium-und-textilbeige-osaka-stuhle\/"]}]},{"@type":"ImageObject","inLanguage":"de","@id":"https:\/\/keramamueblesdejardin.com\/de\/speisesale-im-freien\/gartentisch-und-stuhlgarnitur\/garten-esstisch-130x70-und-4-aluminium-und-textilbeige-osaka-stuhle\/#primaryimage","url":"https:\/\/keramamueblesdejardin.com\/wp-content\/uploads\/2024\/10\/130-text-osaka-beige-4.jpg","contentUrl":"https:\/\/keramamueblesdejardin.com\/wp-content\/uploads\/2024\/10\/130-text-osaka-beige-4.jpg","width":1200,"height":1200},{"@type":"BreadcrumbList","@id":"https:\/\/keramamueblesdejardin.com\/de\/speisesale-im-freien\/gartentisch-und-stuhlgarnitur\/garten-esstisch-130x70-und-4-aluminium-und-textilbeige-osaka-stuhle\/#breadcrumb","itemListElement":[{"@type":"ListItem","position":1,"name":"Home","item":"https:\/\/keramamueblesdejardin.com\/de\/"},{"@type":"ListItem","position":2,"name":"Laden","item":"https:\/\/keramamueblesdejardin.com\/de\/laden\/"},{"@type":"ListItem","position":3,"name":"Speises\u00e4le im Freien","item":"https:\/\/keramamueblesdejardin.com\/de\/speisesale-im-freien\/"},{"@type":"ListItem","position":4,"name":"Gartentisch- und Stuhlgarnitur","item":"https:\/\/keramamueblesdejardin.com\/de\/speisesale-im-freien\/gartentisch-und-stuhlgarnitur\/"},{"@type":"ListItem","position":5,"name":"Osaka Garten-Esstisch 130&#215;70 und 4 St\u00fchle aus Aluminium und Textilene Beige"}]},{"@type":"WebSite","@id":"https:\/\/keramamueblesdejardin.com\/de\/#website","url":"https:\/\/keramamueblesdejardin.com\/de\/","name":"Kerama","description":"muebles de jard\u00edn","publisher":{"@id":"https:\/\/keramamueblesdejardin.com\/de\/#organization"},"potentialAction":[{"@type":"SearchAction","target":{"@type":"EntryPoint","urlTemplate":"https:\/\/keramamueblesdejardin.com\/de\/?s={search_term_string}"},"query-input":{"@type":"PropertyValueSpecification","valueRequired":true,"valueName":"search_term_string"}}],"inLanguage":"de"},{"@type":"Organization","@id":"https:\/\/keramamueblesdejardin.com\/de\/#organization","name":"kerama","url":"https:\/\/keramamueblesdejardin.com\/de\/","logo":{"@type":"ImageObject","inLanguage":"de","@id":"https:\/\/keramamueblesdejardin.com\/de\/#\/schema\/logo\/image\/","url":"https:\/\/keramamueblesdejardin.com\/wp-content\/uploads\/2020\/12\/k.-scaled.jpg","contentUrl":"https:\/\/keramamueblesdejardin.com\/wp-content\/uploads\/2020\/12\/k.-scaled.jpg","width":2560,"height":551,"caption":"kerama"},"image":{"@id":"https:\/\/keramamueblesdejardin.com\/de\/#\/schema\/logo\/image\/"},"sameAs":["https:\/\/www.facebook.com\/Kerama-Muebles-de-Jard\u00edn-106209328312568\/"]}]}},"df_price":599,"df_sale_price":599,"df_regular_price":729,"df_image_link":"https:\/\/keramamueblesdejardin.com\/wp-content\/uploads\/2024\/10\/130-text-osaka-beige-4-300x300.jpg","custom_tabs":[{"title":"MESSUNG","id":"messung","content":"<div class=\"list\"><strong style=\"font-weight: bold; color: #282828;\">H\u00f6he:<\/strong><span style=\"color: #282828;\"> Stuhl 86 cm \/ Tisch 75 cm<\/span><br style=\"color: #282828;\"><strong style=\"font-weight: bold; color: #282828;\">Breite:<\/strong><span style=\"color: #282828;\"> Stuhl 57 cm \/ Tisch 70 cm<\/span><br style=\"color: #282828;\"><strong style=\"font-weight: bold; color: #282828;\">Tiefe:<\/strong><span style=\"color: #282828;\"> Stuhl 65 cm \/ Tisch 130 cm<\/span><br style=\"color: #282828;\"><strong style=\"font-weight: bold; color: #282828;\">Sitzh\u00f6he:<\/strong><span style=\"color: #282828;\"> 45 cm<\/span><br style=\"color: #282828;\"><strong style=\"font-weight: bold; color: #282828;\">Sitztiefe:<\/strong><span style=\"color: #282828;\"> 55 cm<\/span><\/div>\n<div class=\"list\"><\/div>"},{"title":"AUSPACKEN UND MONTIEREN","id":"auspacken-und-montieren","content":"<div class=\"list\"><strong style=\"font-weight: bold; color: #282828;\">Empfehlungen zum<\/strong> Auspacken: <span style=\"color: #282828;\"> Verwenden Sie beim Auspacken der M\u00f6bel keine scharfen Utensilien, da dies zu Besch\u00e4digungen f\u00fchren kann<\/span><br style=\"color: #282828;\"><strong style=\"font-weight: bold; color: #282828;\">Montage erforderlich (ja\/nein):<\/strong><span style=\"color: #282828;\"> Ja<\/span><br style=\"color: #282828;\"><strong style=\"font-weight: bold; color: #282828;\">Schwierigkeitsgrad der Montage:<\/strong><span style=\"color: #282828;\"> Niedrig<\/span><br style=\"color: #282828;\"><strong style=\"font-weight: bold; color: #282828;\">Montagezeit:<\/strong><span style=\"color: #282828;\"> 20 Minuten<\/span><br style=\"color: #282828;\"><strong style=\"font-weight: bold; color: #282828;\">Empfohlene Personen f\u00fcr die Montage:<\/strong><span style=\"color: #282828;\"> 2<\/span><br style=\"color: #282828;\"><strong style=\"font-weight: bold; color: #282828;\">Montagevorschl\u00e4ge:<\/strong><span style=\"color: #282828;\">  Bereiten Sie einen sauberen und trockenen Montagebereich vor und stellen Sie sicher, dass keines der im Handbuch angegebenen Teile fehlt. Wir empfehlen das Tragen von Montagehandschuhen. Verwenden Sie nur die mitgelieferten Teile und Hardware. Wir empfehlen NICHT den Kauf mit Montageoption f\u00fcr diesen Artikel, da der Montageschwierigkeitsgrad sehr gering ist.<\/span><\/div>"},{"title":"WARTUNG UND GARANTIEN","id":"wartung-und-garantien","content":"<div class=\"moz-signature\">\n<div class=\"list\"><strong>Allgemeine Empfehlungen:<\/strong>\n\u2022 Pannen oder Sch\u00e4den, die verursacht werden durch:\n\u2022 Zuf\u00e4llige Ursachen wie St\u00fcrze, Schl\u00e4ge, Versch\u00fctten von Fl\u00fcssigkeiten, Einbringen von Fremdk\u00f6rpern sowie andere h\u00f6here Gewalt sind von der Garantie ausgeschlossen.\n\u2022 Fahrl\u00e4ssige, unangemessene oder nicht h\u00e4usliche Verwendung.\n\u2022 Besch\u00e4digungen, Korrosion und\/oder Oxidation, die durch ung\u00fcnstige\n Umgebungsbedingungen beschleunigt werden\u2022 Flecken und Verf\u00e4rbungen aufgrund der Nichtbeachtung unserer Reinigungsanweisungen\n\u2022 Sch\u00e4den, die w\u00e4hrend der Montage und Handhabung auftreten, ohne die angegebenen Montageanweisungen befolgt zu haben.\n<strong>Gebrauchs- und Wartungshinweise:<\/strong>\n\u2022 Reinigen Sie vorsichtig mit Hilfe eines Tuchs oder verwenden Sie eine neutrale Fl\u00fcssigseife und sp\u00fclen Sie sie mit viel Wasser ab.\n\u2022 Entfernen Sie Staub regelm\u00e4\u00dfig mit Hilfe eines weichen Tuchs und klarem Wasser.\n\u2022 Verwenden Sie zur Reinigung keine Reinigungsmittel oder Scheuermittel.\nJahre <strong>Garantie: 3 Jahre<\/strong>\n<strong>Hergestellt nach Norm:<\/strong> 581-1.581-2.581-3<\/div>\n<\/div>"}],"_links":{"self":[{"href":"https:\/\/keramamueblesdejardin.com\/de\/wp-json\/wp\/v2\/product\/177682","targetHints":{"allow":["GET"]}}],"collection":[{"href":"https:\/\/keramamueblesdejardin.com\/de\/wp-json\/wp\/v2\/product"}],"about":[{"href":"https:\/\/keramamueblesdejardin.com\/de\/wp-json\/wp\/v2\/types\/product"}],"replies":[{"embeddable":true,"href":"https:\/\/keramamueblesdejardin.com\/de\/wp-json\/wp\/v2\/comments?post=177682"}],"wp:featuredmedia":[{"embeddable":true,"href":"https:\/\/keramamueblesdejardin.com\/de\/wp-json\/wp\/v2\/media\/171537"}],"wp:attachment":[{"href":"https:\/\/keramamueblesdejardin.com\/de\/wp-json\/wp\/v2\/media?parent=177682"}],"wp:term":[{"taxonomy":"product_brand","embeddable":true,"href":"https:\/\/keramamueblesdejardin.com\/de\/wp-json\/wp\/v2\/product_brand?post=177682"},{"taxonomy":"product_cat","embeddable":true,"href":"https:\/\/keramamueblesdejardin.com\/de\/wp-json\/wp\/v2\/product_cat?post=177682"},{"taxonomy":"product_tag","embeddable":true,"href":"https:\/\/keramamueblesdejardin.com\/de\/wp-json\/wp\/v2\/product_tag?post=177682"}],"curies":[{"name":"wp","href":"https:\/\/api.w.org\/{rel}","templated":true}]}}