{"id":177659,"date":"2025-03-25T16:12:13","date_gmt":"2025-03-25T15:12:13","guid":{"rendered":"https:\/\/keramamueblesdejardin.com\/unkategorisiert\/esszimmer-fuer-8-plaetze-weisses-aluminium-und-polypropylen-vermontontario\/"},"modified":"2025-03-25T17:12:13","modified_gmt":"2025-03-25T16:12:13","slug":"esszimmer-8-platze-aluminium-weis-und-polypropylen-vermontontario","status":"publish","type":"product","link":"https:\/\/keramamueblesdejardin.com\/de\/speisesale-im-freien\/gartentisch-und-stuhlgarnitur\/esszimmer-8-platze-aluminium-weis-und-polypropylen-vermontontario\/","title":{"rendered":"Esszimmer f\u00fcr 8 Pl\u00e4tze, wei\u00dfes Aluminium und Polypropylen &#8211; Vermont&amp;Ontario"},"content":{"rendered":"<p class=\"\" data-start=\"328\" data-end=\"726\">Das <strong data-start=\"331\" data-end=\"371\">Garten-Esszimmerset Vermont <\/strong>bietet eine perfekte Kombination aus modernem Design, langlebigen Materialien und au\u00dfergew\u00f6hnlichem Komfort f\u00fcr den ganzj\u00e4hrigen Genuss im Freien. Der Tisch mit <strong data-start=\"551\" data-end=\"573\">wei\u00dfem Aluminiumgestell <\/strong> und <strong data-start=\"590\" data-end=\"614\">FSC-zertifizierter Oberfl\u00e4che aus Teakholz<\/strong> zeichnet sich durch moderne und ergonomische Linien aus, die jeder Terrasse, jedem Innenhof oder Garten Stil und Funktionalit\u00e4t verleihen. <\/p>\n<p class=\"\" data-start=\"728\" data-end=\"1061\">Dank des <strong data-start=\"742\" data-end=\"777\">doppelten Auszugssystems mit Schienen<\/strong> kann der Tisch leicht von 200 x 100 cm auf 260 x 100 cm oder bis zu 320 x 100 cm erweitert werden, ohne dass die Beine den Komfort der G\u00e4ste beeintr\u00e4chtigen. Dieser Mechanismus macht den <strong data-start=\"952\" data-end=\"978\">ausziehbaren Tisch Vermont <\/strong>ideal f\u00fcr die Anpassung an Familienfeiern oder Zusammenk\u00fcnfte mit Freunden unterschiedlicher Gr\u00f6\u00dfe. <\/p>\n<p class=\"\" data-start=\"1063\" data-end=\"1406\">Abgerundet wird das Set durch <strong data-start=\"1091\" data-end=\"1138\">8 stapelbare St\u00fchle aus der Ontario-Kollektion<\/strong> aus <strong data-start=\"1154\" data-end=\"1210\">hochfestem Polypropylen in Wei\u00df<\/strong>, mit umlaufendem Design und Armlehnen. Diese St\u00fchle sind so konzipiert, dass sie allen Wetterbedingungen standhalten, ohne ihre Form oder Farbe zu verlieren, und sind dank ihrer stapelbaren Struktur leicht zu verstauen. <\/p>\n<p class=\"\" data-start=\"1408\" data-end=\"1531\">Dieses <strong data-start=\"1413\" data-end=\"1446\">Garten-Esszimmerset<\/strong> kombiniert Langlebigkeit, Design und Funktionalit\u00e4t, um den perfekten Au\u00dfenbereich zu schaffen.<\/p>\n<p class=\"\" data-start=\"1533\" data-end=\"1545\"><strong data-start=\"1533\" data-end=\"1545\">Messung:<\/strong><\/p>\n<ul data-start=\"1546\" data-end=\"1605\">\n<li class=\"\" data-start=\"1546\" data-end=\"1576\">\n<p class=\"\" data-start=\"1548\" data-end=\"1576\">Tisch: 200\/260\/320 x 100 cm<\/p>\n<\/li>\n<li class=\"\" data-start=\"1577\" data-end=\"1605\">\n<p class=\"\" data-start=\"1579\" data-end=\"1605\">Stuhl: 56,5 x 55 x 80,5 cm<\/p>\n<\/li>\n<\/ul>\n","protected":false},"excerpt":{"rendered":"<ul>\n<li>Esszimmergarnitur, ausziehbarer Tisch und 8 St\u00fchle<\/li>\n<li>Tisch mit Doppelauszug aus wei\u00dfem Aluminium und Teakholz<\/li>\n<li>Stapelbare St\u00fchle aus wei\u00dfem Polypropylen<\/li>\n<li>Tisch : 200\/260\/320x100cm, Stuhl: 56,5x55x80,5cm<\/li>\n<\/ul>\n","protected":false},"featured_media":176957,"comment_status":"closed","ping_status":"open","template":"","meta":{"_acf_changed":false},"product_brand":[],"product_cat":[3241,3238],"product_tag":[],"class_list":{"0":"post-177659","1":"product","2":"type-product","3":"status-publish","4":"has-post-thumbnail","6":"product_cat-gartentisch-und-stuhlgarnitur","7":"product_cat-speisesale-im-freien","8":"product_shipping_class-envio-gratuito-de","10":"first","11":"instock","12":"sale","13":"purchasable","14":"product-type-simple","15":"add-to-wishlist-before_image"},"acf":[],"yoast_head":"<!-- This site is optimized with the Yoast SEO plugin v27.2 - https:\/\/yoast.com\/product\/yoast-seo-wordpress\/ -->\n<title>Esszimmer f\u00fcr 8 Pl\u00e4tze, wei\u00dfes Aluminium und Polypropylen - Vermont&amp;Ontario - Kerama<\/title>\n<meta name=\"robots\" content=\"index, follow, max-snippet:-1, max-image-preview:large, max-video-preview:-1\" \/>\n<link rel=\"canonical\" href=\"https:\/\/keramamueblesdejardin.com\/de\/speisesale-im-freien\/gartentisch-und-stuhlgarnitur\/esszimmer-8-platze-aluminium-weis-und-polypropylen-vermontontario\/\" \/>\n<meta property=\"og:locale\" content=\"de_DE\" \/>\n<meta property=\"og:type\" content=\"article\" \/>\n<meta property=\"og:title\" content=\"Esszimmer f\u00fcr 8 Pl\u00e4tze, wei\u00dfes Aluminium und Polypropylen - Vermont&amp;Ontario - Kerama\" \/>\n<meta property=\"og:description\" content=\"Esszimmergarnitur, ausziehbarer Tisch und 8 St\u00fchle  Tisch mit Doppelauszug aus wei\u00dfem Aluminium und Teakholz  Stapelbare St\u00fchle aus wei\u00dfem Polypropylen  Tisch : 200\/260\/320x100cm, Stuhl: 56,5x55x80,5cm\" \/>\n<meta property=\"og:url\" content=\"https:\/\/keramamueblesdejardin.com\/de\/speisesale-im-freien\/gartentisch-und-stuhlgarnitur\/esszimmer-8-platze-aluminium-weis-und-polypropylen-vermontontario\/\" \/>\n<meta property=\"og:site_name\" content=\"Kerama\" \/>\n<meta property=\"article:publisher\" content=\"https:\/\/www.facebook.com\/Kerama-Muebles-de-Jard%c3%adn-106209328312568\/\" \/>\n<meta property=\"article:modified_time\" content=\"2025-03-25T16:12:13+00:00\" \/>\n<meta property=\"og:image\" content=\"https:\/\/keramamueblesdejardin.com\/wp-content\/uploads\/2025\/03\/vermont_0098_set-de-comedor-jardin-extensible-8-plazas-blanco.jpg\" \/>\n\t<meta property=\"og:image:width\" content=\"1200\" \/>\n\t<meta property=\"og:image:height\" content=\"1200\" \/>\n\t<meta property=\"og:image:type\" content=\"image\/jpeg\" \/>\n<meta name=\"twitter:card\" content=\"summary_large_image\" \/>\n<meta name=\"twitter:label1\" content=\"Gesch\u00e4tzte Lesezeit\" \/>\n\t<meta name=\"twitter:data1\" content=\"1\u00a0Minute\" \/>\n<script type=\"application\/ld+json\" class=\"yoast-schema-graph\">{\"@context\":\"https:\/\/schema.org\",\"@graph\":[{\"@type\":\"WebPage\",\"@id\":\"https:\/\/keramamueblesdejardin.com\/de\/speisesale-im-freien\/gartentisch-und-stuhlgarnitur\/esszimmer-8-platze-aluminium-weis-und-polypropylen-vermontontario\/\",\"url\":\"https:\/\/keramamueblesdejardin.com\/de\/speisesale-im-freien\/gartentisch-und-stuhlgarnitur\/esszimmer-8-platze-aluminium-weis-und-polypropylen-vermontontario\/\",\"name\":\"Esszimmer f\u00fcr 8 Pl\u00e4tze, wei\u00dfes Aluminium und Polypropylen - Vermont&amp;Ontario - Kerama\",\"isPartOf\":{\"@id\":\"https:\/\/keramamueblesdejardin.com\/de\/#website\"},\"primaryImageOfPage\":{\"@id\":\"https:\/\/keramamueblesdejardin.com\/de\/speisesale-im-freien\/gartentisch-und-stuhlgarnitur\/esszimmer-8-platze-aluminium-weis-und-polypropylen-vermontontario\/#primaryimage\"},\"image\":{\"@id\":\"https:\/\/keramamueblesdejardin.com\/de\/speisesale-im-freien\/gartentisch-und-stuhlgarnitur\/esszimmer-8-platze-aluminium-weis-und-polypropylen-vermontontario\/#primaryimage\"},\"thumbnailUrl\":\"https:\/\/keramamueblesdejardin.com\/wp-content\/uploads\/2025\/03\/vermont_0098_set-de-comedor-jardin-extensible-8-plazas-blanco.jpg\",\"datePublished\":\"2025-03-25T15:12:13+00:00\",\"dateModified\":\"2025-03-25T16:12:13+00:00\",\"breadcrumb\":{\"@id\":\"https:\/\/keramamueblesdejardin.com\/de\/speisesale-im-freien\/gartentisch-und-stuhlgarnitur\/esszimmer-8-platze-aluminium-weis-und-polypropylen-vermontontario\/#breadcrumb\"},\"inLanguage\":\"de\",\"potentialAction\":[{\"@type\":\"ReadAction\",\"target\":[\"https:\/\/keramamueblesdejardin.com\/de\/speisesale-im-freien\/gartentisch-und-stuhlgarnitur\/esszimmer-8-platze-aluminium-weis-und-polypropylen-vermontontario\/\"]}]},{\"@type\":\"ImageObject\",\"inLanguage\":\"de\",\"@id\":\"https:\/\/keramamueblesdejardin.com\/de\/speisesale-im-freien\/gartentisch-und-stuhlgarnitur\/esszimmer-8-platze-aluminium-weis-und-polypropylen-vermontontario\/#primaryimage\",\"url\":\"https:\/\/keramamueblesdejardin.com\/wp-content\/uploads\/2025\/03\/vermont_0098_set-de-comedor-jardin-extensible-8-plazas-blanco.jpg\",\"contentUrl\":\"https:\/\/keramamueblesdejardin.com\/wp-content\/uploads\/2025\/03\/vermont_0098_set-de-comedor-jardin-extensible-8-plazas-blanco.jpg\",\"width\":1200,\"height\":1200},{\"@type\":\"BreadcrumbList\",\"@id\":\"https:\/\/keramamueblesdejardin.com\/de\/speisesale-im-freien\/gartentisch-und-stuhlgarnitur\/esszimmer-8-platze-aluminium-weis-und-polypropylen-vermontontario\/#breadcrumb\",\"itemListElement\":[{\"@type\":\"ListItem\",\"position\":1,\"name\":\"Home\",\"item\":\"https:\/\/keramamueblesdejardin.com\/de\/\"},{\"@type\":\"ListItem\",\"position\":2,\"name\":\"Laden\",\"item\":\"https:\/\/keramamueblesdejardin.com\/de\/laden\/\"},{\"@type\":\"ListItem\",\"position\":3,\"name\":\"Speises\u00e4le im Freien\",\"item\":\"https:\/\/keramamueblesdejardin.com\/de\/speisesale-im-freien\/\"},{\"@type\":\"ListItem\",\"position\":4,\"name\":\"Gartentisch- und Stuhlgarnitur\",\"item\":\"https:\/\/keramamueblesdejardin.com\/de\/speisesale-im-freien\/gartentisch-und-stuhlgarnitur\/\"},{\"@type\":\"ListItem\",\"position\":5,\"name\":\"Esszimmer f\u00fcr 8 Pl\u00e4tze, wei\u00dfes Aluminium und Polypropylen &#8211; Vermont&amp;Ontario\"}]},{\"@type\":\"WebSite\",\"@id\":\"https:\/\/keramamueblesdejardin.com\/de\/#website\",\"url\":\"https:\/\/keramamueblesdejardin.com\/de\/\",\"name\":\"Kerama\",\"description\":\"muebles de jard\u00edn\",\"publisher\":{\"@id\":\"https:\/\/keramamueblesdejardin.com\/de\/#organization\"},\"potentialAction\":[{\"@type\":\"SearchAction\",\"target\":{\"@type\":\"EntryPoint\",\"urlTemplate\":\"https:\/\/keramamueblesdejardin.com\/de\/?s={search_term_string}\"},\"query-input\":{\"@type\":\"PropertyValueSpecification\",\"valueRequired\":true,\"valueName\":\"search_term_string\"}}],\"inLanguage\":\"de\"},{\"@type\":\"Organization\",\"@id\":\"https:\/\/keramamueblesdejardin.com\/de\/#organization\",\"name\":\"kerama\",\"url\":\"https:\/\/keramamueblesdejardin.com\/de\/\",\"logo\":{\"@type\":\"ImageObject\",\"inLanguage\":\"de\",\"@id\":\"https:\/\/keramamueblesdejardin.com\/de\/#\/schema\/logo\/image\/\",\"url\":\"https:\/\/keramamueblesdejardin.com\/wp-content\/uploads\/2020\/12\/k.-scaled.jpg\",\"contentUrl\":\"https:\/\/keramamueblesdejardin.com\/wp-content\/uploads\/2020\/12\/k.-scaled.jpg\",\"width\":2560,\"height\":551,\"caption\":\"kerama\"},\"image\":{\"@id\":\"https:\/\/keramamueblesdejardin.com\/de\/#\/schema\/logo\/image\/\"},\"sameAs\":[\"https:\/\/www.facebook.com\/Kerama-Muebles-de-Jard\u00edn-106209328312568\/\"]}]}<\/script>\n<!-- \/ Yoast SEO plugin. -->","yoast_head_json":{"title":"Esszimmer f\u00fcr 8 Pl\u00e4tze, wei\u00dfes Aluminium und Polypropylen - Vermont&amp;Ontario - Kerama","robots":{"index":"index","follow":"follow","max-snippet":"max-snippet:-1","max-image-preview":"max-image-preview:large","max-video-preview":"max-video-preview:-1"},"canonical":"https:\/\/keramamueblesdejardin.com\/de\/speisesale-im-freien\/gartentisch-und-stuhlgarnitur\/esszimmer-8-platze-aluminium-weis-und-polypropylen-vermontontario\/","og_locale":"de_DE","og_type":"article","og_title":"Esszimmer f\u00fcr 8 Pl\u00e4tze, wei\u00dfes Aluminium und Polypropylen - Vermont&amp;Ontario - Kerama","og_description":"Esszimmergarnitur, ausziehbarer Tisch und 8 St\u00fchle  Tisch mit Doppelauszug aus wei\u00dfem Aluminium und Teakholz  Stapelbare St\u00fchle aus wei\u00dfem Polypropylen  Tisch : 200\/260\/320x100cm, Stuhl: 56,5x55x80,5cm","og_url":"https:\/\/keramamueblesdejardin.com\/de\/speisesale-im-freien\/gartentisch-und-stuhlgarnitur\/esszimmer-8-platze-aluminium-weis-und-polypropylen-vermontontario\/","og_site_name":"Kerama","article_publisher":"https:\/\/www.facebook.com\/Kerama-Muebles-de-Jard%c3%adn-106209328312568\/","article_modified_time":"2025-03-25T16:12:13+00:00","og_image":[{"width":1200,"height":1200,"url":"https:\/\/keramamueblesdejardin.com\/wp-content\/uploads\/2025\/03\/vermont_0098_set-de-comedor-jardin-extensible-8-plazas-blanco.jpg","type":"image\/jpeg"}],"twitter_card":"summary_large_image","twitter_misc":{"Gesch\u00e4tzte Lesezeit":"1\u00a0Minute"},"schema":{"@context":"https:\/\/schema.org","@graph":[{"@type":"WebPage","@id":"https:\/\/keramamueblesdejardin.com\/de\/speisesale-im-freien\/gartentisch-und-stuhlgarnitur\/esszimmer-8-platze-aluminium-weis-und-polypropylen-vermontontario\/","url":"https:\/\/keramamueblesdejardin.com\/de\/speisesale-im-freien\/gartentisch-und-stuhlgarnitur\/esszimmer-8-platze-aluminium-weis-und-polypropylen-vermontontario\/","name":"Esszimmer f\u00fcr 8 Pl\u00e4tze, wei\u00dfes Aluminium und Polypropylen - Vermont&amp;Ontario - Kerama","isPartOf":{"@id":"https:\/\/keramamueblesdejardin.com\/de\/#website"},"primaryImageOfPage":{"@id":"https:\/\/keramamueblesdejardin.com\/de\/speisesale-im-freien\/gartentisch-und-stuhlgarnitur\/esszimmer-8-platze-aluminium-weis-und-polypropylen-vermontontario\/#primaryimage"},"image":{"@id":"https:\/\/keramamueblesdejardin.com\/de\/speisesale-im-freien\/gartentisch-und-stuhlgarnitur\/esszimmer-8-platze-aluminium-weis-und-polypropylen-vermontontario\/#primaryimage"},"thumbnailUrl":"https:\/\/keramamueblesdejardin.com\/wp-content\/uploads\/2025\/03\/vermont_0098_set-de-comedor-jardin-extensible-8-plazas-blanco.jpg","datePublished":"2025-03-25T15:12:13+00:00","dateModified":"2025-03-25T16:12:13+00:00","breadcrumb":{"@id":"https:\/\/keramamueblesdejardin.com\/de\/speisesale-im-freien\/gartentisch-und-stuhlgarnitur\/esszimmer-8-platze-aluminium-weis-und-polypropylen-vermontontario\/#breadcrumb"},"inLanguage":"de","potentialAction":[{"@type":"ReadAction","target":["https:\/\/keramamueblesdejardin.com\/de\/speisesale-im-freien\/gartentisch-und-stuhlgarnitur\/esszimmer-8-platze-aluminium-weis-und-polypropylen-vermontontario\/"]}]},{"@type":"ImageObject","inLanguage":"de","@id":"https:\/\/keramamueblesdejardin.com\/de\/speisesale-im-freien\/gartentisch-und-stuhlgarnitur\/esszimmer-8-platze-aluminium-weis-und-polypropylen-vermontontario\/#primaryimage","url":"https:\/\/keramamueblesdejardin.com\/wp-content\/uploads\/2025\/03\/vermont_0098_set-de-comedor-jardin-extensible-8-plazas-blanco.jpg","contentUrl":"https:\/\/keramamueblesdejardin.com\/wp-content\/uploads\/2025\/03\/vermont_0098_set-de-comedor-jardin-extensible-8-plazas-blanco.jpg","width":1200,"height":1200},{"@type":"BreadcrumbList","@id":"https:\/\/keramamueblesdejardin.com\/de\/speisesale-im-freien\/gartentisch-und-stuhlgarnitur\/esszimmer-8-platze-aluminium-weis-und-polypropylen-vermontontario\/#breadcrumb","itemListElement":[{"@type":"ListItem","position":1,"name":"Home","item":"https:\/\/keramamueblesdejardin.com\/de\/"},{"@type":"ListItem","position":2,"name":"Laden","item":"https:\/\/keramamueblesdejardin.com\/de\/laden\/"},{"@type":"ListItem","position":3,"name":"Speises\u00e4le im Freien","item":"https:\/\/keramamueblesdejardin.com\/de\/speisesale-im-freien\/"},{"@type":"ListItem","position":4,"name":"Gartentisch- und Stuhlgarnitur","item":"https:\/\/keramamueblesdejardin.com\/de\/speisesale-im-freien\/gartentisch-und-stuhlgarnitur\/"},{"@type":"ListItem","position":5,"name":"Esszimmer f\u00fcr 8 Pl\u00e4tze, wei\u00dfes Aluminium und Polypropylen &#8211; Vermont&amp;Ontario"}]},{"@type":"WebSite","@id":"https:\/\/keramamueblesdejardin.com\/de\/#website","url":"https:\/\/keramamueblesdejardin.com\/de\/","name":"Kerama","description":"muebles de jard\u00edn","publisher":{"@id":"https:\/\/keramamueblesdejardin.com\/de\/#organization"},"potentialAction":[{"@type":"SearchAction","target":{"@type":"EntryPoint","urlTemplate":"https:\/\/keramamueblesdejardin.com\/de\/?s={search_term_string}"},"query-input":{"@type":"PropertyValueSpecification","valueRequired":true,"valueName":"search_term_string"}}],"inLanguage":"de"},{"@type":"Organization","@id":"https:\/\/keramamueblesdejardin.com\/de\/#organization","name":"kerama","url":"https:\/\/keramamueblesdejardin.com\/de\/","logo":{"@type":"ImageObject","inLanguage":"de","@id":"https:\/\/keramamueblesdejardin.com\/de\/#\/schema\/logo\/image\/","url":"https:\/\/keramamueblesdejardin.com\/wp-content\/uploads\/2020\/12\/k.-scaled.jpg","contentUrl":"https:\/\/keramamueblesdejardin.com\/wp-content\/uploads\/2020\/12\/k.-scaled.jpg","width":2560,"height":551,"caption":"kerama"},"image":{"@id":"https:\/\/keramamueblesdejardin.com\/de\/#\/schema\/logo\/image\/"},"sameAs":["https:\/\/www.facebook.com\/Kerama-Muebles-de-Jard\u00edn-106209328312568\/"]}]}},"df_price":2029,"df_sale_price":2029,"df_regular_price":2417,"df_image_link":"https:\/\/keramamueblesdejardin.com\/wp-content\/uploads\/2025\/03\/vermont_0098_set-de-comedor-jardin-extensible-8-plazas-blanco-300x300.jpg","custom_tabs":[{"title":"MESSUNG","id":"messung","content":"<div class=\"list\">\n<div class=\"list\"><strong>Hoch: <\/strong>Tisch 76cm \/ Stuhl 80cm<\/div>\n<div class=\"list\"><strong>Breit: <\/strong>Tisch 200\/260\/320cm \/ Stuhl 56,5cm<\/div>\n<div class=\"list\"><strong>Unteres: <\/strong>Tisch 100cm \/ Stuhl 55cm<\/div>\n<\/div>"},{"title":"AUSPACKEN UND MONTIEREN","id":"auspacken-und-montieren","content":"<div class=\"list\"><strong style=\"font-weight: bold; color: #282828;\">Empfehlungen zum<\/strong> Auspacken: <span style=\"color: #282828;\"> Verwenden Sie beim Auspacken der M\u00f6bel keine scharfen Utensilien, da dies zu Besch\u00e4digungen f\u00fchren kann<\/span><br style=\"color: #282828;\"><strong style=\"font-weight: bold; color: #282828;\">Montage erforderlich (ja\/nein):<\/strong><span style=\"color: #282828;\"> Ja<\/span><br style=\"color: #282828;\"><strong style=\"font-weight: bold; color: #282828;\">Schwierigkeit der Montage:<\/strong><span style=\"color: #282828;\"> Leicht<\/span><br style=\"color: #282828;\"><strong style=\"font-weight: bold; color: #282828;\">Montagezeit:<\/strong><span style=\"color: #282828;\"> 20 Minuten<\/span><br style=\"color: #282828;\"><strong style=\"font-weight: bold; color: #282828;\">Empfohlene Personen f\u00fcr die Montage:<\/strong><span style=\"color: #282828;\"> 2<\/span><br style=\"color: #282828;\"><strong style=\"font-weight: bold; color: #282828;\">Montagevorschl\u00e4ge:<\/strong><span style=\"color: #282828;\">  Bereiten Sie einen sauberen und trockenen Montagebereich vor und stellen Sie sicher, dass keines der im Handbuch angegebenen Teile fehlt. Wir empfehlen das Tragen von Montagehandschuhen. Verwenden Sie nur die mitgelieferten Teile und Hardware.<\/span><\/div>"},{"title":"WARTUNG UND GARANTIEN","id":"wartung-und-garantien","content":"<div class=\"moz-signature\">\n<div class=\"list\"><strong>Allgemeine Empfehlungen:<\/strong>\n\u2022 Pannen oder Sch\u00e4den, die verursacht werden durch:\n\u2022 Zuf\u00e4llige Ursachen wie St\u00fcrze, Schl\u00e4ge, Versch\u00fctten von Fl\u00fcssigkeiten, Einbringen von Fremdk\u00f6rpern sowie andere h\u00f6here Gewalt sind von der Garantie ausgeschlossen.\n\u2022 Fahrl\u00e4ssige, unangemessene oder nicht h\u00e4usliche Verwendung.\n\u2022 Besch\u00e4digungen, Korrosion und\/oder Oxidation, die durch ung\u00fcnstige\n Umgebungsbedingungen beschleunigt werden\u2022 Flecken und Verf\u00e4rbungen aufgrund der Nichtbeachtung unserer Reinigungsanweisungen\n\u2022 Sch\u00e4den, die w\u00e4hrend der Montage und Handhabung auftreten, ohne die angegebenen Montageanweisungen befolgt zu haben.\n<strong>Gebrauchs- und Wartungshinweise:<\/strong>\n\u2022 Reinigen Sie vorsichtig mit Hilfe eines Tuchs oder verwenden Sie eine neutrale Fl\u00fcssigseife und sp\u00fclen Sie sie mit viel Wasser ab.\n\u2022 Entfernen Sie Staub regelm\u00e4\u00dfig mit Hilfe eines weichen Tuchs und klarem Wasser.\n\u2022 Verwenden Sie zur Reinigung keine Reinigungsmittel oder Scheuermittel.\nJahre <strong>Garantie: 3 Jahre<\/strong>\n<strong>Hergestellt nach Norm:<\/strong> 581-1.581-2.581-3<\/div>\n<\/div>"}],"_links":{"self":[{"href":"https:\/\/keramamueblesdejardin.com\/de\/wp-json\/wp\/v2\/product\/177659","targetHints":{"allow":["GET"]}}],"collection":[{"href":"https:\/\/keramamueblesdejardin.com\/de\/wp-json\/wp\/v2\/product"}],"about":[{"href":"https:\/\/keramamueblesdejardin.com\/de\/wp-json\/wp\/v2\/types\/product"}],"replies":[{"embeddable":true,"href":"https:\/\/keramamueblesdejardin.com\/de\/wp-json\/wp\/v2\/comments?post=177659"}],"wp:featuredmedia":[{"embeddable":true,"href":"https:\/\/keramamueblesdejardin.com\/de\/wp-json\/wp\/v2\/media\/176957"}],"wp:attachment":[{"href":"https:\/\/keramamueblesdejardin.com\/de\/wp-json\/wp\/v2\/media?parent=177659"}],"wp:term":[{"taxonomy":"product_brand","embeddable":true,"href":"https:\/\/keramamueblesdejardin.com\/de\/wp-json\/wp\/v2\/product_brand?post=177659"},{"taxonomy":"product_cat","embeddable":true,"href":"https:\/\/keramamueblesdejardin.com\/de\/wp-json\/wp\/v2\/product_cat?post=177659"},{"taxonomy":"product_tag","embeddable":true,"href":"https:\/\/keramamueblesdejardin.com\/de\/wp-json\/wp\/v2\/product_tag?post=177659"}],"curies":[{"name":"wp","href":"https:\/\/api.w.org\/{rel}","templated":true}]}}