{"id":176606,"date":"2025-03-21T08:56:51","date_gmt":"2025-03-21T07:56:51","guid":{"rendered":"https:\/\/keramamueblesdejardin.com\/unkategorisiert\/balinesisches-bett-aus-aluminium-beige-liro\/"},"modified":"2025-03-28T14:19:34","modified_gmt":"2025-03-28T13:19:34","slug":"beige-lyra-aluminium-balinesisches-bett","status":"publish","type":"product","link":"https:\/\/keramamueblesdejardin.com\/de\/liegestuhle-und-ruhe\/balinesische-betten\/beige-lyra-aluminium-balinesisches-bett\/","title":{"rendered":"Balinesisches Bett aus Aluminium beige &#8211; Liro"},"content":{"rendered":"<p>Das balinesische Bett Lira ist eine elegante und funktionale Option f\u00fcr Terrassen, Hotels, Strandclubs und Schwimmb\u00e4der und bietet einen exklusiven Entspannungsbereich im Freien. Seine Struktur besteht aus beigem Aluminium und bietet ein warmes und zeitloses Design sowie eine hohe Witterungsbest\u00e4ndigkeit und einfache Wartung. Die Decke und die Vorh\u00e4nge sind mit PU (Polyurethan) behandelt, einer Beschichtung, die vor Feuchtigkeit, UV-Strahlen und Schmutzablagerungen sch\u00fctzt und den Schlafbereich mit minimalem Aufwand in perfektem Zustand h\u00e4lt. Sein wasserdichtes und schnell trocknendes Gewebe erm\u00f6glicht den Einsatz bei jedem Wetter. Die Vorh\u00e4nge sind verschiebbar und k\u00f6nnen in Position gebracht werden. Das ergonomische Design erm\u00f6glicht es, sowohl die Kopfst\u00fctze als auch die F\u00fc\u00dfe zur\u00fcckzulehnen und sich f\u00fcr optimalen Komfort an verschiedene Positionen anzupassen. Die Basis aus beigem Textilene ist sehr widerstandsf\u00e4hig und atmungsaktiv, so dass sie auf Wunsch ohne Kissen verwendet werden kann. Die Kissen in Beiget\u00f6nen haben eine Dicke von 5 cm und bestehen aus Baumwolle mit abnehmbaren Bez\u00fcgen, die ihre Reinigung und Pflege erleichtern. Ein ideales St\u00fcck f\u00fcr alle, die Komfort und Stil im Au\u00dfenbereich kombinieren m\u00f6chten.<br \/>\nMa\u00dfe: 213x150x190 cm     <\/p>\n","protected":false},"excerpt":{"rendered":"<ul>\n<li>Balinesisches Bett mit beigen Vorh\u00e4ngen<\/li>\n<li>Beige Struktur und Textur<\/li>\n<li>Beige Kissen<\/li>\n<li>Ma\u00dfe: 213x150x196cm<\/li>\n<\/ul>\n","protected":false},"featured_media":176578,"comment_status":"closed","ping_status":"open","template":"","meta":{"_acf_changed":false},"product_brand":[],"product_cat":[3243,3236],"product_tag":[],"class_list":{"0":"post-176606","1":"product","2":"type-product","3":"status-publish","4":"has-post-thumbnail","6":"product_cat-balinesische-betten","7":"product_cat-liegestuhle-und-ruhe","8":"product_shipping_class-envio-gratuito-de","10":"first","11":"instock","12":"sale","13":"purchasable","14":"product-type-simple","15":"add-to-wishlist-before_image"},"acf":[],"yoast_head":"<!-- This site is optimized with the Yoast SEO plugin v27.4 - https:\/\/yoast.com\/product\/yoast-seo-wordpress\/ -->\n<title>Balinesisches Bett aus Aluminium beige - Liro - Kerama<\/title>\n<meta name=\"robots\" content=\"index, follow, max-snippet:-1, max-image-preview:large, max-video-preview:-1\" \/>\n<link rel=\"canonical\" href=\"https:\/\/keramamueblesdejardin.com\/de\/liegestuhle-und-ruhe\/balinesische-betten\/beige-lyra-aluminium-balinesisches-bett\/\" \/>\n<meta property=\"og:locale\" content=\"de_DE\" \/>\n<meta property=\"og:type\" content=\"article\" \/>\n<meta property=\"og:title\" content=\"Balinesisches Bett aus Aluminium beige - Liro - Kerama\" \/>\n<meta property=\"og:description\" content=\"Balinesisches Bett mit beigen Vorh\u00e4ngen Beige Struktur und Textur Beige Kissen Ma\u00dfe: 213x150x196cm\" \/>\n<meta property=\"og:url\" content=\"https:\/\/keramamueblesdejardin.com\/de\/liegestuhle-und-ruhe\/balinesische-betten\/beige-lyra-aluminium-balinesisches-bett\/\" \/>\n<meta property=\"og:site_name\" content=\"Kerama\" \/>\n<meta property=\"article:publisher\" content=\"https:\/\/www.facebook.com\/Kerama-Muebles-de-Jard%c3%adn-106209328312568\/\" \/>\n<meta property=\"article:modified_time\" content=\"2025-03-28T13:19:34+00:00\" \/>\n<meta property=\"og:image\" content=\"https:\/\/keramamueblesdejardin.com\/wp-content\/uploads\/2025\/03\/cama-balinesa-lira.jpg\" \/>\n\t<meta property=\"og:image:width\" content=\"1200\" \/>\n\t<meta property=\"og:image:height\" content=\"1200\" \/>\n\t<meta property=\"og:image:type\" content=\"image\/jpeg\" \/>\n<meta name=\"twitter:card\" content=\"summary_large_image\" \/>\n<meta name=\"twitter:label1\" content=\"Gesch\u00e4tzte Lesezeit\" \/>\n\t<meta name=\"twitter:data1\" content=\"1\u00a0Minute\" \/>\n<script type=\"application\/ld+json\" class=\"yoast-schema-graph\">{\"@context\":\"https:\\\/\\\/schema.org\",\"@graph\":[{\"@type\":\"WebPage\",\"@id\":\"https:\\\/\\\/keramamueblesdejardin.com\\\/de\\\/liegestuhle-und-ruhe\\\/balinesische-betten\\\/beige-lyra-aluminium-balinesisches-bett\\\/\",\"url\":\"https:\\\/\\\/keramamueblesdejardin.com\\\/de\\\/liegestuhle-und-ruhe\\\/balinesische-betten\\\/beige-lyra-aluminium-balinesisches-bett\\\/\",\"name\":\"Balinesisches Bett aus Aluminium beige - Liro - Kerama\",\"isPartOf\":{\"@id\":\"https:\\\/\\\/keramamueblesdejardin.com\\\/de\\\/#website\"},\"primaryImageOfPage\":{\"@id\":\"https:\\\/\\\/keramamueblesdejardin.com\\\/de\\\/liegestuhle-und-ruhe\\\/balinesische-betten\\\/beige-lyra-aluminium-balinesisches-bett\\\/#primaryimage\"},\"image\":{\"@id\":\"https:\\\/\\\/keramamueblesdejardin.com\\\/de\\\/liegestuhle-und-ruhe\\\/balinesische-betten\\\/beige-lyra-aluminium-balinesisches-bett\\\/#primaryimage\"},\"thumbnailUrl\":\"https:\\\/\\\/keramamueblesdejardin.com\\\/wp-content\\\/uploads\\\/2025\\\/03\\\/cama-balinesa-lira.jpg\",\"datePublished\":\"2025-03-21T07:56:51+00:00\",\"dateModified\":\"2025-03-28T13:19:34+00:00\",\"breadcrumb\":{\"@id\":\"https:\\\/\\\/keramamueblesdejardin.com\\\/de\\\/liegestuhle-und-ruhe\\\/balinesische-betten\\\/beige-lyra-aluminium-balinesisches-bett\\\/#breadcrumb\"},\"inLanguage\":\"de\",\"potentialAction\":[{\"@type\":\"ReadAction\",\"target\":[\"https:\\\/\\\/keramamueblesdejardin.com\\\/de\\\/liegestuhle-und-ruhe\\\/balinesische-betten\\\/beige-lyra-aluminium-balinesisches-bett\\\/\"]}]},{\"@type\":\"ImageObject\",\"inLanguage\":\"de\",\"@id\":\"https:\\\/\\\/keramamueblesdejardin.com\\\/de\\\/liegestuhle-und-ruhe\\\/balinesische-betten\\\/beige-lyra-aluminium-balinesisches-bett\\\/#primaryimage\",\"url\":\"https:\\\/\\\/keramamueblesdejardin.com\\\/wp-content\\\/uploads\\\/2025\\\/03\\\/cama-balinesa-lira.jpg\",\"contentUrl\":\"https:\\\/\\\/keramamueblesdejardin.com\\\/wp-content\\\/uploads\\\/2025\\\/03\\\/cama-balinesa-lira.jpg\",\"width\":1200,\"height\":1200},{\"@type\":\"BreadcrumbList\",\"@id\":\"https:\\\/\\\/keramamueblesdejardin.com\\\/de\\\/liegestuhle-und-ruhe\\\/balinesische-betten\\\/beige-lyra-aluminium-balinesisches-bett\\\/#breadcrumb\",\"itemListElement\":[{\"@type\":\"ListItem\",\"position\":1,\"name\":\"Home\",\"item\":\"https:\\\/\\\/keramamueblesdejardin.com\\\/de\\\/\"},{\"@type\":\"ListItem\",\"position\":2,\"name\":\"Laden\",\"item\":\"https:\\\/\\\/keramamueblesdejardin.com\\\/de\\\/laden\\\/\"},{\"@type\":\"ListItem\",\"position\":3,\"name\":\"Liegest\u00fchle und Ruhe\",\"item\":\"https:\\\/\\\/keramamueblesdejardin.com\\\/de\\\/liegestuhle-und-ruhe\\\/\"},{\"@type\":\"ListItem\",\"position\":4,\"name\":\"Balinesische Betten\",\"item\":\"https:\\\/\\\/keramamueblesdejardin.com\\\/de\\\/liegestuhle-und-ruhe\\\/balinesische-betten\\\/\"},{\"@type\":\"ListItem\",\"position\":5,\"name\":\"Balinesisches Bett aus Aluminium beige &#8211; Liro\"}]},{\"@type\":\"WebSite\",\"@id\":\"https:\\\/\\\/keramamueblesdejardin.com\\\/de\\\/#website\",\"url\":\"https:\\\/\\\/keramamueblesdejardin.com\\\/de\\\/\",\"name\":\"Kerama\",\"description\":\"muebles de jard\u00edn\",\"publisher\":{\"@id\":\"https:\\\/\\\/keramamueblesdejardin.com\\\/de\\\/#organization\"},\"potentialAction\":[{\"@type\":\"SearchAction\",\"target\":{\"@type\":\"EntryPoint\",\"urlTemplate\":\"https:\\\/\\\/keramamueblesdejardin.com\\\/de\\\/?s={search_term_string}\"},\"query-input\":{\"@type\":\"PropertyValueSpecification\",\"valueRequired\":true,\"valueName\":\"search_term_string\"}}],\"inLanguage\":\"de\"},{\"@type\":\"Organization\",\"@id\":\"https:\\\/\\\/keramamueblesdejardin.com\\\/de\\\/#organization\",\"name\":\"kerama\",\"url\":\"https:\\\/\\\/keramamueblesdejardin.com\\\/de\\\/\",\"logo\":{\"@type\":\"ImageObject\",\"inLanguage\":\"de\",\"@id\":\"https:\\\/\\\/keramamueblesdejardin.com\\\/de\\\/#\\\/schema\\\/logo\\\/image\\\/\",\"url\":\"https:\\\/\\\/keramamueblesdejardin.com\\\/wp-content\\\/uploads\\\/2020\\\/12\\\/k.-scaled.jpg\",\"contentUrl\":\"https:\\\/\\\/keramamueblesdejardin.com\\\/wp-content\\\/uploads\\\/2020\\\/12\\\/k.-scaled.jpg\",\"width\":2560,\"height\":551,\"caption\":\"kerama\"},\"image\":{\"@id\":\"https:\\\/\\\/keramamueblesdejardin.com\\\/de\\\/#\\\/schema\\\/logo\\\/image\\\/\"},\"sameAs\":[\"https:\\\/\\\/www.facebook.com\\\/Kerama-Muebles-de-Jard\u00edn-106209328312568\\\/\"]}]}<\/script>\n<!-- \/ Yoast SEO plugin. -->","yoast_head_json":{"title":"Balinesisches Bett aus Aluminium beige - Liro - Kerama","robots":{"index":"index","follow":"follow","max-snippet":"max-snippet:-1","max-image-preview":"max-image-preview:large","max-video-preview":"max-video-preview:-1"},"canonical":"https:\/\/keramamueblesdejardin.com\/de\/liegestuhle-und-ruhe\/balinesische-betten\/beige-lyra-aluminium-balinesisches-bett\/","og_locale":"de_DE","og_type":"article","og_title":"Balinesisches Bett aus Aluminium beige - Liro - Kerama","og_description":"Balinesisches Bett mit beigen Vorh\u00e4ngen Beige Struktur und Textur Beige Kissen Ma\u00dfe: 213x150x196cm","og_url":"https:\/\/keramamueblesdejardin.com\/de\/liegestuhle-und-ruhe\/balinesische-betten\/beige-lyra-aluminium-balinesisches-bett\/","og_site_name":"Kerama","article_publisher":"https:\/\/www.facebook.com\/Kerama-Muebles-de-Jard%c3%adn-106209328312568\/","article_modified_time":"2025-03-28T13:19:34+00:00","og_image":[{"width":1200,"height":1200,"url":"https:\/\/keramamueblesdejardin.com\/wp-content\/uploads\/2025\/03\/cama-balinesa-lira.jpg","type":"image\/jpeg"}],"twitter_card":"summary_large_image","twitter_misc":{"Gesch\u00e4tzte Lesezeit":"1\u00a0Minute"},"schema":{"@context":"https:\/\/schema.org","@graph":[{"@type":"WebPage","@id":"https:\/\/keramamueblesdejardin.com\/de\/liegestuhle-und-ruhe\/balinesische-betten\/beige-lyra-aluminium-balinesisches-bett\/","url":"https:\/\/keramamueblesdejardin.com\/de\/liegestuhle-und-ruhe\/balinesische-betten\/beige-lyra-aluminium-balinesisches-bett\/","name":"Balinesisches Bett aus Aluminium beige - Liro - Kerama","isPartOf":{"@id":"https:\/\/keramamueblesdejardin.com\/de\/#website"},"primaryImageOfPage":{"@id":"https:\/\/keramamueblesdejardin.com\/de\/liegestuhle-und-ruhe\/balinesische-betten\/beige-lyra-aluminium-balinesisches-bett\/#primaryimage"},"image":{"@id":"https:\/\/keramamueblesdejardin.com\/de\/liegestuhle-und-ruhe\/balinesische-betten\/beige-lyra-aluminium-balinesisches-bett\/#primaryimage"},"thumbnailUrl":"https:\/\/keramamueblesdejardin.com\/wp-content\/uploads\/2025\/03\/cama-balinesa-lira.jpg","datePublished":"2025-03-21T07:56:51+00:00","dateModified":"2025-03-28T13:19:34+00:00","breadcrumb":{"@id":"https:\/\/keramamueblesdejardin.com\/de\/liegestuhle-und-ruhe\/balinesische-betten\/beige-lyra-aluminium-balinesisches-bett\/#breadcrumb"},"inLanguage":"de","potentialAction":[{"@type":"ReadAction","target":["https:\/\/keramamueblesdejardin.com\/de\/liegestuhle-und-ruhe\/balinesische-betten\/beige-lyra-aluminium-balinesisches-bett\/"]}]},{"@type":"ImageObject","inLanguage":"de","@id":"https:\/\/keramamueblesdejardin.com\/de\/liegestuhle-und-ruhe\/balinesische-betten\/beige-lyra-aluminium-balinesisches-bett\/#primaryimage","url":"https:\/\/keramamueblesdejardin.com\/wp-content\/uploads\/2025\/03\/cama-balinesa-lira.jpg","contentUrl":"https:\/\/keramamueblesdejardin.com\/wp-content\/uploads\/2025\/03\/cama-balinesa-lira.jpg","width":1200,"height":1200},{"@type":"BreadcrumbList","@id":"https:\/\/keramamueblesdejardin.com\/de\/liegestuhle-und-ruhe\/balinesische-betten\/beige-lyra-aluminium-balinesisches-bett\/#breadcrumb","itemListElement":[{"@type":"ListItem","position":1,"name":"Home","item":"https:\/\/keramamueblesdejardin.com\/de\/"},{"@type":"ListItem","position":2,"name":"Laden","item":"https:\/\/keramamueblesdejardin.com\/de\/laden\/"},{"@type":"ListItem","position":3,"name":"Liegest\u00fchle und Ruhe","item":"https:\/\/keramamueblesdejardin.com\/de\/liegestuhle-und-ruhe\/"},{"@type":"ListItem","position":4,"name":"Balinesische Betten","item":"https:\/\/keramamueblesdejardin.com\/de\/liegestuhle-und-ruhe\/balinesische-betten\/"},{"@type":"ListItem","position":5,"name":"Balinesisches Bett aus Aluminium beige &#8211; Liro"}]},{"@type":"WebSite","@id":"https:\/\/keramamueblesdejardin.com\/de\/#website","url":"https:\/\/keramamueblesdejardin.com\/de\/","name":"Kerama","description":"muebles de jard\u00edn","publisher":{"@id":"https:\/\/keramamueblesdejardin.com\/de\/#organization"},"potentialAction":[{"@type":"SearchAction","target":{"@type":"EntryPoint","urlTemplate":"https:\/\/keramamueblesdejardin.com\/de\/?s={search_term_string}"},"query-input":{"@type":"PropertyValueSpecification","valueRequired":true,"valueName":"search_term_string"}}],"inLanguage":"de"},{"@type":"Organization","@id":"https:\/\/keramamueblesdejardin.com\/de\/#organization","name":"kerama","url":"https:\/\/keramamueblesdejardin.com\/de\/","logo":{"@type":"ImageObject","inLanguage":"de","@id":"https:\/\/keramamueblesdejardin.com\/de\/#\/schema\/logo\/image\/","url":"https:\/\/keramamueblesdejardin.com\/wp-content\/uploads\/2020\/12\/k.-scaled.jpg","contentUrl":"https:\/\/keramamueblesdejardin.com\/wp-content\/uploads\/2020\/12\/k.-scaled.jpg","width":2560,"height":551,"caption":"kerama"},"image":{"@id":"https:\/\/keramamueblesdejardin.com\/de\/#\/schema\/logo\/image\/"},"sameAs":["https:\/\/www.facebook.com\/Kerama-Muebles-de-Jard\u00edn-106209328312568\/"]}]}},"df_price":1459,"df_sale_price":1459,"df_regular_price":1740,"df_image_link":"https:\/\/keramamueblesdejardin.com\/wp-content\/uploads\/2025\/03\/cama-balinesa-lira-300x300.jpg","custom_tabs":[{"title":"MESSUNG","id":"messung","content":"<div class=\"list\"><strong>H\u00f6he: <\/strong> 196cm<\/div>\n<div class=\"list\"><strong>Breite: <\/strong> 213cm<\/div>\n<div class=\"list\"><strong>Tiefe: <\/strong> 150cm<\/div>"},{"title":"AUSPACKEN UND MONTIEREN","id":"auspacken-und-montieren","content":"<div class=\"list\"><strong style=\"font-weight: bold; color: #282828;\">Empfehlungen zum Auspacken:<\/strong><span style=\"color: #282828;\"> Verwenden Sie beim Auspacken der M\u00f6bel keine scharfen Utensilien, da diese Sch\u00e4den verursachen k\u00f6nnten<\/span><br style=\"color: #282828;\"><strong style=\"font-weight: bold; color: #282828;\">Montage erforderlich (ja\/nein):<\/strong><span style=\"color: #282828;\"> Ja<\/span><br style=\"color: #282828;\"><strong style=\"font-weight: bold; color: #282828;\">Schwierigkeit der Installation:<\/strong><span style=\"color: #282828;\"> Niedrig<\/span><br style=\"color: #282828;\"><strong style=\"font-weight: bold; color: #282828;\">Montagezeit:<\/strong><span style=\"color: #282828;\"> 40 Minuten<\/span><br style=\"color: #282828;\"><strong style=\"font-weight: bold; color: #282828;\">Empfohlene Personen f\u00fcr die Montage:<\/strong><span style=\"color: #282828;\"> 2<\/span><\/div>"},{"title":"WARTUNG UND GARANTIEN","id":"wartung-und-garantien","content":"<div class=\"moz-signature\">\n<div class=\"list\"><strong>Allgemeine Empfehlungen:<\/strong>\n\u2022 Pannen oder Sch\u00e4den, die verursacht werden durch:\n\u2022 Zuf\u00e4llige Ursachen wie St\u00fcrze, Schl\u00e4ge, Versch\u00fctten von Fl\u00fcssigkeiten, Einbringen von Fremdk\u00f6rpern sowie andere h\u00f6here Gewalt sind von der Garantie ausgeschlossen.\n\u2022 Fahrl\u00e4ssige, unangemessene oder nicht h\u00e4usliche Verwendung.\n\u2022 Besch\u00e4digungen, Korrosion und\/oder Oxidation, die durch ung\u00fcnstige\n Umgebungsbedingungen beschleunigt werden\u2022 Flecken und Verf\u00e4rbungen aufgrund der Nichtbeachtung unserer Reinigungsanweisungen\n\u2022 Sch\u00e4den, die w\u00e4hrend der Montage und Handhabung auftreten, ohne die angegebenen Montageanweisungen befolgt zu haben.\n<strong>Gebrauchs- und Wartungshinweise:<\/strong>\n\u2022 Reinigen Sie vorsichtig mit Hilfe eines Tuchs oder verwenden Sie eine neutrale Fl\u00fcssigseife und sp\u00fclen Sie sie mit viel Wasser ab.\n\u2022 Entfernen Sie Staub regelm\u00e4\u00dfig mit Hilfe eines weichen Tuchs und klarem Wasser.\n\u2022 Verwenden Sie zur Reinigung keine Reinigungsmittel oder Scheuermittel.\nJahre <strong>Garantie: 3 Jahre<\/strong>\n<strong>Hergestellt nach Norm:<\/strong> 581-1.581-2.581-3<\/div>\n<\/div>"}],"_links":{"self":[{"href":"https:\/\/keramamueblesdejardin.com\/de\/wp-json\/wp\/v2\/product\/176606","targetHints":{"allow":["GET"]}}],"collection":[{"href":"https:\/\/keramamueblesdejardin.com\/de\/wp-json\/wp\/v2\/product"}],"about":[{"href":"https:\/\/keramamueblesdejardin.com\/de\/wp-json\/wp\/v2\/types\/product"}],"replies":[{"embeddable":true,"href":"https:\/\/keramamueblesdejardin.com\/de\/wp-json\/wp\/v2\/comments?post=176606"}],"wp:featuredmedia":[{"embeddable":true,"href":"https:\/\/keramamueblesdejardin.com\/de\/wp-json\/wp\/v2\/media\/176578"}],"wp:attachment":[{"href":"https:\/\/keramamueblesdejardin.com\/de\/wp-json\/wp\/v2\/media?parent=176606"}],"wp:term":[{"taxonomy":"product_brand","embeddable":true,"href":"https:\/\/keramamueblesdejardin.com\/de\/wp-json\/wp\/v2\/product_brand?post=176606"},{"taxonomy":"product_cat","embeddable":true,"href":"https:\/\/keramamueblesdejardin.com\/de\/wp-json\/wp\/v2\/product_cat?post=176606"},{"taxonomy":"product_tag","embeddable":true,"href":"https:\/\/keramamueblesdejardin.com\/de\/wp-json\/wp\/v2\/product_tag?post=176606"}],"curies":[{"name":"wp","href":"https:\/\/api.w.org\/{rel}","templated":true}]}}