{"id":176438,"date":"2024-04-02T16:05:10","date_gmt":"2024-04-02T14:05:10","guid":{"rendered":"https:\/\/keramamueblesdejardin.com\/unkategorisiert\/gartenkoffer-mit-raedern-141x73x74cm-anthrazit-aluminium-protech\/"},"modified":"2024-04-02T16:05:10","modified_gmt":"2024-04-02T14:05:10","slug":"garten-kofferraum-mit-radern-141x73x74cm-aluminium-anthrazit-protech","status":"publish","type":"product","link":"https:\/\/keramamueblesdejardin.com\/de\/exterieur-zubehor\/garten-kofferraum-mit-radern-141x73x74cm-aluminium-anthrazit-protech\/","title":{"rendered":"Gartenkoffer mit R\u00e4dern 141x73x74cm anthrazit Aluminium &#8211; protech"},"content":{"rendered":"<p>Anthrazitfarbener Gartenstamm aus Aluminium. Es verf\u00fcgt \u00fcber R\u00e4der und einen Griff f\u00fcr einfachen Transport und Bewegung sowie ein Schloss f\u00fcr ein Vorh\u00e4ngeschloss. Es verf\u00fcgt auch \u00fcber ein System von hydraulischen Scharnieren zum \u00d6ffnen und Schlie\u00dfen. Sie k\u00f6nnen jede Art von Gegenst\u00e4nden aufbewahren, es ist ideal f\u00fcr die Aufbewahrung von Sitzkissen, Sonnenliegen, Klappst\u00fchlen, Spielzeug, Sport- und Campingger\u00e4ten, Werkzeugen&#8230; Ma\u00dfe: 141x43x74cm    <\/p>\n","protected":false},"excerpt":{"rendered":"<ul>\n<li>Gartenkofferraum mit R\u00e4dern<\/li>\n<li>Gestell aus anthrazitfarbenem Aluminium<\/li>\n<li>Widerstandsf\u00e4hig gegen die Au\u00dfenseite mit hydraulisch \u00f6ffnenden Scharnieren<\/li>\n<li>Ma\u00dfe: 141x43x74cm<\/li>\n<\/ul>\n","protected":false},"featured_media":157779,"comment_status":"closed","ping_status":"closed","template":"","meta":{"_acf_changed":false},"product_brand":[],"product_cat":[3271],"product_tag":[3376,5856],"class_list":{"0":"post-176438","1":"product","2":"type-product","3":"status-publish","4":"has-post-thumbnail","6":"product_cat-exterieur-zubehor","7":"product_tag-aluminium-de","8":"product_tag-protech-de","9":"product_shipping_class-envio-gratuito-de","10":"pa_alto-74-de","11":"pa_ancho-73-de","12":"pa_coleccion-protech-de","13":"pa_forma-rechteckig","14":"pa_largo-141-de","15":"pa_material-aluminium","17":"first","18":"instock","19":"sale","20":"purchasable","21":"product-type-simple","22":"add-to-wishlist-before_image"},"acf":[],"yoast_head":"<!-- This site is optimized with the Yoast SEO plugin v27.2 - https:\/\/yoast.com\/product\/yoast-seo-wordpress\/ -->\n<title>Gartenkoffer mit R\u00e4dern 141x73x74cm anthrazit Aluminium - protech - Kerama<\/title>\n<meta name=\"robots\" content=\"index, follow, max-snippet:-1, max-image-preview:large, max-video-preview:-1\" \/>\n<link rel=\"canonical\" href=\"https:\/\/keramamueblesdejardin.com\/de\/exterieur-zubehor\/garten-kofferraum-mit-radern-141x73x74cm-aluminium-anthrazit-protech\/\" \/>\n<meta property=\"og:locale\" content=\"de_DE\" \/>\n<meta property=\"og:type\" content=\"article\" \/>\n<meta property=\"og:title\" content=\"Gartenkoffer mit R\u00e4dern 141x73x74cm anthrazit Aluminium - protech - Kerama\" \/>\n<meta property=\"og:description\" content=\"Gartenkofferraum mit R\u00e4dern  Gestell aus anthrazitfarbenem Aluminium  Widerstandsf\u00e4hig gegen die Au\u00dfenseite mit hydraulisch \u00f6ffnenden Scharnieren  Ma\u00dfe: 141x43x74cm\" \/>\n<meta property=\"og:url\" content=\"https:\/\/keramamueblesdejardin.com\/de\/exterieur-zubehor\/garten-kofferraum-mit-radern-141x73x74cm-aluminium-anthrazit-protech\/\" \/>\n<meta property=\"og:site_name\" content=\"Kerama\" \/>\n<meta property=\"article:publisher\" content=\"https:\/\/www.facebook.com\/Kerama-Muebles-de-Jard%c3%adn-106209328312568\/\" \/>\n<meta property=\"og:image\" content=\"https:\/\/keramamueblesdejardin.com\/wp-content\/uploads\/2024\/04\/baul-antra-1-scaled.jpg\" \/>\n\t<meta property=\"og:image:width\" content=\"2560\" \/>\n\t<meta property=\"og:image:height\" content=\"2560\" \/>\n\t<meta property=\"og:image:type\" content=\"image\/jpeg\" \/>\n<meta name=\"twitter:card\" content=\"summary_large_image\" \/>\n<script type=\"application\/ld+json\" class=\"yoast-schema-graph\">{\"@context\":\"https:\/\/schema.org\",\"@graph\":[{\"@type\":\"WebPage\",\"@id\":\"https:\/\/keramamueblesdejardin.com\/de\/exterieur-zubehor\/garten-kofferraum-mit-radern-141x73x74cm-aluminium-anthrazit-protech\/\",\"url\":\"https:\/\/keramamueblesdejardin.com\/de\/exterieur-zubehor\/garten-kofferraum-mit-radern-141x73x74cm-aluminium-anthrazit-protech\/\",\"name\":\"Gartenkoffer mit R\u00e4dern 141x73x74cm anthrazit Aluminium - protech - Kerama\",\"isPartOf\":{\"@id\":\"https:\/\/keramamueblesdejardin.com\/de\/#website\"},\"primaryImageOfPage\":{\"@id\":\"https:\/\/keramamueblesdejardin.com\/de\/exterieur-zubehor\/garten-kofferraum-mit-radern-141x73x74cm-aluminium-anthrazit-protech\/#primaryimage\"},\"image\":{\"@id\":\"https:\/\/keramamueblesdejardin.com\/de\/exterieur-zubehor\/garten-kofferraum-mit-radern-141x73x74cm-aluminium-anthrazit-protech\/#primaryimage\"},\"thumbnailUrl\":\"https:\/\/keramamueblesdejardin.com\/wp-content\/uploads\/2024\/04\/baul-antra-1-scaled.jpg\",\"datePublished\":\"2024-04-02T14:05:10+00:00\",\"breadcrumb\":{\"@id\":\"https:\/\/keramamueblesdejardin.com\/de\/exterieur-zubehor\/garten-kofferraum-mit-radern-141x73x74cm-aluminium-anthrazit-protech\/#breadcrumb\"},\"inLanguage\":\"de\",\"potentialAction\":[{\"@type\":\"ReadAction\",\"target\":[\"https:\/\/keramamueblesdejardin.com\/de\/exterieur-zubehor\/garten-kofferraum-mit-radern-141x73x74cm-aluminium-anthrazit-protech\/\"]}]},{\"@type\":\"ImageObject\",\"inLanguage\":\"de\",\"@id\":\"https:\/\/keramamueblesdejardin.com\/de\/exterieur-zubehor\/garten-kofferraum-mit-radern-141x73x74cm-aluminium-anthrazit-protech\/#primaryimage\",\"url\":\"https:\/\/keramamueblesdejardin.com\/wp-content\/uploads\/2024\/04\/baul-antra-1-scaled.jpg\",\"contentUrl\":\"https:\/\/keramamueblesdejardin.com\/wp-content\/uploads\/2024\/04\/baul-antra-1-scaled.jpg\",\"width\":2560,\"height\":2560},{\"@type\":\"BreadcrumbList\",\"@id\":\"https:\/\/keramamueblesdejardin.com\/de\/exterieur-zubehor\/garten-kofferraum-mit-radern-141x73x74cm-aluminium-anthrazit-protech\/#breadcrumb\",\"itemListElement\":[{\"@type\":\"ListItem\",\"position\":1,\"name\":\"Home\",\"item\":\"https:\/\/keramamueblesdejardin.com\/de\/\"},{\"@type\":\"ListItem\",\"position\":2,\"name\":\"Laden\",\"item\":\"https:\/\/keramamueblesdejardin.com\/de\/laden\/\"},{\"@type\":\"ListItem\",\"position\":3,\"name\":\"Exterieur-Zubeh\u00f6r\",\"item\":\"https:\/\/keramamueblesdejardin.com\/de\/exterieur-zubehor\/\"},{\"@type\":\"ListItem\",\"position\":4,\"name\":\"Gartenkoffer mit R\u00e4dern 141x73x74cm anthrazit Aluminium &#8211; protech\"}]},{\"@type\":\"WebSite\",\"@id\":\"https:\/\/keramamueblesdejardin.com\/de\/#website\",\"url\":\"https:\/\/keramamueblesdejardin.com\/de\/\",\"name\":\"Kerama\",\"description\":\"muebles de jard\u00edn\",\"publisher\":{\"@id\":\"https:\/\/keramamueblesdejardin.com\/de\/#organization\"},\"potentialAction\":[{\"@type\":\"SearchAction\",\"target\":{\"@type\":\"EntryPoint\",\"urlTemplate\":\"https:\/\/keramamueblesdejardin.com\/de\/?s={search_term_string}\"},\"query-input\":{\"@type\":\"PropertyValueSpecification\",\"valueRequired\":true,\"valueName\":\"search_term_string\"}}],\"inLanguage\":\"de\"},{\"@type\":\"Organization\",\"@id\":\"https:\/\/keramamueblesdejardin.com\/de\/#organization\",\"name\":\"kerama\",\"url\":\"https:\/\/keramamueblesdejardin.com\/de\/\",\"logo\":{\"@type\":\"ImageObject\",\"inLanguage\":\"de\",\"@id\":\"https:\/\/keramamueblesdejardin.com\/de\/#\/schema\/logo\/image\/\",\"url\":\"https:\/\/keramamueblesdejardin.com\/wp-content\/uploads\/2020\/12\/k.-scaled.jpg\",\"contentUrl\":\"https:\/\/keramamueblesdejardin.com\/wp-content\/uploads\/2020\/12\/k.-scaled.jpg\",\"width\":2560,\"height\":551,\"caption\":\"kerama\"},\"image\":{\"@id\":\"https:\/\/keramamueblesdejardin.com\/de\/#\/schema\/logo\/image\/\"},\"sameAs\":[\"https:\/\/www.facebook.com\/Kerama-Muebles-de-Jard\u00edn-106209328312568\/\"]}]}<\/script>\n<!-- \/ Yoast SEO plugin. -->","yoast_head_json":{"title":"Gartenkoffer mit R\u00e4dern 141x73x74cm anthrazit Aluminium - protech - Kerama","robots":{"index":"index","follow":"follow","max-snippet":"max-snippet:-1","max-image-preview":"max-image-preview:large","max-video-preview":"max-video-preview:-1"},"canonical":"https:\/\/keramamueblesdejardin.com\/de\/exterieur-zubehor\/garten-kofferraum-mit-radern-141x73x74cm-aluminium-anthrazit-protech\/","og_locale":"de_DE","og_type":"article","og_title":"Gartenkoffer mit R\u00e4dern 141x73x74cm anthrazit Aluminium - protech - Kerama","og_description":"Gartenkofferraum mit R\u00e4dern  Gestell aus anthrazitfarbenem Aluminium  Widerstandsf\u00e4hig gegen die Au\u00dfenseite mit hydraulisch \u00f6ffnenden Scharnieren  Ma\u00dfe: 141x43x74cm","og_url":"https:\/\/keramamueblesdejardin.com\/de\/exterieur-zubehor\/garten-kofferraum-mit-radern-141x73x74cm-aluminium-anthrazit-protech\/","og_site_name":"Kerama","article_publisher":"https:\/\/www.facebook.com\/Kerama-Muebles-de-Jard%c3%adn-106209328312568\/","og_image":[{"width":2560,"height":2560,"url":"https:\/\/keramamueblesdejardin.com\/wp-content\/uploads\/2024\/04\/baul-antra-1-scaled.jpg","type":"image\/jpeg"}],"twitter_card":"summary_large_image","schema":{"@context":"https:\/\/schema.org","@graph":[{"@type":"WebPage","@id":"https:\/\/keramamueblesdejardin.com\/de\/exterieur-zubehor\/garten-kofferraum-mit-radern-141x73x74cm-aluminium-anthrazit-protech\/","url":"https:\/\/keramamueblesdejardin.com\/de\/exterieur-zubehor\/garten-kofferraum-mit-radern-141x73x74cm-aluminium-anthrazit-protech\/","name":"Gartenkoffer mit R\u00e4dern 141x73x74cm anthrazit Aluminium - protech - Kerama","isPartOf":{"@id":"https:\/\/keramamueblesdejardin.com\/de\/#website"},"primaryImageOfPage":{"@id":"https:\/\/keramamueblesdejardin.com\/de\/exterieur-zubehor\/garten-kofferraum-mit-radern-141x73x74cm-aluminium-anthrazit-protech\/#primaryimage"},"image":{"@id":"https:\/\/keramamueblesdejardin.com\/de\/exterieur-zubehor\/garten-kofferraum-mit-radern-141x73x74cm-aluminium-anthrazit-protech\/#primaryimage"},"thumbnailUrl":"https:\/\/keramamueblesdejardin.com\/wp-content\/uploads\/2024\/04\/baul-antra-1-scaled.jpg","datePublished":"2024-04-02T14:05:10+00:00","breadcrumb":{"@id":"https:\/\/keramamueblesdejardin.com\/de\/exterieur-zubehor\/garten-kofferraum-mit-radern-141x73x74cm-aluminium-anthrazit-protech\/#breadcrumb"},"inLanguage":"de","potentialAction":[{"@type":"ReadAction","target":["https:\/\/keramamueblesdejardin.com\/de\/exterieur-zubehor\/garten-kofferraum-mit-radern-141x73x74cm-aluminium-anthrazit-protech\/"]}]},{"@type":"ImageObject","inLanguage":"de","@id":"https:\/\/keramamueblesdejardin.com\/de\/exterieur-zubehor\/garten-kofferraum-mit-radern-141x73x74cm-aluminium-anthrazit-protech\/#primaryimage","url":"https:\/\/keramamueblesdejardin.com\/wp-content\/uploads\/2024\/04\/baul-antra-1-scaled.jpg","contentUrl":"https:\/\/keramamueblesdejardin.com\/wp-content\/uploads\/2024\/04\/baul-antra-1-scaled.jpg","width":2560,"height":2560},{"@type":"BreadcrumbList","@id":"https:\/\/keramamueblesdejardin.com\/de\/exterieur-zubehor\/garten-kofferraum-mit-radern-141x73x74cm-aluminium-anthrazit-protech\/#breadcrumb","itemListElement":[{"@type":"ListItem","position":1,"name":"Home","item":"https:\/\/keramamueblesdejardin.com\/de\/"},{"@type":"ListItem","position":2,"name":"Laden","item":"https:\/\/keramamueblesdejardin.com\/de\/laden\/"},{"@type":"ListItem","position":3,"name":"Exterieur-Zubeh\u00f6r","item":"https:\/\/keramamueblesdejardin.com\/de\/exterieur-zubehor\/"},{"@type":"ListItem","position":4,"name":"Gartenkoffer mit R\u00e4dern 141x73x74cm anthrazit Aluminium &#8211; protech"}]},{"@type":"WebSite","@id":"https:\/\/keramamueblesdejardin.com\/de\/#website","url":"https:\/\/keramamueblesdejardin.com\/de\/","name":"Kerama","description":"muebles de jard\u00edn","publisher":{"@id":"https:\/\/keramamueblesdejardin.com\/de\/#organization"},"potentialAction":[{"@type":"SearchAction","target":{"@type":"EntryPoint","urlTemplate":"https:\/\/keramamueblesdejardin.com\/de\/?s={search_term_string}"},"query-input":{"@type":"PropertyValueSpecification","valueRequired":true,"valueName":"search_term_string"}}],"inLanguage":"de"},{"@type":"Organization","@id":"https:\/\/keramamueblesdejardin.com\/de\/#organization","name":"kerama","url":"https:\/\/keramamueblesdejardin.com\/de\/","logo":{"@type":"ImageObject","inLanguage":"de","@id":"https:\/\/keramamueblesdejardin.com\/de\/#\/schema\/logo\/image\/","url":"https:\/\/keramamueblesdejardin.com\/wp-content\/uploads\/2020\/12\/k.-scaled.jpg","contentUrl":"https:\/\/keramamueblesdejardin.com\/wp-content\/uploads\/2020\/12\/k.-scaled.jpg","width":2560,"height":551,"caption":"kerama"},"image":{"@id":"https:\/\/keramamueblesdejardin.com\/de\/#\/schema\/logo\/image\/"},"sameAs":["https:\/\/www.facebook.com\/Kerama-Muebles-de-Jard\u00edn-106209328312568\/"]}]}},"df_price":389,"df_sale_price":389,"df_regular_price":473,"df_image_link":"https:\/\/keramamueblesdejardin.com\/wp-content\/uploads\/2024\/04\/baul-antra-1-300x300.jpg","custom_tabs":[{"title":"MESSUNG","id":"messung","content":"<div class=\"list\"><strong>H\u00f6he: 74cm<\/strong><\/div>\n<div class=\"list\"><strong>Breite: 141<\/strong><\/div>\n<div class=\"list\"><strong>Tiefe: 43<\/strong><\/div>"},{"title":"AUSPACKEN UND MONTIEREN","id":"auspacken-und-montieren","content":"<div class=\"list\"><strong style=\"font-weight: bold; color: #282828;\">Empfehlungen zum Auspacken:<\/strong><span style=\"color: #282828;\"> Verwenden Sie beim Auspacken der M\u00f6bel keine scharfen Utensilien, da diese Sch\u00e4den verursachen k\u00f6nnten<\/span><br style=\"color: #282828;\"><strong style=\"font-weight: bold; color: #282828;\">Montage erforderlich (ja\/nein):<\/strong><span style=\"color: #282828;\"> Nein<\/span><\/div>"},{"title":"WARTUNG UND GARANTIEN","id":"wartung-und-garantien","content":"<div class=\"moz-signature\">\n<div class=\"list\"><strong>Allgemeine Empfehlungen:<\/strong>\n\u2022 Pannen oder Sch\u00e4den, die verursacht werden durch:\n\u2022 Zuf\u00e4llige Ursachen wie St\u00fcrze, Schl\u00e4ge, Versch\u00fctten von Fl\u00fcssigkeiten, Einbringen von Fremdk\u00f6rpern sowie andere h\u00f6here Gewalt sind von der Garantie ausgeschlossen.\n\u2022 Fahrl\u00e4ssige, unangemessene oder nicht h\u00e4usliche Verwendung.\n\u2022 Besch\u00e4digungen, Korrosion und\/oder Oxidation, die durch ung\u00fcnstige\n Umgebungsbedingungen beschleunigt werden\u2022 Flecken und Verf\u00e4rbungen aufgrund der Nichtbeachtung unserer Reinigungsanweisungen\n\u2022 Sch\u00e4den, die w\u00e4hrend der Montage und Handhabung auftreten, ohne die angegebenen Montageanweisungen befolgt zu haben.\n<strong>Gebrauchs- und Wartungshinweise:<\/strong>\n\u2022 Reinigen Sie vorsichtig mit Hilfe eines Tuchs oder verwenden Sie eine neutrale Fl\u00fcssigseife und sp\u00fclen Sie sie mit viel Wasser ab.\n\u2022 Entfernen Sie Staub regelm\u00e4\u00dfig mit Hilfe eines weichen Tuchs und klarem Wasser.\n\u2022 Verwenden Sie zur Reinigung keine Reinigungsmittel oder Scheuermittel.\nJahre <strong>Garantie: 3 Jahre<\/strong>\n<strong>Hergestellt nach Norm:<\/strong> 581-1.581-2.581-3<\/div>\n<\/div>"}],"_links":{"self":[{"href":"https:\/\/keramamueblesdejardin.com\/de\/wp-json\/wp\/v2\/product\/176438","targetHints":{"allow":["GET"]}}],"collection":[{"href":"https:\/\/keramamueblesdejardin.com\/de\/wp-json\/wp\/v2\/product"}],"about":[{"href":"https:\/\/keramamueblesdejardin.com\/de\/wp-json\/wp\/v2\/types\/product"}],"replies":[{"embeddable":true,"href":"https:\/\/keramamueblesdejardin.com\/de\/wp-json\/wp\/v2\/comments?post=176438"}],"wp:featuredmedia":[{"embeddable":true,"href":"https:\/\/keramamueblesdejardin.com\/de\/wp-json\/wp\/v2\/media\/157779"}],"wp:attachment":[{"href":"https:\/\/keramamueblesdejardin.com\/de\/wp-json\/wp\/v2\/media?parent=176438"}],"wp:term":[{"taxonomy":"product_brand","embeddable":true,"href":"https:\/\/keramamueblesdejardin.com\/de\/wp-json\/wp\/v2\/product_brand?post=176438"},{"taxonomy":"product_cat","embeddable":true,"href":"https:\/\/keramamueblesdejardin.com\/de\/wp-json\/wp\/v2\/product_cat?post=176438"},{"taxonomy":"product_tag","embeddable":true,"href":"https:\/\/keramamueblesdejardin.com\/de\/wp-json\/wp\/v2\/product_tag?post=176438"}],"curies":[{"name":"wp","href":"https:\/\/api.w.org\/{rel}","templated":true}]}}