{"id":176429,"date":"2024-04-02T16:05:09","date_gmt":"2024-04-02T14:05:09","guid":{"rendered":"https:\/\/keramamueblesdejardin.com\/unkategorisiert\/gartenkoffer-mit-raedern-141x73x74cm-aluminium-mokka-protech\/"},"modified":"2024-04-02T16:05:09","modified_gmt":"2024-04-02T14:05:09","slug":"garten-kofferraum-mit-radern-141x73x74cm-aluminium-mokka-protech","status":"publish","type":"product","link":"https:\/\/keramamueblesdejardin.com\/de\/exterieur-zubehor\/garten-kofferraum-mit-radern-141x73x74cm-aluminium-mokka-protech\/","title":{"rendered":"Gartenkoffer mit R\u00e4dern 141x73x74cm Aluminium-Mokka &#8211; Protech"},"content":{"rendered":"<p>Mokkafarbener Gartenstamm aus Aluminium. Es verf\u00fcgt \u00fcber R\u00e4der und einen Griff f\u00fcr einfachen Transport und Bewegung sowie ein Schloss f\u00fcr ein Vorh\u00e4ngeschloss. Es verf\u00fcgt auch \u00fcber ein System von hydraulischen Scharnieren zum \u00d6ffnen und Schlie\u00dfen. Sie k\u00f6nnen jede Art von Gegenst\u00e4nden aufbewahren, es ist ideal f\u00fcr die Aufbewahrung von Sitzkissen, Sonnenliegen, Klappst\u00fchlen, Spielzeug, Sport- und Campingger\u00e4ten, Werkzeugen&#8230; Ma\u00dfe: 141x43x74cm    <\/p>\n","protected":false},"excerpt":{"rendered":"<ul>\n<li>Gartenkofferraum mit R\u00e4dern<\/li>\n<li>Mokkafarbener Aluminiumrahmen<\/li>\n<li>Widerstandsf\u00e4hig gegen die Au\u00dfenseite mit hydraulisch \u00f6ffnenden Scharnieren<\/li>\n<li>Ma\u00dfe: 141x43x74cm<\/li>\n<\/ul>\n","protected":false},"featured_media":157773,"comment_status":"closed","ping_status":"closed","template":"","meta":{"_acf_changed":false},"product_brand":[],"product_cat":[3271],"product_tag":[3376],"class_list":{"0":"post-176429","1":"product","2":"type-product","3":"status-publish","4":"has-post-thumbnail","6":"product_cat-exterieur-zubehor","7":"product_tag-aluminium-de","8":"product_shipping_class-envio-gratuito-de","9":"pa_alto-74-de","10":"pa_ancho-73-de","11":"pa_coleccion-protech-de","12":"pa_forma-rechteckig","13":"pa_largo-141-de","14":"pa_material-aluminium","16":"first","17":"instock","18":"sale","19":"purchasable","20":"product-type-simple","21":"add-to-wishlist-before_image"},"acf":[],"yoast_head":"<!-- This site is optimized with the Yoast SEO plugin v27.2 - https:\/\/yoast.com\/product\/yoast-seo-wordpress\/ -->\n<title>Gartenkoffer mit R\u00e4dern 141x73x74cm Aluminium-Mokka - Protech - Kerama<\/title>\n<meta name=\"robots\" content=\"index, follow, max-snippet:-1, max-image-preview:large, max-video-preview:-1\" \/>\n<link rel=\"canonical\" href=\"https:\/\/keramamueblesdejardin.com\/de\/exterieur-zubehor\/garten-kofferraum-mit-radern-141x73x74cm-aluminium-mokka-protech\/\" \/>\n<meta property=\"og:locale\" content=\"de_DE\" \/>\n<meta property=\"og:type\" content=\"article\" \/>\n<meta property=\"og:title\" content=\"Gartenkoffer mit R\u00e4dern 141x73x74cm Aluminium-Mokka - Protech - Kerama\" \/>\n<meta property=\"og:description\" content=\"Gartenkofferraum mit R\u00e4dern  Mokkafarbener Aluminiumrahmen  Widerstandsf\u00e4hig gegen die Au\u00dfenseite mit hydraulisch \u00f6ffnenden Scharnieren  Ma\u00dfe: 141x43x74cm\" \/>\n<meta property=\"og:url\" content=\"https:\/\/keramamueblesdejardin.com\/de\/exterieur-zubehor\/garten-kofferraum-mit-radern-141x73x74cm-aluminium-mokka-protech\/\" \/>\n<meta property=\"og:site_name\" content=\"Kerama\" \/>\n<meta property=\"article:publisher\" content=\"https:\/\/www.facebook.com\/Kerama-Muebles-de-Jard%c3%adn-106209328312568\/\" \/>\n<meta property=\"og:image\" content=\"https:\/\/keramamueblesdejardin.com\/wp-content\/uploads\/2024\/04\/baul-beige-2.jpg\" \/>\n\t<meta property=\"og:image:width\" content=\"1600\" \/>\n\t<meta property=\"og:image:height\" content=\"1600\" \/>\n\t<meta property=\"og:image:type\" content=\"image\/jpeg\" \/>\n<meta name=\"twitter:card\" content=\"summary_large_image\" \/>\n<script type=\"application\/ld+json\" class=\"yoast-schema-graph\">{\"@context\":\"https:\/\/schema.org\",\"@graph\":[{\"@type\":\"WebPage\",\"@id\":\"https:\/\/keramamueblesdejardin.com\/de\/exterieur-zubehor\/garten-kofferraum-mit-radern-141x73x74cm-aluminium-mokka-protech\/\",\"url\":\"https:\/\/keramamueblesdejardin.com\/de\/exterieur-zubehor\/garten-kofferraum-mit-radern-141x73x74cm-aluminium-mokka-protech\/\",\"name\":\"Gartenkoffer mit R\u00e4dern 141x73x74cm Aluminium-Mokka - Protech - Kerama\",\"isPartOf\":{\"@id\":\"https:\/\/keramamueblesdejardin.com\/de\/#website\"},\"primaryImageOfPage\":{\"@id\":\"https:\/\/keramamueblesdejardin.com\/de\/exterieur-zubehor\/garten-kofferraum-mit-radern-141x73x74cm-aluminium-mokka-protech\/#primaryimage\"},\"image\":{\"@id\":\"https:\/\/keramamueblesdejardin.com\/de\/exterieur-zubehor\/garten-kofferraum-mit-radern-141x73x74cm-aluminium-mokka-protech\/#primaryimage\"},\"thumbnailUrl\":\"https:\/\/keramamueblesdejardin.com\/wp-content\/uploads\/2024\/04\/baul-beige-2.jpg\",\"datePublished\":\"2024-04-02T14:05:09+00:00\",\"breadcrumb\":{\"@id\":\"https:\/\/keramamueblesdejardin.com\/de\/exterieur-zubehor\/garten-kofferraum-mit-radern-141x73x74cm-aluminium-mokka-protech\/#breadcrumb\"},\"inLanguage\":\"de\",\"potentialAction\":[{\"@type\":\"ReadAction\",\"target\":[\"https:\/\/keramamueblesdejardin.com\/de\/exterieur-zubehor\/garten-kofferraum-mit-radern-141x73x74cm-aluminium-mokka-protech\/\"]}]},{\"@type\":\"ImageObject\",\"inLanguage\":\"de\",\"@id\":\"https:\/\/keramamueblesdejardin.com\/de\/exterieur-zubehor\/garten-kofferraum-mit-radern-141x73x74cm-aluminium-mokka-protech\/#primaryimage\",\"url\":\"https:\/\/keramamueblesdejardin.com\/wp-content\/uploads\/2024\/04\/baul-beige-2.jpg\",\"contentUrl\":\"https:\/\/keramamueblesdejardin.com\/wp-content\/uploads\/2024\/04\/baul-beige-2.jpg\",\"width\":1600,\"height\":1600},{\"@type\":\"BreadcrumbList\",\"@id\":\"https:\/\/keramamueblesdejardin.com\/de\/exterieur-zubehor\/garten-kofferraum-mit-radern-141x73x74cm-aluminium-mokka-protech\/#breadcrumb\",\"itemListElement\":[{\"@type\":\"ListItem\",\"position\":1,\"name\":\"Home\",\"item\":\"https:\/\/keramamueblesdejardin.com\/de\/\"},{\"@type\":\"ListItem\",\"position\":2,\"name\":\"Laden\",\"item\":\"https:\/\/keramamueblesdejardin.com\/de\/laden\/\"},{\"@type\":\"ListItem\",\"position\":3,\"name\":\"Exterieur-Zubeh\u00f6r\",\"item\":\"https:\/\/keramamueblesdejardin.com\/de\/exterieur-zubehor\/\"},{\"@type\":\"ListItem\",\"position\":4,\"name\":\"Gartenkoffer mit R\u00e4dern 141x73x74cm Aluminium-Mokka &#8211; Protech\"}]},{\"@type\":\"WebSite\",\"@id\":\"https:\/\/keramamueblesdejardin.com\/de\/#website\",\"url\":\"https:\/\/keramamueblesdejardin.com\/de\/\",\"name\":\"Kerama\",\"description\":\"muebles de jard\u00edn\",\"publisher\":{\"@id\":\"https:\/\/keramamueblesdejardin.com\/de\/#organization\"},\"potentialAction\":[{\"@type\":\"SearchAction\",\"target\":{\"@type\":\"EntryPoint\",\"urlTemplate\":\"https:\/\/keramamueblesdejardin.com\/de\/?s={search_term_string}\"},\"query-input\":{\"@type\":\"PropertyValueSpecification\",\"valueRequired\":true,\"valueName\":\"search_term_string\"}}],\"inLanguage\":\"de\"},{\"@type\":\"Organization\",\"@id\":\"https:\/\/keramamueblesdejardin.com\/de\/#organization\",\"name\":\"kerama\",\"url\":\"https:\/\/keramamueblesdejardin.com\/de\/\",\"logo\":{\"@type\":\"ImageObject\",\"inLanguage\":\"de\",\"@id\":\"https:\/\/keramamueblesdejardin.com\/de\/#\/schema\/logo\/image\/\",\"url\":\"https:\/\/keramamueblesdejardin.com\/wp-content\/uploads\/2020\/12\/k.-scaled.jpg\",\"contentUrl\":\"https:\/\/keramamueblesdejardin.com\/wp-content\/uploads\/2020\/12\/k.-scaled.jpg\",\"width\":2560,\"height\":551,\"caption\":\"kerama\"},\"image\":{\"@id\":\"https:\/\/keramamueblesdejardin.com\/de\/#\/schema\/logo\/image\/\"},\"sameAs\":[\"https:\/\/www.facebook.com\/Kerama-Muebles-de-Jard\u00edn-106209328312568\/\"]}]}<\/script>\n<!-- \/ Yoast SEO plugin. -->","yoast_head_json":{"title":"Gartenkoffer mit R\u00e4dern 141x73x74cm Aluminium-Mokka - Protech - Kerama","robots":{"index":"index","follow":"follow","max-snippet":"max-snippet:-1","max-image-preview":"max-image-preview:large","max-video-preview":"max-video-preview:-1"},"canonical":"https:\/\/keramamueblesdejardin.com\/de\/exterieur-zubehor\/garten-kofferraum-mit-radern-141x73x74cm-aluminium-mokka-protech\/","og_locale":"de_DE","og_type":"article","og_title":"Gartenkoffer mit R\u00e4dern 141x73x74cm Aluminium-Mokka - Protech - Kerama","og_description":"Gartenkofferraum mit R\u00e4dern  Mokkafarbener Aluminiumrahmen  Widerstandsf\u00e4hig gegen die Au\u00dfenseite mit hydraulisch \u00f6ffnenden Scharnieren  Ma\u00dfe: 141x43x74cm","og_url":"https:\/\/keramamueblesdejardin.com\/de\/exterieur-zubehor\/garten-kofferraum-mit-radern-141x73x74cm-aluminium-mokka-protech\/","og_site_name":"Kerama","article_publisher":"https:\/\/www.facebook.com\/Kerama-Muebles-de-Jard%c3%adn-106209328312568\/","og_image":[{"width":1600,"height":1600,"url":"https:\/\/keramamueblesdejardin.com\/wp-content\/uploads\/2024\/04\/baul-beige-2.jpg","type":"image\/jpeg"}],"twitter_card":"summary_large_image","schema":{"@context":"https:\/\/schema.org","@graph":[{"@type":"WebPage","@id":"https:\/\/keramamueblesdejardin.com\/de\/exterieur-zubehor\/garten-kofferraum-mit-radern-141x73x74cm-aluminium-mokka-protech\/","url":"https:\/\/keramamueblesdejardin.com\/de\/exterieur-zubehor\/garten-kofferraum-mit-radern-141x73x74cm-aluminium-mokka-protech\/","name":"Gartenkoffer mit R\u00e4dern 141x73x74cm Aluminium-Mokka - Protech - Kerama","isPartOf":{"@id":"https:\/\/keramamueblesdejardin.com\/de\/#website"},"primaryImageOfPage":{"@id":"https:\/\/keramamueblesdejardin.com\/de\/exterieur-zubehor\/garten-kofferraum-mit-radern-141x73x74cm-aluminium-mokka-protech\/#primaryimage"},"image":{"@id":"https:\/\/keramamueblesdejardin.com\/de\/exterieur-zubehor\/garten-kofferraum-mit-radern-141x73x74cm-aluminium-mokka-protech\/#primaryimage"},"thumbnailUrl":"https:\/\/keramamueblesdejardin.com\/wp-content\/uploads\/2024\/04\/baul-beige-2.jpg","datePublished":"2024-04-02T14:05:09+00:00","breadcrumb":{"@id":"https:\/\/keramamueblesdejardin.com\/de\/exterieur-zubehor\/garten-kofferraum-mit-radern-141x73x74cm-aluminium-mokka-protech\/#breadcrumb"},"inLanguage":"de","potentialAction":[{"@type":"ReadAction","target":["https:\/\/keramamueblesdejardin.com\/de\/exterieur-zubehor\/garten-kofferraum-mit-radern-141x73x74cm-aluminium-mokka-protech\/"]}]},{"@type":"ImageObject","inLanguage":"de","@id":"https:\/\/keramamueblesdejardin.com\/de\/exterieur-zubehor\/garten-kofferraum-mit-radern-141x73x74cm-aluminium-mokka-protech\/#primaryimage","url":"https:\/\/keramamueblesdejardin.com\/wp-content\/uploads\/2024\/04\/baul-beige-2.jpg","contentUrl":"https:\/\/keramamueblesdejardin.com\/wp-content\/uploads\/2024\/04\/baul-beige-2.jpg","width":1600,"height":1600},{"@type":"BreadcrumbList","@id":"https:\/\/keramamueblesdejardin.com\/de\/exterieur-zubehor\/garten-kofferraum-mit-radern-141x73x74cm-aluminium-mokka-protech\/#breadcrumb","itemListElement":[{"@type":"ListItem","position":1,"name":"Home","item":"https:\/\/keramamueblesdejardin.com\/de\/"},{"@type":"ListItem","position":2,"name":"Laden","item":"https:\/\/keramamueblesdejardin.com\/de\/laden\/"},{"@type":"ListItem","position":3,"name":"Exterieur-Zubeh\u00f6r","item":"https:\/\/keramamueblesdejardin.com\/de\/exterieur-zubehor\/"},{"@type":"ListItem","position":4,"name":"Gartenkoffer mit R\u00e4dern 141x73x74cm Aluminium-Mokka &#8211; Protech"}]},{"@type":"WebSite","@id":"https:\/\/keramamueblesdejardin.com\/de\/#website","url":"https:\/\/keramamueblesdejardin.com\/de\/","name":"Kerama","description":"muebles de jard\u00edn","publisher":{"@id":"https:\/\/keramamueblesdejardin.com\/de\/#organization"},"potentialAction":[{"@type":"SearchAction","target":{"@type":"EntryPoint","urlTemplate":"https:\/\/keramamueblesdejardin.com\/de\/?s={search_term_string}"},"query-input":{"@type":"PropertyValueSpecification","valueRequired":true,"valueName":"search_term_string"}}],"inLanguage":"de"},{"@type":"Organization","@id":"https:\/\/keramamueblesdejardin.com\/de\/#organization","name":"kerama","url":"https:\/\/keramamueblesdejardin.com\/de\/","logo":{"@type":"ImageObject","inLanguage":"de","@id":"https:\/\/keramamueblesdejardin.com\/de\/#\/schema\/logo\/image\/","url":"https:\/\/keramamueblesdejardin.com\/wp-content\/uploads\/2020\/12\/k.-scaled.jpg","contentUrl":"https:\/\/keramamueblesdejardin.com\/wp-content\/uploads\/2020\/12\/k.-scaled.jpg","width":2560,"height":551,"caption":"kerama"},"image":{"@id":"https:\/\/keramamueblesdejardin.com\/de\/#\/schema\/logo\/image\/"},"sameAs":["https:\/\/www.facebook.com\/Kerama-Muebles-de-Jard\u00edn-106209328312568\/"]}]}},"df_price":389,"df_sale_price":389,"df_regular_price":473,"df_image_link":"https:\/\/keramamueblesdejardin.com\/wp-content\/uploads\/2024\/04\/baul-beige-2-300x300.jpg","custom_tabs":"","_links":{"self":[{"href":"https:\/\/keramamueblesdejardin.com\/de\/wp-json\/wp\/v2\/product\/176429","targetHints":{"allow":["GET"]}}],"collection":[{"href":"https:\/\/keramamueblesdejardin.com\/de\/wp-json\/wp\/v2\/product"}],"about":[{"href":"https:\/\/keramamueblesdejardin.com\/de\/wp-json\/wp\/v2\/types\/product"}],"replies":[{"embeddable":true,"href":"https:\/\/keramamueblesdejardin.com\/de\/wp-json\/wp\/v2\/comments?post=176429"}],"wp:featuredmedia":[{"embeddable":true,"href":"https:\/\/keramamueblesdejardin.com\/de\/wp-json\/wp\/v2\/media\/157773"}],"wp:attachment":[{"href":"https:\/\/keramamueblesdejardin.com\/de\/wp-json\/wp\/v2\/media?parent=176429"}],"wp:term":[{"taxonomy":"product_brand","embeddable":true,"href":"https:\/\/keramamueblesdejardin.com\/de\/wp-json\/wp\/v2\/product_brand?post=176429"},{"taxonomy":"product_cat","embeddable":true,"href":"https:\/\/keramamueblesdejardin.com\/de\/wp-json\/wp\/v2\/product_cat?post=176429"},{"taxonomy":"product_tag","embeddable":true,"href":"https:\/\/keramamueblesdejardin.com\/de\/wp-json\/wp\/v2\/product_tag?post=176429"}],"curies":[{"name":"wp","href":"https:\/\/api.w.org\/{rel}","templated":true}]}}