{"id":176424,"date":"2024-05-23T17:08:30","date_gmt":"2024-05-23T15:08:30","guid":{"rendered":"https:\/\/keramamueblesdejardin.com\/unkategorisiert\/wasserdichtes-abdeckset-garten-groesse-xl-300x150x80-grau-protech\/"},"modified":"2024-05-23T17:08:30","modified_gmt":"2024-05-23T15:08:30","slug":"abdeckung-wasserdichtes-set-garten-grose-xl-300x150x80-grau-protech-2","status":"publish","type":"product","link":"https:\/\/keramamueblesdejardin.com\/de\/uncategorized-de\/abdeckung-wasserdichtes-set-garten-grose-xl-300x150x80-grau-protech-2\/","title":{"rendered":"Wasserdichtes Abdeckset Garten Gr\u00f6\u00dfe XL 300x150x80 grau &#8211; Protech"},"content":{"rendered":"<p>Abdeckung f\u00fcr Gartenm\u00f6bel in grauer Farbe von 300x150x80 cm, ideal f\u00fcr Esszimmergarnituren oder sehr gro\u00dfe Gartenm\u00f6bel. Der verwendete Stoff ist von h\u00f6chster Qualit\u00e4t, er hat eine laminierte Behandlung, die ihn sowohl wetterfest als auch wasserdicht macht. Enth\u00e4lt eine Schnur, um die Abdeckung an die M\u00f6bel anzupassen. Wir empfehlen, immer einen Gegenstand unter die Abdeckung zu legen, damit die Oberfl\u00e4che der Abdeckung immer erh\u00f6ht ist und somit die Bildung von Wassertaschen bei Regen vermieden wird. Dar\u00fcber hinaus empfehlen wir auch, die M\u00f6bel nicht vollst\u00e4ndig zu beziehen, um die abgedeckten M\u00f6bel atmen zu lassen.<br \/>\nGartenm\u00f6belbezug<br \/>\nGraue<br \/>\nFarbe Abmessungen: 300x150x80 cm<br \/>\nF\u00fcr Essgarnituren oder sehr gro\u00dfe Gartenm\u00f6bel<\/p>\n","protected":false},"excerpt":{"rendered":"<ul>\n<li>Abdeckung f\u00fcr Gartenm\u00f6bel<\/li>\n<li>Grau<\/li>\n<li>Ma\u00dfe: 300x150x80 cm<\/li>\n<li>F\u00fcr sehr gro\u00dfe Essgarnituren oder Gartenm\u00f6bel<\/li>\n<\/ul>\n","protected":false},"featured_media":0,"comment_status":"closed","ping_status":"closed","template":"","meta":{"_acf_changed":false},"product_brand":[],"product_cat":[3258],"product_tag":[],"class_list":{"0":"post-176424","1":"product","2":"type-product","3":"status-publish","5":"product_cat-uncategorized-de","7":"first","8":"instock","9":"shipping-taxable","10":"product-type-simple","11":"add-to-wishlist-before_image"},"acf":[],"yoast_head":"<!-- This site is optimized with the Yoast SEO plugin v27.4 - https:\/\/yoast.com\/product\/yoast-seo-wordpress\/ -->\n<title>Wasserdichtes Abdeckset Garten Gr\u00f6\u00dfe XL 300x150x80 grau - Protech - Kerama<\/title>\n<meta name=\"robots\" content=\"index, follow, max-snippet:-1, max-image-preview:large, max-video-preview:-1\" \/>\n<link rel=\"canonical\" href=\"https:\/\/keramamueblesdejardin.com\/de\/uncategorized-de\/abdeckung-wasserdichtes-set-garten-grose-xl-300x150x80-grau-protech-2\/\" \/>\n<meta property=\"og:locale\" content=\"de_DE\" \/>\n<meta property=\"og:type\" content=\"article\" \/>\n<meta property=\"og:title\" content=\"Wasserdichtes Abdeckset Garten Gr\u00f6\u00dfe XL 300x150x80 grau - Protech - Kerama\" \/>\n<meta property=\"og:description\" content=\"Abdeckung f\u00fcr Gartenm\u00f6bel  Grau  Ma\u00dfe: 300x150x80 cm  F\u00fcr sehr gro\u00dfe Essgarnituren oder Gartenm\u00f6bel\" \/>\n<meta property=\"og:url\" content=\"https:\/\/keramamueblesdejardin.com\/de\/uncategorized-de\/abdeckung-wasserdichtes-set-garten-grose-xl-300x150x80-grau-protech-2\/\" \/>\n<meta property=\"og:site_name\" content=\"Kerama\" \/>\n<meta property=\"article:publisher\" content=\"https:\/\/www.facebook.com\/Kerama-Muebles-de-Jard%c3%adn-106209328312568\/\" \/>\n<meta name=\"twitter:card\" content=\"summary_large_image\" \/>\n<meta name=\"twitter:label1\" content=\"Gesch\u00e4tzte Lesezeit\" \/>\n\t<meta name=\"twitter:data1\" content=\"1\u00a0Minute\" \/>\n<script type=\"application\/ld+json\" class=\"yoast-schema-graph\">{\"@context\":\"https:\\\/\\\/schema.org\",\"@graph\":[{\"@type\":\"WebPage\",\"@id\":\"https:\\\/\\\/keramamueblesdejardin.com\\\/de\\\/uncategorized-de\\\/abdeckung-wasserdichtes-set-garten-grose-xl-300x150x80-grau-protech-2\\\/\",\"url\":\"https:\\\/\\\/keramamueblesdejardin.com\\\/de\\\/uncategorized-de\\\/abdeckung-wasserdichtes-set-garten-grose-xl-300x150x80-grau-protech-2\\\/\",\"name\":\"Wasserdichtes Abdeckset Garten Gr\u00f6\u00dfe XL 300x150x80 grau - Protech - Kerama\",\"isPartOf\":{\"@id\":\"https:\\\/\\\/keramamueblesdejardin.com\\\/de\\\/#website\"},\"datePublished\":\"2024-05-23T15:08:30+00:00\",\"breadcrumb\":{\"@id\":\"https:\\\/\\\/keramamueblesdejardin.com\\\/de\\\/uncategorized-de\\\/abdeckung-wasserdichtes-set-garten-grose-xl-300x150x80-grau-protech-2\\\/#breadcrumb\"},\"inLanguage\":\"de\",\"potentialAction\":[{\"@type\":\"ReadAction\",\"target\":[\"https:\\\/\\\/keramamueblesdejardin.com\\\/de\\\/uncategorized-de\\\/abdeckung-wasserdichtes-set-garten-grose-xl-300x150x80-grau-protech-2\\\/\"]}]},{\"@type\":\"BreadcrumbList\",\"@id\":\"https:\\\/\\\/keramamueblesdejardin.com\\\/de\\\/uncategorized-de\\\/abdeckung-wasserdichtes-set-garten-grose-xl-300x150x80-grau-protech-2\\\/#breadcrumb\",\"itemListElement\":[{\"@type\":\"ListItem\",\"position\":1,\"name\":\"Home\",\"item\":\"https:\\\/\\\/keramamueblesdejardin.com\\\/de\\\/\"},{\"@type\":\"ListItem\",\"position\":2,\"name\":\"Laden\",\"item\":\"https:\\\/\\\/keramamueblesdejardin.com\\\/de\\\/laden\\\/\"},{\"@type\":\"ListItem\",\"position\":3,\"name\":\"Uncategorized\",\"item\":\"https:\\\/\\\/keramamueblesdejardin.com\\\/de\\\/uncategorized-de\\\/\"},{\"@type\":\"ListItem\",\"position\":4,\"name\":\"Wasserdichtes Abdeckset Garten Gr\u00f6\u00dfe XL 300x150x80 grau &#8211; Protech\"}]},{\"@type\":\"WebSite\",\"@id\":\"https:\\\/\\\/keramamueblesdejardin.com\\\/de\\\/#website\",\"url\":\"https:\\\/\\\/keramamueblesdejardin.com\\\/de\\\/\",\"name\":\"Kerama\",\"description\":\"muebles de jard\u00edn\",\"publisher\":{\"@id\":\"https:\\\/\\\/keramamueblesdejardin.com\\\/de\\\/#organization\"},\"potentialAction\":[{\"@type\":\"SearchAction\",\"target\":{\"@type\":\"EntryPoint\",\"urlTemplate\":\"https:\\\/\\\/keramamueblesdejardin.com\\\/de\\\/?s={search_term_string}\"},\"query-input\":{\"@type\":\"PropertyValueSpecification\",\"valueRequired\":true,\"valueName\":\"search_term_string\"}}],\"inLanguage\":\"de\"},{\"@type\":\"Organization\",\"@id\":\"https:\\\/\\\/keramamueblesdejardin.com\\\/de\\\/#organization\",\"name\":\"kerama\",\"url\":\"https:\\\/\\\/keramamueblesdejardin.com\\\/de\\\/\",\"logo\":{\"@type\":\"ImageObject\",\"inLanguage\":\"de\",\"@id\":\"https:\\\/\\\/keramamueblesdejardin.com\\\/de\\\/#\\\/schema\\\/logo\\\/image\\\/\",\"url\":\"https:\\\/\\\/keramamueblesdejardin.com\\\/wp-content\\\/uploads\\\/2020\\\/12\\\/k.-scaled.jpg\",\"contentUrl\":\"https:\\\/\\\/keramamueblesdejardin.com\\\/wp-content\\\/uploads\\\/2020\\\/12\\\/k.-scaled.jpg\",\"width\":2560,\"height\":551,\"caption\":\"kerama\"},\"image\":{\"@id\":\"https:\\\/\\\/keramamueblesdejardin.com\\\/de\\\/#\\\/schema\\\/logo\\\/image\\\/\"},\"sameAs\":[\"https:\\\/\\\/www.facebook.com\\\/Kerama-Muebles-de-Jard\u00edn-106209328312568\\\/\"]}]}<\/script>\n<!-- \/ Yoast SEO plugin. -->","yoast_head_json":{"title":"Wasserdichtes Abdeckset Garten Gr\u00f6\u00dfe XL 300x150x80 grau - Protech - Kerama","robots":{"index":"index","follow":"follow","max-snippet":"max-snippet:-1","max-image-preview":"max-image-preview:large","max-video-preview":"max-video-preview:-1"},"canonical":"https:\/\/keramamueblesdejardin.com\/de\/uncategorized-de\/abdeckung-wasserdichtes-set-garten-grose-xl-300x150x80-grau-protech-2\/","og_locale":"de_DE","og_type":"article","og_title":"Wasserdichtes Abdeckset Garten Gr\u00f6\u00dfe XL 300x150x80 grau - Protech - Kerama","og_description":"Abdeckung f\u00fcr Gartenm\u00f6bel  Grau  Ma\u00dfe: 300x150x80 cm  F\u00fcr sehr gro\u00dfe Essgarnituren oder Gartenm\u00f6bel","og_url":"https:\/\/keramamueblesdejardin.com\/de\/uncategorized-de\/abdeckung-wasserdichtes-set-garten-grose-xl-300x150x80-grau-protech-2\/","og_site_name":"Kerama","article_publisher":"https:\/\/www.facebook.com\/Kerama-Muebles-de-Jard%c3%adn-106209328312568\/","twitter_card":"summary_large_image","twitter_misc":{"Gesch\u00e4tzte Lesezeit":"1\u00a0Minute"},"schema":{"@context":"https:\/\/schema.org","@graph":[{"@type":"WebPage","@id":"https:\/\/keramamueblesdejardin.com\/de\/uncategorized-de\/abdeckung-wasserdichtes-set-garten-grose-xl-300x150x80-grau-protech-2\/","url":"https:\/\/keramamueblesdejardin.com\/de\/uncategorized-de\/abdeckung-wasserdichtes-set-garten-grose-xl-300x150x80-grau-protech-2\/","name":"Wasserdichtes Abdeckset Garten Gr\u00f6\u00dfe XL 300x150x80 grau - Protech - Kerama","isPartOf":{"@id":"https:\/\/keramamueblesdejardin.com\/de\/#website"},"datePublished":"2024-05-23T15:08:30+00:00","breadcrumb":{"@id":"https:\/\/keramamueblesdejardin.com\/de\/uncategorized-de\/abdeckung-wasserdichtes-set-garten-grose-xl-300x150x80-grau-protech-2\/#breadcrumb"},"inLanguage":"de","potentialAction":[{"@type":"ReadAction","target":["https:\/\/keramamueblesdejardin.com\/de\/uncategorized-de\/abdeckung-wasserdichtes-set-garten-grose-xl-300x150x80-grau-protech-2\/"]}]},{"@type":"BreadcrumbList","@id":"https:\/\/keramamueblesdejardin.com\/de\/uncategorized-de\/abdeckung-wasserdichtes-set-garten-grose-xl-300x150x80-grau-protech-2\/#breadcrumb","itemListElement":[{"@type":"ListItem","position":1,"name":"Home","item":"https:\/\/keramamueblesdejardin.com\/de\/"},{"@type":"ListItem","position":2,"name":"Laden","item":"https:\/\/keramamueblesdejardin.com\/de\/laden\/"},{"@type":"ListItem","position":3,"name":"Uncategorized","item":"https:\/\/keramamueblesdejardin.com\/de\/uncategorized-de\/"},{"@type":"ListItem","position":4,"name":"Wasserdichtes Abdeckset Garten Gr\u00f6\u00dfe XL 300x150x80 grau &#8211; Protech"}]},{"@type":"WebSite","@id":"https:\/\/keramamueblesdejardin.com\/de\/#website","url":"https:\/\/keramamueblesdejardin.com\/de\/","name":"Kerama","description":"muebles de jard\u00edn","publisher":{"@id":"https:\/\/keramamueblesdejardin.com\/de\/#organization"},"potentialAction":[{"@type":"SearchAction","target":{"@type":"EntryPoint","urlTemplate":"https:\/\/keramamueblesdejardin.com\/de\/?s={search_term_string}"},"query-input":{"@type":"PropertyValueSpecification","valueRequired":true,"valueName":"search_term_string"}}],"inLanguage":"de"},{"@type":"Organization","@id":"https:\/\/keramamueblesdejardin.com\/de\/#organization","name":"kerama","url":"https:\/\/keramamueblesdejardin.com\/de\/","logo":{"@type":"ImageObject","inLanguage":"de","@id":"https:\/\/keramamueblesdejardin.com\/de\/#\/schema\/logo\/image\/","url":"https:\/\/keramamueblesdejardin.com\/wp-content\/uploads\/2020\/12\/k.-scaled.jpg","contentUrl":"https:\/\/keramamueblesdejardin.com\/wp-content\/uploads\/2020\/12\/k.-scaled.jpg","width":2560,"height":551,"caption":"kerama"},"image":{"@id":"https:\/\/keramamueblesdejardin.com\/de\/#\/schema\/logo\/image\/"},"sameAs":["https:\/\/www.facebook.com\/Kerama-Muebles-de-Jard\u00edn-106209328312568\/"]}]}},"df_price":"","df_sale_price":"","df_regular_price":"","df_image_link":"https:\/\/keramamueblesdejardin.com\/wp-content\/uploads\/woocommerce-placeholder-300x300.png","custom_tabs":[""],"_links":{"self":[{"href":"https:\/\/keramamueblesdejardin.com\/de\/wp-json\/wp\/v2\/product\/176424","targetHints":{"allow":["GET"]}}],"collection":[{"href":"https:\/\/keramamueblesdejardin.com\/de\/wp-json\/wp\/v2\/product"}],"about":[{"href":"https:\/\/keramamueblesdejardin.com\/de\/wp-json\/wp\/v2\/types\/product"}],"replies":[{"embeddable":true,"href":"https:\/\/keramamueblesdejardin.com\/de\/wp-json\/wp\/v2\/comments?post=176424"}],"wp:attachment":[{"href":"https:\/\/keramamueblesdejardin.com\/de\/wp-json\/wp\/v2\/media?parent=176424"}],"wp:term":[{"taxonomy":"product_brand","embeddable":true,"href":"https:\/\/keramamueblesdejardin.com\/de\/wp-json\/wp\/v2\/product_brand?post=176424"},{"taxonomy":"product_cat","embeddable":true,"href":"https:\/\/keramamueblesdejardin.com\/de\/wp-json\/wp\/v2\/product_cat?post=176424"},{"taxonomy":"product_tag","embeddable":true,"href":"https:\/\/keramamueblesdejardin.com\/de\/wp-json\/wp\/v2\/product_tag?post=176424"}],"curies":[{"name":"wp","href":"https:\/\/api.w.org\/{rel}","templated":true}]}}