{"id":175466,"date":"2024-10-30T14:04:31","date_gmt":"2024-10-30T13:04:31","guid":{"rendered":"https:\/\/keramamueblesdejardin.com\/unkategorisiert\/packung-mit-4-gartenliegen-aus-textilene-und-aluminiumbeige-saitama\/"},"modified":"2024-10-30T14:04:31","modified_gmt":"2024-10-30T13:04:31","slug":"4er-packung-garten-sonnenliegen-textilen-und-aluminium-beige-saitama","status":"publish","type":"product","link":"https:\/\/keramamueblesdejardin.com\/de\/liegestuhle-und-ruhe\/4er-packung-garten-sonnenliegen-textilen-und-aluminium-beige-saitama\/","title":{"rendered":"Packung mit 4 Gartenliegen aus Textilene und Aluminiumbeige &#8211; Saitama"},"content":{"rendered":"<p>Packung mit 4 Gartenliegen aus Textilene und Aluminiumbeige. Die Sonnenliegen von Saitama bestehen aus einer Aluminiumstruktur mit Textilene-Sitz und einer klappbaren R\u00fcckenlehne in verschiedenen Positionen nach Geschmack. Die Sonnenliegen sind stapelbar, so dass Sie bei der Lagerung viel Platz sparen. Keine Montage erforderlich Ma\u00dfe: 207x58x34cm   <\/p>\n","protected":false},"excerpt":{"rendered":"<ul>\n<li>Packung mit 4 stapelbaren Sonnenliegen<\/li>\n<li>Beige Aluminiumstruktur<\/li>\n<li>Beige Textilene<\/li>\n<li>Ma\u00dfe: 207x58x34cm<\/li>\n<\/ul>\n","protected":false},"featured_media":172668,"comment_status":"open","ping_status":"closed","template":"","meta":{"_acf_changed":false},"product_brand":[],"product_cat":[3237,3236],"product_tag":[],"class_list":{"0":"post-175466","1":"product","2":"type-product","3":"status-publish","4":"has-post-thumbnail","6":"product_cat-liegen","7":"product_cat-liegestuhle-und-ruhe","8":"product_shipping_class-envio-gratuito-de","9":"pa_asientos-4-de","10":"pa_caracteristicas-klapp","11":"pa_caracteristicas-stapelbar","12":"pa_coleccion-saitama-de","13":"pa_material-aluminium","14":"pa_material-textil","16":"first","17":"instock","18":"sale","19":"shipping-taxable","20":"purchasable","21":"product-type-simple","22":"add-to-wishlist-before_image"},"acf":[],"yoast_head":"<!-- This site is optimized with the Yoast SEO plugin v27.2 - https:\/\/yoast.com\/product\/yoast-seo-wordpress\/ -->\n<title>Packung mit 4 Gartenliegen aus Textilene und Aluminiumbeige - Saitama - Kerama<\/title>\n<meta name=\"robots\" content=\"index, follow, max-snippet:-1, max-image-preview:large, max-video-preview:-1\" \/>\n<link rel=\"canonical\" href=\"https:\/\/keramamueblesdejardin.com\/de\/liegestuhle-und-ruhe\/4er-packung-garten-sonnenliegen-textilen-und-aluminium-beige-saitama\/\" \/>\n<meta property=\"og:locale\" content=\"de_DE\" \/>\n<meta property=\"og:type\" content=\"article\" \/>\n<meta property=\"og:title\" content=\"Packung mit 4 Gartenliegen aus Textilene und Aluminiumbeige - Saitama - Kerama\" \/>\n<meta property=\"og:description\" content=\"Packung mit 4 stapelbaren Sonnenliegen Beige Aluminiumstruktur Beige Textilene Ma\u00dfe: 207x58x34cm\" \/>\n<meta property=\"og:url\" content=\"https:\/\/keramamueblesdejardin.com\/de\/liegestuhle-und-ruhe\/4er-packung-garten-sonnenliegen-textilen-und-aluminium-beige-saitama\/\" \/>\n<meta property=\"og:site_name\" content=\"Kerama\" \/>\n<meta property=\"article:publisher\" content=\"https:\/\/www.facebook.com\/Kerama-Muebles-de-Jard%c3%adn-106209328312568\/\" \/>\n<meta property=\"og:image\" content=\"https:\/\/keramamueblesdejardin.com\/wp-content\/uploads\/2024\/10\/punta-cana-beige-x4.jpg\" \/>\n\t<meta property=\"og:image:width\" content=\"1200\" \/>\n\t<meta property=\"og:image:height\" content=\"1200\" \/>\n\t<meta property=\"og:image:type\" content=\"image\/jpeg\" \/>\n<meta name=\"twitter:card\" content=\"summary_large_image\" \/>\n<script type=\"application\/ld+json\" class=\"yoast-schema-graph\">{\"@context\":\"https:\/\/schema.org\",\"@graph\":[{\"@type\":\"WebPage\",\"@id\":\"https:\/\/keramamueblesdejardin.com\/de\/liegestuhle-und-ruhe\/4er-packung-garten-sonnenliegen-textilen-und-aluminium-beige-saitama\/\",\"url\":\"https:\/\/keramamueblesdejardin.com\/de\/liegestuhle-und-ruhe\/4er-packung-garten-sonnenliegen-textilen-und-aluminium-beige-saitama\/\",\"name\":\"Packung mit 4 Gartenliegen aus Textilene und Aluminiumbeige - Saitama - Kerama\",\"isPartOf\":{\"@id\":\"https:\/\/keramamueblesdejardin.com\/de\/#website\"},\"primaryImageOfPage\":{\"@id\":\"https:\/\/keramamueblesdejardin.com\/de\/liegestuhle-und-ruhe\/4er-packung-garten-sonnenliegen-textilen-und-aluminium-beige-saitama\/#primaryimage\"},\"image\":{\"@id\":\"https:\/\/keramamueblesdejardin.com\/de\/liegestuhle-und-ruhe\/4er-packung-garten-sonnenliegen-textilen-und-aluminium-beige-saitama\/#primaryimage\"},\"thumbnailUrl\":\"https:\/\/keramamueblesdejardin.com\/wp-content\/uploads\/2024\/10\/punta-cana-beige-x4.jpg\",\"datePublished\":\"2024-10-30T13:04:31+00:00\",\"breadcrumb\":{\"@id\":\"https:\/\/keramamueblesdejardin.com\/de\/liegestuhle-und-ruhe\/4er-packung-garten-sonnenliegen-textilen-und-aluminium-beige-saitama\/#breadcrumb\"},\"inLanguage\":\"de\",\"potentialAction\":[{\"@type\":\"ReadAction\",\"target\":[\"https:\/\/keramamueblesdejardin.com\/de\/liegestuhle-und-ruhe\/4er-packung-garten-sonnenliegen-textilen-und-aluminium-beige-saitama\/\"]}]},{\"@type\":\"ImageObject\",\"inLanguage\":\"de\",\"@id\":\"https:\/\/keramamueblesdejardin.com\/de\/liegestuhle-und-ruhe\/4er-packung-garten-sonnenliegen-textilen-und-aluminium-beige-saitama\/#primaryimage\",\"url\":\"https:\/\/keramamueblesdejardin.com\/wp-content\/uploads\/2024\/10\/punta-cana-beige-x4.jpg\",\"contentUrl\":\"https:\/\/keramamueblesdejardin.com\/wp-content\/uploads\/2024\/10\/punta-cana-beige-x4.jpg\",\"width\":1200,\"height\":1200},{\"@type\":\"BreadcrumbList\",\"@id\":\"https:\/\/keramamueblesdejardin.com\/de\/liegestuhle-und-ruhe\/4er-packung-garten-sonnenliegen-textilen-und-aluminium-beige-saitama\/#breadcrumb\",\"itemListElement\":[{\"@type\":\"ListItem\",\"position\":1,\"name\":\"Home\",\"item\":\"https:\/\/keramamueblesdejardin.com\/de\/\"},{\"@type\":\"ListItem\",\"position\":2,\"name\":\"Laden\",\"item\":\"https:\/\/keramamueblesdejardin.com\/de\/laden\/\"},{\"@type\":\"ListItem\",\"position\":3,\"name\":\"Liegest\u00fchle und Ruhe\",\"item\":\"https:\/\/keramamueblesdejardin.com\/de\/liegestuhle-und-ruhe\/\"},{\"@type\":\"ListItem\",\"position\":4,\"name\":\"Packung mit 4 Gartenliegen aus Textilene und Aluminiumbeige &#8211; Saitama\"}]},{\"@type\":\"WebSite\",\"@id\":\"https:\/\/keramamueblesdejardin.com\/de\/#website\",\"url\":\"https:\/\/keramamueblesdejardin.com\/de\/\",\"name\":\"Kerama\",\"description\":\"muebles de jard\u00edn\",\"publisher\":{\"@id\":\"https:\/\/keramamueblesdejardin.com\/de\/#organization\"},\"potentialAction\":[{\"@type\":\"SearchAction\",\"target\":{\"@type\":\"EntryPoint\",\"urlTemplate\":\"https:\/\/keramamueblesdejardin.com\/de\/?s={search_term_string}\"},\"query-input\":{\"@type\":\"PropertyValueSpecification\",\"valueRequired\":true,\"valueName\":\"search_term_string\"}}],\"inLanguage\":\"de\"},{\"@type\":\"Organization\",\"@id\":\"https:\/\/keramamueblesdejardin.com\/de\/#organization\",\"name\":\"kerama\",\"url\":\"https:\/\/keramamueblesdejardin.com\/de\/\",\"logo\":{\"@type\":\"ImageObject\",\"inLanguage\":\"de\",\"@id\":\"https:\/\/keramamueblesdejardin.com\/de\/#\/schema\/logo\/image\/\",\"url\":\"https:\/\/keramamueblesdejardin.com\/wp-content\/uploads\/2020\/12\/k.-scaled.jpg\",\"contentUrl\":\"https:\/\/keramamueblesdejardin.com\/wp-content\/uploads\/2020\/12\/k.-scaled.jpg\",\"width\":2560,\"height\":551,\"caption\":\"kerama\"},\"image\":{\"@id\":\"https:\/\/keramamueblesdejardin.com\/de\/#\/schema\/logo\/image\/\"},\"sameAs\":[\"https:\/\/www.facebook.com\/Kerama-Muebles-de-Jard\u00edn-106209328312568\/\"]}]}<\/script>\n<!-- \/ Yoast SEO plugin. -->","yoast_head_json":{"title":"Packung mit 4 Gartenliegen aus Textilene und Aluminiumbeige - Saitama - Kerama","robots":{"index":"index","follow":"follow","max-snippet":"max-snippet:-1","max-image-preview":"max-image-preview:large","max-video-preview":"max-video-preview:-1"},"canonical":"https:\/\/keramamueblesdejardin.com\/de\/liegestuhle-und-ruhe\/4er-packung-garten-sonnenliegen-textilen-und-aluminium-beige-saitama\/","og_locale":"de_DE","og_type":"article","og_title":"Packung mit 4 Gartenliegen aus Textilene und Aluminiumbeige - Saitama - Kerama","og_description":"Packung mit 4 stapelbaren Sonnenliegen Beige Aluminiumstruktur Beige Textilene Ma\u00dfe: 207x58x34cm","og_url":"https:\/\/keramamueblesdejardin.com\/de\/liegestuhle-und-ruhe\/4er-packung-garten-sonnenliegen-textilen-und-aluminium-beige-saitama\/","og_site_name":"Kerama","article_publisher":"https:\/\/www.facebook.com\/Kerama-Muebles-de-Jard%c3%adn-106209328312568\/","og_image":[{"width":1200,"height":1200,"url":"https:\/\/keramamueblesdejardin.com\/wp-content\/uploads\/2024\/10\/punta-cana-beige-x4.jpg","type":"image\/jpeg"}],"twitter_card":"summary_large_image","schema":{"@context":"https:\/\/schema.org","@graph":[{"@type":"WebPage","@id":"https:\/\/keramamueblesdejardin.com\/de\/liegestuhle-und-ruhe\/4er-packung-garten-sonnenliegen-textilen-und-aluminium-beige-saitama\/","url":"https:\/\/keramamueblesdejardin.com\/de\/liegestuhle-und-ruhe\/4er-packung-garten-sonnenliegen-textilen-und-aluminium-beige-saitama\/","name":"Packung mit 4 Gartenliegen aus Textilene und Aluminiumbeige - Saitama - Kerama","isPartOf":{"@id":"https:\/\/keramamueblesdejardin.com\/de\/#website"},"primaryImageOfPage":{"@id":"https:\/\/keramamueblesdejardin.com\/de\/liegestuhle-und-ruhe\/4er-packung-garten-sonnenliegen-textilen-und-aluminium-beige-saitama\/#primaryimage"},"image":{"@id":"https:\/\/keramamueblesdejardin.com\/de\/liegestuhle-und-ruhe\/4er-packung-garten-sonnenliegen-textilen-und-aluminium-beige-saitama\/#primaryimage"},"thumbnailUrl":"https:\/\/keramamueblesdejardin.com\/wp-content\/uploads\/2024\/10\/punta-cana-beige-x4.jpg","datePublished":"2024-10-30T13:04:31+00:00","breadcrumb":{"@id":"https:\/\/keramamueblesdejardin.com\/de\/liegestuhle-und-ruhe\/4er-packung-garten-sonnenliegen-textilen-und-aluminium-beige-saitama\/#breadcrumb"},"inLanguage":"de","potentialAction":[{"@type":"ReadAction","target":["https:\/\/keramamueblesdejardin.com\/de\/liegestuhle-und-ruhe\/4er-packung-garten-sonnenliegen-textilen-und-aluminium-beige-saitama\/"]}]},{"@type":"ImageObject","inLanguage":"de","@id":"https:\/\/keramamueblesdejardin.com\/de\/liegestuhle-und-ruhe\/4er-packung-garten-sonnenliegen-textilen-und-aluminium-beige-saitama\/#primaryimage","url":"https:\/\/keramamueblesdejardin.com\/wp-content\/uploads\/2024\/10\/punta-cana-beige-x4.jpg","contentUrl":"https:\/\/keramamueblesdejardin.com\/wp-content\/uploads\/2024\/10\/punta-cana-beige-x4.jpg","width":1200,"height":1200},{"@type":"BreadcrumbList","@id":"https:\/\/keramamueblesdejardin.com\/de\/liegestuhle-und-ruhe\/4er-packung-garten-sonnenliegen-textilen-und-aluminium-beige-saitama\/#breadcrumb","itemListElement":[{"@type":"ListItem","position":1,"name":"Home","item":"https:\/\/keramamueblesdejardin.com\/de\/"},{"@type":"ListItem","position":2,"name":"Laden","item":"https:\/\/keramamueblesdejardin.com\/de\/laden\/"},{"@type":"ListItem","position":3,"name":"Liegest\u00fchle und Ruhe","item":"https:\/\/keramamueblesdejardin.com\/de\/liegestuhle-und-ruhe\/"},{"@type":"ListItem","position":4,"name":"Packung mit 4 Gartenliegen aus Textilene und Aluminiumbeige &#8211; Saitama"}]},{"@type":"WebSite","@id":"https:\/\/keramamueblesdejardin.com\/de\/#website","url":"https:\/\/keramamueblesdejardin.com\/de\/","name":"Kerama","description":"muebles de jard\u00edn","publisher":{"@id":"https:\/\/keramamueblesdejardin.com\/de\/#organization"},"potentialAction":[{"@type":"SearchAction","target":{"@type":"EntryPoint","urlTemplate":"https:\/\/keramamueblesdejardin.com\/de\/?s={search_term_string}"},"query-input":{"@type":"PropertyValueSpecification","valueRequired":true,"valueName":"search_term_string"}}],"inLanguage":"de"},{"@type":"Organization","@id":"https:\/\/keramamueblesdejardin.com\/de\/#organization","name":"kerama","url":"https:\/\/keramamueblesdejardin.com\/de\/","logo":{"@type":"ImageObject","inLanguage":"de","@id":"https:\/\/keramamueblesdejardin.com\/de\/#\/schema\/logo\/image\/","url":"https:\/\/keramamueblesdejardin.com\/wp-content\/uploads\/2020\/12\/k.-scaled.jpg","contentUrl":"https:\/\/keramamueblesdejardin.com\/wp-content\/uploads\/2020\/12\/k.-scaled.jpg","width":2560,"height":551,"caption":"kerama"},"image":{"@id":"https:\/\/keramamueblesdejardin.com\/de\/#\/schema\/logo\/image\/"},"sameAs":["https:\/\/www.facebook.com\/Kerama-Muebles-de-Jard\u00edn-106209328312568\/"]}]}},"df_price":919,"df_sale_price":919,"df_regular_price":1095,"df_image_link":"https:\/\/keramamueblesdejardin.com\/wp-content\/uploads\/2024\/10\/punta-cana-beige-x4-300x300.jpg","custom_tabs":[{"title":"MESSUNG","id":"messung","content":"<div class=\"list\"><strong>H\u00f6he: <\/strong>34cm<\/div>\n<div class=\"list\"><strong>Breite: <\/strong>207cm<\/div>\n<div class=\"list\"><strong>Tiefe: <\/strong>58cm<\/div>"},{"title":"AUSPACKEN UND MONTIEREN","id":"auspacken-und-montieren","content":"<div class=\"list\"><strong style=\"font-weight: bold; color: #282828;\">Empfehlungen zum Auspacken:<\/strong><span style=\"color: #282828;\"> Verwenden Sie beim Auspacken der M\u00f6bel keine scharfen Utensilien, da diese Sch\u00e4den verursachen k\u00f6nnten<\/span><br style=\"color: #282828;\"><strong style=\"font-weight: bold; color: #282828;\">Montage erforderlich (ja\/nein):<\/strong><span style=\"color: #282828;\"> Nein<\/span><\/div>"},{"title":"WARTUNG UND GARANTIEN","id":"wartung-und-garantien","content":"<div class=\"moz-signature\">\n<div class=\"list\"><strong>Allgemeine Empfehlungen:<\/strong> \u2022 Pannen oder Sch\u00e4den, die verursacht werden durch: \u2022 Zuf\u00e4llige Ursachen wie St\u00fcrze, Schl\u00e4ge, Versch\u00fctten von Fl\u00fcssigkeiten, Einbringen von Fremdk\u00f6rpern sowie andere h\u00f6here Gewalt sind von der Garantie ausgeschlossen. \u2022 Fahrl\u00e4ssiger, unsachgem\u00e4\u00dfer oder nicht h\u00e4uslicher Gebrauch. \u2022 Besch\u00e4digungen, Korrosion und\/oder Oxidation, die durch ung\u00fcnstige Umweltbedingungen beschleunigt werden \u2022 Flecken und Verf\u00e4rbungen aufgrund der Nichtbeachtung unserer Reinigungshinweise \u2022 Sch\u00e4den, die w\u00e4hrend der Montage und Handhabung auftreten, ohne die angegebenen Montageanweisungen befolgt zu haben. <strong>Gebrauchs- und Pflegehinweise:<\/strong> \u2022 Vorsichtig mit einem Tuch reinigen oder eine neutrale Fl\u00fcssigseife verwenden und mit viel Wasser absp\u00fclen. \u2022 Entfernen Sie Staub regelm\u00e4\u00dfig mit Hilfe eines weichen Tuchs und klarem Wasser. \u2022 Verwenden Sie zur Reinigung keine Reinigungsmittel oder Scheuermittel. <strong>Garantiejahre:<\/strong> 3 Jahre <strong>Hergestellt nach Norm:<\/strong> 581-1.581-2.581-3<\/div>\n<\/div>"}],"_links":{"self":[{"href":"https:\/\/keramamueblesdejardin.com\/de\/wp-json\/wp\/v2\/product\/175466","targetHints":{"allow":["GET"]}}],"collection":[{"href":"https:\/\/keramamueblesdejardin.com\/de\/wp-json\/wp\/v2\/product"}],"about":[{"href":"https:\/\/keramamueblesdejardin.com\/de\/wp-json\/wp\/v2\/types\/product"}],"replies":[{"embeddable":true,"href":"https:\/\/keramamueblesdejardin.com\/de\/wp-json\/wp\/v2\/comments?post=175466"}],"wp:featuredmedia":[{"embeddable":true,"href":"https:\/\/keramamueblesdejardin.com\/de\/wp-json\/wp\/v2\/media\/172668"}],"wp:attachment":[{"href":"https:\/\/keramamueblesdejardin.com\/de\/wp-json\/wp\/v2\/media?parent=175466"}],"wp:term":[{"taxonomy":"product_brand","embeddable":true,"href":"https:\/\/keramamueblesdejardin.com\/de\/wp-json\/wp\/v2\/product_brand?post=175466"},{"taxonomy":"product_cat","embeddable":true,"href":"https:\/\/keramamueblesdejardin.com\/de\/wp-json\/wp\/v2\/product_cat?post=175466"},{"taxonomy":"product_tag","embeddable":true,"href":"https:\/\/keramamueblesdejardin.com\/de\/wp-json\/wp\/v2\/product_tag?post=175466"}],"curies":[{"name":"wp","href":"https:\/\/api.w.org\/{rel}","templated":true}]}}