{"id":175419,"date":"2024-10-22T11:39:04","date_gmt":"2024-10-22T09:39:04","guid":{"rendered":"https:\/\/keramamueblesdejardin.com\/unkategorisiert\/4-sitzer-garten-essgarnitur-runder-holztisch-d130-java-light-serena\/"},"modified":"2024-10-22T11:39:04","modified_gmt":"2024-10-22T09:39:04","slug":"set-esszimmer-garten-4-sitzer-rundholztisch-d130-java-light-serena","status":"publish","type":"product","link":"https:\/\/keramamueblesdejardin.com\/de\/speisesale-im-freien\/set-esszimmer-garten-4-sitzer-rundholztisch-d130-java-light-serena\/","title":{"rendered":"4-Sitzer-Garten-Essgarnitur runder Holztisch d130 &#8211; Java Light &amp; Serena"},"content":{"rendered":"<p>Die Tische der Java Light-Kollektion sind aus Akazienholz in der hellen Farbe FSC gefertigt, wodurch sie in jeden Terrassen- oder Gartenstil passen. Dar\u00fcber hinaus macht die Verwendung von breiten Lamellen und zusammen mit einer robusten Struktur den Tisch sehr stabil. Die St\u00fchle aus der Serena-Kollektion sind aus Akazienholz gefertigt und haben einen Sitz und eine R\u00fcckenlehne aus beigem synthetischem Rattan, die perfekt zum Tisch passen. Tisch: 130Tx75 cm, Stuhl: 63&#215;58,5&#215;84,5cm<\/p>\n","protected":false},"excerpt":{"rendered":"<ul>\n<li>Runde Essgarnitur f\u00fcr 4 Sitze<\/li>\n<li>Runder Tisch aus FSC-Akazienholz<\/li>\n<li>Holzst\u00fchle, Seil und abnehmbare Kissen<\/li>\n<li>Tisch: 130Tx75 cm, Stuhl: 63&#215;58,5&#215;84,5cm<\/li>\n<\/ul>\n","protected":false},"featured_media":170761,"comment_status":"open","ping_status":"closed","template":"","meta":{"_acf_changed":false},"product_brand":[],"product_cat":[3241,3238],"product_tag":[],"class_list":{"0":"post-175419","1":"product","2":"type-product","3":"status-publish","4":"has-post-thumbnail","6":"product_cat-gartentisch-und-stuhlgarnitur","7":"product_cat-speisesale-im-freien","8":"product_shipping_class-envio-gratuito-de","9":"pa_asientos-4-de","10":"pa_caracteristicas-zusammenklappbar","11":"pa_coleccion-java-light-de","12":"pa_coleccion-serena-de","13":"pa_material-holz","14":"pa_material-rattan-de","16":"first","17":"instock","18":"sale","19":"shipping-taxable","20":"purchasable","21":"product-type-simple","22":"add-to-wishlist-before_image"},"acf":[],"yoast_head":"<!-- This site is optimized with the Yoast SEO plugin v27.2 - https:\/\/yoast.com\/product\/yoast-seo-wordpress\/ -->\n<title>4-Sitzer-Garten-Essgarnitur runder Holztisch d130 - Java Light &amp; Serena - Kerama<\/title>\n<meta name=\"robots\" content=\"index, follow, max-snippet:-1, max-image-preview:large, max-video-preview:-1\" \/>\n<link rel=\"canonical\" href=\"https:\/\/keramamueblesdejardin.com\/de\/speisesale-im-freien\/set-esszimmer-garten-4-sitzer-rundholztisch-d130-java-light-serena\/\" \/>\n<meta property=\"og:locale\" content=\"de_DE\" \/>\n<meta property=\"og:type\" content=\"article\" \/>\n<meta property=\"og:title\" content=\"4-Sitzer-Garten-Essgarnitur runder Holztisch d130 - Java Light &amp; Serena - Kerama\" \/>\n<meta property=\"og:description\" content=\"Runde Essgarnitur f\u00fcr 4 Sitze  Runder Tisch aus FSC-Akazienholz  Holzst\u00fchle, Seil und abnehmbare Kissen  Tisch: 130Tx75 cm, Stuhl: 63x58,5x84,5cm\" \/>\n<meta property=\"og:url\" content=\"https:\/\/keramamueblesdejardin.com\/de\/speisesale-im-freien\/set-esszimmer-garten-4-sitzer-rundholztisch-d130-java-light-serena\/\" \/>\n<meta property=\"og:site_name\" content=\"Kerama\" \/>\n<meta property=\"article:publisher\" content=\"https:\/\/www.facebook.com\/Kerama-Muebles-de-Jard%c3%adn-106209328312568\/\" \/>\n<meta property=\"og:image\" content=\"https:\/\/keramamueblesdejardin.com\/wp-content\/uploads\/2024\/10\/130-redonda-serena.jpg\" \/>\n\t<meta property=\"og:image:width\" content=\"1200\" \/>\n\t<meta property=\"og:image:height\" content=\"1200\" \/>\n\t<meta property=\"og:image:type\" content=\"image\/jpeg\" \/>\n<meta name=\"twitter:card\" content=\"summary_large_image\" \/>\n<script type=\"application\/ld+json\" class=\"yoast-schema-graph\">{\"@context\":\"https:\/\/schema.org\",\"@graph\":[{\"@type\":\"WebPage\",\"@id\":\"https:\/\/keramamueblesdejardin.com\/de\/speisesale-im-freien\/set-esszimmer-garten-4-sitzer-rundholztisch-d130-java-light-serena\/\",\"url\":\"https:\/\/keramamueblesdejardin.com\/de\/speisesale-im-freien\/set-esszimmer-garten-4-sitzer-rundholztisch-d130-java-light-serena\/\",\"name\":\"4-Sitzer-Garten-Essgarnitur runder Holztisch d130 - Java Light &amp; Serena - Kerama\",\"isPartOf\":{\"@id\":\"https:\/\/keramamueblesdejardin.com\/de\/#website\"},\"primaryImageOfPage\":{\"@id\":\"https:\/\/keramamueblesdejardin.com\/de\/speisesale-im-freien\/set-esszimmer-garten-4-sitzer-rundholztisch-d130-java-light-serena\/#primaryimage\"},\"image\":{\"@id\":\"https:\/\/keramamueblesdejardin.com\/de\/speisesale-im-freien\/set-esszimmer-garten-4-sitzer-rundholztisch-d130-java-light-serena\/#primaryimage\"},\"thumbnailUrl\":\"https:\/\/keramamueblesdejardin.com\/wp-content\/uploads\/2024\/10\/130-redonda-serena.jpg\",\"datePublished\":\"2024-10-22T09:39:04+00:00\",\"breadcrumb\":{\"@id\":\"https:\/\/keramamueblesdejardin.com\/de\/speisesale-im-freien\/set-esszimmer-garten-4-sitzer-rundholztisch-d130-java-light-serena\/#breadcrumb\"},\"inLanguage\":\"de\",\"potentialAction\":[{\"@type\":\"ReadAction\",\"target\":[\"https:\/\/keramamueblesdejardin.com\/de\/speisesale-im-freien\/set-esszimmer-garten-4-sitzer-rundholztisch-d130-java-light-serena\/\"]}]},{\"@type\":\"ImageObject\",\"inLanguage\":\"de\",\"@id\":\"https:\/\/keramamueblesdejardin.com\/de\/speisesale-im-freien\/set-esszimmer-garten-4-sitzer-rundholztisch-d130-java-light-serena\/#primaryimage\",\"url\":\"https:\/\/keramamueblesdejardin.com\/wp-content\/uploads\/2024\/10\/130-redonda-serena.jpg\",\"contentUrl\":\"https:\/\/keramamueblesdejardin.com\/wp-content\/uploads\/2024\/10\/130-redonda-serena.jpg\",\"width\":1200,\"height\":1200},{\"@type\":\"BreadcrumbList\",\"@id\":\"https:\/\/keramamueblesdejardin.com\/de\/speisesale-im-freien\/set-esszimmer-garten-4-sitzer-rundholztisch-d130-java-light-serena\/#breadcrumb\",\"itemListElement\":[{\"@type\":\"ListItem\",\"position\":1,\"name\":\"Home\",\"item\":\"https:\/\/keramamueblesdejardin.com\/de\/\"},{\"@type\":\"ListItem\",\"position\":2,\"name\":\"Laden\",\"item\":\"https:\/\/keramamueblesdejardin.com\/de\/laden\/\"},{\"@type\":\"ListItem\",\"position\":3,\"name\":\"Speises\u00e4le im Freien\",\"item\":\"https:\/\/keramamueblesdejardin.com\/de\/speisesale-im-freien\/\"},{\"@type\":\"ListItem\",\"position\":4,\"name\":\"4-Sitzer-Garten-Essgarnitur runder Holztisch d130 &#8211; Java Light &amp; Serena\"}]},{\"@type\":\"WebSite\",\"@id\":\"https:\/\/keramamueblesdejardin.com\/de\/#website\",\"url\":\"https:\/\/keramamueblesdejardin.com\/de\/\",\"name\":\"Kerama\",\"description\":\"muebles de jard\u00edn\",\"publisher\":{\"@id\":\"https:\/\/keramamueblesdejardin.com\/de\/#organization\"},\"potentialAction\":[{\"@type\":\"SearchAction\",\"target\":{\"@type\":\"EntryPoint\",\"urlTemplate\":\"https:\/\/keramamueblesdejardin.com\/de\/?s={search_term_string}\"},\"query-input\":{\"@type\":\"PropertyValueSpecification\",\"valueRequired\":true,\"valueName\":\"search_term_string\"}}],\"inLanguage\":\"de\"},{\"@type\":\"Organization\",\"@id\":\"https:\/\/keramamueblesdejardin.com\/de\/#organization\",\"name\":\"kerama\",\"url\":\"https:\/\/keramamueblesdejardin.com\/de\/\",\"logo\":{\"@type\":\"ImageObject\",\"inLanguage\":\"de\",\"@id\":\"https:\/\/keramamueblesdejardin.com\/de\/#\/schema\/logo\/image\/\",\"url\":\"https:\/\/keramamueblesdejardin.com\/wp-content\/uploads\/2020\/12\/k.-scaled.jpg\",\"contentUrl\":\"https:\/\/keramamueblesdejardin.com\/wp-content\/uploads\/2020\/12\/k.-scaled.jpg\",\"width\":2560,\"height\":551,\"caption\":\"kerama\"},\"image\":{\"@id\":\"https:\/\/keramamueblesdejardin.com\/de\/#\/schema\/logo\/image\/\"},\"sameAs\":[\"https:\/\/www.facebook.com\/Kerama-Muebles-de-Jard\u00edn-106209328312568\/\"]}]}<\/script>\n<!-- \/ Yoast SEO plugin. -->","yoast_head_json":{"title":"4-Sitzer-Garten-Essgarnitur runder Holztisch d130 - Java Light &amp; Serena - Kerama","robots":{"index":"index","follow":"follow","max-snippet":"max-snippet:-1","max-image-preview":"max-image-preview:large","max-video-preview":"max-video-preview:-1"},"canonical":"https:\/\/keramamueblesdejardin.com\/de\/speisesale-im-freien\/set-esszimmer-garten-4-sitzer-rundholztisch-d130-java-light-serena\/","og_locale":"de_DE","og_type":"article","og_title":"4-Sitzer-Garten-Essgarnitur runder Holztisch d130 - Java Light &amp; Serena - Kerama","og_description":"Runde Essgarnitur f\u00fcr 4 Sitze  Runder Tisch aus FSC-Akazienholz  Holzst\u00fchle, Seil und abnehmbare Kissen  Tisch: 130Tx75 cm, Stuhl: 63x58,5x84,5cm","og_url":"https:\/\/keramamueblesdejardin.com\/de\/speisesale-im-freien\/set-esszimmer-garten-4-sitzer-rundholztisch-d130-java-light-serena\/","og_site_name":"Kerama","article_publisher":"https:\/\/www.facebook.com\/Kerama-Muebles-de-Jard%c3%adn-106209328312568\/","og_image":[{"width":1200,"height":1200,"url":"https:\/\/keramamueblesdejardin.com\/wp-content\/uploads\/2024\/10\/130-redonda-serena.jpg","type":"image\/jpeg"}],"twitter_card":"summary_large_image","schema":{"@context":"https:\/\/schema.org","@graph":[{"@type":"WebPage","@id":"https:\/\/keramamueblesdejardin.com\/de\/speisesale-im-freien\/set-esszimmer-garten-4-sitzer-rundholztisch-d130-java-light-serena\/","url":"https:\/\/keramamueblesdejardin.com\/de\/speisesale-im-freien\/set-esszimmer-garten-4-sitzer-rundholztisch-d130-java-light-serena\/","name":"4-Sitzer-Garten-Essgarnitur runder Holztisch d130 - Java Light &amp; Serena - Kerama","isPartOf":{"@id":"https:\/\/keramamueblesdejardin.com\/de\/#website"},"primaryImageOfPage":{"@id":"https:\/\/keramamueblesdejardin.com\/de\/speisesale-im-freien\/set-esszimmer-garten-4-sitzer-rundholztisch-d130-java-light-serena\/#primaryimage"},"image":{"@id":"https:\/\/keramamueblesdejardin.com\/de\/speisesale-im-freien\/set-esszimmer-garten-4-sitzer-rundholztisch-d130-java-light-serena\/#primaryimage"},"thumbnailUrl":"https:\/\/keramamueblesdejardin.com\/wp-content\/uploads\/2024\/10\/130-redonda-serena.jpg","datePublished":"2024-10-22T09:39:04+00:00","breadcrumb":{"@id":"https:\/\/keramamueblesdejardin.com\/de\/speisesale-im-freien\/set-esszimmer-garten-4-sitzer-rundholztisch-d130-java-light-serena\/#breadcrumb"},"inLanguage":"de","potentialAction":[{"@type":"ReadAction","target":["https:\/\/keramamueblesdejardin.com\/de\/speisesale-im-freien\/set-esszimmer-garten-4-sitzer-rundholztisch-d130-java-light-serena\/"]}]},{"@type":"ImageObject","inLanguage":"de","@id":"https:\/\/keramamueblesdejardin.com\/de\/speisesale-im-freien\/set-esszimmer-garten-4-sitzer-rundholztisch-d130-java-light-serena\/#primaryimage","url":"https:\/\/keramamueblesdejardin.com\/wp-content\/uploads\/2024\/10\/130-redonda-serena.jpg","contentUrl":"https:\/\/keramamueblesdejardin.com\/wp-content\/uploads\/2024\/10\/130-redonda-serena.jpg","width":1200,"height":1200},{"@type":"BreadcrumbList","@id":"https:\/\/keramamueblesdejardin.com\/de\/speisesale-im-freien\/set-esszimmer-garten-4-sitzer-rundholztisch-d130-java-light-serena\/#breadcrumb","itemListElement":[{"@type":"ListItem","position":1,"name":"Home","item":"https:\/\/keramamueblesdejardin.com\/de\/"},{"@type":"ListItem","position":2,"name":"Laden","item":"https:\/\/keramamueblesdejardin.com\/de\/laden\/"},{"@type":"ListItem","position":3,"name":"Speises\u00e4le im Freien","item":"https:\/\/keramamueblesdejardin.com\/de\/speisesale-im-freien\/"},{"@type":"ListItem","position":4,"name":"4-Sitzer-Garten-Essgarnitur runder Holztisch d130 &#8211; Java Light &amp; Serena"}]},{"@type":"WebSite","@id":"https:\/\/keramamueblesdejardin.com\/de\/#website","url":"https:\/\/keramamueblesdejardin.com\/de\/","name":"Kerama","description":"muebles de jard\u00edn","publisher":{"@id":"https:\/\/keramamueblesdejardin.com\/de\/#organization"},"potentialAction":[{"@type":"SearchAction","target":{"@type":"EntryPoint","urlTemplate":"https:\/\/keramamueblesdejardin.com\/de\/?s={search_term_string}"},"query-input":{"@type":"PropertyValueSpecification","valueRequired":true,"valueName":"search_term_string"}}],"inLanguage":"de"},{"@type":"Organization","@id":"https:\/\/keramamueblesdejardin.com\/de\/#organization","name":"kerama","url":"https:\/\/keramamueblesdejardin.com\/de\/","logo":{"@type":"ImageObject","inLanguage":"de","@id":"https:\/\/keramamueblesdejardin.com\/de\/#\/schema\/logo\/image\/","url":"https:\/\/keramamueblesdejardin.com\/wp-content\/uploads\/2020\/12\/k.-scaled.jpg","contentUrl":"https:\/\/keramamueblesdejardin.com\/wp-content\/uploads\/2020\/12\/k.-scaled.jpg","width":2560,"height":551,"caption":"kerama"},"image":{"@id":"https:\/\/keramamueblesdejardin.com\/de\/#\/schema\/logo\/image\/"},"sameAs":["https:\/\/www.facebook.com\/Kerama-Muebles-de-Jard\u00edn-106209328312568\/"]}]}},"df_price":1159,"df_sale_price":1159,"df_regular_price":1385,"df_image_link":"https:\/\/keramamueblesdejardin.com\/wp-content\/uploads\/2024\/10\/130-redonda-serena-300x300.jpg","custom_tabs":[{"title":"MESSUNG","id":"messung","content":"<div class=\"list\"><strong>Hoch: <\/strong> Tisch 75cm \/ Stuhl 85cm<\/div>\n<div class=\"list\"><strong>Breit: <\/strong>Tisch 130cm \/ Stuhl 56,5cm<\/div>\n<div class=\"list\"><strong>Unteres: <\/strong>Tisch 130cm \/ Stuhl 53,5cm<\/div>"},{"title":"AUSPACKEN UND MONTIEREN","id":"auspacken-und-montieren","content":"<div class=\"list\"><strong style=\"font-weight: bold; color: #282828;\">Empfehlungen zum<\/strong> Auspacken: <span style=\"color: #282828;\"> Verwenden Sie beim Auspacken der M\u00f6bel keine scharfen Utensilien, da dies zu Besch\u00e4digungen f\u00fchren kann<\/span><br style=\"color: #282828;\"><strong style=\"font-weight: bold; color: #282828;\">Montage erforderlich (ja\/nein):<\/strong><span style=\"color: #282828;\"> Ja<\/span><br style=\"color: #282828;\"><strong style=\"font-weight: bold; color: #282828;\">Schwierigkeitsgrad der Montage:<\/strong><span style=\"color: #282828;\"> Niedrig<\/span><br style=\"color: #282828;\"><strong style=\"font-weight: bold; color: #282828;\">Aufbauzeit:<\/strong><span style=\"color: #282828;\"> 50 Minuten<\/span><br style=\"color: #282828;\"><strong style=\"font-weight: bold; color: #282828;\">Empfohlene Personen f\u00fcr die Montage:<\/strong><span style=\"color: #282828;\"> 2<\/span><br style=\"color: #282828;\"><strong style=\"font-weight: bold; color: #282828;\">Montagevorschl\u00e4ge:<\/strong><span style=\"color: #282828;\">  Bereiten Sie einen sauberen und trockenen Montagebereich vor und stellen Sie sicher, dass keines der im Handbuch angegebenen Teile fehlt. Wir empfehlen das Tragen von Montagehandschuhen. Verwenden Sie nur die mitgelieferten Teile und Hardware.<\/span><\/div>"},{"title":"WARTUNG UND GARANTIEN","id":"wartung-und-garantien","content":"<strong>Allgemeine Empfehlungen:<\/strong> \u2022 Pannen oder Sch\u00e4den, die verursacht werden durch: \u2022 Zuf\u00e4llige Ursachen wie St\u00fcrze, Schl\u00e4ge, Versch\u00fctten von Fl\u00fcssigkeiten, Einbringen von Fremdk\u00f6rpern sowie andere h\u00f6here Gewalt sind von der Garantie ausgeschlossen. \u2022 Fahrl\u00e4ssiger, unsachgem\u00e4\u00dfer oder nicht h\u00e4uslicher Gebrauch. \u2022 Besch\u00e4digungen, Korrosion und\/oder Oxidation, die durch ung\u00fcnstige Umweltbedingungen beschleunigt werden \u2022 Flecken und Verf\u00e4rbungen aufgrund der Nichtbeachtung unserer Reinigungshinweise \u2022 Sch\u00e4den, die w\u00e4hrend der Montage und Handhabung auftreten, ohne die angegebenen Montageanweisungen befolgt zu haben. <strong>Gebrauchs- und Pflegehinweise:<\/strong> \u2022 Vorsichtig mit einem Tuch reinigen oder eine neutrale Fl\u00fcssigseife verwenden und mit viel Wasser absp\u00fclen. \u2022 Entfernen Sie Staub regelm\u00e4\u00dfig mit Hilfe eines weichen Tuchs und klarem Wasser. \u2022 Verwenden Sie zum Reinigen keine Reinigungsmittel oder Scheuermittel. \u2022 Behandlung mit Lein\u00f6l: Vor dem Auftragen einer Schicht Lein\u00f6l auf das Produkt in seinem nat\u00fcrlichen Zustand ist es ratsam, es 2 bis 3 Wochen im Freien stehen zu lassen, um ein homogenes Aussehen zu erhalten und es zu bel\u00fcften. Mit einer B\u00fcrste mit klarem Wasser reinigen und trocknen lassen. Sobald es gut getrocknet ist, sollte es mit einem Schleifpapier mit einer Grammatur zwischen 120 und 150 sorgf\u00e4ltig und ohne Anziehen geschliffen werden, wobei so weit wie m\u00f6glich der Richtung der Adern gefolgt werden sollte. Diese Operation wird niemals in den fr\u00fchen Morgenstunden durchgef\u00fchrt. Um die Farbe zu erhalten, ist es ratsam, den Vorgang ein- bis zweimal im Jahr zu wiederholen. Wenn das Leinen\u00f6l bereits auf die M\u00f6bel aufgetragen wurde, empfiehlt es sich, es alle drei Jahre zu schleifen, damit die aufeinanderfolgenden \u00d6lschichten das Holz nicht am Schwitzen hindern. <strong>Garantiejahre:<\/strong> 3 Jahre <strong>Hergestellt gem\u00e4\u00df Norm:<\/strong> 581-1.581-2.581-3 <strong>FSC-Zertifizierung (ja\/nein):<\/strong> Ja"}],"_links":{"self":[{"href":"https:\/\/keramamueblesdejardin.com\/de\/wp-json\/wp\/v2\/product\/175419","targetHints":{"allow":["GET"]}}],"collection":[{"href":"https:\/\/keramamueblesdejardin.com\/de\/wp-json\/wp\/v2\/product"}],"about":[{"href":"https:\/\/keramamueblesdejardin.com\/de\/wp-json\/wp\/v2\/types\/product"}],"replies":[{"embeddable":true,"href":"https:\/\/keramamueblesdejardin.com\/de\/wp-json\/wp\/v2\/comments?post=175419"}],"wp:featuredmedia":[{"embeddable":true,"href":"https:\/\/keramamueblesdejardin.com\/de\/wp-json\/wp\/v2\/media\/170761"}],"wp:attachment":[{"href":"https:\/\/keramamueblesdejardin.com\/de\/wp-json\/wp\/v2\/media?parent=175419"}],"wp:term":[{"taxonomy":"product_brand","embeddable":true,"href":"https:\/\/keramamueblesdejardin.com\/de\/wp-json\/wp\/v2\/product_brand?post=175419"},{"taxonomy":"product_cat","embeddable":true,"href":"https:\/\/keramamueblesdejardin.com\/de\/wp-json\/wp\/v2\/product_cat?post=175419"},{"taxonomy":"product_tag","embeddable":true,"href":"https:\/\/keramamueblesdejardin.com\/de\/wp-json\/wp\/v2\/product_tag?post=175419"}],"curies":[{"name":"wp","href":"https:\/\/api.w.org\/{rel}","templated":true}]}}