{"id":175327,"date":"2024-10-11T12:18:15","date_gmt":"2024-10-11T10:18:15","guid":{"rendered":"https:\/\/keramamueblesdejardin.com\/unkategorisiert\/garten-esszimmer-keramik-holz-und-seil-8-sitze-ceramik-sizilien\/"},"modified":"2025-03-10T11:32:48","modified_gmt":"2025-03-10T10:32:48","slug":"garten-esszimmer-keramik-holz-und-seil-8-sitzer-ceramik-sizilien","status":"publish","type":"product","link":"https:\/\/keramamueblesdejardin.com\/de\/speisesale-im-freien\/gartentisch-und-stuhlgarnitur\/garten-esszimmer-keramik-holz-und-seil-8-sitzer-ceramik-sizilien\/","title":{"rendered":"Garten Esszimmer Keramik Holz und Seil 8 Sitze &#8211; Ceramik | Sizilien"},"content":{"rendered":"<p>Garten-Esszimmergarnitur mit Tisch und 8 St\u00fchlen aus Holz und Seil. Die Tische der Familie Ceramik sind mit einer robusten Struktur aus hellem Akazienholz und mit einer handgefertigten glasierten Keramikplatte mit den Ma\u00dfen 20x20cm gefertigt. Die handwerkliche Keramik, die in Castell\u00f3n hergestellt wird, ist die Daseinsberechtigung der Ceramik-Kollektion. Die Kombination beider Elemente f\u00fchrt zu einzigartigen St\u00fccken, die sich in alle Arten von Dekorationsstilen einf\u00fcgen und Ihre Terrasse oder Ihren Garten geschmackvoll gestalten. Die Sicilia-St\u00fchle sind aus einem sch\u00f6nen Akazienholz in heller Farbe gefertigt, begleitet von einem Polyesterseil, das von unseren Handwerkern in Beige handgeflochten wurde, und abnehmbaren Kissen aus Beige, das Leinen imitiert. Tisch: 205x105x75 cm, Stuhl: 53x60x80cm<\/p>\n","protected":false},"excerpt":{"rendered":"<ul>\n<li>8-Sitzer-Esszimmergarnitur<\/li>\n<li>Tisch mit Holzgestell und hydraulischer Keramikoberfl\u00e4che<\/li>\n<li>St\u00fchle mit Holz- und Seilstruktur<\/li>\n<li>Tisch: 205x105x75 cm, Stuhl: 53x60x80cm<\/li>\n<\/ul>\n","protected":false},"featured_media":170863,"comment_status":"closed","ping_status":"open","template":"","meta":{"_acf_changed":false},"product_brand":[],"product_cat":[3241,3238],"product_tag":[],"class_list":{"0":"post-175327","1":"product","2":"type-product","3":"status-publish","4":"has-post-thumbnail","6":"product_cat-gartentisch-und-stuhlgarnitur","7":"product_cat-speisesale-im-freien","8":"product_shipping_class-envio-gratuito-de","9":"pa_asientos-8-de","10":"pa_coleccion-keramik","11":"pa_coleccion-sizilien","12":"pa_material-holz","13":"pa_material-keramik","14":"pa_material-rattan-de","16":"first","17":"instock","18":"sale","19":"purchasable","20":"product-type-simple","21":"add-to-wishlist-before_image"},"acf":[],"yoast_head":"<!-- This site is optimized with the Yoast SEO plugin v27.2 - https:\/\/yoast.com\/product\/yoast-seo-wordpress\/ -->\n<title>Garten Esszimmer Keramik Holz und Seil 8 Sitze - Ceramik | Sizilien - Kerama<\/title>\n<meta name=\"robots\" content=\"index, follow, max-snippet:-1, max-image-preview:large, max-video-preview:-1\" \/>\n<link rel=\"canonical\" href=\"https:\/\/keramamueblesdejardin.com\/de\/speisesale-im-freien\/gartentisch-und-stuhlgarnitur\/garten-esszimmer-keramik-holz-und-seil-8-sitzer-ceramik-sizilien\/\" \/>\n<meta property=\"og:locale\" content=\"de_DE\" \/>\n<meta property=\"og:type\" content=\"article\" \/>\n<meta property=\"og:title\" content=\"Garten Esszimmer Keramik Holz und Seil 8 Sitze - Ceramik | Sizilien - Kerama\" \/>\n<meta property=\"og:description\" content=\"8-Sitzer-Esszimmergarnitur  Tisch mit Holzgestell und hydraulischer Keramikoberfl\u00e4che  St\u00fchle mit Holz- und Seilstruktur  Tisch: 205x105x75 cm, Stuhl: 53x60x80cm\" \/>\n<meta property=\"og:url\" content=\"https:\/\/keramamueblesdejardin.com\/de\/speisesale-im-freien\/gartentisch-und-stuhlgarnitur\/garten-esszimmer-keramik-holz-und-seil-8-sitzer-ceramik-sizilien\/\" \/>\n<meta property=\"og:site_name\" content=\"Kerama\" \/>\n<meta property=\"article:publisher\" content=\"https:\/\/www.facebook.com\/Kerama-Muebles-de-Jard%c3%adn-106209328312568\/\" \/>\n<meta property=\"article:modified_time\" content=\"2025-03-10T10:32:48+00:00\" \/>\n<meta property=\"og:image\" content=\"https:\/\/keramamueblesdejardin.com\/wp-content\/uploads\/2024\/10\/200-ceramica-sicilia-8.jpg\" \/>\n\t<meta property=\"og:image:width\" content=\"1200\" \/>\n\t<meta property=\"og:image:height\" content=\"1200\" \/>\n\t<meta property=\"og:image:type\" content=\"image\/jpeg\" \/>\n<meta name=\"twitter:card\" content=\"summary_large_image\" \/>\n<meta name=\"twitter:label1\" content=\"Gesch\u00e4tzte Lesezeit\" \/>\n\t<meta name=\"twitter:data1\" content=\"1\u00a0Minute\" \/>\n<script type=\"application\/ld+json\" class=\"yoast-schema-graph\">{\"@context\":\"https:\/\/schema.org\",\"@graph\":[{\"@type\":\"WebPage\",\"@id\":\"https:\/\/keramamueblesdejardin.com\/de\/speisesale-im-freien\/gartentisch-und-stuhlgarnitur\/garten-esszimmer-keramik-holz-und-seil-8-sitzer-ceramik-sizilien\/\",\"url\":\"https:\/\/keramamueblesdejardin.com\/de\/speisesale-im-freien\/gartentisch-und-stuhlgarnitur\/garten-esszimmer-keramik-holz-und-seil-8-sitzer-ceramik-sizilien\/\",\"name\":\"Garten Esszimmer Keramik Holz und Seil 8 Sitze - Ceramik | Sizilien - Kerama\",\"isPartOf\":{\"@id\":\"https:\/\/keramamueblesdejardin.com\/de\/#website\"},\"primaryImageOfPage\":{\"@id\":\"https:\/\/keramamueblesdejardin.com\/de\/speisesale-im-freien\/gartentisch-und-stuhlgarnitur\/garten-esszimmer-keramik-holz-und-seil-8-sitzer-ceramik-sizilien\/#primaryimage\"},\"image\":{\"@id\":\"https:\/\/keramamueblesdejardin.com\/de\/speisesale-im-freien\/gartentisch-und-stuhlgarnitur\/garten-esszimmer-keramik-holz-und-seil-8-sitzer-ceramik-sizilien\/#primaryimage\"},\"thumbnailUrl\":\"https:\/\/keramamueblesdejardin.com\/wp-content\/uploads\/2024\/10\/200-ceramica-sicilia-8.jpg\",\"datePublished\":\"2024-10-11T10:18:15+00:00\",\"dateModified\":\"2025-03-10T10:32:48+00:00\",\"breadcrumb\":{\"@id\":\"https:\/\/keramamueblesdejardin.com\/de\/speisesale-im-freien\/gartentisch-und-stuhlgarnitur\/garten-esszimmer-keramik-holz-und-seil-8-sitzer-ceramik-sizilien\/#breadcrumb\"},\"inLanguage\":\"de\",\"potentialAction\":[{\"@type\":\"ReadAction\",\"target\":[\"https:\/\/keramamueblesdejardin.com\/de\/speisesale-im-freien\/gartentisch-und-stuhlgarnitur\/garten-esszimmer-keramik-holz-und-seil-8-sitzer-ceramik-sizilien\/\"]}]},{\"@type\":\"ImageObject\",\"inLanguage\":\"de\",\"@id\":\"https:\/\/keramamueblesdejardin.com\/de\/speisesale-im-freien\/gartentisch-und-stuhlgarnitur\/garten-esszimmer-keramik-holz-und-seil-8-sitzer-ceramik-sizilien\/#primaryimage\",\"url\":\"https:\/\/keramamueblesdejardin.com\/wp-content\/uploads\/2024\/10\/200-ceramica-sicilia-8.jpg\",\"contentUrl\":\"https:\/\/keramamueblesdejardin.com\/wp-content\/uploads\/2024\/10\/200-ceramica-sicilia-8.jpg\",\"width\":1200,\"height\":1200},{\"@type\":\"BreadcrumbList\",\"@id\":\"https:\/\/keramamueblesdejardin.com\/de\/speisesale-im-freien\/gartentisch-und-stuhlgarnitur\/garten-esszimmer-keramik-holz-und-seil-8-sitzer-ceramik-sizilien\/#breadcrumb\",\"itemListElement\":[{\"@type\":\"ListItem\",\"position\":1,\"name\":\"Home\",\"item\":\"https:\/\/keramamueblesdejardin.com\/de\/\"},{\"@type\":\"ListItem\",\"position\":2,\"name\":\"Laden\",\"item\":\"https:\/\/keramamueblesdejardin.com\/de\/laden\/\"},{\"@type\":\"ListItem\",\"position\":3,\"name\":\"Speises\u00e4le im Freien\",\"item\":\"https:\/\/keramamueblesdejardin.com\/de\/speisesale-im-freien\/\"},{\"@type\":\"ListItem\",\"position\":4,\"name\":\"Gartentisch- und Stuhlgarnitur\",\"item\":\"https:\/\/keramamueblesdejardin.com\/de\/speisesale-im-freien\/gartentisch-und-stuhlgarnitur\/\"},{\"@type\":\"ListItem\",\"position\":5,\"name\":\"Garten Esszimmer Keramik Holz und Seil 8 Sitze &#8211; Ceramik | Sizilien\"}]},{\"@type\":\"WebSite\",\"@id\":\"https:\/\/keramamueblesdejardin.com\/de\/#website\",\"url\":\"https:\/\/keramamueblesdejardin.com\/de\/\",\"name\":\"Kerama\",\"description\":\"muebles de jard\u00edn\",\"publisher\":{\"@id\":\"https:\/\/keramamueblesdejardin.com\/de\/#organization\"},\"potentialAction\":[{\"@type\":\"SearchAction\",\"target\":{\"@type\":\"EntryPoint\",\"urlTemplate\":\"https:\/\/keramamueblesdejardin.com\/de\/?s={search_term_string}\"},\"query-input\":{\"@type\":\"PropertyValueSpecification\",\"valueRequired\":true,\"valueName\":\"search_term_string\"}}],\"inLanguage\":\"de\"},{\"@type\":\"Organization\",\"@id\":\"https:\/\/keramamueblesdejardin.com\/de\/#organization\",\"name\":\"kerama\",\"url\":\"https:\/\/keramamueblesdejardin.com\/de\/\",\"logo\":{\"@type\":\"ImageObject\",\"inLanguage\":\"de\",\"@id\":\"https:\/\/keramamueblesdejardin.com\/de\/#\/schema\/logo\/image\/\",\"url\":\"https:\/\/keramamueblesdejardin.com\/wp-content\/uploads\/2020\/12\/k.-scaled.jpg\",\"contentUrl\":\"https:\/\/keramamueblesdejardin.com\/wp-content\/uploads\/2020\/12\/k.-scaled.jpg\",\"width\":2560,\"height\":551,\"caption\":\"kerama\"},\"image\":{\"@id\":\"https:\/\/keramamueblesdejardin.com\/de\/#\/schema\/logo\/image\/\"},\"sameAs\":[\"https:\/\/www.facebook.com\/Kerama-Muebles-de-Jard\u00edn-106209328312568\/\"]}]}<\/script>\n<!-- \/ Yoast SEO plugin. -->","yoast_head_json":{"title":"Garten Esszimmer Keramik Holz und Seil 8 Sitze - Ceramik | Sizilien - Kerama","robots":{"index":"index","follow":"follow","max-snippet":"max-snippet:-1","max-image-preview":"max-image-preview:large","max-video-preview":"max-video-preview:-1"},"canonical":"https:\/\/keramamueblesdejardin.com\/de\/speisesale-im-freien\/gartentisch-und-stuhlgarnitur\/garten-esszimmer-keramik-holz-und-seil-8-sitzer-ceramik-sizilien\/","og_locale":"de_DE","og_type":"article","og_title":"Garten Esszimmer Keramik Holz und Seil 8 Sitze - Ceramik | Sizilien - Kerama","og_description":"8-Sitzer-Esszimmergarnitur  Tisch mit Holzgestell und hydraulischer Keramikoberfl\u00e4che  St\u00fchle mit Holz- und Seilstruktur  Tisch: 205x105x75 cm, Stuhl: 53x60x80cm","og_url":"https:\/\/keramamueblesdejardin.com\/de\/speisesale-im-freien\/gartentisch-und-stuhlgarnitur\/garten-esszimmer-keramik-holz-und-seil-8-sitzer-ceramik-sizilien\/","og_site_name":"Kerama","article_publisher":"https:\/\/www.facebook.com\/Kerama-Muebles-de-Jard%c3%adn-106209328312568\/","article_modified_time":"2025-03-10T10:32:48+00:00","og_image":[{"width":1200,"height":1200,"url":"https:\/\/keramamueblesdejardin.com\/wp-content\/uploads\/2024\/10\/200-ceramica-sicilia-8.jpg","type":"image\/jpeg"}],"twitter_card":"summary_large_image","twitter_misc":{"Gesch\u00e4tzte Lesezeit":"1\u00a0Minute"},"schema":{"@context":"https:\/\/schema.org","@graph":[{"@type":"WebPage","@id":"https:\/\/keramamueblesdejardin.com\/de\/speisesale-im-freien\/gartentisch-und-stuhlgarnitur\/garten-esszimmer-keramik-holz-und-seil-8-sitzer-ceramik-sizilien\/","url":"https:\/\/keramamueblesdejardin.com\/de\/speisesale-im-freien\/gartentisch-und-stuhlgarnitur\/garten-esszimmer-keramik-holz-und-seil-8-sitzer-ceramik-sizilien\/","name":"Garten Esszimmer Keramik Holz und Seil 8 Sitze - Ceramik | Sizilien - Kerama","isPartOf":{"@id":"https:\/\/keramamueblesdejardin.com\/de\/#website"},"primaryImageOfPage":{"@id":"https:\/\/keramamueblesdejardin.com\/de\/speisesale-im-freien\/gartentisch-und-stuhlgarnitur\/garten-esszimmer-keramik-holz-und-seil-8-sitzer-ceramik-sizilien\/#primaryimage"},"image":{"@id":"https:\/\/keramamueblesdejardin.com\/de\/speisesale-im-freien\/gartentisch-und-stuhlgarnitur\/garten-esszimmer-keramik-holz-und-seil-8-sitzer-ceramik-sizilien\/#primaryimage"},"thumbnailUrl":"https:\/\/keramamueblesdejardin.com\/wp-content\/uploads\/2024\/10\/200-ceramica-sicilia-8.jpg","datePublished":"2024-10-11T10:18:15+00:00","dateModified":"2025-03-10T10:32:48+00:00","breadcrumb":{"@id":"https:\/\/keramamueblesdejardin.com\/de\/speisesale-im-freien\/gartentisch-und-stuhlgarnitur\/garten-esszimmer-keramik-holz-und-seil-8-sitzer-ceramik-sizilien\/#breadcrumb"},"inLanguage":"de","potentialAction":[{"@type":"ReadAction","target":["https:\/\/keramamueblesdejardin.com\/de\/speisesale-im-freien\/gartentisch-und-stuhlgarnitur\/garten-esszimmer-keramik-holz-und-seil-8-sitzer-ceramik-sizilien\/"]}]},{"@type":"ImageObject","inLanguage":"de","@id":"https:\/\/keramamueblesdejardin.com\/de\/speisesale-im-freien\/gartentisch-und-stuhlgarnitur\/garten-esszimmer-keramik-holz-und-seil-8-sitzer-ceramik-sizilien\/#primaryimage","url":"https:\/\/keramamueblesdejardin.com\/wp-content\/uploads\/2024\/10\/200-ceramica-sicilia-8.jpg","contentUrl":"https:\/\/keramamueblesdejardin.com\/wp-content\/uploads\/2024\/10\/200-ceramica-sicilia-8.jpg","width":1200,"height":1200},{"@type":"BreadcrumbList","@id":"https:\/\/keramamueblesdejardin.com\/de\/speisesale-im-freien\/gartentisch-und-stuhlgarnitur\/garten-esszimmer-keramik-holz-und-seil-8-sitzer-ceramik-sizilien\/#breadcrumb","itemListElement":[{"@type":"ListItem","position":1,"name":"Home","item":"https:\/\/keramamueblesdejardin.com\/de\/"},{"@type":"ListItem","position":2,"name":"Laden","item":"https:\/\/keramamueblesdejardin.com\/de\/laden\/"},{"@type":"ListItem","position":3,"name":"Speises\u00e4le im Freien","item":"https:\/\/keramamueblesdejardin.com\/de\/speisesale-im-freien\/"},{"@type":"ListItem","position":4,"name":"Gartentisch- und Stuhlgarnitur","item":"https:\/\/keramamueblesdejardin.com\/de\/speisesale-im-freien\/gartentisch-und-stuhlgarnitur\/"},{"@type":"ListItem","position":5,"name":"Garten Esszimmer Keramik Holz und Seil 8 Sitze &#8211; Ceramik | Sizilien"}]},{"@type":"WebSite","@id":"https:\/\/keramamueblesdejardin.com\/de\/#website","url":"https:\/\/keramamueblesdejardin.com\/de\/","name":"Kerama","description":"muebles de jard\u00edn","publisher":{"@id":"https:\/\/keramamueblesdejardin.com\/de\/#organization"},"potentialAction":[{"@type":"SearchAction","target":{"@type":"EntryPoint","urlTemplate":"https:\/\/keramamueblesdejardin.com\/de\/?s={search_term_string}"},"query-input":{"@type":"PropertyValueSpecification","valueRequired":true,"valueName":"search_term_string"}}],"inLanguage":"de"},{"@type":"Organization","@id":"https:\/\/keramamueblesdejardin.com\/de\/#organization","name":"kerama","url":"https:\/\/keramamueblesdejardin.com\/de\/","logo":{"@type":"ImageObject","inLanguage":"de","@id":"https:\/\/keramamueblesdejardin.com\/de\/#\/schema\/logo\/image\/","url":"https:\/\/keramamueblesdejardin.com\/wp-content\/uploads\/2020\/12\/k.-scaled.jpg","contentUrl":"https:\/\/keramamueblesdejardin.com\/wp-content\/uploads\/2020\/12\/k.-scaled.jpg","width":2560,"height":551,"caption":"kerama"},"image":{"@id":"https:\/\/keramamueblesdejardin.com\/de\/#\/schema\/logo\/image\/"},"sameAs":["https:\/\/www.facebook.com\/Kerama-Muebles-de-Jard\u00edn-106209328312568\/"]}]}},"df_price":2579,"df_sale_price":2579,"df_regular_price":3098,"df_image_link":"https:\/\/keramamueblesdejardin.com\/wp-content\/uploads\/2024\/10\/200-ceramica-sicilia-8-300x300.jpg","custom_tabs":[{"title":"MESSUNG","id":"messung","content":"<div class=\"list\"><strong>Hoch: <\/strong>Tisch 75cm \/ Stuhl 80cm<\/div>\n<div class=\"list\"><strong>Breit: <\/strong>Tisch 205cm \/ Stuhl 53cm<\/div>\n<div class=\"list\"><strong>Unteres: <\/strong>Tisch 105cm\/ Stuhl 60cm<\/div>\n<div><\/div>"},{"title":"AUSPACKEN UND MONTIEREN","id":"auspacken-und-montieren","content":"<div class=\"list\"><strong style=\"font-weight: bold; color: #282828;\">Empfehlungen zum<\/strong> Auspacken: <span style=\"color: #282828;\"> Verwenden Sie beim Auspacken der M\u00f6bel keine scharfen Utensilien, da dies zu Besch\u00e4digungen f\u00fchren kann<\/span><br style=\"color: #282828;\"><strong style=\"font-weight: bold; color: #282828;\">Montage erforderlich (ja\/nein):<\/strong><span style=\"color: #282828;\"> Ja<\/span><br style=\"color: #282828;\"><strong style=\"font-weight: bold; color: #282828;\">Schwierigkeitsgrad der Montage:<\/strong><span style=\"color: #282828;\"> Niedrig<\/span><br style=\"color: #282828;\"><strong style=\"font-weight: bold; color: #282828;\">Montagezeit:<\/strong><span style=\"color: #282828;\"> 90 Minuten<\/span><br style=\"color: #282828;\"><strong style=\"font-weight: bold; color: #282828;\">Empfohlene Personen f\u00fcr die Montage:<\/strong><span style=\"color: #282828;\"> 2<\/span><br style=\"color: #282828;\"><strong style=\"font-weight: bold; color: #282828;\">Montagevorschl\u00e4ge:<\/strong><span style=\"color: #282828;\">  Bereiten Sie einen sauberen und trockenen Montagebereich vor und stellen Sie sicher, dass keines der im Handbuch angegebenen Teile fehlt. Wir empfehlen das Tragen von Montagehandschuhen. Verwenden Sie nur mitgelieferte Teile und Hardware<\/span><\/div>"},{"title":"WARTUNG UND GARANTIEN","id":"wartung-und-garantien","content":"<strong>Allgemeine Empfehlungen:<\/strong> \u2022 Pannen oder Sch\u00e4den, die verursacht werden durch: \u2022 Zuf\u00e4llige Ursachen wie St\u00fcrze, Schl\u00e4ge, Versch\u00fctten von Fl\u00fcssigkeiten, Einbringen von Fremdk\u00f6rpern sowie andere h\u00f6here Gewalt sind von der Garantie ausgeschlossen. \u2022 Fahrl\u00e4ssiger, unsachgem\u00e4\u00dfer oder nicht h\u00e4uslicher Gebrauch. \u2022 Besch\u00e4digungen, Korrosion und\/oder Oxidation, die durch ung\u00fcnstige Umweltbedingungen beschleunigt werden \u2022 Flecken und Verf\u00e4rbungen aufgrund der Nichtbeachtung unserer Reinigungshinweise \u2022 Sch\u00e4den, die w\u00e4hrend der Montage und Handhabung auftreten, ohne die angegebenen Montageanweisungen befolgt zu haben. <strong>Gebrauchs- und Pflegehinweise:<\/strong> \u2022 Vorsichtig mit einem Tuch reinigen oder eine neutrale Fl\u00fcssigseife verwenden und mit viel Wasser absp\u00fclen. \u2022 Entfernen Sie Staub regelm\u00e4\u00dfig mit Hilfe eines weichen Tuchs und klarem Wasser. \u2022 Verwenden Sie zum Reinigen keine Reinigungsmittel oder Scheuermittel. \u2022 Behandlung mit Lein\u00f6l: Vor dem Auftragen einer Schicht Lein\u00f6l auf das Produkt in seinem nat\u00fcrlichen Zustand ist es ratsam, es 2 bis 3 Wochen im Freien stehen zu lassen, um ein homogenes Aussehen zu erhalten und es zu bel\u00fcften. Mit einer B\u00fcrste mit klarem Wasser reinigen und trocknen lassen. Sobald es gut getrocknet ist, sollte es mit einem Schleifpapier mit einer Grammatur zwischen 120 und 150 sorgf\u00e4ltig und ohne Anziehen geschliffen werden, wobei so weit wie m\u00f6glich der Richtung der Adern gefolgt werden sollte. Diese Operation wird niemals in den fr\u00fchen Morgenstunden durchgef\u00fchrt. Um die Farbe zu erhalten, ist es ratsam, den Vorgang ein- bis zweimal im Jahr zu wiederholen. Wenn das Leinen\u00f6l bereits auf die M\u00f6bel aufgetragen wurde, empfiehlt es sich, es alle drei Jahre zu schleifen, damit die aufeinanderfolgenden \u00d6lschichten das Holz nicht am Schwitzen hindern. <strong>Garantiejahre:<\/strong> 3 Jahre <strong>Hergestellt gem\u00e4\u00df Norm:<\/strong> 581-1.581-2.581-3 <strong>FSC-Zertifizierung (ja\/nein):<\/strong> Ja"}],"_links":{"self":[{"href":"https:\/\/keramamueblesdejardin.com\/de\/wp-json\/wp\/v2\/product\/175327","targetHints":{"allow":["GET"]}}],"collection":[{"href":"https:\/\/keramamueblesdejardin.com\/de\/wp-json\/wp\/v2\/product"}],"about":[{"href":"https:\/\/keramamueblesdejardin.com\/de\/wp-json\/wp\/v2\/types\/product"}],"replies":[{"embeddable":true,"href":"https:\/\/keramamueblesdejardin.com\/de\/wp-json\/wp\/v2\/comments?post=175327"}],"wp:featuredmedia":[{"embeddable":true,"href":"https:\/\/keramamueblesdejardin.com\/de\/wp-json\/wp\/v2\/media\/170863"}],"wp:attachment":[{"href":"https:\/\/keramamueblesdejardin.com\/de\/wp-json\/wp\/v2\/media?parent=175327"}],"wp:term":[{"taxonomy":"product_brand","embeddable":true,"href":"https:\/\/keramamueblesdejardin.com\/de\/wp-json\/wp\/v2\/product_brand?post=175327"},{"taxonomy":"product_cat","embeddable":true,"href":"https:\/\/keramamueblesdejardin.com\/de\/wp-json\/wp\/v2\/product_cat?post=175327"},{"taxonomy":"product_tag","embeddable":true,"href":"https:\/\/keramamueblesdejardin.com\/de\/wp-json\/wp\/v2\/product_tag?post=175327"}],"curies":[{"name":"wp","href":"https:\/\/api.w.org\/{rel}","templated":true}]}}