{"id":175294,"date":"2024-12-03T12:10:22","date_gmt":"2024-12-03T11:10:22","guid":{"rendered":"https:\/\/keramamueblesdejardin.com\/unkategorisiert\/soho-6-sitzer-set-mit-geschwungenem-gartensofa-und-2-nachttischen\/"},"modified":"2024-12-03T12:10:22","modified_gmt":"2024-12-03T11:10:22","slug":"6-sitzer-geschwungenes-sofa-gartengarnitur-und-2-soho-nachttische","status":"publish","type":"product","link":"https:\/\/keramamueblesdejardin.com\/de\/unkategorisiert\/6-sitzer-geschwungenes-sofa-gartengarnitur-und-2-soho-nachttische\/","title":{"rendered":"Soho 6-Sitzer-Set mit geschwungenem Gartensofa und 2 Nachttischen"},"content":{"rendered":"<p><span data-sheets-root=\"1\">Das Design der Soho-Kollektion kombiniert abgerundete Formen mit organischen und ergonomischen Linien sowie exzellentem Sitzkomfort. Die Kollektion besteht aus FSC-zertifiziertem Teakholz und modularem epoxidlackiertem Aluminium und kann nach Belieben kombiniert und mit einfachen Beinwechseln, Drehen der Rahmen und R\u00fcckenlehne in der Position austauschbar werden. Zus\u00e4tzlich zu diesen Hauptst\u00fccken umfasst die Kollektion auch mobile Beistelltische. Diese Tische sind so konzipiert, dass sie \u00fcberall an den Seiten oder an der Vorderseite der Elemente Platz finden und so mehr Flexibilit\u00e4t bieten. Die Beine sind h\u00f6henverstellbar.    <\/span>  Das Set enth\u00e4lt Abdeckungen, um sie w\u00e4hrend des Winters zu verstauen. Sofa: 174,5x116x72,5 cm Sofa: 188,5&#215;155,5&#215;72,5 cm Sessel: 80x80x72,5 Teakholztisch: 60&#215;22 cm Keramiktisch: 80&#215;22 cm Beistelltisch: 44&#215;34 cm Sitzh\u00f6he 38cm Beige Aluminiumstruktur FSC Teakholz Modular und vielseitig Ma\u00dfe: Sofa: 174,5x116x72,5cm, Sofa: 188,5&#215;155,5&#215;72,5cm, Sessel: 80x80x72,5, Teakholztisch: 60x22cm, Keramiktisch: 80x22cm, Beistelltisch:  44x34cm <\/p>\n","protected":false},"excerpt":{"rendered":"<ul>\n<li>Beige Aluminiumstruktur<\/li>\n<li>FSC Teakholz<\/li>\n<li>Modular und vielseitig einsetzbar<\/li>\n<li>Ma\u00dfe: Sofa: 174,5x116x72,5cm, Sofa: 188,5\u00d7155,5\u00d772,5cm, Sessel: 80x80x72,5cm, Teakholztisch: 60x22cm, Keramiktisch: 80x22cm, Beistelltisch: 44x34cm<\/li>\n<\/ul>\n","protected":false},"featured_media":171627,"comment_status":"open","ping_status":"closed","template":"","meta":{"_acf_changed":false},"product_brand":[],"product_cat":[],"product_tag":[],"class_list":{"0":"post-175294","1":"product","2":"type-product","3":"status-publish","4":"has-post-thumbnail","7":"first","8":"instock","9":"sale","10":"shipping-taxable","11":"purchasable","12":"product-type-simple","13":"add-to-wishlist-before_image"},"acf":[],"yoast_head":"<!-- This site is optimized with the Yoast SEO plugin v27.4 - https:\/\/yoast.com\/product\/yoast-seo-wordpress\/ -->\n<title>Soho 6-Sitzer-Set mit geschwungenem Gartensofa und 2 Nachttischen - Kerama<\/title>\n<meta name=\"robots\" content=\"index, follow, max-snippet:-1, max-image-preview:large, max-video-preview:-1\" \/>\n<link rel=\"canonical\" href=\"https:\/\/keramamueblesdejardin.com\/de\/unkategorisiert\/6-sitzer-geschwungenes-sofa-gartengarnitur-und-2-soho-nachttische\/\" \/>\n<meta property=\"og:locale\" content=\"de_DE\" \/>\n<meta property=\"og:type\" content=\"article\" \/>\n<meta property=\"og:title\" content=\"Soho 6-Sitzer-Set mit geschwungenem Gartensofa und 2 Nachttischen - Kerama\" \/>\n<meta property=\"og:description\" content=\"Beige Aluminiumstruktur  FSC Teakholz  Modular und vielseitig einsetzbar  Ma\u00dfe: Sofa: 174,5x116x72,5cm, Sofa: 188,5\u00d7155,5\u00d772,5cm, Sessel: 80x80x72,5cm, Teakholztisch: 60x22cm, Keramiktisch: 80x22cm, Beistelltisch: 44x34cm\" \/>\n<meta property=\"og:url\" content=\"https:\/\/keramamueblesdejardin.com\/de\/unkategorisiert\/6-sitzer-geschwungenes-sofa-gartengarnitur-und-2-soho-nachttische\/\" \/>\n<meta property=\"og:site_name\" content=\"Kerama\" \/>\n<meta property=\"article:publisher\" content=\"https:\/\/www.facebook.com\/Kerama-Muebles-de-Jard%c3%adn-106209328312568\/\" \/>\n<meta property=\"og:image\" content=\"https:\/\/keramamueblesdejardin.com\/wp-content\/uploads\/2024\/10\/conjunto-saona.jpg\" \/>\n\t<meta property=\"og:image:width\" content=\"1200\" \/>\n\t<meta property=\"og:image:height\" content=\"1200\" \/>\n\t<meta property=\"og:image:type\" content=\"image\/jpeg\" \/>\n<meta name=\"twitter:card\" content=\"summary_large_image\" \/>\n<meta name=\"twitter:label1\" content=\"Gesch\u00e4tzte Lesezeit\" \/>\n\t<meta name=\"twitter:data1\" content=\"1\u00a0Minute\" \/>\n<script type=\"application\/ld+json\" class=\"yoast-schema-graph\">{\"@context\":\"https:\\\/\\\/schema.org\",\"@graph\":[{\"@type\":\"WebPage\",\"@id\":\"https:\\\/\\\/keramamueblesdejardin.com\\\/de\\\/unkategorisiert\\\/6-sitzer-geschwungenes-sofa-gartengarnitur-und-2-soho-nachttische\\\/\",\"url\":\"https:\\\/\\\/keramamueblesdejardin.com\\\/de\\\/unkategorisiert\\\/6-sitzer-geschwungenes-sofa-gartengarnitur-und-2-soho-nachttische\\\/\",\"name\":\"Soho 6-Sitzer-Set mit geschwungenem Gartensofa und 2 Nachttischen - Kerama\",\"isPartOf\":{\"@id\":\"https:\\\/\\\/keramamueblesdejardin.com\\\/de\\\/#website\"},\"primaryImageOfPage\":{\"@id\":\"https:\\\/\\\/keramamueblesdejardin.com\\\/de\\\/unkategorisiert\\\/6-sitzer-geschwungenes-sofa-gartengarnitur-und-2-soho-nachttische\\\/#primaryimage\"},\"image\":{\"@id\":\"https:\\\/\\\/keramamueblesdejardin.com\\\/de\\\/unkategorisiert\\\/6-sitzer-geschwungenes-sofa-gartengarnitur-und-2-soho-nachttische\\\/#primaryimage\"},\"thumbnailUrl\":\"https:\\\/\\\/keramamueblesdejardin.com\\\/wp-content\\\/uploads\\\/2024\\\/10\\\/conjunto-saona.jpg\",\"datePublished\":\"2024-12-03T11:10:22+00:00\",\"breadcrumb\":{\"@id\":\"https:\\\/\\\/keramamueblesdejardin.com\\\/de\\\/unkategorisiert\\\/6-sitzer-geschwungenes-sofa-gartengarnitur-und-2-soho-nachttische\\\/#breadcrumb\"},\"inLanguage\":\"de\",\"potentialAction\":[{\"@type\":\"ReadAction\",\"target\":[\"https:\\\/\\\/keramamueblesdejardin.com\\\/de\\\/unkategorisiert\\\/6-sitzer-geschwungenes-sofa-gartengarnitur-und-2-soho-nachttische\\\/\"]}]},{\"@type\":\"ImageObject\",\"inLanguage\":\"de\",\"@id\":\"https:\\\/\\\/keramamueblesdejardin.com\\\/de\\\/unkategorisiert\\\/6-sitzer-geschwungenes-sofa-gartengarnitur-und-2-soho-nachttische\\\/#primaryimage\",\"url\":\"https:\\\/\\\/keramamueblesdejardin.com\\\/wp-content\\\/uploads\\\/2024\\\/10\\\/conjunto-saona.jpg\",\"contentUrl\":\"https:\\\/\\\/keramamueblesdejardin.com\\\/wp-content\\\/uploads\\\/2024\\\/10\\\/conjunto-saona.jpg\",\"width\":1200,\"height\":1200},{\"@type\":\"BreadcrumbList\",\"@id\":\"https:\\\/\\\/keramamueblesdejardin.com\\\/de\\\/unkategorisiert\\\/6-sitzer-geschwungenes-sofa-gartengarnitur-und-2-soho-nachttische\\\/#breadcrumb\",\"itemListElement\":[{\"@type\":\"ListItem\",\"position\":1,\"name\":\"Home\",\"item\":\"https:\\\/\\\/keramamueblesdejardin.com\\\/de\\\/\"},{\"@type\":\"ListItem\",\"position\":2,\"name\":\"Laden\",\"item\":\"https:\\\/\\\/keramamueblesdejardin.com\\\/de\\\/laden\\\/\"},{\"@type\":\"ListItem\",\"position\":3,\"name\":\"Lounges im Freien\",\"item\":\"https:\\\/\\\/keramamueblesdejardin.com\\\/de\\\/lounges-im-freien\\\/\"},{\"@type\":\"ListItem\",\"position\":4,\"name\":\"Garten-Sets\",\"item\":\"https:\\\/\\\/keramamueblesdejardin.com\\\/de\\\/lounges-im-freien\\\/garten-sets\\\/\"},{\"@type\":\"ListItem\",\"position\":5,\"name\":\"Soho 6-Sitzer-Set mit geschwungenem Gartensofa und 2 Nachttischen\"}]},{\"@type\":\"WebSite\",\"@id\":\"https:\\\/\\\/keramamueblesdejardin.com\\\/de\\\/#website\",\"url\":\"https:\\\/\\\/keramamueblesdejardin.com\\\/de\\\/\",\"name\":\"Kerama\",\"description\":\"muebles de jard\u00edn\",\"publisher\":{\"@id\":\"https:\\\/\\\/keramamueblesdejardin.com\\\/de\\\/#organization\"},\"potentialAction\":[{\"@type\":\"SearchAction\",\"target\":{\"@type\":\"EntryPoint\",\"urlTemplate\":\"https:\\\/\\\/keramamueblesdejardin.com\\\/de\\\/?s={search_term_string}\"},\"query-input\":{\"@type\":\"PropertyValueSpecification\",\"valueRequired\":true,\"valueName\":\"search_term_string\"}}],\"inLanguage\":\"de\"},{\"@type\":\"Organization\",\"@id\":\"https:\\\/\\\/keramamueblesdejardin.com\\\/de\\\/#organization\",\"name\":\"kerama\",\"url\":\"https:\\\/\\\/keramamueblesdejardin.com\\\/de\\\/\",\"logo\":{\"@type\":\"ImageObject\",\"inLanguage\":\"de\",\"@id\":\"https:\\\/\\\/keramamueblesdejardin.com\\\/de\\\/#\\\/schema\\\/logo\\\/image\\\/\",\"url\":\"https:\\\/\\\/keramamueblesdejardin.com\\\/wp-content\\\/uploads\\\/2020\\\/12\\\/k.-scaled.jpg\",\"contentUrl\":\"https:\\\/\\\/keramamueblesdejardin.com\\\/wp-content\\\/uploads\\\/2020\\\/12\\\/k.-scaled.jpg\",\"width\":2560,\"height\":551,\"caption\":\"kerama\"},\"image\":{\"@id\":\"https:\\\/\\\/keramamueblesdejardin.com\\\/de\\\/#\\\/schema\\\/logo\\\/image\\\/\"},\"sameAs\":[\"https:\\\/\\\/www.facebook.com\\\/Kerama-Muebles-de-Jard\u00edn-106209328312568\\\/\"]}]}<\/script>\n<!-- \/ Yoast SEO plugin. -->","yoast_head_json":{"title":"Soho 6-Sitzer-Set mit geschwungenem Gartensofa und 2 Nachttischen - Kerama","robots":{"index":"index","follow":"follow","max-snippet":"max-snippet:-1","max-image-preview":"max-image-preview:large","max-video-preview":"max-video-preview:-1"},"canonical":"https:\/\/keramamueblesdejardin.com\/de\/unkategorisiert\/6-sitzer-geschwungenes-sofa-gartengarnitur-und-2-soho-nachttische\/","og_locale":"de_DE","og_type":"article","og_title":"Soho 6-Sitzer-Set mit geschwungenem Gartensofa und 2 Nachttischen - Kerama","og_description":"Beige Aluminiumstruktur  FSC Teakholz  Modular und vielseitig einsetzbar  Ma\u00dfe: Sofa: 174,5x116x72,5cm, Sofa: 188,5\u00d7155,5\u00d772,5cm, Sessel: 80x80x72,5cm, Teakholztisch: 60x22cm, Keramiktisch: 80x22cm, Beistelltisch: 44x34cm","og_url":"https:\/\/keramamueblesdejardin.com\/de\/unkategorisiert\/6-sitzer-geschwungenes-sofa-gartengarnitur-und-2-soho-nachttische\/","og_site_name":"Kerama","article_publisher":"https:\/\/www.facebook.com\/Kerama-Muebles-de-Jard%c3%adn-106209328312568\/","og_image":[{"width":1200,"height":1200,"url":"https:\/\/keramamueblesdejardin.com\/wp-content\/uploads\/2024\/10\/conjunto-saona.jpg","type":"image\/jpeg"}],"twitter_card":"summary_large_image","twitter_misc":{"Gesch\u00e4tzte Lesezeit":"1\u00a0Minute"},"schema":{"@context":"https:\/\/schema.org","@graph":[{"@type":"WebPage","@id":"https:\/\/keramamueblesdejardin.com\/de\/unkategorisiert\/6-sitzer-geschwungenes-sofa-gartengarnitur-und-2-soho-nachttische\/","url":"https:\/\/keramamueblesdejardin.com\/de\/unkategorisiert\/6-sitzer-geschwungenes-sofa-gartengarnitur-und-2-soho-nachttische\/","name":"Soho 6-Sitzer-Set mit geschwungenem Gartensofa und 2 Nachttischen - Kerama","isPartOf":{"@id":"https:\/\/keramamueblesdejardin.com\/de\/#website"},"primaryImageOfPage":{"@id":"https:\/\/keramamueblesdejardin.com\/de\/unkategorisiert\/6-sitzer-geschwungenes-sofa-gartengarnitur-und-2-soho-nachttische\/#primaryimage"},"image":{"@id":"https:\/\/keramamueblesdejardin.com\/de\/unkategorisiert\/6-sitzer-geschwungenes-sofa-gartengarnitur-und-2-soho-nachttische\/#primaryimage"},"thumbnailUrl":"https:\/\/keramamueblesdejardin.com\/wp-content\/uploads\/2024\/10\/conjunto-saona.jpg","datePublished":"2024-12-03T11:10:22+00:00","breadcrumb":{"@id":"https:\/\/keramamueblesdejardin.com\/de\/unkategorisiert\/6-sitzer-geschwungenes-sofa-gartengarnitur-und-2-soho-nachttische\/#breadcrumb"},"inLanguage":"de","potentialAction":[{"@type":"ReadAction","target":["https:\/\/keramamueblesdejardin.com\/de\/unkategorisiert\/6-sitzer-geschwungenes-sofa-gartengarnitur-und-2-soho-nachttische\/"]}]},{"@type":"ImageObject","inLanguage":"de","@id":"https:\/\/keramamueblesdejardin.com\/de\/unkategorisiert\/6-sitzer-geschwungenes-sofa-gartengarnitur-und-2-soho-nachttische\/#primaryimage","url":"https:\/\/keramamueblesdejardin.com\/wp-content\/uploads\/2024\/10\/conjunto-saona.jpg","contentUrl":"https:\/\/keramamueblesdejardin.com\/wp-content\/uploads\/2024\/10\/conjunto-saona.jpg","width":1200,"height":1200},{"@type":"BreadcrumbList","@id":"https:\/\/keramamueblesdejardin.com\/de\/unkategorisiert\/6-sitzer-geschwungenes-sofa-gartengarnitur-und-2-soho-nachttische\/#breadcrumb","itemListElement":[{"@type":"ListItem","position":1,"name":"Home","item":"https:\/\/keramamueblesdejardin.com\/de\/"},{"@type":"ListItem","position":2,"name":"Laden","item":"https:\/\/keramamueblesdejardin.com\/de\/laden\/"},{"@type":"ListItem","position":3,"name":"Lounges im Freien","item":"https:\/\/keramamueblesdejardin.com\/de\/lounges-im-freien\/"},{"@type":"ListItem","position":4,"name":"Garten-Sets","item":"https:\/\/keramamueblesdejardin.com\/de\/lounges-im-freien\/garten-sets\/"},{"@type":"ListItem","position":5,"name":"Soho 6-Sitzer-Set mit geschwungenem Gartensofa und 2 Nachttischen"}]},{"@type":"WebSite","@id":"https:\/\/keramamueblesdejardin.com\/de\/#website","url":"https:\/\/keramamueblesdejardin.com\/de\/","name":"Kerama","description":"muebles de jard\u00edn","publisher":{"@id":"https:\/\/keramamueblesdejardin.com\/de\/#organization"},"potentialAction":[{"@type":"SearchAction","target":{"@type":"EntryPoint","urlTemplate":"https:\/\/keramamueblesdejardin.com\/de\/?s={search_term_string}"},"query-input":{"@type":"PropertyValueSpecification","valueRequired":true,"valueName":"search_term_string"}}],"inLanguage":"de"},{"@type":"Organization","@id":"https:\/\/keramamueblesdejardin.com\/de\/#organization","name":"kerama","url":"https:\/\/keramamueblesdejardin.com\/de\/","logo":{"@type":"ImageObject","inLanguage":"de","@id":"https:\/\/keramamueblesdejardin.com\/de\/#\/schema\/logo\/image\/","url":"https:\/\/keramamueblesdejardin.com\/wp-content\/uploads\/2020\/12\/k.-scaled.jpg","contentUrl":"https:\/\/keramamueblesdejardin.com\/wp-content\/uploads\/2020\/12\/k.-scaled.jpg","width":2560,"height":551,"caption":"kerama"},"image":{"@id":"https:\/\/keramamueblesdejardin.com\/de\/#\/schema\/logo\/image\/"},"sameAs":["https:\/\/www.facebook.com\/Kerama-Muebles-de-Jard\u00edn-106209328312568\/"]}]}},"df_price":5415,"df_sale_price":5415,"df_regular_price":6823,"df_image_link":"https:\/\/keramamueblesdejardin.com\/wp-content\/uploads\/2024\/10\/conjunto-saona-300x300.jpg","custom_tabs":[{"title":"MESSUNG","id":"messung","content":"<div class=\"list\"><span data-sheets-root=\"1\"><strong>Sofa:<\/strong> 174,5x116x72,5 cm <strong>Sofa:<\/strong> 188,5x155,5x72,5 cm <strong>Sessel:<\/strong> 80x80x72,5cm <strong>Teakholztisch:<\/strong> 60x22 cm <strong>Keramiktisch:<\/strong> 80x22 cm <strong>Beistelltisch:<\/strong> 44x34 cm <strong>Sitzh\u00f6he:<\/strong> 38cm  <\/span><\/div>"},{"title":"AUSPACKEN UND MONTIEREN","id":"auspacken-und-montieren","content":"<div class=\"list\"><strong style=\"font-weight: bold; color: #282828;\">Empfehlungen zum<\/strong> Auspacken: <span style=\"color: #282828;\"> Verwenden Sie beim Auspacken der M\u00f6bel keine scharfen Utensilien, da dies zu Besch\u00e4digungen f\u00fchren kann<\/span><br style=\"color: #282828;\"><strong style=\"font-weight: bold; color: #282828;\">Montage erforderlich (ja\/nein):<\/strong><span style=\"color: #282828;\"> Ja<\/span><br style=\"color: #282828;\"><strong style=\"font-weight: bold; color: #282828;\">Schwierigkeitsgrad der Montage:<\/strong><span style=\"color: #282828;\"> Niedrig<\/span><br style=\"color: #282828;\"><strong style=\"font-weight: bold; color: #282828;\">Montagezeit:<\/strong><span style=\"color: #282828;\"> 20 Minuten<\/span><br style=\"color: #282828;\"><strong style=\"font-weight: bold; color: #282828;\">Empfohlene Personen f\u00fcr die Montage:<\/strong><span style=\"color: #282828;\"> 2<\/span><br style=\"color: #282828;\"><strong style=\"font-weight: bold; color: #282828;\">Montagevorschl\u00e4ge:<\/strong><span style=\"color: #282828;\">  Bereiten Sie einen sauberen und trockenen Montagebereich vor und stellen Sie sicher, dass keines der im Handbuch angegebenen Teile fehlt. Wir empfehlen das Tragen von Montagehandschuhen. Verwenden Sie nur mitgelieferte Teile und Hardware<\/span><\/div>"},{"title":"WARTUNG UND GARANTIEN","id":"wartung-und-garantien","content":"<div class=\"moz-signature\">\n<div class=\"list\"><strong>Allgemeine Empfehlungen:<\/strong> \u2022 Pannen oder Sch\u00e4den, die verursacht werden durch: \u2022 Zuf\u00e4llige Ursachen wie St\u00fcrze, Schl\u00e4ge, Versch\u00fctten von Fl\u00fcssigkeiten, Einbringen von Fremdk\u00f6rpern sowie andere h\u00f6here Gewalt sind von der Garantie ausgeschlossen. \u2022 Fahrl\u00e4ssiger, unsachgem\u00e4\u00dfer oder nicht h\u00e4uslicher Gebrauch. \u2022 Besch\u00e4digungen, Korrosion und\/oder Oxidation, die durch ung\u00fcnstige Umweltbedingungen beschleunigt werden \u2022 Flecken und Verf\u00e4rbungen aufgrund der Nichtbeachtung unserer Reinigungshinweise \u2022 Sch\u00e4den, die w\u00e4hrend der Montage und Handhabung auftreten, ohne die angegebenen Montageanweisungen befolgt zu haben. <strong>Gebrauchs- und Pflegehinweise:<\/strong> \u2022 Vorsichtig mit einem Tuch reinigen oder eine neutrale Fl\u00fcssigseife verwenden und mit viel Wasser absp\u00fclen. \u2022 Entfernen Sie Staub regelm\u00e4\u00dfig mit Hilfe eines weichen Tuchs und klarem Wasser. \u2022 Verwenden Sie zur Reinigung keine Reinigungsmittel oder Scheuermittel. <strong>Garantiejahre:<\/strong> 3 Jahre <strong>Hergestellt nach Norm:<\/strong> 581-1.581-2.581-3<\/div>\n<\/div>"}],"_links":{"self":[{"href":"https:\/\/keramamueblesdejardin.com\/de\/wp-json\/wp\/v2\/product\/175294","targetHints":{"allow":["GET"]}}],"collection":[{"href":"https:\/\/keramamueblesdejardin.com\/de\/wp-json\/wp\/v2\/product"}],"about":[{"href":"https:\/\/keramamueblesdejardin.com\/de\/wp-json\/wp\/v2\/types\/product"}],"replies":[{"embeddable":true,"href":"https:\/\/keramamueblesdejardin.com\/de\/wp-json\/wp\/v2\/comments?post=175294"}],"wp:featuredmedia":[{"embeddable":true,"href":"https:\/\/keramamueblesdejardin.com\/de\/wp-json\/wp\/v2\/media\/171627"}],"wp:attachment":[{"href":"https:\/\/keramamueblesdejardin.com\/de\/wp-json\/wp\/v2\/media?parent=175294"}],"wp:term":[{"taxonomy":"product_brand","embeddable":true,"href":"https:\/\/keramamueblesdejardin.com\/de\/wp-json\/wp\/v2\/product_brand?post=175294"},{"taxonomy":"product_cat","embeddable":true,"href":"https:\/\/keramamueblesdejardin.com\/de\/wp-json\/wp\/v2\/product_cat?post=175294"},{"taxonomy":"product_tag","embeddable":true,"href":"https:\/\/keramamueblesdejardin.com\/de\/wp-json\/wp\/v2\/product_tag?post=175294"}],"curies":[{"name":"wp","href":"https:\/\/api.w.org\/{rel}","templated":true}]}}