{"id":175242,"date":"2025-01-14T12:34:40","date_gmt":"2025-01-14T11:34:40","guid":{"rendered":"https:\/\/keramamueblesdejardin.com\/unkategorisiert\/2er-pack-sonnenliegen-aus-weissem-aluminium-und-faltbarem-textilene-fold\/"},"modified":"2025-01-14T13:34:40","modified_gmt":"2025-01-14T12:34:40","slug":"2er-pack-aluminium-weis-und-textilen-faltbare-faltbare-sonnenliegen","status":"publish","type":"product","link":"https:\/\/keramamueblesdejardin.com\/de\/liegestuhle-und-ruhe\/hangematten\/liegen-de-2\/2er-pack-aluminium-weis-und-textilen-faltbare-faltbare-sonnenliegen\/","title":{"rendered":"2er-Pack Sonnenliegen aus wei\u00dfem Aluminium und faltbarem Textilene &#8211; Fold"},"content":{"rendered":"<p>Sonnenliege aus der Fold-Kollektion in wei\u00dfer Farbe. Hergestellt aus einer leichten und widerstandsf\u00e4higen Aluminiumstruktur, mit Sitz und R\u00fcckenlehne aus atmungsaktivem Textilene in Hellgrau, kombiniert diese Sonnenliege modernes Design mit Langlebigkeit. Die Sonnenliege verf\u00fcgt \u00fcber einen Klappmechanismus, der mit einem einzigen Knopf aktiviert wird und ein einfaches Ver- und Entriegeln f\u00fcr mehr Sicherheit und Komfort erm\u00f6glicht. Ideal f\u00fcr G\u00e4rten, Terrassen oder sogar zum Mitnehmen an den Strand, ist die Fold-Sonnenliege kompakt und bei Nichtgebrauch leicht zu verstauen. Ma\u00dfe 193x64x31cm Gefaltet 125x64x12cm      <\/p>\n","protected":false},"excerpt":{"rendered":"<ul>\n<li>Wei\u00dfes Aluminiumgestell und grauer Sitz<\/li>\n<li>Gefaltet mit nur 1 Knopf<\/li>\n<li>5-fach verstellbare R\u00fcckenlehne<\/li>\n<li>Ma\u00dfe: 193x64x31cm \/ Zusammengeklappt 125x64x12cm<\/li>\n<\/ul>\n","protected":false},"featured_media":175047,"comment_status":"closed","ping_status":"open","template":"","meta":{"_acf_changed":false},"product_brand":[],"product_cat":[3500,3502,3492,3236],"product_tag":[],"class_list":{"0":"post-175242","1":"product","2":"type-product","3":"status-publish","4":"has-post-thumbnail","6":"product_cat-hangematten","7":"product_cat-liegen-de-2","8":"product_cat-liegen-de","9":"product_cat-liegestuhle-und-ruhe","10":"product_shipping_class-envio-gratuito-de","11":"pa_caracteristicas-zusammenklappbar","12":"pa_material-aluminium","13":"pa_material-textil","15":"first","16":"instock","17":"sale","18":"purchasable","19":"product-type-simple","20":"add-to-wishlist-before_image"},"acf":[],"yoast_head":"<!-- This site is optimized with the Yoast SEO plugin v27.2 - https:\/\/yoast.com\/product\/yoast-seo-wordpress\/ -->\n<title>2er-Pack Sonnenliegen aus wei\u00dfem Aluminium und faltbarem Textilene - Fold - Kerama<\/title>\n<meta name=\"robots\" content=\"index, follow, max-snippet:-1, max-image-preview:large, max-video-preview:-1\" \/>\n<link rel=\"canonical\" href=\"https:\/\/keramamueblesdejardin.com\/de\/liegestuhle-und-ruhe\/hangematten\/liegen-de-2\/2er-pack-aluminium-weis-und-textilen-faltbare-faltbare-sonnenliegen\/\" \/>\n<meta property=\"og:locale\" content=\"de_DE\" \/>\n<meta property=\"og:type\" content=\"article\" \/>\n<meta property=\"og:title\" content=\"2er-Pack Sonnenliegen aus wei\u00dfem Aluminium und faltbarem Textilene - Fold - Kerama\" \/>\n<meta property=\"og:description\" content=\"Wei\u00dfes Aluminiumgestell und grauer Sitz  Gefaltet mit nur 1 Knopf  5-fach verstellbare R\u00fcckenlehne  Ma\u00dfe: 193x64x31cm \/ Zusammengeklappt 125x64x12cm\" \/>\n<meta property=\"og:url\" content=\"https:\/\/keramamueblesdejardin.com\/de\/liegestuhle-und-ruhe\/hangematten\/liegen-de-2\/2er-pack-aluminium-weis-und-textilen-faltbare-faltbare-sonnenliegen\/\" \/>\n<meta property=\"og:site_name\" content=\"Kerama\" \/>\n<meta property=\"article:publisher\" content=\"https:\/\/www.facebook.com\/Kerama-Muebles-de-Jard%c3%adn-106209328312568\/\" \/>\n<meta property=\"article:modified_time\" content=\"2025-01-14T12:34:40+00:00\" \/>\n<meta property=\"og:image\" content=\"https:\/\/keramamueblesdejardin.com\/wp-content\/uploads\/2025\/01\/tumbona-plegable-foldx2.jpg\" \/>\n\t<meta property=\"og:image:width\" content=\"1200\" \/>\n\t<meta property=\"og:image:height\" content=\"1200\" \/>\n\t<meta property=\"og:image:type\" content=\"image\/jpeg\" \/>\n<meta name=\"twitter:card\" content=\"summary_large_image\" \/>\n<script type=\"application\/ld+json\" class=\"yoast-schema-graph\">{\"@context\":\"https:\/\/schema.org\",\"@graph\":[{\"@type\":\"WebPage\",\"@id\":\"https:\/\/keramamueblesdejardin.com\/de\/liegestuhle-und-ruhe\/hangematten\/liegen-de-2\/2er-pack-aluminium-weis-und-textilen-faltbare-faltbare-sonnenliegen\/\",\"url\":\"https:\/\/keramamueblesdejardin.com\/de\/liegestuhle-und-ruhe\/hangematten\/liegen-de-2\/2er-pack-aluminium-weis-und-textilen-faltbare-faltbare-sonnenliegen\/\",\"name\":\"2er-Pack Sonnenliegen aus wei\u00dfem Aluminium und faltbarem Textilene - Fold - Kerama\",\"isPartOf\":{\"@id\":\"https:\/\/keramamueblesdejardin.com\/de\/#website\"},\"primaryImageOfPage\":{\"@id\":\"https:\/\/keramamueblesdejardin.com\/de\/liegestuhle-und-ruhe\/hangematten\/liegen-de-2\/2er-pack-aluminium-weis-und-textilen-faltbare-faltbare-sonnenliegen\/#primaryimage\"},\"image\":{\"@id\":\"https:\/\/keramamueblesdejardin.com\/de\/liegestuhle-und-ruhe\/hangematten\/liegen-de-2\/2er-pack-aluminium-weis-und-textilen-faltbare-faltbare-sonnenliegen\/#primaryimage\"},\"thumbnailUrl\":\"https:\/\/keramamueblesdejardin.com\/wp-content\/uploads\/2025\/01\/tumbona-plegable-foldx2.jpg\",\"datePublished\":\"2025-01-14T11:34:40+00:00\",\"dateModified\":\"2025-01-14T12:34:40+00:00\",\"breadcrumb\":{\"@id\":\"https:\/\/keramamueblesdejardin.com\/de\/liegestuhle-und-ruhe\/hangematten\/liegen-de-2\/2er-pack-aluminium-weis-und-textilen-faltbare-faltbare-sonnenliegen\/#breadcrumb\"},\"inLanguage\":\"de\",\"potentialAction\":[{\"@type\":\"ReadAction\",\"target\":[\"https:\/\/keramamueblesdejardin.com\/de\/liegestuhle-und-ruhe\/hangematten\/liegen-de-2\/2er-pack-aluminium-weis-und-textilen-faltbare-faltbare-sonnenliegen\/\"]}]},{\"@type\":\"ImageObject\",\"inLanguage\":\"de\",\"@id\":\"https:\/\/keramamueblesdejardin.com\/de\/liegestuhle-und-ruhe\/hangematten\/liegen-de-2\/2er-pack-aluminium-weis-und-textilen-faltbare-faltbare-sonnenliegen\/#primaryimage\",\"url\":\"https:\/\/keramamueblesdejardin.com\/wp-content\/uploads\/2025\/01\/tumbona-plegable-foldx2.jpg\",\"contentUrl\":\"https:\/\/keramamueblesdejardin.com\/wp-content\/uploads\/2025\/01\/tumbona-plegable-foldx2.jpg\",\"width\":1200,\"height\":1200},{\"@type\":\"BreadcrumbList\",\"@id\":\"https:\/\/keramamueblesdejardin.com\/de\/liegestuhle-und-ruhe\/hangematten\/liegen-de-2\/2er-pack-aluminium-weis-und-textilen-faltbare-faltbare-sonnenliegen\/#breadcrumb\",\"itemListElement\":[{\"@type\":\"ListItem\",\"position\":1,\"name\":\"Home\",\"item\":\"https:\/\/keramamueblesdejardin.com\/de\/\"},{\"@type\":\"ListItem\",\"position\":2,\"name\":\"Laden\",\"item\":\"https:\/\/keramamueblesdejardin.com\/de\/laden\/\"},{\"@type\":\"ListItem\",\"position\":3,\"name\":\"Liegest\u00fchle und Ruhe\",\"item\":\"https:\/\/keramamueblesdejardin.com\/de\/liegestuhle-und-ruhe\/\"},{\"@type\":\"ListItem\",\"position\":4,\"name\":\"H\u00e4ngematten\",\"item\":\"https:\/\/keramamueblesdejardin.com\/de\/liegestuhle-und-ruhe\/hangematten\/\"},{\"@type\":\"ListItem\",\"position\":5,\"name\":\"2er-Pack Sonnenliegen aus wei\u00dfem Aluminium und faltbarem Textilene &#8211; Fold\"}]},{\"@type\":\"WebSite\",\"@id\":\"https:\/\/keramamueblesdejardin.com\/de\/#website\",\"url\":\"https:\/\/keramamueblesdejardin.com\/de\/\",\"name\":\"Kerama\",\"description\":\"muebles de jard\u00edn\",\"publisher\":{\"@id\":\"https:\/\/keramamueblesdejardin.com\/de\/#organization\"},\"potentialAction\":[{\"@type\":\"SearchAction\",\"target\":{\"@type\":\"EntryPoint\",\"urlTemplate\":\"https:\/\/keramamueblesdejardin.com\/de\/?s={search_term_string}\"},\"query-input\":{\"@type\":\"PropertyValueSpecification\",\"valueRequired\":true,\"valueName\":\"search_term_string\"}}],\"inLanguage\":\"de\"},{\"@type\":\"Organization\",\"@id\":\"https:\/\/keramamueblesdejardin.com\/de\/#organization\",\"name\":\"kerama\",\"url\":\"https:\/\/keramamueblesdejardin.com\/de\/\",\"logo\":{\"@type\":\"ImageObject\",\"inLanguage\":\"de\",\"@id\":\"https:\/\/keramamueblesdejardin.com\/de\/#\/schema\/logo\/image\/\",\"url\":\"https:\/\/keramamueblesdejardin.com\/wp-content\/uploads\/2020\/12\/k.-scaled.jpg\",\"contentUrl\":\"https:\/\/keramamueblesdejardin.com\/wp-content\/uploads\/2020\/12\/k.-scaled.jpg\",\"width\":2560,\"height\":551,\"caption\":\"kerama\"},\"image\":{\"@id\":\"https:\/\/keramamueblesdejardin.com\/de\/#\/schema\/logo\/image\/\"},\"sameAs\":[\"https:\/\/www.facebook.com\/Kerama-Muebles-de-Jard\u00edn-106209328312568\/\"]}]}<\/script>\n<!-- \/ Yoast SEO plugin. -->","yoast_head_json":{"title":"2er-Pack Sonnenliegen aus wei\u00dfem Aluminium und faltbarem Textilene - Fold - Kerama","robots":{"index":"index","follow":"follow","max-snippet":"max-snippet:-1","max-image-preview":"max-image-preview:large","max-video-preview":"max-video-preview:-1"},"canonical":"https:\/\/keramamueblesdejardin.com\/de\/liegestuhle-und-ruhe\/hangematten\/liegen-de-2\/2er-pack-aluminium-weis-und-textilen-faltbare-faltbare-sonnenliegen\/","og_locale":"de_DE","og_type":"article","og_title":"2er-Pack Sonnenliegen aus wei\u00dfem Aluminium und faltbarem Textilene - Fold - Kerama","og_description":"Wei\u00dfes Aluminiumgestell und grauer Sitz  Gefaltet mit nur 1 Knopf  5-fach verstellbare R\u00fcckenlehne  Ma\u00dfe: 193x64x31cm \/ Zusammengeklappt 125x64x12cm","og_url":"https:\/\/keramamueblesdejardin.com\/de\/liegestuhle-und-ruhe\/hangematten\/liegen-de-2\/2er-pack-aluminium-weis-und-textilen-faltbare-faltbare-sonnenliegen\/","og_site_name":"Kerama","article_publisher":"https:\/\/www.facebook.com\/Kerama-Muebles-de-Jard%c3%adn-106209328312568\/","article_modified_time":"2025-01-14T12:34:40+00:00","og_image":[{"width":1200,"height":1200,"url":"https:\/\/keramamueblesdejardin.com\/wp-content\/uploads\/2025\/01\/tumbona-plegable-foldx2.jpg","type":"image\/jpeg"}],"twitter_card":"summary_large_image","schema":{"@context":"https:\/\/schema.org","@graph":[{"@type":"WebPage","@id":"https:\/\/keramamueblesdejardin.com\/de\/liegestuhle-und-ruhe\/hangematten\/liegen-de-2\/2er-pack-aluminium-weis-und-textilen-faltbare-faltbare-sonnenliegen\/","url":"https:\/\/keramamueblesdejardin.com\/de\/liegestuhle-und-ruhe\/hangematten\/liegen-de-2\/2er-pack-aluminium-weis-und-textilen-faltbare-faltbare-sonnenliegen\/","name":"2er-Pack Sonnenliegen aus wei\u00dfem Aluminium und faltbarem Textilene - Fold - Kerama","isPartOf":{"@id":"https:\/\/keramamueblesdejardin.com\/de\/#website"},"primaryImageOfPage":{"@id":"https:\/\/keramamueblesdejardin.com\/de\/liegestuhle-und-ruhe\/hangematten\/liegen-de-2\/2er-pack-aluminium-weis-und-textilen-faltbare-faltbare-sonnenliegen\/#primaryimage"},"image":{"@id":"https:\/\/keramamueblesdejardin.com\/de\/liegestuhle-und-ruhe\/hangematten\/liegen-de-2\/2er-pack-aluminium-weis-und-textilen-faltbare-faltbare-sonnenliegen\/#primaryimage"},"thumbnailUrl":"https:\/\/keramamueblesdejardin.com\/wp-content\/uploads\/2025\/01\/tumbona-plegable-foldx2.jpg","datePublished":"2025-01-14T11:34:40+00:00","dateModified":"2025-01-14T12:34:40+00:00","breadcrumb":{"@id":"https:\/\/keramamueblesdejardin.com\/de\/liegestuhle-und-ruhe\/hangematten\/liegen-de-2\/2er-pack-aluminium-weis-und-textilen-faltbare-faltbare-sonnenliegen\/#breadcrumb"},"inLanguage":"de","potentialAction":[{"@type":"ReadAction","target":["https:\/\/keramamueblesdejardin.com\/de\/liegestuhle-und-ruhe\/hangematten\/liegen-de-2\/2er-pack-aluminium-weis-und-textilen-faltbare-faltbare-sonnenliegen\/"]}]},{"@type":"ImageObject","inLanguage":"de","@id":"https:\/\/keramamueblesdejardin.com\/de\/liegestuhle-und-ruhe\/hangematten\/liegen-de-2\/2er-pack-aluminium-weis-und-textilen-faltbare-faltbare-sonnenliegen\/#primaryimage","url":"https:\/\/keramamueblesdejardin.com\/wp-content\/uploads\/2025\/01\/tumbona-plegable-foldx2.jpg","contentUrl":"https:\/\/keramamueblesdejardin.com\/wp-content\/uploads\/2025\/01\/tumbona-plegable-foldx2.jpg","width":1200,"height":1200},{"@type":"BreadcrumbList","@id":"https:\/\/keramamueblesdejardin.com\/de\/liegestuhle-und-ruhe\/hangematten\/liegen-de-2\/2er-pack-aluminium-weis-und-textilen-faltbare-faltbare-sonnenliegen\/#breadcrumb","itemListElement":[{"@type":"ListItem","position":1,"name":"Home","item":"https:\/\/keramamueblesdejardin.com\/de\/"},{"@type":"ListItem","position":2,"name":"Laden","item":"https:\/\/keramamueblesdejardin.com\/de\/laden\/"},{"@type":"ListItem","position":3,"name":"Liegest\u00fchle und Ruhe","item":"https:\/\/keramamueblesdejardin.com\/de\/liegestuhle-und-ruhe\/"},{"@type":"ListItem","position":4,"name":"H\u00e4ngematten","item":"https:\/\/keramamueblesdejardin.com\/de\/liegestuhle-und-ruhe\/hangematten\/"},{"@type":"ListItem","position":5,"name":"2er-Pack Sonnenliegen aus wei\u00dfem Aluminium und faltbarem Textilene &#8211; Fold"}]},{"@type":"WebSite","@id":"https:\/\/keramamueblesdejardin.com\/de\/#website","url":"https:\/\/keramamueblesdejardin.com\/de\/","name":"Kerama","description":"muebles de jard\u00edn","publisher":{"@id":"https:\/\/keramamueblesdejardin.com\/de\/#organization"},"potentialAction":[{"@type":"SearchAction","target":{"@type":"EntryPoint","urlTemplate":"https:\/\/keramamueblesdejardin.com\/de\/?s={search_term_string}"},"query-input":{"@type":"PropertyValueSpecification","valueRequired":true,"valueName":"search_term_string"}}],"inLanguage":"de"},{"@type":"Organization","@id":"https:\/\/keramamueblesdejardin.com\/de\/#organization","name":"kerama","url":"https:\/\/keramamueblesdejardin.com\/de\/","logo":{"@type":"ImageObject","inLanguage":"de","@id":"https:\/\/keramamueblesdejardin.com\/de\/#\/schema\/logo\/image\/","url":"https:\/\/keramamueblesdejardin.com\/wp-content\/uploads\/2020\/12\/k.-scaled.jpg","contentUrl":"https:\/\/keramamueblesdejardin.com\/wp-content\/uploads\/2020\/12\/k.-scaled.jpg","width":2560,"height":551,"caption":"kerama"},"image":{"@id":"https:\/\/keramamueblesdejardin.com\/de\/#\/schema\/logo\/image\/"},"sameAs":["https:\/\/www.facebook.com\/Kerama-Muebles-de-Jard\u00edn-106209328312568\/"]}]}},"df_price":365,"df_sale_price":365,"df_regular_price":489,"df_image_link":"https:\/\/keramamueblesdejardin.com\/wp-content\/uploads\/2025\/01\/tumbona-plegable-foldx2-300x300.jpg","custom_tabs":[{"title":"MESSUNG","id":"messung","content":"<div class=\"list\"><strong>H\u00f6he: <\/strong>31cm<\/div>\n<div class=\"list\"><strong>Breite: <\/strong>193cm<\/div>\n<div class=\"list\"><strong>Tiefe: <\/strong>64cm<\/div>"},{"title":"AUSPACKEN UND MONTIEREN","id":"auspacken-und-montieren","content":"<div class=\"list\"><strong style=\"font-weight: bold; color: #282828;\">Empfehlungen zum Auspacken:<\/strong><span style=\"color: #282828;\"> Verwenden Sie beim Auspacken der M\u00f6bel keine scharfen Utensilien, da diese Sch\u00e4den verursachen k\u00f6nnten<\/span><br style=\"color: #282828;\"><strong style=\"font-weight: bold; color: #282828;\">Montage erforderlich (ja\/nein):<\/strong><span style=\"color: #282828;\"> Nein<\/span><\/div>"},{"title":"WARTUNG UND GARANTIEN","id":"wartung-und-garantien","content":"<div class=\"moz-signature\">\n<div class=\"list\"><strong>Allgemeine Empfehlungen:<\/strong> \u2022 Pannen oder Sch\u00e4den, die verursacht werden durch: \u2022 Zuf\u00e4llige Ursachen wie St\u00fcrze, Schl\u00e4ge, Versch\u00fctten von Fl\u00fcssigkeiten, Einbringen von Fremdk\u00f6rpern sowie andere h\u00f6here Gewalt sind von der Garantie ausgeschlossen. \u2022 Fahrl\u00e4ssiger, unsachgem\u00e4\u00dfer oder nicht h\u00e4uslicher Gebrauch. \u2022 Besch\u00e4digungen, Korrosion und\/oder Oxidation, die durch ung\u00fcnstige Umweltbedingungen beschleunigt werden \u2022 Flecken und Verf\u00e4rbungen aufgrund der Nichtbeachtung unserer Reinigungshinweise \u2022 Sch\u00e4den, die w\u00e4hrend der Montage und Handhabung auftreten, ohne die angegebenen Montageanweisungen befolgt zu haben. <strong>Gebrauchs- und Pflegehinweise:<\/strong> \u2022 Vorsichtig mit einem Tuch reinigen oder eine neutrale Fl\u00fcssigseife verwenden und mit viel Wasser absp\u00fclen. \u2022 Entfernen Sie Staub regelm\u00e4\u00dfig mit Hilfe eines weichen Tuchs und klarem Wasser. \u2022 Verwenden Sie zur Reinigung keine Reinigungsmittel oder Scheuermittel. <strong>Garantiejahre:<\/strong> 3 Jahre <strong>Hergestellt nach Norm:<\/strong> 581-1.581-2.581-3<\/div>\n<\/div>"}],"_links":{"self":[{"href":"https:\/\/keramamueblesdejardin.com\/de\/wp-json\/wp\/v2\/product\/175242","targetHints":{"allow":["GET"]}}],"collection":[{"href":"https:\/\/keramamueblesdejardin.com\/de\/wp-json\/wp\/v2\/product"}],"about":[{"href":"https:\/\/keramamueblesdejardin.com\/de\/wp-json\/wp\/v2\/types\/product"}],"replies":[{"embeddable":true,"href":"https:\/\/keramamueblesdejardin.com\/de\/wp-json\/wp\/v2\/comments?post=175242"}],"wp:featuredmedia":[{"embeddable":true,"href":"https:\/\/keramamueblesdejardin.com\/de\/wp-json\/wp\/v2\/media\/175047"}],"wp:attachment":[{"href":"https:\/\/keramamueblesdejardin.com\/de\/wp-json\/wp\/v2\/media?parent=175242"}],"wp:term":[{"taxonomy":"product_brand","embeddable":true,"href":"https:\/\/keramamueblesdejardin.com\/de\/wp-json\/wp\/v2\/product_brand?post=175242"},{"taxonomy":"product_cat","embeddable":true,"href":"https:\/\/keramamueblesdejardin.com\/de\/wp-json\/wp\/v2\/product_cat?post=175242"},{"taxonomy":"product_tag","embeddable":true,"href":"https:\/\/keramamueblesdejardin.com\/de\/wp-json\/wp\/v2\/product_tag?post=175242"}],"curies":[{"name":"wp","href":"https:\/\/api.w.org\/{rel}","templated":true}]}}