{"id":155450,"date":"2024-03-05T13:20:15","date_gmt":"2024-03-05T12:20:15","guid":{"rendered":"https:\/\/keramamueblesdejardin.com\/unkategorisiert\/gartenstuhl-aus-weissem-aluminium-mit-seil-salerno\/"},"modified":"2024-11-04T16:57:17","modified_gmt":"2024-11-04T15:57:17","slug":"gartenstuhl-aus-weisem-aluminium-und-seil-salerno","status":"publish","type":"product","link":"https:\/\/keramamueblesdejardin.com\/de\/speisesale-im-freien\/gartenstuhle\/gartenstuhl-aus-weisem-aluminium-und-seil-salerno\/","title":{"rendered":"Gartenstuhl aus wei\u00dfem Aluminium mit Seil &#8211; Salerno"},"content":{"rendered":"<p>Gartenstuhl aus der Salerno-Kollektion aus wei\u00dfem Aluminium mit Olefinseil in der Farbe Baige und Polyesterkissen in Beige mit Schaumstoff auf der Sitzfl\u00e4che. Ma\u00dfe: 65x60x80cm<br \/>\nKombinierbar mit den anderen St\u00fccken der Salerno-Kollektion<\/p>\n","protected":false},"excerpt":{"rendered":"<ul>\n<li>Aluminiumstruktur in wei\u00dfer Farbe<\/li>\n<li>Beigefarbenes Polyesterseil<\/li>\n<li>Graue Kissen, die herausgenommen und gewaschen werden k\u00f6nnen<\/li>\n<li>St\u00fchle: 65x60x80cm<\/li>\n<\/ul>\n<h4>SENDUNGEN ANFANG SEPTEMBER<\/h4>\n","protected":false},"featured_media":149219,"comment_status":"closed","ping_status":"closed","template":"","meta":{"_acf_changed":false},"product_brand":[],"product_cat":[3240,3238],"product_tag":[3376,4485,3753],"class_list":{"0":"post-155450","1":"product","2":"type-product","3":"status-publish","4":"has-post-thumbnail","6":"product_cat-gartenstuhle","7":"product_cat-speisesale-im-freien","8":"product_tag-aluminium-de","9":"product_tag-salerno-de","10":"product_tag-seil","11":"product_shipping_class-envio-gratuito-de","12":"pa_alto-81-de-3","13":"pa_ancho-57-de","14":"pa_asientos-1-de","15":"pa_caracteristicas-armlehne","16":"pa_caracteristicas-waschbare-bezuge","17":"pa_coleccion-salerno-de","18":"pa_largo-62-de","19":"pa_material-aluminium","20":"pa_material-seil","21":"pa_tamano-espacio-gros","23":"first","24":"instock","25":"sale","26":"purchasable","27":"product-type-simple","28":"add-to-wishlist-before_image"},"acf":[],"yoast_head":"<!-- This site is optimized with the Yoast SEO plugin v27.2 - https:\/\/yoast.com\/product\/yoast-seo-wordpress\/ -->\n<title>Gartenstuhl aus wei\u00dfem Aluminium mit Seil - Salerno - Kerama<\/title>\n<meta name=\"robots\" content=\"index, follow, max-snippet:-1, max-image-preview:large, max-video-preview:-1\" \/>\n<link rel=\"canonical\" href=\"https:\/\/keramamueblesdejardin.com\/de\/speisesale-im-freien\/gartenstuhle\/gartenstuhl-aus-weisem-aluminium-und-seil-salerno\/\" \/>\n<meta property=\"og:locale\" content=\"de_DE\" \/>\n<meta property=\"og:type\" content=\"article\" \/>\n<meta property=\"og:title\" content=\"Gartenstuhl aus wei\u00dfem Aluminium mit Seil - Salerno - Kerama\" \/>\n<meta property=\"og:description\" content=\"Aluminiumstruktur in wei\u00dfer Farbe  Beigefarbenes Polyesterseil  Graue Kissen, die herausgenommen und gewaschen werden k\u00f6nnen  St\u00fchle: 65x60x80cm  SENDUNGEN ANFANG SEPTEMBER\" \/>\n<meta property=\"og:url\" content=\"https:\/\/keramamueblesdejardin.com\/de\/speisesale-im-freien\/gartenstuhle\/gartenstuhl-aus-weisem-aluminium-und-seil-salerno\/\" \/>\n<meta property=\"og:site_name\" content=\"Kerama\" \/>\n<meta property=\"article:publisher\" content=\"https:\/\/www.facebook.com\/Kerama-Muebles-de-Jard%c3%adn-106209328312568\/\" \/>\n<meta property=\"article:modified_time\" content=\"2024-11-04T15:57:17+00:00\" \/>\n<meta property=\"og:image\" content=\"https:\/\/keramamueblesdejardin.com\/wp-content\/uploads\/2024\/03\/salerno-silla-blanca.jpg\" \/>\n\t<meta property=\"og:image:width\" content=\"1200\" \/>\n\t<meta property=\"og:image:height\" content=\"1200\" \/>\n\t<meta property=\"og:image:type\" content=\"image\/jpeg\" \/>\n<meta name=\"twitter:card\" content=\"summary_large_image\" \/>\n<script type=\"application\/ld+json\" class=\"yoast-schema-graph\">{\"@context\":\"https:\/\/schema.org\",\"@graph\":[{\"@type\":\"WebPage\",\"@id\":\"https:\/\/keramamueblesdejardin.com\/de\/speisesale-im-freien\/gartenstuhle\/gartenstuhl-aus-weisem-aluminium-und-seil-salerno\/\",\"url\":\"https:\/\/keramamueblesdejardin.com\/de\/speisesale-im-freien\/gartenstuhle\/gartenstuhl-aus-weisem-aluminium-und-seil-salerno\/\",\"name\":\"Gartenstuhl aus wei\u00dfem Aluminium mit Seil - Salerno - Kerama\",\"isPartOf\":{\"@id\":\"https:\/\/keramamueblesdejardin.com\/de\/#website\"},\"primaryImageOfPage\":{\"@id\":\"https:\/\/keramamueblesdejardin.com\/de\/speisesale-im-freien\/gartenstuhle\/gartenstuhl-aus-weisem-aluminium-und-seil-salerno\/#primaryimage\"},\"image\":{\"@id\":\"https:\/\/keramamueblesdejardin.com\/de\/speisesale-im-freien\/gartenstuhle\/gartenstuhl-aus-weisem-aluminium-und-seil-salerno\/#primaryimage\"},\"thumbnailUrl\":\"https:\/\/keramamueblesdejardin.com\/wp-content\/uploads\/2024\/03\/salerno-silla-blanca.jpg\",\"datePublished\":\"2024-03-05T12:20:15+00:00\",\"dateModified\":\"2024-11-04T15:57:17+00:00\",\"breadcrumb\":{\"@id\":\"https:\/\/keramamueblesdejardin.com\/de\/speisesale-im-freien\/gartenstuhle\/gartenstuhl-aus-weisem-aluminium-und-seil-salerno\/#breadcrumb\"},\"inLanguage\":\"de\",\"potentialAction\":[{\"@type\":\"ReadAction\",\"target\":[\"https:\/\/keramamueblesdejardin.com\/de\/speisesale-im-freien\/gartenstuhle\/gartenstuhl-aus-weisem-aluminium-und-seil-salerno\/\"]}]},{\"@type\":\"ImageObject\",\"inLanguage\":\"de\",\"@id\":\"https:\/\/keramamueblesdejardin.com\/de\/speisesale-im-freien\/gartenstuhle\/gartenstuhl-aus-weisem-aluminium-und-seil-salerno\/#primaryimage\",\"url\":\"https:\/\/keramamueblesdejardin.com\/wp-content\/uploads\/2024\/03\/salerno-silla-blanca.jpg\",\"contentUrl\":\"https:\/\/keramamueblesdejardin.com\/wp-content\/uploads\/2024\/03\/salerno-silla-blanca.jpg\",\"width\":1200,\"height\":1200},{\"@type\":\"BreadcrumbList\",\"@id\":\"https:\/\/keramamueblesdejardin.com\/de\/speisesale-im-freien\/gartenstuhle\/gartenstuhl-aus-weisem-aluminium-und-seil-salerno\/#breadcrumb\",\"itemListElement\":[{\"@type\":\"ListItem\",\"position\":1,\"name\":\"Home\",\"item\":\"https:\/\/keramamueblesdejardin.com\/de\/\"},{\"@type\":\"ListItem\",\"position\":2,\"name\":\"Laden\",\"item\":\"https:\/\/keramamueblesdejardin.com\/de\/laden\/\"},{\"@type\":\"ListItem\",\"position\":3,\"name\":\"Speises\u00e4le im Freien\",\"item\":\"https:\/\/keramamueblesdejardin.com\/de\/speisesale-im-freien\/\"},{\"@type\":\"ListItem\",\"position\":4,\"name\":\"Gartenst\u00fchle\",\"item\":\"https:\/\/keramamueblesdejardin.com\/de\/speisesale-im-freien\/gartenstuhle\/\"},{\"@type\":\"ListItem\",\"position\":5,\"name\":\"Gartenstuhl aus wei\u00dfem Aluminium mit Seil &#8211; Salerno\"}]},{\"@type\":\"WebSite\",\"@id\":\"https:\/\/keramamueblesdejardin.com\/de\/#website\",\"url\":\"https:\/\/keramamueblesdejardin.com\/de\/\",\"name\":\"Kerama\",\"description\":\"muebles de jard\u00edn\",\"publisher\":{\"@id\":\"https:\/\/keramamueblesdejardin.com\/de\/#organization\"},\"potentialAction\":[{\"@type\":\"SearchAction\",\"target\":{\"@type\":\"EntryPoint\",\"urlTemplate\":\"https:\/\/keramamueblesdejardin.com\/de\/?s={search_term_string}\"},\"query-input\":{\"@type\":\"PropertyValueSpecification\",\"valueRequired\":true,\"valueName\":\"search_term_string\"}}],\"inLanguage\":\"de\"},{\"@type\":\"Organization\",\"@id\":\"https:\/\/keramamueblesdejardin.com\/de\/#organization\",\"name\":\"kerama\",\"url\":\"https:\/\/keramamueblesdejardin.com\/de\/\",\"logo\":{\"@type\":\"ImageObject\",\"inLanguage\":\"de\",\"@id\":\"https:\/\/keramamueblesdejardin.com\/de\/#\/schema\/logo\/image\/\",\"url\":\"https:\/\/keramamueblesdejardin.com\/wp-content\/uploads\/2020\/12\/k.-scaled.jpg\",\"contentUrl\":\"https:\/\/keramamueblesdejardin.com\/wp-content\/uploads\/2020\/12\/k.-scaled.jpg\",\"width\":2560,\"height\":551,\"caption\":\"kerama\"},\"image\":{\"@id\":\"https:\/\/keramamueblesdejardin.com\/de\/#\/schema\/logo\/image\/\"},\"sameAs\":[\"https:\/\/www.facebook.com\/Kerama-Muebles-de-Jard\u00edn-106209328312568\/\"]}]}<\/script>\n<!-- \/ Yoast SEO plugin. -->","yoast_head_json":{"title":"Gartenstuhl aus wei\u00dfem Aluminium mit Seil - Salerno - Kerama","robots":{"index":"index","follow":"follow","max-snippet":"max-snippet:-1","max-image-preview":"max-image-preview:large","max-video-preview":"max-video-preview:-1"},"canonical":"https:\/\/keramamueblesdejardin.com\/de\/speisesale-im-freien\/gartenstuhle\/gartenstuhl-aus-weisem-aluminium-und-seil-salerno\/","og_locale":"de_DE","og_type":"article","og_title":"Gartenstuhl aus wei\u00dfem Aluminium mit Seil - Salerno - Kerama","og_description":"Aluminiumstruktur in wei\u00dfer Farbe  Beigefarbenes Polyesterseil  Graue Kissen, die herausgenommen und gewaschen werden k\u00f6nnen  St\u00fchle: 65x60x80cm  SENDUNGEN ANFANG SEPTEMBER","og_url":"https:\/\/keramamueblesdejardin.com\/de\/speisesale-im-freien\/gartenstuhle\/gartenstuhl-aus-weisem-aluminium-und-seil-salerno\/","og_site_name":"Kerama","article_publisher":"https:\/\/www.facebook.com\/Kerama-Muebles-de-Jard%c3%adn-106209328312568\/","article_modified_time":"2024-11-04T15:57:17+00:00","og_image":[{"width":1200,"height":1200,"url":"https:\/\/keramamueblesdejardin.com\/wp-content\/uploads\/2024\/03\/salerno-silla-blanca.jpg","type":"image\/jpeg"}],"twitter_card":"summary_large_image","schema":{"@context":"https:\/\/schema.org","@graph":[{"@type":"WebPage","@id":"https:\/\/keramamueblesdejardin.com\/de\/speisesale-im-freien\/gartenstuhle\/gartenstuhl-aus-weisem-aluminium-und-seil-salerno\/","url":"https:\/\/keramamueblesdejardin.com\/de\/speisesale-im-freien\/gartenstuhle\/gartenstuhl-aus-weisem-aluminium-und-seil-salerno\/","name":"Gartenstuhl aus wei\u00dfem Aluminium mit Seil - Salerno - Kerama","isPartOf":{"@id":"https:\/\/keramamueblesdejardin.com\/de\/#website"},"primaryImageOfPage":{"@id":"https:\/\/keramamueblesdejardin.com\/de\/speisesale-im-freien\/gartenstuhle\/gartenstuhl-aus-weisem-aluminium-und-seil-salerno\/#primaryimage"},"image":{"@id":"https:\/\/keramamueblesdejardin.com\/de\/speisesale-im-freien\/gartenstuhle\/gartenstuhl-aus-weisem-aluminium-und-seil-salerno\/#primaryimage"},"thumbnailUrl":"https:\/\/keramamueblesdejardin.com\/wp-content\/uploads\/2024\/03\/salerno-silla-blanca.jpg","datePublished":"2024-03-05T12:20:15+00:00","dateModified":"2024-11-04T15:57:17+00:00","breadcrumb":{"@id":"https:\/\/keramamueblesdejardin.com\/de\/speisesale-im-freien\/gartenstuhle\/gartenstuhl-aus-weisem-aluminium-und-seil-salerno\/#breadcrumb"},"inLanguage":"de","potentialAction":[{"@type":"ReadAction","target":["https:\/\/keramamueblesdejardin.com\/de\/speisesale-im-freien\/gartenstuhle\/gartenstuhl-aus-weisem-aluminium-und-seil-salerno\/"]}]},{"@type":"ImageObject","inLanguage":"de","@id":"https:\/\/keramamueblesdejardin.com\/de\/speisesale-im-freien\/gartenstuhle\/gartenstuhl-aus-weisem-aluminium-und-seil-salerno\/#primaryimage","url":"https:\/\/keramamueblesdejardin.com\/wp-content\/uploads\/2024\/03\/salerno-silla-blanca.jpg","contentUrl":"https:\/\/keramamueblesdejardin.com\/wp-content\/uploads\/2024\/03\/salerno-silla-blanca.jpg","width":1200,"height":1200},{"@type":"BreadcrumbList","@id":"https:\/\/keramamueblesdejardin.com\/de\/speisesale-im-freien\/gartenstuhle\/gartenstuhl-aus-weisem-aluminium-und-seil-salerno\/#breadcrumb","itemListElement":[{"@type":"ListItem","position":1,"name":"Home","item":"https:\/\/keramamueblesdejardin.com\/de\/"},{"@type":"ListItem","position":2,"name":"Laden","item":"https:\/\/keramamueblesdejardin.com\/de\/laden\/"},{"@type":"ListItem","position":3,"name":"Speises\u00e4le im Freien","item":"https:\/\/keramamueblesdejardin.com\/de\/speisesale-im-freien\/"},{"@type":"ListItem","position":4,"name":"Gartenst\u00fchle","item":"https:\/\/keramamueblesdejardin.com\/de\/speisesale-im-freien\/gartenstuhle\/"},{"@type":"ListItem","position":5,"name":"Gartenstuhl aus wei\u00dfem Aluminium mit Seil &#8211; Salerno"}]},{"@type":"WebSite","@id":"https:\/\/keramamueblesdejardin.com\/de\/#website","url":"https:\/\/keramamueblesdejardin.com\/de\/","name":"Kerama","description":"muebles de jard\u00edn","publisher":{"@id":"https:\/\/keramamueblesdejardin.com\/de\/#organization"},"potentialAction":[{"@type":"SearchAction","target":{"@type":"EntryPoint","urlTemplate":"https:\/\/keramamueblesdejardin.com\/de\/?s={search_term_string}"},"query-input":{"@type":"PropertyValueSpecification","valueRequired":true,"valueName":"search_term_string"}}],"inLanguage":"de"},{"@type":"Organization","@id":"https:\/\/keramamueblesdejardin.com\/de\/#organization","name":"kerama","url":"https:\/\/keramamueblesdejardin.com\/de\/","logo":{"@type":"ImageObject","inLanguage":"de","@id":"https:\/\/keramamueblesdejardin.com\/de\/#\/schema\/logo\/image\/","url":"https:\/\/keramamueblesdejardin.com\/wp-content\/uploads\/2020\/12\/k.-scaled.jpg","contentUrl":"https:\/\/keramamueblesdejardin.com\/wp-content\/uploads\/2020\/12\/k.-scaled.jpg","width":2560,"height":551,"caption":"kerama"},"image":{"@id":"https:\/\/keramamueblesdejardin.com\/de\/#\/schema\/logo\/image\/"},"sameAs":["https:\/\/www.facebook.com\/Kerama-Muebles-de-Jard\u00edn-106209328312568\/"]}]}},"df_price":169,"df_sale_price":169,"df_regular_price":255,"df_image_link":"https:\/\/keramamueblesdejardin.com\/wp-content\/uploads\/2024\/03\/salerno-silla-blanca-300x300.jpg","custom_tabs":[{"title":"MESSUNG","id":"messung","content":"<div class=\"list\"><strong>H\u00f6he:<\/strong> Sessel 81cm\r\n<strong>Breite:<\/strong> Sessel 62cm\r\n<strong>Tiefe:<\/strong> Sessel 57cm<\/div>"},{"title":"AUSPACKEN UND MONTIEREN","id":"auspacken-und-montieren","content":"<div class=\"list\"><strong style=\"font-weight: bold; color: #282828;\">Empfehlungen zum<\/strong> Auspacken: <span style=\"color: #282828;\"> Verwenden Sie beim Auspacken der M\u00f6bel keine scharfen Utensilien, da dies zu Besch\u00e4digungen f\u00fchren kann<\/span><br style=\"color: #282828;\" \/>Montage erforderlich (ja\/nein): Nein<\/div>"},{"title":"WARTUNG UND GARANTIEN","id":"wartung-und-garantien","content":"<div class=\"moz-signature\">\r\n<div class=\"list\"><strong>Allgemeine Empfehlungen:<\/strong>\r\n\u2022 Pannen oder Sch\u00e4den, die verursacht werden durch:\r\n\u2022 Zuf\u00e4llige Ursachen wie St\u00fcrze, Schl\u00e4ge, Versch\u00fctten von Fl\u00fcssigkeiten, Einschleppen von Fremdk\u00f6rpern sowie andere h\u00f6here Gewalt.\r\n\u2022 Fahrl\u00e4ssiger, unsachgem\u00e4\u00dfer oder nicht h\u00e4uslicher Gebrauch.\r\n\u2022 Besch\u00e4digung, Korrosion und\/oder Oxidation beschleunigt durch widrige Umweltbedingungen\r\n\u2022 Flecken und Verf\u00e4rbungen durch Nichtbeachtung unserer Reinigungsanweisungen\r\n\u2022 Sch\u00e4den, die w\u00e4hrend der Montage und Handhabung auftreten, ohne die angegebenen Montageanweisungen befolgt zu haben.\r\n<strong>Gebrauchs- und Wartungshinweise:<\/strong>\r\n\u2022 Reinigen Sie mit Hilfe eines Tuchs vorsichtig oder verwenden Sie eine neutrale Fl\u00fcssigseife und sp\u00fclen Sie sie mit viel Wasser ab.\r\n\u2022 Entfernen Sie Staub regelm\u00e4\u00dfig mit Hilfe eines weichen Tuchs und klarem Wasser.\r\n\u2022 Verwenden Sie zum Reinigen keine Reinigungsmittel oder Scheuermittel.\r\nJahre <strong>Garantie: 3 Jahre<\/strong>\r\n<strong>Hergestellt nach Norm:<\/strong> 581-1.581-2.581-3<\/div>\r\n<\/div>"}],"_links":{"self":[{"href":"https:\/\/keramamueblesdejardin.com\/de\/wp-json\/wp\/v2\/product\/155450","targetHints":{"allow":["GET"]}}],"collection":[{"href":"https:\/\/keramamueblesdejardin.com\/de\/wp-json\/wp\/v2\/product"}],"about":[{"href":"https:\/\/keramamueblesdejardin.com\/de\/wp-json\/wp\/v2\/types\/product"}],"replies":[{"embeddable":true,"href":"https:\/\/keramamueblesdejardin.com\/de\/wp-json\/wp\/v2\/comments?post=155450"}],"wp:featuredmedia":[{"embeddable":true,"href":"https:\/\/keramamueblesdejardin.com\/de\/wp-json\/wp\/v2\/media\/149219"}],"wp:attachment":[{"href":"https:\/\/keramamueblesdejardin.com\/de\/wp-json\/wp\/v2\/media?parent=155450"}],"wp:term":[{"taxonomy":"product_brand","embeddable":true,"href":"https:\/\/keramamueblesdejardin.com\/de\/wp-json\/wp\/v2\/product_brand?post=155450"},{"taxonomy":"product_cat","embeddable":true,"href":"https:\/\/keramamueblesdejardin.com\/de\/wp-json\/wp\/v2\/product_cat?post=155450"},{"taxonomy":"product_tag","embeddable":true,"href":"https:\/\/keramamueblesdejardin.com\/de\/wp-json\/wp\/v2\/product_tag?post=155450"}],"curies":[{"name":"wp","href":"https:\/\/api.w.org\/{rel}","templated":true}]}}