{"id":155376,"date":"2024-04-02T16:04:22","date_gmt":"2024-04-02T14:04:22","guid":{"rendered":"https:\/\/keramamueblesdejardin.com\/unkategorisiert\/gartenset-mit-2-runden-couchtischen-50-84cm-steinimitat-palermo\/"},"modified":"2024-10-02T16:30:20","modified_gmt":"2024-10-02T14:30:20","slug":"garten-set-2-runde-niedrige-tische-50-84cm-kunststein-palermo","status":"publish","type":"product","link":"https:\/\/keramamueblesdejardin.com\/de\/lounges-im-freien\/beistelltische-fur-den-garten\/garten-set-2-runde-niedrige-tische-50-84cm-kunststein-palermo\/","title":{"rendered":"Gartenset mit 2 runden Couchtischen 50\/84cm Steinimitat &#8211; Palermo"},"content":{"rendered":"<p>Set mit 2 Tischen aus der Palermo-Kollektion. Die Palermo-Kollektion besteht aus einer Aluminiumstruktur mit eleganten Linien in Beige und einer Platte mit Steinimitat. Ma\u00dfe 84&#215;52 und 50x52cm:<\/p>\n","protected":false},"excerpt":{"rendered":"<ul>\n<li>Beigefarbenes rundes Beistelltisch-Set aus Aluminium<\/li>\n<li>Platte aus Steinimitat in grauer Farbe<\/li>\n<li>Ma\u00dfe: Tische 84x52cm und 50x52cm<\/li>\n<\/ul>\n","protected":false},"featured_media":154026,"comment_status":"closed","ping_status":"closed","template":"","meta":{"_acf_changed":false},"product_brand":[],"product_cat":[3293,3234],"product_tag":[3376,3242,4774],"class_list":{"0":"post-155376","1":"product","2":"type-product","3":"status-publish","4":"has-post-thumbnail","6":"product_cat-beistelltische-fur-den-garten","7":"product_cat-lounges-im-freien","8":"product_tag-aluminium-de","9":"product_tag-grose-raume","10":"product_tag-palermo-de","11":"product_shipping_class-envio-gratuito-de","12":"pa_alto-52-de","13":"pa_ancho-80-de","14":"pa_coleccion-palermo-de","15":"pa_forma-rund-de","16":"pa_largo-80-de","17":"pa_material-aluminium","19":"first","20":"instock","21":"sale","22":"purchasable","23":"product-type-simple","24":"add-to-wishlist-before_image"},"acf":[],"yoast_head":"<!-- This site is optimized with the Yoast SEO plugin v27.2 - https:\/\/yoast.com\/product\/yoast-seo-wordpress\/ -->\n<title>Gartenset mit 2 runden Couchtischen 50\/84cm Steinimitat - Palermo - Kerama<\/title>\n<meta name=\"robots\" content=\"index, follow, max-snippet:-1, max-image-preview:large, max-video-preview:-1\" \/>\n<link rel=\"canonical\" href=\"https:\/\/keramamueblesdejardin.com\/de\/lounges-im-freien\/beistelltische-fur-den-garten\/garten-set-2-runde-niedrige-tische-50-84cm-kunststein-palermo\/\" \/>\n<meta property=\"og:locale\" content=\"de_DE\" \/>\n<meta property=\"og:type\" content=\"article\" \/>\n<meta property=\"og:title\" content=\"Gartenset mit 2 runden Couchtischen 50\/84cm Steinimitat - Palermo - Kerama\" \/>\n<meta property=\"og:description\" content=\"Beigefarbenes rundes Beistelltisch-Set aus Aluminium  Platte aus Steinimitat in grauer Farbe  Ma\u00dfe: Tische 84x52cm und 50x52cm\" \/>\n<meta property=\"og:url\" content=\"https:\/\/keramamueblesdejardin.com\/de\/lounges-im-freien\/beistelltische-fur-den-garten\/garten-set-2-runde-niedrige-tische-50-84cm-kunststein-palermo\/\" \/>\n<meta property=\"og:site_name\" content=\"Kerama\" \/>\n<meta property=\"article:publisher\" content=\"https:\/\/www.facebook.com\/Kerama-Muebles-de-Jard%c3%adn-106209328312568\/\" \/>\n<meta property=\"article:modified_time\" content=\"2024-10-02T14:30:20+00:00\" \/>\n<meta property=\"og:image\" content=\"https:\/\/keramamueblesdejardin.com\/wp-content\/uploads\/2024\/04\/palermo-2-mesas.jpg\" \/>\n\t<meta property=\"og:image:width\" content=\"1200\" \/>\n\t<meta property=\"og:image:height\" content=\"1200\" \/>\n\t<meta property=\"og:image:type\" content=\"image\/jpeg\" \/>\n<meta name=\"twitter:card\" content=\"summary_large_image\" \/>\n<script type=\"application\/ld+json\" class=\"yoast-schema-graph\">{\"@context\":\"https:\/\/schema.org\",\"@graph\":[{\"@type\":\"WebPage\",\"@id\":\"https:\/\/keramamueblesdejardin.com\/de\/lounges-im-freien\/beistelltische-fur-den-garten\/garten-set-2-runde-niedrige-tische-50-84cm-kunststein-palermo\/\",\"url\":\"https:\/\/keramamueblesdejardin.com\/de\/lounges-im-freien\/beistelltische-fur-den-garten\/garten-set-2-runde-niedrige-tische-50-84cm-kunststein-palermo\/\",\"name\":\"Gartenset mit 2 runden Couchtischen 50\/84cm Steinimitat - Palermo - Kerama\",\"isPartOf\":{\"@id\":\"https:\/\/keramamueblesdejardin.com\/de\/#website\"},\"primaryImageOfPage\":{\"@id\":\"https:\/\/keramamueblesdejardin.com\/de\/lounges-im-freien\/beistelltische-fur-den-garten\/garten-set-2-runde-niedrige-tische-50-84cm-kunststein-palermo\/#primaryimage\"},\"image\":{\"@id\":\"https:\/\/keramamueblesdejardin.com\/de\/lounges-im-freien\/beistelltische-fur-den-garten\/garten-set-2-runde-niedrige-tische-50-84cm-kunststein-palermo\/#primaryimage\"},\"thumbnailUrl\":\"https:\/\/keramamueblesdejardin.com\/wp-content\/uploads\/2024\/04\/palermo-2-mesas.jpg\",\"datePublished\":\"2024-04-02T14:04:22+00:00\",\"dateModified\":\"2024-10-02T14:30:20+00:00\",\"breadcrumb\":{\"@id\":\"https:\/\/keramamueblesdejardin.com\/de\/lounges-im-freien\/beistelltische-fur-den-garten\/garten-set-2-runde-niedrige-tische-50-84cm-kunststein-palermo\/#breadcrumb\"},\"inLanguage\":\"de\",\"potentialAction\":[{\"@type\":\"ReadAction\",\"target\":[\"https:\/\/keramamueblesdejardin.com\/de\/lounges-im-freien\/beistelltische-fur-den-garten\/garten-set-2-runde-niedrige-tische-50-84cm-kunststein-palermo\/\"]}]},{\"@type\":\"ImageObject\",\"inLanguage\":\"de\",\"@id\":\"https:\/\/keramamueblesdejardin.com\/de\/lounges-im-freien\/beistelltische-fur-den-garten\/garten-set-2-runde-niedrige-tische-50-84cm-kunststein-palermo\/#primaryimage\",\"url\":\"https:\/\/keramamueblesdejardin.com\/wp-content\/uploads\/2024\/04\/palermo-2-mesas.jpg\",\"contentUrl\":\"https:\/\/keramamueblesdejardin.com\/wp-content\/uploads\/2024\/04\/palermo-2-mesas.jpg\",\"width\":1200,\"height\":1200},{\"@type\":\"BreadcrumbList\",\"@id\":\"https:\/\/keramamueblesdejardin.com\/de\/lounges-im-freien\/beistelltische-fur-den-garten\/garten-set-2-runde-niedrige-tische-50-84cm-kunststein-palermo\/#breadcrumb\",\"itemListElement\":[{\"@type\":\"ListItem\",\"position\":1,\"name\":\"Home\",\"item\":\"https:\/\/keramamueblesdejardin.com\/de\/\"},{\"@type\":\"ListItem\",\"position\":2,\"name\":\"Laden\",\"item\":\"https:\/\/keramamueblesdejardin.com\/de\/laden\/\"},{\"@type\":\"ListItem\",\"position\":3,\"name\":\"Lounges im Freien\",\"item\":\"https:\/\/keramamueblesdejardin.com\/de\/lounges-im-freien\/\"},{\"@type\":\"ListItem\",\"position\":4,\"name\":\"Beistelltische f\u00fcr den Garten\",\"item\":\"https:\/\/keramamueblesdejardin.com\/de\/lounges-im-freien\/beistelltische-fur-den-garten\/\"},{\"@type\":\"ListItem\",\"position\":5,\"name\":\"Gartenset mit 2 runden Couchtischen 50\/84cm Steinimitat &#8211; Palermo\"}]},{\"@type\":\"WebSite\",\"@id\":\"https:\/\/keramamueblesdejardin.com\/de\/#website\",\"url\":\"https:\/\/keramamueblesdejardin.com\/de\/\",\"name\":\"Kerama\",\"description\":\"muebles de jard\u00edn\",\"publisher\":{\"@id\":\"https:\/\/keramamueblesdejardin.com\/de\/#organization\"},\"potentialAction\":[{\"@type\":\"SearchAction\",\"target\":{\"@type\":\"EntryPoint\",\"urlTemplate\":\"https:\/\/keramamueblesdejardin.com\/de\/?s={search_term_string}\"},\"query-input\":{\"@type\":\"PropertyValueSpecification\",\"valueRequired\":true,\"valueName\":\"search_term_string\"}}],\"inLanguage\":\"de\"},{\"@type\":\"Organization\",\"@id\":\"https:\/\/keramamueblesdejardin.com\/de\/#organization\",\"name\":\"kerama\",\"url\":\"https:\/\/keramamueblesdejardin.com\/de\/\",\"logo\":{\"@type\":\"ImageObject\",\"inLanguage\":\"de\",\"@id\":\"https:\/\/keramamueblesdejardin.com\/de\/#\/schema\/logo\/image\/\",\"url\":\"https:\/\/keramamueblesdejardin.com\/wp-content\/uploads\/2020\/12\/k.-scaled.jpg\",\"contentUrl\":\"https:\/\/keramamueblesdejardin.com\/wp-content\/uploads\/2020\/12\/k.-scaled.jpg\",\"width\":2560,\"height\":551,\"caption\":\"kerama\"},\"image\":{\"@id\":\"https:\/\/keramamueblesdejardin.com\/de\/#\/schema\/logo\/image\/\"},\"sameAs\":[\"https:\/\/www.facebook.com\/Kerama-Muebles-de-Jard\u00edn-106209328312568\/\"]}]}<\/script>\n<!-- \/ Yoast SEO plugin. -->","yoast_head_json":{"title":"Gartenset mit 2 runden Couchtischen 50\/84cm Steinimitat - Palermo - Kerama","robots":{"index":"index","follow":"follow","max-snippet":"max-snippet:-1","max-image-preview":"max-image-preview:large","max-video-preview":"max-video-preview:-1"},"canonical":"https:\/\/keramamueblesdejardin.com\/de\/lounges-im-freien\/beistelltische-fur-den-garten\/garten-set-2-runde-niedrige-tische-50-84cm-kunststein-palermo\/","og_locale":"de_DE","og_type":"article","og_title":"Gartenset mit 2 runden Couchtischen 50\/84cm Steinimitat - Palermo - Kerama","og_description":"Beigefarbenes rundes Beistelltisch-Set aus Aluminium  Platte aus Steinimitat in grauer Farbe  Ma\u00dfe: Tische 84x52cm und 50x52cm","og_url":"https:\/\/keramamueblesdejardin.com\/de\/lounges-im-freien\/beistelltische-fur-den-garten\/garten-set-2-runde-niedrige-tische-50-84cm-kunststein-palermo\/","og_site_name":"Kerama","article_publisher":"https:\/\/www.facebook.com\/Kerama-Muebles-de-Jard%c3%adn-106209328312568\/","article_modified_time":"2024-10-02T14:30:20+00:00","og_image":[{"width":1200,"height":1200,"url":"https:\/\/keramamueblesdejardin.com\/wp-content\/uploads\/2024\/04\/palermo-2-mesas.jpg","type":"image\/jpeg"}],"twitter_card":"summary_large_image","schema":{"@context":"https:\/\/schema.org","@graph":[{"@type":"WebPage","@id":"https:\/\/keramamueblesdejardin.com\/de\/lounges-im-freien\/beistelltische-fur-den-garten\/garten-set-2-runde-niedrige-tische-50-84cm-kunststein-palermo\/","url":"https:\/\/keramamueblesdejardin.com\/de\/lounges-im-freien\/beistelltische-fur-den-garten\/garten-set-2-runde-niedrige-tische-50-84cm-kunststein-palermo\/","name":"Gartenset mit 2 runden Couchtischen 50\/84cm Steinimitat - Palermo - Kerama","isPartOf":{"@id":"https:\/\/keramamueblesdejardin.com\/de\/#website"},"primaryImageOfPage":{"@id":"https:\/\/keramamueblesdejardin.com\/de\/lounges-im-freien\/beistelltische-fur-den-garten\/garten-set-2-runde-niedrige-tische-50-84cm-kunststein-palermo\/#primaryimage"},"image":{"@id":"https:\/\/keramamueblesdejardin.com\/de\/lounges-im-freien\/beistelltische-fur-den-garten\/garten-set-2-runde-niedrige-tische-50-84cm-kunststein-palermo\/#primaryimage"},"thumbnailUrl":"https:\/\/keramamueblesdejardin.com\/wp-content\/uploads\/2024\/04\/palermo-2-mesas.jpg","datePublished":"2024-04-02T14:04:22+00:00","dateModified":"2024-10-02T14:30:20+00:00","breadcrumb":{"@id":"https:\/\/keramamueblesdejardin.com\/de\/lounges-im-freien\/beistelltische-fur-den-garten\/garten-set-2-runde-niedrige-tische-50-84cm-kunststein-palermo\/#breadcrumb"},"inLanguage":"de","potentialAction":[{"@type":"ReadAction","target":["https:\/\/keramamueblesdejardin.com\/de\/lounges-im-freien\/beistelltische-fur-den-garten\/garten-set-2-runde-niedrige-tische-50-84cm-kunststein-palermo\/"]}]},{"@type":"ImageObject","inLanguage":"de","@id":"https:\/\/keramamueblesdejardin.com\/de\/lounges-im-freien\/beistelltische-fur-den-garten\/garten-set-2-runde-niedrige-tische-50-84cm-kunststein-palermo\/#primaryimage","url":"https:\/\/keramamueblesdejardin.com\/wp-content\/uploads\/2024\/04\/palermo-2-mesas.jpg","contentUrl":"https:\/\/keramamueblesdejardin.com\/wp-content\/uploads\/2024\/04\/palermo-2-mesas.jpg","width":1200,"height":1200},{"@type":"BreadcrumbList","@id":"https:\/\/keramamueblesdejardin.com\/de\/lounges-im-freien\/beistelltische-fur-den-garten\/garten-set-2-runde-niedrige-tische-50-84cm-kunststein-palermo\/#breadcrumb","itemListElement":[{"@type":"ListItem","position":1,"name":"Home","item":"https:\/\/keramamueblesdejardin.com\/de\/"},{"@type":"ListItem","position":2,"name":"Laden","item":"https:\/\/keramamueblesdejardin.com\/de\/laden\/"},{"@type":"ListItem","position":3,"name":"Lounges im Freien","item":"https:\/\/keramamueblesdejardin.com\/de\/lounges-im-freien\/"},{"@type":"ListItem","position":4,"name":"Beistelltische f\u00fcr den Garten","item":"https:\/\/keramamueblesdejardin.com\/de\/lounges-im-freien\/beistelltische-fur-den-garten\/"},{"@type":"ListItem","position":5,"name":"Gartenset mit 2 runden Couchtischen 50\/84cm Steinimitat &#8211; Palermo"}]},{"@type":"WebSite","@id":"https:\/\/keramamueblesdejardin.com\/de\/#website","url":"https:\/\/keramamueblesdejardin.com\/de\/","name":"Kerama","description":"muebles de jard\u00edn","publisher":{"@id":"https:\/\/keramamueblesdejardin.com\/de\/#organization"},"potentialAction":[{"@type":"SearchAction","target":{"@type":"EntryPoint","urlTemplate":"https:\/\/keramamueblesdejardin.com\/de\/?s={search_term_string}"},"query-input":{"@type":"PropertyValueSpecification","valueRequired":true,"valueName":"search_term_string"}}],"inLanguage":"de"},{"@type":"Organization","@id":"https:\/\/keramamueblesdejardin.com\/de\/#organization","name":"kerama","url":"https:\/\/keramamueblesdejardin.com\/de\/","logo":{"@type":"ImageObject","inLanguage":"de","@id":"https:\/\/keramamueblesdejardin.com\/de\/#\/schema\/logo\/image\/","url":"https:\/\/keramamueblesdejardin.com\/wp-content\/uploads\/2020\/12\/k.-scaled.jpg","contentUrl":"https:\/\/keramamueblesdejardin.com\/wp-content\/uploads\/2020\/12\/k.-scaled.jpg","width":2560,"height":551,"caption":"kerama"},"image":{"@id":"https:\/\/keramamueblesdejardin.com\/de\/#\/schema\/logo\/image\/"},"sameAs":["https:\/\/www.facebook.com\/Kerama-Muebles-de-Jard\u00edn-106209328312568\/"]}]}},"df_price":339,"df_sale_price":339,"df_regular_price":372,"df_image_link":"https:\/\/keramamueblesdejardin.com\/wp-content\/uploads\/2024\/04\/palermo-2-mesas-300x300.jpg","custom_tabs":[{"title":"MESSUNG","id":"messung","content":"<div class=\"list\"><strong>H\u00f6he:<\/strong> Tisch 1 52cm \/\/ Tisch 2 52cm\r\n<strong>Breite:<\/strong> Tisch 1 50cm \/\/ Tisch 2 84cm\r\n<strong>Tiefe:<\/strong> Tisch 1 50cm \/\/ Tisch 2 84cm<\/div>"},{"title":"","id":"","content":"<strong style=\"font-weight: bold; color: #282828;\">Bedingungen f\u00fcr das<\/strong><span style=\"color: #282828;\">\u00a0Auspacken:\u00a0Verwenden Sie beim Auspacken der M\u00f6bel keine scharfen Utensilien, da dies zu Sch\u00e4den f\u00fchren kann<\/span><br style=\"color: #282828;\" \/><strong style=\"font-weight: bold; color: #282828;\">Montage erforderlich (ja\/nein):<\/strong><span style=\"color: #282828;\">\u00a0Ja<\/span><br style=\"color: #282828;\" \/><strong style=\"font-weight: bold; color: #282828;\">Schwierigkeitsgrad der Montage:<\/strong><span style=\"color: #282828;\">\u00a0Niedrig<\/span><br style=\"color: #282828;\" \/><strong style=\"font-weight: bold; color: #282828;\">Montagezeit:<\/strong><span style=\"color: #282828;\"> 10 Minuten<\/span><br style=\"color: #282828;\" \/><strong style=\"font-weight: bold; color: #282828;\">Empfohlene Personen f\u00fcr die Montage:<\/strong><span style=\"color: #282828;\">\u00a02<\/span><br style=\"color: #282828;\" \/><strong style=\"font-weight: bold; color: #282828;\">Montagevorschl\u00e4ge:<\/strong><span style=\"color: #282828;\">\u00a0Bereiten Sie einen sauberen und trockenen Montagebereich vor und stellen Sie sicher, dass keines der im Handbuch angegebenen Teile fehlt. Wir empfehlen das Tragen von Montagehandschuhen. Verwenden Sie nur die mitgelieferten Teile und Hardware.<\/span>"}],"_links":{"self":[{"href":"https:\/\/keramamueblesdejardin.com\/de\/wp-json\/wp\/v2\/product\/155376","targetHints":{"allow":["GET"]}}],"collection":[{"href":"https:\/\/keramamueblesdejardin.com\/de\/wp-json\/wp\/v2\/product"}],"about":[{"href":"https:\/\/keramamueblesdejardin.com\/de\/wp-json\/wp\/v2\/types\/product"}],"replies":[{"embeddable":true,"href":"https:\/\/keramamueblesdejardin.com\/de\/wp-json\/wp\/v2\/comments?post=155376"}],"wp:featuredmedia":[{"embeddable":true,"href":"https:\/\/keramamueblesdejardin.com\/de\/wp-json\/wp\/v2\/media\/154026"}],"wp:attachment":[{"href":"https:\/\/keramamueblesdejardin.com\/de\/wp-json\/wp\/v2\/media?parent=155376"}],"wp:term":[{"taxonomy":"product_brand","embeddable":true,"href":"https:\/\/keramamueblesdejardin.com\/de\/wp-json\/wp\/v2\/product_brand?post=155376"},{"taxonomy":"product_cat","embeddable":true,"href":"https:\/\/keramamueblesdejardin.com\/de\/wp-json\/wp\/v2\/product_cat?post=155376"},{"taxonomy":"product_tag","embeddable":true,"href":"https:\/\/keramamueblesdejardin.com\/de\/wp-json\/wp\/v2\/product_tag?post=155376"}],"curies":[{"name":"wp","href":"https:\/\/api.w.org\/{rel}","templated":true}]}}