{"id":155338,"date":"2024-04-02T16:05:14","date_gmt":"2024-04-02T14:05:14","guid":{"rendered":"https:\/\/keramamueblesdejardin.com\/unkategorisiert\/balinesisches-anthrazitfarbenes-doppelbett-mit-grauen-kissen-balinesisch\/"},"modified":"2024-10-10T15:19:47","modified_gmt":"2024-10-10T13:19:47","slug":"balinesisch-doppel-anthrazit-bett-und-kissen-farbig-grau-balinesisch","status":"publish","type":"product","link":"https:\/\/keramamueblesdejardin.com\/de\/liegestuhle-und-ruhe\/balinesische-betten\/balinesisch-doppel-anthrazit-bett-und-kissen-farbig-grau-balinesisch\/","title":{"rendered":"Balinesisches anthrazitfarbenes Doppelbett mit grauen Kissen &#8211; Balinesisch"},"content":{"rendered":"<p>Balinesisches Doppelbett mit Aluminiumstruktur und Kissen aus nautischem Leder. Dar\u00fcber hinaus lassen sich die 2 R\u00fcckenlehnen in 5 Positionen zur\u00fccklehnen. Die wasserdichte Matratze ist 15 cm dick und enth\u00e4lt 2 Kissen, um die totale Entspannung zu genie\u00dfen. Es ist ideal, um drau\u00dfen zu genie\u00dfen und zu entspannen. Ma\u00dfe: 180x190x44<\/p>\n","protected":false},"excerpt":{"rendered":"<ul>\n<li>Aluminiumstruktur und Kissen aus nautischem Leder<\/li>\n<li>Die R\u00fcckenlehnen sind in 5 Positionen verstellbar<\/li>\n<li>Wasserdichte Matratze 15 cm dick und 2 Kissen im Lieferumfang enthalten<\/li>\n<\/ul>\n","protected":false},"featured_media":153016,"comment_status":"closed","ping_status":"closed","template":"","meta":{"_acf_changed":false},"product_brand":[],"product_cat":[3243,3236],"product_tag":[3376,3242,3557],"class_list":{"0":"post-155338","1":"product","2":"type-product","3":"status-publish","4":"has-post-thumbnail","6":"product_cat-balinesische-betten","7":"product_cat-liegestuhle-und-ruhe","8":"product_tag-aluminium-de","9":"product_tag-grose-raume","10":"product_tag-regenmantel","11":"product_shipping_class-envio-gratuito-de","12":"pa_alto-44-de","13":"pa_ancho-180-de","14":"pa_asientos-2-de","15":"pa_caracteristicas-regenmantel","16":"pa_coleccion-balinesisch","17":"pa_largo-190-de","18":"pa_material-aluminium","19":"pa_tamano-espacio-gros","21":"first","22":"instock","23":"sale","24":"purchasable","25":"product-type-simple","26":"add-to-wishlist-before_image"},"acf":[],"yoast_head":"<!-- This site is optimized with the Yoast SEO plugin v27.2 - https:\/\/yoast.com\/product\/yoast-seo-wordpress\/ -->\n<title>Balinesisches anthrazitfarbenes Doppelbett mit grauen Kissen - Balinesisch - Kerama<\/title>\n<meta name=\"robots\" content=\"index, follow, max-snippet:-1, max-image-preview:large, max-video-preview:-1\" \/>\n<link rel=\"canonical\" href=\"https:\/\/keramamueblesdejardin.com\/de\/liegestuhle-und-ruhe\/balinesische-betten\/balinesisch-doppel-anthrazit-bett-und-kissen-farbig-grau-balinesisch\/\" \/>\n<meta property=\"og:locale\" content=\"de_DE\" \/>\n<meta property=\"og:type\" content=\"article\" \/>\n<meta property=\"og:title\" content=\"Balinesisches anthrazitfarbenes Doppelbett mit grauen Kissen - Balinesisch - Kerama\" \/>\n<meta property=\"og:description\" content=\"Aluminiumstruktur und Kissen aus nautischem Leder  Die R\u00fcckenlehnen sind in 5 Positionen verstellbar  Wasserdichte Matratze 15 cm dick und 2 Kissen im Lieferumfang enthalten\" \/>\n<meta property=\"og:url\" content=\"https:\/\/keramamueblesdejardin.com\/de\/liegestuhle-und-ruhe\/balinesische-betten\/balinesisch-doppel-anthrazit-bett-und-kissen-farbig-grau-balinesisch\/\" \/>\n<meta property=\"og:site_name\" content=\"Kerama\" \/>\n<meta property=\"article:publisher\" content=\"https:\/\/www.facebook.com\/Kerama-Muebles-de-Jard%c3%adn-106209328312568\/\" \/>\n<meta property=\"article:modified_time\" content=\"2024-10-10T13:19:47+00:00\" \/>\n<meta property=\"og:image\" content=\"https:\/\/keramamueblesdejardin.com\/wp-content\/uploads\/2024\/04\/0d55c4383029de7d666ad16c3b22407e.jpg\" \/>\n\t<meta property=\"og:image:width\" content=\"1500\" \/>\n\t<meta property=\"og:image:height\" content=\"1501\" \/>\n\t<meta property=\"og:image:type\" content=\"image\/jpeg\" \/>\n<meta name=\"twitter:card\" content=\"summary_large_image\" \/>\n<script type=\"application\/ld+json\" class=\"yoast-schema-graph\">{\"@context\":\"https:\/\/schema.org\",\"@graph\":[{\"@type\":\"WebPage\",\"@id\":\"https:\/\/keramamueblesdejardin.com\/de\/liegestuhle-und-ruhe\/balinesische-betten\/balinesisch-doppel-anthrazit-bett-und-kissen-farbig-grau-balinesisch\/\",\"url\":\"https:\/\/keramamueblesdejardin.com\/de\/liegestuhle-und-ruhe\/balinesische-betten\/balinesisch-doppel-anthrazit-bett-und-kissen-farbig-grau-balinesisch\/\",\"name\":\"Balinesisches anthrazitfarbenes Doppelbett mit grauen Kissen - Balinesisch - Kerama\",\"isPartOf\":{\"@id\":\"https:\/\/keramamueblesdejardin.com\/de\/#website\"},\"primaryImageOfPage\":{\"@id\":\"https:\/\/keramamueblesdejardin.com\/de\/liegestuhle-und-ruhe\/balinesische-betten\/balinesisch-doppel-anthrazit-bett-und-kissen-farbig-grau-balinesisch\/#primaryimage\"},\"image\":{\"@id\":\"https:\/\/keramamueblesdejardin.com\/de\/liegestuhle-und-ruhe\/balinesische-betten\/balinesisch-doppel-anthrazit-bett-und-kissen-farbig-grau-balinesisch\/#primaryimage\"},\"thumbnailUrl\":\"https:\/\/keramamueblesdejardin.com\/wp-content\/uploads\/2024\/04\/0d55c4383029de7d666ad16c3b22407e.jpg\",\"datePublished\":\"2024-04-02T14:05:14+00:00\",\"dateModified\":\"2024-10-10T13:19:47+00:00\",\"breadcrumb\":{\"@id\":\"https:\/\/keramamueblesdejardin.com\/de\/liegestuhle-und-ruhe\/balinesische-betten\/balinesisch-doppel-anthrazit-bett-und-kissen-farbig-grau-balinesisch\/#breadcrumb\"},\"inLanguage\":\"de\",\"potentialAction\":[{\"@type\":\"ReadAction\",\"target\":[\"https:\/\/keramamueblesdejardin.com\/de\/liegestuhle-und-ruhe\/balinesische-betten\/balinesisch-doppel-anthrazit-bett-und-kissen-farbig-grau-balinesisch\/\"]}]},{\"@type\":\"ImageObject\",\"inLanguage\":\"de\",\"@id\":\"https:\/\/keramamueblesdejardin.com\/de\/liegestuhle-und-ruhe\/balinesische-betten\/balinesisch-doppel-anthrazit-bett-und-kissen-farbig-grau-balinesisch\/#primaryimage\",\"url\":\"https:\/\/keramamueblesdejardin.com\/wp-content\/uploads\/2024\/04\/0d55c4383029de7d666ad16c3b22407e.jpg\",\"contentUrl\":\"https:\/\/keramamueblesdejardin.com\/wp-content\/uploads\/2024\/04\/0d55c4383029de7d666ad16c3b22407e.jpg\",\"width\":1500,\"height\":1501},{\"@type\":\"BreadcrumbList\",\"@id\":\"https:\/\/keramamueblesdejardin.com\/de\/liegestuhle-und-ruhe\/balinesische-betten\/balinesisch-doppel-anthrazit-bett-und-kissen-farbig-grau-balinesisch\/#breadcrumb\",\"itemListElement\":[{\"@type\":\"ListItem\",\"position\":1,\"name\":\"Home\",\"item\":\"https:\/\/keramamueblesdejardin.com\/de\/\"},{\"@type\":\"ListItem\",\"position\":2,\"name\":\"Laden\",\"item\":\"https:\/\/keramamueblesdejardin.com\/de\/laden\/\"},{\"@type\":\"ListItem\",\"position\":3,\"name\":\"Liegest\u00fchle und Ruhe\",\"item\":\"https:\/\/keramamueblesdejardin.com\/de\/liegestuhle-und-ruhe\/\"},{\"@type\":\"ListItem\",\"position\":4,\"name\":\"Balinesische Betten\",\"item\":\"https:\/\/keramamueblesdejardin.com\/de\/liegestuhle-und-ruhe\/balinesische-betten\/\"},{\"@type\":\"ListItem\",\"position\":5,\"name\":\"Balinesisches anthrazitfarbenes Doppelbett mit grauen Kissen &#8211; Balinesisch\"}]},{\"@type\":\"WebSite\",\"@id\":\"https:\/\/keramamueblesdejardin.com\/de\/#website\",\"url\":\"https:\/\/keramamueblesdejardin.com\/de\/\",\"name\":\"Kerama\",\"description\":\"muebles de jard\u00edn\",\"publisher\":{\"@id\":\"https:\/\/keramamueblesdejardin.com\/de\/#organization\"},\"potentialAction\":[{\"@type\":\"SearchAction\",\"target\":{\"@type\":\"EntryPoint\",\"urlTemplate\":\"https:\/\/keramamueblesdejardin.com\/de\/?s={search_term_string}\"},\"query-input\":{\"@type\":\"PropertyValueSpecification\",\"valueRequired\":true,\"valueName\":\"search_term_string\"}}],\"inLanguage\":\"de\"},{\"@type\":\"Organization\",\"@id\":\"https:\/\/keramamueblesdejardin.com\/de\/#organization\",\"name\":\"kerama\",\"url\":\"https:\/\/keramamueblesdejardin.com\/de\/\",\"logo\":{\"@type\":\"ImageObject\",\"inLanguage\":\"de\",\"@id\":\"https:\/\/keramamueblesdejardin.com\/de\/#\/schema\/logo\/image\/\",\"url\":\"https:\/\/keramamueblesdejardin.com\/wp-content\/uploads\/2020\/12\/k.-scaled.jpg\",\"contentUrl\":\"https:\/\/keramamueblesdejardin.com\/wp-content\/uploads\/2020\/12\/k.-scaled.jpg\",\"width\":2560,\"height\":551,\"caption\":\"kerama\"},\"image\":{\"@id\":\"https:\/\/keramamueblesdejardin.com\/de\/#\/schema\/logo\/image\/\"},\"sameAs\":[\"https:\/\/www.facebook.com\/Kerama-Muebles-de-Jard\u00edn-106209328312568\/\"]}]}<\/script>\n<!-- \/ Yoast SEO plugin. -->","yoast_head_json":{"title":"Balinesisches anthrazitfarbenes Doppelbett mit grauen Kissen - Balinesisch - Kerama","robots":{"index":"index","follow":"follow","max-snippet":"max-snippet:-1","max-image-preview":"max-image-preview:large","max-video-preview":"max-video-preview:-1"},"canonical":"https:\/\/keramamueblesdejardin.com\/de\/liegestuhle-und-ruhe\/balinesische-betten\/balinesisch-doppel-anthrazit-bett-und-kissen-farbig-grau-balinesisch\/","og_locale":"de_DE","og_type":"article","og_title":"Balinesisches anthrazitfarbenes Doppelbett mit grauen Kissen - Balinesisch - Kerama","og_description":"Aluminiumstruktur und Kissen aus nautischem Leder  Die R\u00fcckenlehnen sind in 5 Positionen verstellbar  Wasserdichte Matratze 15 cm dick und 2 Kissen im Lieferumfang enthalten","og_url":"https:\/\/keramamueblesdejardin.com\/de\/liegestuhle-und-ruhe\/balinesische-betten\/balinesisch-doppel-anthrazit-bett-und-kissen-farbig-grau-balinesisch\/","og_site_name":"Kerama","article_publisher":"https:\/\/www.facebook.com\/Kerama-Muebles-de-Jard%c3%adn-106209328312568\/","article_modified_time":"2024-10-10T13:19:47+00:00","og_image":[{"width":1500,"height":1501,"url":"https:\/\/keramamueblesdejardin.com\/wp-content\/uploads\/2024\/04\/0d55c4383029de7d666ad16c3b22407e.jpg","type":"image\/jpeg"}],"twitter_card":"summary_large_image","schema":{"@context":"https:\/\/schema.org","@graph":[{"@type":"WebPage","@id":"https:\/\/keramamueblesdejardin.com\/de\/liegestuhle-und-ruhe\/balinesische-betten\/balinesisch-doppel-anthrazit-bett-und-kissen-farbig-grau-balinesisch\/","url":"https:\/\/keramamueblesdejardin.com\/de\/liegestuhle-und-ruhe\/balinesische-betten\/balinesisch-doppel-anthrazit-bett-und-kissen-farbig-grau-balinesisch\/","name":"Balinesisches anthrazitfarbenes Doppelbett mit grauen Kissen - Balinesisch - Kerama","isPartOf":{"@id":"https:\/\/keramamueblesdejardin.com\/de\/#website"},"primaryImageOfPage":{"@id":"https:\/\/keramamueblesdejardin.com\/de\/liegestuhle-und-ruhe\/balinesische-betten\/balinesisch-doppel-anthrazit-bett-und-kissen-farbig-grau-balinesisch\/#primaryimage"},"image":{"@id":"https:\/\/keramamueblesdejardin.com\/de\/liegestuhle-und-ruhe\/balinesische-betten\/balinesisch-doppel-anthrazit-bett-und-kissen-farbig-grau-balinesisch\/#primaryimage"},"thumbnailUrl":"https:\/\/keramamueblesdejardin.com\/wp-content\/uploads\/2024\/04\/0d55c4383029de7d666ad16c3b22407e.jpg","datePublished":"2024-04-02T14:05:14+00:00","dateModified":"2024-10-10T13:19:47+00:00","breadcrumb":{"@id":"https:\/\/keramamueblesdejardin.com\/de\/liegestuhle-und-ruhe\/balinesische-betten\/balinesisch-doppel-anthrazit-bett-und-kissen-farbig-grau-balinesisch\/#breadcrumb"},"inLanguage":"de","potentialAction":[{"@type":"ReadAction","target":["https:\/\/keramamueblesdejardin.com\/de\/liegestuhle-und-ruhe\/balinesische-betten\/balinesisch-doppel-anthrazit-bett-und-kissen-farbig-grau-balinesisch\/"]}]},{"@type":"ImageObject","inLanguage":"de","@id":"https:\/\/keramamueblesdejardin.com\/de\/liegestuhle-und-ruhe\/balinesische-betten\/balinesisch-doppel-anthrazit-bett-und-kissen-farbig-grau-balinesisch\/#primaryimage","url":"https:\/\/keramamueblesdejardin.com\/wp-content\/uploads\/2024\/04\/0d55c4383029de7d666ad16c3b22407e.jpg","contentUrl":"https:\/\/keramamueblesdejardin.com\/wp-content\/uploads\/2024\/04\/0d55c4383029de7d666ad16c3b22407e.jpg","width":1500,"height":1501},{"@type":"BreadcrumbList","@id":"https:\/\/keramamueblesdejardin.com\/de\/liegestuhle-und-ruhe\/balinesische-betten\/balinesisch-doppel-anthrazit-bett-und-kissen-farbig-grau-balinesisch\/#breadcrumb","itemListElement":[{"@type":"ListItem","position":1,"name":"Home","item":"https:\/\/keramamueblesdejardin.com\/de\/"},{"@type":"ListItem","position":2,"name":"Laden","item":"https:\/\/keramamueblesdejardin.com\/de\/laden\/"},{"@type":"ListItem","position":3,"name":"Liegest\u00fchle und Ruhe","item":"https:\/\/keramamueblesdejardin.com\/de\/liegestuhle-und-ruhe\/"},{"@type":"ListItem","position":4,"name":"Balinesische Betten","item":"https:\/\/keramamueblesdejardin.com\/de\/liegestuhle-und-ruhe\/balinesische-betten\/"},{"@type":"ListItem","position":5,"name":"Balinesisches anthrazitfarbenes Doppelbett mit grauen Kissen &#8211; Balinesisch"}]},{"@type":"WebSite","@id":"https:\/\/keramamueblesdejardin.com\/de\/#website","url":"https:\/\/keramamueblesdejardin.com\/de\/","name":"Kerama","description":"muebles de jard\u00edn","publisher":{"@id":"https:\/\/keramamueblesdejardin.com\/de\/#organization"},"potentialAction":[{"@type":"SearchAction","target":{"@type":"EntryPoint","urlTemplate":"https:\/\/keramamueblesdejardin.com\/de\/?s={search_term_string}"},"query-input":{"@type":"PropertyValueSpecification","valueRequired":true,"valueName":"search_term_string"}}],"inLanguage":"de"},{"@type":"Organization","@id":"https:\/\/keramamueblesdejardin.com\/de\/#organization","name":"kerama","url":"https:\/\/keramamueblesdejardin.com\/de\/","logo":{"@type":"ImageObject","inLanguage":"de","@id":"https:\/\/keramamueblesdejardin.com\/de\/#\/schema\/logo\/image\/","url":"https:\/\/keramamueblesdejardin.com\/wp-content\/uploads\/2020\/12\/k.-scaled.jpg","contentUrl":"https:\/\/keramamueblesdejardin.com\/wp-content\/uploads\/2020\/12\/k.-scaled.jpg","width":2560,"height":551,"caption":"kerama"},"image":{"@id":"https:\/\/keramamueblesdejardin.com\/de\/#\/schema\/logo\/image\/"},"sameAs":["https:\/\/www.facebook.com\/Kerama-Muebles-de-Jard\u00edn-106209328312568\/"]}]}},"df_price":1499,"df_sale_price":1499,"df_regular_price":1657,"df_image_link":"https:\/\/keramamueblesdejardin.com\/wp-content\/uploads\/2024\/04\/0d55c4383029de7d666ad16c3b22407e-300x300.jpg","custom_tabs":[{"title":"MESSUNG","id":"messung","content":"<div class=\"list\">\n<div class=\"list\"><strong>H\u00f6he: <\/strong>51cm<\/div>\n<div class=\"list\"><strong>Breite: <\/strong>190cm<\/div>\n<div class=\"list\"><strong>Tiefe: <\/strong>180cm<\/div>\n<\/div>"},{"title":"AUSPACKEN UND MONTIEREN","id":"auspacken-und-montieren","content":"<div class=\"list\"><strong style=\"font-weight: bold; color: #282828;\">Empfehlungen zum<\/strong> Auspacken: <span style=\"color: #282828;\"> Verwenden Sie beim Auspacken der M\u00f6bel keine scharfen Utensilien, da dies zu Besch\u00e4digungen f\u00fchren kann<\/span><br style=\"color: #282828;\"><strong style=\"font-weight: bold; color: #282828;\">Montage erforderlich (ja\/nein):<\/strong><span style=\"color: #282828;\"> Nein<\/span><\/div>"},{"title":"WARTUNG UND GARANTIEN","id":"wartung-und-garantien","content":"<div class=\"moz-signature\">\n<div class=\"list\"><strong>Allgemeine Empfehlungen:<\/strong>\n\u2022 Pannen oder Sch\u00e4den, die verursacht werden durch:\n\u2022 Zuf\u00e4llige Ursachen wie St\u00fcrze, Schl\u00e4ge, Versch\u00fctten von Fl\u00fcssigkeiten, Einschleppen von Fremdk\u00f6rpern sowie andere h\u00f6here Gewalt.\n\u2022 Fahrl\u00e4ssiger, unsachgem\u00e4\u00dfer oder nicht h\u00e4uslicher Gebrauch.\n\u2022 Besch\u00e4digung, Korrosion und\/oder Oxidation beschleunigt durch widrige Umweltbedingungen\n\u2022 Flecken und Verf\u00e4rbungen durch Nichtbeachtung unserer Reinigungsanweisungen\n\u2022 Sch\u00e4den, die w\u00e4hrend der Montage und Handhabung auftreten, ohne die angegebenen Montageanweisungen befolgt zu haben.\n<strong>Gebrauchs- und Wartungshinweise:<\/strong>\n\u2022 Reinigen Sie mit Hilfe eines Tuchs vorsichtig oder verwenden Sie eine neutrale Fl\u00fcssigseife und sp\u00fclen Sie sie mit viel Wasser ab.\n\u2022 Entfernen Sie Staub regelm\u00e4\u00dfig mit Hilfe eines weichen Tuchs und klarem Wasser.\n\u2022 Verwenden Sie zum Reinigen keine Reinigungsmittel oder Scheuermittel.\nJahre <strong>Garantie: 3 Jahre<\/strong>\n<strong>Hergestellt nach Norm:<\/strong> 581-1.581-2.581-3<\/div>\n<\/div>"}],"_links":{"self":[{"href":"https:\/\/keramamueblesdejardin.com\/de\/wp-json\/wp\/v2\/product\/155338","targetHints":{"allow":["GET"]}}],"collection":[{"href":"https:\/\/keramamueblesdejardin.com\/de\/wp-json\/wp\/v2\/product"}],"about":[{"href":"https:\/\/keramamueblesdejardin.com\/de\/wp-json\/wp\/v2\/types\/product"}],"replies":[{"embeddable":true,"href":"https:\/\/keramamueblesdejardin.com\/de\/wp-json\/wp\/v2\/comments?post=155338"}],"wp:featuredmedia":[{"embeddable":true,"href":"https:\/\/keramamueblesdejardin.com\/de\/wp-json\/wp\/v2\/media\/153016"}],"wp:attachment":[{"href":"https:\/\/keramamueblesdejardin.com\/de\/wp-json\/wp\/v2\/media?parent=155338"}],"wp:term":[{"taxonomy":"product_brand","embeddable":true,"href":"https:\/\/keramamueblesdejardin.com\/de\/wp-json\/wp\/v2\/product_brand?post=155338"},{"taxonomy":"product_cat","embeddable":true,"href":"https:\/\/keramamueblesdejardin.com\/de\/wp-json\/wp\/v2\/product_cat?post=155338"},{"taxonomy":"product_tag","embeddable":true,"href":"https:\/\/keramamueblesdejardin.com\/de\/wp-json\/wp\/v2\/product_tag?post=155338"}],"curies":[{"name":"wp","href":"https:\/\/api.w.org\/{rel}","templated":true}]}}