{"id":154476,"date":"2024-04-02T16:10:03","date_gmt":"2024-04-02T14:10:03","guid":{"rendered":"https:\/\/keramamueblesdejardin.com\/unkategorisiert\/garten-esszimmergarnitur-6-sitzer-terrakotta-keramiktisch-168x87-ceramik-serena\/"},"modified":"2025-01-28T09:59:22","modified_gmt":"2025-01-28T08:59:22","slug":"garten-ess-set-6-sitzer-tisch-keramik-terrakotta-168x87-keramik-serena","status":"publish","type":"product","link":"https:\/\/keramamueblesdejardin.com\/de\/speisesale-im-freien\/gartentisch-und-stuhlgarnitur\/garten-ess-set-6-sitzer-tisch-keramik-terrakotta-168x87-keramik-serena\/","title":{"rendered":"Garten-Esszimmergarnitur 6-Sitzer-Terrakotta-Keramiktisch 168&#215;87 &#8211; Ceramik &amp; Serena"},"content":{"rendered":"<p>Outdoor-Set bestehend aus Tisch und 6 St\u00fchlen aus der Serena-Kollektion. Die Tische der Familie Ceramik sind mit einer robusten Struktur aus hellem Akazienholz und mit einer handgefertigten glasierten Keramikplatte mit den Ma\u00dfen 20x20cm gefertigt. Handgefertigte Keramik, die in Girona hergestellt wird, ist die Daseinsberechtigung der Ceramik-Kollektion. Die Kombination beider Elemente f\u00fchrt zu einzigartigen St\u00fccken, die sich in alle Arten von Dekorationsstilen einf\u00fcgen und Ihre Terrasse oder Ihren Garten geschmackvoll gestalten. Die St\u00fchle der Serena etan Kollektion sind aus Akazienholz gefertigt und haben eine Sitzfl\u00e4che und R\u00fcckenlehne aus beigefarbenem synthetischem Rattan, die sich perfekt mit dem Tisch Ceramik kombinieren lassen. Ma\u00dfe: Tisch: 168x87x75cm, Stuhl: 56,5x49x85cm<\/p>\n","protected":false},"excerpt":{"rendered":"<ul>\n<li>Set bestehend aus einem Tisch und 6 St\u00fchlen aus Holz und Seil<\/li>\n<li>Tischplatte aus Terrakotta-Keramik<\/li>\n<li>Sitz und R\u00fcckenlehne aus synthetischem Rattan<\/li>\n<li>Ma\u00dfe : 168x87x75 cm und 45x58x85cm<\/li>\n<\/ul>\n","protected":false},"featured_media":149472,"comment_status":"closed","ping_status":"closed","template":"","meta":{"_acf_changed":false},"product_brand":[],"product_cat":[3241,3238],"product_tag":[3264,5122,3409,3284,3773],"class_list":{"0":"post-154476","1":"product","2":"type-product","3":"status-publish","4":"has-post-thumbnail","6":"product_cat-gartentisch-und-stuhlgarnitur","7":"product_cat-speisesale-im-freien","8":"product_tag-holz","9":"product_tag-keramik-de","10":"product_tag-keramik","11":"product_tag-rattan-de","12":"product_tag-serena-de","13":"product_shipping_class-envio-gratuito-de","14":"pa_alto-74-de","15":"pa_ancho-167-de","16":"pa_asientos-6-de","17":"pa_coleccion-keramik","18":"pa_coleccion-serena-de","19":"pa_espacio-4008-de","20":"pa_forma-rechteckig","21":"pa_largo-240-de","22":"pa_m2-4008-de","23":"pa_material-holz","24":"pa_material-keramik","25":"pa_material-rattan-de","26":"pa_tamano-espacio-gros","28":"first","29":"instock","30":"sale","31":"purchasable","32":"product-type-simple","33":"add-to-wishlist-before_image"},"acf":[],"yoast_head":"<!-- This site is optimized with the Yoast SEO plugin v27.2 - https:\/\/yoast.com\/product\/yoast-seo-wordpress\/ -->\n<title>Garten-Esszimmergarnitur 6-Sitzer-Terrakotta-Keramiktisch 168x87 - Ceramik &amp; Serena - Kerama<\/title>\n<meta name=\"robots\" content=\"index, follow, max-snippet:-1, max-image-preview:large, max-video-preview:-1\" \/>\n<link rel=\"canonical\" href=\"https:\/\/keramamueblesdejardin.com\/de\/speisesale-im-freien\/gartentisch-und-stuhlgarnitur\/garten-ess-set-6-sitzer-tisch-keramik-terrakotta-168x87-keramik-serena\/\" \/>\n<meta property=\"og:locale\" content=\"de_DE\" \/>\n<meta property=\"og:type\" content=\"article\" \/>\n<meta property=\"og:title\" content=\"Garten-Esszimmergarnitur 6-Sitzer-Terrakotta-Keramiktisch 168x87 - Ceramik &amp; Serena - Kerama\" \/>\n<meta property=\"og:description\" content=\"Set bestehend aus einem Tisch und 6 St\u00fchlen aus Holz und Seil  Tischplatte aus Terrakotta-Keramik  Sitz und R\u00fcckenlehne aus synthetischem Rattan  Ma\u00dfe : 168x87x75 cm und 45x58x85cm\" \/>\n<meta property=\"og:url\" content=\"https:\/\/keramamueblesdejardin.com\/de\/speisesale-im-freien\/gartentisch-und-stuhlgarnitur\/garten-ess-set-6-sitzer-tisch-keramik-terrakotta-168x87-keramik-serena\/\" \/>\n<meta property=\"og:site_name\" content=\"Kerama\" \/>\n<meta property=\"article:publisher\" content=\"https:\/\/www.facebook.com\/Kerama-Muebles-de-Jard%c3%adn-106209328312568\/\" \/>\n<meta property=\"article:modified_time\" content=\"2025-01-28T08:59:22+00:00\" \/>\n<meta property=\"og:image\" content=\"https:\/\/keramamueblesdejardin.com\/wp-content\/uploads\/2024\/04\/168-6-Serena-plegable-terracota.jpg\" \/>\n\t<meta property=\"og:image:width\" content=\"1200\" \/>\n\t<meta property=\"og:image:height\" content=\"1200\" \/>\n\t<meta property=\"og:image:type\" content=\"image\/jpeg\" \/>\n<meta name=\"twitter:card\" content=\"summary_large_image\" \/>\n<meta name=\"twitter:label1\" content=\"Gesch\u00e4tzte Lesezeit\" \/>\n\t<meta name=\"twitter:data1\" content=\"1\u00a0Minute\" \/>\n<script type=\"application\/ld+json\" class=\"yoast-schema-graph\">{\"@context\":\"https:\/\/schema.org\",\"@graph\":[{\"@type\":\"WebPage\",\"@id\":\"https:\/\/keramamueblesdejardin.com\/de\/speisesale-im-freien\/gartentisch-und-stuhlgarnitur\/garten-ess-set-6-sitzer-tisch-keramik-terrakotta-168x87-keramik-serena\/\",\"url\":\"https:\/\/keramamueblesdejardin.com\/de\/speisesale-im-freien\/gartentisch-und-stuhlgarnitur\/garten-ess-set-6-sitzer-tisch-keramik-terrakotta-168x87-keramik-serena\/\",\"name\":\"Garten-Esszimmergarnitur 6-Sitzer-Terrakotta-Keramiktisch 168x87 - Ceramik &amp; Serena - Kerama\",\"isPartOf\":{\"@id\":\"https:\/\/keramamueblesdejardin.com\/de\/#website\"},\"primaryImageOfPage\":{\"@id\":\"https:\/\/keramamueblesdejardin.com\/de\/speisesale-im-freien\/gartentisch-und-stuhlgarnitur\/garten-ess-set-6-sitzer-tisch-keramik-terrakotta-168x87-keramik-serena\/#primaryimage\"},\"image\":{\"@id\":\"https:\/\/keramamueblesdejardin.com\/de\/speisesale-im-freien\/gartentisch-und-stuhlgarnitur\/garten-ess-set-6-sitzer-tisch-keramik-terrakotta-168x87-keramik-serena\/#primaryimage\"},\"thumbnailUrl\":\"https:\/\/keramamueblesdejardin.com\/wp-content\/uploads\/2024\/04\/168-6-Serena-plegable-terracota.jpg\",\"datePublished\":\"2024-04-02T14:10:03+00:00\",\"dateModified\":\"2025-01-28T08:59:22+00:00\",\"breadcrumb\":{\"@id\":\"https:\/\/keramamueblesdejardin.com\/de\/speisesale-im-freien\/gartentisch-und-stuhlgarnitur\/garten-ess-set-6-sitzer-tisch-keramik-terrakotta-168x87-keramik-serena\/#breadcrumb\"},\"inLanguage\":\"de\",\"potentialAction\":[{\"@type\":\"ReadAction\",\"target\":[\"https:\/\/keramamueblesdejardin.com\/de\/speisesale-im-freien\/gartentisch-und-stuhlgarnitur\/garten-ess-set-6-sitzer-tisch-keramik-terrakotta-168x87-keramik-serena\/\"]}]},{\"@type\":\"ImageObject\",\"inLanguage\":\"de\",\"@id\":\"https:\/\/keramamueblesdejardin.com\/de\/speisesale-im-freien\/gartentisch-und-stuhlgarnitur\/garten-ess-set-6-sitzer-tisch-keramik-terrakotta-168x87-keramik-serena\/#primaryimage\",\"url\":\"https:\/\/keramamueblesdejardin.com\/wp-content\/uploads\/2024\/04\/168-6-Serena-plegable-terracota.jpg\",\"contentUrl\":\"https:\/\/keramamueblesdejardin.com\/wp-content\/uploads\/2024\/04\/168-6-Serena-plegable-terracota.jpg\",\"width\":1200,\"height\":1200},{\"@type\":\"BreadcrumbList\",\"@id\":\"https:\/\/keramamueblesdejardin.com\/de\/speisesale-im-freien\/gartentisch-und-stuhlgarnitur\/garten-ess-set-6-sitzer-tisch-keramik-terrakotta-168x87-keramik-serena\/#breadcrumb\",\"itemListElement\":[{\"@type\":\"ListItem\",\"position\":1,\"name\":\"Home\",\"item\":\"https:\/\/keramamueblesdejardin.com\/de\/\"},{\"@type\":\"ListItem\",\"position\":2,\"name\":\"Laden\",\"item\":\"https:\/\/keramamueblesdejardin.com\/de\/laden\/\"},{\"@type\":\"ListItem\",\"position\":3,\"name\":\"Speises\u00e4le im Freien\",\"item\":\"https:\/\/keramamueblesdejardin.com\/de\/speisesale-im-freien\/\"},{\"@type\":\"ListItem\",\"position\":4,\"name\":\"Gartentisch- und Stuhlgarnitur\",\"item\":\"https:\/\/keramamueblesdejardin.com\/de\/speisesale-im-freien\/gartentisch-und-stuhlgarnitur\/\"},{\"@type\":\"ListItem\",\"position\":5,\"name\":\"Garten-Esszimmergarnitur 6-Sitzer-Terrakotta-Keramiktisch 168&#215;87 &#8211; Ceramik &amp; Serena\"}]},{\"@type\":\"WebSite\",\"@id\":\"https:\/\/keramamueblesdejardin.com\/de\/#website\",\"url\":\"https:\/\/keramamueblesdejardin.com\/de\/\",\"name\":\"Kerama\",\"description\":\"muebles de jard\u00edn\",\"publisher\":{\"@id\":\"https:\/\/keramamueblesdejardin.com\/de\/#organization\"},\"potentialAction\":[{\"@type\":\"SearchAction\",\"target\":{\"@type\":\"EntryPoint\",\"urlTemplate\":\"https:\/\/keramamueblesdejardin.com\/de\/?s={search_term_string}\"},\"query-input\":{\"@type\":\"PropertyValueSpecification\",\"valueRequired\":true,\"valueName\":\"search_term_string\"}}],\"inLanguage\":\"de\"},{\"@type\":\"Organization\",\"@id\":\"https:\/\/keramamueblesdejardin.com\/de\/#organization\",\"name\":\"kerama\",\"url\":\"https:\/\/keramamueblesdejardin.com\/de\/\",\"logo\":{\"@type\":\"ImageObject\",\"inLanguage\":\"de\",\"@id\":\"https:\/\/keramamueblesdejardin.com\/de\/#\/schema\/logo\/image\/\",\"url\":\"https:\/\/keramamueblesdejardin.com\/wp-content\/uploads\/2020\/12\/k.-scaled.jpg\",\"contentUrl\":\"https:\/\/keramamueblesdejardin.com\/wp-content\/uploads\/2020\/12\/k.-scaled.jpg\",\"width\":2560,\"height\":551,\"caption\":\"kerama\"},\"image\":{\"@id\":\"https:\/\/keramamueblesdejardin.com\/de\/#\/schema\/logo\/image\/\"},\"sameAs\":[\"https:\/\/www.facebook.com\/Kerama-Muebles-de-Jard\u00edn-106209328312568\/\"]}]}<\/script>\n<!-- \/ Yoast SEO plugin. -->","yoast_head_json":{"title":"Garten-Esszimmergarnitur 6-Sitzer-Terrakotta-Keramiktisch 168x87 - Ceramik &amp; Serena - Kerama","robots":{"index":"index","follow":"follow","max-snippet":"max-snippet:-1","max-image-preview":"max-image-preview:large","max-video-preview":"max-video-preview:-1"},"canonical":"https:\/\/keramamueblesdejardin.com\/de\/speisesale-im-freien\/gartentisch-und-stuhlgarnitur\/garten-ess-set-6-sitzer-tisch-keramik-terrakotta-168x87-keramik-serena\/","og_locale":"de_DE","og_type":"article","og_title":"Garten-Esszimmergarnitur 6-Sitzer-Terrakotta-Keramiktisch 168x87 - Ceramik &amp; Serena - Kerama","og_description":"Set bestehend aus einem Tisch und 6 St\u00fchlen aus Holz und Seil  Tischplatte aus Terrakotta-Keramik  Sitz und R\u00fcckenlehne aus synthetischem Rattan  Ma\u00dfe : 168x87x75 cm und 45x58x85cm","og_url":"https:\/\/keramamueblesdejardin.com\/de\/speisesale-im-freien\/gartentisch-und-stuhlgarnitur\/garten-ess-set-6-sitzer-tisch-keramik-terrakotta-168x87-keramik-serena\/","og_site_name":"Kerama","article_publisher":"https:\/\/www.facebook.com\/Kerama-Muebles-de-Jard%c3%adn-106209328312568\/","article_modified_time":"2025-01-28T08:59:22+00:00","og_image":[{"width":1200,"height":1200,"url":"https:\/\/keramamueblesdejardin.com\/wp-content\/uploads\/2024\/04\/168-6-Serena-plegable-terracota.jpg","type":"image\/jpeg"}],"twitter_card":"summary_large_image","twitter_misc":{"Gesch\u00e4tzte Lesezeit":"1\u00a0Minute"},"schema":{"@context":"https:\/\/schema.org","@graph":[{"@type":"WebPage","@id":"https:\/\/keramamueblesdejardin.com\/de\/speisesale-im-freien\/gartentisch-und-stuhlgarnitur\/garten-ess-set-6-sitzer-tisch-keramik-terrakotta-168x87-keramik-serena\/","url":"https:\/\/keramamueblesdejardin.com\/de\/speisesale-im-freien\/gartentisch-und-stuhlgarnitur\/garten-ess-set-6-sitzer-tisch-keramik-terrakotta-168x87-keramik-serena\/","name":"Garten-Esszimmergarnitur 6-Sitzer-Terrakotta-Keramiktisch 168x87 - Ceramik &amp; Serena - Kerama","isPartOf":{"@id":"https:\/\/keramamueblesdejardin.com\/de\/#website"},"primaryImageOfPage":{"@id":"https:\/\/keramamueblesdejardin.com\/de\/speisesale-im-freien\/gartentisch-und-stuhlgarnitur\/garten-ess-set-6-sitzer-tisch-keramik-terrakotta-168x87-keramik-serena\/#primaryimage"},"image":{"@id":"https:\/\/keramamueblesdejardin.com\/de\/speisesale-im-freien\/gartentisch-und-stuhlgarnitur\/garten-ess-set-6-sitzer-tisch-keramik-terrakotta-168x87-keramik-serena\/#primaryimage"},"thumbnailUrl":"https:\/\/keramamueblesdejardin.com\/wp-content\/uploads\/2024\/04\/168-6-Serena-plegable-terracota.jpg","datePublished":"2024-04-02T14:10:03+00:00","dateModified":"2025-01-28T08:59:22+00:00","breadcrumb":{"@id":"https:\/\/keramamueblesdejardin.com\/de\/speisesale-im-freien\/gartentisch-und-stuhlgarnitur\/garten-ess-set-6-sitzer-tisch-keramik-terrakotta-168x87-keramik-serena\/#breadcrumb"},"inLanguage":"de","potentialAction":[{"@type":"ReadAction","target":["https:\/\/keramamueblesdejardin.com\/de\/speisesale-im-freien\/gartentisch-und-stuhlgarnitur\/garten-ess-set-6-sitzer-tisch-keramik-terrakotta-168x87-keramik-serena\/"]}]},{"@type":"ImageObject","inLanguage":"de","@id":"https:\/\/keramamueblesdejardin.com\/de\/speisesale-im-freien\/gartentisch-und-stuhlgarnitur\/garten-ess-set-6-sitzer-tisch-keramik-terrakotta-168x87-keramik-serena\/#primaryimage","url":"https:\/\/keramamueblesdejardin.com\/wp-content\/uploads\/2024\/04\/168-6-Serena-plegable-terracota.jpg","contentUrl":"https:\/\/keramamueblesdejardin.com\/wp-content\/uploads\/2024\/04\/168-6-Serena-plegable-terracota.jpg","width":1200,"height":1200},{"@type":"BreadcrumbList","@id":"https:\/\/keramamueblesdejardin.com\/de\/speisesale-im-freien\/gartentisch-und-stuhlgarnitur\/garten-ess-set-6-sitzer-tisch-keramik-terrakotta-168x87-keramik-serena\/#breadcrumb","itemListElement":[{"@type":"ListItem","position":1,"name":"Home","item":"https:\/\/keramamueblesdejardin.com\/de\/"},{"@type":"ListItem","position":2,"name":"Laden","item":"https:\/\/keramamueblesdejardin.com\/de\/laden\/"},{"@type":"ListItem","position":3,"name":"Speises\u00e4le im Freien","item":"https:\/\/keramamueblesdejardin.com\/de\/speisesale-im-freien\/"},{"@type":"ListItem","position":4,"name":"Gartentisch- und Stuhlgarnitur","item":"https:\/\/keramamueblesdejardin.com\/de\/speisesale-im-freien\/gartentisch-und-stuhlgarnitur\/"},{"@type":"ListItem","position":5,"name":"Garten-Esszimmergarnitur 6-Sitzer-Terrakotta-Keramiktisch 168&#215;87 &#8211; Ceramik &amp; Serena"}]},{"@type":"WebSite","@id":"https:\/\/keramamueblesdejardin.com\/de\/#website","url":"https:\/\/keramamueblesdejardin.com\/de\/","name":"Kerama","description":"muebles de jard\u00edn","publisher":{"@id":"https:\/\/keramamueblesdejardin.com\/de\/#organization"},"potentialAction":[{"@type":"SearchAction","target":{"@type":"EntryPoint","urlTemplate":"https:\/\/keramamueblesdejardin.com\/de\/?s={search_term_string}"},"query-input":{"@type":"PropertyValueSpecification","valueRequired":true,"valueName":"search_term_string"}}],"inLanguage":"de"},{"@type":"Organization","@id":"https:\/\/keramamueblesdejardin.com\/de\/#organization","name":"kerama","url":"https:\/\/keramamueblesdejardin.com\/de\/","logo":{"@type":"ImageObject","inLanguage":"de","@id":"https:\/\/keramamueblesdejardin.com\/de\/#\/schema\/logo\/image\/","url":"https:\/\/keramamueblesdejardin.com\/wp-content\/uploads\/2020\/12\/k.-scaled.jpg","contentUrl":"https:\/\/keramamueblesdejardin.com\/wp-content\/uploads\/2020\/12\/k.-scaled.jpg","width":2560,"height":551,"caption":"kerama"},"image":{"@id":"https:\/\/keramamueblesdejardin.com\/de\/#\/schema\/logo\/image\/"},"sameAs":["https:\/\/www.facebook.com\/Kerama-Muebles-de-Jard\u00edn-106209328312568\/"]}]}},"df_price":1399,"df_sale_price":1399,"df_regular_price":1670,"df_image_link":"https:\/\/keramamueblesdejardin.com\/wp-content\/uploads\/2024\/04\/168-6-Serena-plegable-terracota-300x300.jpg","custom_tabs":"","_links":{"self":[{"href":"https:\/\/keramamueblesdejardin.com\/de\/wp-json\/wp\/v2\/product\/154476","targetHints":{"allow":["GET"]}}],"collection":[{"href":"https:\/\/keramamueblesdejardin.com\/de\/wp-json\/wp\/v2\/product"}],"about":[{"href":"https:\/\/keramamueblesdejardin.com\/de\/wp-json\/wp\/v2\/types\/product"}],"replies":[{"embeddable":true,"href":"https:\/\/keramamueblesdejardin.com\/de\/wp-json\/wp\/v2\/comments?post=154476"}],"wp:featuredmedia":[{"embeddable":true,"href":"https:\/\/keramamueblesdejardin.com\/de\/wp-json\/wp\/v2\/media\/149472"}],"wp:attachment":[{"href":"https:\/\/keramamueblesdejardin.com\/de\/wp-json\/wp\/v2\/media?parent=154476"}],"wp:term":[{"taxonomy":"product_brand","embeddable":true,"href":"https:\/\/keramamueblesdejardin.com\/de\/wp-json\/wp\/v2\/product_brand?post=154476"},{"taxonomy":"product_cat","embeddable":true,"href":"https:\/\/keramamueblesdejardin.com\/de\/wp-json\/wp\/v2\/product_cat?post=154476"},{"taxonomy":"product_tag","embeddable":true,"href":"https:\/\/keramamueblesdejardin.com\/de\/wp-json\/wp\/v2\/product_tag?post=154476"}],"curies":[{"name":"wp","href":"https:\/\/api.w.org\/{rel}","templated":true}]}}