{"id":153512,"date":"2024-04-02T16:08:47","date_gmt":"2024-04-02T14:08:47","guid":{"rendered":"https:\/\/keramamueblesdejardin.com\/unkategorisiert\/packung-mit-8-stuehlen-aus-holz-und-seil-mit-beigen-kissen-riviera\/"},"modified":"2024-10-04T11:21:03","modified_gmt":"2024-10-04T09:21:03","slug":"packung-8-holz-und-seilstuhle-mit-kissen-beige-riviera","status":"publish","type":"product","link":"https:\/\/keramamueblesdejardin.com\/de\/speisesale-im-freien\/gartenstuhle\/packung-8-holz-und-seilstuhle-mit-kissen-beige-riviera\/","title":{"rendered":"Packung mit 8 St\u00fchlen aus Holz und Seil mit beigen Kissen &#8211; Riviera"},"content":{"rendered":"<p><span style=\"font-weight: 400;\">Die <\/span><b>Packung mit 8 Riviera-Gartenst\u00fchlen<\/b><span style=\"font-weight: 400;\"> besteht aus einem hellen Gestell aus Akazienholz, handgeflochtenem Polyesterseil und beigefarbenen Kissen.<\/span><br \/>\nn<br \/>\nn<span style=\"font-weight: 400;\">Die Sitz- und R\u00fcckenkissen bestehen aus beigefarbenem Polyester, das Leinen imitiert. Das Holz ist FSC-zertifiziert und garantiert so eine verantwortungsvolle Bewirtschaftung der Waldressourcen des Planeten aus \u00f6kologischer, sozialer und wirtschaftlicher Sicht. <\/span><br \/>\nn<br \/>\n<span style=\"font-weight: 400;\">n Dar\u00fcber hinaus ist er mit seinen Armlehnen und seiner gepolsterten Sitzfl\u00e4che und R\u00fcckenlehne sehr bequem.<\/span><br \/>\nn<br \/>\nn<span style=\"font-weight: 400;\">Sie k\u00f6nnen <\/span><b>diesen Stuhl mit anderen Produkten aus der<\/b><a href=\"https:\/\/keramamueblesdejardin.com\/etiqueta\/riviera\/\"><b> Riviera-Familie<\/b><\/p>\n<p><\/a> kombinieren<span style=\"font-weight: 400;\">.<\/span><br \/>\nn<br \/>\nn<span style=\"font-weight: 400;\">Schauen Sie sich unsere<\/span><a href=\"https:\/\/keramamueblesdejardin.com\/comedores-exterior\/conjunto-mesa-y-sillas-jardin\/\"> <b>Gartentisch- und Stuhlsets an.<\/b><\/a> \/n Ma\u00dfe: 58x66x75cm<\/p>\n","protected":false},"excerpt":{"rendered":"<ul>\n<li>Packung mit 8 Esszimmerst\u00fchlen f\u00fcr den Au\u00dfenbereich<\/li>\n<li>Hergestellt aus FSC-zertifizierter Holzstruktur aus heller Akazie<\/li>\n<li>Handgeflochtenes Polyesterseil und beigefarbene Kissen<\/li>\n<li>Sie k\u00f6nnen sie mit den anderen Elementen der Riviera-Produktfamilie kombinieren<\/li>\n<\/ul>\n","protected":false},"featured_media":149934,"comment_status":"closed","ping_status":"closed","template":"","meta":{"_acf_changed":false},"product_brand":[],"product_cat":[3240,3238],"product_tag":[3264,3239,3753],"class_list":{"0":"post-153512","1":"product","2":"type-product","3":"status-publish","4":"has-post-thumbnail","6":"product_cat-gartenstuhle","7":"product_cat-speisesale-im-freien","8":"product_tag-holz","9":"product_tag-riviera-de","10":"product_tag-seil","11":"product_shipping_class-envio-gratuito-de","12":"pa_alto-75-de","13":"pa_ancho-66-de","14":"pa_asientos-8-de","15":"pa_caracteristicas-waschbare-bezuge","16":"pa_coleccion-riviera-de","17":"pa_largo-58-de","18":"pa_material-holz","19":"pa_material-seil","20":"pa_tamano-espacio-gros","22":"first","23":"instock","24":"sale","25":"featured","26":"purchasable","27":"product-type-simple","28":"add-to-wishlist-before_image"},"acf":[],"yoast_head":"<!-- This site is optimized with the Yoast SEO plugin v27.2 - https:\/\/yoast.com\/product\/yoast-seo-wordpress\/ -->\n<title>Packung mit 8 St\u00fchlen aus Holz und Seil mit beigen Kissen - Riviera - Kerama<\/title>\n<meta name=\"robots\" content=\"index, follow, max-snippet:-1, max-image-preview:large, max-video-preview:-1\" \/>\n<link rel=\"canonical\" href=\"https:\/\/keramamueblesdejardin.com\/de\/speisesale-im-freien\/gartenstuhle\/packung-8-holz-und-seilstuhle-mit-kissen-beige-riviera\/\" \/>\n<meta property=\"og:locale\" content=\"de_DE\" \/>\n<meta property=\"og:type\" content=\"article\" \/>\n<meta property=\"og:title\" content=\"Packung mit 8 St\u00fchlen aus Holz und Seil mit beigen Kissen - Riviera - Kerama\" \/>\n<meta property=\"og:description\" content=\"Packung mit 8 Esszimmerst\u00fchlen f\u00fcr den Au\u00dfenbereich  Hergestellt aus FSC-zertifizierter Holzstruktur aus heller Akazie  Handgeflochtenes Polyesterseil und beigefarbene Kissen  Sie k\u00f6nnen sie mit den anderen Elementen der Riviera-Produktfamilie kombinieren\" \/>\n<meta property=\"og:url\" content=\"https:\/\/keramamueblesdejardin.com\/de\/speisesale-im-freien\/gartenstuhle\/packung-8-holz-und-seilstuhle-mit-kissen-beige-riviera\/\" \/>\n<meta property=\"og:site_name\" content=\"Kerama\" \/>\n<meta property=\"article:publisher\" content=\"https:\/\/www.facebook.com\/Kerama-Muebles-de-Jard%c3%adn-106209328312568\/\" \/>\n<meta property=\"article:modified_time\" content=\"2024-10-04T09:21:03+00:00\" \/>\n<meta property=\"og:image\" content=\"https:\/\/keramamueblesdejardin.com\/wp-content\/uploads\/2024\/04\/rivi-silla-8.jpg\" \/>\n\t<meta property=\"og:image:width\" content=\"1200\" \/>\n\t<meta property=\"og:image:height\" content=\"1200\" \/>\n\t<meta property=\"og:image:type\" content=\"image\/jpeg\" \/>\n<meta name=\"twitter:card\" content=\"summary_large_image\" \/>\n<script type=\"application\/ld+json\" class=\"yoast-schema-graph\">{\"@context\":\"https:\/\/schema.org\",\"@graph\":[{\"@type\":\"WebPage\",\"@id\":\"https:\/\/keramamueblesdejardin.com\/de\/speisesale-im-freien\/gartenstuhle\/packung-8-holz-und-seilstuhle-mit-kissen-beige-riviera\/\",\"url\":\"https:\/\/keramamueblesdejardin.com\/de\/speisesale-im-freien\/gartenstuhle\/packung-8-holz-und-seilstuhle-mit-kissen-beige-riviera\/\",\"name\":\"Packung mit 8 St\u00fchlen aus Holz und Seil mit beigen Kissen - Riviera - Kerama\",\"isPartOf\":{\"@id\":\"https:\/\/keramamueblesdejardin.com\/de\/#website\"},\"primaryImageOfPage\":{\"@id\":\"https:\/\/keramamueblesdejardin.com\/de\/speisesale-im-freien\/gartenstuhle\/packung-8-holz-und-seilstuhle-mit-kissen-beige-riviera\/#primaryimage\"},\"image\":{\"@id\":\"https:\/\/keramamueblesdejardin.com\/de\/speisesale-im-freien\/gartenstuhle\/packung-8-holz-und-seilstuhle-mit-kissen-beige-riviera\/#primaryimage\"},\"thumbnailUrl\":\"https:\/\/keramamueblesdejardin.com\/wp-content\/uploads\/2024\/04\/rivi-silla-8.jpg\",\"datePublished\":\"2024-04-02T14:08:47+00:00\",\"dateModified\":\"2024-10-04T09:21:03+00:00\",\"breadcrumb\":{\"@id\":\"https:\/\/keramamueblesdejardin.com\/de\/speisesale-im-freien\/gartenstuhle\/packung-8-holz-und-seilstuhle-mit-kissen-beige-riviera\/#breadcrumb\"},\"inLanguage\":\"de\",\"potentialAction\":[{\"@type\":\"ReadAction\",\"target\":[\"https:\/\/keramamueblesdejardin.com\/de\/speisesale-im-freien\/gartenstuhle\/packung-8-holz-und-seilstuhle-mit-kissen-beige-riviera\/\"]}]},{\"@type\":\"ImageObject\",\"inLanguage\":\"de\",\"@id\":\"https:\/\/keramamueblesdejardin.com\/de\/speisesale-im-freien\/gartenstuhle\/packung-8-holz-und-seilstuhle-mit-kissen-beige-riviera\/#primaryimage\",\"url\":\"https:\/\/keramamueblesdejardin.com\/wp-content\/uploads\/2024\/04\/rivi-silla-8.jpg\",\"contentUrl\":\"https:\/\/keramamueblesdejardin.com\/wp-content\/uploads\/2024\/04\/rivi-silla-8.jpg\",\"width\":1200,\"height\":1200},{\"@type\":\"BreadcrumbList\",\"@id\":\"https:\/\/keramamueblesdejardin.com\/de\/speisesale-im-freien\/gartenstuhle\/packung-8-holz-und-seilstuhle-mit-kissen-beige-riviera\/#breadcrumb\",\"itemListElement\":[{\"@type\":\"ListItem\",\"position\":1,\"name\":\"Home\",\"item\":\"https:\/\/keramamueblesdejardin.com\/de\/\"},{\"@type\":\"ListItem\",\"position\":2,\"name\":\"Laden\",\"item\":\"https:\/\/keramamueblesdejardin.com\/de\/laden\/\"},{\"@type\":\"ListItem\",\"position\":3,\"name\":\"Speises\u00e4le im Freien\",\"item\":\"https:\/\/keramamueblesdejardin.com\/de\/speisesale-im-freien\/\"},{\"@type\":\"ListItem\",\"position\":4,\"name\":\"Gartenst\u00fchle\",\"item\":\"https:\/\/keramamueblesdejardin.com\/de\/speisesale-im-freien\/gartenstuhle\/\"},{\"@type\":\"ListItem\",\"position\":5,\"name\":\"Packung mit 8 St\u00fchlen aus Holz und Seil mit beigen Kissen &#8211; Riviera\"}]},{\"@type\":\"WebSite\",\"@id\":\"https:\/\/keramamueblesdejardin.com\/de\/#website\",\"url\":\"https:\/\/keramamueblesdejardin.com\/de\/\",\"name\":\"Kerama\",\"description\":\"muebles de jard\u00edn\",\"publisher\":{\"@id\":\"https:\/\/keramamueblesdejardin.com\/de\/#organization\"},\"potentialAction\":[{\"@type\":\"SearchAction\",\"target\":{\"@type\":\"EntryPoint\",\"urlTemplate\":\"https:\/\/keramamueblesdejardin.com\/de\/?s={search_term_string}\"},\"query-input\":{\"@type\":\"PropertyValueSpecification\",\"valueRequired\":true,\"valueName\":\"search_term_string\"}}],\"inLanguage\":\"de\"},{\"@type\":\"Organization\",\"@id\":\"https:\/\/keramamueblesdejardin.com\/de\/#organization\",\"name\":\"kerama\",\"url\":\"https:\/\/keramamueblesdejardin.com\/de\/\",\"logo\":{\"@type\":\"ImageObject\",\"inLanguage\":\"de\",\"@id\":\"https:\/\/keramamueblesdejardin.com\/de\/#\/schema\/logo\/image\/\",\"url\":\"https:\/\/keramamueblesdejardin.com\/wp-content\/uploads\/2020\/12\/k.-scaled.jpg\",\"contentUrl\":\"https:\/\/keramamueblesdejardin.com\/wp-content\/uploads\/2020\/12\/k.-scaled.jpg\",\"width\":2560,\"height\":551,\"caption\":\"kerama\"},\"image\":{\"@id\":\"https:\/\/keramamueblesdejardin.com\/de\/#\/schema\/logo\/image\/\"},\"sameAs\":[\"https:\/\/www.facebook.com\/Kerama-Muebles-de-Jard\u00edn-106209328312568\/\"]}]}<\/script>\n<!-- \/ Yoast SEO plugin. -->","yoast_head_json":{"title":"Packung mit 8 St\u00fchlen aus Holz und Seil mit beigen Kissen - Riviera - Kerama","robots":{"index":"index","follow":"follow","max-snippet":"max-snippet:-1","max-image-preview":"max-image-preview:large","max-video-preview":"max-video-preview:-1"},"canonical":"https:\/\/keramamueblesdejardin.com\/de\/speisesale-im-freien\/gartenstuhle\/packung-8-holz-und-seilstuhle-mit-kissen-beige-riviera\/","og_locale":"de_DE","og_type":"article","og_title":"Packung mit 8 St\u00fchlen aus Holz und Seil mit beigen Kissen - Riviera - Kerama","og_description":"Packung mit 8 Esszimmerst\u00fchlen f\u00fcr den Au\u00dfenbereich  Hergestellt aus FSC-zertifizierter Holzstruktur aus heller Akazie  Handgeflochtenes Polyesterseil und beigefarbene Kissen  Sie k\u00f6nnen sie mit den anderen Elementen der Riviera-Produktfamilie kombinieren","og_url":"https:\/\/keramamueblesdejardin.com\/de\/speisesale-im-freien\/gartenstuhle\/packung-8-holz-und-seilstuhle-mit-kissen-beige-riviera\/","og_site_name":"Kerama","article_publisher":"https:\/\/www.facebook.com\/Kerama-Muebles-de-Jard%c3%adn-106209328312568\/","article_modified_time":"2024-10-04T09:21:03+00:00","og_image":[{"width":1200,"height":1200,"url":"https:\/\/keramamueblesdejardin.com\/wp-content\/uploads\/2024\/04\/rivi-silla-8.jpg","type":"image\/jpeg"}],"twitter_card":"summary_large_image","schema":{"@context":"https:\/\/schema.org","@graph":[{"@type":"WebPage","@id":"https:\/\/keramamueblesdejardin.com\/de\/speisesale-im-freien\/gartenstuhle\/packung-8-holz-und-seilstuhle-mit-kissen-beige-riviera\/","url":"https:\/\/keramamueblesdejardin.com\/de\/speisesale-im-freien\/gartenstuhle\/packung-8-holz-und-seilstuhle-mit-kissen-beige-riviera\/","name":"Packung mit 8 St\u00fchlen aus Holz und Seil mit beigen Kissen - Riviera - Kerama","isPartOf":{"@id":"https:\/\/keramamueblesdejardin.com\/de\/#website"},"primaryImageOfPage":{"@id":"https:\/\/keramamueblesdejardin.com\/de\/speisesale-im-freien\/gartenstuhle\/packung-8-holz-und-seilstuhle-mit-kissen-beige-riviera\/#primaryimage"},"image":{"@id":"https:\/\/keramamueblesdejardin.com\/de\/speisesale-im-freien\/gartenstuhle\/packung-8-holz-und-seilstuhle-mit-kissen-beige-riviera\/#primaryimage"},"thumbnailUrl":"https:\/\/keramamueblesdejardin.com\/wp-content\/uploads\/2024\/04\/rivi-silla-8.jpg","datePublished":"2024-04-02T14:08:47+00:00","dateModified":"2024-10-04T09:21:03+00:00","breadcrumb":{"@id":"https:\/\/keramamueblesdejardin.com\/de\/speisesale-im-freien\/gartenstuhle\/packung-8-holz-und-seilstuhle-mit-kissen-beige-riviera\/#breadcrumb"},"inLanguage":"de","potentialAction":[{"@type":"ReadAction","target":["https:\/\/keramamueblesdejardin.com\/de\/speisesale-im-freien\/gartenstuhle\/packung-8-holz-und-seilstuhle-mit-kissen-beige-riviera\/"]}]},{"@type":"ImageObject","inLanguage":"de","@id":"https:\/\/keramamueblesdejardin.com\/de\/speisesale-im-freien\/gartenstuhle\/packung-8-holz-und-seilstuhle-mit-kissen-beige-riviera\/#primaryimage","url":"https:\/\/keramamueblesdejardin.com\/wp-content\/uploads\/2024\/04\/rivi-silla-8.jpg","contentUrl":"https:\/\/keramamueblesdejardin.com\/wp-content\/uploads\/2024\/04\/rivi-silla-8.jpg","width":1200,"height":1200},{"@type":"BreadcrumbList","@id":"https:\/\/keramamueblesdejardin.com\/de\/speisesale-im-freien\/gartenstuhle\/packung-8-holz-und-seilstuhle-mit-kissen-beige-riviera\/#breadcrumb","itemListElement":[{"@type":"ListItem","position":1,"name":"Home","item":"https:\/\/keramamueblesdejardin.com\/de\/"},{"@type":"ListItem","position":2,"name":"Laden","item":"https:\/\/keramamueblesdejardin.com\/de\/laden\/"},{"@type":"ListItem","position":3,"name":"Speises\u00e4le im Freien","item":"https:\/\/keramamueblesdejardin.com\/de\/speisesale-im-freien\/"},{"@type":"ListItem","position":4,"name":"Gartenst\u00fchle","item":"https:\/\/keramamueblesdejardin.com\/de\/speisesale-im-freien\/gartenstuhle\/"},{"@type":"ListItem","position":5,"name":"Packung mit 8 St\u00fchlen aus Holz und Seil mit beigen Kissen &#8211; Riviera"}]},{"@type":"WebSite","@id":"https:\/\/keramamueblesdejardin.com\/de\/#website","url":"https:\/\/keramamueblesdejardin.com\/de\/","name":"Kerama","description":"muebles de jard\u00edn","publisher":{"@id":"https:\/\/keramamueblesdejardin.com\/de\/#organization"},"potentialAction":[{"@type":"SearchAction","target":{"@type":"EntryPoint","urlTemplate":"https:\/\/keramamueblesdejardin.com\/de\/?s={search_term_string}"},"query-input":{"@type":"PropertyValueSpecification","valueRequired":true,"valueName":"search_term_string"}}],"inLanguage":"de"},{"@type":"Organization","@id":"https:\/\/keramamueblesdejardin.com\/de\/#organization","name":"kerama","url":"https:\/\/keramamueblesdejardin.com\/de\/","logo":{"@type":"ImageObject","inLanguage":"de","@id":"https:\/\/keramamueblesdejardin.com\/de\/#\/schema\/logo\/image\/","url":"https:\/\/keramamueblesdejardin.com\/wp-content\/uploads\/2020\/12\/k.-scaled.jpg","contentUrl":"https:\/\/keramamueblesdejardin.com\/wp-content\/uploads\/2020\/12\/k.-scaled.jpg","width":2560,"height":551,"caption":"kerama"},"image":{"@id":"https:\/\/keramamueblesdejardin.com\/de\/#\/schema\/logo\/image\/"},"sameAs":["https:\/\/www.facebook.com\/Kerama-Muebles-de-Jard\u00edn-106209328312568\/"]}]}},"df_price":1379,"df_sale_price":1379,"df_regular_price":1644,"df_image_link":"https:\/\/keramamueblesdejardin.com\/wp-content\/uploads\/2024\/04\/rivi-silla-8-300x300.jpg","custom_tabs":[{"title":"MESSUNG","id":"messung","content":"<div class=\"list\">\n<div class=\"list\" style=\"color: #282828;\"><strong style=\"font-weight: bold; color: #282828;\">H\u00f6he:<\/strong><span style=\"color: #282828;\"> 75 cm<\/span><br style=\"color: #282828;\"><strong style=\"font-weight: bold; color: #282828;\">Breite:<\/strong><span style=\"color: #282828;\"> 58 cm<\/span><br style=\"color: #282828;\"><strong style=\"font-weight: bold; color: #282828;\">Tiefe:<\/strong><span style=\"color: #282828;\"> 66 cm<\/span><\/div>\n<div style=\"color: #282828;\">\n<div>Sitztiefe ohne Kissen: 11cm<\/div>\n<div>Sitztiefe mit Kissen: 36cm<\/div>\n<div>Sitzh\u00f6he: 51cm<\/div>\n<\/div>\n<\/div>"},{"title":"AUSPACKEN UND MONTIEREN","id":"auspacken-und-montieren","content":"<div class=\"list\"><strong style=\"font-weight: bold; color: #282828;\">Bedingungen f\u00fcr das<\/strong> Auspacken: <span style=\"color: #282828;\"> Verwenden Sie beim Auspacken der M\u00f6bel keine scharfen Utensilien, da dies zu Sch\u00e4den f\u00fchren kann<\/span><br style=\"color: #282828;\"><strong style=\"font-weight: bold; color: #282828;\">Montage erforderlich (ja\/nein):<\/strong><span style=\"color: #282828;\"> Ja<\/span><br style=\"color: #282828;\"><strong style=\"font-weight: bold; color: #282828;\">Schwierigkeitsgrad der Montage:<\/strong><span style=\"color: #282828;\"> Niedrig<\/span><br style=\"color: #282828;\"><strong style=\"font-weight: bold; color: #282828;\">Montagezeit:<\/strong><span style=\"color: #282828;\"> 30 Minuten<\/span><br style=\"color: #282828;\"><strong style=\"font-weight: bold; color: #282828;\">Empfohlene Personen f\u00fcr die Montage:<\/strong><span style=\"color: #282828;\"> 2<\/span><br style=\"color: #282828;\"><strong style=\"font-weight: bold; color: #282828;\">Montagevorschl\u00e4ge:<\/strong><span style=\"color: #282828;\">  Bereiten Sie einen sauberen und trockenen Montagebereich vor und stellen Sie sicher, dass keines der im Handbuch angegebenen Teile fehlt. Wir empfehlen das Tragen von Montagehandschuhen. Verwenden Sie nur die mitgelieferten Teile und Hardware.<\/span><\/div>"},{"title":"WARTUNG UND GARANTIEN","id":"wartung-und-garantien","content":"<strong>Allgemeine Empfehlungen:<\/strong>\n\u2022 Pannen oder Sch\u00e4den, die verursacht werden durch:\n\u2022 Zuf\u00e4llige Ursachen wie St\u00fcrze, Schl\u00e4ge, Versch\u00fctten von Fl\u00fcssigkeiten, Einschleppen von Fremdk\u00f6rpern sowie andere h\u00f6here Gewalt.\n\u2022 Fahrl\u00e4ssiger, unsachgem\u00e4\u00dfer oder nicht h\u00e4uslicher Gebrauch.\n\u2022 Besch\u00e4digung, Korrosion und\/oder Oxidation beschleunigt durch widrige Umweltbedingungen\n\u2022 Flecken und Verf\u00e4rbungen durch Nichtbeachtung unserer Reinigungsanweisungen\n\u2022 Sch\u00e4den, die w\u00e4hrend der Montage und Handhabung auftreten, ohne die angegebenen Montageanweisungen befolgt zu haben.\n<strong>Gebrauchs- und Wartungshinweise:<\/strong>\n\u2022 Reinigen Sie mit Hilfe eines Tuchs vorsichtig oder verwenden Sie eine neutrale Fl\u00fcssigseife und sp\u00fclen Sie sie mit viel Wasser ab.\n\u2022 Entfernen Sie Staub regelm\u00e4\u00dfig mit Hilfe eines weichen Tuchs und klarem Wasser.\n\u2022 Verwenden Sie zum Reinigen keine Reinigungsmittel oder Scheuermittel.\n\u2022 Behandlung mit Lein\u00f6l: Vor dem Auftragen einer Schicht Lein\u00f6l auf das Produkt in seinem nat\u00fcrlichen Zustand ist es ratsam, es 2 bis 3 Wochen im Freien stehen zu lassen, um ein homogenes Aussehen zu erhalten und es zu bel\u00fcften. Mit einer B\u00fcrste mit klarem Wasser reinigen und trocknen lassen. Sobald es gut getrocknet ist, sollte es mit einem Schleifpapier mit einer Grammatur zwischen 120 und 150 sorgf\u00e4ltig und ohne Anziehen geschliffen werden, wobei so weit wie m\u00f6glich der Richtung der Adern gefolgt werden sollte. Diese Operation wird niemals in den fr\u00fchen Morgenstunden durchgef\u00fchrt.\nUm die Farbe zu erhalten, ist es ratsam, den Vorgang ein- bis zweimal im Jahr zu wiederholen.\nWenn die M\u00f6bel bereits mit Lein\u00f6l bestrichen wurden, ist es ratsam, sie alle drei Jahre zu schleifen, damit die aufeinanderfolgenden \u00d6lschichten das Schwitzen des Holzes nicht verhindern.\nJahre <strong>Garantie: 3 Jahre<\/strong>\n<strong>Hergestellt nach Norm:<\/strong> 581-1.581-2.581-3\n<strong>FSC-Zertifizierung (ja\/nein):<\/strong> Ja"}],"_links":{"self":[{"href":"https:\/\/keramamueblesdejardin.com\/de\/wp-json\/wp\/v2\/product\/153512","targetHints":{"allow":["GET"]}}],"collection":[{"href":"https:\/\/keramamueblesdejardin.com\/de\/wp-json\/wp\/v2\/product"}],"about":[{"href":"https:\/\/keramamueblesdejardin.com\/de\/wp-json\/wp\/v2\/types\/product"}],"replies":[{"embeddable":true,"href":"https:\/\/keramamueblesdejardin.com\/de\/wp-json\/wp\/v2\/comments?post=153512"}],"wp:featuredmedia":[{"embeddable":true,"href":"https:\/\/keramamueblesdejardin.com\/de\/wp-json\/wp\/v2\/media\/149934"}],"wp:attachment":[{"href":"https:\/\/keramamueblesdejardin.com\/de\/wp-json\/wp\/v2\/media?parent=153512"}],"wp:term":[{"taxonomy":"product_brand","embeddable":true,"href":"https:\/\/keramamueblesdejardin.com\/de\/wp-json\/wp\/v2\/product_brand?post=153512"},{"taxonomy":"product_cat","embeddable":true,"href":"https:\/\/keramamueblesdejardin.com\/de\/wp-json\/wp\/v2\/product_cat?post=153512"},{"taxonomy":"product_tag","embeddable":true,"href":"https:\/\/keramamueblesdejardin.com\/de\/wp-json\/wp\/v2\/product_tag?post=153512"}],"curies":[{"name":"wp","href":"https:\/\/api.w.org\/{rel}","templated":true}]}}