{"id":147995,"date":"2024-04-02T16:04:35","date_gmt":"2024-04-02T14:04:35","guid":{"rendered":"https:\/\/keramamueblesdejardin.com\/unkategorisiert\/gartengarnitur-4-sitzer-aluminium-weiss-florenz\/"},"modified":"2024-10-23T13:01:30","modified_gmt":"2024-10-23T11:01:30","slug":"set-garten-4-sitzer-aluminium-weis-florenz","status":"publish","type":"product","link":"https:\/\/keramamueblesdejardin.com\/de\/lounges-im-freien\/garten-sets\/set-garten-4-sitzer-aluminium-weis-florenz\/","title":{"rendered":"Gartengarnitur 4-Sitzer Aluminium wei\u00df &#8211; Florenz"},"content":{"rendered":"<p>Gartenset f\u00fcr 4 Sitzer aus der Kollektion Florencia, bestehend aus 2 Sesseln, 1 2-Sitzer-Sofa und 1 Couchtisch mit Struktur aus wei\u00dfem Aluminium und abnehmbaren beigefarbenen Kissen. Die Florencia-Kollektion wurde mit einer Struktur aus wei\u00dfem Aluminium und grauen abnehmbaren Kissen entworfen und hergestellt. Die Florencia-Kollektion zeichnet sich dadurch aus, dass sie ihr Design auf breite und glatte Linien in der Struktur aus Aluminium und dicke Kissen mit erstklassigem Komfort konzentriert. Das Ergebnis ist eine Kollektion mit einem modernen Schnitt mit Komfort und Ger\u00e4umigkeit als Ausgangspunkt. Sessel: 90x93x85,5cm, Sofa 2: 160x93x85,5cm, Tisch: 140x80x36cm<\/p>\n","protected":false},"excerpt":{"rendered":"<ul>\n<li>Set aus 2 Sesseln, 2-Sitzer-Sofa und Gartentisch<\/li>\n<li>Extra dicke Kissen aus beigefarbenem Polyester<\/li>\n<li>Abnehmbare und waschbare Kissen<\/li>\n<li>Ma\u00dfe: Sofa 160x93x85,5, Tisch 140x80x36, Sessel 90x93x85,5cm<\/li>\n<\/ul>\n","protected":false},"featured_media":147797,"comment_status":"closed","ping_status":"closed","template":"","meta":{"_acf_changed":false},"product_brand":[],"product_cat":[3233,3234],"product_tag":[3376,5061,3242],"class_list":{"0":"post-147995","1":"product","2":"type-product","3":"status-publish","4":"has-post-thumbnail","6":"product_cat-garten-sets","7":"product_cat-lounges-im-freien","8":"product_tag-aluminium-de","9":"product_tag-florenz","10":"product_tag-grose-raume","11":"product_shipping_class-envio-gratuito-de","12":"pa_alto-86-de","13":"pa_ancho-340-de","14":"pa_asientos-4-de","15":"pa_caracteristicas-waschbare-bezuge","16":"pa_coleccion-florenz","17":"pa_espacio-1156-de","18":"pa_largo-340-de","19":"pa_m2-1156-de","20":"pa_material-aluminium","21":"pa_tamano-espacio-gros","23":"first","24":"outofstock","25":"sale","26":"purchasable","27":"product-type-simple","28":"add-to-wishlist-before_image"},"acf":[],"yoast_head":"<!-- This site is optimized with the Yoast SEO plugin v27.2 - https:\/\/yoast.com\/product\/yoast-seo-wordpress\/ -->\n<title>Gartengarnitur 4-Sitzer Aluminium wei\u00df - Florenz - Kerama<\/title>\n<meta name=\"robots\" content=\"index, follow, max-snippet:-1, max-image-preview:large, max-video-preview:-1\" \/>\n<link rel=\"canonical\" href=\"https:\/\/keramamueblesdejardin.com\/de\/lounges-im-freien\/garten-sets\/set-garten-4-sitzer-aluminium-weis-florenz\/\" \/>\n<meta property=\"og:locale\" content=\"de_DE\" \/>\n<meta property=\"og:type\" content=\"article\" \/>\n<meta property=\"og:title\" content=\"Gartengarnitur 4-Sitzer Aluminium wei\u00df - Florenz - Kerama\" \/>\n<meta property=\"og:description\" content=\"Set aus 2 Sesseln, 2-Sitzer-Sofa und Gartentisch  Extra dicke Kissen aus beigefarbenem Polyester  Abnehmbare und waschbare Kissen  Ma\u00dfe: Sofa 160x93x85,5, Tisch 140x80x36, Sessel 90x93x85,5cm\" \/>\n<meta property=\"og:url\" content=\"https:\/\/keramamueblesdejardin.com\/de\/lounges-im-freien\/garten-sets\/set-garten-4-sitzer-aluminium-weis-florenz\/\" \/>\n<meta property=\"og:site_name\" content=\"Kerama\" \/>\n<meta property=\"article:publisher\" content=\"https:\/\/www.facebook.com\/Kerama-Muebles-de-Jard%c3%adn-106209328312568\/\" \/>\n<meta property=\"article:modified_time\" content=\"2024-10-23T11:01:30+00:00\" \/>\n<meta property=\"og:image\" content=\"https:\/\/keramamueblesdejardin.com\/wp-content\/uploads\/2024\/04\/Florencia-4-blanco.jpg\" \/>\n\t<meta property=\"og:image:width\" content=\"1200\" \/>\n\t<meta property=\"og:image:height\" content=\"1200\" \/>\n\t<meta property=\"og:image:type\" content=\"image\/jpeg\" \/>\n<meta name=\"twitter:card\" content=\"summary_large_image\" \/>\n<script type=\"application\/ld+json\" class=\"yoast-schema-graph\">{\"@context\":\"https:\/\/schema.org\",\"@graph\":[{\"@type\":\"WebPage\",\"@id\":\"https:\/\/keramamueblesdejardin.com\/de\/lounges-im-freien\/garten-sets\/set-garten-4-sitzer-aluminium-weis-florenz\/\",\"url\":\"https:\/\/keramamueblesdejardin.com\/de\/lounges-im-freien\/garten-sets\/set-garten-4-sitzer-aluminium-weis-florenz\/\",\"name\":\"Gartengarnitur 4-Sitzer Aluminium wei\u00df - Florenz - Kerama\",\"isPartOf\":{\"@id\":\"https:\/\/keramamueblesdejardin.com\/de\/#website\"},\"primaryImageOfPage\":{\"@id\":\"https:\/\/keramamueblesdejardin.com\/de\/lounges-im-freien\/garten-sets\/set-garten-4-sitzer-aluminium-weis-florenz\/#primaryimage\"},\"image\":{\"@id\":\"https:\/\/keramamueblesdejardin.com\/de\/lounges-im-freien\/garten-sets\/set-garten-4-sitzer-aluminium-weis-florenz\/#primaryimage\"},\"thumbnailUrl\":\"https:\/\/keramamueblesdejardin.com\/wp-content\/uploads\/2024\/04\/Florencia-4-blanco.jpg\",\"datePublished\":\"2024-04-02T14:04:35+00:00\",\"dateModified\":\"2024-10-23T11:01:30+00:00\",\"breadcrumb\":{\"@id\":\"https:\/\/keramamueblesdejardin.com\/de\/lounges-im-freien\/garten-sets\/set-garten-4-sitzer-aluminium-weis-florenz\/#breadcrumb\"},\"inLanguage\":\"de\",\"potentialAction\":[{\"@type\":\"ReadAction\",\"target\":[\"https:\/\/keramamueblesdejardin.com\/de\/lounges-im-freien\/garten-sets\/set-garten-4-sitzer-aluminium-weis-florenz\/\"]}]},{\"@type\":\"ImageObject\",\"inLanguage\":\"de\",\"@id\":\"https:\/\/keramamueblesdejardin.com\/de\/lounges-im-freien\/garten-sets\/set-garten-4-sitzer-aluminium-weis-florenz\/#primaryimage\",\"url\":\"https:\/\/keramamueblesdejardin.com\/wp-content\/uploads\/2024\/04\/Florencia-4-blanco.jpg\",\"contentUrl\":\"https:\/\/keramamueblesdejardin.com\/wp-content\/uploads\/2024\/04\/Florencia-4-blanco.jpg\",\"width\":1200,\"height\":1200},{\"@type\":\"BreadcrumbList\",\"@id\":\"https:\/\/keramamueblesdejardin.com\/de\/lounges-im-freien\/garten-sets\/set-garten-4-sitzer-aluminium-weis-florenz\/#breadcrumb\",\"itemListElement\":[{\"@type\":\"ListItem\",\"position\":1,\"name\":\"Home\",\"item\":\"https:\/\/keramamueblesdejardin.com\/de\/\"},{\"@type\":\"ListItem\",\"position\":2,\"name\":\"Laden\",\"item\":\"https:\/\/keramamueblesdejardin.com\/de\/laden\/\"},{\"@type\":\"ListItem\",\"position\":3,\"name\":\"Lounges im Freien\",\"item\":\"https:\/\/keramamueblesdejardin.com\/de\/lounges-im-freien\/\"},{\"@type\":\"ListItem\",\"position\":4,\"name\":\"Garten-Sets\",\"item\":\"https:\/\/keramamueblesdejardin.com\/de\/lounges-im-freien\/garten-sets\/\"},{\"@type\":\"ListItem\",\"position\":5,\"name\":\"Gartengarnitur 4-Sitzer Aluminium wei\u00df &#8211; Florenz\"}]},{\"@type\":\"WebSite\",\"@id\":\"https:\/\/keramamueblesdejardin.com\/de\/#website\",\"url\":\"https:\/\/keramamueblesdejardin.com\/de\/\",\"name\":\"Kerama\",\"description\":\"muebles de jard\u00edn\",\"publisher\":{\"@id\":\"https:\/\/keramamueblesdejardin.com\/de\/#organization\"},\"potentialAction\":[{\"@type\":\"SearchAction\",\"target\":{\"@type\":\"EntryPoint\",\"urlTemplate\":\"https:\/\/keramamueblesdejardin.com\/de\/?s={search_term_string}\"},\"query-input\":{\"@type\":\"PropertyValueSpecification\",\"valueRequired\":true,\"valueName\":\"search_term_string\"}}],\"inLanguage\":\"de\"},{\"@type\":\"Organization\",\"@id\":\"https:\/\/keramamueblesdejardin.com\/de\/#organization\",\"name\":\"kerama\",\"url\":\"https:\/\/keramamueblesdejardin.com\/de\/\",\"logo\":{\"@type\":\"ImageObject\",\"inLanguage\":\"de\",\"@id\":\"https:\/\/keramamueblesdejardin.com\/de\/#\/schema\/logo\/image\/\",\"url\":\"https:\/\/keramamueblesdejardin.com\/wp-content\/uploads\/2020\/12\/k.-scaled.jpg\",\"contentUrl\":\"https:\/\/keramamueblesdejardin.com\/wp-content\/uploads\/2020\/12\/k.-scaled.jpg\",\"width\":2560,\"height\":551,\"caption\":\"kerama\"},\"image\":{\"@id\":\"https:\/\/keramamueblesdejardin.com\/de\/#\/schema\/logo\/image\/\"},\"sameAs\":[\"https:\/\/www.facebook.com\/Kerama-Muebles-de-Jard\u00edn-106209328312568\/\"]}]}<\/script>\n<!-- \/ Yoast SEO plugin. -->","yoast_head_json":{"title":"Gartengarnitur 4-Sitzer Aluminium wei\u00df - Florenz - Kerama","robots":{"index":"index","follow":"follow","max-snippet":"max-snippet:-1","max-image-preview":"max-image-preview:large","max-video-preview":"max-video-preview:-1"},"canonical":"https:\/\/keramamueblesdejardin.com\/de\/lounges-im-freien\/garten-sets\/set-garten-4-sitzer-aluminium-weis-florenz\/","og_locale":"de_DE","og_type":"article","og_title":"Gartengarnitur 4-Sitzer Aluminium wei\u00df - Florenz - Kerama","og_description":"Set aus 2 Sesseln, 2-Sitzer-Sofa und Gartentisch  Extra dicke Kissen aus beigefarbenem Polyester  Abnehmbare und waschbare Kissen  Ma\u00dfe: Sofa 160x93x85,5, Tisch 140x80x36, Sessel 90x93x85,5cm","og_url":"https:\/\/keramamueblesdejardin.com\/de\/lounges-im-freien\/garten-sets\/set-garten-4-sitzer-aluminium-weis-florenz\/","og_site_name":"Kerama","article_publisher":"https:\/\/www.facebook.com\/Kerama-Muebles-de-Jard%c3%adn-106209328312568\/","article_modified_time":"2024-10-23T11:01:30+00:00","og_image":[{"width":1200,"height":1200,"url":"https:\/\/keramamueblesdejardin.com\/wp-content\/uploads\/2024\/04\/Florencia-4-blanco.jpg","type":"image\/jpeg"}],"twitter_card":"summary_large_image","schema":{"@context":"https:\/\/schema.org","@graph":[{"@type":"WebPage","@id":"https:\/\/keramamueblesdejardin.com\/de\/lounges-im-freien\/garten-sets\/set-garten-4-sitzer-aluminium-weis-florenz\/","url":"https:\/\/keramamueblesdejardin.com\/de\/lounges-im-freien\/garten-sets\/set-garten-4-sitzer-aluminium-weis-florenz\/","name":"Gartengarnitur 4-Sitzer Aluminium wei\u00df - Florenz - Kerama","isPartOf":{"@id":"https:\/\/keramamueblesdejardin.com\/de\/#website"},"primaryImageOfPage":{"@id":"https:\/\/keramamueblesdejardin.com\/de\/lounges-im-freien\/garten-sets\/set-garten-4-sitzer-aluminium-weis-florenz\/#primaryimage"},"image":{"@id":"https:\/\/keramamueblesdejardin.com\/de\/lounges-im-freien\/garten-sets\/set-garten-4-sitzer-aluminium-weis-florenz\/#primaryimage"},"thumbnailUrl":"https:\/\/keramamueblesdejardin.com\/wp-content\/uploads\/2024\/04\/Florencia-4-blanco.jpg","datePublished":"2024-04-02T14:04:35+00:00","dateModified":"2024-10-23T11:01:30+00:00","breadcrumb":{"@id":"https:\/\/keramamueblesdejardin.com\/de\/lounges-im-freien\/garten-sets\/set-garten-4-sitzer-aluminium-weis-florenz\/#breadcrumb"},"inLanguage":"de","potentialAction":[{"@type":"ReadAction","target":["https:\/\/keramamueblesdejardin.com\/de\/lounges-im-freien\/garten-sets\/set-garten-4-sitzer-aluminium-weis-florenz\/"]}]},{"@type":"ImageObject","inLanguage":"de","@id":"https:\/\/keramamueblesdejardin.com\/de\/lounges-im-freien\/garten-sets\/set-garten-4-sitzer-aluminium-weis-florenz\/#primaryimage","url":"https:\/\/keramamueblesdejardin.com\/wp-content\/uploads\/2024\/04\/Florencia-4-blanco.jpg","contentUrl":"https:\/\/keramamueblesdejardin.com\/wp-content\/uploads\/2024\/04\/Florencia-4-blanco.jpg","width":1200,"height":1200},{"@type":"BreadcrumbList","@id":"https:\/\/keramamueblesdejardin.com\/de\/lounges-im-freien\/garten-sets\/set-garten-4-sitzer-aluminium-weis-florenz\/#breadcrumb","itemListElement":[{"@type":"ListItem","position":1,"name":"Home","item":"https:\/\/keramamueblesdejardin.com\/de\/"},{"@type":"ListItem","position":2,"name":"Laden","item":"https:\/\/keramamueblesdejardin.com\/de\/laden\/"},{"@type":"ListItem","position":3,"name":"Lounges im Freien","item":"https:\/\/keramamueblesdejardin.com\/de\/lounges-im-freien\/"},{"@type":"ListItem","position":4,"name":"Garten-Sets","item":"https:\/\/keramamueblesdejardin.com\/de\/lounges-im-freien\/garten-sets\/"},{"@type":"ListItem","position":5,"name":"Gartengarnitur 4-Sitzer Aluminium wei\u00df &#8211; Florenz"}]},{"@type":"WebSite","@id":"https:\/\/keramamueblesdejardin.com\/de\/#website","url":"https:\/\/keramamueblesdejardin.com\/de\/","name":"Kerama","description":"muebles de jard\u00edn","publisher":{"@id":"https:\/\/keramamueblesdejardin.com\/de\/#organization"},"potentialAction":[{"@type":"SearchAction","target":{"@type":"EntryPoint","urlTemplate":"https:\/\/keramamueblesdejardin.com\/de\/?s={search_term_string}"},"query-input":{"@type":"PropertyValueSpecification","valueRequired":true,"valueName":"search_term_string"}}],"inLanguage":"de"},{"@type":"Organization","@id":"https:\/\/keramamueblesdejardin.com\/de\/#organization","name":"kerama","url":"https:\/\/keramamueblesdejardin.com\/de\/","logo":{"@type":"ImageObject","inLanguage":"de","@id":"https:\/\/keramamueblesdejardin.com\/de\/#\/schema\/logo\/image\/","url":"https:\/\/keramamueblesdejardin.com\/wp-content\/uploads\/2020\/12\/k.-scaled.jpg","contentUrl":"https:\/\/keramamueblesdejardin.com\/wp-content\/uploads\/2020\/12\/k.-scaled.jpg","width":2560,"height":551,"caption":"kerama"},"image":{"@id":"https:\/\/keramamueblesdejardin.com\/de\/#\/schema\/logo\/image\/"},"sameAs":["https:\/\/www.facebook.com\/Kerama-Muebles-de-Jard\u00edn-106209328312568\/"]}]}},"df_price":2999,"df_sale_price":2999,"df_regular_price":3426,"df_image_link":"https:\/\/keramamueblesdejardin.com\/wp-content\/uploads\/2024\/04\/Florencia-4-blanco-300x300.jpg","custom_tabs":[{"title":"MESSUNG","id":"messung","content":"<div class=\"list\">\n<div class=\"list\"><strong>H\u00f6he: <\/strong> Tisch 36 cm \/ Sessel 85,5 cm \/ 2-Sitzer-Sofa 85,5 cm<\/div>\n<div class=\"list\"><strong>Breite: <\/strong> Tisch 140cm \/ Sessel 90cm \/ 2-Sitzer Sofa 160cm<\/div>\n<div class=\"list\"><strong>Tiefe: <\/strong> Tisch 80cm \/ Sessel 93cm \/ 2-Sitzer Sofa 93cm<\/div>\n<\/div>"},{"title":"AUSPACKEN UND MONTIEREN","id":"auspacken-und-montieren","content":"<div class=\"list\"><strong style=\"font-weight: bold; color: #282828;\">Empfehlungen zum<\/strong> Auspacken: <span style=\"color: #282828;\"> Verwenden Sie beim Auspacken der M\u00f6bel keine scharfen Utensilien, da dies zu Besch\u00e4digungen f\u00fchren kann<\/span><br style=\"color: #282828;\"><strong style=\"font-weight: bold; color: #282828;\">Montage erforderlich (ja\/nein):<\/strong><span style=\"color: #282828;\"> Nein<\/span><\/div>"},{"title":"WARTUNG UND GARANTIEN","id":"wartung-und-garantien","content":"<div class=\"moz-signature\">\n<div class=\"list\"><strong>Allgemeine Empfehlungen:<\/strong>\n\u2022 Pannen oder Sch\u00e4den, die verursacht werden durch:\n\u2022 Zuf\u00e4llige Ursachen wie St\u00fcrze, Schl\u00e4ge, Versch\u00fctten von Fl\u00fcssigkeiten, Einschleppen von Fremdk\u00f6rpern sowie andere h\u00f6here Gewalt.\n\u2022 Fahrl\u00e4ssiger, unsachgem\u00e4\u00dfer oder nicht h\u00e4uslicher Gebrauch.\n\u2022 Besch\u00e4digung, Korrosion und\/oder Oxidation beschleunigt durch widrige Umweltbedingungen\n\u2022 Flecken und Verf\u00e4rbungen durch Nichtbeachtung unserer Reinigungsanweisungen\n\u2022 Sch\u00e4den, die w\u00e4hrend der Montage und Handhabung auftreten, ohne die angegebenen Montageanweisungen befolgt zu haben.\n<strong>Gebrauchs- und Wartungshinweise:<\/strong>\n\u2022 Reinigen Sie mit Hilfe eines Tuchs vorsichtig oder verwenden Sie eine neutrale Fl\u00fcssigseife und sp\u00fclen Sie sie mit viel Wasser ab.\n\u2022 Entfernen Sie Staub regelm\u00e4\u00dfig mit Hilfe eines weichen Tuchs und klarem Wasser.\n\u2022 Verwenden Sie zum Reinigen keine Reinigungsmittel oder Scheuermittel.\nJahre <strong>Garantie: 3 Jahre<\/strong>\n<strong>Hergestellt nach Norm:<\/strong> 581-1.581-2.581-3<\/div>\n<\/div>"}],"_links":{"self":[{"href":"https:\/\/keramamueblesdejardin.com\/de\/wp-json\/wp\/v2\/product\/147995","targetHints":{"allow":["GET"]}}],"collection":[{"href":"https:\/\/keramamueblesdejardin.com\/de\/wp-json\/wp\/v2\/product"}],"about":[{"href":"https:\/\/keramamueblesdejardin.com\/de\/wp-json\/wp\/v2\/types\/product"}],"replies":[{"embeddable":true,"href":"https:\/\/keramamueblesdejardin.com\/de\/wp-json\/wp\/v2\/comments?post=147995"}],"wp:featuredmedia":[{"embeddable":true,"href":"https:\/\/keramamueblesdejardin.com\/de\/wp-json\/wp\/v2\/media\/147797"}],"wp:attachment":[{"href":"https:\/\/keramamueblesdejardin.com\/de\/wp-json\/wp\/v2\/media?parent=147995"}],"wp:term":[{"taxonomy":"product_brand","embeddable":true,"href":"https:\/\/keramamueblesdejardin.com\/de\/wp-json\/wp\/v2\/product_brand?post=147995"},{"taxonomy":"product_cat","embeddable":true,"href":"https:\/\/keramamueblesdejardin.com\/de\/wp-json\/wp\/v2\/product_cat?post=147995"},{"taxonomy":"product_tag","embeddable":true,"href":"https:\/\/keramamueblesdejardin.com\/de\/wp-json\/wp\/v2\/product_tag?post=147995"}],"curies":[{"name":"wp","href":"https:\/\/api.w.org\/{rel}","templated":true}]}}