{"id":146343,"date":"2024-03-05T13:20:36","date_gmt":"2024-03-05T12:20:36","guid":{"rendered":"https:\/\/keramamueblesdejardin.com\/unkategorisiert\/gartensofa-fuer-4-sitzer-aus-aluminium-und-beigefarbenem-seil-palermo\/"},"modified":"2025-03-08T00:41:47","modified_gmt":"2025-03-07T23:41:47","slug":"4-sitzer-gartensofa-aus-aluminium-und-seilen-grau-palermo","status":"publish","type":"product","link":"https:\/\/keramamueblesdejardin.com\/de\/lounges-im-freien\/gartensofas\/4-sitzer-gartensofa-aus-aluminium-und-seilen-grau-palermo\/","title":{"rendered":"Gartensofa f\u00fcr 4 Sitzer aus Aluminium und beigefarbenem Seil &#8211; Palermo"},"content":{"rendered":"<p>4-Sitzer-Outdoor-Sofa aus der Palermo-Kollektion aus grauem Aluminium und Seil, das von unseren Handwerkern in Beige handgeflochten wurde. Das Sofa ist \u00e4u\u00dferst bequem und ger\u00e4umig. Die Kissen bestehen aus Polyester, die einen mittelfesten Schaumstoff auf der Sitzfl\u00e4che und eine weiche Polyesterpolsterung auf der R\u00fcckenlehne bedecken. Ma\u00dfe: 224x78x68cm<\/p>\n","protected":false},"excerpt":{"rendered":"<ul>\n<li>4-Sitzer-Sofa aus Aluminium und beigefarbenem Seil<\/li>\n<li>Abnehmbare und waschbare Polyesterkissen<\/li>\n<li>Handgeflochtenes Polyesterseil<\/li>\n<li>Ma\u00dfe: 224x78x68cm<\/li>\n<\/ul>\n","protected":false},"featured_media":145084,"comment_status":"closed","ping_status":"closed","template":"","meta":{"_acf_changed":false},"product_brand":[],"product_cat":[3371,3234],"product_tag":[3376,4774],"class_list":{"0":"post-146343","1":"product","2":"type-product","3":"status-publish","4":"has-post-thumbnail","6":"product_cat-gartensofas","7":"product_cat-lounges-im-freien","8":"product_tag-aluminium-de","9":"product_tag-palermo-de","10":"product_shipping_class-envio-gratuito-de","11":"pa_alto-68-de","12":"pa_ancho-78-de","13":"pa_asientos-4-de","14":"pa_caracteristicas-waschbare-bezuge","15":"pa_coleccion-palermo-de","16":"pa_largo-224-de","17":"pa_material-aluminium","18":"pa_material-seil","19":"pa_tamano-espacio-gros","21":"first","22":"instock","23":"sale","24":"purchasable","25":"product-type-simple","26":"add-to-wishlist-before_image"},"acf":[],"yoast_head":"<!-- This site is optimized with the Yoast SEO plugin v27.2 - https:\/\/yoast.com\/product\/yoast-seo-wordpress\/ -->\n<title>Gartensofa f\u00fcr 4 Sitzer aus Aluminium und beigefarbenem Seil - Palermo - Kerama<\/title>\n<meta name=\"robots\" content=\"index, follow, max-snippet:-1, max-image-preview:large, max-video-preview:-1\" \/>\n<link rel=\"canonical\" href=\"https:\/\/keramamueblesdejardin.com\/de\/lounges-im-freien\/gartensofas\/4-sitzer-gartensofa-aus-aluminium-und-seilen-grau-palermo\/\" \/>\n<meta property=\"og:locale\" content=\"de_DE\" \/>\n<meta property=\"og:type\" content=\"article\" \/>\n<meta property=\"og:title\" content=\"Gartensofa f\u00fcr 4 Sitzer aus Aluminium und beigefarbenem Seil - Palermo - Kerama\" \/>\n<meta property=\"og:description\" content=\"4-Sitzer-Sofa aus Aluminium und beigefarbenem Seil  Abnehmbare und waschbare Polyesterkissen  Handgeflochtenes Polyesterseil  Ma\u00dfe: 224x78x68cm\" \/>\n<meta property=\"og:url\" content=\"https:\/\/keramamueblesdejardin.com\/de\/lounges-im-freien\/gartensofas\/4-sitzer-gartensofa-aus-aluminium-und-seilen-grau-palermo\/\" \/>\n<meta property=\"og:site_name\" content=\"Kerama\" \/>\n<meta property=\"article:publisher\" content=\"https:\/\/www.facebook.com\/Kerama-Muebles-de-Jard%c3%adn-106209328312568\/\" \/>\n<meta property=\"article:modified_time\" content=\"2025-03-07T23:41:47+00:00\" \/>\n<meta property=\"og:image\" content=\"https:\/\/keramamueblesdejardin.com\/wp-content\/uploads\/2024\/03\/palermo-grande-4-plazas.jpg\" \/>\n\t<meta property=\"og:image:width\" content=\"1200\" \/>\n\t<meta property=\"og:image:height\" content=\"1200\" \/>\n\t<meta property=\"og:image:type\" content=\"image\/jpeg\" \/>\n<meta name=\"twitter:card\" content=\"summary_large_image\" \/>\n<script type=\"application\/ld+json\" class=\"yoast-schema-graph\">{\"@context\":\"https:\/\/schema.org\",\"@graph\":[{\"@type\":\"WebPage\",\"@id\":\"https:\/\/keramamueblesdejardin.com\/de\/lounges-im-freien\/gartensofas\/4-sitzer-gartensofa-aus-aluminium-und-seilen-grau-palermo\/\",\"url\":\"https:\/\/keramamueblesdejardin.com\/de\/lounges-im-freien\/gartensofas\/4-sitzer-gartensofa-aus-aluminium-und-seilen-grau-palermo\/\",\"name\":\"Gartensofa f\u00fcr 4 Sitzer aus Aluminium und beigefarbenem Seil - Palermo - Kerama\",\"isPartOf\":{\"@id\":\"https:\/\/keramamueblesdejardin.com\/de\/#website\"},\"primaryImageOfPage\":{\"@id\":\"https:\/\/keramamueblesdejardin.com\/de\/lounges-im-freien\/gartensofas\/4-sitzer-gartensofa-aus-aluminium-und-seilen-grau-palermo\/#primaryimage\"},\"image\":{\"@id\":\"https:\/\/keramamueblesdejardin.com\/de\/lounges-im-freien\/gartensofas\/4-sitzer-gartensofa-aus-aluminium-und-seilen-grau-palermo\/#primaryimage\"},\"thumbnailUrl\":\"https:\/\/keramamueblesdejardin.com\/wp-content\/uploads\/2024\/03\/palermo-grande-4-plazas.jpg\",\"datePublished\":\"2024-03-05T12:20:36+00:00\",\"dateModified\":\"2025-03-07T23:41:47+00:00\",\"breadcrumb\":{\"@id\":\"https:\/\/keramamueblesdejardin.com\/de\/lounges-im-freien\/gartensofas\/4-sitzer-gartensofa-aus-aluminium-und-seilen-grau-palermo\/#breadcrumb\"},\"inLanguage\":\"de\",\"potentialAction\":[{\"@type\":\"ReadAction\",\"target\":[\"https:\/\/keramamueblesdejardin.com\/de\/lounges-im-freien\/gartensofas\/4-sitzer-gartensofa-aus-aluminium-und-seilen-grau-palermo\/\"]}]},{\"@type\":\"ImageObject\",\"inLanguage\":\"de\",\"@id\":\"https:\/\/keramamueblesdejardin.com\/de\/lounges-im-freien\/gartensofas\/4-sitzer-gartensofa-aus-aluminium-und-seilen-grau-palermo\/#primaryimage\",\"url\":\"https:\/\/keramamueblesdejardin.com\/wp-content\/uploads\/2024\/03\/palermo-grande-4-plazas.jpg\",\"contentUrl\":\"https:\/\/keramamueblesdejardin.com\/wp-content\/uploads\/2024\/03\/palermo-grande-4-plazas.jpg\",\"width\":1200,\"height\":1200},{\"@type\":\"BreadcrumbList\",\"@id\":\"https:\/\/keramamueblesdejardin.com\/de\/lounges-im-freien\/gartensofas\/4-sitzer-gartensofa-aus-aluminium-und-seilen-grau-palermo\/#breadcrumb\",\"itemListElement\":[{\"@type\":\"ListItem\",\"position\":1,\"name\":\"Home\",\"item\":\"https:\/\/keramamueblesdejardin.com\/de\/\"},{\"@type\":\"ListItem\",\"position\":2,\"name\":\"Laden\",\"item\":\"https:\/\/keramamueblesdejardin.com\/de\/laden\/\"},{\"@type\":\"ListItem\",\"position\":3,\"name\":\"Lounges im Freien\",\"item\":\"https:\/\/keramamueblesdejardin.com\/de\/lounges-im-freien\/\"},{\"@type\":\"ListItem\",\"position\":4,\"name\":\"Gartensofas\",\"item\":\"https:\/\/keramamueblesdejardin.com\/de\/lounges-im-freien\/gartensofas\/\"},{\"@type\":\"ListItem\",\"position\":5,\"name\":\"Gartensofa f\u00fcr 4 Sitzer aus Aluminium und beigefarbenem Seil &#8211; Palermo\"}]},{\"@type\":\"WebSite\",\"@id\":\"https:\/\/keramamueblesdejardin.com\/de\/#website\",\"url\":\"https:\/\/keramamueblesdejardin.com\/de\/\",\"name\":\"Kerama\",\"description\":\"muebles de jard\u00edn\",\"publisher\":{\"@id\":\"https:\/\/keramamueblesdejardin.com\/de\/#organization\"},\"potentialAction\":[{\"@type\":\"SearchAction\",\"target\":{\"@type\":\"EntryPoint\",\"urlTemplate\":\"https:\/\/keramamueblesdejardin.com\/de\/?s={search_term_string}\"},\"query-input\":{\"@type\":\"PropertyValueSpecification\",\"valueRequired\":true,\"valueName\":\"search_term_string\"}}],\"inLanguage\":\"de\"},{\"@type\":\"Organization\",\"@id\":\"https:\/\/keramamueblesdejardin.com\/de\/#organization\",\"name\":\"kerama\",\"url\":\"https:\/\/keramamueblesdejardin.com\/de\/\",\"logo\":{\"@type\":\"ImageObject\",\"inLanguage\":\"de\",\"@id\":\"https:\/\/keramamueblesdejardin.com\/de\/#\/schema\/logo\/image\/\",\"url\":\"https:\/\/keramamueblesdejardin.com\/wp-content\/uploads\/2020\/12\/k.-scaled.jpg\",\"contentUrl\":\"https:\/\/keramamueblesdejardin.com\/wp-content\/uploads\/2020\/12\/k.-scaled.jpg\",\"width\":2560,\"height\":551,\"caption\":\"kerama\"},\"image\":{\"@id\":\"https:\/\/keramamueblesdejardin.com\/de\/#\/schema\/logo\/image\/\"},\"sameAs\":[\"https:\/\/www.facebook.com\/Kerama-Muebles-de-Jard\u00edn-106209328312568\/\"]}]}<\/script>\n<!-- \/ Yoast SEO plugin. -->","yoast_head_json":{"title":"Gartensofa f\u00fcr 4 Sitzer aus Aluminium und beigefarbenem Seil - Palermo - Kerama","robots":{"index":"index","follow":"follow","max-snippet":"max-snippet:-1","max-image-preview":"max-image-preview:large","max-video-preview":"max-video-preview:-1"},"canonical":"https:\/\/keramamueblesdejardin.com\/de\/lounges-im-freien\/gartensofas\/4-sitzer-gartensofa-aus-aluminium-und-seilen-grau-palermo\/","og_locale":"de_DE","og_type":"article","og_title":"Gartensofa f\u00fcr 4 Sitzer aus Aluminium und beigefarbenem Seil - Palermo - Kerama","og_description":"4-Sitzer-Sofa aus Aluminium und beigefarbenem Seil  Abnehmbare und waschbare Polyesterkissen  Handgeflochtenes Polyesterseil  Ma\u00dfe: 224x78x68cm","og_url":"https:\/\/keramamueblesdejardin.com\/de\/lounges-im-freien\/gartensofas\/4-sitzer-gartensofa-aus-aluminium-und-seilen-grau-palermo\/","og_site_name":"Kerama","article_publisher":"https:\/\/www.facebook.com\/Kerama-Muebles-de-Jard%c3%adn-106209328312568\/","article_modified_time":"2025-03-07T23:41:47+00:00","og_image":[{"width":1200,"height":1200,"url":"https:\/\/keramamueblesdejardin.com\/wp-content\/uploads\/2024\/03\/palermo-grande-4-plazas.jpg","type":"image\/jpeg"}],"twitter_card":"summary_large_image","schema":{"@context":"https:\/\/schema.org","@graph":[{"@type":"WebPage","@id":"https:\/\/keramamueblesdejardin.com\/de\/lounges-im-freien\/gartensofas\/4-sitzer-gartensofa-aus-aluminium-und-seilen-grau-palermo\/","url":"https:\/\/keramamueblesdejardin.com\/de\/lounges-im-freien\/gartensofas\/4-sitzer-gartensofa-aus-aluminium-und-seilen-grau-palermo\/","name":"Gartensofa f\u00fcr 4 Sitzer aus Aluminium und beigefarbenem Seil - Palermo - Kerama","isPartOf":{"@id":"https:\/\/keramamueblesdejardin.com\/de\/#website"},"primaryImageOfPage":{"@id":"https:\/\/keramamueblesdejardin.com\/de\/lounges-im-freien\/gartensofas\/4-sitzer-gartensofa-aus-aluminium-und-seilen-grau-palermo\/#primaryimage"},"image":{"@id":"https:\/\/keramamueblesdejardin.com\/de\/lounges-im-freien\/gartensofas\/4-sitzer-gartensofa-aus-aluminium-und-seilen-grau-palermo\/#primaryimage"},"thumbnailUrl":"https:\/\/keramamueblesdejardin.com\/wp-content\/uploads\/2024\/03\/palermo-grande-4-plazas.jpg","datePublished":"2024-03-05T12:20:36+00:00","dateModified":"2025-03-07T23:41:47+00:00","breadcrumb":{"@id":"https:\/\/keramamueblesdejardin.com\/de\/lounges-im-freien\/gartensofas\/4-sitzer-gartensofa-aus-aluminium-und-seilen-grau-palermo\/#breadcrumb"},"inLanguage":"de","potentialAction":[{"@type":"ReadAction","target":["https:\/\/keramamueblesdejardin.com\/de\/lounges-im-freien\/gartensofas\/4-sitzer-gartensofa-aus-aluminium-und-seilen-grau-palermo\/"]}]},{"@type":"ImageObject","inLanguage":"de","@id":"https:\/\/keramamueblesdejardin.com\/de\/lounges-im-freien\/gartensofas\/4-sitzer-gartensofa-aus-aluminium-und-seilen-grau-palermo\/#primaryimage","url":"https:\/\/keramamueblesdejardin.com\/wp-content\/uploads\/2024\/03\/palermo-grande-4-plazas.jpg","contentUrl":"https:\/\/keramamueblesdejardin.com\/wp-content\/uploads\/2024\/03\/palermo-grande-4-plazas.jpg","width":1200,"height":1200},{"@type":"BreadcrumbList","@id":"https:\/\/keramamueblesdejardin.com\/de\/lounges-im-freien\/gartensofas\/4-sitzer-gartensofa-aus-aluminium-und-seilen-grau-palermo\/#breadcrumb","itemListElement":[{"@type":"ListItem","position":1,"name":"Home","item":"https:\/\/keramamueblesdejardin.com\/de\/"},{"@type":"ListItem","position":2,"name":"Laden","item":"https:\/\/keramamueblesdejardin.com\/de\/laden\/"},{"@type":"ListItem","position":3,"name":"Lounges im Freien","item":"https:\/\/keramamueblesdejardin.com\/de\/lounges-im-freien\/"},{"@type":"ListItem","position":4,"name":"Gartensofas","item":"https:\/\/keramamueblesdejardin.com\/de\/lounges-im-freien\/gartensofas\/"},{"@type":"ListItem","position":5,"name":"Gartensofa f\u00fcr 4 Sitzer aus Aluminium und beigefarbenem Seil &#8211; Palermo"}]},{"@type":"WebSite","@id":"https:\/\/keramamueblesdejardin.com\/de\/#website","url":"https:\/\/keramamueblesdejardin.com\/de\/","name":"Kerama","description":"muebles de jard\u00edn","publisher":{"@id":"https:\/\/keramamueblesdejardin.com\/de\/#organization"},"potentialAction":[{"@type":"SearchAction","target":{"@type":"EntryPoint","urlTemplate":"https:\/\/keramamueblesdejardin.com\/de\/?s={search_term_string}"},"query-input":{"@type":"PropertyValueSpecification","valueRequired":true,"valueName":"search_term_string"}}],"inLanguage":"de"},{"@type":"Organization","@id":"https:\/\/keramamueblesdejardin.com\/de\/#organization","name":"kerama","url":"https:\/\/keramamueblesdejardin.com\/de\/","logo":{"@type":"ImageObject","inLanguage":"de","@id":"https:\/\/keramamueblesdejardin.com\/de\/#\/schema\/logo\/image\/","url":"https:\/\/keramamueblesdejardin.com\/wp-content\/uploads\/2020\/12\/k.-scaled.jpg","contentUrl":"https:\/\/keramamueblesdejardin.com\/wp-content\/uploads\/2020\/12\/k.-scaled.jpg","width":2560,"height":551,"caption":"kerama"},"image":{"@id":"https:\/\/keramamueblesdejardin.com\/de\/#\/schema\/logo\/image\/"},"sameAs":["https:\/\/www.facebook.com\/Kerama-Muebles-de-Jard\u00edn-106209328312568\/"]}]}},"df_price":999,"df_sale_price":999,"df_regular_price":1319,"df_image_link":"https:\/\/keramamueblesdejardin.com\/wp-content\/uploads\/2024\/03\/palermo-grande-4-plazas-300x300.jpg","custom_tabs":[{"title":"MESSUNG","id":"messung","content":"<div class=\"list\"><strong>H\u00f6he:<\/strong> 68cm\r\n<strong>Breite:<\/strong> 224cm\r\n<strong>Tiefe:<\/strong> 78cm<\/div>"},{"title":"AUSPACKEN UND MONTIEREN","id":"auspacken-und-montieren","content":"<div class=\"list\"><strong>Bedingungen f\u00fcr das<\/strong>\u00a0Auspacken:\u00a0Verwenden Sie beim Auspacken der M\u00f6bel keine scharfen Utensilien, da dies zu Sch\u00e4den f\u00fchren kann\r\n<strong>Montage erforderlich (ja\/nein):<\/strong>\u00a0Ja\r\n<strong>Schwierigkeitsgrad der Montage:<\/strong>\u00a0Niedrig\r\n<strong>Montagezeit:<\/strong> 10 Minuten\r\n<strong>Empfohlene Personen f\u00fcr die Montage:<\/strong>\u00a02\r\n<strong>Montagevorschl\u00e4ge:<\/strong>\u00a0Bereiten Sie einen sauberen und trockenen Montagebereich vor und stellen Sie sicher, dass keines der im Handbuch angegebenen Teile fehlt. Wir empfehlen das Tragen von Montagehandschuhen. Verwenden Sie nur die mitgelieferten Teile und Hardware.<\/div>"},{"title":"WARTUNG UND GARANTIEN","id":"wartung-und-garantien","content":"<div class=\"moz-signature\">\r\n<div class=\"list\"><strong>Allgemeine Empfehlungen:<\/strong>\r\n\u2022 Pannen oder Sch\u00e4den, die verursacht werden durch:\r\n\u2022 Zuf\u00e4llige Ursachen wie St\u00fcrze, Schl\u00e4ge, Versch\u00fctten von Fl\u00fcssigkeiten, Einschleppen von Fremdk\u00f6rpern sowie andere h\u00f6here Gewalt.\r\n\u2022 Fahrl\u00e4ssiger, unsachgem\u00e4\u00dfer oder nicht h\u00e4uslicher Gebrauch.\r\n\u2022 Besch\u00e4digung, Korrosion und\/oder Oxidation beschleunigt durch widrige Umweltbedingungen\r\n\u2022 Flecken und Verf\u00e4rbungen durch Nichtbeachtung unserer Reinigungsanweisungen\r\n\u2022 Sch\u00e4den, die w\u00e4hrend der Montage und Handhabung auftreten, ohne die angegebenen Montageanweisungen befolgt zu haben.\r\n<strong>Gebrauchs- und Wartungshinweise:<\/strong>\r\n\u2022 Reinigen Sie mit Hilfe eines Tuchs vorsichtig oder verwenden Sie eine neutrale Fl\u00fcssigseife und sp\u00fclen Sie sie mit viel Wasser ab.\r\n\u2022 Entfernen Sie Staub regelm\u00e4\u00dfig mit Hilfe eines weichen Tuchs und klarem Wasser.\r\n\u2022 Verwenden Sie zum Reinigen keine Reinigungsmittel oder Scheuermittel.\r\nJahre <strong>Garantie: 3 Jahre<\/strong>\r\n<strong>Hergestellt nach Norm:<\/strong> 581-1.581-2.581-3<\/div>\r\n<\/div>"}],"_links":{"self":[{"href":"https:\/\/keramamueblesdejardin.com\/de\/wp-json\/wp\/v2\/product\/146343","targetHints":{"allow":["GET"]}}],"collection":[{"href":"https:\/\/keramamueblesdejardin.com\/de\/wp-json\/wp\/v2\/product"}],"about":[{"href":"https:\/\/keramamueblesdejardin.com\/de\/wp-json\/wp\/v2\/types\/product"}],"replies":[{"embeddable":true,"href":"https:\/\/keramamueblesdejardin.com\/de\/wp-json\/wp\/v2\/comments?post=146343"}],"wp:featuredmedia":[{"embeddable":true,"href":"https:\/\/keramamueblesdejardin.com\/de\/wp-json\/wp\/v2\/media\/145084"}],"wp:attachment":[{"href":"https:\/\/keramamueblesdejardin.com\/de\/wp-json\/wp\/v2\/media?parent=146343"}],"wp:term":[{"taxonomy":"product_brand","embeddable":true,"href":"https:\/\/keramamueblesdejardin.com\/de\/wp-json\/wp\/v2\/product_brand?post=146343"},{"taxonomy":"product_cat","embeddable":true,"href":"https:\/\/keramamueblesdejardin.com\/de\/wp-json\/wp\/v2\/product_cat?post=146343"},{"taxonomy":"product_tag","embeddable":true,"href":"https:\/\/keramamueblesdejardin.com\/de\/wp-json\/wp\/v2\/product_tag?post=146343"}],"curies":[{"name":"wp","href":"https:\/\/api.w.org\/{rel}","templated":true}]}}