{"id":143390,"date":"2024-01-25T16:00:33","date_gmt":"2024-01-25T15:00:33","guid":{"rendered":"https:\/\/keramamueblesdejardin.com\/unkategorisiert\/gartenset-fuer-4-sitzer-aus-aluminium-und-grauem-seil-salerno\/"},"modified":"2024-11-04T17:08:29","modified_gmt":"2024-11-04T16:08:29","slug":"4-sitzer-aluminium-und-seil-grau-salerno-garten-set","status":"publish","type":"product","link":"https:\/\/keramamueblesdejardin.com\/de\/lounges-im-freien\/4-sitzer-aluminium-und-seil-grau-salerno-garten-set\/","title":{"rendered":"Gartenset f\u00fcr 4 Sitzer aus Aluminium und grauem Seil &#8211; Salerno"},"content":{"rendered":"<p>Anthrazitfarbenes 4-Sitzer-Gartenset aus Aluminium mit grauem Olefinseil und grauen Polyesterkissen. Das Set besteht aus 2 Sesseln, einem 2-Sitzer-Sofa und einem Couchtisch mit Aluminiumgestell und Keramikglas in Grau. Tischgr\u00f6\u00dfe: 100x55x45 2-Sitzer-Sofa: 152x80x73 Sessel: 75x80x73<\/p>\n","protected":false},"excerpt":{"rendered":"<ul>\n<li>Aluminiumstruktur in der Farbe Anthrazit<\/li>\n<li>Graues Polyesterseil<\/li>\n<li>Graue Kissen, die herausgenommen und gewaschen werden k\u00f6nnen<\/li>\n<li>Tisch: 100x55x45 Sessel: 75x80x73cm Sofa: 152x80x73<\/li>\n<\/ul>\n<h4>SENDUNGEN ANFANG SEPTEMBER<\/h4>\n","protected":false},"featured_media":143165,"comment_status":"open","ping_status":"closed","template":"","meta":{"_acf_changed":false},"product_brand":[],"product_cat":[3233,3234],"product_tag":[],"class_list":{"0":"post-143390","1":"product","2":"type-product","3":"status-publish","4":"has-post-thumbnail","6":"product_cat-garten-sets","7":"product_cat-lounges-im-freien","8":"product_shipping_class-envio-gratuito-de","10":"first","11":"instock","12":"sale","13":"shipping-taxable","14":"purchasable","15":"product-type-simple","16":"add-to-wishlist-before_image"},"acf":[],"yoast_head":"<!-- This site is optimized with the Yoast SEO plugin v27.2 - https:\/\/yoast.com\/product\/yoast-seo-wordpress\/ -->\n<title>Gartenset f\u00fcr 4 Sitzer aus Aluminium und grauem Seil - Salerno - Kerama<\/title>\n<meta name=\"robots\" content=\"index, follow, max-snippet:-1, max-image-preview:large, max-video-preview:-1\" \/>\n<link rel=\"canonical\" href=\"https:\/\/keramamueblesdejardin.com\/de\/lounges-im-freien\/4-sitzer-aluminium-und-seil-grau-salerno-garten-set\/\" \/>\n<meta property=\"og:locale\" content=\"de_DE\" \/>\n<meta property=\"og:type\" content=\"article\" \/>\n<meta property=\"og:title\" content=\"Gartenset f\u00fcr 4 Sitzer aus Aluminium und grauem Seil - Salerno - Kerama\" \/>\n<meta property=\"og:description\" content=\"Aluminiumstruktur in der Farbe Anthrazit  Graues Polyesterseil  Graue Kissen, die herausgenommen und gewaschen werden k\u00f6nnen  Tisch: 100x55x45 Sessel: 75x80x73cm Sofa: 152x80x73  SENDUNGEN ANFANG SEPTEMBER\" \/>\n<meta property=\"og:url\" content=\"https:\/\/keramamueblesdejardin.com\/de\/lounges-im-freien\/4-sitzer-aluminium-und-seil-grau-salerno-garten-set\/\" \/>\n<meta property=\"og:site_name\" content=\"Kerama\" \/>\n<meta property=\"article:publisher\" content=\"https:\/\/www.facebook.com\/Kerama-Muebles-de-Jard%c3%adn-106209328312568\/\" \/>\n<meta property=\"article:modified_time\" content=\"2024-11-04T16:08:29+00:00\" \/>\n<meta property=\"og:image\" content=\"https:\/\/keramamueblesdejardin.com\/wp-content\/uploads\/2024\/01\/salerno-4p-negro-1.jpg\" \/>\n\t<meta property=\"og:image:width\" content=\"1200\" \/>\n\t<meta property=\"og:image:height\" content=\"1200\" \/>\n\t<meta property=\"og:image:type\" content=\"image\/jpeg\" \/>\n<meta name=\"twitter:card\" content=\"summary_large_image\" \/>\n<script type=\"application\/ld+json\" class=\"yoast-schema-graph\">{\"@context\":\"https:\/\/schema.org\",\"@graph\":[{\"@type\":\"WebPage\",\"@id\":\"https:\/\/keramamueblesdejardin.com\/de\/lounges-im-freien\/4-sitzer-aluminium-und-seil-grau-salerno-garten-set\/\",\"url\":\"https:\/\/keramamueblesdejardin.com\/de\/lounges-im-freien\/4-sitzer-aluminium-und-seil-grau-salerno-garten-set\/\",\"name\":\"Gartenset f\u00fcr 4 Sitzer aus Aluminium und grauem Seil - Salerno - Kerama\",\"isPartOf\":{\"@id\":\"https:\/\/keramamueblesdejardin.com\/de\/#website\"},\"primaryImageOfPage\":{\"@id\":\"https:\/\/keramamueblesdejardin.com\/de\/lounges-im-freien\/4-sitzer-aluminium-und-seil-grau-salerno-garten-set\/#primaryimage\"},\"image\":{\"@id\":\"https:\/\/keramamueblesdejardin.com\/de\/lounges-im-freien\/4-sitzer-aluminium-und-seil-grau-salerno-garten-set\/#primaryimage\"},\"thumbnailUrl\":\"https:\/\/keramamueblesdejardin.com\/wp-content\/uploads\/2024\/01\/salerno-4p-negro-1.jpg\",\"datePublished\":\"2024-01-25T15:00:33+00:00\",\"dateModified\":\"2024-11-04T16:08:29+00:00\",\"breadcrumb\":{\"@id\":\"https:\/\/keramamueblesdejardin.com\/de\/lounges-im-freien\/4-sitzer-aluminium-und-seil-grau-salerno-garten-set\/#breadcrumb\"},\"inLanguage\":\"de\",\"potentialAction\":[{\"@type\":\"ReadAction\",\"target\":[\"https:\/\/keramamueblesdejardin.com\/de\/lounges-im-freien\/4-sitzer-aluminium-und-seil-grau-salerno-garten-set\/\"]}]},{\"@type\":\"ImageObject\",\"inLanguage\":\"de\",\"@id\":\"https:\/\/keramamueblesdejardin.com\/de\/lounges-im-freien\/4-sitzer-aluminium-und-seil-grau-salerno-garten-set\/#primaryimage\",\"url\":\"https:\/\/keramamueblesdejardin.com\/wp-content\/uploads\/2024\/01\/salerno-4p-negro-1.jpg\",\"contentUrl\":\"https:\/\/keramamueblesdejardin.com\/wp-content\/uploads\/2024\/01\/salerno-4p-negro-1.jpg\",\"width\":1200,\"height\":1200},{\"@type\":\"BreadcrumbList\",\"@id\":\"https:\/\/keramamueblesdejardin.com\/de\/lounges-im-freien\/4-sitzer-aluminium-und-seil-grau-salerno-garten-set\/#breadcrumb\",\"itemListElement\":[{\"@type\":\"ListItem\",\"position\":1,\"name\":\"Home\",\"item\":\"https:\/\/keramamueblesdejardin.com\/de\/\"},{\"@type\":\"ListItem\",\"position\":2,\"name\":\"Laden\",\"item\":\"https:\/\/keramamueblesdejardin.com\/de\/laden\/\"},{\"@type\":\"ListItem\",\"position\":3,\"name\":\"Lounges im Freien\",\"item\":\"https:\/\/keramamueblesdejardin.com\/de\/lounges-im-freien\/\"},{\"@type\":\"ListItem\",\"position\":4,\"name\":\"Gartenset f\u00fcr 4 Sitzer aus Aluminium und grauem Seil &#8211; Salerno\"}]},{\"@type\":\"WebSite\",\"@id\":\"https:\/\/keramamueblesdejardin.com\/de\/#website\",\"url\":\"https:\/\/keramamueblesdejardin.com\/de\/\",\"name\":\"Kerama\",\"description\":\"muebles de jard\u00edn\",\"publisher\":{\"@id\":\"https:\/\/keramamueblesdejardin.com\/de\/#organization\"},\"potentialAction\":[{\"@type\":\"SearchAction\",\"target\":{\"@type\":\"EntryPoint\",\"urlTemplate\":\"https:\/\/keramamueblesdejardin.com\/de\/?s={search_term_string}\"},\"query-input\":{\"@type\":\"PropertyValueSpecification\",\"valueRequired\":true,\"valueName\":\"search_term_string\"}}],\"inLanguage\":\"de\"},{\"@type\":\"Organization\",\"@id\":\"https:\/\/keramamueblesdejardin.com\/de\/#organization\",\"name\":\"kerama\",\"url\":\"https:\/\/keramamueblesdejardin.com\/de\/\",\"logo\":{\"@type\":\"ImageObject\",\"inLanguage\":\"de\",\"@id\":\"https:\/\/keramamueblesdejardin.com\/de\/#\/schema\/logo\/image\/\",\"url\":\"https:\/\/keramamueblesdejardin.com\/wp-content\/uploads\/2020\/12\/k.-scaled.jpg\",\"contentUrl\":\"https:\/\/keramamueblesdejardin.com\/wp-content\/uploads\/2020\/12\/k.-scaled.jpg\",\"width\":2560,\"height\":551,\"caption\":\"kerama\"},\"image\":{\"@id\":\"https:\/\/keramamueblesdejardin.com\/de\/#\/schema\/logo\/image\/\"},\"sameAs\":[\"https:\/\/www.facebook.com\/Kerama-Muebles-de-Jard\u00edn-106209328312568\/\"]}]}<\/script>\n<!-- \/ Yoast SEO plugin. -->","yoast_head_json":{"title":"Gartenset f\u00fcr 4 Sitzer aus Aluminium und grauem Seil - Salerno - Kerama","robots":{"index":"index","follow":"follow","max-snippet":"max-snippet:-1","max-image-preview":"max-image-preview:large","max-video-preview":"max-video-preview:-1"},"canonical":"https:\/\/keramamueblesdejardin.com\/de\/lounges-im-freien\/4-sitzer-aluminium-und-seil-grau-salerno-garten-set\/","og_locale":"de_DE","og_type":"article","og_title":"Gartenset f\u00fcr 4 Sitzer aus Aluminium und grauem Seil - Salerno - Kerama","og_description":"Aluminiumstruktur in der Farbe Anthrazit  Graues Polyesterseil  Graue Kissen, die herausgenommen und gewaschen werden k\u00f6nnen  Tisch: 100x55x45 Sessel: 75x80x73cm Sofa: 152x80x73  SENDUNGEN ANFANG SEPTEMBER","og_url":"https:\/\/keramamueblesdejardin.com\/de\/lounges-im-freien\/4-sitzer-aluminium-und-seil-grau-salerno-garten-set\/","og_site_name":"Kerama","article_publisher":"https:\/\/www.facebook.com\/Kerama-Muebles-de-Jard%c3%adn-106209328312568\/","article_modified_time":"2024-11-04T16:08:29+00:00","og_image":[{"width":1200,"height":1200,"url":"https:\/\/keramamueblesdejardin.com\/wp-content\/uploads\/2024\/01\/salerno-4p-negro-1.jpg","type":"image\/jpeg"}],"twitter_card":"summary_large_image","schema":{"@context":"https:\/\/schema.org","@graph":[{"@type":"WebPage","@id":"https:\/\/keramamueblesdejardin.com\/de\/lounges-im-freien\/4-sitzer-aluminium-und-seil-grau-salerno-garten-set\/","url":"https:\/\/keramamueblesdejardin.com\/de\/lounges-im-freien\/4-sitzer-aluminium-und-seil-grau-salerno-garten-set\/","name":"Gartenset f\u00fcr 4 Sitzer aus Aluminium und grauem Seil - Salerno - Kerama","isPartOf":{"@id":"https:\/\/keramamueblesdejardin.com\/de\/#website"},"primaryImageOfPage":{"@id":"https:\/\/keramamueblesdejardin.com\/de\/lounges-im-freien\/4-sitzer-aluminium-und-seil-grau-salerno-garten-set\/#primaryimage"},"image":{"@id":"https:\/\/keramamueblesdejardin.com\/de\/lounges-im-freien\/4-sitzer-aluminium-und-seil-grau-salerno-garten-set\/#primaryimage"},"thumbnailUrl":"https:\/\/keramamueblesdejardin.com\/wp-content\/uploads\/2024\/01\/salerno-4p-negro-1.jpg","datePublished":"2024-01-25T15:00:33+00:00","dateModified":"2024-11-04T16:08:29+00:00","breadcrumb":{"@id":"https:\/\/keramamueblesdejardin.com\/de\/lounges-im-freien\/4-sitzer-aluminium-und-seil-grau-salerno-garten-set\/#breadcrumb"},"inLanguage":"de","potentialAction":[{"@type":"ReadAction","target":["https:\/\/keramamueblesdejardin.com\/de\/lounges-im-freien\/4-sitzer-aluminium-und-seil-grau-salerno-garten-set\/"]}]},{"@type":"ImageObject","inLanguage":"de","@id":"https:\/\/keramamueblesdejardin.com\/de\/lounges-im-freien\/4-sitzer-aluminium-und-seil-grau-salerno-garten-set\/#primaryimage","url":"https:\/\/keramamueblesdejardin.com\/wp-content\/uploads\/2024\/01\/salerno-4p-negro-1.jpg","contentUrl":"https:\/\/keramamueblesdejardin.com\/wp-content\/uploads\/2024\/01\/salerno-4p-negro-1.jpg","width":1200,"height":1200},{"@type":"BreadcrumbList","@id":"https:\/\/keramamueblesdejardin.com\/de\/lounges-im-freien\/4-sitzer-aluminium-und-seil-grau-salerno-garten-set\/#breadcrumb","itemListElement":[{"@type":"ListItem","position":1,"name":"Home","item":"https:\/\/keramamueblesdejardin.com\/de\/"},{"@type":"ListItem","position":2,"name":"Laden","item":"https:\/\/keramamueblesdejardin.com\/de\/laden\/"},{"@type":"ListItem","position":3,"name":"Lounges im Freien","item":"https:\/\/keramamueblesdejardin.com\/de\/lounges-im-freien\/"},{"@type":"ListItem","position":4,"name":"Gartenset f\u00fcr 4 Sitzer aus Aluminium und grauem Seil &#8211; Salerno"}]},{"@type":"WebSite","@id":"https:\/\/keramamueblesdejardin.com\/de\/#website","url":"https:\/\/keramamueblesdejardin.com\/de\/","name":"Kerama","description":"muebles de jard\u00edn","publisher":{"@id":"https:\/\/keramamueblesdejardin.com\/de\/#organization"},"potentialAction":[{"@type":"SearchAction","target":{"@type":"EntryPoint","urlTemplate":"https:\/\/keramamueblesdejardin.com\/de\/?s={search_term_string}"},"query-input":{"@type":"PropertyValueSpecification","valueRequired":true,"valueName":"search_term_string"}}],"inLanguage":"de"},{"@type":"Organization","@id":"https:\/\/keramamueblesdejardin.com\/de\/#organization","name":"kerama","url":"https:\/\/keramamueblesdejardin.com\/de\/","logo":{"@type":"ImageObject","inLanguage":"de","@id":"https:\/\/keramamueblesdejardin.com\/de\/#\/schema\/logo\/image\/","url":"https:\/\/keramamueblesdejardin.com\/wp-content\/uploads\/2020\/12\/k.-scaled.jpg","contentUrl":"https:\/\/keramamueblesdejardin.com\/wp-content\/uploads\/2020\/12\/k.-scaled.jpg","width":2560,"height":551,"caption":"kerama"},"image":{"@id":"https:\/\/keramamueblesdejardin.com\/de\/#\/schema\/logo\/image\/"},"sameAs":["https:\/\/www.facebook.com\/Kerama-Muebles-de-Jard\u00edn-106209328312568\/"]}]}},"df_price":1279,"df_sale_price":1279,"df_regular_price":1919,"df_image_link":"https:\/\/keramamueblesdejardin.com\/wp-content\/uploads\/2024\/01\/salerno-4p-negro-1-300x300.jpg","custom_tabs":[{"title":"MESSUNG","id":"messung","content":"<div class=\"list\"><strong>H\u00f6he:<\/strong> Tisch 45cm \/\/ Sessel 73cm \/\/ 2-Sitzer Sofa 73cm\r\n<strong>Breite:<\/strong> Tisch 100cm \/\/ Sessel 71cm \/\/ 2-Sitzer Sofa 152cm\r\n<strong>Unten:<\/strong> Tisch 55cm \/\/ Sessel 80cm \/\/ 2-Sitzer-Sofa 80cm<\/div>"},{"title":"AUSPACKEN UND MONTIEREN","id":"auspacken-und-montieren","content":"<div class=\"list\"><strong style=\"font-weight: bold; color: #282828;\">Empfehlungen zum<\/strong> Auspacken: <span style=\"color: #282828;\"> Verwenden Sie beim Auspacken der M\u00f6bel keine scharfen Utensilien, da dies zu Besch\u00e4digungen f\u00fchren kann<\/span><br style=\"color: #282828;\" \/><strong style=\"font-weight: bold; color: #282828;\">Montage erforderlich (ja\/nein):<\/strong><span style=\"color: #282828;\"> Nein<\/span><\/div>"},{"title":"WARTUNG UND GARANTIEN","id":"wartung-und-garantien","content":"<div class=\"moz-signature\">\r\n<div class=\"list\"><strong>Allgemeine Empfehlungen:<\/strong>\r\n\u2022 Pannen oder Sch\u00e4den, die verursacht werden durch:\r\n\u2022 Zuf\u00e4llige Ursachen wie St\u00fcrze, Schl\u00e4ge, Versch\u00fctten von Fl\u00fcssigkeiten, Einschleppen von Fremdk\u00f6rpern sowie andere h\u00f6here Gewalt.\r\n\u2022 Fahrl\u00e4ssiger, unsachgem\u00e4\u00dfer oder nicht h\u00e4uslicher Gebrauch.\r\n\u2022 Besch\u00e4digung, Korrosion und\/oder Oxidation beschleunigt durch widrige Umweltbedingungen\r\n\u2022 Flecken und Verf\u00e4rbungen durch Nichtbeachtung unserer Reinigungsanweisungen\r\n\u2022 Sch\u00e4den, die w\u00e4hrend der Montage und Handhabung auftreten, ohne die angegebenen Montageanweisungen befolgt zu haben.\r\n<strong>Gebrauchs- und Wartungshinweise:<\/strong>\r\n\u2022 Reinigen Sie mit Hilfe eines Tuchs vorsichtig oder verwenden Sie eine neutrale Fl\u00fcssigseife und sp\u00fclen Sie sie mit viel Wasser ab.\r\n\u2022 Entfernen Sie Staub regelm\u00e4\u00dfig mit Hilfe eines weichen Tuchs und klarem Wasser.\r\n\u2022 Verwenden Sie zum Reinigen keine Reinigungsmittel oder Scheuermittel.\r\nJahre <strong>Garantie: 3 Jahre<\/strong>\r\n<strong>Hergestellt nach Norm:<\/strong> 581-1.581-2.581-3<\/div>\r\n<\/div>"}],"_links":{"self":[{"href":"https:\/\/keramamueblesdejardin.com\/de\/wp-json\/wp\/v2\/product\/143390","targetHints":{"allow":["GET"]}}],"collection":[{"href":"https:\/\/keramamueblesdejardin.com\/de\/wp-json\/wp\/v2\/product"}],"about":[{"href":"https:\/\/keramamueblesdejardin.com\/de\/wp-json\/wp\/v2\/types\/product"}],"replies":[{"embeddable":true,"href":"https:\/\/keramamueblesdejardin.com\/de\/wp-json\/wp\/v2\/comments?post=143390"}],"wp:featuredmedia":[{"embeddable":true,"href":"https:\/\/keramamueblesdejardin.com\/de\/wp-json\/wp\/v2\/media\/143165"}],"wp:attachment":[{"href":"https:\/\/keramamueblesdejardin.com\/de\/wp-json\/wp\/v2\/media?parent=143390"}],"wp:term":[{"taxonomy":"product_brand","embeddable":true,"href":"https:\/\/keramamueblesdejardin.com\/de\/wp-json\/wp\/v2\/product_brand?post=143390"},{"taxonomy":"product_cat","embeddable":true,"href":"https:\/\/keramamueblesdejardin.com\/de\/wp-json\/wp\/v2\/product_cat?post=143390"},{"taxonomy":"product_tag","embeddable":true,"href":"https:\/\/keramamueblesdejardin.com\/de\/wp-json\/wp\/v2\/product_tag?post=143390"}],"curies":[{"name":"wp","href":"https:\/\/api.w.org\/{rel}","templated":true}]}}