{"id":142029,"date":"2024-01-02T12:34:03","date_gmt":"2024-01-02T11:34:03","guid":{"rendered":"https:\/\/keramamueblesdejardin.com\/unkategorisiert\/aussenkueche-aus-schwarzem-aluminium-und-teakholz-127x53cm-amber\/"},"modified":"2024-07-09T11:59:41","modified_gmt":"2024-07-09T09:59:41","slug":"outdoor-aluminium-schwarz-und-teakholz-kuche-127x53cm-bernstein","status":"publish","type":"product","link":"https:\/\/keramamueblesdejardin.com\/de\/sin-categoria\/outdoor-aluminium-schwarz-und-teakholz-kuche-127x53cm-bernstein\/","title":{"rendered":"Au\u00dfenk\u00fcche aus schwarzem Aluminium und Teakholz 127x53cm &#8211; Amber"},"content":{"rendered":"<p>Bernsteinfarbene Outdoor-K\u00fcche aus schwarzem Aluminium und Teakholz mit einer H\u00f6he von 127x53x95 cm. Die Gartenk\u00fcche verf\u00fcgt \u00fcber eine Edelstahlsp\u00fcle mit Wasserhahn und Teakholz-Arbeitsplatte. Die Amber-K\u00fcche verf\u00fcgt \u00fcber 2 Tabletts an der Unterseite, um Ihnen zus\u00e4tzlichen Platz zu bieten, die verwendeten Materialien haben eine gro\u00dfe Haltbarkeit und sind sehr widerstandsf\u00e4hig gegen widrige Klimabedingungen. Es hat eine Abdeckung, um es abzudecken.<\/p>\n","protected":false},"excerpt":{"rendered":"<p>&#8222;<\/p>\n<ul>\n<li>Gartenk\u00fcche aus Aluminium und Teakholz<\/li>\n<li>Edelstahlsp\u00fcle, Teakholz-Arbeitsplatte und Stauraum<\/li>\n<li>Alle verwendeten H\u00f6lzer sind FSC-zertifiziert<\/li>\n<li>Ma\u00dfe: 127x53x95cm<\/li>\n<\/ul>\n<p>&#8222;<\/p>\n","protected":false},"featured_media":140696,"comment_status":"closed","ping_status":"closed","template":"","meta":{"_acf_changed":false},"product_brand":[],"product_cat":[41],"product_tag":[3242,4235,4234],"class_list":{"0":"post-142029","1":"product","2":"type-product","3":"status-publish","4":"has-post-thumbnail","6":"product_cat-sin-categoria","7":"product_tag-grose-raume","8":"product_tag-portale","9":"product_tag-teak-de","10":"product_shipping_class-envio-gratuito-de","11":"pa_alto-95-de-3","12":"pa_ancho-53-de","13":"pa_coleccion-bernstein","14":"pa_forma-rechteckig","15":"pa_largo-127-de","16":"pa_material-teakholz-aluminium","17":"pa_tamano-espacio-gros","19":"first","20":"outofstock","21":"sale","22":"purchasable","23":"product-type-simple","24":"add-to-wishlist-before_image"},"acf":[],"yoast_head":"<!-- This site is optimized with the Yoast SEO plugin v27.2 - https:\/\/yoast.com\/product\/yoast-seo-wordpress\/ -->\n<title>Au\u00dfenk\u00fcche aus schwarzem Aluminium und Teakholz 127x53cm - Amber - Kerama<\/title>\n<meta name=\"robots\" content=\"index, follow, max-snippet:-1, max-image-preview:large, max-video-preview:-1\" \/>\n<link rel=\"canonical\" href=\"https:\/\/keramamueblesdejardin.com\/de\/sin-categoria\/outdoor-aluminium-schwarz-und-teakholz-kuche-127x53cm-bernstein\/\" \/>\n<meta property=\"og:locale\" content=\"de_DE\" \/>\n<meta property=\"og:type\" content=\"article\" \/>\n<meta property=\"og:title\" content=\"Au\u00dfenk\u00fcche aus schwarzem Aluminium und Teakholz 127x53cm - Amber - Kerama\" \/>\n<meta property=\"og:description\" content=\"&quot; Gartenk\u00fcche aus Aluminium und Teakholz Edelstahlsp\u00fcle, Teakholz-Arbeitsplatte und Stauraum Alle verwendeten H\u00f6lzer sind FSC-zertifiziert Ma\u00dfe: 127x53x95cm &quot;\" \/>\n<meta property=\"og:url\" content=\"https:\/\/keramamueblesdejardin.com\/de\/sin-categoria\/outdoor-aluminium-schwarz-und-teakholz-kuche-127x53cm-bernstein\/\" \/>\n<meta property=\"og:site_name\" content=\"Kerama\" \/>\n<meta property=\"article:publisher\" content=\"https:\/\/www.facebook.com\/Kerama-Muebles-de-Jard%c3%adn-106209328312568\/\" \/>\n<meta property=\"article:modified_time\" content=\"2024-07-09T09:59:41+00:00\" \/>\n<meta property=\"og:image\" content=\"https:\/\/keramamueblesdejardin.com\/wp-content\/uploads\/2024\/01\/amber-1.jpg\" \/>\n\t<meta property=\"og:image:width\" content=\"800\" \/>\n\t<meta property=\"og:image:height\" content=\"800\" \/>\n\t<meta property=\"og:image:type\" content=\"image\/jpeg\" \/>\n<meta name=\"twitter:card\" content=\"summary_large_image\" \/>\n<script type=\"application\/ld+json\" class=\"yoast-schema-graph\">{\"@context\":\"https:\/\/schema.org\",\"@graph\":[{\"@type\":\"WebPage\",\"@id\":\"https:\/\/keramamueblesdejardin.com\/de\/sin-categoria\/outdoor-aluminium-schwarz-und-teakholz-kuche-127x53cm-bernstein\/\",\"url\":\"https:\/\/keramamueblesdejardin.com\/de\/sin-categoria\/outdoor-aluminium-schwarz-und-teakholz-kuche-127x53cm-bernstein\/\",\"name\":\"Au\u00dfenk\u00fcche aus schwarzem Aluminium und Teakholz 127x53cm - Amber - Kerama\",\"isPartOf\":{\"@id\":\"https:\/\/keramamueblesdejardin.com\/de\/#website\"},\"primaryImageOfPage\":{\"@id\":\"https:\/\/keramamueblesdejardin.com\/de\/sin-categoria\/outdoor-aluminium-schwarz-und-teakholz-kuche-127x53cm-bernstein\/#primaryimage\"},\"image\":{\"@id\":\"https:\/\/keramamueblesdejardin.com\/de\/sin-categoria\/outdoor-aluminium-schwarz-und-teakholz-kuche-127x53cm-bernstein\/#primaryimage\"},\"thumbnailUrl\":\"https:\/\/keramamueblesdejardin.com\/wp-content\/uploads\/2024\/01\/amber-1.jpg\",\"datePublished\":\"2024-01-02T11:34:03+00:00\",\"dateModified\":\"2024-07-09T09:59:41+00:00\",\"breadcrumb\":{\"@id\":\"https:\/\/keramamueblesdejardin.com\/de\/sin-categoria\/outdoor-aluminium-schwarz-und-teakholz-kuche-127x53cm-bernstein\/#breadcrumb\"},\"inLanguage\":\"de\",\"potentialAction\":[{\"@type\":\"ReadAction\",\"target\":[\"https:\/\/keramamueblesdejardin.com\/de\/sin-categoria\/outdoor-aluminium-schwarz-und-teakholz-kuche-127x53cm-bernstein\/\"]}]},{\"@type\":\"ImageObject\",\"inLanguage\":\"de\",\"@id\":\"https:\/\/keramamueblesdejardin.com\/de\/sin-categoria\/outdoor-aluminium-schwarz-und-teakholz-kuche-127x53cm-bernstein\/#primaryimage\",\"url\":\"https:\/\/keramamueblesdejardin.com\/wp-content\/uploads\/2024\/01\/amber-1.jpg\",\"contentUrl\":\"https:\/\/keramamueblesdejardin.com\/wp-content\/uploads\/2024\/01\/amber-1.jpg\",\"width\":800,\"height\":800},{\"@type\":\"BreadcrumbList\",\"@id\":\"https:\/\/keramamueblesdejardin.com\/de\/sin-categoria\/outdoor-aluminium-schwarz-und-teakholz-kuche-127x53cm-bernstein\/#breadcrumb\",\"itemListElement\":[{\"@type\":\"ListItem\",\"position\":1,\"name\":\"Home\",\"item\":\"https:\/\/keramamueblesdejardin.com\/de\/\"},{\"@type\":\"ListItem\",\"position\":2,\"name\":\"Laden\",\"item\":\"https:\/\/keramamueblesdejardin.com\/de\/laden\/\"},{\"@type\":\"ListItem\",\"position\":3,\"name\":\"Outdoor-K\u00fcchen\",\"item\":\"https:\/\/keramamueblesdejardin.com\/de\/outdoor-kuchen\/\"},{\"@type\":\"ListItem\",\"position\":4,\"name\":\"Au\u00dfenk\u00fcche aus schwarzem Aluminium und Teakholz 127x53cm &#8211; Amber\"}]},{\"@type\":\"WebSite\",\"@id\":\"https:\/\/keramamueblesdejardin.com\/de\/#website\",\"url\":\"https:\/\/keramamueblesdejardin.com\/de\/\",\"name\":\"Kerama\",\"description\":\"muebles de jard\u00edn\",\"publisher\":{\"@id\":\"https:\/\/keramamueblesdejardin.com\/de\/#organization\"},\"potentialAction\":[{\"@type\":\"SearchAction\",\"target\":{\"@type\":\"EntryPoint\",\"urlTemplate\":\"https:\/\/keramamueblesdejardin.com\/de\/?s={search_term_string}\"},\"query-input\":{\"@type\":\"PropertyValueSpecification\",\"valueRequired\":true,\"valueName\":\"search_term_string\"}}],\"inLanguage\":\"de\"},{\"@type\":\"Organization\",\"@id\":\"https:\/\/keramamueblesdejardin.com\/de\/#organization\",\"name\":\"kerama\",\"url\":\"https:\/\/keramamueblesdejardin.com\/de\/\",\"logo\":{\"@type\":\"ImageObject\",\"inLanguage\":\"de\",\"@id\":\"https:\/\/keramamueblesdejardin.com\/de\/#\/schema\/logo\/image\/\",\"url\":\"https:\/\/keramamueblesdejardin.com\/wp-content\/uploads\/2020\/12\/k.-scaled.jpg\",\"contentUrl\":\"https:\/\/keramamueblesdejardin.com\/wp-content\/uploads\/2020\/12\/k.-scaled.jpg\",\"width\":2560,\"height\":551,\"caption\":\"kerama\"},\"image\":{\"@id\":\"https:\/\/keramamueblesdejardin.com\/de\/#\/schema\/logo\/image\/\"},\"sameAs\":[\"https:\/\/www.facebook.com\/Kerama-Muebles-de-Jard\u00edn-106209328312568\/\"]}]}<\/script>\n<!-- \/ Yoast SEO plugin. -->","yoast_head_json":{"title":"Au\u00dfenk\u00fcche aus schwarzem Aluminium und Teakholz 127x53cm - Amber - Kerama","robots":{"index":"index","follow":"follow","max-snippet":"max-snippet:-1","max-image-preview":"max-image-preview:large","max-video-preview":"max-video-preview:-1"},"canonical":"https:\/\/keramamueblesdejardin.com\/de\/sin-categoria\/outdoor-aluminium-schwarz-und-teakholz-kuche-127x53cm-bernstein\/","og_locale":"de_DE","og_type":"article","og_title":"Au\u00dfenk\u00fcche aus schwarzem Aluminium und Teakholz 127x53cm - Amber - Kerama","og_description":"\" Gartenk\u00fcche aus Aluminium und Teakholz Edelstahlsp\u00fcle, Teakholz-Arbeitsplatte und Stauraum Alle verwendeten H\u00f6lzer sind FSC-zertifiziert Ma\u00dfe: 127x53x95cm \"","og_url":"https:\/\/keramamueblesdejardin.com\/de\/sin-categoria\/outdoor-aluminium-schwarz-und-teakholz-kuche-127x53cm-bernstein\/","og_site_name":"Kerama","article_publisher":"https:\/\/www.facebook.com\/Kerama-Muebles-de-Jard%c3%adn-106209328312568\/","article_modified_time":"2024-07-09T09:59:41+00:00","og_image":[{"width":800,"height":800,"url":"https:\/\/keramamueblesdejardin.com\/wp-content\/uploads\/2024\/01\/amber-1.jpg","type":"image\/jpeg"}],"twitter_card":"summary_large_image","schema":{"@context":"https:\/\/schema.org","@graph":[{"@type":"WebPage","@id":"https:\/\/keramamueblesdejardin.com\/de\/sin-categoria\/outdoor-aluminium-schwarz-und-teakholz-kuche-127x53cm-bernstein\/","url":"https:\/\/keramamueblesdejardin.com\/de\/sin-categoria\/outdoor-aluminium-schwarz-und-teakholz-kuche-127x53cm-bernstein\/","name":"Au\u00dfenk\u00fcche aus schwarzem Aluminium und Teakholz 127x53cm - Amber - Kerama","isPartOf":{"@id":"https:\/\/keramamueblesdejardin.com\/de\/#website"},"primaryImageOfPage":{"@id":"https:\/\/keramamueblesdejardin.com\/de\/sin-categoria\/outdoor-aluminium-schwarz-und-teakholz-kuche-127x53cm-bernstein\/#primaryimage"},"image":{"@id":"https:\/\/keramamueblesdejardin.com\/de\/sin-categoria\/outdoor-aluminium-schwarz-und-teakholz-kuche-127x53cm-bernstein\/#primaryimage"},"thumbnailUrl":"https:\/\/keramamueblesdejardin.com\/wp-content\/uploads\/2024\/01\/amber-1.jpg","datePublished":"2024-01-02T11:34:03+00:00","dateModified":"2024-07-09T09:59:41+00:00","breadcrumb":{"@id":"https:\/\/keramamueblesdejardin.com\/de\/sin-categoria\/outdoor-aluminium-schwarz-und-teakholz-kuche-127x53cm-bernstein\/#breadcrumb"},"inLanguage":"de","potentialAction":[{"@type":"ReadAction","target":["https:\/\/keramamueblesdejardin.com\/de\/sin-categoria\/outdoor-aluminium-schwarz-und-teakholz-kuche-127x53cm-bernstein\/"]}]},{"@type":"ImageObject","inLanguage":"de","@id":"https:\/\/keramamueblesdejardin.com\/de\/sin-categoria\/outdoor-aluminium-schwarz-und-teakholz-kuche-127x53cm-bernstein\/#primaryimage","url":"https:\/\/keramamueblesdejardin.com\/wp-content\/uploads\/2024\/01\/amber-1.jpg","contentUrl":"https:\/\/keramamueblesdejardin.com\/wp-content\/uploads\/2024\/01\/amber-1.jpg","width":800,"height":800},{"@type":"BreadcrumbList","@id":"https:\/\/keramamueblesdejardin.com\/de\/sin-categoria\/outdoor-aluminium-schwarz-und-teakholz-kuche-127x53cm-bernstein\/#breadcrumb","itemListElement":[{"@type":"ListItem","position":1,"name":"Home","item":"https:\/\/keramamueblesdejardin.com\/de\/"},{"@type":"ListItem","position":2,"name":"Laden","item":"https:\/\/keramamueblesdejardin.com\/de\/laden\/"},{"@type":"ListItem","position":3,"name":"Outdoor-K\u00fcchen","item":"https:\/\/keramamueblesdejardin.com\/de\/outdoor-kuchen\/"},{"@type":"ListItem","position":4,"name":"Au\u00dfenk\u00fcche aus schwarzem Aluminium und Teakholz 127x53cm &#8211; Amber"}]},{"@type":"WebSite","@id":"https:\/\/keramamueblesdejardin.com\/de\/#website","url":"https:\/\/keramamueblesdejardin.com\/de\/","name":"Kerama","description":"muebles de jard\u00edn","publisher":{"@id":"https:\/\/keramamueblesdejardin.com\/de\/#organization"},"potentialAction":[{"@type":"SearchAction","target":{"@type":"EntryPoint","urlTemplate":"https:\/\/keramamueblesdejardin.com\/de\/?s={search_term_string}"},"query-input":{"@type":"PropertyValueSpecification","valueRequired":true,"valueName":"search_term_string"}}],"inLanguage":"de"},{"@type":"Organization","@id":"https:\/\/keramamueblesdejardin.com\/de\/#organization","name":"kerama","url":"https:\/\/keramamueblesdejardin.com\/de\/","logo":{"@type":"ImageObject","inLanguage":"de","@id":"https:\/\/keramamueblesdejardin.com\/de\/#\/schema\/logo\/image\/","url":"https:\/\/keramamueblesdejardin.com\/wp-content\/uploads\/2020\/12\/k.-scaled.jpg","contentUrl":"https:\/\/keramamueblesdejardin.com\/wp-content\/uploads\/2020\/12\/k.-scaled.jpg","width":2560,"height":551,"caption":"kerama"},"image":{"@id":"https:\/\/keramamueblesdejardin.com\/de\/#\/schema\/logo\/image\/"},"sameAs":["https:\/\/www.facebook.com\/Kerama-Muebles-de-Jard\u00edn-106209328312568\/"]}]}},"df_price":1999,"df_sale_price":1999,"df_regular_price":2859,"df_image_link":"https:\/\/keramamueblesdejardin.com\/wp-content\/uploads\/2024\/01\/amber-1-300x300.jpg","custom_tabs":[{"title":"MESSUNG","id":"messung","content":"\"<div class=\"\" list=\"\">H\u00f6he: 95cm <\/div>\n<div class=\"\" list=\"\"><strong>Breite: <\/strong> 127cm<\/div>\n<div class=\"\" list=\"\"><strong>Tiefe: <\/strong>53cm<\/div>\""},{"title":"AUSPACKEN UND MONTIEREN","id":"auspacken-und-montieren","content":"Empfehlungen zum Auspacken: Verwenden Sie beim Auspacken der M\u00f6bel keine scharfen Utensilien, da dies zu Besch\u00e4digungen f\u00fchren kann\nMontage erforderlich (ja\/nein): Nein"},{"title":"WARTUNG UND GARANTIEN","id":"wartung-und-garantien","content":"<p><strong>Allgemeine Empfehlungen:<\/strong><br>\u2022 Pannen oder Sch\u00e4den, die verursacht werden durch:<br>\u2022 Zuf\u00e4llige Ursachen wie St\u00fcrze, Schl\u00e4ge, Versch\u00fctten von Fl\u00fcssigkeiten, Einschleppen von Fremdk\u00f6rpern sowie andere h\u00f6here Gewalt.<br>\u2022 Fahrl\u00e4ssiger, unsachgem\u00e4\u00dfer oder nicht h\u00e4uslicher Gebrauch.<br>\u2022 Besch\u00e4digung, Korrosion und\/oder Oxidation beschleunigt durch widrige Umweltbedingungen<br>\u2022 Flecken und Verf\u00e4rbungen durch Nichtbeachtung unserer Reinigungsanweisungen<br>\u2022 Sch\u00e4den, die w\u00e4hrend der Montage und Handhabung auftreten, ohne die angegebenen Montageanweisungen befolgt zu haben.<br><strong>Gebrauchs- und Wartungshinweise:<\/strong><br>\u2022 Reinigen Sie mit Hilfe eines Tuchs vorsichtig oder verwenden Sie eine neutrale Fl\u00fcssigseife und sp\u00fclen Sie sie mit viel Wasser ab.<br>\u2022 Entfernen Sie Staub regelm\u00e4\u00dfig mit Hilfe eines weichen Tuchs und klarem Wasser.<br>\u2022 Verwenden Sie zum Reinigen keine Reinigungsmittel oder Scheuermittel.<br>\u2022 Behandlung mit Lein\u00f6l: Vor dem Auftragen einer Schicht Lein\u00f6l auf das Produkt in seinem nat\u00fcrlichen Zustand ist es ratsam, es 2 bis 3 Wochen im Freien stehen zu lassen, um ein homogenes Aussehen zu erhalten und es zu bel\u00fcften. Mit einer B\u00fcrste mit klarem Wasser reinigen und trocknen lassen. Sobald es gut getrocknet ist, sollte es mit einem Schleifpapier mit einer Grammatur zwischen 120 und 150 sorgf\u00e4ltig und ohne Anziehen geschliffen werden, wobei so weit wie m\u00f6glich der Richtung der Adern gefolgt werden sollte. Diese Operation wird niemals in den fr\u00fchen Morgenstunden durchgef\u00fchrt.<br>Um die Farbe zu erhalten, ist es ratsam, den Vorgang ein- bis zweimal im Jahr zu wiederholen.<br>Wenn die M\u00f6bel bereits mit Lein\u00f6l bestrichen wurden, ist es ratsam, sie alle drei Jahre zu schleifen, damit die aufeinanderfolgenden \u00d6lschichten das Schwitzen des Holzes nicht verhindern.<br>Jahre <strong>Garantie: 3 Jahre<\/strong><br><strong>Hergestellt nach Norm:<\/strong> 581-1.581-2.581-3<br><strong>FSC-Zertifizierung (ja\/nein):<\/strong> Ja<\/p>"}],"_links":{"self":[{"href":"https:\/\/keramamueblesdejardin.com\/de\/wp-json\/wp\/v2\/product\/142029","targetHints":{"allow":["GET"]}}],"collection":[{"href":"https:\/\/keramamueblesdejardin.com\/de\/wp-json\/wp\/v2\/product"}],"about":[{"href":"https:\/\/keramamueblesdejardin.com\/de\/wp-json\/wp\/v2\/types\/product"}],"replies":[{"embeddable":true,"href":"https:\/\/keramamueblesdejardin.com\/de\/wp-json\/wp\/v2\/comments?post=142029"}],"wp:featuredmedia":[{"embeddable":true,"href":"https:\/\/keramamueblesdejardin.com\/de\/wp-json\/wp\/v2\/media\/140696"}],"wp:attachment":[{"href":"https:\/\/keramamueblesdejardin.com\/de\/wp-json\/wp\/v2\/media?parent=142029"}],"wp:term":[{"taxonomy":"product_brand","embeddable":true,"href":"https:\/\/keramamueblesdejardin.com\/de\/wp-json\/wp\/v2\/product_brand?post=142029"},{"taxonomy":"product_cat","embeddable":true,"href":"https:\/\/keramamueblesdejardin.com\/de\/wp-json\/wp\/v2\/product_cat?post=142029"},{"taxonomy":"product_tag","embeddable":true,"href":"https:\/\/keramamueblesdejardin.com\/de\/wp-json\/wp\/v2\/product_tag?post=142029"}],"curies":[{"name":"wp","href":"https:\/\/api.w.org\/{rel}","templated":true}]}}