{"id":122464,"date":"2023-06-13T15:39:00","date_gmt":"2023-06-13T13:39:00","guid":{"rendered":"https:\/\/keramamueblesdejardin.com\/unkategorisiert\/packung-mit-2-kissen-fuer-quadratischen-gartenstuhl-40x40x6-cm-beige-streifen-deco\/"},"modified":"2024-07-23T14:48:04","modified_gmt":"2024-07-23T12:48:04","slug":"packung-von-2-kissen-fur-gartenstuhl-quadratisch-40x40x6-cm-streifen-beige-deko","status":"publish","type":"product","link":"https:\/\/keramamueblesdejardin.com\/de\/exterieur-zubehor\/kissen-fur-den-ausenbereich\/packung-von-2-kissen-fur-gartenstuhl-quadratisch-40x40x6-cm-streifen-beige-deko\/","title":{"rendered":"Packung mit 2 Kissen f\u00fcr quadratischen Gartenstuhl 40x40x6 cm beige Streifen &#8211; Deco"},"content":{"rendered":"<p>Packung mit 2 quadratischen Kissen f\u00fcr Stuhl von 40x40cm und 6cm Dicke. Die Kissen bestehen aus recyceltem Polyester und die F\u00fcllung besteht aus recycelten Polyesterfasern, es ist ein Produkt aus 100% recycelten Materialien. Das Kissen hat Gurte, die am Stuhl befestigt werden k\u00f6nnen.<\/p>\n","protected":false},"excerpt":{"rendered":"<ul>\n<li>Packung mit 2 Outdoor-Kissen f\u00fcr Stuhl<\/li>\n<li>40cm x 40cm und 6cm dick<\/li>\n<li>Hergestellt aus 100% recyceltem Polyester<\/li>\n<li>Inklusive Gurte zur Befestigung am Stuhl<\/li>\n<\/ul>\n","protected":false},"featured_media":126211,"comment_status":"closed","ping_status":"closed","template":"","meta":{"_acf_changed":false},"product_brand":[],"product_cat":[3271,3270],"product_tag":[3593,3692],"class_list":{"0":"post-122464","1":"product","2":"type-product","3":"status-publish","4":"has-post-thumbnail","6":"product_cat-exterieur-zubehor","7":"product_cat-kissen-fur-den-ausenbereich","8":"product_tag-deco-de","9":"product_tag-stoff","10":"product_shipping_class-envio-gratuito-de","11":"pa_ancho-40-de","12":"pa_caracteristicas-abnehmbar-waschbar","13":"pa_coleccion-deco-de","14":"pa_forma-quadrat-de","15":"pa_largo-40-de","16":"pa_material-polyester","18":"first","19":"outofstock","20":"sale","21":"purchasable","22":"product-type-simple","23":"add-to-wishlist-before_image"},"acf":[],"yoast_head":"<!-- This site is optimized with the Yoast SEO plugin v27.2 - https:\/\/yoast.com\/product\/yoast-seo-wordpress\/ -->\n<title>Packung mit 2 Kissen f\u00fcr quadratischen Gartenstuhl 40x40x6 cm beige Streifen - Deco - Kerama<\/title>\n<meta name=\"robots\" content=\"index, follow, max-snippet:-1, max-image-preview:large, max-video-preview:-1\" \/>\n<link rel=\"canonical\" href=\"https:\/\/keramamueblesdejardin.com\/de\/exterieur-zubehor\/kissen-fur-den-ausenbereich\/packung-von-2-kissen-fur-gartenstuhl-quadratisch-40x40x6-cm-streifen-beige-deko\/\" \/>\n<meta property=\"og:locale\" content=\"de_DE\" \/>\n<meta property=\"og:type\" content=\"article\" \/>\n<meta property=\"og:title\" content=\"Packung mit 2 Kissen f\u00fcr quadratischen Gartenstuhl 40x40x6 cm beige Streifen - Deco - Kerama\" \/>\n<meta property=\"og:description\" content=\"Packung mit 2 Outdoor-Kissen f\u00fcr Stuhl  40cm x 40cm und 6cm dick  Hergestellt aus 100% recyceltem Polyester  Inklusive Gurte zur Befestigung am Stuhl\" \/>\n<meta property=\"og:url\" content=\"https:\/\/keramamueblesdejardin.com\/de\/exterieur-zubehor\/kissen-fur-den-ausenbereich\/packung-von-2-kissen-fur-gartenstuhl-quadratisch-40x40x6-cm-streifen-beige-deko\/\" \/>\n<meta property=\"og:site_name\" content=\"Kerama\" \/>\n<meta property=\"article:publisher\" content=\"https:\/\/www.facebook.com\/Kerama-Muebles-de-Jard%c3%adn-106209328312568\/\" \/>\n<meta property=\"article:modified_time\" content=\"2024-07-23T12:48:04+00:00\" \/>\n<meta property=\"og:image\" content=\"https:\/\/keramamueblesdejardin.com\/wp-content\/uploads\/2023\/06\/10.jpg\" \/>\n\t<meta property=\"og:image:width\" content=\"1200\" \/>\n\t<meta property=\"og:image:height\" content=\"1200\" \/>\n\t<meta property=\"og:image:type\" content=\"image\/jpeg\" \/>\n<meta name=\"twitter:card\" content=\"summary_large_image\" \/>\n<script type=\"application\/ld+json\" class=\"yoast-schema-graph\">{\"@context\":\"https:\/\/schema.org\",\"@graph\":[{\"@type\":\"WebPage\",\"@id\":\"https:\/\/keramamueblesdejardin.com\/de\/exterieur-zubehor\/kissen-fur-den-ausenbereich\/packung-von-2-kissen-fur-gartenstuhl-quadratisch-40x40x6-cm-streifen-beige-deko\/\",\"url\":\"https:\/\/keramamueblesdejardin.com\/de\/exterieur-zubehor\/kissen-fur-den-ausenbereich\/packung-von-2-kissen-fur-gartenstuhl-quadratisch-40x40x6-cm-streifen-beige-deko\/\",\"name\":\"Packung mit 2 Kissen f\u00fcr quadratischen Gartenstuhl 40x40x6 cm beige Streifen - Deco - Kerama\",\"isPartOf\":{\"@id\":\"https:\/\/keramamueblesdejardin.com\/de\/#website\"},\"primaryImageOfPage\":{\"@id\":\"https:\/\/keramamueblesdejardin.com\/de\/exterieur-zubehor\/kissen-fur-den-ausenbereich\/packung-von-2-kissen-fur-gartenstuhl-quadratisch-40x40x6-cm-streifen-beige-deko\/#primaryimage\"},\"image\":{\"@id\":\"https:\/\/keramamueblesdejardin.com\/de\/exterieur-zubehor\/kissen-fur-den-ausenbereich\/packung-von-2-kissen-fur-gartenstuhl-quadratisch-40x40x6-cm-streifen-beige-deko\/#primaryimage\"},\"thumbnailUrl\":\"https:\/\/keramamueblesdejardin.com\/wp-content\/uploads\/2023\/06\/10.jpg\",\"datePublished\":\"2023-06-13T13:39:00+00:00\",\"dateModified\":\"2024-07-23T12:48:04+00:00\",\"breadcrumb\":{\"@id\":\"https:\/\/keramamueblesdejardin.com\/de\/exterieur-zubehor\/kissen-fur-den-ausenbereich\/packung-von-2-kissen-fur-gartenstuhl-quadratisch-40x40x6-cm-streifen-beige-deko\/#breadcrumb\"},\"inLanguage\":\"de\",\"potentialAction\":[{\"@type\":\"ReadAction\",\"target\":[\"https:\/\/keramamueblesdejardin.com\/de\/exterieur-zubehor\/kissen-fur-den-ausenbereich\/packung-von-2-kissen-fur-gartenstuhl-quadratisch-40x40x6-cm-streifen-beige-deko\/\"]}]},{\"@type\":\"ImageObject\",\"inLanguage\":\"de\",\"@id\":\"https:\/\/keramamueblesdejardin.com\/de\/exterieur-zubehor\/kissen-fur-den-ausenbereich\/packung-von-2-kissen-fur-gartenstuhl-quadratisch-40x40x6-cm-streifen-beige-deko\/#primaryimage\",\"url\":\"https:\/\/keramamueblesdejardin.com\/wp-content\/uploads\/2023\/06\/10.jpg\",\"contentUrl\":\"https:\/\/keramamueblesdejardin.com\/wp-content\/uploads\/2023\/06\/10.jpg\",\"width\":1200,\"height\":1200},{\"@type\":\"BreadcrumbList\",\"@id\":\"https:\/\/keramamueblesdejardin.com\/de\/exterieur-zubehor\/kissen-fur-den-ausenbereich\/packung-von-2-kissen-fur-gartenstuhl-quadratisch-40x40x6-cm-streifen-beige-deko\/#breadcrumb\",\"itemListElement\":[{\"@type\":\"ListItem\",\"position\":1,\"name\":\"Home\",\"item\":\"https:\/\/keramamueblesdejardin.com\/de\/\"},{\"@type\":\"ListItem\",\"position\":2,\"name\":\"Laden\",\"item\":\"https:\/\/keramamueblesdejardin.com\/de\/laden\/\"},{\"@type\":\"ListItem\",\"position\":3,\"name\":\"Exterieur-Zubeh\u00f6r\",\"item\":\"https:\/\/keramamueblesdejardin.com\/de\/exterieur-zubehor\/\"},{\"@type\":\"ListItem\",\"position\":4,\"name\":\"Kissen f\u00fcr den Au\u00dfenbereich\",\"item\":\"https:\/\/keramamueblesdejardin.com\/de\/exterieur-zubehor\/kissen-fur-den-ausenbereich\/\"},{\"@type\":\"ListItem\",\"position\":5,\"name\":\"Packung mit 2 Kissen f\u00fcr quadratischen Gartenstuhl 40x40x6 cm beige Streifen &#8211; Deco\"}]},{\"@type\":\"WebSite\",\"@id\":\"https:\/\/keramamueblesdejardin.com\/de\/#website\",\"url\":\"https:\/\/keramamueblesdejardin.com\/de\/\",\"name\":\"Kerama\",\"description\":\"muebles de jard\u00edn\",\"publisher\":{\"@id\":\"https:\/\/keramamueblesdejardin.com\/de\/#organization\"},\"potentialAction\":[{\"@type\":\"SearchAction\",\"target\":{\"@type\":\"EntryPoint\",\"urlTemplate\":\"https:\/\/keramamueblesdejardin.com\/de\/?s={search_term_string}\"},\"query-input\":{\"@type\":\"PropertyValueSpecification\",\"valueRequired\":true,\"valueName\":\"search_term_string\"}}],\"inLanguage\":\"de\"},{\"@type\":\"Organization\",\"@id\":\"https:\/\/keramamueblesdejardin.com\/de\/#organization\",\"name\":\"kerama\",\"url\":\"https:\/\/keramamueblesdejardin.com\/de\/\",\"logo\":{\"@type\":\"ImageObject\",\"inLanguage\":\"de\",\"@id\":\"https:\/\/keramamueblesdejardin.com\/de\/#\/schema\/logo\/image\/\",\"url\":\"https:\/\/keramamueblesdejardin.com\/wp-content\/uploads\/2020\/12\/k.-scaled.jpg\",\"contentUrl\":\"https:\/\/keramamueblesdejardin.com\/wp-content\/uploads\/2020\/12\/k.-scaled.jpg\",\"width\":2560,\"height\":551,\"caption\":\"kerama\"},\"image\":{\"@id\":\"https:\/\/keramamueblesdejardin.com\/de\/#\/schema\/logo\/image\/\"},\"sameAs\":[\"https:\/\/www.facebook.com\/Kerama-Muebles-de-Jard\u00edn-106209328312568\/\"]}]}<\/script>\n<!-- \/ Yoast SEO plugin. -->","yoast_head_json":{"title":"Packung mit 2 Kissen f\u00fcr quadratischen Gartenstuhl 40x40x6 cm beige Streifen - Deco - Kerama","robots":{"index":"index","follow":"follow","max-snippet":"max-snippet:-1","max-image-preview":"max-image-preview:large","max-video-preview":"max-video-preview:-1"},"canonical":"https:\/\/keramamueblesdejardin.com\/de\/exterieur-zubehor\/kissen-fur-den-ausenbereich\/packung-von-2-kissen-fur-gartenstuhl-quadratisch-40x40x6-cm-streifen-beige-deko\/","og_locale":"de_DE","og_type":"article","og_title":"Packung mit 2 Kissen f\u00fcr quadratischen Gartenstuhl 40x40x6 cm beige Streifen - Deco - Kerama","og_description":"Packung mit 2 Outdoor-Kissen f\u00fcr Stuhl  40cm x 40cm und 6cm dick  Hergestellt aus 100% recyceltem Polyester  Inklusive Gurte zur Befestigung am Stuhl","og_url":"https:\/\/keramamueblesdejardin.com\/de\/exterieur-zubehor\/kissen-fur-den-ausenbereich\/packung-von-2-kissen-fur-gartenstuhl-quadratisch-40x40x6-cm-streifen-beige-deko\/","og_site_name":"Kerama","article_publisher":"https:\/\/www.facebook.com\/Kerama-Muebles-de-Jard%c3%adn-106209328312568\/","article_modified_time":"2024-07-23T12:48:04+00:00","og_image":[{"width":1200,"height":1200,"url":"https:\/\/keramamueblesdejardin.com\/wp-content\/uploads\/2023\/06\/10.jpg","type":"image\/jpeg"}],"twitter_card":"summary_large_image","schema":{"@context":"https:\/\/schema.org","@graph":[{"@type":"WebPage","@id":"https:\/\/keramamueblesdejardin.com\/de\/exterieur-zubehor\/kissen-fur-den-ausenbereich\/packung-von-2-kissen-fur-gartenstuhl-quadratisch-40x40x6-cm-streifen-beige-deko\/","url":"https:\/\/keramamueblesdejardin.com\/de\/exterieur-zubehor\/kissen-fur-den-ausenbereich\/packung-von-2-kissen-fur-gartenstuhl-quadratisch-40x40x6-cm-streifen-beige-deko\/","name":"Packung mit 2 Kissen f\u00fcr quadratischen Gartenstuhl 40x40x6 cm beige Streifen - Deco - Kerama","isPartOf":{"@id":"https:\/\/keramamueblesdejardin.com\/de\/#website"},"primaryImageOfPage":{"@id":"https:\/\/keramamueblesdejardin.com\/de\/exterieur-zubehor\/kissen-fur-den-ausenbereich\/packung-von-2-kissen-fur-gartenstuhl-quadratisch-40x40x6-cm-streifen-beige-deko\/#primaryimage"},"image":{"@id":"https:\/\/keramamueblesdejardin.com\/de\/exterieur-zubehor\/kissen-fur-den-ausenbereich\/packung-von-2-kissen-fur-gartenstuhl-quadratisch-40x40x6-cm-streifen-beige-deko\/#primaryimage"},"thumbnailUrl":"https:\/\/keramamueblesdejardin.com\/wp-content\/uploads\/2023\/06\/10.jpg","datePublished":"2023-06-13T13:39:00+00:00","dateModified":"2024-07-23T12:48:04+00:00","breadcrumb":{"@id":"https:\/\/keramamueblesdejardin.com\/de\/exterieur-zubehor\/kissen-fur-den-ausenbereich\/packung-von-2-kissen-fur-gartenstuhl-quadratisch-40x40x6-cm-streifen-beige-deko\/#breadcrumb"},"inLanguage":"de","potentialAction":[{"@type":"ReadAction","target":["https:\/\/keramamueblesdejardin.com\/de\/exterieur-zubehor\/kissen-fur-den-ausenbereich\/packung-von-2-kissen-fur-gartenstuhl-quadratisch-40x40x6-cm-streifen-beige-deko\/"]}]},{"@type":"ImageObject","inLanguage":"de","@id":"https:\/\/keramamueblesdejardin.com\/de\/exterieur-zubehor\/kissen-fur-den-ausenbereich\/packung-von-2-kissen-fur-gartenstuhl-quadratisch-40x40x6-cm-streifen-beige-deko\/#primaryimage","url":"https:\/\/keramamueblesdejardin.com\/wp-content\/uploads\/2023\/06\/10.jpg","contentUrl":"https:\/\/keramamueblesdejardin.com\/wp-content\/uploads\/2023\/06\/10.jpg","width":1200,"height":1200},{"@type":"BreadcrumbList","@id":"https:\/\/keramamueblesdejardin.com\/de\/exterieur-zubehor\/kissen-fur-den-ausenbereich\/packung-von-2-kissen-fur-gartenstuhl-quadratisch-40x40x6-cm-streifen-beige-deko\/#breadcrumb","itemListElement":[{"@type":"ListItem","position":1,"name":"Home","item":"https:\/\/keramamueblesdejardin.com\/de\/"},{"@type":"ListItem","position":2,"name":"Laden","item":"https:\/\/keramamueblesdejardin.com\/de\/laden\/"},{"@type":"ListItem","position":3,"name":"Exterieur-Zubeh\u00f6r","item":"https:\/\/keramamueblesdejardin.com\/de\/exterieur-zubehor\/"},{"@type":"ListItem","position":4,"name":"Kissen f\u00fcr den Au\u00dfenbereich","item":"https:\/\/keramamueblesdejardin.com\/de\/exterieur-zubehor\/kissen-fur-den-ausenbereich\/"},{"@type":"ListItem","position":5,"name":"Packung mit 2 Kissen f\u00fcr quadratischen Gartenstuhl 40x40x6 cm beige Streifen &#8211; Deco"}]},{"@type":"WebSite","@id":"https:\/\/keramamueblesdejardin.com\/de\/#website","url":"https:\/\/keramamueblesdejardin.com\/de\/","name":"Kerama","description":"muebles de jard\u00edn","publisher":{"@id":"https:\/\/keramamueblesdejardin.com\/de\/#organization"},"potentialAction":[{"@type":"SearchAction","target":{"@type":"EntryPoint","urlTemplate":"https:\/\/keramamueblesdejardin.com\/de\/?s={search_term_string}"},"query-input":{"@type":"PropertyValueSpecification","valueRequired":true,"valueName":"search_term_string"}}],"inLanguage":"de"},{"@type":"Organization","@id":"https:\/\/keramamueblesdejardin.com\/de\/#organization","name":"kerama","url":"https:\/\/keramamueblesdejardin.com\/de\/","logo":{"@type":"ImageObject","inLanguage":"de","@id":"https:\/\/keramamueblesdejardin.com\/de\/#\/schema\/logo\/image\/","url":"https:\/\/keramamueblesdejardin.com\/wp-content\/uploads\/2020\/12\/k.-scaled.jpg","contentUrl":"https:\/\/keramamueblesdejardin.com\/wp-content\/uploads\/2020\/12\/k.-scaled.jpg","width":2560,"height":551,"caption":"kerama"},"image":{"@id":"https:\/\/keramamueblesdejardin.com\/de\/#\/schema\/logo\/image\/"},"sameAs":["https:\/\/www.facebook.com\/Kerama-Muebles-de-Jard\u00edn-106209328312568\/"]}]}},"df_price":39,"df_sale_price":39,"df_regular_price":51,"df_image_link":"https:\/\/keramamueblesdejardin.com\/wp-content\/uploads\/2023\/06\/10-300x300.jpg","custom_tabs":[{"title":"MESSUNG","id":"messung","content":"<div class=\"list\">\n<div class=\"list\"><strong>H\u00f6he: <\/strong>40cm<\/div>\n<div class=\"list\"><strong>Breite: <\/strong>40cm<\/div>\n<div class=\"list\"><b>Dicke: <\/b>6cm<\/div>\n<\/div>"},{"title":"WARTUNG UND GARANTIEN","id":"wartung-und-garantien","content":"<div class=\"moz-signature\">\n<div class=\"list\"><strong>Allgemeine Empfehlungen:<\/strong>\n\u2022 Pannen oder Sch\u00e4den, die verursacht werden durch:\n\u2022 Zuf\u00e4llige Ursachen wie St\u00fcrze, Schl\u00e4ge, Versch\u00fctten von Fl\u00fcssigkeiten, Einschleppen von Fremdk\u00f6rpern sowie andere h\u00f6here Gewalt.\n\u2022 Fahrl\u00e4ssiger, unsachgem\u00e4\u00dfer oder nicht h\u00e4uslicher Gebrauch.\n\u2022 Besch\u00e4digung, Korrosion und\/oder Oxidation beschleunigt durch widrige Umweltbedingungen\n\u2022 Flecken und Verf\u00e4rbungen durch Nichtbeachtung unserer Reinigungsanweisungen\n\u2022 Sch\u00e4den, die w\u00e4hrend der Montage und Handhabung auftreten, ohne die angegebenen Montageanweisungen befolgt zu haben.\n<strong>Gebrauchs- und Wartungshinweise:<\/strong>\n\u2022 Reinigen Sie mit Hilfe eines Tuchs vorsichtig oder verwenden Sie eine neutrale Fl\u00fcssigseife und sp\u00fclen Sie sie mit viel Wasser ab.\n\u2022 Entfernen Sie Staub regelm\u00e4\u00dfig mit Hilfe eines weichen Tuchs und klarem Wasser.\n\u2022 Verwenden Sie zum Reinigen keine Reinigungsmittel oder Scheuermittel.\nJahre <strong>Garantie: 3 Jahre<\/strong>\n<strong>Hergestellt nach Norm:<\/strong> 581-1.581-2.581-3<\/div>\n<\/div>"}],"_links":{"self":[{"href":"https:\/\/keramamueblesdejardin.com\/de\/wp-json\/wp\/v2\/product\/122464","targetHints":{"allow":["GET"]}}],"collection":[{"href":"https:\/\/keramamueblesdejardin.com\/de\/wp-json\/wp\/v2\/product"}],"about":[{"href":"https:\/\/keramamueblesdejardin.com\/de\/wp-json\/wp\/v2\/types\/product"}],"replies":[{"embeddable":true,"href":"https:\/\/keramamueblesdejardin.com\/de\/wp-json\/wp\/v2\/comments?post=122464"}],"wp:featuredmedia":[{"embeddable":true,"href":"https:\/\/keramamueblesdejardin.com\/de\/wp-json\/wp\/v2\/media\/126211"}],"wp:attachment":[{"href":"https:\/\/keramamueblesdejardin.com\/de\/wp-json\/wp\/v2\/media?parent=122464"}],"wp:term":[{"taxonomy":"product_brand","embeddable":true,"href":"https:\/\/keramamueblesdejardin.com\/de\/wp-json\/wp\/v2\/product_brand?post=122464"},{"taxonomy":"product_cat","embeddable":true,"href":"https:\/\/keramamueblesdejardin.com\/de\/wp-json\/wp\/v2\/product_cat?post=122464"},{"taxonomy":"product_tag","embeddable":true,"href":"https:\/\/keramamueblesdejardin.com\/de\/wp-json\/wp\/v2\/product_tag?post=122464"}],"curies":[{"name":"wp","href":"https:\/\/api.w.org\/{rel}","templated":true}]}}