{"id":120960,"date":"2021-05-06T06:49:16","date_gmt":"2021-05-06T04:49:16","guid":{"rendered":"https:\/\/keramamueblesdejardin.com\/unkategorisiert\/gartentisch-aluminium-anthrazit-260-180x100-cm-tokyo\/"},"modified":"2023-10-25T09:42:31","modified_gmt":"2023-10-25T07:42:31","slug":"tisch-garten-aluminium-anthrazit-260-180x100-cm-tokyo","status":"publish","type":"product","link":"https:\/\/keramamueblesdejardin.com\/de\/speisesale-im-freien\/gartentische\/tisch-garten-aluminium-anthrazit-260-180x100-cm-tokyo\/","title":{"rendered":"Gartentisch Aluminium anthrazit 260\/180&#215;100 cm &#8211; Tokyo"},"content":{"rendered":"<p><span style=\"font-weight: 400;\">Der <\/span><b>ausziehbare Gartentisch Tokyo<\/b><span style=\"font-weight: 400;\"> besteht aus anthrazitfarbenem Aluminium und grauer Glasstoff-Effektplatte.<\/span><\/p>\n<p><span style=\"font-weight: 400;\">Das Verl\u00e4ngerungssystem ist einfach und praktisch in der Handhabung. Der Tisch kann<\/span> <b> Verl\u00e4ngert von 180 cm auf 260 cm<\/b><span style=\"font-weight: 400;\"> , um die Kapazit\u00e4t der G\u00e4ste zu erh\u00f6hen.<\/span><\/p>\n<p><span style=\"font-weight: 400;\">Sie k\u00f6nnen <\/span><b>diesen Stuhl mit anderen Produkten der Tokyo-Familie kombinieren<\/b><a href=\"https:\/\/keramamueblesdejardin.com\/etiqueta\/tokyo\/\" target=\"_blank\" rel=\"noopener\"><b><\/p>\n<p><\/b><span style=\"font-weight: 400;\">.<\/span><\/a><\/p>\n<p><span style=\"font-weight: 400;\">Schauen Sie sich unsere<\/span><a href=\"https:\/\/keramamueblesdejardin.com\/comedores-exterior\/conjunto-mesa-y-sillas-jardin\/\" target=\"_blank\" rel=\"noopener\"> <b>Gartentisch- und Stuhlsets an.<\/b><\/a><\/p>\n<p>&nbsp;<\/p>\n","protected":false},"excerpt":{"rendered":"<ul>\n<li>Tisch aus anthrazitfarbenem Aluminium und Platte aus grauem Glas mit Flechteffekt<\/li>\n<li>Tischgr\u00f6\u00dfe: 180&#215;100 cm (geschlossen) 260&#215;100 cm (ausgezogen)<\/li>\n<li>Anzahl der G\u00e4ste: 6 bis 10<\/li>\n<li>Sie k\u00f6nnen es mit anderen Elementen der Tokyo-Familie kombinieren: St\u00fchle, Sonnenliegen, Gartengarnituren&#8230;<\/li>\n<\/ul>\n","protected":false},"featured_media":116162,"comment_status":"closed","ping_status":"open","template":"","meta":{"_acf_changed":false},"product_brand":[],"product_cat":[3364,3238],"product_tag":[3376,3242,3377],"class_list":{"0":"post-120960","1":"product","2":"type-product","3":"status-publish","4":"has-post-thumbnail","6":"product_cat-gartentische","7":"product_cat-speisesale-im-freien","8":"product_tag-aluminium-de","9":"product_tag-grose-raume","10":"product_tag-tokio","11":"product_shipping_class-envio-gratuito-de","12":"pa_caracteristicas-erweiterbar","13":"pa_coleccion-osaka-de","14":"pa_coleccion-tokio","15":"pa_forma-rechteckig","16":"pa_material-aluminium","17":"pa_material-gehartetes-glas","19":"first","20":"instock","21":"sale","22":"purchasable","23":"product-type-simple","24":"add-to-wishlist-before_image"},"acf":[],"yoast_head":"<!-- This site is optimized with the Yoast SEO plugin v27.2 - https:\/\/yoast.com\/product\/yoast-seo-wordpress\/ -->\n<title>Gartentisch Aluminium anthrazit 260\/180x100 cm - Tokyo - Kerama<\/title>\n<meta name=\"robots\" content=\"index, follow, max-snippet:-1, max-image-preview:large, max-video-preview:-1\" \/>\n<link rel=\"canonical\" href=\"https:\/\/keramamueblesdejardin.com\/de\/speisesale-im-freien\/gartentische\/tisch-garten-aluminium-anthrazit-260-180x100-cm-tokyo\/\" \/>\n<meta property=\"og:locale\" content=\"de_DE\" \/>\n<meta property=\"og:type\" content=\"article\" \/>\n<meta property=\"og:title\" content=\"Gartentisch Aluminium anthrazit 260\/180x100 cm - Tokyo - Kerama\" \/>\n<meta property=\"og:description\" content=\"Tisch aus anthrazitfarbenem Aluminium und Platte aus grauem Glas mit Flechteffekt  Tischgr\u00f6\u00dfe: 180x100 cm (geschlossen) 260x100 cm (ausgezogen)  Anzahl der G\u00e4ste: 6 bis 10  Sie k\u00f6nnen es mit anderen Elementen der Tokyo-Familie kombinieren: St\u00fchle, Sonnenliegen, Gartengarnituren...\" \/>\n<meta property=\"og:url\" content=\"https:\/\/keramamueblesdejardin.com\/de\/speisesale-im-freien\/gartentische\/tisch-garten-aluminium-anthrazit-260-180x100-cm-tokyo\/\" \/>\n<meta property=\"og:site_name\" content=\"Kerama\" \/>\n<meta property=\"article:publisher\" content=\"https:\/\/www.facebook.com\/Kerama-Muebles-de-Jard%c3%adn-106209328312568\/\" \/>\n<meta property=\"article:modified_time\" content=\"2023-10-25T07:42:31+00:00\" \/>\n<meta property=\"og:image\" content=\"https:\/\/keramamueblesdejardin.com\/wp-content\/uploads\/2021\/05\/KMJ21045_01-1-scaled-e1697714298613.jpg\" \/>\n\t<meta property=\"og:image:width\" content=\"1200\" \/>\n\t<meta property=\"og:image:height\" content=\"1200\" \/>\n\t<meta property=\"og:image:type\" content=\"image\/jpeg\" \/>\n<meta name=\"twitter:card\" content=\"summary_large_image\" \/>\n<script type=\"application\/ld+json\" class=\"yoast-schema-graph\">{\"@context\":\"https:\/\/schema.org\",\"@graph\":[{\"@type\":\"WebPage\",\"@id\":\"https:\/\/keramamueblesdejardin.com\/de\/speisesale-im-freien\/gartentische\/tisch-garten-aluminium-anthrazit-260-180x100-cm-tokyo\/\",\"url\":\"https:\/\/keramamueblesdejardin.com\/de\/speisesale-im-freien\/gartentische\/tisch-garten-aluminium-anthrazit-260-180x100-cm-tokyo\/\",\"name\":\"Gartentisch Aluminium anthrazit 260\/180x100 cm - Tokyo - Kerama\",\"isPartOf\":{\"@id\":\"https:\/\/keramamueblesdejardin.com\/de\/#website\"},\"primaryImageOfPage\":{\"@id\":\"https:\/\/keramamueblesdejardin.com\/de\/speisesale-im-freien\/gartentische\/tisch-garten-aluminium-anthrazit-260-180x100-cm-tokyo\/#primaryimage\"},\"image\":{\"@id\":\"https:\/\/keramamueblesdejardin.com\/de\/speisesale-im-freien\/gartentische\/tisch-garten-aluminium-anthrazit-260-180x100-cm-tokyo\/#primaryimage\"},\"thumbnailUrl\":\"https:\/\/keramamueblesdejardin.com\/wp-content\/uploads\/2021\/05\/KMJ21045_01-1-scaled-e1697714298613.jpg\",\"datePublished\":\"2021-05-06T04:49:16+00:00\",\"dateModified\":\"2023-10-25T07:42:31+00:00\",\"breadcrumb\":{\"@id\":\"https:\/\/keramamueblesdejardin.com\/de\/speisesale-im-freien\/gartentische\/tisch-garten-aluminium-anthrazit-260-180x100-cm-tokyo\/#breadcrumb\"},\"inLanguage\":\"de\",\"potentialAction\":[{\"@type\":\"ReadAction\",\"target\":[\"https:\/\/keramamueblesdejardin.com\/de\/speisesale-im-freien\/gartentische\/tisch-garten-aluminium-anthrazit-260-180x100-cm-tokyo\/\"]}]},{\"@type\":\"ImageObject\",\"inLanguage\":\"de\",\"@id\":\"https:\/\/keramamueblesdejardin.com\/de\/speisesale-im-freien\/gartentische\/tisch-garten-aluminium-anthrazit-260-180x100-cm-tokyo\/#primaryimage\",\"url\":\"https:\/\/keramamueblesdejardin.com\/wp-content\/uploads\/2021\/05\/KMJ21045_01-1-scaled-e1697714298613.jpg\",\"contentUrl\":\"https:\/\/keramamueblesdejardin.com\/wp-content\/uploads\/2021\/05\/KMJ21045_01-1-scaled-e1697714298613.jpg\",\"width\":1200,\"height\":1200},{\"@type\":\"BreadcrumbList\",\"@id\":\"https:\/\/keramamueblesdejardin.com\/de\/speisesale-im-freien\/gartentische\/tisch-garten-aluminium-anthrazit-260-180x100-cm-tokyo\/#breadcrumb\",\"itemListElement\":[{\"@type\":\"ListItem\",\"position\":1,\"name\":\"Home\",\"item\":\"https:\/\/keramamueblesdejardin.com\/de\/\"},{\"@type\":\"ListItem\",\"position\":2,\"name\":\"Laden\",\"item\":\"https:\/\/keramamueblesdejardin.com\/de\/laden\/\"},{\"@type\":\"ListItem\",\"position\":3,\"name\":\"Speises\u00e4le im Freien\",\"item\":\"https:\/\/keramamueblesdejardin.com\/de\/speisesale-im-freien\/\"},{\"@type\":\"ListItem\",\"position\":4,\"name\":\"Gartentische\",\"item\":\"https:\/\/keramamueblesdejardin.com\/de\/speisesale-im-freien\/gartentische\/\"},{\"@type\":\"ListItem\",\"position\":5,\"name\":\"Gartentisch Aluminium anthrazit 260\/180&#215;100 cm &#8211; Tokyo\"}]},{\"@type\":\"WebSite\",\"@id\":\"https:\/\/keramamueblesdejardin.com\/de\/#website\",\"url\":\"https:\/\/keramamueblesdejardin.com\/de\/\",\"name\":\"Kerama\",\"description\":\"muebles de jard\u00edn\",\"publisher\":{\"@id\":\"https:\/\/keramamueblesdejardin.com\/de\/#organization\"},\"potentialAction\":[{\"@type\":\"SearchAction\",\"target\":{\"@type\":\"EntryPoint\",\"urlTemplate\":\"https:\/\/keramamueblesdejardin.com\/de\/?s={search_term_string}\"},\"query-input\":{\"@type\":\"PropertyValueSpecification\",\"valueRequired\":true,\"valueName\":\"search_term_string\"}}],\"inLanguage\":\"de\"},{\"@type\":\"Organization\",\"@id\":\"https:\/\/keramamueblesdejardin.com\/de\/#organization\",\"name\":\"kerama\",\"url\":\"https:\/\/keramamueblesdejardin.com\/de\/\",\"logo\":{\"@type\":\"ImageObject\",\"inLanguage\":\"de\",\"@id\":\"https:\/\/keramamueblesdejardin.com\/de\/#\/schema\/logo\/image\/\",\"url\":\"https:\/\/keramamueblesdejardin.com\/wp-content\/uploads\/2020\/12\/k.-scaled.jpg\",\"contentUrl\":\"https:\/\/keramamueblesdejardin.com\/wp-content\/uploads\/2020\/12\/k.-scaled.jpg\",\"width\":2560,\"height\":551,\"caption\":\"kerama\"},\"image\":{\"@id\":\"https:\/\/keramamueblesdejardin.com\/de\/#\/schema\/logo\/image\/\"},\"sameAs\":[\"https:\/\/www.facebook.com\/Kerama-Muebles-de-Jard\u00edn-106209328312568\/\"]}]}<\/script>\n<!-- \/ Yoast SEO plugin. -->","yoast_head_json":{"title":"Gartentisch Aluminium anthrazit 260\/180x100 cm - Tokyo - Kerama","robots":{"index":"index","follow":"follow","max-snippet":"max-snippet:-1","max-image-preview":"max-image-preview:large","max-video-preview":"max-video-preview:-1"},"canonical":"https:\/\/keramamueblesdejardin.com\/de\/speisesale-im-freien\/gartentische\/tisch-garten-aluminium-anthrazit-260-180x100-cm-tokyo\/","og_locale":"de_DE","og_type":"article","og_title":"Gartentisch Aluminium anthrazit 260\/180x100 cm - Tokyo - Kerama","og_description":"Tisch aus anthrazitfarbenem Aluminium und Platte aus grauem Glas mit Flechteffekt  Tischgr\u00f6\u00dfe: 180x100 cm (geschlossen) 260x100 cm (ausgezogen)  Anzahl der G\u00e4ste: 6 bis 10  Sie k\u00f6nnen es mit anderen Elementen der Tokyo-Familie kombinieren: St\u00fchle, Sonnenliegen, Gartengarnituren...","og_url":"https:\/\/keramamueblesdejardin.com\/de\/speisesale-im-freien\/gartentische\/tisch-garten-aluminium-anthrazit-260-180x100-cm-tokyo\/","og_site_name":"Kerama","article_publisher":"https:\/\/www.facebook.com\/Kerama-Muebles-de-Jard%c3%adn-106209328312568\/","article_modified_time":"2023-10-25T07:42:31+00:00","og_image":[{"width":1200,"height":1200,"url":"https:\/\/keramamueblesdejardin.com\/wp-content\/uploads\/2021\/05\/KMJ21045_01-1-scaled-e1697714298613.jpg","type":"image\/jpeg"}],"twitter_card":"summary_large_image","schema":{"@context":"https:\/\/schema.org","@graph":[{"@type":"WebPage","@id":"https:\/\/keramamueblesdejardin.com\/de\/speisesale-im-freien\/gartentische\/tisch-garten-aluminium-anthrazit-260-180x100-cm-tokyo\/","url":"https:\/\/keramamueblesdejardin.com\/de\/speisesale-im-freien\/gartentische\/tisch-garten-aluminium-anthrazit-260-180x100-cm-tokyo\/","name":"Gartentisch Aluminium anthrazit 260\/180x100 cm - Tokyo - Kerama","isPartOf":{"@id":"https:\/\/keramamueblesdejardin.com\/de\/#website"},"primaryImageOfPage":{"@id":"https:\/\/keramamueblesdejardin.com\/de\/speisesale-im-freien\/gartentische\/tisch-garten-aluminium-anthrazit-260-180x100-cm-tokyo\/#primaryimage"},"image":{"@id":"https:\/\/keramamueblesdejardin.com\/de\/speisesale-im-freien\/gartentische\/tisch-garten-aluminium-anthrazit-260-180x100-cm-tokyo\/#primaryimage"},"thumbnailUrl":"https:\/\/keramamueblesdejardin.com\/wp-content\/uploads\/2021\/05\/KMJ21045_01-1-scaled-e1697714298613.jpg","datePublished":"2021-05-06T04:49:16+00:00","dateModified":"2023-10-25T07:42:31+00:00","breadcrumb":{"@id":"https:\/\/keramamueblesdejardin.com\/de\/speisesale-im-freien\/gartentische\/tisch-garten-aluminium-anthrazit-260-180x100-cm-tokyo\/#breadcrumb"},"inLanguage":"de","potentialAction":[{"@type":"ReadAction","target":["https:\/\/keramamueblesdejardin.com\/de\/speisesale-im-freien\/gartentische\/tisch-garten-aluminium-anthrazit-260-180x100-cm-tokyo\/"]}]},{"@type":"ImageObject","inLanguage":"de","@id":"https:\/\/keramamueblesdejardin.com\/de\/speisesale-im-freien\/gartentische\/tisch-garten-aluminium-anthrazit-260-180x100-cm-tokyo\/#primaryimage","url":"https:\/\/keramamueblesdejardin.com\/wp-content\/uploads\/2021\/05\/KMJ21045_01-1-scaled-e1697714298613.jpg","contentUrl":"https:\/\/keramamueblesdejardin.com\/wp-content\/uploads\/2021\/05\/KMJ21045_01-1-scaled-e1697714298613.jpg","width":1200,"height":1200},{"@type":"BreadcrumbList","@id":"https:\/\/keramamueblesdejardin.com\/de\/speisesale-im-freien\/gartentische\/tisch-garten-aluminium-anthrazit-260-180x100-cm-tokyo\/#breadcrumb","itemListElement":[{"@type":"ListItem","position":1,"name":"Home","item":"https:\/\/keramamueblesdejardin.com\/de\/"},{"@type":"ListItem","position":2,"name":"Laden","item":"https:\/\/keramamueblesdejardin.com\/de\/laden\/"},{"@type":"ListItem","position":3,"name":"Speises\u00e4le im Freien","item":"https:\/\/keramamueblesdejardin.com\/de\/speisesale-im-freien\/"},{"@type":"ListItem","position":4,"name":"Gartentische","item":"https:\/\/keramamueblesdejardin.com\/de\/speisesale-im-freien\/gartentische\/"},{"@type":"ListItem","position":5,"name":"Gartentisch Aluminium anthrazit 260\/180&#215;100 cm &#8211; Tokyo"}]},{"@type":"WebSite","@id":"https:\/\/keramamueblesdejardin.com\/de\/#website","url":"https:\/\/keramamueblesdejardin.com\/de\/","name":"Kerama","description":"muebles de jard\u00edn","publisher":{"@id":"https:\/\/keramamueblesdejardin.com\/de\/#organization"},"potentialAction":[{"@type":"SearchAction","target":{"@type":"EntryPoint","urlTemplate":"https:\/\/keramamueblesdejardin.com\/de\/?s={search_term_string}"},"query-input":{"@type":"PropertyValueSpecification","valueRequired":true,"valueName":"search_term_string"}}],"inLanguage":"de"},{"@type":"Organization","@id":"https:\/\/keramamueblesdejardin.com\/de\/#organization","name":"kerama","url":"https:\/\/keramamueblesdejardin.com\/de\/","logo":{"@type":"ImageObject","inLanguage":"de","@id":"https:\/\/keramamueblesdejardin.com\/de\/#\/schema\/logo\/image\/","url":"https:\/\/keramamueblesdejardin.com\/wp-content\/uploads\/2020\/12\/k.-scaled.jpg","contentUrl":"https:\/\/keramamueblesdejardin.com\/wp-content\/uploads\/2020\/12\/k.-scaled.jpg","width":2560,"height":551,"caption":"kerama"},"image":{"@id":"https:\/\/keramamueblesdejardin.com\/de\/#\/schema\/logo\/image\/"},"sameAs":["https:\/\/www.facebook.com\/Kerama-Muebles-de-Jard\u00edn-106209328312568\/"]}]}},"df_price":599,"df_sale_price":599,"df_regular_price":748,"df_image_link":"https:\/\/keramamueblesdejardin.com\/wp-content\/uploads\/2021\/05\/KMJ21045_01-1-300x300.jpg","custom_tabs":[{"title":"MESSUNG","id":"messung","content":"H\u00f6he: 75 cm\n<strong>Breite:<\/strong> 100 cm\n<strong>Tiefe:<\/strong> 180 cm ( nicht ausgezogen ) 260 cm ( ausgezogen )\n<strong>Artikelgewicht:<\/strong> 43 kg\n<strong>Maximal unterst\u00fctztes Gewicht:<\/strong> 25 kg"},{"title":"AUSPACKEN UND MONTIEREN","id":"auspacken-und-montieren","content":"Empfehlungen zum Auspacken: Verwenden Sie beim Auspacken der M\u00f6bel keine scharfen Utensilien, da dies zu Besch\u00e4digungen f\u00fchren kann\nMontage erforderlich (ja\/nein): Ja\nSchwierigkeitsgrad der Montage: Niedrig\nMontagezeit: 20 Minuten\nEmpfohlene Personen f\u00fcr die Montage: 2\n<strong>Montagevorschl\u00e4ge:<\/strong> Bereiten Sie einen sauberen und trockenen Montagebereich vor und stellen Sie sicher, dass keines der im Handbuch angegebenen Teile fehlt. Wir empfehlen das Tragen von Montagehandschuhen. Verwenden Sie nur die mitgelieferten Teile und Hardware. Wir empfehlen NICHT den Kauf mit Montageoption f\u00fcr diesen Artikel, da der Montageschwierigkeitsgrad sehr gering ist."},{"title":"WARTUNG UND GARANTIEN","id":"wartung-und-garantien","content":"<div class=\"moz-signature\"><div class=\"list\"><strong>Allgemeine Empfehlungen:<\/strong> <br>\u2022 Pannen oder Sch\u00e4den, die verursacht werden durch:<br>\u2022 Zuf\u00e4llige Ursachen wie St\u00fcrze, Schl\u00e4ge, Versch\u00fctten von Fl\u00fcssigkeiten, Einschleppen von Fremdk\u00f6rpern sowie andere h\u00f6here Gewalt.<br>\u2022 Fahrl\u00e4ssiger, unsachgem\u00e4\u00dfer oder nicht h\u00e4uslicher Gebrauch.<br>\u2022 Besch\u00e4digung, Korrosion und\/oder Oxidation beschleunigt durch widrige Umweltbedingungen<br>\u2022 Flecken und Verf\u00e4rbungen durch Nichtbeachtung unserer Reinigungsanweisungen<br>\u2022 Sch\u00e4den, die w\u00e4hrend der Montage und Handhabung auftreten, ohne die angegebenen Montageanweisungen befolgt zu haben.<br><strong>Gebrauchs- und Wartungshinweise:<\/strong> <br>\u2022 Reinigen Sie mit Hilfe eines Tuchs vorsichtig oder verwenden Sie eine neutrale Fl\u00fcssigseife und sp\u00fclen Sie sie mit viel Wasser ab.<br>\u2022 Entfernen Sie Staub regelm\u00e4\u00dfig mit Hilfe eines weichen Tuchs und klarem Wasser.<br>\u2022 Verwenden Sie zum Reinigen keine Reinigungsmittel oder Scheuermittel.<br>Jahre <strong>Garantie: 3 Jahre<\/strong><br><strong>Hergestellt nach Norm:<\/strong> 581-1.581-2.581-3<\/div><\/div>"}],"_links":{"self":[{"href":"https:\/\/keramamueblesdejardin.com\/de\/wp-json\/wp\/v2\/product\/120960","targetHints":{"allow":["GET"]}}],"collection":[{"href":"https:\/\/keramamueblesdejardin.com\/de\/wp-json\/wp\/v2\/product"}],"about":[{"href":"https:\/\/keramamueblesdejardin.com\/de\/wp-json\/wp\/v2\/types\/product"}],"replies":[{"embeddable":true,"href":"https:\/\/keramamueblesdejardin.com\/de\/wp-json\/wp\/v2\/comments?post=120960"}],"wp:featuredmedia":[{"embeddable":true,"href":"https:\/\/keramamueblesdejardin.com\/de\/wp-json\/wp\/v2\/media\/116162"}],"wp:attachment":[{"href":"https:\/\/keramamueblesdejardin.com\/de\/wp-json\/wp\/v2\/media?parent=120960"}],"wp:term":[{"taxonomy":"product_brand","embeddable":true,"href":"https:\/\/keramamueblesdejardin.com\/de\/wp-json\/wp\/v2\/product_brand?post=120960"},{"taxonomy":"product_cat","embeddable":true,"href":"https:\/\/keramamueblesdejardin.com\/de\/wp-json\/wp\/v2\/product_cat?post=120960"},{"taxonomy":"product_tag","embeddable":true,"href":"https:\/\/keramamueblesdejardin.com\/de\/wp-json\/wp\/v2\/product_tag?post=120960"}],"curies":[{"name":"wp","href":"https:\/\/api.w.org\/{rel}","templated":true}]}}