{"id":120934,"date":"2021-05-06T06:49:14","date_gmt":"2021-05-06T04:49:14","guid":{"rendered":"https:\/\/keramamueblesdejardin.com\/unkategorisiert\/gartenset-aus-aluminium-new-york\/"},"modified":"2023-08-29T09:52:56","modified_gmt":"2023-08-29T07:52:56","slug":"aluminium-garten-set-new-york","status":"publish","type":"product","link":"https:\/\/keramamueblesdejardin.com\/de\/lounges-im-freien\/garten-sets\/aluminium-garten-set-new-york\/","title":{"rendered":"Gartenset aus Aluminium &#8211; New York"},"content":{"rendered":"<p><span style=\"font-weight: 400;\">Die <\/span><b>Gartengarnitur New York<\/b><span style=\"font-weight: 400;\"> besteht aus einer grauen Robosto-Aluminiumstruktur.<\/span><\/p>\n<p><span style=\"font-weight: 400;\">Dieses Set besteht aus zwei Doppelsofas, einem einzelnen Ecksessel, einem <strong>zentralen Einzelsessel, einer Fu\u00dfst\u00fctze\/Chaiselongue\/gro\u00dfem Tisch und einem kleinen<\/strong>. Dar\u00fcber hinaus verf\u00fcgt es \u00fcber abnehmbare und waschbare Kissen.<\/span><\/p>\n<p><span style=\"font-weight: 400;\">Da es sich um ein modulares Set handelt, k\u00f6nnen Sie es so zusammenstellen, wie es am besten zu Ihrem Raum und Ihren Bed\u00fcrfnissen passt.<\/span><\/p>\n<p>Sie k\u00f6nnen das Set mit anderen Produkten aus dem New York-Sortiment kombinieren.<\/p>\n<p>Schauen Sie sich andere unserer Gartensets an.<\/p>\n","protected":false},"excerpt":{"rendered":"<ul>\n<li>Robuste Struktur aus grauem Aluminium<\/li>\n<li>Abnehmbare anthrazitfarbene Kissen<\/li>\n<li>Gro\u00dfz\u00fcgige Abmessungen mit gro\u00dfer Sitztiefe<\/li>\n<li>Enth\u00e4lt H\u00f6henregler zum Nivellieren der Beine und Haken zum Verbinden der Teile<\/li>\n<li>Aufgrund seines modularen Charakters k\u00f6nnen Sie es entsprechend den Anforderungen Ihres Raums konfigurieren<\/li>\n<\/ul>\n","protected":false},"featured_media":115811,"comment_status":"closed","ping_status":"open","template":"","meta":{"_acf_changed":false},"product_brand":[],"product_cat":[3233,3234],"product_tag":[3376,3242,3636],"class_list":{"0":"post-120934","1":"product","2":"type-product","3":"status-publish","4":"has-post-thumbnail","6":"product_cat-garten-sets","7":"product_cat-lounges-im-freien","8":"product_tag-aluminium-de","9":"product_tag-grose-raume","10":"product_tag-new-york-de","11":"product_shipping_class-envio-gratuito-de","12":"pa_asientos-6-de","13":"pa_caracteristicas-ecke","14":"pa_caracteristicas-waschbare-bezuge","15":"pa_coleccion-new-york-de","16":"pa_espacio-7-3-de","17":"pa_forma-ecke","18":"pa_material-aluminium","19":"pa_tamano-espacio-gros","21":"first","22":"instock","23":"sale","24":"purchasable","25":"product-type-simple","26":"add-to-wishlist-before_image"},"acf":[],"yoast_head":"<!-- This site is optimized with the Yoast SEO plugin v27.2 - https:\/\/yoast.com\/product\/yoast-seo-wordpress\/ -->\n<title>Gartenset aus Aluminium - New York - Kerama<\/title>\n<meta name=\"robots\" content=\"index, follow, max-snippet:-1, max-image-preview:large, max-video-preview:-1\" \/>\n<link rel=\"canonical\" href=\"https:\/\/keramamueblesdejardin.com\/de\/lounges-im-freien\/garten-sets\/aluminium-garten-set-new-york\/\" \/>\n<meta property=\"og:locale\" content=\"de_DE\" \/>\n<meta property=\"og:type\" content=\"article\" \/>\n<meta property=\"og:title\" content=\"Gartenset aus Aluminium - New York - Kerama\" \/>\n<meta property=\"og:description\" content=\"Robuste Struktur aus grauem Aluminium  Abnehmbare anthrazitfarbene Kissen  Gro\u00dfz\u00fcgige Abmessungen mit gro\u00dfer Sitztiefe  Enth\u00e4lt H\u00f6henregler zum Nivellieren der Beine und Haken zum Verbinden der Teile  Aufgrund seines modularen Charakters k\u00f6nnen Sie es entsprechend den Anforderungen Ihres Raums konfigurieren\" \/>\n<meta property=\"og:url\" content=\"https:\/\/keramamueblesdejardin.com\/de\/lounges-im-freien\/garten-sets\/aluminium-garten-set-new-york\/\" \/>\n<meta property=\"og:site_name\" content=\"Kerama\" \/>\n<meta property=\"article:publisher\" content=\"https:\/\/www.facebook.com\/Kerama-Muebles-de-Jard%c3%adn-106209328312568\/\" \/>\n<meta property=\"article:modified_time\" content=\"2023-08-29T07:52:56+00:00\" \/>\n<meta property=\"og:image\" content=\"https:\/\/keramamueblesdejardin.com\/wp-content\/uploads\/2021\/05\/3070_SILU.jpg\" \/>\n\t<meta property=\"og:image:width\" content=\"1920\" \/>\n\t<meta property=\"og:image:height\" content=\"1280\" \/>\n\t<meta property=\"og:image:type\" content=\"image\/jpeg\" \/>\n<meta name=\"twitter:card\" content=\"summary_large_image\" \/>\n<script type=\"application\/ld+json\" class=\"yoast-schema-graph\">{\"@context\":\"https:\/\/schema.org\",\"@graph\":[{\"@type\":\"WebPage\",\"@id\":\"https:\/\/keramamueblesdejardin.com\/de\/lounges-im-freien\/garten-sets\/aluminium-garten-set-new-york\/\",\"url\":\"https:\/\/keramamueblesdejardin.com\/de\/lounges-im-freien\/garten-sets\/aluminium-garten-set-new-york\/\",\"name\":\"Gartenset aus Aluminium - New York - Kerama\",\"isPartOf\":{\"@id\":\"https:\/\/keramamueblesdejardin.com\/de\/#website\"},\"primaryImageOfPage\":{\"@id\":\"https:\/\/keramamueblesdejardin.com\/de\/lounges-im-freien\/garten-sets\/aluminium-garten-set-new-york\/#primaryimage\"},\"image\":{\"@id\":\"https:\/\/keramamueblesdejardin.com\/de\/lounges-im-freien\/garten-sets\/aluminium-garten-set-new-york\/#primaryimage\"},\"thumbnailUrl\":\"https:\/\/keramamueblesdejardin.com\/wp-content\/uploads\/2021\/05\/3070_SILU.jpg\",\"datePublished\":\"2021-05-06T04:49:14+00:00\",\"dateModified\":\"2023-08-29T07:52:56+00:00\",\"breadcrumb\":{\"@id\":\"https:\/\/keramamueblesdejardin.com\/de\/lounges-im-freien\/garten-sets\/aluminium-garten-set-new-york\/#breadcrumb\"},\"inLanguage\":\"de\",\"potentialAction\":[{\"@type\":\"ReadAction\",\"target\":[\"https:\/\/keramamueblesdejardin.com\/de\/lounges-im-freien\/garten-sets\/aluminium-garten-set-new-york\/\"]}]},{\"@type\":\"ImageObject\",\"inLanguage\":\"de\",\"@id\":\"https:\/\/keramamueblesdejardin.com\/de\/lounges-im-freien\/garten-sets\/aluminium-garten-set-new-york\/#primaryimage\",\"url\":\"https:\/\/keramamueblesdejardin.com\/wp-content\/uploads\/2021\/05\/3070_SILU.jpg\",\"contentUrl\":\"https:\/\/keramamueblesdejardin.com\/wp-content\/uploads\/2021\/05\/3070_SILU.jpg\",\"width\":1920,\"height\":1280},{\"@type\":\"BreadcrumbList\",\"@id\":\"https:\/\/keramamueblesdejardin.com\/de\/lounges-im-freien\/garten-sets\/aluminium-garten-set-new-york\/#breadcrumb\",\"itemListElement\":[{\"@type\":\"ListItem\",\"position\":1,\"name\":\"Home\",\"item\":\"https:\/\/keramamueblesdejardin.com\/de\/\"},{\"@type\":\"ListItem\",\"position\":2,\"name\":\"Laden\",\"item\":\"https:\/\/keramamueblesdejardin.com\/de\/laden\/\"},{\"@type\":\"ListItem\",\"position\":3,\"name\":\"Lounges im Freien\",\"item\":\"https:\/\/keramamueblesdejardin.com\/de\/lounges-im-freien\/\"},{\"@type\":\"ListItem\",\"position\":4,\"name\":\"Garten-Sets\",\"item\":\"https:\/\/keramamueblesdejardin.com\/de\/lounges-im-freien\/garten-sets\/\"},{\"@type\":\"ListItem\",\"position\":5,\"name\":\"Gartenset aus Aluminium &#8211; New York\"}]},{\"@type\":\"WebSite\",\"@id\":\"https:\/\/keramamueblesdejardin.com\/de\/#website\",\"url\":\"https:\/\/keramamueblesdejardin.com\/de\/\",\"name\":\"Kerama\",\"description\":\"muebles de jard\u00edn\",\"publisher\":{\"@id\":\"https:\/\/keramamueblesdejardin.com\/de\/#organization\"},\"potentialAction\":[{\"@type\":\"SearchAction\",\"target\":{\"@type\":\"EntryPoint\",\"urlTemplate\":\"https:\/\/keramamueblesdejardin.com\/de\/?s={search_term_string}\"},\"query-input\":{\"@type\":\"PropertyValueSpecification\",\"valueRequired\":true,\"valueName\":\"search_term_string\"}}],\"inLanguage\":\"de\"},{\"@type\":\"Organization\",\"@id\":\"https:\/\/keramamueblesdejardin.com\/de\/#organization\",\"name\":\"kerama\",\"url\":\"https:\/\/keramamueblesdejardin.com\/de\/\",\"logo\":{\"@type\":\"ImageObject\",\"inLanguage\":\"de\",\"@id\":\"https:\/\/keramamueblesdejardin.com\/de\/#\/schema\/logo\/image\/\",\"url\":\"https:\/\/keramamueblesdejardin.com\/wp-content\/uploads\/2020\/12\/k.-scaled.jpg\",\"contentUrl\":\"https:\/\/keramamueblesdejardin.com\/wp-content\/uploads\/2020\/12\/k.-scaled.jpg\",\"width\":2560,\"height\":551,\"caption\":\"kerama\"},\"image\":{\"@id\":\"https:\/\/keramamueblesdejardin.com\/de\/#\/schema\/logo\/image\/\"},\"sameAs\":[\"https:\/\/www.facebook.com\/Kerama-Muebles-de-Jard\u00edn-106209328312568\/\"]}]}<\/script>\n<!-- \/ Yoast SEO plugin. -->","yoast_head_json":{"title":"Gartenset aus Aluminium - New York - Kerama","robots":{"index":"index","follow":"follow","max-snippet":"max-snippet:-1","max-image-preview":"max-image-preview:large","max-video-preview":"max-video-preview:-1"},"canonical":"https:\/\/keramamueblesdejardin.com\/de\/lounges-im-freien\/garten-sets\/aluminium-garten-set-new-york\/","og_locale":"de_DE","og_type":"article","og_title":"Gartenset aus Aluminium - New York - Kerama","og_description":"Robuste Struktur aus grauem Aluminium  Abnehmbare anthrazitfarbene Kissen  Gro\u00dfz\u00fcgige Abmessungen mit gro\u00dfer Sitztiefe  Enth\u00e4lt H\u00f6henregler zum Nivellieren der Beine und Haken zum Verbinden der Teile  Aufgrund seines modularen Charakters k\u00f6nnen Sie es entsprechend den Anforderungen Ihres Raums konfigurieren","og_url":"https:\/\/keramamueblesdejardin.com\/de\/lounges-im-freien\/garten-sets\/aluminium-garten-set-new-york\/","og_site_name":"Kerama","article_publisher":"https:\/\/www.facebook.com\/Kerama-Muebles-de-Jard%c3%adn-106209328312568\/","article_modified_time":"2023-08-29T07:52:56+00:00","og_image":[{"width":1920,"height":1280,"url":"https:\/\/keramamueblesdejardin.com\/wp-content\/uploads\/2021\/05\/3070_SILU.jpg","type":"image\/jpeg"}],"twitter_card":"summary_large_image","schema":{"@context":"https:\/\/schema.org","@graph":[{"@type":"WebPage","@id":"https:\/\/keramamueblesdejardin.com\/de\/lounges-im-freien\/garten-sets\/aluminium-garten-set-new-york\/","url":"https:\/\/keramamueblesdejardin.com\/de\/lounges-im-freien\/garten-sets\/aluminium-garten-set-new-york\/","name":"Gartenset aus Aluminium - New York - Kerama","isPartOf":{"@id":"https:\/\/keramamueblesdejardin.com\/de\/#website"},"primaryImageOfPage":{"@id":"https:\/\/keramamueblesdejardin.com\/de\/lounges-im-freien\/garten-sets\/aluminium-garten-set-new-york\/#primaryimage"},"image":{"@id":"https:\/\/keramamueblesdejardin.com\/de\/lounges-im-freien\/garten-sets\/aluminium-garten-set-new-york\/#primaryimage"},"thumbnailUrl":"https:\/\/keramamueblesdejardin.com\/wp-content\/uploads\/2021\/05\/3070_SILU.jpg","datePublished":"2021-05-06T04:49:14+00:00","dateModified":"2023-08-29T07:52:56+00:00","breadcrumb":{"@id":"https:\/\/keramamueblesdejardin.com\/de\/lounges-im-freien\/garten-sets\/aluminium-garten-set-new-york\/#breadcrumb"},"inLanguage":"de","potentialAction":[{"@type":"ReadAction","target":["https:\/\/keramamueblesdejardin.com\/de\/lounges-im-freien\/garten-sets\/aluminium-garten-set-new-york\/"]}]},{"@type":"ImageObject","inLanguage":"de","@id":"https:\/\/keramamueblesdejardin.com\/de\/lounges-im-freien\/garten-sets\/aluminium-garten-set-new-york\/#primaryimage","url":"https:\/\/keramamueblesdejardin.com\/wp-content\/uploads\/2021\/05\/3070_SILU.jpg","contentUrl":"https:\/\/keramamueblesdejardin.com\/wp-content\/uploads\/2021\/05\/3070_SILU.jpg","width":1920,"height":1280},{"@type":"BreadcrumbList","@id":"https:\/\/keramamueblesdejardin.com\/de\/lounges-im-freien\/garten-sets\/aluminium-garten-set-new-york\/#breadcrumb","itemListElement":[{"@type":"ListItem","position":1,"name":"Home","item":"https:\/\/keramamueblesdejardin.com\/de\/"},{"@type":"ListItem","position":2,"name":"Laden","item":"https:\/\/keramamueblesdejardin.com\/de\/laden\/"},{"@type":"ListItem","position":3,"name":"Lounges im Freien","item":"https:\/\/keramamueblesdejardin.com\/de\/lounges-im-freien\/"},{"@type":"ListItem","position":4,"name":"Garten-Sets","item":"https:\/\/keramamueblesdejardin.com\/de\/lounges-im-freien\/garten-sets\/"},{"@type":"ListItem","position":5,"name":"Gartenset aus Aluminium &#8211; New York"}]},{"@type":"WebSite","@id":"https:\/\/keramamueblesdejardin.com\/de\/#website","url":"https:\/\/keramamueblesdejardin.com\/de\/","name":"Kerama","description":"muebles de jard\u00edn","publisher":{"@id":"https:\/\/keramamueblesdejardin.com\/de\/#organization"},"potentialAction":[{"@type":"SearchAction","target":{"@type":"EntryPoint","urlTemplate":"https:\/\/keramamueblesdejardin.com\/de\/?s={search_term_string}"},"query-input":{"@type":"PropertyValueSpecification","valueRequired":true,"valueName":"search_term_string"}}],"inLanguage":"de"},{"@type":"Organization","@id":"https:\/\/keramamueblesdejardin.com\/de\/#organization","name":"kerama","url":"https:\/\/keramamueblesdejardin.com\/de\/","logo":{"@type":"ImageObject","inLanguage":"de","@id":"https:\/\/keramamueblesdejardin.com\/de\/#\/schema\/logo\/image\/","url":"https:\/\/keramamueblesdejardin.com\/wp-content\/uploads\/2020\/12\/k.-scaled.jpg","contentUrl":"https:\/\/keramamueblesdejardin.com\/wp-content\/uploads\/2020\/12\/k.-scaled.jpg","width":2560,"height":551,"caption":"kerama"},"image":{"@id":"https:\/\/keramamueblesdejardin.com\/de\/#\/schema\/logo\/image\/"},"sameAs":["https:\/\/www.facebook.com\/Kerama-Muebles-de-Jard\u00edn-106209328312568\/"]}]}},"df_price":3369,"df_sale_price":3369,"df_regular_price":4380,"df_image_link":"https:\/\/keramamueblesdejardin.com\/wp-content\/uploads\/2021\/05\/3070_SILU-300x200.jpg","custom_tabs":[{"title":"MESSUNG","id":"messung","content":"<strong>Hoch:<\/strong> Sofas 65 cm \/ Ecke 65 cm \/ Mitte 65 cm \/ Ottomane 25 cm \/ Fu\u00dfrastentisch 25 cm\n<strong>Breit:<\/strong> Sofas 165 cm \/ Ecke 85 cm \/ Zentral 75 cm \/ Ottomane 74,5 cm \/ Fu\u00dfrastentisch 74 cm\n<strong>Unteres:<\/strong> Sofas 85 cm \/ Eck 85 cm \/ Zentral 85 cm \/ Ottomane 147 cm \/ Fu\u00dfrastentisch 74 cm\n<strong>Produktgewicht:<\/strong> Sofas 28,20 kg \/ Ecke 14,40 kg \/ Zentral 14,10 cm \/ Ottomane 16,40 kg \/ Fu\u00dfrastentisch 9,40 kg\n<b>Gesamtl\u00e4nge des Sofas: <\/b>250cm x 325cm\n\n<strong>Sitzh\u00f6he:<\/strong> 42 cm\n<strong>Sitztiefe:<\/strong> 72 cm"},{"title":"AUSPACKEN UND MONTIEREN","id":"auspacken-und-montieren","content":"Empfehlungen zum Auspacken: Verwenden Sie beim Auspacken der M\u00f6bel keine scharfen Utensilien, da dies zu Besch\u00e4digungen f\u00fchren kann\nMontage erforderlich (ja\/nein): Nein"},{"title":"WARTUNG UND GARANTIEN","id":"wartung-und-garantien","content":"<div class=\"moz-signature\">\n<div class=\"list\"><strong>Allgemeine Empfehlungen:<\/strong>\n\u2022 Pannen oder Sch\u00e4den, die verursacht werden durch:\n\u2022 Zuf\u00e4llige Ursachen wie St\u00fcrze, Schl\u00e4ge, Versch\u00fctten von Fl\u00fcssigkeiten, Einschleppen von Fremdk\u00f6rpern sowie andere h\u00f6here Gewalt.\n\u2022 Fahrl\u00e4ssiger, unsachgem\u00e4\u00dfer oder nicht h\u00e4uslicher Gebrauch.\n\u2022 Besch\u00e4digung, Korrosion und\/oder Oxidation beschleunigt durch widrige Umweltbedingungen\n\u2022 Flecken und Verf\u00e4rbungen durch Nichtbeachtung unserer Reinigungsanweisungen\n\u2022 Sch\u00e4den, die w\u00e4hrend der Montage und Handhabung auftreten, ohne die angegebenen Montageanweisungen befolgt zu haben.\n<strong>Gebrauchs- und Wartungshinweise:<\/strong>\n\u2022 Reinigen Sie mit Hilfe eines Tuchs vorsichtig oder verwenden Sie eine neutrale Fl\u00fcssigseife und sp\u00fclen Sie sie mit viel Wasser ab.\n\u2022 Entfernen Sie Staub regelm\u00e4\u00dfig mit Hilfe eines weichen Tuchs und klarem Wasser.\n\u2022 Verwenden Sie zum Reinigen keine Reinigungsmittel oder Scheuermittel.\nJahre <strong>Garantie: 3 Jahre<\/strong>\n<strong>Hergestellt nach Norm:<\/strong> 581-1.581-2.581-3<\/div>\n<\/div>"}],"_links":{"self":[{"href":"https:\/\/keramamueblesdejardin.com\/de\/wp-json\/wp\/v2\/product\/120934","targetHints":{"allow":["GET"]}}],"collection":[{"href":"https:\/\/keramamueblesdejardin.com\/de\/wp-json\/wp\/v2\/product"}],"about":[{"href":"https:\/\/keramamueblesdejardin.com\/de\/wp-json\/wp\/v2\/types\/product"}],"replies":[{"embeddable":true,"href":"https:\/\/keramamueblesdejardin.com\/de\/wp-json\/wp\/v2\/comments?post=120934"}],"wp:featuredmedia":[{"embeddable":true,"href":"https:\/\/keramamueblesdejardin.com\/de\/wp-json\/wp\/v2\/media\/115811"}],"wp:attachment":[{"href":"https:\/\/keramamueblesdejardin.com\/de\/wp-json\/wp\/v2\/media?parent=120934"}],"wp:term":[{"taxonomy":"product_brand","embeddable":true,"href":"https:\/\/keramamueblesdejardin.com\/de\/wp-json\/wp\/v2\/product_brand?post=120934"},{"taxonomy":"product_cat","embeddable":true,"href":"https:\/\/keramamueblesdejardin.com\/de\/wp-json\/wp\/v2\/product_cat?post=120934"},{"taxonomy":"product_tag","embeddable":true,"href":"https:\/\/keramamueblesdejardin.com\/de\/wp-json\/wp\/v2\/product_tag?post=120934"}],"curies":[{"name":"wp","href":"https:\/\/api.w.org\/{rel}","templated":true}]}}