{"id":120845,"date":"2021-05-06T06:49:14","date_gmt":"2021-05-06T04:49:14","guid":{"rendered":"https:\/\/keramamueblesdejardin.com\/unkategorisiert\/gartensofa-1-quadratisch-orange-chester\/"},"modified":"2024-11-06T11:02:14","modified_gmt":"2024-11-06T10:02:14","slug":"garten-sofa-1-quadrat-orange-chester","status":"publish","type":"product","link":"https:\/\/keramamueblesdejardin.com\/de\/lounges-im-freien\/gartensofas\/garten-sofa-1-quadrat-orange-chester\/","title":{"rendered":"Gartensofa 1 quadratisch orange &#8211; Chester"},"content":{"rendered":"<p><span style=\"font-weight: 400;\">Der <\/span><b>Sessel Chester <\/b><span style=\"font-weight: 400;\"> besteht aus Aluminium, schnell trocknender Schaumstofff\u00fcllung und orangefarbenem Acrylstoff. <\/span> Die Kissen sind abnehmbar und waschbar.<\/p>\n<p><span style=\"font-weight: 400;\">Dieser Sessel hat <strong>eine absolute Witterungsbest\u00e4ndigkeit<\/strong>. Sie k\u00f6nnen sich im Freien aufhalten, ohne sich Sorgen machen zu m\u00fcssen.<\/span><\/p>\n<p>Schauen Sie sich andere unserer Gartensets an.<\/p>\n","protected":false},"excerpt":{"rendered":"<ul>\n<li>Aluminiumstruktur, F\u00fcllung aus schnell trocknendem Schaumstoff (QDF)<\/li>\n<li>Mit Acrylgewebe gepolstert<\/li>\n<li>Totale Witterungsbest\u00e4ndigkeit<\/li>\n<li>Abnehmbares und waschbares Kissen<\/li>\n<\/ul>\n","protected":false},"featured_media":120875,"comment_status":"closed","ping_status":"open","template":"","meta":{"_acf_changed":false},"product_brand":[],"product_cat":[3371,3234],"product_tag":[3376,3626,3242],"class_list":{"0":"post-120845","1":"product","2":"type-product","3":"status-publish","4":"has-post-thumbnail","6":"product_cat-gartensofas","7":"product_cat-lounges-im-freien","8":"product_tag-aluminium-de","9":"product_tag-chester-de","10":"product_tag-grose-raume","11":"product_shipping_class-envio-gratuito-de","12":"pa_asientos-1-de","13":"pa_caracteristicas-wasserdicht","14":"pa_coleccion-chester-de","15":"pa_material-aluminium","16":"pa_material-schnell-trocknender-schaum","17":"pa_material-zement","19":"first","20":"outofstock","21":"sale","22":"purchasable","23":"product-type-simple","24":"add-to-wishlist-before_image"},"acf":[],"yoast_head":"<!-- This site is optimized with the Yoast SEO plugin v27.2 - https:\/\/yoast.com\/product\/yoast-seo-wordpress\/ -->\n<title>Gartensofa 1 quadratisch orange - Chester - Kerama<\/title>\n<meta name=\"robots\" content=\"index, follow, max-snippet:-1, max-image-preview:large, max-video-preview:-1\" \/>\n<link rel=\"canonical\" href=\"https:\/\/keramamueblesdejardin.com\/de\/lounges-im-freien\/gartensofas\/garten-sofa-1-quadrat-orange-chester\/\" \/>\n<meta property=\"og:locale\" content=\"de_DE\" \/>\n<meta property=\"og:type\" content=\"article\" \/>\n<meta property=\"og:title\" content=\"Gartensofa 1 quadratisch orange - Chester - Kerama\" \/>\n<meta property=\"og:description\" content=\"Aluminiumstruktur, F\u00fcllung aus schnell trocknendem Schaumstoff (QDF)  Mit Acrylgewebe gepolstert  Totale Witterungsbest\u00e4ndigkeit  Abnehmbares und waschbares Kissen\" \/>\n<meta property=\"og:url\" content=\"https:\/\/keramamueblesdejardin.com\/de\/lounges-im-freien\/gartensofas\/garten-sofa-1-quadrat-orange-chester\/\" \/>\n<meta property=\"og:site_name\" content=\"Kerama\" \/>\n<meta property=\"article:publisher\" content=\"https:\/\/www.facebook.com\/Kerama-Muebles-de-Jard%c3%adn-106209328312568\/\" \/>\n<meta property=\"article:modified_time\" content=\"2024-11-06T10:02:14+00:00\" \/>\n<meta property=\"og:image\" content=\"https:\/\/keramamueblesdejardin.com\/wp-content\/uploads\/2021\/05\/L1390087_01-scaled.jpg\" \/>\n\t<meta property=\"og:image:width\" content=\"2560\" \/>\n\t<meta property=\"og:image:height\" content=\"2560\" \/>\n\t<meta property=\"og:image:type\" content=\"image\/jpeg\" \/>\n<meta name=\"twitter:card\" content=\"summary_large_image\" \/>\n<script type=\"application\/ld+json\" class=\"yoast-schema-graph\">{\"@context\":\"https:\/\/schema.org\",\"@graph\":[{\"@type\":\"WebPage\",\"@id\":\"https:\/\/keramamueblesdejardin.com\/de\/lounges-im-freien\/gartensofas\/garten-sofa-1-quadrat-orange-chester\/\",\"url\":\"https:\/\/keramamueblesdejardin.com\/de\/lounges-im-freien\/gartensofas\/garten-sofa-1-quadrat-orange-chester\/\",\"name\":\"Gartensofa 1 quadratisch orange - Chester - Kerama\",\"isPartOf\":{\"@id\":\"https:\/\/keramamueblesdejardin.com\/de\/#website\"},\"primaryImageOfPage\":{\"@id\":\"https:\/\/keramamueblesdejardin.com\/de\/lounges-im-freien\/gartensofas\/garten-sofa-1-quadrat-orange-chester\/#primaryimage\"},\"image\":{\"@id\":\"https:\/\/keramamueblesdejardin.com\/de\/lounges-im-freien\/gartensofas\/garten-sofa-1-quadrat-orange-chester\/#primaryimage\"},\"thumbnailUrl\":\"https:\/\/keramamueblesdejardin.com\/wp-content\/uploads\/2021\/05\/L1390087_01-scaled.jpg\",\"datePublished\":\"2021-05-06T04:49:14+00:00\",\"dateModified\":\"2024-11-06T10:02:14+00:00\",\"breadcrumb\":{\"@id\":\"https:\/\/keramamueblesdejardin.com\/de\/lounges-im-freien\/gartensofas\/garten-sofa-1-quadrat-orange-chester\/#breadcrumb\"},\"inLanguage\":\"de\",\"potentialAction\":[{\"@type\":\"ReadAction\",\"target\":[\"https:\/\/keramamueblesdejardin.com\/de\/lounges-im-freien\/gartensofas\/garten-sofa-1-quadrat-orange-chester\/\"]}]},{\"@type\":\"ImageObject\",\"inLanguage\":\"de\",\"@id\":\"https:\/\/keramamueblesdejardin.com\/de\/lounges-im-freien\/gartensofas\/garten-sofa-1-quadrat-orange-chester\/#primaryimage\",\"url\":\"https:\/\/keramamueblesdejardin.com\/wp-content\/uploads\/2021\/05\/L1390087_01-scaled.jpg\",\"contentUrl\":\"https:\/\/keramamueblesdejardin.com\/wp-content\/uploads\/2021\/05\/L1390087_01-scaled.jpg\",\"width\":2560,\"height\":2560},{\"@type\":\"BreadcrumbList\",\"@id\":\"https:\/\/keramamueblesdejardin.com\/de\/lounges-im-freien\/gartensofas\/garten-sofa-1-quadrat-orange-chester\/#breadcrumb\",\"itemListElement\":[{\"@type\":\"ListItem\",\"position\":1,\"name\":\"Home\",\"item\":\"https:\/\/keramamueblesdejardin.com\/de\/\"},{\"@type\":\"ListItem\",\"position\":2,\"name\":\"Laden\",\"item\":\"https:\/\/keramamueblesdejardin.com\/de\/laden\/\"},{\"@type\":\"ListItem\",\"position\":3,\"name\":\"Lounges im Freien\",\"item\":\"https:\/\/keramamueblesdejardin.com\/de\/lounges-im-freien\/\"},{\"@type\":\"ListItem\",\"position\":4,\"name\":\"Gartensofas\",\"item\":\"https:\/\/keramamueblesdejardin.com\/de\/lounges-im-freien\/gartensofas\/\"},{\"@type\":\"ListItem\",\"position\":5,\"name\":\"Gartensofa 1 quadratisch orange &#8211; Chester\"}]},{\"@type\":\"WebSite\",\"@id\":\"https:\/\/keramamueblesdejardin.com\/de\/#website\",\"url\":\"https:\/\/keramamueblesdejardin.com\/de\/\",\"name\":\"Kerama\",\"description\":\"muebles de jard\u00edn\",\"publisher\":{\"@id\":\"https:\/\/keramamueblesdejardin.com\/de\/#organization\"},\"potentialAction\":[{\"@type\":\"SearchAction\",\"target\":{\"@type\":\"EntryPoint\",\"urlTemplate\":\"https:\/\/keramamueblesdejardin.com\/de\/?s={search_term_string}\"},\"query-input\":{\"@type\":\"PropertyValueSpecification\",\"valueRequired\":true,\"valueName\":\"search_term_string\"}}],\"inLanguage\":\"de\"},{\"@type\":\"Organization\",\"@id\":\"https:\/\/keramamueblesdejardin.com\/de\/#organization\",\"name\":\"kerama\",\"url\":\"https:\/\/keramamueblesdejardin.com\/de\/\",\"logo\":{\"@type\":\"ImageObject\",\"inLanguage\":\"de\",\"@id\":\"https:\/\/keramamueblesdejardin.com\/de\/#\/schema\/logo\/image\/\",\"url\":\"https:\/\/keramamueblesdejardin.com\/wp-content\/uploads\/2020\/12\/k.-scaled.jpg\",\"contentUrl\":\"https:\/\/keramamueblesdejardin.com\/wp-content\/uploads\/2020\/12\/k.-scaled.jpg\",\"width\":2560,\"height\":551,\"caption\":\"kerama\"},\"image\":{\"@id\":\"https:\/\/keramamueblesdejardin.com\/de\/#\/schema\/logo\/image\/\"},\"sameAs\":[\"https:\/\/www.facebook.com\/Kerama-Muebles-de-Jard\u00edn-106209328312568\/\"]}]}<\/script>\n<!-- \/ Yoast SEO plugin. -->","yoast_head_json":{"title":"Gartensofa 1 quadratisch orange - Chester - Kerama","robots":{"index":"index","follow":"follow","max-snippet":"max-snippet:-1","max-image-preview":"max-image-preview:large","max-video-preview":"max-video-preview:-1"},"canonical":"https:\/\/keramamueblesdejardin.com\/de\/lounges-im-freien\/gartensofas\/garten-sofa-1-quadrat-orange-chester\/","og_locale":"de_DE","og_type":"article","og_title":"Gartensofa 1 quadratisch orange - Chester - Kerama","og_description":"Aluminiumstruktur, F\u00fcllung aus schnell trocknendem Schaumstoff (QDF)  Mit Acrylgewebe gepolstert  Totale Witterungsbest\u00e4ndigkeit  Abnehmbares und waschbares Kissen","og_url":"https:\/\/keramamueblesdejardin.com\/de\/lounges-im-freien\/gartensofas\/garten-sofa-1-quadrat-orange-chester\/","og_site_name":"Kerama","article_publisher":"https:\/\/www.facebook.com\/Kerama-Muebles-de-Jard%c3%adn-106209328312568\/","article_modified_time":"2024-11-06T10:02:14+00:00","og_image":[{"width":2560,"height":2560,"url":"https:\/\/keramamueblesdejardin.com\/wp-content\/uploads\/2021\/05\/L1390087_01-scaled.jpg","type":"image\/jpeg"}],"twitter_card":"summary_large_image","schema":{"@context":"https:\/\/schema.org","@graph":[{"@type":"WebPage","@id":"https:\/\/keramamueblesdejardin.com\/de\/lounges-im-freien\/gartensofas\/garten-sofa-1-quadrat-orange-chester\/","url":"https:\/\/keramamueblesdejardin.com\/de\/lounges-im-freien\/gartensofas\/garten-sofa-1-quadrat-orange-chester\/","name":"Gartensofa 1 quadratisch orange - Chester - Kerama","isPartOf":{"@id":"https:\/\/keramamueblesdejardin.com\/de\/#website"},"primaryImageOfPage":{"@id":"https:\/\/keramamueblesdejardin.com\/de\/lounges-im-freien\/gartensofas\/garten-sofa-1-quadrat-orange-chester\/#primaryimage"},"image":{"@id":"https:\/\/keramamueblesdejardin.com\/de\/lounges-im-freien\/gartensofas\/garten-sofa-1-quadrat-orange-chester\/#primaryimage"},"thumbnailUrl":"https:\/\/keramamueblesdejardin.com\/wp-content\/uploads\/2021\/05\/L1390087_01-scaled.jpg","datePublished":"2021-05-06T04:49:14+00:00","dateModified":"2024-11-06T10:02:14+00:00","breadcrumb":{"@id":"https:\/\/keramamueblesdejardin.com\/de\/lounges-im-freien\/gartensofas\/garten-sofa-1-quadrat-orange-chester\/#breadcrumb"},"inLanguage":"de","potentialAction":[{"@type":"ReadAction","target":["https:\/\/keramamueblesdejardin.com\/de\/lounges-im-freien\/gartensofas\/garten-sofa-1-quadrat-orange-chester\/"]}]},{"@type":"ImageObject","inLanguage":"de","@id":"https:\/\/keramamueblesdejardin.com\/de\/lounges-im-freien\/gartensofas\/garten-sofa-1-quadrat-orange-chester\/#primaryimage","url":"https:\/\/keramamueblesdejardin.com\/wp-content\/uploads\/2021\/05\/L1390087_01-scaled.jpg","contentUrl":"https:\/\/keramamueblesdejardin.com\/wp-content\/uploads\/2021\/05\/L1390087_01-scaled.jpg","width":2560,"height":2560},{"@type":"BreadcrumbList","@id":"https:\/\/keramamueblesdejardin.com\/de\/lounges-im-freien\/gartensofas\/garten-sofa-1-quadrat-orange-chester\/#breadcrumb","itemListElement":[{"@type":"ListItem","position":1,"name":"Home","item":"https:\/\/keramamueblesdejardin.com\/de\/"},{"@type":"ListItem","position":2,"name":"Laden","item":"https:\/\/keramamueblesdejardin.com\/de\/laden\/"},{"@type":"ListItem","position":3,"name":"Lounges im Freien","item":"https:\/\/keramamueblesdejardin.com\/de\/lounges-im-freien\/"},{"@type":"ListItem","position":4,"name":"Gartensofas","item":"https:\/\/keramamueblesdejardin.com\/de\/lounges-im-freien\/gartensofas\/"},{"@type":"ListItem","position":5,"name":"Gartensofa 1 quadratisch orange &#8211; Chester"}]},{"@type":"WebSite","@id":"https:\/\/keramamueblesdejardin.com\/de\/#website","url":"https:\/\/keramamueblesdejardin.com\/de\/","name":"Kerama","description":"muebles de jard\u00edn","publisher":{"@id":"https:\/\/keramamueblesdejardin.com\/de\/#organization"},"potentialAction":[{"@type":"SearchAction","target":{"@type":"EntryPoint","urlTemplate":"https:\/\/keramamueblesdejardin.com\/de\/?s={search_term_string}"},"query-input":{"@type":"PropertyValueSpecification","valueRequired":true,"valueName":"search_term_string"}}],"inLanguage":"de"},{"@type":"Organization","@id":"https:\/\/keramamueblesdejardin.com\/de\/#organization","name":"kerama","url":"https:\/\/keramamueblesdejardin.com\/de\/","logo":{"@type":"ImageObject","inLanguage":"de","@id":"https:\/\/keramamueblesdejardin.com\/de\/#\/schema\/logo\/image\/","url":"https:\/\/keramamueblesdejardin.com\/wp-content\/uploads\/2020\/12\/k.-scaled.jpg","contentUrl":"https:\/\/keramamueblesdejardin.com\/wp-content\/uploads\/2020\/12\/k.-scaled.jpg","width":2560,"height":551,"caption":"kerama"},"image":{"@id":"https:\/\/keramamueblesdejardin.com\/de\/#\/schema\/logo\/image\/"},"sameAs":["https:\/\/www.facebook.com\/Kerama-Muebles-de-Jard\u00edn-106209328312568\/"]}]}},"df_price":495,"df_sale_price":495,"df_regular_price":644,"df_image_link":"https:\/\/keramamueblesdejardin.com\/wp-content\/uploads\/2021\/05\/L1390087_01-300x300.jpg","custom_tabs":[{"title":"MESSUNG","id":"messung","content":"<strong>H\u00f6he:<\/strong> 77 cm\n<strong>Breite:<\/strong> 131 cm\n<strong>Tiefe:<\/strong> 98 cm\n<strong>Artikelgewicht:<\/strong> 38,60 kg\n<strong>Sitzh\u00f6he:<\/strong>\n<strong>Sitztiefe:<\/strong>"},{"title":"AUSPACKEN UND MONTIEREN","id":"auspacken-und-montieren","content":"Empfehlungen zum Auspacken: Verwenden Sie beim Auspacken der M\u00f6bel keine scharfen Utensilien, da dies zu Besch\u00e4digungen f\u00fchren kann\nMontage erforderlich (ja\/nein): Nein"},{"title":"WARTUNG UND GARANTIEN","id":"wartung-und-garantien","content":"<div class=\"moz-signature\">\n<div class=\"list\"><strong>Allgemeine Empfehlungen:<\/strong>\n\u2022 Pannen oder Sch\u00e4den, die verursacht werden durch:\n\u2022 Zuf\u00e4llige Ursachen wie St\u00fcrze, Schl\u00e4ge, Versch\u00fctten von Fl\u00fcssigkeiten, Einschleppen von Fremdk\u00f6rpern sowie andere h\u00f6here Gewalt.\n\u2022 Fahrl\u00e4ssiger, unsachgem\u00e4\u00dfer oder nicht h\u00e4uslicher Gebrauch.\n\u2022 Besch\u00e4digung, Korrosion und\/oder Oxidation beschleunigt durch widrige Umweltbedingungen\n\u2022 Flecken und Verf\u00e4rbungen durch Nichtbeachtung unserer Reinigungsanweisungen\n\u2022 Sch\u00e4den, die w\u00e4hrend der Montage und Handhabung auftreten, ohne die angegebenen Montageanweisungen befolgt zu haben.\n<strong>Gebrauchs- und Wartungshinweise:<\/strong>\n\u2022 Reinigen Sie mit Hilfe eines Tuchs vorsichtig oder verwenden Sie eine neutrale Fl\u00fcssigseife und sp\u00fclen Sie sie mit viel Wasser ab.\n\u2022 Entfernen Sie Staub regelm\u00e4\u00dfig mit Hilfe eines weichen Tuchs und klarem Wasser.\n\u2022 Verwenden Sie zum Reinigen keine Reinigungsmittel oder Scheuermittel.\nJahre <strong>Garantie: 3 Jahre<\/strong>\n<strong>Hergestellt nach Norm:<\/strong> 581-1.581-2.581-3<\/div>\n<\/div>"}],"_links":{"self":[{"href":"https:\/\/keramamueblesdejardin.com\/de\/wp-json\/wp\/v2\/product\/120845","targetHints":{"allow":["GET"]}}],"collection":[{"href":"https:\/\/keramamueblesdejardin.com\/de\/wp-json\/wp\/v2\/product"}],"about":[{"href":"https:\/\/keramamueblesdejardin.com\/de\/wp-json\/wp\/v2\/types\/product"}],"replies":[{"embeddable":true,"href":"https:\/\/keramamueblesdejardin.com\/de\/wp-json\/wp\/v2\/comments?post=120845"}],"wp:featuredmedia":[{"embeddable":true,"href":"https:\/\/keramamueblesdejardin.com\/de\/wp-json\/wp\/v2\/media\/120875"}],"wp:attachment":[{"href":"https:\/\/keramamueblesdejardin.com\/de\/wp-json\/wp\/v2\/media?parent=120845"}],"wp:term":[{"taxonomy":"product_brand","embeddable":true,"href":"https:\/\/keramamueblesdejardin.com\/de\/wp-json\/wp\/v2\/product_brand?post=120845"},{"taxonomy":"product_cat","embeddable":true,"href":"https:\/\/keramamueblesdejardin.com\/de\/wp-json\/wp\/v2\/product_cat?post=120845"},{"taxonomy":"product_tag","embeddable":true,"href":"https:\/\/keramamueblesdejardin.com\/de\/wp-json\/wp\/v2\/product_tag?post=120845"}],"curies":[{"name":"wp","href":"https:\/\/api.w.org\/{rel}","templated":true}]}}