{"id":120840,"date":"2021-05-06T06:49:19","date_gmt":"2021-05-06T04:49:19","guid":{"rendered":"https:\/\/keramamueblesdejardin.com\/unkategorisiert\/braune-aluminiumliege-mit-geraden-raedern-tokyo-brown\/"},"modified":"2023-08-29T10:20:47","modified_gmt":"2023-08-29T08:20:47","slug":"sonnenliege-aluminium-braune-rader-gerade-tokio-braun","status":"publish","type":"product","link":"https:\/\/keramamueblesdejardin.com\/de\/liegestuhle-und-ruhe\/liegen\/sonnenliege-aluminium-braune-rader-gerade-tokio-braun\/","title":{"rendered":"Braune Aluminiumliege mit geraden R\u00e4dern &#8211; Tokyo Brown"},"content":{"rendered":"<p>Die kupferbraune Aluminiumliege aus der Tokyo-Kollektion eignet sich perfekt f\u00fcr Garten oder Terrasse. Der Sitz und die R\u00fcckenlehne sind aus gepolstertem Textil gefertigt, was den Komfort an langen Tagen im Freien beg\u00fcnstigt. Die Outdoor-Liege aus kupferbraunem Aluminium Tokyo hat eine solide, wetterfeste Struktur, die sich ideal f\u00fcr eine Gartengarnitur eignet, die das ganze Jahr \u00fcber gepflegt werden kann. Dar\u00fcber hinaus ist es verstellbar und hat R\u00e4der, was seinen Komfort verbessert und seine Bewegung erheblich erleichtert.<\/p>\n<p>&nbsp;<\/p>\n","protected":false},"excerpt":{"rendered":"<ul>\n<li>Kupferbraune Aluminiumstruktur mit dunkelsandfarbenem, gepolstertem Textil<\/li>\n<li>Inklusive R\u00e4der f\u00fcr einfachen Transport<\/li>\n<li>5-fach verstellbare R\u00fcckenlehne<\/li>\n<li>Kombinieren Sie es mit den verschiedenen Elementen der Tokio-Familie<\/li>\n<\/ul>\n","protected":false},"featured_media":116347,"comment_status":"closed","ping_status":"open","template":"","meta":{"_acf_changed":false},"product_brand":[],"product_cat":[3237,3236],"product_tag":[3376,3242,3377],"class_list":{"0":"post-120840","1":"product","2":"type-product","3":"status-publish","4":"has-post-thumbnail","6":"product_cat-liegen","7":"product_cat-liegestuhle-und-ruhe","8":"product_tag-aluminium-de","9":"product_tag-grose-raume","10":"product_tag-tokio","11":"product_shipping_class-envio-gratuito-de","12":"pa_caracteristicas-klapp","13":"pa_caracteristicas-wasserdicht","14":"pa_coleccion-osaka-de","15":"pa_coleccion-tokio","16":"pa_material-aluminium","17":"pa_material-textil","19":"first","20":"instock","21":"sale","22":"purchasable","23":"product-type-simple","24":"add-to-wishlist-before_image"},"acf":[],"yoast_head":"<!-- This site is optimized with the Yoast SEO plugin v27.4 - https:\/\/yoast.com\/product\/yoast-seo-wordpress\/ -->\n<title>Braune Aluminiumliege mit geraden R\u00e4dern - Tokyo Brown - Kerama<\/title>\n<meta name=\"robots\" content=\"index, follow, max-snippet:-1, max-image-preview:large, max-video-preview:-1\" \/>\n<link rel=\"canonical\" href=\"https:\/\/keramamueblesdejardin.com\/de\/liegestuhle-und-ruhe\/liegen\/sonnenliege-aluminium-braune-rader-gerade-tokio-braun\/\" \/>\n<meta property=\"og:locale\" content=\"de_DE\" \/>\n<meta property=\"og:type\" content=\"article\" \/>\n<meta property=\"og:title\" content=\"Braune Aluminiumliege mit geraden R\u00e4dern - Tokyo Brown - Kerama\" \/>\n<meta property=\"og:description\" content=\"Kupferbraune Aluminiumstruktur mit dunkelsandfarbenem, gepolstertem Textil  Inklusive R\u00e4der f\u00fcr einfachen Transport  5-fach verstellbare R\u00fcckenlehne  Kombinieren Sie es mit den verschiedenen Elementen der Tokio-Familie\" \/>\n<meta property=\"og:url\" content=\"https:\/\/keramamueblesdejardin.com\/de\/liegestuhle-und-ruhe\/liegen\/sonnenliege-aluminium-braune-rader-gerade-tokio-braun\/\" \/>\n<meta property=\"og:site_name\" content=\"Kerama\" \/>\n<meta property=\"article:publisher\" content=\"https:\/\/www.facebook.com\/Kerama-Muebles-de-Jard%c3%adn-106209328312568\/\" \/>\n<meta property=\"article:modified_time\" content=\"2023-08-29T08:20:47+00:00\" \/>\n<meta property=\"og:image\" content=\"https:\/\/keramamueblesdejardin.com\/wp-content\/uploads\/2021\/05\/KMJ21080_01-scaled-e1697713527386.jpg\" \/>\n\t<meta property=\"og:image:width\" content=\"1200\" \/>\n\t<meta property=\"og:image:height\" content=\"1200\" \/>\n\t<meta property=\"og:image:type\" content=\"image\/jpeg\" \/>\n<meta name=\"twitter:card\" content=\"summary_large_image\" \/>\n<script type=\"application\/ld+json\" class=\"yoast-schema-graph\">{\"@context\":\"https:\\\/\\\/schema.org\",\"@graph\":[{\"@type\":\"WebPage\",\"@id\":\"https:\\\/\\\/keramamueblesdejardin.com\\\/de\\\/liegestuhle-und-ruhe\\\/liegen\\\/sonnenliege-aluminium-braune-rader-gerade-tokio-braun\\\/\",\"url\":\"https:\\\/\\\/keramamueblesdejardin.com\\\/de\\\/liegestuhle-und-ruhe\\\/liegen\\\/sonnenliege-aluminium-braune-rader-gerade-tokio-braun\\\/\",\"name\":\"Braune Aluminiumliege mit geraden R\u00e4dern - Tokyo Brown - Kerama\",\"isPartOf\":{\"@id\":\"https:\\\/\\\/keramamueblesdejardin.com\\\/de\\\/#website\"},\"primaryImageOfPage\":{\"@id\":\"https:\\\/\\\/keramamueblesdejardin.com\\\/de\\\/liegestuhle-und-ruhe\\\/liegen\\\/sonnenliege-aluminium-braune-rader-gerade-tokio-braun\\\/#primaryimage\"},\"image\":{\"@id\":\"https:\\\/\\\/keramamueblesdejardin.com\\\/de\\\/liegestuhle-und-ruhe\\\/liegen\\\/sonnenliege-aluminium-braune-rader-gerade-tokio-braun\\\/#primaryimage\"},\"thumbnailUrl\":\"https:\\\/\\\/keramamueblesdejardin.com\\\/wp-content\\\/uploads\\\/2021\\\/05\\\/KMJ21080_01-scaled-e1697713527386.jpg\",\"datePublished\":\"2021-05-06T04:49:19+00:00\",\"dateModified\":\"2023-08-29T08:20:47+00:00\",\"breadcrumb\":{\"@id\":\"https:\\\/\\\/keramamueblesdejardin.com\\\/de\\\/liegestuhle-und-ruhe\\\/liegen\\\/sonnenliege-aluminium-braune-rader-gerade-tokio-braun\\\/#breadcrumb\"},\"inLanguage\":\"de\",\"potentialAction\":[{\"@type\":\"ReadAction\",\"target\":[\"https:\\\/\\\/keramamueblesdejardin.com\\\/de\\\/liegestuhle-und-ruhe\\\/liegen\\\/sonnenliege-aluminium-braune-rader-gerade-tokio-braun\\\/\"]}]},{\"@type\":\"ImageObject\",\"inLanguage\":\"de\",\"@id\":\"https:\\\/\\\/keramamueblesdejardin.com\\\/de\\\/liegestuhle-und-ruhe\\\/liegen\\\/sonnenliege-aluminium-braune-rader-gerade-tokio-braun\\\/#primaryimage\",\"url\":\"https:\\\/\\\/keramamueblesdejardin.com\\\/wp-content\\\/uploads\\\/2021\\\/05\\\/KMJ21080_01-scaled-e1697713527386.jpg\",\"contentUrl\":\"https:\\\/\\\/keramamueblesdejardin.com\\\/wp-content\\\/uploads\\\/2021\\\/05\\\/KMJ21080_01-scaled-e1697713527386.jpg\",\"width\":1200,\"height\":1200},{\"@type\":\"BreadcrumbList\",\"@id\":\"https:\\\/\\\/keramamueblesdejardin.com\\\/de\\\/liegestuhle-und-ruhe\\\/liegen\\\/sonnenliege-aluminium-braune-rader-gerade-tokio-braun\\\/#breadcrumb\",\"itemListElement\":[{\"@type\":\"ListItem\",\"position\":1,\"name\":\"Home\",\"item\":\"https:\\\/\\\/keramamueblesdejardin.com\\\/de\\\/\"},{\"@type\":\"ListItem\",\"position\":2,\"name\":\"Laden\",\"item\":\"https:\\\/\\\/keramamueblesdejardin.com\\\/de\\\/laden\\\/\"},{\"@type\":\"ListItem\",\"position\":3,\"name\":\"Liegest\u00fchle und Ruhe\",\"item\":\"https:\\\/\\\/keramamueblesdejardin.com\\\/de\\\/liegestuhle-und-ruhe\\\/\"},{\"@type\":\"ListItem\",\"position\":4,\"name\":\"Liegen\",\"item\":\"https:\\\/\\\/keramamueblesdejardin.com\\\/de\\\/liegestuhle-und-ruhe\\\/liegen\\\/\"},{\"@type\":\"ListItem\",\"position\":5,\"name\":\"Braune Aluminiumliege mit geraden R\u00e4dern &#8211; Tokyo Brown\"}]},{\"@type\":\"WebSite\",\"@id\":\"https:\\\/\\\/keramamueblesdejardin.com\\\/de\\\/#website\",\"url\":\"https:\\\/\\\/keramamueblesdejardin.com\\\/de\\\/\",\"name\":\"Kerama\",\"description\":\"muebles de jard\u00edn\",\"publisher\":{\"@id\":\"https:\\\/\\\/keramamueblesdejardin.com\\\/de\\\/#organization\"},\"potentialAction\":[{\"@type\":\"SearchAction\",\"target\":{\"@type\":\"EntryPoint\",\"urlTemplate\":\"https:\\\/\\\/keramamueblesdejardin.com\\\/de\\\/?s={search_term_string}\"},\"query-input\":{\"@type\":\"PropertyValueSpecification\",\"valueRequired\":true,\"valueName\":\"search_term_string\"}}],\"inLanguage\":\"de\"},{\"@type\":\"Organization\",\"@id\":\"https:\\\/\\\/keramamueblesdejardin.com\\\/de\\\/#organization\",\"name\":\"kerama\",\"url\":\"https:\\\/\\\/keramamueblesdejardin.com\\\/de\\\/\",\"logo\":{\"@type\":\"ImageObject\",\"inLanguage\":\"de\",\"@id\":\"https:\\\/\\\/keramamueblesdejardin.com\\\/de\\\/#\\\/schema\\\/logo\\\/image\\\/\",\"url\":\"https:\\\/\\\/keramamueblesdejardin.com\\\/wp-content\\\/uploads\\\/2020\\\/12\\\/k.-scaled.jpg\",\"contentUrl\":\"https:\\\/\\\/keramamueblesdejardin.com\\\/wp-content\\\/uploads\\\/2020\\\/12\\\/k.-scaled.jpg\",\"width\":2560,\"height\":551,\"caption\":\"kerama\"},\"image\":{\"@id\":\"https:\\\/\\\/keramamueblesdejardin.com\\\/de\\\/#\\\/schema\\\/logo\\\/image\\\/\"},\"sameAs\":[\"https:\\\/\\\/www.facebook.com\\\/Kerama-Muebles-de-Jard\u00edn-106209328312568\\\/\"]}]}<\/script>\n<!-- \/ Yoast SEO plugin. -->","yoast_head_json":{"title":"Braune Aluminiumliege mit geraden R\u00e4dern - Tokyo Brown - Kerama","robots":{"index":"index","follow":"follow","max-snippet":"max-snippet:-1","max-image-preview":"max-image-preview:large","max-video-preview":"max-video-preview:-1"},"canonical":"https:\/\/keramamueblesdejardin.com\/de\/liegestuhle-und-ruhe\/liegen\/sonnenliege-aluminium-braune-rader-gerade-tokio-braun\/","og_locale":"de_DE","og_type":"article","og_title":"Braune Aluminiumliege mit geraden R\u00e4dern - Tokyo Brown - Kerama","og_description":"Kupferbraune Aluminiumstruktur mit dunkelsandfarbenem, gepolstertem Textil  Inklusive R\u00e4der f\u00fcr einfachen Transport  5-fach verstellbare R\u00fcckenlehne  Kombinieren Sie es mit den verschiedenen Elementen der Tokio-Familie","og_url":"https:\/\/keramamueblesdejardin.com\/de\/liegestuhle-und-ruhe\/liegen\/sonnenliege-aluminium-braune-rader-gerade-tokio-braun\/","og_site_name":"Kerama","article_publisher":"https:\/\/www.facebook.com\/Kerama-Muebles-de-Jard%c3%adn-106209328312568\/","article_modified_time":"2023-08-29T08:20:47+00:00","og_image":[{"width":1200,"height":1200,"url":"https:\/\/keramamueblesdejardin.com\/wp-content\/uploads\/2021\/05\/KMJ21080_01-scaled-e1697713527386.jpg","type":"image\/jpeg"}],"twitter_card":"summary_large_image","schema":{"@context":"https:\/\/schema.org","@graph":[{"@type":"WebPage","@id":"https:\/\/keramamueblesdejardin.com\/de\/liegestuhle-und-ruhe\/liegen\/sonnenliege-aluminium-braune-rader-gerade-tokio-braun\/","url":"https:\/\/keramamueblesdejardin.com\/de\/liegestuhle-und-ruhe\/liegen\/sonnenliege-aluminium-braune-rader-gerade-tokio-braun\/","name":"Braune Aluminiumliege mit geraden R\u00e4dern - Tokyo Brown - Kerama","isPartOf":{"@id":"https:\/\/keramamueblesdejardin.com\/de\/#website"},"primaryImageOfPage":{"@id":"https:\/\/keramamueblesdejardin.com\/de\/liegestuhle-und-ruhe\/liegen\/sonnenliege-aluminium-braune-rader-gerade-tokio-braun\/#primaryimage"},"image":{"@id":"https:\/\/keramamueblesdejardin.com\/de\/liegestuhle-und-ruhe\/liegen\/sonnenliege-aluminium-braune-rader-gerade-tokio-braun\/#primaryimage"},"thumbnailUrl":"https:\/\/keramamueblesdejardin.com\/wp-content\/uploads\/2021\/05\/KMJ21080_01-scaled-e1697713527386.jpg","datePublished":"2021-05-06T04:49:19+00:00","dateModified":"2023-08-29T08:20:47+00:00","breadcrumb":{"@id":"https:\/\/keramamueblesdejardin.com\/de\/liegestuhle-und-ruhe\/liegen\/sonnenliege-aluminium-braune-rader-gerade-tokio-braun\/#breadcrumb"},"inLanguage":"de","potentialAction":[{"@type":"ReadAction","target":["https:\/\/keramamueblesdejardin.com\/de\/liegestuhle-und-ruhe\/liegen\/sonnenliege-aluminium-braune-rader-gerade-tokio-braun\/"]}]},{"@type":"ImageObject","inLanguage":"de","@id":"https:\/\/keramamueblesdejardin.com\/de\/liegestuhle-und-ruhe\/liegen\/sonnenliege-aluminium-braune-rader-gerade-tokio-braun\/#primaryimage","url":"https:\/\/keramamueblesdejardin.com\/wp-content\/uploads\/2021\/05\/KMJ21080_01-scaled-e1697713527386.jpg","contentUrl":"https:\/\/keramamueblesdejardin.com\/wp-content\/uploads\/2021\/05\/KMJ21080_01-scaled-e1697713527386.jpg","width":1200,"height":1200},{"@type":"BreadcrumbList","@id":"https:\/\/keramamueblesdejardin.com\/de\/liegestuhle-und-ruhe\/liegen\/sonnenliege-aluminium-braune-rader-gerade-tokio-braun\/#breadcrumb","itemListElement":[{"@type":"ListItem","position":1,"name":"Home","item":"https:\/\/keramamueblesdejardin.com\/de\/"},{"@type":"ListItem","position":2,"name":"Laden","item":"https:\/\/keramamueblesdejardin.com\/de\/laden\/"},{"@type":"ListItem","position":3,"name":"Liegest\u00fchle und Ruhe","item":"https:\/\/keramamueblesdejardin.com\/de\/liegestuhle-und-ruhe\/"},{"@type":"ListItem","position":4,"name":"Liegen","item":"https:\/\/keramamueblesdejardin.com\/de\/liegestuhle-und-ruhe\/liegen\/"},{"@type":"ListItem","position":5,"name":"Braune Aluminiumliege mit geraden R\u00e4dern &#8211; Tokyo Brown"}]},{"@type":"WebSite","@id":"https:\/\/keramamueblesdejardin.com\/de\/#website","url":"https:\/\/keramamueblesdejardin.com\/de\/","name":"Kerama","description":"muebles de jard\u00edn","publisher":{"@id":"https:\/\/keramamueblesdejardin.com\/de\/#organization"},"potentialAction":[{"@type":"SearchAction","target":{"@type":"EntryPoint","urlTemplate":"https:\/\/keramamueblesdejardin.com\/de\/?s={search_term_string}"},"query-input":{"@type":"PropertyValueSpecification","valueRequired":true,"valueName":"search_term_string"}}],"inLanguage":"de"},{"@type":"Organization","@id":"https:\/\/keramamueblesdejardin.com\/de\/#organization","name":"kerama","url":"https:\/\/keramamueblesdejardin.com\/de\/","logo":{"@type":"ImageObject","inLanguage":"de","@id":"https:\/\/keramamueblesdejardin.com\/de\/#\/schema\/logo\/image\/","url":"https:\/\/keramamueblesdejardin.com\/wp-content\/uploads\/2020\/12\/k.-scaled.jpg","contentUrl":"https:\/\/keramamueblesdejardin.com\/wp-content\/uploads\/2020\/12\/k.-scaled.jpg","width":2560,"height":551,"caption":"kerama"},"image":{"@id":"https:\/\/keramamueblesdejardin.com\/de\/#\/schema\/logo\/image\/"},"sameAs":["https:\/\/www.facebook.com\/Kerama-Muebles-de-Jard\u00edn-106209328312568\/"]}]}},"df_price":179,"df_sale_price":179,"df_regular_price":228,"df_image_link":"https:\/\/keramamueblesdejardin.com\/wp-content\/uploads\/2021\/05\/KMJ21080_01-300x300.jpg","custom_tabs":[{"title":"MESSUNG","id":"messung","content":"<strong>H\u00f6he:<\/strong> 35 \/ 65 \/ 75 \/ 85 \/ 95 cm\n<strong>Breite:<\/strong> 70 cm\nTiefe: 200 cm\n<strong>Produktgewicht:<\/strong> 8,7 kg\n<strong>Maximal unterst\u00fctztes Gewicht:<\/strong> 120 kg\n<strong>Sitzh\u00f6he:<\/strong> 35 cm\n<strong>L\u00e4nge der R\u00fcckenlehne:<\/strong> 74 cm\n<strong>Sitztiefe:<\/strong> 121 cm\n<strong>Beinh\u00f6he (Freiraum unter M\u00f6beln):<\/strong> 30 cm"},{"title":"AUSPACKEN UND MONTIEREN","id":"auspacken-und-montieren","content":"Empfehlungen zum Auspacken: Verwenden Sie beim Auspacken der M\u00f6bel keine scharfen Utensilien, da dies zu Besch\u00e4digungen f\u00fchren kann\nMontage erforderlich (ja\/nein): Ja\nSchwierigkeitsgrad der Montage: Mittel\nMontagezeit: 30 Minuten\nEmpfohlene Personen f\u00fcr die Montage: 2\n<strong>Montagevorschl\u00e4ge:<\/strong> Bereiten Sie einen sauberen und trockenen Montagebereich vor und stellen Sie sicher, dass keines der im Handbuch angegebenen Teile fehlt. Wir empfehlen das Tragen von Montagehandschuhen. Verwenden Sie nur die mitgelieferten Teile und Hardware."},{"title":"WARTUNG UND GARANTIEN","id":"wartung-und-garantien","content":"<div class=\"moz-signature\">\n<div class=\"list\"><strong>Allgemeine Empfehlungen:<\/strong>\n\u2022 Pannen oder Sch\u00e4den, die verursacht werden durch:\n\u2022 Zuf\u00e4llige Ursachen wie St\u00fcrze, Schl\u00e4ge, Versch\u00fctten von Fl\u00fcssigkeiten, Einschleppen von Fremdk\u00f6rpern sowie andere h\u00f6here Gewalt.\n\u2022 Fahrl\u00e4ssiger, unsachgem\u00e4\u00dfer oder nicht h\u00e4uslicher Gebrauch.\n\u2022 Besch\u00e4digung, Korrosion und\/oder Oxidation beschleunigt durch widrige Umweltbedingungen\n\u2022 Flecken und Verf\u00e4rbungen durch Nichtbeachtung unserer Reinigungsanweisungen\n\u2022 Sch\u00e4den, die w\u00e4hrend der Montage und Handhabung auftreten, ohne die angegebenen Montageanweisungen befolgt zu haben.\n<strong>Gebrauchs- und Wartungshinweise:<\/strong>\n\u2022 Reinigen Sie mit Hilfe eines Tuchs vorsichtig oder verwenden Sie eine neutrale Fl\u00fcssigseife und sp\u00fclen Sie sie mit viel Wasser ab.\n\u2022 Entfernen Sie Staub regelm\u00e4\u00dfig mit Hilfe eines weichen Tuchs und klarem Wasser.\n\u2022 Verwenden Sie zum Reinigen keine Reinigungsmittel oder Scheuermittel.\nJahre <strong>Garantie: 3 Jahre<\/strong>\n<strong>Hergestellt nach Norm:<\/strong> 581-1.581-2.581-3<\/div>\n<\/div>"}],"_links":{"self":[{"href":"https:\/\/keramamueblesdejardin.com\/de\/wp-json\/wp\/v2\/product\/120840","targetHints":{"allow":["GET"]}}],"collection":[{"href":"https:\/\/keramamueblesdejardin.com\/de\/wp-json\/wp\/v2\/product"}],"about":[{"href":"https:\/\/keramamueblesdejardin.com\/de\/wp-json\/wp\/v2\/types\/product"}],"replies":[{"embeddable":true,"href":"https:\/\/keramamueblesdejardin.com\/de\/wp-json\/wp\/v2\/comments?post=120840"}],"wp:featuredmedia":[{"embeddable":true,"href":"https:\/\/keramamueblesdejardin.com\/de\/wp-json\/wp\/v2\/media\/116347"}],"wp:attachment":[{"href":"https:\/\/keramamueblesdejardin.com\/de\/wp-json\/wp\/v2\/media?parent=120840"}],"wp:term":[{"taxonomy":"product_brand","embeddable":true,"href":"https:\/\/keramamueblesdejardin.com\/de\/wp-json\/wp\/v2\/product_brand?post=120840"},{"taxonomy":"product_cat","embeddable":true,"href":"https:\/\/keramamueblesdejardin.com\/de\/wp-json\/wp\/v2\/product_cat?post=120840"},{"taxonomy":"product_tag","embeddable":true,"href":"https:\/\/keramamueblesdejardin.com\/de\/wp-json\/wp\/v2\/product_tag?post=120840"}],"curies":[{"name":"wp","href":"https:\/\/api.w.org\/{rel}","templated":true}]}}