{"id":120767,"date":"2021-05-06T08:49:38","date_gmt":"2021-05-06T06:49:38","guid":{"rendered":"https:\/\/keramamueblesdejardin.com\/unkategorisiert\/gartentisch-und-stuehle-set-6-sitzer-aluminium-braun-tokyo\/"},"modified":"2023-08-29T11:35:29","modified_gmt":"2023-08-29T09:35:29","slug":"gedeckter-tisch-und-stuhle-garten-6-sitzer-aluminium-braun-tokio","status":"publish","type":"product","link":"https:\/\/keramamueblesdejardin.com\/de\/speisesale-im-freien\/gartentisch-und-stuhlgarnitur\/gedeckter-tisch-und-stuhle-garten-6-sitzer-aluminium-braun-tokio\/","title":{"rendered":"Gartentisch und St\u00fchle Set 6-Sitzer Aluminium Braun &#8211; Tokyo"},"content":{"rendered":"<p>Dass die <strong>Sets des Tokio-Modells<\/strong> zu unserem <strong>Topseller<\/strong> geworden sind, ist kein Zufall. Das liegt daran, dass sie mit Blick auf das hergestellt werden, was f\u00fcr das \u00c4u\u00dfere wirklich notwendig ist: <strong>Komfort, Robustheit, Witterungsbest\u00e4ndigkeit und Langlebigkeit<\/strong>. Und wie wird das erreicht? Wir verwenden die besten Materialien und k\u00fcmmern uns um alle Herstellungsprozesse im Detail.<\/p>\n<p>Dieses Set aus Tisch und St\u00fchlen aus braunem Aluminium besteht aus einem <strong>ausziehbaren Tisch von 215\/135\u00d790 cm<\/strong> mit beigefarbenem geh\u00e4rtetem Glas und <strong>6 St\u00fchlen mit stapelbaren Armlehnen mit Sitz und R\u00fcckenlehne<\/strong> aus beige gepolstertem Textil.<\/p>\n<p>Schauen Sie sich unsere <a href=\"\/comedores-exterior\/conjunto-mesa-y-sillas-jardin\/\"><strong>Tisch- und Stuhlsets f\u00fcr Terrasse und Garten<\/strong> an<\/p>\n<p><\/a><\/p>\n","protected":false},"excerpt":{"rendered":"<ul>\n<li>6 stapelbare St\u00fchle aus kupferbraunem Aluminium mit dunkelsandgepolstertem Textil<\/li>\n<li>Tisch aus kupferbraunem Aluminium und beige Glasplatte mit Flechteffekt<\/li>\n<li>Tischgr\u00f6\u00dfe: 135&#215;90 cm (geschlossen) 215&#215;90 cm (ausgezogen)<\/li>\n<\/ul>\n","protected":false},"featured_media":116256,"comment_status":"closed","ping_status":"open","template":"","meta":{"_acf_changed":false},"product_brand":[],"product_cat":[3241,3238],"product_tag":[3376,3242,3377],"class_list":{"0":"post-120767","1":"product","2":"type-product","3":"status-publish","4":"has-post-thumbnail","6":"product_cat-gartentisch-und-stuhlgarnitur","7":"product_cat-speisesale-im-freien","8":"product_tag-aluminium-de","9":"product_tag-grose-raume","10":"product_tag-tokio","11":"product_shipping_class-envio-gratuito-de","12":"pa_ancho-250-de","13":"pa_asientos-6-de","14":"pa_caracteristicas-armlehne","15":"pa_caracteristicas-erweiterbar","16":"pa_caracteristicas-stapelbar","17":"pa_caracteristicas-wasserdicht","18":"pa_coleccion-osaka-de","19":"pa_coleccion-tokio","20":"pa_espacio-9-375-de","21":"pa_forma-rechteckig","22":"pa_largo-375-de","23":"pa_m2-938-de","24":"pa_material-aluminium","25":"pa_material-gehartetes-glas","26":"pa_material-textil","27":"pa_tamano-espacio-gros","29":"first","30":"instock","31":"sale","32":"purchasable","33":"product-type-simple","34":"add-to-wishlist-before_image"},"acf":[],"yoast_head":"<!-- This site is optimized with the Yoast SEO plugin v27.2 - https:\/\/yoast.com\/product\/yoast-seo-wordpress\/ -->\n<title>Gartentisch und St\u00fchle Set 6-Sitzer Aluminium Braun - Tokyo - Kerama<\/title>\n<meta name=\"robots\" content=\"index, follow, max-snippet:-1, max-image-preview:large, max-video-preview:-1\" \/>\n<link rel=\"canonical\" href=\"https:\/\/keramamueblesdejardin.com\/de\/speisesale-im-freien\/gartentisch-und-stuhlgarnitur\/gedeckter-tisch-und-stuhle-garten-6-sitzer-aluminium-braun-tokio\/\" \/>\n<meta property=\"og:locale\" content=\"de_DE\" \/>\n<meta property=\"og:type\" content=\"article\" \/>\n<meta property=\"og:title\" content=\"Gartentisch und St\u00fchle Set 6-Sitzer Aluminium Braun - Tokyo - Kerama\" \/>\n<meta property=\"og:description\" content=\"6 stapelbare St\u00fchle aus kupferbraunem Aluminium mit dunkelsandgepolstertem Textil  Tisch aus kupferbraunem Aluminium und beige Glasplatte mit Flechteffekt  Tischgr\u00f6\u00dfe: 135x90 cm (geschlossen) 215x90 cm (ausgezogen)\" \/>\n<meta property=\"og:url\" content=\"https:\/\/keramamueblesdejardin.com\/de\/speisesale-im-freien\/gartentisch-und-stuhlgarnitur\/gedeckter-tisch-und-stuhle-garten-6-sitzer-aluminium-braun-tokio\/\" \/>\n<meta property=\"og:site_name\" content=\"Kerama\" \/>\n<meta property=\"article:publisher\" content=\"https:\/\/www.facebook.com\/Kerama-Muebles-de-Jard%c3%adn-106209328312568\/\" \/>\n<meta property=\"article:modified_time\" content=\"2023-08-29T09:35:29+00:00\" \/>\n<meta property=\"og:image\" content=\"https:\/\/keramamueblesdejardin.com\/wp-content\/uploads\/2021\/05\/KMJ21175_01-scaled-e1697714144569.jpg\" \/>\n\t<meta property=\"og:image:width\" content=\"1200\" \/>\n\t<meta property=\"og:image:height\" content=\"1200\" \/>\n\t<meta property=\"og:image:type\" content=\"image\/jpeg\" \/>\n<meta name=\"twitter:card\" content=\"summary_large_image\" \/>\n<meta name=\"twitter:label1\" content=\"Gesch\u00e4tzte Lesezeit\" \/>\n\t<meta name=\"twitter:data1\" content=\"1\u00a0Minute\" \/>\n<script type=\"application\/ld+json\" class=\"yoast-schema-graph\">{\"@context\":\"https:\/\/schema.org\",\"@graph\":[{\"@type\":\"WebPage\",\"@id\":\"https:\/\/keramamueblesdejardin.com\/de\/speisesale-im-freien\/gartentisch-und-stuhlgarnitur\/gedeckter-tisch-und-stuhle-garten-6-sitzer-aluminium-braun-tokio\/\",\"url\":\"https:\/\/keramamueblesdejardin.com\/de\/speisesale-im-freien\/gartentisch-und-stuhlgarnitur\/gedeckter-tisch-und-stuhle-garten-6-sitzer-aluminium-braun-tokio\/\",\"name\":\"Gartentisch und St\u00fchle Set 6-Sitzer Aluminium Braun - Tokyo - Kerama\",\"isPartOf\":{\"@id\":\"https:\/\/keramamueblesdejardin.com\/de\/#website\"},\"primaryImageOfPage\":{\"@id\":\"https:\/\/keramamueblesdejardin.com\/de\/speisesale-im-freien\/gartentisch-und-stuhlgarnitur\/gedeckter-tisch-und-stuhle-garten-6-sitzer-aluminium-braun-tokio\/#primaryimage\"},\"image\":{\"@id\":\"https:\/\/keramamueblesdejardin.com\/de\/speisesale-im-freien\/gartentisch-und-stuhlgarnitur\/gedeckter-tisch-und-stuhle-garten-6-sitzer-aluminium-braun-tokio\/#primaryimage\"},\"thumbnailUrl\":\"https:\/\/keramamueblesdejardin.com\/wp-content\/uploads\/2021\/05\/KMJ21175_01-scaled-e1697714144569.jpg\",\"datePublished\":\"2021-05-06T06:49:38+00:00\",\"dateModified\":\"2023-08-29T09:35:29+00:00\",\"breadcrumb\":{\"@id\":\"https:\/\/keramamueblesdejardin.com\/de\/speisesale-im-freien\/gartentisch-und-stuhlgarnitur\/gedeckter-tisch-und-stuhle-garten-6-sitzer-aluminium-braun-tokio\/#breadcrumb\"},\"inLanguage\":\"de\",\"potentialAction\":[{\"@type\":\"ReadAction\",\"target\":[\"https:\/\/keramamueblesdejardin.com\/de\/speisesale-im-freien\/gartentisch-und-stuhlgarnitur\/gedeckter-tisch-und-stuhle-garten-6-sitzer-aluminium-braun-tokio\/\"]}]},{\"@type\":\"ImageObject\",\"inLanguage\":\"de\",\"@id\":\"https:\/\/keramamueblesdejardin.com\/de\/speisesale-im-freien\/gartentisch-und-stuhlgarnitur\/gedeckter-tisch-und-stuhle-garten-6-sitzer-aluminium-braun-tokio\/#primaryimage\",\"url\":\"https:\/\/keramamueblesdejardin.com\/wp-content\/uploads\/2021\/05\/KMJ21175_01-scaled-e1697714144569.jpg\",\"contentUrl\":\"https:\/\/keramamueblesdejardin.com\/wp-content\/uploads\/2021\/05\/KMJ21175_01-scaled-e1697714144569.jpg\",\"width\":1200,\"height\":1200},{\"@type\":\"BreadcrumbList\",\"@id\":\"https:\/\/keramamueblesdejardin.com\/de\/speisesale-im-freien\/gartentisch-und-stuhlgarnitur\/gedeckter-tisch-und-stuhle-garten-6-sitzer-aluminium-braun-tokio\/#breadcrumb\",\"itemListElement\":[{\"@type\":\"ListItem\",\"position\":1,\"name\":\"Home\",\"item\":\"https:\/\/keramamueblesdejardin.com\/de\/\"},{\"@type\":\"ListItem\",\"position\":2,\"name\":\"Laden\",\"item\":\"https:\/\/keramamueblesdejardin.com\/de\/laden\/\"},{\"@type\":\"ListItem\",\"position\":3,\"name\":\"Speises\u00e4le im Freien\",\"item\":\"https:\/\/keramamueblesdejardin.com\/de\/speisesale-im-freien\/\"},{\"@type\":\"ListItem\",\"position\":4,\"name\":\"Gartentisch- und Stuhlgarnitur\",\"item\":\"https:\/\/keramamueblesdejardin.com\/de\/speisesale-im-freien\/gartentisch-und-stuhlgarnitur\/\"},{\"@type\":\"ListItem\",\"position\":5,\"name\":\"Gartentisch und St\u00fchle Set 6-Sitzer Aluminium Braun &#8211; Tokyo\"}]},{\"@type\":\"WebSite\",\"@id\":\"https:\/\/keramamueblesdejardin.com\/de\/#website\",\"url\":\"https:\/\/keramamueblesdejardin.com\/de\/\",\"name\":\"Kerama\",\"description\":\"muebles de jard\u00edn\",\"publisher\":{\"@id\":\"https:\/\/keramamueblesdejardin.com\/de\/#organization\"},\"potentialAction\":[{\"@type\":\"SearchAction\",\"target\":{\"@type\":\"EntryPoint\",\"urlTemplate\":\"https:\/\/keramamueblesdejardin.com\/de\/?s={search_term_string}\"},\"query-input\":{\"@type\":\"PropertyValueSpecification\",\"valueRequired\":true,\"valueName\":\"search_term_string\"}}],\"inLanguage\":\"de\"},{\"@type\":\"Organization\",\"@id\":\"https:\/\/keramamueblesdejardin.com\/de\/#organization\",\"name\":\"kerama\",\"url\":\"https:\/\/keramamueblesdejardin.com\/de\/\",\"logo\":{\"@type\":\"ImageObject\",\"inLanguage\":\"de\",\"@id\":\"https:\/\/keramamueblesdejardin.com\/de\/#\/schema\/logo\/image\/\",\"url\":\"https:\/\/keramamueblesdejardin.com\/wp-content\/uploads\/2020\/12\/k.-scaled.jpg\",\"contentUrl\":\"https:\/\/keramamueblesdejardin.com\/wp-content\/uploads\/2020\/12\/k.-scaled.jpg\",\"width\":2560,\"height\":551,\"caption\":\"kerama\"},\"image\":{\"@id\":\"https:\/\/keramamueblesdejardin.com\/de\/#\/schema\/logo\/image\/\"},\"sameAs\":[\"https:\/\/www.facebook.com\/Kerama-Muebles-de-Jard\u00edn-106209328312568\/\"]}]}<\/script>\n<!-- \/ Yoast SEO plugin. -->","yoast_head_json":{"title":"Gartentisch und St\u00fchle Set 6-Sitzer Aluminium Braun - Tokyo - Kerama","robots":{"index":"index","follow":"follow","max-snippet":"max-snippet:-1","max-image-preview":"max-image-preview:large","max-video-preview":"max-video-preview:-1"},"canonical":"https:\/\/keramamueblesdejardin.com\/de\/speisesale-im-freien\/gartentisch-und-stuhlgarnitur\/gedeckter-tisch-und-stuhle-garten-6-sitzer-aluminium-braun-tokio\/","og_locale":"de_DE","og_type":"article","og_title":"Gartentisch und St\u00fchle Set 6-Sitzer Aluminium Braun - Tokyo - Kerama","og_description":"6 stapelbare St\u00fchle aus kupferbraunem Aluminium mit dunkelsandgepolstertem Textil  Tisch aus kupferbraunem Aluminium und beige Glasplatte mit Flechteffekt  Tischgr\u00f6\u00dfe: 135x90 cm (geschlossen) 215x90 cm (ausgezogen)","og_url":"https:\/\/keramamueblesdejardin.com\/de\/speisesale-im-freien\/gartentisch-und-stuhlgarnitur\/gedeckter-tisch-und-stuhle-garten-6-sitzer-aluminium-braun-tokio\/","og_site_name":"Kerama","article_publisher":"https:\/\/www.facebook.com\/Kerama-Muebles-de-Jard%c3%adn-106209328312568\/","article_modified_time":"2023-08-29T09:35:29+00:00","og_image":[{"width":1200,"height":1200,"url":"https:\/\/keramamueblesdejardin.com\/wp-content\/uploads\/2021\/05\/KMJ21175_01-scaled-e1697714144569.jpg","type":"image\/jpeg"}],"twitter_card":"summary_large_image","twitter_misc":{"Gesch\u00e4tzte Lesezeit":"1\u00a0Minute"},"schema":{"@context":"https:\/\/schema.org","@graph":[{"@type":"WebPage","@id":"https:\/\/keramamueblesdejardin.com\/de\/speisesale-im-freien\/gartentisch-und-stuhlgarnitur\/gedeckter-tisch-und-stuhle-garten-6-sitzer-aluminium-braun-tokio\/","url":"https:\/\/keramamueblesdejardin.com\/de\/speisesale-im-freien\/gartentisch-und-stuhlgarnitur\/gedeckter-tisch-und-stuhle-garten-6-sitzer-aluminium-braun-tokio\/","name":"Gartentisch und St\u00fchle Set 6-Sitzer Aluminium Braun - Tokyo - Kerama","isPartOf":{"@id":"https:\/\/keramamueblesdejardin.com\/de\/#website"},"primaryImageOfPage":{"@id":"https:\/\/keramamueblesdejardin.com\/de\/speisesale-im-freien\/gartentisch-und-stuhlgarnitur\/gedeckter-tisch-und-stuhle-garten-6-sitzer-aluminium-braun-tokio\/#primaryimage"},"image":{"@id":"https:\/\/keramamueblesdejardin.com\/de\/speisesale-im-freien\/gartentisch-und-stuhlgarnitur\/gedeckter-tisch-und-stuhle-garten-6-sitzer-aluminium-braun-tokio\/#primaryimage"},"thumbnailUrl":"https:\/\/keramamueblesdejardin.com\/wp-content\/uploads\/2021\/05\/KMJ21175_01-scaled-e1697714144569.jpg","datePublished":"2021-05-06T06:49:38+00:00","dateModified":"2023-08-29T09:35:29+00:00","breadcrumb":{"@id":"https:\/\/keramamueblesdejardin.com\/de\/speisesale-im-freien\/gartentisch-und-stuhlgarnitur\/gedeckter-tisch-und-stuhle-garten-6-sitzer-aluminium-braun-tokio\/#breadcrumb"},"inLanguage":"de","potentialAction":[{"@type":"ReadAction","target":["https:\/\/keramamueblesdejardin.com\/de\/speisesale-im-freien\/gartentisch-und-stuhlgarnitur\/gedeckter-tisch-und-stuhle-garten-6-sitzer-aluminium-braun-tokio\/"]}]},{"@type":"ImageObject","inLanguage":"de","@id":"https:\/\/keramamueblesdejardin.com\/de\/speisesale-im-freien\/gartentisch-und-stuhlgarnitur\/gedeckter-tisch-und-stuhle-garten-6-sitzer-aluminium-braun-tokio\/#primaryimage","url":"https:\/\/keramamueblesdejardin.com\/wp-content\/uploads\/2021\/05\/KMJ21175_01-scaled-e1697714144569.jpg","contentUrl":"https:\/\/keramamueblesdejardin.com\/wp-content\/uploads\/2021\/05\/KMJ21175_01-scaled-e1697714144569.jpg","width":1200,"height":1200},{"@type":"BreadcrumbList","@id":"https:\/\/keramamueblesdejardin.com\/de\/speisesale-im-freien\/gartentisch-und-stuhlgarnitur\/gedeckter-tisch-und-stuhle-garten-6-sitzer-aluminium-braun-tokio\/#breadcrumb","itemListElement":[{"@type":"ListItem","position":1,"name":"Home","item":"https:\/\/keramamueblesdejardin.com\/de\/"},{"@type":"ListItem","position":2,"name":"Laden","item":"https:\/\/keramamueblesdejardin.com\/de\/laden\/"},{"@type":"ListItem","position":3,"name":"Speises\u00e4le im Freien","item":"https:\/\/keramamueblesdejardin.com\/de\/speisesale-im-freien\/"},{"@type":"ListItem","position":4,"name":"Gartentisch- und Stuhlgarnitur","item":"https:\/\/keramamueblesdejardin.com\/de\/speisesale-im-freien\/gartentisch-und-stuhlgarnitur\/"},{"@type":"ListItem","position":5,"name":"Gartentisch und St\u00fchle Set 6-Sitzer Aluminium Braun &#8211; Tokyo"}]},{"@type":"WebSite","@id":"https:\/\/keramamueblesdejardin.com\/de\/#website","url":"https:\/\/keramamueblesdejardin.com\/de\/","name":"Kerama","description":"muebles de jard\u00edn","publisher":{"@id":"https:\/\/keramamueblesdejardin.com\/de\/#organization"},"potentialAction":[{"@type":"SearchAction","target":{"@type":"EntryPoint","urlTemplate":"https:\/\/keramamueblesdejardin.com\/de\/?s={search_term_string}"},"query-input":{"@type":"PropertyValueSpecification","valueRequired":true,"valueName":"search_term_string"}}],"inLanguage":"de"},{"@type":"Organization","@id":"https:\/\/keramamueblesdejardin.com\/de\/#organization","name":"kerama","url":"https:\/\/keramamueblesdejardin.com\/de\/","logo":{"@type":"ImageObject","inLanguage":"de","@id":"https:\/\/keramamueblesdejardin.com\/de\/#\/schema\/logo\/image\/","url":"https:\/\/keramamueblesdejardin.com\/wp-content\/uploads\/2020\/12\/k.-scaled.jpg","contentUrl":"https:\/\/keramamueblesdejardin.com\/wp-content\/uploads\/2020\/12\/k.-scaled.jpg","width":2560,"height":551,"caption":"kerama"},"image":{"@id":"https:\/\/keramamueblesdejardin.com\/de\/#\/schema\/logo\/image\/"},"sameAs":["https:\/\/www.facebook.com\/Kerama-Muebles-de-Jard\u00edn-106209328312568\/"]}]}},"df_price":899,"df_sale_price":899,"df_regular_price":1104,"df_image_link":"https:\/\/keramamueblesdejardin.com\/wp-content\/uploads\/2021\/05\/KMJ21175_01-300x300.jpg","custom_tabs":[{"title":"MESSUNG","id":"messung","content":"H\u00f6he: Stuhl 90 cm \/ Tisch 75 cm\n<strong>Breit:<\/strong> Stuhl 60 cm \/ Tisch 90 cm\n<strong>Unteres:<\/strong> Stuhl 57 cm \/ Tisch 135 cm ( nicht ausgezogen ) 215 cm ( ausgezogen )\n<strong>Produktgewicht:<\/strong> Stuhl 3 kg \/ Tisch 33,7 kg\n<strong>Sitzh\u00f6he:<\/strong> 37,5 cm\n<strong>Sitztiefe:<\/strong> 47 cm"},{"title":"AUSPACKEN UND MONTIEREN","id":"auspacken-und-montieren","content":"Empfehlungen zum Auspacken: Verwenden Sie beim Auspacken der M\u00f6bel keine scharfen Utensilien, da dies zu Besch\u00e4digungen f\u00fchren kann\nMontage erforderlich (ja\/nein): Ja\nSchwierigkeitsgrad der Montage: Niedrig\nMontagezeit: 20 Minuten\nEmpfohlene Personen f\u00fcr die Montage: 2\n<strong>Montagevorschl\u00e4ge:<\/strong> Bereiten Sie einen sauberen und trockenen Montagebereich vor und stellen Sie sicher, dass keines der im Handbuch angegebenen Teile fehlt. Wir empfehlen das Tragen von Montagehandschuhen. Verwenden Sie nur die mitgelieferten Teile und Hardware. Wir empfehlen NICHT den Kauf mit Montageoption f\u00fcr diesen Artikel, da der Montageschwierigkeitsgrad sehr gering ist."},{"title":"WARTUNG UND GARANTIEN","id":"wartung-und-garantien","content":"<div class=\"moz-signature\">\n<div class=\"list\"><strong>Allgemeine Empfehlungen:<\/strong>\n\u2022 Pannen oder Sch\u00e4den, die verursacht werden durch:\n\u2022 Zuf\u00e4llige Ursachen wie St\u00fcrze, Schl\u00e4ge, Versch\u00fctten von Fl\u00fcssigkeiten, Einschleppen von Fremdk\u00f6rpern sowie andere h\u00f6here Gewalt.\n\u2022 Fahrl\u00e4ssiger, unsachgem\u00e4\u00dfer oder nicht h\u00e4uslicher Gebrauch.\n\u2022 Besch\u00e4digung, Korrosion und\/oder Oxidation beschleunigt durch widrige Umweltbedingungen\n\u2022 Flecken und Verf\u00e4rbungen durch Nichtbeachtung unserer Reinigungsanweisungen\n\u2022 Sch\u00e4den, die w\u00e4hrend der Montage und Handhabung auftreten, ohne die angegebenen Montageanweisungen befolgt zu haben.\n<strong>Gebrauchs- und Wartungshinweise:<\/strong>\n\u2022 Reinigen Sie mit Hilfe eines Tuchs vorsichtig oder verwenden Sie eine neutrale Fl\u00fcssigseife und sp\u00fclen Sie sie mit viel Wasser ab.\n\u2022 Entfernen Sie Staub regelm\u00e4\u00dfig mit Hilfe eines weichen Tuchs und klarem Wasser.\n\u2022 Verwenden Sie zum Reinigen keine Reinigungsmittel oder Scheuermittel.\nJahre <strong>Garantie: 3 Jahre<\/strong>\n<strong>Hergestellt nach Norm:<\/strong> 581-1.581-2.581-3<\/div>\n<\/div>"}],"_links":{"self":[{"href":"https:\/\/keramamueblesdejardin.com\/de\/wp-json\/wp\/v2\/product\/120767","targetHints":{"allow":["GET"]}}],"collection":[{"href":"https:\/\/keramamueblesdejardin.com\/de\/wp-json\/wp\/v2\/product"}],"about":[{"href":"https:\/\/keramamueblesdejardin.com\/de\/wp-json\/wp\/v2\/types\/product"}],"replies":[{"embeddable":true,"href":"https:\/\/keramamueblesdejardin.com\/de\/wp-json\/wp\/v2\/comments?post=120767"}],"wp:featuredmedia":[{"embeddable":true,"href":"https:\/\/keramamueblesdejardin.com\/de\/wp-json\/wp\/v2\/media\/116256"}],"wp:attachment":[{"href":"https:\/\/keramamueblesdejardin.com\/de\/wp-json\/wp\/v2\/media?parent=120767"}],"wp:term":[{"taxonomy":"product_brand","embeddable":true,"href":"https:\/\/keramamueblesdejardin.com\/de\/wp-json\/wp\/v2\/product_brand?post=120767"},{"taxonomy":"product_cat","embeddable":true,"href":"https:\/\/keramamueblesdejardin.com\/de\/wp-json\/wp\/v2\/product_cat?post=120767"},{"taxonomy":"product_tag","embeddable":true,"href":"https:\/\/keramamueblesdejardin.com\/de\/wp-json\/wp\/v2\/product_tag?post=120767"}],"curies":[{"name":"wp","href":"https:\/\/api.w.org\/{rel}","templated":true}]}}