{"id":120662,"date":"2021-05-06T08:49:24","date_gmt":"2021-05-06T06:49:24","guid":{"rendered":"https:\/\/keramamueblesdejardin.com\/unkategorisiert\/gartenset-aus-synthetischem-rattan-und-stahltisch-6-sessel-verona\/"},"modified":"2023-08-29T10:50:12","modified_gmt":"2023-08-29T08:50:12","slug":"garten-set-ratan-kunststoff-und-stahl-tisch-6-sessel-verona","status":"publish","type":"product","link":"https:\/\/keramamueblesdejardin.com\/de\/speisesale-im-freien\/gartentisch-und-stuhlgarnitur\/garten-set-ratan-kunststoff-und-stahl-tisch-6-sessel-verona\/","title":{"rendered":"Gartenset aus synthetischem Rattan und Stahltisch + 6 Sessel &#8211; Verona"},"content":{"rendered":"<p><span style=\"font-weight: 400;\">Die <strong>Essgruppe f\u00fcr Garten oder Terrasse Verona<\/strong> besteht aus Stahl, der mit synthetischem Rattan in <\/span><b>Sandfarbe \u00fcberzogen<\/b> ist<span style=\"font-weight: 400;\">.<\/span><\/p>\n<p><span style=\"font-weight: 400;\">Das Set besteht aus einem Tisch mit transparenter Glasplatte und 6 <\/span><b>stapelbaren St\u00fchlen<\/b>, <span style=\"font-weight: 400;\"> die bei der Aufbewahrung platzsparend sind. <\/span> <span style=\"font-weight: 400;\">Die <\/span><b>Kissen sind abnehmbar<\/b>, um <span style=\"font-weight: 400;\"> leicht gereinigt zu werden, und sind dank der Details der Gurte gut am Stuhl befestigt.<\/span><\/p>\n<p><span style=\"font-weight: 400;\">Sie k\u00f6nnen <\/span><b>dieses Set mit den verschiedenen Elementen kombinieren, aus denen das <a href=\"https:\/\/keramamueblesdejardin.com\/etiqueta\/verona\/\" target=\"_blank\" rel=\"noopener\">Modell Verona<\/a> besteht<\/b><span style=\"font-weight: 400;\">.<\/span><\/p>\n<p><span style=\"font-weight: 400;\">Schauen Sie sich unsere <\/span><a href=\"https:\/\/keramamueblesdejardin.com\/comedores-exterior\/conjunto-mesa-y-sillas-jardin\/\" target=\"_blank\" rel=\"noopener\"><br \/>\n  <b>Sets von Tischen und St\u00fchlen<\/b><br \/>\n  <b> f\u00fcr Garten oder Terrasse an<\/b><br \/>\n<\/a><span style=\"font-weight: 400;\">.<\/span><\/p>\n","protected":false},"excerpt":{"rendered":"<ul>\n<li>Stahlstruktur und synthetisches Rattanimitat in nat\u00fcrlicher Imitation<\/li>\n<li>6 stapelbare St\u00fchle + Tisch mit transparenter Glasplatte<\/li>\n<li>Kissen unummantelt, sandfarben mit Streifen zum Halten<\/li>\n<li>Sie k\u00f6nnen es mit anderen Elementen der Verona-Familie kombinieren<\/li>\n<\/ul>\n","protected":false},"featured_media":120667,"comment_status":"closed","ping_status":"open","template":"","meta":{"_acf_changed":false},"product_brand":[],"product_cat":[3241,3238],"product_tag":[3242,3284,3587,3283],"class_list":{"0":"post-120662","1":"product","2":"type-product","3":"status-publish","4":"has-post-thumbnail","6":"product_cat-gartentisch-und-stuhlgarnitur","7":"product_cat-speisesale-im-freien","8":"product_tag-grose-raume","9":"product_tag-rattan-de","10":"product_tag-rattan-gartenset","11":"product_tag-verona-de","12":"product_shipping_class-envio-gratuito-de","13":"pa_asientos-6-de","14":"pa_caracteristicas-waschbare-bezuge","15":"pa_coleccion-verona-de","16":"pa_espacio-7-75-de","17":"pa_material-rattan-de","18":"pa_material-stahl","19":"pa_tamano-espacio-gros","21":"first","22":"instock","23":"sale","24":"purchasable","25":"product-type-simple","26":"add-to-wishlist-before_image"},"acf":[],"yoast_head":"<!-- This site is optimized with the Yoast SEO plugin v27.2 - https:\/\/yoast.com\/product\/yoast-seo-wordpress\/ -->\n<title>Gartenset aus synthetischem Rattan und Stahltisch + 6 Sessel - Verona - Kerama<\/title>\n<meta name=\"robots\" content=\"index, follow, max-snippet:-1, max-image-preview:large, max-video-preview:-1\" \/>\n<link rel=\"canonical\" href=\"https:\/\/keramamueblesdejardin.com\/de\/speisesale-im-freien\/gartentisch-und-stuhlgarnitur\/garten-set-ratan-kunststoff-und-stahl-tisch-6-sessel-verona\/\" \/>\n<meta property=\"og:locale\" content=\"de_DE\" \/>\n<meta property=\"og:type\" content=\"article\" \/>\n<meta property=\"og:title\" content=\"Gartenset aus synthetischem Rattan und Stahltisch + 6 Sessel - Verona - Kerama\" \/>\n<meta property=\"og:description\" content=\"Stahlstruktur und synthetisches Rattanimitat in nat\u00fcrlicher Imitation  6 stapelbare St\u00fchle + Tisch mit transparenter Glasplatte  Kissen unummantelt, sandfarben mit Streifen zum Halten  Sie k\u00f6nnen es mit anderen Elementen der Verona-Familie kombinieren\" \/>\n<meta property=\"og:url\" content=\"https:\/\/keramamueblesdejardin.com\/de\/speisesale-im-freien\/gartentisch-und-stuhlgarnitur\/garten-set-ratan-kunststoff-und-stahl-tisch-6-sessel-verona\/\" \/>\n<meta property=\"og:site_name\" content=\"Kerama\" \/>\n<meta property=\"article:publisher\" content=\"https:\/\/www.facebook.com\/Kerama-Muebles-de-Jard%c3%adn-106209328312568\/\" \/>\n<meta property=\"article:modified_time\" content=\"2023-08-29T08:50:12+00:00\" \/>\n<meta property=\"og:image\" content=\"https:\/\/keramamueblesdejardin.com\/wp-content\/uploads\/2021\/05\/KMJ21114_01-scaled-1-e1697451259639.jpg\" \/>\n\t<meta property=\"og:image:width\" content=\"1200\" \/>\n\t<meta property=\"og:image:height\" content=\"1200\" \/>\n\t<meta property=\"og:image:type\" content=\"image\/jpeg\" \/>\n<meta name=\"twitter:card\" content=\"summary_large_image\" \/>\n<script type=\"application\/ld+json\" class=\"yoast-schema-graph\">{\"@context\":\"https:\/\/schema.org\",\"@graph\":[{\"@type\":\"WebPage\",\"@id\":\"https:\/\/keramamueblesdejardin.com\/de\/speisesale-im-freien\/gartentisch-und-stuhlgarnitur\/garten-set-ratan-kunststoff-und-stahl-tisch-6-sessel-verona\/\",\"url\":\"https:\/\/keramamueblesdejardin.com\/de\/speisesale-im-freien\/gartentisch-und-stuhlgarnitur\/garten-set-ratan-kunststoff-und-stahl-tisch-6-sessel-verona\/\",\"name\":\"Gartenset aus synthetischem Rattan und Stahltisch + 6 Sessel - Verona - Kerama\",\"isPartOf\":{\"@id\":\"https:\/\/keramamueblesdejardin.com\/de\/#website\"},\"primaryImageOfPage\":{\"@id\":\"https:\/\/keramamueblesdejardin.com\/de\/speisesale-im-freien\/gartentisch-und-stuhlgarnitur\/garten-set-ratan-kunststoff-und-stahl-tisch-6-sessel-verona\/#primaryimage\"},\"image\":{\"@id\":\"https:\/\/keramamueblesdejardin.com\/de\/speisesale-im-freien\/gartentisch-und-stuhlgarnitur\/garten-set-ratan-kunststoff-und-stahl-tisch-6-sessel-verona\/#primaryimage\"},\"thumbnailUrl\":\"https:\/\/keramamueblesdejardin.com\/wp-content\/uploads\/2021\/05\/KMJ21114_01-scaled-1-e1697451259639.jpg\",\"datePublished\":\"2021-05-06T06:49:24+00:00\",\"dateModified\":\"2023-08-29T08:50:12+00:00\",\"breadcrumb\":{\"@id\":\"https:\/\/keramamueblesdejardin.com\/de\/speisesale-im-freien\/gartentisch-und-stuhlgarnitur\/garten-set-ratan-kunststoff-und-stahl-tisch-6-sessel-verona\/#breadcrumb\"},\"inLanguage\":\"de\",\"potentialAction\":[{\"@type\":\"ReadAction\",\"target\":[\"https:\/\/keramamueblesdejardin.com\/de\/speisesale-im-freien\/gartentisch-und-stuhlgarnitur\/garten-set-ratan-kunststoff-und-stahl-tisch-6-sessel-verona\/\"]}]},{\"@type\":\"ImageObject\",\"inLanguage\":\"de\",\"@id\":\"https:\/\/keramamueblesdejardin.com\/de\/speisesale-im-freien\/gartentisch-und-stuhlgarnitur\/garten-set-ratan-kunststoff-und-stahl-tisch-6-sessel-verona\/#primaryimage\",\"url\":\"https:\/\/keramamueblesdejardin.com\/wp-content\/uploads\/2021\/05\/KMJ21114_01-scaled-1-e1697451259639.jpg\",\"contentUrl\":\"https:\/\/keramamueblesdejardin.com\/wp-content\/uploads\/2021\/05\/KMJ21114_01-scaled-1-e1697451259639.jpg\",\"width\":1200,\"height\":1200},{\"@type\":\"BreadcrumbList\",\"@id\":\"https:\/\/keramamueblesdejardin.com\/de\/speisesale-im-freien\/gartentisch-und-stuhlgarnitur\/garten-set-ratan-kunststoff-und-stahl-tisch-6-sessel-verona\/#breadcrumb\",\"itemListElement\":[{\"@type\":\"ListItem\",\"position\":1,\"name\":\"Home\",\"item\":\"https:\/\/keramamueblesdejardin.com\/de\/\"},{\"@type\":\"ListItem\",\"position\":2,\"name\":\"Laden\",\"item\":\"https:\/\/keramamueblesdejardin.com\/de\/laden\/\"},{\"@type\":\"ListItem\",\"position\":3,\"name\":\"Speises\u00e4le im Freien\",\"item\":\"https:\/\/keramamueblesdejardin.com\/de\/speisesale-im-freien\/\"},{\"@type\":\"ListItem\",\"position\":4,\"name\":\"Gartentisch- und Stuhlgarnitur\",\"item\":\"https:\/\/keramamueblesdejardin.com\/de\/speisesale-im-freien\/gartentisch-und-stuhlgarnitur\/\"},{\"@type\":\"ListItem\",\"position\":5,\"name\":\"Gartenset aus synthetischem Rattan und Stahltisch + 6 Sessel &#8211; Verona\"}]},{\"@type\":\"WebSite\",\"@id\":\"https:\/\/keramamueblesdejardin.com\/de\/#website\",\"url\":\"https:\/\/keramamueblesdejardin.com\/de\/\",\"name\":\"Kerama\",\"description\":\"muebles de jard\u00edn\",\"publisher\":{\"@id\":\"https:\/\/keramamueblesdejardin.com\/de\/#organization\"},\"potentialAction\":[{\"@type\":\"SearchAction\",\"target\":{\"@type\":\"EntryPoint\",\"urlTemplate\":\"https:\/\/keramamueblesdejardin.com\/de\/?s={search_term_string}\"},\"query-input\":{\"@type\":\"PropertyValueSpecification\",\"valueRequired\":true,\"valueName\":\"search_term_string\"}}],\"inLanguage\":\"de\"},{\"@type\":\"Organization\",\"@id\":\"https:\/\/keramamueblesdejardin.com\/de\/#organization\",\"name\":\"kerama\",\"url\":\"https:\/\/keramamueblesdejardin.com\/de\/\",\"logo\":{\"@type\":\"ImageObject\",\"inLanguage\":\"de\",\"@id\":\"https:\/\/keramamueblesdejardin.com\/de\/#\/schema\/logo\/image\/\",\"url\":\"https:\/\/keramamueblesdejardin.com\/wp-content\/uploads\/2020\/12\/k.-scaled.jpg\",\"contentUrl\":\"https:\/\/keramamueblesdejardin.com\/wp-content\/uploads\/2020\/12\/k.-scaled.jpg\",\"width\":2560,\"height\":551,\"caption\":\"kerama\"},\"image\":{\"@id\":\"https:\/\/keramamueblesdejardin.com\/de\/#\/schema\/logo\/image\/\"},\"sameAs\":[\"https:\/\/www.facebook.com\/Kerama-Muebles-de-Jard\u00edn-106209328312568\/\"]}]}<\/script>\n<!-- \/ Yoast SEO plugin. -->","yoast_head_json":{"title":"Gartenset aus synthetischem Rattan und Stahltisch + 6 Sessel - Verona - Kerama","robots":{"index":"index","follow":"follow","max-snippet":"max-snippet:-1","max-image-preview":"max-image-preview:large","max-video-preview":"max-video-preview:-1"},"canonical":"https:\/\/keramamueblesdejardin.com\/de\/speisesale-im-freien\/gartentisch-und-stuhlgarnitur\/garten-set-ratan-kunststoff-und-stahl-tisch-6-sessel-verona\/","og_locale":"de_DE","og_type":"article","og_title":"Gartenset aus synthetischem Rattan und Stahltisch + 6 Sessel - Verona - Kerama","og_description":"Stahlstruktur und synthetisches Rattanimitat in nat\u00fcrlicher Imitation  6 stapelbare St\u00fchle + Tisch mit transparenter Glasplatte  Kissen unummantelt, sandfarben mit Streifen zum Halten  Sie k\u00f6nnen es mit anderen Elementen der Verona-Familie kombinieren","og_url":"https:\/\/keramamueblesdejardin.com\/de\/speisesale-im-freien\/gartentisch-und-stuhlgarnitur\/garten-set-ratan-kunststoff-und-stahl-tisch-6-sessel-verona\/","og_site_name":"Kerama","article_publisher":"https:\/\/www.facebook.com\/Kerama-Muebles-de-Jard%c3%adn-106209328312568\/","article_modified_time":"2023-08-29T08:50:12+00:00","og_image":[{"width":1200,"height":1200,"url":"https:\/\/keramamueblesdejardin.com\/wp-content\/uploads\/2021\/05\/KMJ21114_01-scaled-1-e1697451259639.jpg","type":"image\/jpeg"}],"twitter_card":"summary_large_image","schema":{"@context":"https:\/\/schema.org","@graph":[{"@type":"WebPage","@id":"https:\/\/keramamueblesdejardin.com\/de\/speisesale-im-freien\/gartentisch-und-stuhlgarnitur\/garten-set-ratan-kunststoff-und-stahl-tisch-6-sessel-verona\/","url":"https:\/\/keramamueblesdejardin.com\/de\/speisesale-im-freien\/gartentisch-und-stuhlgarnitur\/garten-set-ratan-kunststoff-und-stahl-tisch-6-sessel-verona\/","name":"Gartenset aus synthetischem Rattan und Stahltisch + 6 Sessel - Verona - Kerama","isPartOf":{"@id":"https:\/\/keramamueblesdejardin.com\/de\/#website"},"primaryImageOfPage":{"@id":"https:\/\/keramamueblesdejardin.com\/de\/speisesale-im-freien\/gartentisch-und-stuhlgarnitur\/garten-set-ratan-kunststoff-und-stahl-tisch-6-sessel-verona\/#primaryimage"},"image":{"@id":"https:\/\/keramamueblesdejardin.com\/de\/speisesale-im-freien\/gartentisch-und-stuhlgarnitur\/garten-set-ratan-kunststoff-und-stahl-tisch-6-sessel-verona\/#primaryimage"},"thumbnailUrl":"https:\/\/keramamueblesdejardin.com\/wp-content\/uploads\/2021\/05\/KMJ21114_01-scaled-1-e1697451259639.jpg","datePublished":"2021-05-06T06:49:24+00:00","dateModified":"2023-08-29T08:50:12+00:00","breadcrumb":{"@id":"https:\/\/keramamueblesdejardin.com\/de\/speisesale-im-freien\/gartentisch-und-stuhlgarnitur\/garten-set-ratan-kunststoff-und-stahl-tisch-6-sessel-verona\/#breadcrumb"},"inLanguage":"de","potentialAction":[{"@type":"ReadAction","target":["https:\/\/keramamueblesdejardin.com\/de\/speisesale-im-freien\/gartentisch-und-stuhlgarnitur\/garten-set-ratan-kunststoff-und-stahl-tisch-6-sessel-verona\/"]}]},{"@type":"ImageObject","inLanguage":"de","@id":"https:\/\/keramamueblesdejardin.com\/de\/speisesale-im-freien\/gartentisch-und-stuhlgarnitur\/garten-set-ratan-kunststoff-und-stahl-tisch-6-sessel-verona\/#primaryimage","url":"https:\/\/keramamueblesdejardin.com\/wp-content\/uploads\/2021\/05\/KMJ21114_01-scaled-1-e1697451259639.jpg","contentUrl":"https:\/\/keramamueblesdejardin.com\/wp-content\/uploads\/2021\/05\/KMJ21114_01-scaled-1-e1697451259639.jpg","width":1200,"height":1200},{"@type":"BreadcrumbList","@id":"https:\/\/keramamueblesdejardin.com\/de\/speisesale-im-freien\/gartentisch-und-stuhlgarnitur\/garten-set-ratan-kunststoff-und-stahl-tisch-6-sessel-verona\/#breadcrumb","itemListElement":[{"@type":"ListItem","position":1,"name":"Home","item":"https:\/\/keramamueblesdejardin.com\/de\/"},{"@type":"ListItem","position":2,"name":"Laden","item":"https:\/\/keramamueblesdejardin.com\/de\/laden\/"},{"@type":"ListItem","position":3,"name":"Speises\u00e4le im Freien","item":"https:\/\/keramamueblesdejardin.com\/de\/speisesale-im-freien\/"},{"@type":"ListItem","position":4,"name":"Gartentisch- und Stuhlgarnitur","item":"https:\/\/keramamueblesdejardin.com\/de\/speisesale-im-freien\/gartentisch-und-stuhlgarnitur\/"},{"@type":"ListItem","position":5,"name":"Gartenset aus synthetischem Rattan und Stahltisch + 6 Sessel &#8211; Verona"}]},{"@type":"WebSite","@id":"https:\/\/keramamueblesdejardin.com\/de\/#website","url":"https:\/\/keramamueblesdejardin.com\/de\/","name":"Kerama","description":"muebles de jard\u00edn","publisher":{"@id":"https:\/\/keramamueblesdejardin.com\/de\/#organization"},"potentialAction":[{"@type":"SearchAction","target":{"@type":"EntryPoint","urlTemplate":"https:\/\/keramamueblesdejardin.com\/de\/?s={search_term_string}"},"query-input":{"@type":"PropertyValueSpecification","valueRequired":true,"valueName":"search_term_string"}}],"inLanguage":"de"},{"@type":"Organization","@id":"https:\/\/keramamueblesdejardin.com\/de\/#organization","name":"kerama","url":"https:\/\/keramamueblesdejardin.com\/de\/","logo":{"@type":"ImageObject","inLanguage":"de","@id":"https:\/\/keramamueblesdejardin.com\/de\/#\/schema\/logo\/image\/","url":"https:\/\/keramamueblesdejardin.com\/wp-content\/uploads\/2020\/12\/k.-scaled.jpg","contentUrl":"https:\/\/keramamueblesdejardin.com\/wp-content\/uploads\/2020\/12\/k.-scaled.jpg","width":2560,"height":551,"caption":"kerama"},"image":{"@id":"https:\/\/keramamueblesdejardin.com\/de\/#\/schema\/logo\/image\/"},"sameAs":["https:\/\/www.facebook.com\/Kerama-Muebles-de-Jard\u00edn-106209328312568\/"]}]}},"df_price":829,"df_sale_price":829,"df_regular_price":1013,"df_image_link":"https:\/\/keramamueblesdejardin.com\/wp-content\/uploads\/2021\/05\/KMJ21114_01-scaled-1-300x300.jpg","custom_tabs":[{"title":"MESSUNG","id":"messung","content":"<strong>Hoch:<\/strong> Tisch 76 cm \/ St\u00fchle 94 cm\n<strong>Breit:<\/strong> Tisch 90 cm \/ St\u00fchle 56 cm\nL\u00e4nge: Tisch 150 cm \/ St\u00fchle 65 cm\n<strong>Produktgewicht:<\/strong> Tisch 28 kg \/ Stuhl 4,8 kg\n<strong>Sitzh\u00f6he: <\/strong>47cm\n<strong>Sitztiefe: <\/strong>52cm"},{"title":"AUSPACKEN UND MONTIEREN","id":"auspacken-und-montieren","content":"Empfehlungen zum Auspacken: Verwenden Sie beim Auspacken der M\u00f6bel keine scharfen Utensilien, da dies zu Besch\u00e4digungen f\u00fchren kann\nMontage erforderlich (ja\/nein): Ja\nSchwierigkeitsgrad der Montage: Niedrig\nMontagezeit: 30 Minuten\nEmpfohlene Personen f\u00fcr die Montage: 2\n<strong>Montagevorschl\u00e4ge:<\/strong> Bereiten Sie einen sauberen und trockenen Montagebereich vor und stellen Sie sicher, dass keines der im Handbuch angegebenen Teile fehlt. Wir empfehlen das Tragen von Montagehandschuhen. Verwenden Sie nur die mitgelieferten Teile und Hardware."},{"title":"WARTUNG UND GARANTIEN","id":"wartung-und-garantien","content":"<div class=\"moz-signature\">\n<div class=\"list\"><strong>Allgemeine Empfehlungen:<\/strong>\n\u2022 Pannen oder Sch\u00e4den, die verursacht werden durch:\n\u2022 Zuf\u00e4llige Ursachen wie St\u00fcrze, Schl\u00e4ge, Versch\u00fctten von Fl\u00fcssigkeiten, Einschleppen von Fremdk\u00f6rpern sowie andere h\u00f6here Gewalt.\n\u2022 Fahrl\u00e4ssiger, unsachgem\u00e4\u00dfer oder nicht h\u00e4uslicher Gebrauch.\n\u2022 Besch\u00e4digung, Korrosion und\/oder Oxidation beschleunigt durch widrige Umweltbedingungen\n\u2022 Flecken und Verf\u00e4rbungen durch Nichtbeachtung unserer Reinigungsanweisungen\n\u2022 Sch\u00e4den, die w\u00e4hrend der Montage und Handhabung auftreten, ohne die angegebenen Montageanweisungen befolgt zu haben.\n<strong>Gebrauchs- und Wartungshinweise:<\/strong>\n\u2022 Reinigen Sie mit Hilfe eines Tuchs vorsichtig oder verwenden Sie eine neutrale Fl\u00fcssigseife und sp\u00fclen Sie sie mit viel Wasser ab.\n\u2022 Entfernen Sie Staub regelm\u00e4\u00dfig mit Hilfe eines weichen Tuchs und klarem Wasser.\n\u2022 Verwenden Sie zum Reinigen keine Reinigungsmittel oder Scheuermittel.\nJahre <strong>Garantie: 3 Jahre<\/strong>\n<strong>Hergestellt nach Norm:<\/strong> 581-1.581-2.581-3<\/div>\n<\/div>"}],"_links":{"self":[{"href":"https:\/\/keramamueblesdejardin.com\/de\/wp-json\/wp\/v2\/product\/120662","targetHints":{"allow":["GET"]}}],"collection":[{"href":"https:\/\/keramamueblesdejardin.com\/de\/wp-json\/wp\/v2\/product"}],"about":[{"href":"https:\/\/keramamueblesdejardin.com\/de\/wp-json\/wp\/v2\/types\/product"}],"replies":[{"embeddable":true,"href":"https:\/\/keramamueblesdejardin.com\/de\/wp-json\/wp\/v2\/comments?post=120662"}],"wp:featuredmedia":[{"embeddable":true,"href":"https:\/\/keramamueblesdejardin.com\/de\/wp-json\/wp\/v2\/media\/120667"}],"wp:attachment":[{"href":"https:\/\/keramamueblesdejardin.com\/de\/wp-json\/wp\/v2\/media?parent=120662"}],"wp:term":[{"taxonomy":"product_brand","embeddable":true,"href":"https:\/\/keramamueblesdejardin.com\/de\/wp-json\/wp\/v2\/product_brand?post=120662"},{"taxonomy":"product_cat","embeddable":true,"href":"https:\/\/keramamueblesdejardin.com\/de\/wp-json\/wp\/v2\/product_cat?post=120662"},{"taxonomy":"product_tag","embeddable":true,"href":"https:\/\/keramamueblesdejardin.com\/de\/wp-json\/wp\/v2\/product_tag?post=120662"}],"curies":[{"name":"wp","href":"https:\/\/api.w.org\/{rel}","templated":true}]}}