{"id":120570,"date":"2021-05-06T08:49:41","date_gmt":"2021-05-06T06:49:41","guid":{"rendered":"https:\/\/keramamueblesdejardin.com\/unkategorisiert\/stoffersatz-fuer-sonnenschirm-300x300cm-quadratisch-geroestet-sonnig\/"},"modified":"2023-08-29T11:57:31","modified_gmt":"2023-08-29T09:57:31","slug":"stoff-ersatz-fur-sonnenschirm-300x300cm-quadrat-gerostet-sonnig","status":"publish","type":"product","link":"https:\/\/keramamueblesdejardin.com\/de\/sonnenschirme-und-pergolen\/textile-ersatzteile\/stoff-ersatz-fur-sonnenschirm-300x300cm-quadrat-gerostet-sonnig\/","title":{"rendered":"Stoffersatz f\u00fcr Sonnenschirm 300x300cm quadratisch Ger\u00f6stet &#8211; Sonnig"},"content":{"rendered":"<p>Stoffersatz f\u00fcr Sonnenschirm 300x300cm quadratisch Ger\u00f6stet 100% Polyester 235g mit Teflon-Finish. Einfache Montage und UV-best\u00e4ndig. G\u00fcltig f\u00fcr 8-Ruten-Sonnenschirme<\/p>\n","protected":false},"excerpt":{"rendered":"<ul>\n<li>Stoffersatz f\u00fcr quadratischen Mittelmastschirm 300x300cm<\/li>\n<li>UV-best\u00e4ndiger, hellbrauner Stoff<\/li>\n<li>100% Polyester 235g mit Teflon-Finish<\/li>\n<li>G\u00fcltig f\u00fcr 8-Ruten-Sonnenschirme<\/li>\n<\/ul>\n","protected":false},"featured_media":110618,"comment_status":"closed","ping_status":"open","template":"","meta":{"_acf_changed":false},"product_brand":[],"product_cat":[3297,3461],"product_tag":[3242,3305],"class_list":{"0":"post-120570","1":"product","2":"type-product","3":"status-publish","4":"has-post-thumbnail","6":"product_cat-sonnenschirme-und-pergolen","7":"product_cat-textile-ersatzteile","8":"product_tag-grose-raume","9":"product_tag-sonnig","10":"product_shipping_class-envio-gratuito-de","11":"pa_caracteristicas-sonnenschirm-strand","12":"pa_coleccion-sonnig","13":"pa_material-polyester","15":"first","16":"outofstock","17":"sale","18":"purchasable","19":"product-type-simple","20":"add-to-wishlist-before_image"},"acf":[],"yoast_head":"<!-- This site is optimized with the Yoast SEO plugin v27.2 - https:\/\/yoast.com\/product\/yoast-seo-wordpress\/ -->\n<title>Stoffersatz f\u00fcr Sonnenschirm 300x300cm quadratisch Ger\u00f6stet - Sonnig - Kerama<\/title>\n<meta name=\"robots\" content=\"index, follow, max-snippet:-1, max-image-preview:large, max-video-preview:-1\" \/>\n<link rel=\"canonical\" href=\"https:\/\/keramamueblesdejardin.com\/de\/sonnenschirme-und-pergolen\/textile-ersatzteile\/stoff-ersatz-fur-sonnenschirm-300x300cm-quadrat-gerostet-sonnig\/\" \/>\n<meta property=\"og:locale\" content=\"de_DE\" \/>\n<meta property=\"og:type\" content=\"article\" \/>\n<meta property=\"og:title\" content=\"Stoffersatz f\u00fcr Sonnenschirm 300x300cm quadratisch Ger\u00f6stet - Sonnig - Kerama\" \/>\n<meta property=\"og:description\" content=\"Stoffersatz f\u00fcr quadratischen Mittelmastschirm 300x300cm  UV-best\u00e4ndiger, hellbrauner Stoff  100% Polyester 235g mit Teflon-Finish  G\u00fcltig f\u00fcr 8-Ruten-Sonnenschirme\" \/>\n<meta property=\"og:url\" content=\"https:\/\/keramamueblesdejardin.com\/de\/sonnenschirme-und-pergolen\/textile-ersatzteile\/stoff-ersatz-fur-sonnenschirm-300x300cm-quadrat-gerostet-sonnig\/\" \/>\n<meta property=\"og:site_name\" content=\"Kerama\" \/>\n<meta property=\"article:publisher\" content=\"https:\/\/www.facebook.com\/Kerama-Muebles-de-Jard%c3%adn-106209328312568\/\" \/>\n<meta property=\"article:modified_time\" content=\"2023-08-29T09:57:31+00:00\" \/>\n<meta property=\"og:image\" content=\"https:\/\/keramamueblesdejardin.com\/wp-content\/uploads\/2021\/04\/KMJ21200-003-scaled.jpg\" \/>\n\t<meta property=\"og:image:width\" content=\"2560\" \/>\n\t<meta property=\"og:image:height\" content=\"2376\" \/>\n\t<meta property=\"og:image:type\" content=\"image\/jpeg\" \/>\n<meta name=\"twitter:card\" content=\"summary_large_image\" \/>\n<script type=\"application\/ld+json\" class=\"yoast-schema-graph\">{\"@context\":\"https:\/\/schema.org\",\"@graph\":[{\"@type\":\"WebPage\",\"@id\":\"https:\/\/keramamueblesdejardin.com\/de\/sonnenschirme-und-pergolen\/textile-ersatzteile\/stoff-ersatz-fur-sonnenschirm-300x300cm-quadrat-gerostet-sonnig\/\",\"url\":\"https:\/\/keramamueblesdejardin.com\/de\/sonnenschirme-und-pergolen\/textile-ersatzteile\/stoff-ersatz-fur-sonnenschirm-300x300cm-quadrat-gerostet-sonnig\/\",\"name\":\"Stoffersatz f\u00fcr Sonnenschirm 300x300cm quadratisch Ger\u00f6stet - Sonnig - Kerama\",\"isPartOf\":{\"@id\":\"https:\/\/keramamueblesdejardin.com\/de\/#website\"},\"primaryImageOfPage\":{\"@id\":\"https:\/\/keramamueblesdejardin.com\/de\/sonnenschirme-und-pergolen\/textile-ersatzteile\/stoff-ersatz-fur-sonnenschirm-300x300cm-quadrat-gerostet-sonnig\/#primaryimage\"},\"image\":{\"@id\":\"https:\/\/keramamueblesdejardin.com\/de\/sonnenschirme-und-pergolen\/textile-ersatzteile\/stoff-ersatz-fur-sonnenschirm-300x300cm-quadrat-gerostet-sonnig\/#primaryimage\"},\"thumbnailUrl\":\"https:\/\/keramamueblesdejardin.com\/wp-content\/uploads\/2021\/04\/KMJ21200-003-scaled.jpg\",\"datePublished\":\"2021-05-06T06:49:41+00:00\",\"dateModified\":\"2023-08-29T09:57:31+00:00\",\"breadcrumb\":{\"@id\":\"https:\/\/keramamueblesdejardin.com\/de\/sonnenschirme-und-pergolen\/textile-ersatzteile\/stoff-ersatz-fur-sonnenschirm-300x300cm-quadrat-gerostet-sonnig\/#breadcrumb\"},\"inLanguage\":\"de\",\"potentialAction\":[{\"@type\":\"ReadAction\",\"target\":[\"https:\/\/keramamueblesdejardin.com\/de\/sonnenschirme-und-pergolen\/textile-ersatzteile\/stoff-ersatz-fur-sonnenschirm-300x300cm-quadrat-gerostet-sonnig\/\"]}]},{\"@type\":\"ImageObject\",\"inLanguage\":\"de\",\"@id\":\"https:\/\/keramamueblesdejardin.com\/de\/sonnenschirme-und-pergolen\/textile-ersatzteile\/stoff-ersatz-fur-sonnenschirm-300x300cm-quadrat-gerostet-sonnig\/#primaryimage\",\"url\":\"https:\/\/keramamueblesdejardin.com\/wp-content\/uploads\/2021\/04\/KMJ21200-003-scaled.jpg\",\"contentUrl\":\"https:\/\/keramamueblesdejardin.com\/wp-content\/uploads\/2021\/04\/KMJ21200-003-scaled.jpg\",\"width\":2560,\"height\":2376},{\"@type\":\"BreadcrumbList\",\"@id\":\"https:\/\/keramamueblesdejardin.com\/de\/sonnenschirme-und-pergolen\/textile-ersatzteile\/stoff-ersatz-fur-sonnenschirm-300x300cm-quadrat-gerostet-sonnig\/#breadcrumb\",\"itemListElement\":[{\"@type\":\"ListItem\",\"position\":1,\"name\":\"Home\",\"item\":\"https:\/\/keramamueblesdejardin.com\/de\/\"},{\"@type\":\"ListItem\",\"position\":2,\"name\":\"Laden\",\"item\":\"https:\/\/keramamueblesdejardin.com\/de\/laden\/\"},{\"@type\":\"ListItem\",\"position\":3,\"name\":\"Sonnenschirme und Pergolen\",\"item\":\"https:\/\/keramamueblesdejardin.com\/de\/sonnenschirme-und-pergolen\/\"},{\"@type\":\"ListItem\",\"position\":4,\"name\":\"Textile Ersatzteile\",\"item\":\"https:\/\/keramamueblesdejardin.com\/de\/sonnenschirme-und-pergolen\/textile-ersatzteile\/\"},{\"@type\":\"ListItem\",\"position\":5,\"name\":\"Stoffersatz f\u00fcr Sonnenschirm 300x300cm quadratisch Ger\u00f6stet &#8211; Sonnig\"}]},{\"@type\":\"WebSite\",\"@id\":\"https:\/\/keramamueblesdejardin.com\/de\/#website\",\"url\":\"https:\/\/keramamueblesdejardin.com\/de\/\",\"name\":\"Kerama\",\"description\":\"muebles de jard\u00edn\",\"publisher\":{\"@id\":\"https:\/\/keramamueblesdejardin.com\/de\/#organization\"},\"potentialAction\":[{\"@type\":\"SearchAction\",\"target\":{\"@type\":\"EntryPoint\",\"urlTemplate\":\"https:\/\/keramamueblesdejardin.com\/de\/?s={search_term_string}\"},\"query-input\":{\"@type\":\"PropertyValueSpecification\",\"valueRequired\":true,\"valueName\":\"search_term_string\"}}],\"inLanguage\":\"de\"},{\"@type\":\"Organization\",\"@id\":\"https:\/\/keramamueblesdejardin.com\/de\/#organization\",\"name\":\"kerama\",\"url\":\"https:\/\/keramamueblesdejardin.com\/de\/\",\"logo\":{\"@type\":\"ImageObject\",\"inLanguage\":\"de\",\"@id\":\"https:\/\/keramamueblesdejardin.com\/de\/#\/schema\/logo\/image\/\",\"url\":\"https:\/\/keramamueblesdejardin.com\/wp-content\/uploads\/2020\/12\/k.-scaled.jpg\",\"contentUrl\":\"https:\/\/keramamueblesdejardin.com\/wp-content\/uploads\/2020\/12\/k.-scaled.jpg\",\"width\":2560,\"height\":551,\"caption\":\"kerama\"},\"image\":{\"@id\":\"https:\/\/keramamueblesdejardin.com\/de\/#\/schema\/logo\/image\/\"},\"sameAs\":[\"https:\/\/www.facebook.com\/Kerama-Muebles-de-Jard\u00edn-106209328312568\/\"]}]}<\/script>\n<!-- \/ Yoast SEO plugin. -->","yoast_head_json":{"title":"Stoffersatz f\u00fcr Sonnenschirm 300x300cm quadratisch Ger\u00f6stet - Sonnig - Kerama","robots":{"index":"index","follow":"follow","max-snippet":"max-snippet:-1","max-image-preview":"max-image-preview:large","max-video-preview":"max-video-preview:-1"},"canonical":"https:\/\/keramamueblesdejardin.com\/de\/sonnenschirme-und-pergolen\/textile-ersatzteile\/stoff-ersatz-fur-sonnenschirm-300x300cm-quadrat-gerostet-sonnig\/","og_locale":"de_DE","og_type":"article","og_title":"Stoffersatz f\u00fcr Sonnenschirm 300x300cm quadratisch Ger\u00f6stet - Sonnig - Kerama","og_description":"Stoffersatz f\u00fcr quadratischen Mittelmastschirm 300x300cm  UV-best\u00e4ndiger, hellbrauner Stoff  100% Polyester 235g mit Teflon-Finish  G\u00fcltig f\u00fcr 8-Ruten-Sonnenschirme","og_url":"https:\/\/keramamueblesdejardin.com\/de\/sonnenschirme-und-pergolen\/textile-ersatzteile\/stoff-ersatz-fur-sonnenschirm-300x300cm-quadrat-gerostet-sonnig\/","og_site_name":"Kerama","article_publisher":"https:\/\/www.facebook.com\/Kerama-Muebles-de-Jard%c3%adn-106209328312568\/","article_modified_time":"2023-08-29T09:57:31+00:00","og_image":[{"width":2560,"height":2376,"url":"https:\/\/keramamueblesdejardin.com\/wp-content\/uploads\/2021\/04\/KMJ21200-003-scaled.jpg","type":"image\/jpeg"}],"twitter_card":"summary_large_image","schema":{"@context":"https:\/\/schema.org","@graph":[{"@type":"WebPage","@id":"https:\/\/keramamueblesdejardin.com\/de\/sonnenschirme-und-pergolen\/textile-ersatzteile\/stoff-ersatz-fur-sonnenschirm-300x300cm-quadrat-gerostet-sonnig\/","url":"https:\/\/keramamueblesdejardin.com\/de\/sonnenschirme-und-pergolen\/textile-ersatzteile\/stoff-ersatz-fur-sonnenschirm-300x300cm-quadrat-gerostet-sonnig\/","name":"Stoffersatz f\u00fcr Sonnenschirm 300x300cm quadratisch Ger\u00f6stet - Sonnig - Kerama","isPartOf":{"@id":"https:\/\/keramamueblesdejardin.com\/de\/#website"},"primaryImageOfPage":{"@id":"https:\/\/keramamueblesdejardin.com\/de\/sonnenschirme-und-pergolen\/textile-ersatzteile\/stoff-ersatz-fur-sonnenschirm-300x300cm-quadrat-gerostet-sonnig\/#primaryimage"},"image":{"@id":"https:\/\/keramamueblesdejardin.com\/de\/sonnenschirme-und-pergolen\/textile-ersatzteile\/stoff-ersatz-fur-sonnenschirm-300x300cm-quadrat-gerostet-sonnig\/#primaryimage"},"thumbnailUrl":"https:\/\/keramamueblesdejardin.com\/wp-content\/uploads\/2021\/04\/KMJ21200-003-scaled.jpg","datePublished":"2021-05-06T06:49:41+00:00","dateModified":"2023-08-29T09:57:31+00:00","breadcrumb":{"@id":"https:\/\/keramamueblesdejardin.com\/de\/sonnenschirme-und-pergolen\/textile-ersatzteile\/stoff-ersatz-fur-sonnenschirm-300x300cm-quadrat-gerostet-sonnig\/#breadcrumb"},"inLanguage":"de","potentialAction":[{"@type":"ReadAction","target":["https:\/\/keramamueblesdejardin.com\/de\/sonnenschirme-und-pergolen\/textile-ersatzteile\/stoff-ersatz-fur-sonnenschirm-300x300cm-quadrat-gerostet-sonnig\/"]}]},{"@type":"ImageObject","inLanguage":"de","@id":"https:\/\/keramamueblesdejardin.com\/de\/sonnenschirme-und-pergolen\/textile-ersatzteile\/stoff-ersatz-fur-sonnenschirm-300x300cm-quadrat-gerostet-sonnig\/#primaryimage","url":"https:\/\/keramamueblesdejardin.com\/wp-content\/uploads\/2021\/04\/KMJ21200-003-scaled.jpg","contentUrl":"https:\/\/keramamueblesdejardin.com\/wp-content\/uploads\/2021\/04\/KMJ21200-003-scaled.jpg","width":2560,"height":2376},{"@type":"BreadcrumbList","@id":"https:\/\/keramamueblesdejardin.com\/de\/sonnenschirme-und-pergolen\/textile-ersatzteile\/stoff-ersatz-fur-sonnenschirm-300x300cm-quadrat-gerostet-sonnig\/#breadcrumb","itemListElement":[{"@type":"ListItem","position":1,"name":"Home","item":"https:\/\/keramamueblesdejardin.com\/de\/"},{"@type":"ListItem","position":2,"name":"Laden","item":"https:\/\/keramamueblesdejardin.com\/de\/laden\/"},{"@type":"ListItem","position":3,"name":"Sonnenschirme und Pergolen","item":"https:\/\/keramamueblesdejardin.com\/de\/sonnenschirme-und-pergolen\/"},{"@type":"ListItem","position":4,"name":"Textile Ersatzteile","item":"https:\/\/keramamueblesdejardin.com\/de\/sonnenschirme-und-pergolen\/textile-ersatzteile\/"},{"@type":"ListItem","position":5,"name":"Stoffersatz f\u00fcr Sonnenschirm 300x300cm quadratisch Ger\u00f6stet &#8211; Sonnig"}]},{"@type":"WebSite","@id":"https:\/\/keramamueblesdejardin.com\/de\/#website","url":"https:\/\/keramamueblesdejardin.com\/de\/","name":"Kerama","description":"muebles de jard\u00edn","publisher":{"@id":"https:\/\/keramamueblesdejardin.com\/de\/#organization"},"potentialAction":[{"@type":"SearchAction","target":{"@type":"EntryPoint","urlTemplate":"https:\/\/keramamueblesdejardin.com\/de\/?s={search_term_string}"},"query-input":{"@type":"PropertyValueSpecification","valueRequired":true,"valueName":"search_term_string"}}],"inLanguage":"de"},{"@type":"Organization","@id":"https:\/\/keramamueblesdejardin.com\/de\/#organization","name":"kerama","url":"https:\/\/keramamueblesdejardin.com\/de\/","logo":{"@type":"ImageObject","inLanguage":"de","@id":"https:\/\/keramamueblesdejardin.com\/de\/#\/schema\/logo\/image\/","url":"https:\/\/keramamueblesdejardin.com\/wp-content\/uploads\/2020\/12\/k.-scaled.jpg","contentUrl":"https:\/\/keramamueblesdejardin.com\/wp-content\/uploads\/2020\/12\/k.-scaled.jpg","width":2560,"height":551,"caption":"kerama"},"image":{"@id":"https:\/\/keramamueblesdejardin.com\/de\/#\/schema\/logo\/image\/"},"sameAs":["https:\/\/www.facebook.com\/Kerama-Muebles-de-Jard\u00edn-106209328312568\/"]}]}},"df_price":69,"df_sale_price":69,"df_regular_price":88,"df_image_link":"https:\/\/keramamueblesdejardin.com\/wp-content\/uploads\/2021\/04\/KMJ21200-003-300x278.jpg","custom_tabs":[{"id":"messung","title":"MESSUNG","content":"Stoffbreite: 3 m <br>Stoffl\u00e4nge: 3 m <br><strong>Stangenl\u00f6cher:<\/strong> 8"},{"id":"auspacken-und-montieren","title":"AUSPACKEN UND MONTIEREN","content":"<br>Empfehlungen zum Auspacken: Verwenden Sie beim Auspacken der M\u00f6bel keine scharfen Utensilien, da dies zu Besch\u00e4digungen f\u00fchren kann <br>Montage erforderlich (ja\/nein): Nein"},{"id":"wartung-und-garantien","title":"WARTUNG UND GARANTIEN","content":"<div class=\"moz-signature\"><div class=\"list\"><strong>Allgemeine Empfehlungen:<\/strong> <br>\u2022 Pannen oder Sch\u00e4den, die verursacht werden durch:<br>\u2022 Zuf\u00e4llige Ursachen wie St\u00fcrze, Schl\u00e4ge, Versch\u00fctten von Fl\u00fcssigkeiten, Einschleppen von Fremdk\u00f6rpern sowie andere h\u00f6here Gewalt.<br>\u2022 Fahrl\u00e4ssiger, unsachgem\u00e4\u00dfer oder nicht h\u00e4uslicher Gebrauch.<br>\u2022 Besch\u00e4digung, Korrosion und\/oder Oxidation beschleunigt durch widrige Umweltbedingungen<br>\u2022 Flecken und Verf\u00e4rbungen durch Nichtbeachtung unserer Reinigungsanweisungen<br>\u2022 Sch\u00e4den, die w\u00e4hrend der Montage und Handhabung auftreten, ohne die angegebenen Montageanweisungen befolgt zu haben.<br><strong>Gebrauchs- und Wartungshinweise:<\/strong> <br>\u2022 Reinigen Sie mit Hilfe eines Tuchs vorsichtig oder verwenden Sie eine neutrale Fl\u00fcssigseife und sp\u00fclen Sie sie mit viel Wasser ab.<br>\u2022 Entfernen Sie Staub regelm\u00e4\u00dfig mit Hilfe eines weichen Tuchs und klarem Wasser.<br>\u2022 Verwenden Sie zum Reinigen keine Reinigungsmittel oder Scheuermittel.<br>Jahre <strong>Garantie: 3 Jahre<\/strong><br><strong>Hergestellt nach Norm:<\/strong> 581-1.581-2.581-3<\/div><\/div>","name":"Wartung und Garantien"}],"_links":{"self":[{"href":"https:\/\/keramamueblesdejardin.com\/de\/wp-json\/wp\/v2\/product\/120570","targetHints":{"allow":["GET"]}}],"collection":[{"href":"https:\/\/keramamueblesdejardin.com\/de\/wp-json\/wp\/v2\/product"}],"about":[{"href":"https:\/\/keramamueblesdejardin.com\/de\/wp-json\/wp\/v2\/types\/product"}],"replies":[{"embeddable":true,"href":"https:\/\/keramamueblesdejardin.com\/de\/wp-json\/wp\/v2\/comments?post=120570"}],"wp:featuredmedia":[{"embeddable":true,"href":"https:\/\/keramamueblesdejardin.com\/de\/wp-json\/wp\/v2\/media\/110618"}],"wp:attachment":[{"href":"https:\/\/keramamueblesdejardin.com\/de\/wp-json\/wp\/v2\/media?parent=120570"}],"wp:term":[{"taxonomy":"product_brand","embeddable":true,"href":"https:\/\/keramamueblesdejardin.com\/de\/wp-json\/wp\/v2\/product_brand?post=120570"},{"taxonomy":"product_cat","embeddable":true,"href":"https:\/\/keramamueblesdejardin.com\/de\/wp-json\/wp\/v2\/product_cat?post=120570"},{"taxonomy":"product_tag","embeddable":true,"href":"https:\/\/keramamueblesdejardin.com\/de\/wp-json\/wp\/v2\/product_tag?post=120570"}],"curies":[{"name":"wp","href":"https:\/\/api.w.org\/{rel}","templated":true}]}}