{"id":120565,"date":"2021-05-06T08:49:44","date_gmt":"2021-05-06T06:49:44","guid":{"rendered":"https:\/\/keramamueblesdejardin.com\/unkategorisiert\/gartenset-mit-feuerstelle-cayenne\/"},"modified":"2024-01-26T12:52:19","modified_gmt":"2024-01-26T11:52:19","slug":"garten-set-mit-feuerstelle-cayenne","status":"publish","type":"product","link":"https:\/\/keramamueblesdejardin.com\/de\/unkategorisiert\/garten-set-mit-feuerstelle-cayenne\/","title":{"rendered":"Gartenset mit Feuerstelle &#8211; Cayenne"},"content":{"rendered":"<p><span style=\\\"\\\"font-weight:\\\">Das <\/span><b>Cayenne Gartenset<\/b><span style=\\\"\\\"font-weight:\\\"> besteht aus einer Edelstahlstruktur und schwarzem synthetischem Rattan und einem rechteckigen Warm-Beistelltisch aus Faserzement.<\/span><\/p>\n<p><span style=\\\"\\\"font-weight:\\\">Dieses 4-Sitzer-Set besteht aus einem <\/span><b>Faserzementtisch mit Lagerfeuermodus und 4 Sesseln<\/b><span style=\\\"\\\"font-weight:\\\">. Dar\u00fcber hinaus hat es Polypropylen-Kissen in Grau.<\/span><\/p>\n<p>Schauen Sie sich andere unserer Gartensets an.<\/p>\n","protected":false},"excerpt":{"rendered":"<ul>\n<li>4 quadratische Sessel aus Edelstahl und schwarzem synthetischem Rattan<\/li>\n<li>Kissen aus Polypropylen in Cayennegrau<\/li>\n<li>Warmer rechteckiger Gartenbeistelltisch aus Faserzement.<\/li>\n<li>Tisch mit Lagerfeuerfunktion<\/li>\n<\/ul>\n","protected":false},"featured_media":116499,"comment_status":"closed","ping_status":"closed","template":"","meta":{"_acf_changed":false},"product_brand":[],"product_cat":[],"product_tag":[],"class_list":{"0":"post-120565","1":"product","2":"type-product","3":"status-publish","4":"has-post-thumbnail","7":"first","8":"outofstock","9":"sale","10":"purchasable","11":"product-type-simple","12":"add-to-wishlist-before_image"},"acf":[],"yoast_head":"<!-- This site is optimized with the Yoast SEO plugin v27.4 - https:\/\/yoast.com\/product\/yoast-seo-wordpress\/ -->\n<title>Gartenset mit Feuerstelle - Cayenne - Kerama<\/title>\n<meta name=\"robots\" content=\"index, follow, max-snippet:-1, max-image-preview:large, max-video-preview:-1\" \/>\n<link rel=\"canonical\" href=\"https:\/\/keramamueblesdejardin.com\/de\/unkategorisiert\/garten-set-mit-feuerstelle-cayenne\/\" \/>\n<meta property=\"og:locale\" content=\"de_DE\" \/>\n<meta property=\"og:type\" content=\"article\" \/>\n<meta property=\"og:title\" content=\"Gartenset mit Feuerstelle - Cayenne - Kerama\" \/>\n<meta property=\"og:description\" content=\"4 quadratische Sessel aus Edelstahl und schwarzem synthetischem Rattan  Kissen aus Polypropylen in Cayennegrau  Warmer rechteckiger Gartenbeistelltisch aus Faserzement.  Tisch mit Lagerfeuerfunktion\" \/>\n<meta property=\"og:url\" content=\"https:\/\/keramamueblesdejardin.com\/de\/unkategorisiert\/garten-set-mit-feuerstelle-cayenne\/\" \/>\n<meta property=\"og:site_name\" content=\"Kerama\" \/>\n<meta property=\"article:publisher\" content=\"https:\/\/www.facebook.com\/Kerama-Muebles-de-Jard%c3%adn-106209328312568\/\" \/>\n<meta property=\"article:modified_time\" content=\"2024-01-26T11:52:19+00:00\" \/>\n<meta property=\"og:image\" content=\"https:\/\/keramamueblesdejardin.com\/wp-content\/uploads\/2021\/05\/L1390934-small.jpg\" \/>\n\t<meta property=\"og:image:width\" content=\"2000\" \/>\n\t<meta property=\"og:image:height\" content=\"1333\" \/>\n\t<meta property=\"og:image:type\" content=\"image\/jpeg\" \/>\n<meta name=\"twitter:card\" content=\"summary_large_image\" \/>\n<script type=\"application\/ld+json\" class=\"yoast-schema-graph\">{\"@context\":\"https:\\\/\\\/schema.org\",\"@graph\":[{\"@type\":\"WebPage\",\"@id\":\"https:\\\/\\\/keramamueblesdejardin.com\\\/de\\\/unkategorisiert\\\/garten-set-mit-feuerstelle-cayenne\\\/\",\"url\":\"https:\\\/\\\/keramamueblesdejardin.com\\\/de\\\/unkategorisiert\\\/garten-set-mit-feuerstelle-cayenne\\\/\",\"name\":\"Gartenset mit Feuerstelle - Cayenne - Kerama\",\"isPartOf\":{\"@id\":\"https:\\\/\\\/keramamueblesdejardin.com\\\/de\\\/#website\"},\"primaryImageOfPage\":{\"@id\":\"https:\\\/\\\/keramamueblesdejardin.com\\\/de\\\/unkategorisiert\\\/garten-set-mit-feuerstelle-cayenne\\\/#primaryimage\"},\"image\":{\"@id\":\"https:\\\/\\\/keramamueblesdejardin.com\\\/de\\\/unkategorisiert\\\/garten-set-mit-feuerstelle-cayenne\\\/#primaryimage\"},\"thumbnailUrl\":\"https:\\\/\\\/keramamueblesdejardin.com\\\/wp-content\\\/uploads\\\/2021\\\/05\\\/L1390934-small.jpg\",\"datePublished\":\"2021-05-06T06:49:44+00:00\",\"dateModified\":\"2024-01-26T11:52:19+00:00\",\"breadcrumb\":{\"@id\":\"https:\\\/\\\/keramamueblesdejardin.com\\\/de\\\/unkategorisiert\\\/garten-set-mit-feuerstelle-cayenne\\\/#breadcrumb\"},\"inLanguage\":\"de\",\"potentialAction\":[{\"@type\":\"ReadAction\",\"target\":[\"https:\\\/\\\/keramamueblesdejardin.com\\\/de\\\/unkategorisiert\\\/garten-set-mit-feuerstelle-cayenne\\\/\"]}]},{\"@type\":\"ImageObject\",\"inLanguage\":\"de\",\"@id\":\"https:\\\/\\\/keramamueblesdejardin.com\\\/de\\\/unkategorisiert\\\/garten-set-mit-feuerstelle-cayenne\\\/#primaryimage\",\"url\":\"https:\\\/\\\/keramamueblesdejardin.com\\\/wp-content\\\/uploads\\\/2021\\\/05\\\/L1390934-small.jpg\",\"contentUrl\":\"https:\\\/\\\/keramamueblesdejardin.com\\\/wp-content\\\/uploads\\\/2021\\\/05\\\/L1390934-small.jpg\",\"width\":2000,\"height\":1333},{\"@type\":\"BreadcrumbList\",\"@id\":\"https:\\\/\\\/keramamueblesdejardin.com\\\/de\\\/unkategorisiert\\\/garten-set-mit-feuerstelle-cayenne\\\/#breadcrumb\",\"itemListElement\":[{\"@type\":\"ListItem\",\"position\":1,\"name\":\"Home\",\"item\":\"https:\\\/\\\/keramamueblesdejardin.com\\\/de\\\/\"},{\"@type\":\"ListItem\",\"position\":2,\"name\":\"Laden\",\"item\":\"https:\\\/\\\/keramamueblesdejardin.com\\\/de\\\/laden\\\/\"},{\"@type\":\"ListItem\",\"position\":3,\"name\":\"Lounges im Freien\",\"item\":\"https:\\\/\\\/keramamueblesdejardin.com\\\/de\\\/lounges-im-freien\\\/\"},{\"@type\":\"ListItem\",\"position\":4,\"name\":\"Garten-Sets\",\"item\":\"https:\\\/\\\/keramamueblesdejardin.com\\\/de\\\/lounges-im-freien\\\/garten-sets\\\/\"},{\"@type\":\"ListItem\",\"position\":5,\"name\":\"Gartenset mit Feuerstelle &#8211; Cayenne\"}]},{\"@type\":\"WebSite\",\"@id\":\"https:\\\/\\\/keramamueblesdejardin.com\\\/de\\\/#website\",\"url\":\"https:\\\/\\\/keramamueblesdejardin.com\\\/de\\\/\",\"name\":\"Kerama\",\"description\":\"muebles de jard\u00edn\",\"publisher\":{\"@id\":\"https:\\\/\\\/keramamueblesdejardin.com\\\/de\\\/#organization\"},\"potentialAction\":[{\"@type\":\"SearchAction\",\"target\":{\"@type\":\"EntryPoint\",\"urlTemplate\":\"https:\\\/\\\/keramamueblesdejardin.com\\\/de\\\/?s={search_term_string}\"},\"query-input\":{\"@type\":\"PropertyValueSpecification\",\"valueRequired\":true,\"valueName\":\"search_term_string\"}}],\"inLanguage\":\"de\"},{\"@type\":\"Organization\",\"@id\":\"https:\\\/\\\/keramamueblesdejardin.com\\\/de\\\/#organization\",\"name\":\"kerama\",\"url\":\"https:\\\/\\\/keramamueblesdejardin.com\\\/de\\\/\",\"logo\":{\"@type\":\"ImageObject\",\"inLanguage\":\"de\",\"@id\":\"https:\\\/\\\/keramamueblesdejardin.com\\\/de\\\/#\\\/schema\\\/logo\\\/image\\\/\",\"url\":\"https:\\\/\\\/keramamueblesdejardin.com\\\/wp-content\\\/uploads\\\/2020\\\/12\\\/k.-scaled.jpg\",\"contentUrl\":\"https:\\\/\\\/keramamueblesdejardin.com\\\/wp-content\\\/uploads\\\/2020\\\/12\\\/k.-scaled.jpg\",\"width\":2560,\"height\":551,\"caption\":\"kerama\"},\"image\":{\"@id\":\"https:\\\/\\\/keramamueblesdejardin.com\\\/de\\\/#\\\/schema\\\/logo\\\/image\\\/\"},\"sameAs\":[\"https:\\\/\\\/www.facebook.com\\\/Kerama-Muebles-de-Jard\u00edn-106209328312568\\\/\"]}]}<\/script>\n<!-- \/ Yoast SEO plugin. -->","yoast_head_json":{"title":"Gartenset mit Feuerstelle - Cayenne - Kerama","robots":{"index":"index","follow":"follow","max-snippet":"max-snippet:-1","max-image-preview":"max-image-preview:large","max-video-preview":"max-video-preview:-1"},"canonical":"https:\/\/keramamueblesdejardin.com\/de\/unkategorisiert\/garten-set-mit-feuerstelle-cayenne\/","og_locale":"de_DE","og_type":"article","og_title":"Gartenset mit Feuerstelle - Cayenne - Kerama","og_description":"4 quadratische Sessel aus Edelstahl und schwarzem synthetischem Rattan  Kissen aus Polypropylen in Cayennegrau  Warmer rechteckiger Gartenbeistelltisch aus Faserzement.  Tisch mit Lagerfeuerfunktion","og_url":"https:\/\/keramamueblesdejardin.com\/de\/unkategorisiert\/garten-set-mit-feuerstelle-cayenne\/","og_site_name":"Kerama","article_publisher":"https:\/\/www.facebook.com\/Kerama-Muebles-de-Jard%c3%adn-106209328312568\/","article_modified_time":"2024-01-26T11:52:19+00:00","og_image":[{"width":2000,"height":1333,"url":"https:\/\/keramamueblesdejardin.com\/wp-content\/uploads\/2021\/05\/L1390934-small.jpg","type":"image\/jpeg"}],"twitter_card":"summary_large_image","schema":{"@context":"https:\/\/schema.org","@graph":[{"@type":"WebPage","@id":"https:\/\/keramamueblesdejardin.com\/de\/unkategorisiert\/garten-set-mit-feuerstelle-cayenne\/","url":"https:\/\/keramamueblesdejardin.com\/de\/unkategorisiert\/garten-set-mit-feuerstelle-cayenne\/","name":"Gartenset mit Feuerstelle - Cayenne - Kerama","isPartOf":{"@id":"https:\/\/keramamueblesdejardin.com\/de\/#website"},"primaryImageOfPage":{"@id":"https:\/\/keramamueblesdejardin.com\/de\/unkategorisiert\/garten-set-mit-feuerstelle-cayenne\/#primaryimage"},"image":{"@id":"https:\/\/keramamueblesdejardin.com\/de\/unkategorisiert\/garten-set-mit-feuerstelle-cayenne\/#primaryimage"},"thumbnailUrl":"https:\/\/keramamueblesdejardin.com\/wp-content\/uploads\/2021\/05\/L1390934-small.jpg","datePublished":"2021-05-06T06:49:44+00:00","dateModified":"2024-01-26T11:52:19+00:00","breadcrumb":{"@id":"https:\/\/keramamueblesdejardin.com\/de\/unkategorisiert\/garten-set-mit-feuerstelle-cayenne\/#breadcrumb"},"inLanguage":"de","potentialAction":[{"@type":"ReadAction","target":["https:\/\/keramamueblesdejardin.com\/de\/unkategorisiert\/garten-set-mit-feuerstelle-cayenne\/"]}]},{"@type":"ImageObject","inLanguage":"de","@id":"https:\/\/keramamueblesdejardin.com\/de\/unkategorisiert\/garten-set-mit-feuerstelle-cayenne\/#primaryimage","url":"https:\/\/keramamueblesdejardin.com\/wp-content\/uploads\/2021\/05\/L1390934-small.jpg","contentUrl":"https:\/\/keramamueblesdejardin.com\/wp-content\/uploads\/2021\/05\/L1390934-small.jpg","width":2000,"height":1333},{"@type":"BreadcrumbList","@id":"https:\/\/keramamueblesdejardin.com\/de\/unkategorisiert\/garten-set-mit-feuerstelle-cayenne\/#breadcrumb","itemListElement":[{"@type":"ListItem","position":1,"name":"Home","item":"https:\/\/keramamueblesdejardin.com\/de\/"},{"@type":"ListItem","position":2,"name":"Laden","item":"https:\/\/keramamueblesdejardin.com\/de\/laden\/"},{"@type":"ListItem","position":3,"name":"Lounges im Freien","item":"https:\/\/keramamueblesdejardin.com\/de\/lounges-im-freien\/"},{"@type":"ListItem","position":4,"name":"Garten-Sets","item":"https:\/\/keramamueblesdejardin.com\/de\/lounges-im-freien\/garten-sets\/"},{"@type":"ListItem","position":5,"name":"Gartenset mit Feuerstelle &#8211; Cayenne"}]},{"@type":"WebSite","@id":"https:\/\/keramamueblesdejardin.com\/de\/#website","url":"https:\/\/keramamueblesdejardin.com\/de\/","name":"Kerama","description":"muebles de jard\u00edn","publisher":{"@id":"https:\/\/keramamueblesdejardin.com\/de\/#organization"},"potentialAction":[{"@type":"SearchAction","target":{"@type":"EntryPoint","urlTemplate":"https:\/\/keramamueblesdejardin.com\/de\/?s={search_term_string}"},"query-input":{"@type":"PropertyValueSpecification","valueRequired":true,"valueName":"search_term_string"}}],"inLanguage":"de"},{"@type":"Organization","@id":"https:\/\/keramamueblesdejardin.com\/de\/#organization","name":"kerama","url":"https:\/\/keramamueblesdejardin.com\/de\/","logo":{"@type":"ImageObject","inLanguage":"de","@id":"https:\/\/keramamueblesdejardin.com\/de\/#\/schema\/logo\/image\/","url":"https:\/\/keramamueblesdejardin.com\/wp-content\/uploads\/2020\/12\/k.-scaled.jpg","contentUrl":"https:\/\/keramamueblesdejardin.com\/wp-content\/uploads\/2020\/12\/k.-scaled.jpg","width":2560,"height":551,"caption":"kerama"},"image":{"@id":"https:\/\/keramamueblesdejardin.com\/de\/#\/schema\/logo\/image\/"},"sameAs":["https:\/\/www.facebook.com\/Kerama-Muebles-de-Jard\u00edn-106209328312568\/"]}]}},"df_price":1435,"df_sale_price":1435,"df_regular_price":1866,"df_image_link":"https:\/\/keramamueblesdejardin.com\/wp-content\/uploads\/2021\/05\/L1390934-small-300x200.jpg","custom_tabs":[{"title":"MESSUNG","id":"messung","content":"<strong>Hoch:<\/strong> Tisch 45,70 cm \/ Sessel 75 cm\n<strong>Breit:<\/strong> Tisch 50,80 cm \/ Sessel 75 cm\n<strong>Unteres:<\/strong> Tisch 106,70 cm \/ Sessel 75 cm\n<strong>Produktgewicht:<\/strong> Tisch 31,80 kg \/ Sessel\nSitzh\u00f6he: 45 cm\n<strong>Sitztiefe:<\/strong> 52 cm"},{"title":"AUSPACKEN UND MONTIEREN","id":"auspacken-und-montieren","content":"Empfehlungen zum Auspacken: Verwenden Sie beim Auspacken der M\u00f6bel keine scharfen Utensilien, da dies zu Besch\u00e4digungen f\u00fchren kann\nMontage erforderlich (ja\/nein): Nein"},{"title":"WARTUNG UND GARANTIEN","id":"wartung-und-garantien","content":"<strong>Rahmenbedingungen:<\/strong>\n\u2022 Pannen oder Sch\u00e4den, die verursacht werden durch:\n\u2022 Zuf\u00e4llige Ursachen wie St\u00fcrze, Schl\u00e4ge, Versch\u00fctten von Fl\u00fcssigkeiten, Einschleppen von Fremdk\u00f6rpern sowie andere h\u00f6here Gewalt.\n\u2022 Fahrl\u00e4ssiger, unsachgem\u00e4\u00dfer oder nicht h\u00e4uslicher Gebrauch.\n\u2022 Besch\u00e4digung, Korrosion und\/oder Oxidation beschleunigt durch widrige Umweltbedingungen\n\u2022 Flecken und Verf\u00e4rbungen durch Nichtbeachtung unserer Reinigungsanweisungen\n\u2022 Sch\u00e4den, die w\u00e4hrend der Montage und Handhabung auftreten, ohne die angegebenen Montageanweisungen befolgt zu haben.\n<strong>Gebrauchs- und Wartungshinweise:<\/strong>\n\u2022 Reinigen Sie mit Hilfe eines Tuchs vorsichtig oder verwenden Sie eine neutrale Fl\u00fcssigseife und sp\u00fclen Sie sie mit viel Wasser ab\n\u2022 Entfernen Sie Staub regelm\u00e4\u00dfig mit Hilfe eines weichen Tuchs und klarem Wasser.\n\u2022 Verwenden Sie zum Reinigen keine Reinigungsmittel oder Scheuermittel.\n\u2022 Befolgen Sie zum Reinigen der Kissen die Anweisungen auf dem Textiletikett.\nJahre <strong>Garantie: 2 Jahre<\/strong>\n<strong>Hergestellt nach Norm:<\/strong> 581-1.581-2.581-3"}],"_links":{"self":[{"href":"https:\/\/keramamueblesdejardin.com\/de\/wp-json\/wp\/v2\/product\/120565","targetHints":{"allow":["GET"]}}],"collection":[{"href":"https:\/\/keramamueblesdejardin.com\/de\/wp-json\/wp\/v2\/product"}],"about":[{"href":"https:\/\/keramamueblesdejardin.com\/de\/wp-json\/wp\/v2\/types\/product"}],"replies":[{"embeddable":true,"href":"https:\/\/keramamueblesdejardin.com\/de\/wp-json\/wp\/v2\/comments?post=120565"}],"wp:featuredmedia":[{"embeddable":true,"href":"https:\/\/keramamueblesdejardin.com\/de\/wp-json\/wp\/v2\/media\/116499"}],"wp:attachment":[{"href":"https:\/\/keramamueblesdejardin.com\/de\/wp-json\/wp\/v2\/media?parent=120565"}],"wp:term":[{"taxonomy":"product_brand","embeddable":true,"href":"https:\/\/keramamueblesdejardin.com\/de\/wp-json\/wp\/v2\/product_brand?post=120565"},{"taxonomy":"product_cat","embeddable":true,"href":"https:\/\/keramamueblesdejardin.com\/de\/wp-json\/wp\/v2\/product_cat?post=120565"},{"taxonomy":"product_tag","embeddable":true,"href":"https:\/\/keramamueblesdejardin.com\/de\/wp-json\/wp\/v2\/product_tag?post=120565"}],"curies":[{"name":"wp","href":"https:\/\/api.w.org\/{rel}","templated":true}]}}