{"id":120334,"date":"2021-10-14T17:44:48","date_gmt":"2021-10-14T15:44:48","guid":{"rendered":"https:\/\/keramamueblesdejardin.com\/uncategorized\/gartentischgarnitur-160-80x80-cm-und-4-stuehle-aus-weissem-aluminium-osaka\/"},"modified":"2026-02-10T20:06:19","modified_gmt":"2026-02-10T19:06:19","slug":"set-tisch-garten-160-80x80-cm-y-4-stuhle-aluminium-weiss-osaka","status":"publish","type":"product","link":"https:\/\/keramamueblesdejardin.com\/de\/speisesale-im-freien\/gartentisch-und-stuhlgarnitur\/set-tisch-garten-160-80x80-cm-y-4-stuhle-aluminium-weiss-osaka\/","title":{"rendered":"Gartentischgarnitur 160\/80&#215;80 cm und 4 St\u00fchle aus wei\u00dfem Aluminium \u2013 Osaka"},"content":{"rendered":"<p><span style=\"font-weight: 400;\">Das <\/span> Set aus Tisch und St\u00fchlen <b>f\u00fcr Garten oder Terrasse Osaka<\/b><span style=\"font-weight: 400;\"> besteht <\/span> aus <b>einem ausziehbaren Tisch aus wei\u00dfem Aluminium<\/b> mit <span style=\"font-weight: 400;\"> Polywood-Latten mit Holzimitat und <\/span><b>4 stapelbaren St\u00fchlen<\/b><span style=\"font-weight: 400;\">  Wei\u00dfes Aluminium gepolstert mit Polywood-Armen. Dar\u00fcber hinaus verf\u00fcgt es \u00fcber  <\/span><b>Abnehmbare graue Kissen<\/b><span style=\"font-weight: 400;\"> f\u00fcr einfache Reinigung.<\/span><\/p>\n<p><span style=\"font-weight: 400;\">Das Set wurde entwickelt, um kleine R\u00e4ume optimal zu nutzen, da <\/span> der Tisch \u00fcber ein <b>Verl\u00e4ngerungssystem verf\u00fcgt<\/b><span style=\"font-weight: 400;\">, mit dem<\/span><b> Sie ihn einfach und bequem auf die doppelte Gr\u00f6\u00dfe erweitern k\u00f6nnen<\/b><span style=\"font-weight: 400;\">. Es ist ideal f\u00fcr Balkone, K\u00fcchen und kleine Terrassen.<\/span><\/p>\n<p><span style=\"font-weight: 400;\">Sie k\u00f6nnen das Set mit anderen Produkten kombinieren, die Teil der <\/span><a href=\"https:\/\/keramamueblesdejardin.com\/de\/?attachment_id=177178\" target=\"_blank\" rel=\"noopener\"><b>Osaka-Familie<\/b><\/p>\n<p><\/a> sind<span style=\"font-weight: 400;\">.<\/span><\/p>\n<p><span style=\"font-weight: 400;\">Schauen Sie sich unsere <\/span><a href=\"https:\/\/keramamueblesdejardin.com\/de\/speisesale-im-freien\/gartentisch-und-stuhlgarnitur\/\" target=\"_blank\" rel=\"noopener\"><b>Gartentisch- und Stuhlsets<\/b><\/p>\n<p><\/a> an<b>.<\/b><\/p>\n","protected":false},"excerpt":{"rendered":"<ul>\n<li>Gartengarnitur mit Tisch und 4 stapelbaren St\u00fchlen Osaka<\/li>\n<li>Ausziehbarer Tisch aus wei\u00dfem Aluminium und Latten aus Polywood-Holzimitat<\/li>\n<li>St\u00fchle aus wei\u00dfem Aluminium mit Armlehnen aus Polywood-Holzimitat und grauen Kissen<\/li>\n<li>Tischma\u00dfe: 80\u00d780 cm ( geschlossen ) 160\u00d780 cm ( ausgezogen )<\/li>\n<\/ul>\n","protected":false},"featured_media":120352,"comment_status":"closed","ping_status":"closed","template":"","meta":{"_acf_changed":false},"product_brand":[],"product_cat":[3241,3238],"product_tag":[3376,3374,3252,3377],"class_list":{"0":"post-120334","1":"product","2":"type-product","3":"status-publish","4":"has-post-thumbnail","6":"product_cat-gartentisch-und-stuhlgarnitur","7":"product_cat-speisesale-im-freien","8":"product_tag-aluminium-de","9":"product_tag-kleine-raume","10":"product_tag-osaka-de","11":"product_tag-tokio","12":"product_shipping_class-envio-gratuito-de","13":"pa_ancho-80-de","14":"pa_asientos-4-de","15":"pa_caracteristicas-armlehne","16":"pa_caracteristicas-erweiterbar","17":"pa_caracteristicas-stapelbar","18":"pa_caracteristicas-wasserdicht","19":"pa_coleccion-osaka-de","20":"pa_espacio-2-56-de","21":"pa_forma-rechteckig","22":"pa_largo-320-de","23":"pa_m2-256-de","24":"pa_material-aluminium","25":"pa_material-gehartetes-glas","26":"pa_tamano-espacio-klein","28":"first","29":"instock","30":"sale","31":"purchasable","32":"product-type-simple","33":"add-to-wishlist-before_image"},"acf":[],"yoast_head":"<!-- This site is optimized with the Yoast SEO plugin v27.4 - https:\/\/yoast.com\/product\/yoast-seo-wordpress\/ -->\n<title>Gartentischgarnitur 160\/80x80 cm und 4 St\u00fchle aus wei\u00dfem Aluminium \u2013 Osaka - Kerama<\/title>\n<meta name=\"robots\" content=\"index, follow, max-snippet:-1, max-image-preview:large, max-video-preview:-1\" \/>\n<link rel=\"canonical\" href=\"https:\/\/keramamueblesdejardin.com\/de\/speisesale-im-freien\/gartentisch-und-stuhlgarnitur\/set-tisch-garten-160-80x80-cm-y-4-stuhle-aluminium-weiss-osaka\/\" \/>\n<meta property=\"og:locale\" content=\"de_DE\" \/>\n<meta property=\"og:type\" content=\"article\" \/>\n<meta property=\"og:title\" content=\"Gartentischgarnitur 160\/80x80 cm und 4 St\u00fchle aus wei\u00dfem Aluminium \u2013 Osaka - Kerama\" \/>\n<meta property=\"og:description\" content=\"Gartengarnitur mit Tisch und 4 stapelbaren St\u00fchlen Osaka  Ausziehbarer Tisch aus wei\u00dfem Aluminium und Latten aus Polywood-Holzimitat  St\u00fchle aus wei\u00dfem Aluminium mit Armlehnen aus Polywood-Holzimitat und grauen Kissen  Tischma\u00dfe: 80\u00d780 cm ( geschlossen ) 160\u00d780 cm ( ausgezogen )\" \/>\n<meta property=\"og:url\" content=\"https:\/\/keramamueblesdejardin.com\/de\/speisesale-im-freien\/gartentisch-und-stuhlgarnitur\/set-tisch-garten-160-80x80-cm-y-4-stuhle-aluminium-weiss-osaka\/\" \/>\n<meta property=\"og:site_name\" content=\"Kerama\" \/>\n<meta property=\"article:publisher\" content=\"https:\/\/www.facebook.com\/Kerama-Muebles-de-Jard%c3%adn-106209328312568\/\" \/>\n<meta property=\"article:modified_time\" content=\"2026-02-10T19:06:19+00:00\" \/>\n<meta property=\"og:image\" content=\"https:\/\/keramamueblesdejardin.com\/wp-content\/uploads\/2021\/10\/L1440646_SILU_-scaled-e1697714479286.jpg\" \/>\n\t<meta property=\"og:image:width\" content=\"1200\" \/>\n\t<meta property=\"og:image:height\" content=\"1200\" \/>\n\t<meta property=\"og:image:type\" content=\"image\/jpeg\" \/>\n<meta name=\"twitter:card\" content=\"summary_large_image\" \/>\n<meta name=\"twitter:label1\" content=\"Gesch\u00e4tzte Lesezeit\" \/>\n\t<meta name=\"twitter:data1\" content=\"1\u00a0Minute\" \/>\n<script type=\"application\/ld+json\" class=\"yoast-schema-graph\">{\"@context\":\"https:\\\/\\\/schema.org\",\"@graph\":[{\"@type\":\"WebPage\",\"@id\":\"https:\\\/\\\/keramamueblesdejardin.com\\\/de\\\/speisesale-im-freien\\\/gartentisch-und-stuhlgarnitur\\\/set-tisch-garten-160-80x80-cm-y-4-stuhle-aluminium-weiss-osaka\\\/\",\"url\":\"https:\\\/\\\/keramamueblesdejardin.com\\\/de\\\/speisesale-im-freien\\\/gartentisch-und-stuhlgarnitur\\\/set-tisch-garten-160-80x80-cm-y-4-stuhle-aluminium-weiss-osaka\\\/\",\"name\":\"Gartentischgarnitur 160\\\/80x80 cm und 4 St\u00fchle aus wei\u00dfem Aluminium \u2013 Osaka - Kerama\",\"isPartOf\":{\"@id\":\"https:\\\/\\\/keramamueblesdejardin.com\\\/de\\\/#website\"},\"primaryImageOfPage\":{\"@id\":\"https:\\\/\\\/keramamueblesdejardin.com\\\/de\\\/speisesale-im-freien\\\/gartentisch-und-stuhlgarnitur\\\/set-tisch-garten-160-80x80-cm-y-4-stuhle-aluminium-weiss-osaka\\\/#primaryimage\"},\"image\":{\"@id\":\"https:\\\/\\\/keramamueblesdejardin.com\\\/de\\\/speisesale-im-freien\\\/gartentisch-und-stuhlgarnitur\\\/set-tisch-garten-160-80x80-cm-y-4-stuhle-aluminium-weiss-osaka\\\/#primaryimage\"},\"thumbnailUrl\":\"https:\\\/\\\/keramamueblesdejardin.com\\\/wp-content\\\/uploads\\\/2021\\\/10\\\/L1440646_SILU_-scaled-e1697714479286.jpg\",\"datePublished\":\"2021-10-14T15:44:48+00:00\",\"dateModified\":\"2026-02-10T19:06:19+00:00\",\"breadcrumb\":{\"@id\":\"https:\\\/\\\/keramamueblesdejardin.com\\\/de\\\/speisesale-im-freien\\\/gartentisch-und-stuhlgarnitur\\\/set-tisch-garten-160-80x80-cm-y-4-stuhle-aluminium-weiss-osaka\\\/#breadcrumb\"},\"inLanguage\":\"de\",\"potentialAction\":[{\"@type\":\"ReadAction\",\"target\":[\"https:\\\/\\\/keramamueblesdejardin.com\\\/de\\\/speisesale-im-freien\\\/gartentisch-und-stuhlgarnitur\\\/set-tisch-garten-160-80x80-cm-y-4-stuhle-aluminium-weiss-osaka\\\/\"]}]},{\"@type\":\"ImageObject\",\"inLanguage\":\"de\",\"@id\":\"https:\\\/\\\/keramamueblesdejardin.com\\\/de\\\/speisesale-im-freien\\\/gartentisch-und-stuhlgarnitur\\\/set-tisch-garten-160-80x80-cm-y-4-stuhle-aluminium-weiss-osaka\\\/#primaryimage\",\"url\":\"https:\\\/\\\/keramamueblesdejardin.com\\\/wp-content\\\/uploads\\\/2021\\\/10\\\/L1440646_SILU_-scaled-e1697714479286.jpg\",\"contentUrl\":\"https:\\\/\\\/keramamueblesdejardin.com\\\/wp-content\\\/uploads\\\/2021\\\/10\\\/L1440646_SILU_-scaled-e1697714479286.jpg\",\"width\":1200,\"height\":1200},{\"@type\":\"BreadcrumbList\",\"@id\":\"https:\\\/\\\/keramamueblesdejardin.com\\\/de\\\/speisesale-im-freien\\\/gartentisch-und-stuhlgarnitur\\\/set-tisch-garten-160-80x80-cm-y-4-stuhle-aluminium-weiss-osaka\\\/#breadcrumb\",\"itemListElement\":[{\"@type\":\"ListItem\",\"position\":1,\"name\":\"Home\",\"item\":\"https:\\\/\\\/keramamueblesdejardin.com\\\/de\\\/\"},{\"@type\":\"ListItem\",\"position\":2,\"name\":\"Laden\",\"item\":\"https:\\\/\\\/keramamueblesdejardin.com\\\/de\\\/laden\\\/\"},{\"@type\":\"ListItem\",\"position\":3,\"name\":\"Speises\u00e4le im Freien\",\"item\":\"https:\\\/\\\/keramamueblesdejardin.com\\\/de\\\/speisesale-im-freien\\\/\"},{\"@type\":\"ListItem\",\"position\":4,\"name\":\"Gartentisch- und Stuhlgarnitur\",\"item\":\"https:\\\/\\\/keramamueblesdejardin.com\\\/de\\\/speisesale-im-freien\\\/gartentisch-und-stuhlgarnitur\\\/\"},{\"@type\":\"ListItem\",\"position\":5,\"name\":\"Gartentischgarnitur 160\\\/80&#215;80 cm und 4 St\u00fchle aus wei\u00dfem Aluminium \u2013 Osaka\"}]},{\"@type\":\"WebSite\",\"@id\":\"https:\\\/\\\/keramamueblesdejardin.com\\\/de\\\/#website\",\"url\":\"https:\\\/\\\/keramamueblesdejardin.com\\\/de\\\/\",\"name\":\"Kerama\",\"description\":\"muebles de jard\u00edn\",\"publisher\":{\"@id\":\"https:\\\/\\\/keramamueblesdejardin.com\\\/de\\\/#organization\"},\"potentialAction\":[{\"@type\":\"SearchAction\",\"target\":{\"@type\":\"EntryPoint\",\"urlTemplate\":\"https:\\\/\\\/keramamueblesdejardin.com\\\/de\\\/?s={search_term_string}\"},\"query-input\":{\"@type\":\"PropertyValueSpecification\",\"valueRequired\":true,\"valueName\":\"search_term_string\"}}],\"inLanguage\":\"de\"},{\"@type\":\"Organization\",\"@id\":\"https:\\\/\\\/keramamueblesdejardin.com\\\/de\\\/#organization\",\"name\":\"kerama\",\"url\":\"https:\\\/\\\/keramamueblesdejardin.com\\\/de\\\/\",\"logo\":{\"@type\":\"ImageObject\",\"inLanguage\":\"de\",\"@id\":\"https:\\\/\\\/keramamueblesdejardin.com\\\/de\\\/#\\\/schema\\\/logo\\\/image\\\/\",\"url\":\"https:\\\/\\\/keramamueblesdejardin.com\\\/wp-content\\\/uploads\\\/2020\\\/12\\\/k.-scaled.jpg\",\"contentUrl\":\"https:\\\/\\\/keramamueblesdejardin.com\\\/wp-content\\\/uploads\\\/2020\\\/12\\\/k.-scaled.jpg\",\"width\":2560,\"height\":551,\"caption\":\"kerama\"},\"image\":{\"@id\":\"https:\\\/\\\/keramamueblesdejardin.com\\\/de\\\/#\\\/schema\\\/logo\\\/image\\\/\"},\"sameAs\":[\"https:\\\/\\\/www.facebook.com\\\/Kerama-Muebles-de-Jard\u00edn-106209328312568\\\/\"]}]}<\/script>\n<!-- \/ Yoast SEO plugin. -->","yoast_head_json":{"title":"Gartentischgarnitur 160\/80x80 cm und 4 St\u00fchle aus wei\u00dfem Aluminium \u2013 Osaka - Kerama","robots":{"index":"index","follow":"follow","max-snippet":"max-snippet:-1","max-image-preview":"max-image-preview:large","max-video-preview":"max-video-preview:-1"},"canonical":"https:\/\/keramamueblesdejardin.com\/de\/speisesale-im-freien\/gartentisch-und-stuhlgarnitur\/set-tisch-garten-160-80x80-cm-y-4-stuhle-aluminium-weiss-osaka\/","og_locale":"de_DE","og_type":"article","og_title":"Gartentischgarnitur 160\/80x80 cm und 4 St\u00fchle aus wei\u00dfem Aluminium \u2013 Osaka - Kerama","og_description":"Gartengarnitur mit Tisch und 4 stapelbaren St\u00fchlen Osaka  Ausziehbarer Tisch aus wei\u00dfem Aluminium und Latten aus Polywood-Holzimitat  St\u00fchle aus wei\u00dfem Aluminium mit Armlehnen aus Polywood-Holzimitat und grauen Kissen  Tischma\u00dfe: 80\u00d780 cm ( geschlossen ) 160\u00d780 cm ( ausgezogen )","og_url":"https:\/\/keramamueblesdejardin.com\/de\/speisesale-im-freien\/gartentisch-und-stuhlgarnitur\/set-tisch-garten-160-80x80-cm-y-4-stuhle-aluminium-weiss-osaka\/","og_site_name":"Kerama","article_publisher":"https:\/\/www.facebook.com\/Kerama-Muebles-de-Jard%c3%adn-106209328312568\/","article_modified_time":"2026-02-10T19:06:19+00:00","og_image":[{"width":1200,"height":1200,"url":"https:\/\/keramamueblesdejardin.com\/wp-content\/uploads\/2021\/10\/L1440646_SILU_-scaled-e1697714479286.jpg","type":"image\/jpeg"}],"twitter_card":"summary_large_image","twitter_misc":{"Gesch\u00e4tzte Lesezeit":"1\u00a0Minute"},"schema":{"@context":"https:\/\/schema.org","@graph":[{"@type":"WebPage","@id":"https:\/\/keramamueblesdejardin.com\/de\/speisesale-im-freien\/gartentisch-und-stuhlgarnitur\/set-tisch-garten-160-80x80-cm-y-4-stuhle-aluminium-weiss-osaka\/","url":"https:\/\/keramamueblesdejardin.com\/de\/speisesale-im-freien\/gartentisch-und-stuhlgarnitur\/set-tisch-garten-160-80x80-cm-y-4-stuhle-aluminium-weiss-osaka\/","name":"Gartentischgarnitur 160\/80x80 cm und 4 St\u00fchle aus wei\u00dfem Aluminium \u2013 Osaka - Kerama","isPartOf":{"@id":"https:\/\/keramamueblesdejardin.com\/de\/#website"},"primaryImageOfPage":{"@id":"https:\/\/keramamueblesdejardin.com\/de\/speisesale-im-freien\/gartentisch-und-stuhlgarnitur\/set-tisch-garten-160-80x80-cm-y-4-stuhle-aluminium-weiss-osaka\/#primaryimage"},"image":{"@id":"https:\/\/keramamueblesdejardin.com\/de\/speisesale-im-freien\/gartentisch-und-stuhlgarnitur\/set-tisch-garten-160-80x80-cm-y-4-stuhle-aluminium-weiss-osaka\/#primaryimage"},"thumbnailUrl":"https:\/\/keramamueblesdejardin.com\/wp-content\/uploads\/2021\/10\/L1440646_SILU_-scaled-e1697714479286.jpg","datePublished":"2021-10-14T15:44:48+00:00","dateModified":"2026-02-10T19:06:19+00:00","breadcrumb":{"@id":"https:\/\/keramamueblesdejardin.com\/de\/speisesale-im-freien\/gartentisch-und-stuhlgarnitur\/set-tisch-garten-160-80x80-cm-y-4-stuhle-aluminium-weiss-osaka\/#breadcrumb"},"inLanguage":"de","potentialAction":[{"@type":"ReadAction","target":["https:\/\/keramamueblesdejardin.com\/de\/speisesale-im-freien\/gartentisch-und-stuhlgarnitur\/set-tisch-garten-160-80x80-cm-y-4-stuhle-aluminium-weiss-osaka\/"]}]},{"@type":"ImageObject","inLanguage":"de","@id":"https:\/\/keramamueblesdejardin.com\/de\/speisesale-im-freien\/gartentisch-und-stuhlgarnitur\/set-tisch-garten-160-80x80-cm-y-4-stuhle-aluminium-weiss-osaka\/#primaryimage","url":"https:\/\/keramamueblesdejardin.com\/wp-content\/uploads\/2021\/10\/L1440646_SILU_-scaled-e1697714479286.jpg","contentUrl":"https:\/\/keramamueblesdejardin.com\/wp-content\/uploads\/2021\/10\/L1440646_SILU_-scaled-e1697714479286.jpg","width":1200,"height":1200},{"@type":"BreadcrumbList","@id":"https:\/\/keramamueblesdejardin.com\/de\/speisesale-im-freien\/gartentisch-und-stuhlgarnitur\/set-tisch-garten-160-80x80-cm-y-4-stuhle-aluminium-weiss-osaka\/#breadcrumb","itemListElement":[{"@type":"ListItem","position":1,"name":"Home","item":"https:\/\/keramamueblesdejardin.com\/de\/"},{"@type":"ListItem","position":2,"name":"Laden","item":"https:\/\/keramamueblesdejardin.com\/de\/laden\/"},{"@type":"ListItem","position":3,"name":"Speises\u00e4le im Freien","item":"https:\/\/keramamueblesdejardin.com\/de\/speisesale-im-freien\/"},{"@type":"ListItem","position":4,"name":"Gartentisch- und Stuhlgarnitur","item":"https:\/\/keramamueblesdejardin.com\/de\/speisesale-im-freien\/gartentisch-und-stuhlgarnitur\/"},{"@type":"ListItem","position":5,"name":"Gartentischgarnitur 160\/80&#215;80 cm und 4 St\u00fchle aus wei\u00dfem Aluminium \u2013 Osaka"}]},{"@type":"WebSite","@id":"https:\/\/keramamueblesdejardin.com\/de\/#website","url":"https:\/\/keramamueblesdejardin.com\/de\/","name":"Kerama","description":"muebles de jard\u00edn","publisher":{"@id":"https:\/\/keramamueblesdejardin.com\/de\/#organization"},"potentialAction":[{"@type":"SearchAction","target":{"@type":"EntryPoint","urlTemplate":"https:\/\/keramamueblesdejardin.com\/de\/?s={search_term_string}"},"query-input":{"@type":"PropertyValueSpecification","valueRequired":true,"valueName":"search_term_string"}}],"inLanguage":"de"},{"@type":"Organization","@id":"https:\/\/keramamueblesdejardin.com\/de\/#organization","name":"kerama","url":"https:\/\/keramamueblesdejardin.com\/de\/","logo":{"@type":"ImageObject","inLanguage":"de","@id":"https:\/\/keramamueblesdejardin.com\/de\/#\/schema\/logo\/image\/","url":"https:\/\/keramamueblesdejardin.com\/wp-content\/uploads\/2020\/12\/k.-scaled.jpg","contentUrl":"https:\/\/keramamueblesdejardin.com\/wp-content\/uploads\/2020\/12\/k.-scaled.jpg","width":2560,"height":551,"caption":"kerama"},"image":{"@id":"https:\/\/keramamueblesdejardin.com\/de\/#\/schema\/logo\/image\/"},"sameAs":["https:\/\/www.facebook.com\/Kerama-Muebles-de-Jard\u00edn-106209328312568\/"]}]}},"df_price":919,"df_sale_price":919,"df_regular_price":1130,"df_image_link":"https:\/\/keramamueblesdejardin.com\/wp-content\/uploads\/2021\/10\/L1440646_SILU_-300x300.jpg","custom_tabs":[{"title":"MESSUNG","id":"messung","content":"<strong>Hoch:<\/strong> Stuhl 87 cm \/ Tisch 75 cm\n<strong>Breite:<\/strong> Stuhl 56,5 cm \/ Tisch 80 cm\n<strong>Tiefe:<\/strong> Stuhl 54 cm \/ Tisch 80 cm ( ausgezogen ) 160 cm ( ausgefahren )\n <strong>Sitzh\u00f6he:<\/strong> 50 cm\n<strong>Sitztiefe:<\/strong> 50 cm"},{"title":"AUSPACKEN UND MONTIEREN","id":"auspacken-und-montieren","content":"<strong>Empfehlungen zum Auspacken:<\/strong> Verwenden Sie beim Auspacken der M\u00f6bel keine scharfen Utensilien, da dies zu Besch\u00e4digungen f\u00fchren kann\n<strong>Montage erforderlich (ja\/nein):<\/strong> Ja\n<strong>Schwierigkeitsgrad der Montage:<\/strong> Niedrig\n<strong>Montagezeit:<\/strong> 20 Minuten\n<strong>Empfohlene Personen f\u00fcr die Montage:<\/strong> 2\n<strong>Montagevorschl\u00e4ge:<\/strong> Bereiten Sie einen sauberen und trockenen Montagebereich vor und stellen Sie sicher, dass keines der im Handbuch angegebenen Teile fehlt. Wir empfehlen das Tragen von Montagehandschuhen. Verwenden Sie nur die mitgelieferten Teile und Hardware. Wir empfehlen NICHT den Kauf mit Montageoption f\u00fcr diesen Artikel, da der Montageschwierigkeitsgrad sehr gering ist."},{"title":"WARTUNG UND GARANTIEN","id":"wartung-und-garantien","content":"<strong>Allgemeine Empfehlungen:<\/strong>\n\u2022 Defekte oder Sch\u00e4den verursacht durch:\n \u2022 Unfallverursachende Ursachen wie St\u00fcrze, Schl\u00e4ge, Versch\u00fctten von Fl\u00fcssigkeiten, Einschleppen von Fremdk\u00f6rpern sowie andere h\u00f6here Gewalt sind von der Garantie ausgeschlossen.\n\u2022 Fahrl\u00e4ssige, unangemessene oder nicht-h\u00e4usliche Nutzung, Nichtbefolgen der Anweisungen.\n\u2022 Sch\u00e4den, Korrosion und\/oder Oxidation, beschleunigt durch ung\u00fcnstige\n Umweltbedingungen\u2022 Flecken und Verf\u00e4rbungen durch Nichtbefolgung unserer Reinigungsanweisungen\n\u2022 Sch\u00e4den entstehen w\u00e4hrend der Montage und Handhabung, ohne die angegebenen Montageanweisungen befolgt zu haben.\n\n<strong>Anleitungen f\u00fcr Anwendung und Wartung:<\/strong>\n\u2022 An sonnigen Tagen verwenden Sie eine Tischdecke, besonders bei Gl\u00e4sern, Gl\u00e4sern und Glasbeh\u00e4ltern, da dies die Sonnentemperatur erh\u00f6ht und Polystyrol schmelzen kann. Vermeiden Sie jegliche Art von Deckung, die denselben Effekt erzeugen kann.\n\u2022 Reinigen Sie vorsichtig mit einem Tuch oder verwenden Sie eine neutrale Fl\u00fcssigseife, wobei Sie mit viel Wasser absp\u00fclen.\n\u2022 Entfernen Sie regelm\u00e4\u00dfig Staub mit Hilfe eines weichen Tuchs und klarem Wasser.\n\u2022 Verwenden Sie keine Waschmittel oder Schleifmittel zur Reinigung.\n\u2022 Nach Regen den Tisch mit einem sauberen Tuch trocknen, um Flecken\n zu vermeiden \u2022 Sch\u00fctzen Sie mit einer atmungsaktiven Tischdecke oder einer Schutzabdeckung\nJahre <strong>Garantie: 3 Jahre<\/strong>\n<strong>Hergestellt nach Norm:<\/strong> 581-1.581-2.581-3"}],"_links":{"self":[{"href":"https:\/\/keramamueblesdejardin.com\/de\/wp-json\/wp\/v2\/product\/120334","targetHints":{"allow":["GET"]}}],"collection":[{"href":"https:\/\/keramamueblesdejardin.com\/de\/wp-json\/wp\/v2\/product"}],"about":[{"href":"https:\/\/keramamueblesdejardin.com\/de\/wp-json\/wp\/v2\/types\/product"}],"replies":[{"embeddable":true,"href":"https:\/\/keramamueblesdejardin.com\/de\/wp-json\/wp\/v2\/comments?post=120334"}],"wp:featuredmedia":[{"embeddable":true,"href":"https:\/\/keramamueblesdejardin.com\/de\/wp-json\/wp\/v2\/media\/120352"}],"wp:attachment":[{"href":"https:\/\/keramamueblesdejardin.com\/de\/wp-json\/wp\/v2\/media?parent=120334"}],"wp:term":[{"taxonomy":"product_brand","embeddable":true,"href":"https:\/\/keramamueblesdejardin.com\/de\/wp-json\/wp\/v2\/product_brand?post=120334"},{"taxonomy":"product_cat","embeddable":true,"href":"https:\/\/keramamueblesdejardin.com\/de\/wp-json\/wp\/v2\/product_cat?post=120334"},{"taxonomy":"product_tag","embeddable":true,"href":"https:\/\/keramamueblesdejardin.com\/de\/wp-json\/wp\/v2\/product_tag?post=120334"}],"curies":[{"name":"wp","href":"https:\/\/api.w.org\/{rel}","templated":true}]}}