{"id":120274,"date":"2021-10-14T17:44:42","date_gmt":"2021-10-14T15:44:42","guid":{"rendered":"https:\/\/keramamueblesdejardin.com\/uncategorized\/bezug-fuer-gartenmoebel-liegestuehle-200x80x78-terrakotta-protech\/"},"modified":"2023-08-30T08:08:00","modified_gmt":"2023-08-30T06:08:00","slug":"bezug-fur-gartenmobel-sonnenliegen-200x80x78-terrakotta-protech","status":"publish","type":"product","link":"https:\/\/keramamueblesdejardin.com\/de\/exterieur-zubehor\/abdeckungen-fur-gartenmobel\/bezug-fur-gartenmobel-sonnenliegen-200x80x78-terrakotta-protech\/","title":{"rendered":"Bezug f\u00fcr Gartenm\u00f6bel Liegest\u00fchle 200x80x78 Terrakotta &#8211; Protech"},"content":{"rendered":"<p>Bezug f\u00fcr Gartenm\u00f6bel 200x80x78cm ideal f\u00fcr Stapel von Sonnenliegen. Der verwendete Stoff ist von h\u00f6chster Qualit\u00e4t (massengef\u00e4rbtes Acryl) und tr\u00e4gt eine laminierte Behandlung, die ihn wetterfest und wasserdicht macht. Inklusive Velcro Gurten zur Anpassung an die M\u00f6bel. Wir empfehlen, immer einen Gegenstand unter die Abdeckung zu legen, damit die Oberfl\u00e4che der Abdeckung immer erh\u00f6ht ist und somit die Bildung von Wassertaschen bei Regen vermieden wird. Dar\u00fcber hinaus empfehlen wir auch, die M\u00f6bel nicht vollst\u00e4ndig zu verkleiden, damit die bezogenen M\u00f6bel atmen k\u00f6nnen. Terrakotta-Farbe<\/p>\n","protected":false},"excerpt":{"rendered":"<ul>\n<li>Abdeckung f\u00fcr Gartenm\u00f6bel 200x80x78cm ideal f\u00fcr Stapel von Liegen<\/li>\n<li>Der verwendete Stoff besteht aus hochwertigem, terrakottafarbenem, massengef\u00e4rbtem Acryl<\/li>\n<li>Wetterfest und wasserdicht dank innenliegendem Weichmacher<\/li>\n<\/ul>\n","protected":false},"featured_media":120323,"comment_status":"closed","ping_status":"closed","template":"","meta":{"_acf_changed":false},"product_brand":[],"product_cat":[3511,3271],"product_tag":[3558,3554,3556,3557,3555],"class_list":{"0":"post-120274","1":"product","2":"type-product","3":"status-publish","4":"has-post-thumbnail","6":"product_cat-abdeckungen-fur-gartenmobel","7":"product_cat-exterieur-zubehor","8":"product_tag-acryl","9":"product_tag-deckt","10":"product_tag-mobel","11":"product_tag-regenmantel","12":"product_tag-schutz","13":"product_shipping_class-envio-gratuito-de","14":"pa_caracteristicas-wasserdicht","15":"pa_coleccion-protech-de","16":"pa_material-stoff","18":"first","19":"outofstock","20":"sale","21":"purchasable","22":"product-type-simple","23":"add-to-wishlist-before_image"},"acf":[],"yoast_head":"<!-- This site is optimized with the Yoast SEO plugin v27.2 - https:\/\/yoast.com\/product\/yoast-seo-wordpress\/ -->\n<title>Bezug f\u00fcr Gartenm\u00f6bel Liegest\u00fchle 200x80x78 Terrakotta - Protech - Kerama<\/title>\n<meta name=\"robots\" content=\"index, follow, max-snippet:-1, max-image-preview:large, max-video-preview:-1\" \/>\n<link rel=\"canonical\" href=\"https:\/\/keramamueblesdejardin.com\/de\/exterieur-zubehor\/abdeckungen-fur-gartenmobel\/bezug-fur-gartenmobel-sonnenliegen-200x80x78-terrakotta-protech\/\" \/>\n<meta property=\"og:locale\" content=\"de_DE\" \/>\n<meta property=\"og:type\" content=\"article\" \/>\n<meta property=\"og:title\" content=\"Bezug f\u00fcr Gartenm\u00f6bel Liegest\u00fchle 200x80x78 Terrakotta - Protech - Kerama\" \/>\n<meta property=\"og:description\" content=\"Abdeckung f\u00fcr Gartenm\u00f6bel 200x80x78cm ideal f\u00fcr Stapel von Liegen  Der verwendete Stoff besteht aus hochwertigem, terrakottafarbenem, massengef\u00e4rbtem Acryl  Wetterfest und wasserdicht dank innenliegendem Weichmacher\" \/>\n<meta property=\"og:url\" content=\"https:\/\/keramamueblesdejardin.com\/de\/exterieur-zubehor\/abdeckungen-fur-gartenmobel\/bezug-fur-gartenmobel-sonnenliegen-200x80x78-terrakotta-protech\/\" \/>\n<meta property=\"og:site_name\" content=\"Kerama\" \/>\n<meta property=\"article:publisher\" content=\"https:\/\/www.facebook.com\/Kerama-Muebles-de-Jard%c3%adn-106209328312568\/\" \/>\n<meta property=\"article:modified_time\" content=\"2023-08-30T06:08:00+00:00\" \/>\n<meta property=\"og:image\" content=\"https:\/\/keramamueblesdejardin.com\/wp-content\/uploads\/2021\/10\/KMJ21352_01-scaled.jpg\" \/>\n\t<meta property=\"og:image:width\" content=\"2560\" \/>\n\t<meta property=\"og:image:height\" content=\"2560\" \/>\n\t<meta property=\"og:image:type\" content=\"image\/jpeg\" \/>\n<meta name=\"twitter:card\" content=\"summary_large_image\" \/>\n<meta name=\"twitter:label1\" content=\"Gesch\u00e4tzte Lesezeit\" \/>\n\t<meta name=\"twitter:data1\" content=\"1\u00a0Minute\" \/>\n<script type=\"application\/ld+json\" class=\"yoast-schema-graph\">{\"@context\":\"https:\/\/schema.org\",\"@graph\":[{\"@type\":\"WebPage\",\"@id\":\"https:\/\/keramamueblesdejardin.com\/de\/exterieur-zubehor\/abdeckungen-fur-gartenmobel\/bezug-fur-gartenmobel-sonnenliegen-200x80x78-terrakotta-protech\/\",\"url\":\"https:\/\/keramamueblesdejardin.com\/de\/exterieur-zubehor\/abdeckungen-fur-gartenmobel\/bezug-fur-gartenmobel-sonnenliegen-200x80x78-terrakotta-protech\/\",\"name\":\"Bezug f\u00fcr Gartenm\u00f6bel Liegest\u00fchle 200x80x78 Terrakotta - Protech - Kerama\",\"isPartOf\":{\"@id\":\"https:\/\/keramamueblesdejardin.com\/de\/#website\"},\"primaryImageOfPage\":{\"@id\":\"https:\/\/keramamueblesdejardin.com\/de\/exterieur-zubehor\/abdeckungen-fur-gartenmobel\/bezug-fur-gartenmobel-sonnenliegen-200x80x78-terrakotta-protech\/#primaryimage\"},\"image\":{\"@id\":\"https:\/\/keramamueblesdejardin.com\/de\/exterieur-zubehor\/abdeckungen-fur-gartenmobel\/bezug-fur-gartenmobel-sonnenliegen-200x80x78-terrakotta-protech\/#primaryimage\"},\"thumbnailUrl\":\"https:\/\/keramamueblesdejardin.com\/wp-content\/uploads\/2021\/10\/KMJ21352_01-scaled.jpg\",\"datePublished\":\"2021-10-14T15:44:42+00:00\",\"dateModified\":\"2023-08-30T06:08:00+00:00\",\"breadcrumb\":{\"@id\":\"https:\/\/keramamueblesdejardin.com\/de\/exterieur-zubehor\/abdeckungen-fur-gartenmobel\/bezug-fur-gartenmobel-sonnenliegen-200x80x78-terrakotta-protech\/#breadcrumb\"},\"inLanguage\":\"de\",\"potentialAction\":[{\"@type\":\"ReadAction\",\"target\":[\"https:\/\/keramamueblesdejardin.com\/de\/exterieur-zubehor\/abdeckungen-fur-gartenmobel\/bezug-fur-gartenmobel-sonnenliegen-200x80x78-terrakotta-protech\/\"]}]},{\"@type\":\"ImageObject\",\"inLanguage\":\"de\",\"@id\":\"https:\/\/keramamueblesdejardin.com\/de\/exterieur-zubehor\/abdeckungen-fur-gartenmobel\/bezug-fur-gartenmobel-sonnenliegen-200x80x78-terrakotta-protech\/#primaryimage\",\"url\":\"https:\/\/keramamueblesdejardin.com\/wp-content\/uploads\/2021\/10\/KMJ21352_01-scaled.jpg\",\"contentUrl\":\"https:\/\/keramamueblesdejardin.com\/wp-content\/uploads\/2021\/10\/KMJ21352_01-scaled.jpg\",\"width\":2560,\"height\":2560},{\"@type\":\"BreadcrumbList\",\"@id\":\"https:\/\/keramamueblesdejardin.com\/de\/exterieur-zubehor\/abdeckungen-fur-gartenmobel\/bezug-fur-gartenmobel-sonnenliegen-200x80x78-terrakotta-protech\/#breadcrumb\",\"itemListElement\":[{\"@type\":\"ListItem\",\"position\":1,\"name\":\"Home\",\"item\":\"https:\/\/keramamueblesdejardin.com\/de\/\"},{\"@type\":\"ListItem\",\"position\":2,\"name\":\"Laden\",\"item\":\"https:\/\/keramamueblesdejardin.com\/de\/laden\/\"},{\"@type\":\"ListItem\",\"position\":3,\"name\":\"Exterieur-Zubeh\u00f6r\",\"item\":\"https:\/\/keramamueblesdejardin.com\/de\/exterieur-zubehor\/\"},{\"@type\":\"ListItem\",\"position\":4,\"name\":\"Abdeckungen f\u00fcr Gartenm\u00f6bel\",\"item\":\"https:\/\/keramamueblesdejardin.com\/de\/exterieur-zubehor\/abdeckungen-fur-gartenmobel\/\"},{\"@type\":\"ListItem\",\"position\":5,\"name\":\"Bezug f\u00fcr Gartenm\u00f6bel Liegest\u00fchle 200x80x78 Terrakotta &#8211; Protech\"}]},{\"@type\":\"WebSite\",\"@id\":\"https:\/\/keramamueblesdejardin.com\/de\/#website\",\"url\":\"https:\/\/keramamueblesdejardin.com\/de\/\",\"name\":\"Kerama\",\"description\":\"muebles de jard\u00edn\",\"publisher\":{\"@id\":\"https:\/\/keramamueblesdejardin.com\/de\/#organization\"},\"potentialAction\":[{\"@type\":\"SearchAction\",\"target\":{\"@type\":\"EntryPoint\",\"urlTemplate\":\"https:\/\/keramamueblesdejardin.com\/de\/?s={search_term_string}\"},\"query-input\":{\"@type\":\"PropertyValueSpecification\",\"valueRequired\":true,\"valueName\":\"search_term_string\"}}],\"inLanguage\":\"de\"},{\"@type\":\"Organization\",\"@id\":\"https:\/\/keramamueblesdejardin.com\/de\/#organization\",\"name\":\"kerama\",\"url\":\"https:\/\/keramamueblesdejardin.com\/de\/\",\"logo\":{\"@type\":\"ImageObject\",\"inLanguage\":\"de\",\"@id\":\"https:\/\/keramamueblesdejardin.com\/de\/#\/schema\/logo\/image\/\",\"url\":\"https:\/\/keramamueblesdejardin.com\/wp-content\/uploads\/2020\/12\/k.-scaled.jpg\",\"contentUrl\":\"https:\/\/keramamueblesdejardin.com\/wp-content\/uploads\/2020\/12\/k.-scaled.jpg\",\"width\":2560,\"height\":551,\"caption\":\"kerama\"},\"image\":{\"@id\":\"https:\/\/keramamueblesdejardin.com\/de\/#\/schema\/logo\/image\/\"},\"sameAs\":[\"https:\/\/www.facebook.com\/Kerama-Muebles-de-Jard\u00edn-106209328312568\/\"]}]}<\/script>\n<!-- \/ Yoast SEO plugin. -->","yoast_head_json":{"title":"Bezug f\u00fcr Gartenm\u00f6bel Liegest\u00fchle 200x80x78 Terrakotta - Protech - Kerama","robots":{"index":"index","follow":"follow","max-snippet":"max-snippet:-1","max-image-preview":"max-image-preview:large","max-video-preview":"max-video-preview:-1"},"canonical":"https:\/\/keramamueblesdejardin.com\/de\/exterieur-zubehor\/abdeckungen-fur-gartenmobel\/bezug-fur-gartenmobel-sonnenliegen-200x80x78-terrakotta-protech\/","og_locale":"de_DE","og_type":"article","og_title":"Bezug f\u00fcr Gartenm\u00f6bel Liegest\u00fchle 200x80x78 Terrakotta - Protech - Kerama","og_description":"Abdeckung f\u00fcr Gartenm\u00f6bel 200x80x78cm ideal f\u00fcr Stapel von Liegen  Der verwendete Stoff besteht aus hochwertigem, terrakottafarbenem, massengef\u00e4rbtem Acryl  Wetterfest und wasserdicht dank innenliegendem Weichmacher","og_url":"https:\/\/keramamueblesdejardin.com\/de\/exterieur-zubehor\/abdeckungen-fur-gartenmobel\/bezug-fur-gartenmobel-sonnenliegen-200x80x78-terrakotta-protech\/","og_site_name":"Kerama","article_publisher":"https:\/\/www.facebook.com\/Kerama-Muebles-de-Jard%c3%adn-106209328312568\/","article_modified_time":"2023-08-30T06:08:00+00:00","og_image":[{"width":2560,"height":2560,"url":"https:\/\/keramamueblesdejardin.com\/wp-content\/uploads\/2021\/10\/KMJ21352_01-scaled.jpg","type":"image\/jpeg"}],"twitter_card":"summary_large_image","twitter_misc":{"Gesch\u00e4tzte Lesezeit":"1\u00a0Minute"},"schema":{"@context":"https:\/\/schema.org","@graph":[{"@type":"WebPage","@id":"https:\/\/keramamueblesdejardin.com\/de\/exterieur-zubehor\/abdeckungen-fur-gartenmobel\/bezug-fur-gartenmobel-sonnenliegen-200x80x78-terrakotta-protech\/","url":"https:\/\/keramamueblesdejardin.com\/de\/exterieur-zubehor\/abdeckungen-fur-gartenmobel\/bezug-fur-gartenmobel-sonnenliegen-200x80x78-terrakotta-protech\/","name":"Bezug f\u00fcr Gartenm\u00f6bel Liegest\u00fchle 200x80x78 Terrakotta - Protech - Kerama","isPartOf":{"@id":"https:\/\/keramamueblesdejardin.com\/de\/#website"},"primaryImageOfPage":{"@id":"https:\/\/keramamueblesdejardin.com\/de\/exterieur-zubehor\/abdeckungen-fur-gartenmobel\/bezug-fur-gartenmobel-sonnenliegen-200x80x78-terrakotta-protech\/#primaryimage"},"image":{"@id":"https:\/\/keramamueblesdejardin.com\/de\/exterieur-zubehor\/abdeckungen-fur-gartenmobel\/bezug-fur-gartenmobel-sonnenliegen-200x80x78-terrakotta-protech\/#primaryimage"},"thumbnailUrl":"https:\/\/keramamueblesdejardin.com\/wp-content\/uploads\/2021\/10\/KMJ21352_01-scaled.jpg","datePublished":"2021-10-14T15:44:42+00:00","dateModified":"2023-08-30T06:08:00+00:00","breadcrumb":{"@id":"https:\/\/keramamueblesdejardin.com\/de\/exterieur-zubehor\/abdeckungen-fur-gartenmobel\/bezug-fur-gartenmobel-sonnenliegen-200x80x78-terrakotta-protech\/#breadcrumb"},"inLanguage":"de","potentialAction":[{"@type":"ReadAction","target":["https:\/\/keramamueblesdejardin.com\/de\/exterieur-zubehor\/abdeckungen-fur-gartenmobel\/bezug-fur-gartenmobel-sonnenliegen-200x80x78-terrakotta-protech\/"]}]},{"@type":"ImageObject","inLanguage":"de","@id":"https:\/\/keramamueblesdejardin.com\/de\/exterieur-zubehor\/abdeckungen-fur-gartenmobel\/bezug-fur-gartenmobel-sonnenliegen-200x80x78-terrakotta-protech\/#primaryimage","url":"https:\/\/keramamueblesdejardin.com\/wp-content\/uploads\/2021\/10\/KMJ21352_01-scaled.jpg","contentUrl":"https:\/\/keramamueblesdejardin.com\/wp-content\/uploads\/2021\/10\/KMJ21352_01-scaled.jpg","width":2560,"height":2560},{"@type":"BreadcrumbList","@id":"https:\/\/keramamueblesdejardin.com\/de\/exterieur-zubehor\/abdeckungen-fur-gartenmobel\/bezug-fur-gartenmobel-sonnenliegen-200x80x78-terrakotta-protech\/#breadcrumb","itemListElement":[{"@type":"ListItem","position":1,"name":"Home","item":"https:\/\/keramamueblesdejardin.com\/de\/"},{"@type":"ListItem","position":2,"name":"Laden","item":"https:\/\/keramamueblesdejardin.com\/de\/laden\/"},{"@type":"ListItem","position":3,"name":"Exterieur-Zubeh\u00f6r","item":"https:\/\/keramamueblesdejardin.com\/de\/exterieur-zubehor\/"},{"@type":"ListItem","position":4,"name":"Abdeckungen f\u00fcr Gartenm\u00f6bel","item":"https:\/\/keramamueblesdejardin.com\/de\/exterieur-zubehor\/abdeckungen-fur-gartenmobel\/"},{"@type":"ListItem","position":5,"name":"Bezug f\u00fcr Gartenm\u00f6bel Liegest\u00fchle 200x80x78 Terrakotta &#8211; Protech"}]},{"@type":"WebSite","@id":"https:\/\/keramamueblesdejardin.com\/de\/#website","url":"https:\/\/keramamueblesdejardin.com\/de\/","name":"Kerama","description":"muebles de jard\u00edn","publisher":{"@id":"https:\/\/keramamueblesdejardin.com\/de\/#organization"},"potentialAction":[{"@type":"SearchAction","target":{"@type":"EntryPoint","urlTemplate":"https:\/\/keramamueblesdejardin.com\/de\/?s={search_term_string}"},"query-input":{"@type":"PropertyValueSpecification","valueRequired":true,"valueName":"search_term_string"}}],"inLanguage":"de"},{"@type":"Organization","@id":"https:\/\/keramamueblesdejardin.com\/de\/#organization","name":"kerama","url":"https:\/\/keramamueblesdejardin.com\/de\/","logo":{"@type":"ImageObject","inLanguage":"de","@id":"https:\/\/keramamueblesdejardin.com\/de\/#\/schema\/logo\/image\/","url":"https:\/\/keramamueblesdejardin.com\/wp-content\/uploads\/2020\/12\/k.-scaled.jpg","contentUrl":"https:\/\/keramamueblesdejardin.com\/wp-content\/uploads\/2020\/12\/k.-scaled.jpg","width":2560,"height":551,"caption":"kerama"},"image":{"@id":"https:\/\/keramamueblesdejardin.com\/de\/#\/schema\/logo\/image\/"},"sameAs":["https:\/\/www.facebook.com\/Kerama-Muebles-de-Jard\u00edn-106209328312568\/"]}]}},"df_price":58,"df_sale_price":58,"df_regular_price":75,"df_image_link":"https:\/\/keramamueblesdejardin.com\/wp-content\/uploads\/2021\/10\/KMJ21352_01-300x300.jpg","custom_tabs":[{"title":"MESSUNG","id":"messung","content":"<strong>H\u00f6he:<\/strong> 78 cm\n<strong>Breite:<\/strong> 80 cm\n<strong>L\u00e4nge:<\/strong> 200 cm"},{"title":"AUSPACKEN UND MONTIEREN","id":"auspacken-und-montieren","content":"Empfehlungen zum Auspacken: Verwenden Sie beim Auspacken der M\u00f6bel keine scharfen Utensilien, da dies zu Besch\u00e4digungen f\u00fchren kann\nMontage erforderlich (ja\/nein): Nein"},{"title":"WARTUNG UND GARANTIEN","id":"wartung-und-garantien","content":"<div class=\"moz-signature\">\n<div class=\"list\"><strong>Allgemeine Empfehlungen:<\/strong>\n\u2022 Pannen oder Sch\u00e4den, die verursacht werden durch:\n\u2022 Zuf\u00e4llige Ursachen wie St\u00fcrze, Schl\u00e4ge, Versch\u00fctten von Fl\u00fcssigkeiten, Einschleppen von Fremdk\u00f6rpern sowie andere h\u00f6here Gewalt.\n\u2022 Fahrl\u00e4ssiger, unsachgem\u00e4\u00dfer oder nicht h\u00e4uslicher Gebrauch.\n\u2022 Besch\u00e4digung, Korrosion und\/oder Oxidation beschleunigt durch widrige Umweltbedingungen\n\u2022 Flecken und Verf\u00e4rbungen durch Nichtbeachtung unserer Reinigungsanweisungen\n\u2022 Sch\u00e4den, die w\u00e4hrend der Montage und Handhabung auftreten, ohne die angegebenen Montageanweisungen befolgt zu haben.\n<strong>Gebrauchs- und Wartungshinweise:<\/strong>\n\u2022 Reinigen Sie mit Hilfe eines Tuchs vorsichtig oder verwenden Sie eine neutrale Fl\u00fcssigseife und sp\u00fclen Sie sie mit viel Wasser ab.\n\u2022 Entfernen Sie Staub regelm\u00e4\u00dfig mit Hilfe eines weichen Tuchs und klarem Wasser.\n\u2022 Verwenden Sie zum Reinigen keine Reinigungsmittel oder Scheuermittel.\nJahre <strong>Garantie: 3 Jahre<\/strong>\n<strong>Hergestellt nach Norm:<\/strong> 581-1.581-2.581-3<\/div>\n<\/div>"}],"_links":{"self":[{"href":"https:\/\/keramamueblesdejardin.com\/de\/wp-json\/wp\/v2\/product\/120274","targetHints":{"allow":["GET"]}}],"collection":[{"href":"https:\/\/keramamueblesdejardin.com\/de\/wp-json\/wp\/v2\/product"}],"about":[{"href":"https:\/\/keramamueblesdejardin.com\/de\/wp-json\/wp\/v2\/types\/product"}],"replies":[{"embeddable":true,"href":"https:\/\/keramamueblesdejardin.com\/de\/wp-json\/wp\/v2\/comments?post=120274"}],"wp:featuredmedia":[{"embeddable":true,"href":"https:\/\/keramamueblesdejardin.com\/de\/wp-json\/wp\/v2\/media\/120323"}],"wp:attachment":[{"href":"https:\/\/keramamueblesdejardin.com\/de\/wp-json\/wp\/v2\/media?parent=120274"}],"wp:term":[{"taxonomy":"product_brand","embeddable":true,"href":"https:\/\/keramamueblesdejardin.com\/de\/wp-json\/wp\/v2\/product_brand?post=120274"},{"taxonomy":"product_cat","embeddable":true,"href":"https:\/\/keramamueblesdejardin.com\/de\/wp-json\/wp\/v2\/product_cat?post=120274"},{"taxonomy":"product_tag","embeddable":true,"href":"https:\/\/keramamueblesdejardin.com\/de\/wp-json\/wp\/v2\/product_tag?post=120274"}],"curies":[{"name":"wp","href":"https:\/\/api.w.org\/{rel}","templated":true}]}}