{"id":120199,"date":"2021-10-14T17:44:48","date_gmt":"2021-10-14T15:44:48","guid":{"rendered":"https:\/\/keramamueblesdejardin.com\/uncategorized\/packung-mit-4-stapelbaren-stuehlen-aus-anthrazitfarbenem-aluminium-und-gestepptem-textil-osaka\/"},"modified":"2023-08-29T14:40:25","modified_gmt":"2023-08-29T12:40:25","slug":"4er-pack-stapelbares-aluminium-anthrazit-und-textilen-gepolstertes-osaka","status":"publish","type":"product","link":"https:\/\/keramamueblesdejardin.com\/de\/speisesale-im-freien\/gartenstuhle\/4er-pack-stapelbares-aluminium-anthrazit-und-textilen-gepolstertes-osaka\/","title":{"rendered":"Packung mit 4 stapelbaren St\u00fchlen aus anthrazitfarbenem Aluminium und gestepptem Textil &#8211; Osaka"},"content":{"rendered":"<p><span style=\"font-weight: 400;\">Die <\/span><b>Packung mit 4 anthrazitfarbenen Gartenst\u00fchlen Osaka<\/b><span style=\"font-weight: 400;\">  Es besteht aus anthrazitfarbenem Aluminium und dunklem gestepptem Textil. Er ist nicht nur aufgrund seiner Armlehnen und seiner gepolsterten Sitzfl\u00e4che und R\u00fcckenlehne sehr bequem, sondern auch stapelbar, was den Stauraum erheblich reduziert, und der Stuhl ist sehr leicht.<\/span><\/p>\n<p><span style=\"font-weight: 400;\">Sie k\u00f6nnen <\/span><b>diesen Stuhl mit anderen Produkten der<\/b><a href=\"https:\/\/keramamueblesdejardin.com\/etiqueta\/osaka\/\" target=\"_blank\" rel=\"noopener\"> <b>Osaka-Familie<\/b><\/a> kombinieren<span style=\"font-weight: 400;\">.<\/span><\/p>\n<p><span style=\"font-weight: 400;\">Schauen Sie sich unsere<\/span><a href=\"https:\/\/keramamueblesdejardin.com\/comedores-exterior\/conjunto-mesa-y-sillas-jardin\/\" target=\"_blank\" rel=\"noopener\"> <b>Gartentisch- und Stuhlsets an.<\/b><\/a><\/p>\n","protected":false},"excerpt":{"rendered":"<ul>\n<li>Packung mit 4 stapelbaren Outdoor-St\u00fchlen<\/li>\n<li>Gestell aus anthrazitfarbenem Aluminium und gepolsterter Sitz und R\u00fcckenlehne aus Textil<\/li>\n<li>Armlehnen aus Kunststoffholz (wartungsfrei)<\/li>\n<li>Sie k\u00f6nnen sie mit den anderen Elementen der Osaka-Produktfamilie kombinieren.<\/li>\n<\/ul>\n","protected":false},"featured_media":119906,"comment_status":"closed","ping_status":"closed","template":"","meta":{"_acf_changed":false},"product_brand":[],"product_cat":[3240,3238],"product_tag":[3376,3242,3374,3252,3377],"class_list":{"0":"post-120199","1":"product","2":"type-product","3":"status-publish","4":"has-post-thumbnail","6":"product_cat-gartenstuhle","7":"product_cat-speisesale-im-freien","8":"product_tag-aluminium-de","9":"product_tag-grose-raume","10":"product_tag-kleine-raume","11":"product_tag-osaka-de","12":"product_tag-tokio","13":"product_shipping_class-envio-gratuito-de","14":"pa_asientos-4-de","15":"pa_caracteristicas-armlehne","16":"pa_caracteristicas-stapelbar","17":"pa_caracteristicas-wasserdicht","18":"pa_coleccion-osaka-de","19":"pa_material-aluminium","20":"pa_material-holzimitat","21":"pa_material-textil","23":"first","24":"instock","25":"sale","26":"purchasable","27":"product-type-simple","28":"add-to-wishlist-before_image"},"acf":[],"yoast_head":"<!-- This site is optimized with the Yoast SEO plugin v27.4 - https:\/\/yoast.com\/product\/yoast-seo-wordpress\/ -->\n<title>Packung mit 4 stapelbaren St\u00fchlen aus anthrazitfarbenem Aluminium und gestepptem Textil - Osaka - Kerama<\/title>\n<meta name=\"robots\" content=\"index, follow, max-snippet:-1, max-image-preview:large, max-video-preview:-1\" \/>\n<link rel=\"canonical\" href=\"https:\/\/keramamueblesdejardin.com\/de\/speisesale-im-freien\/gartenstuhle\/4er-pack-stapelbares-aluminium-anthrazit-und-textilen-gepolstertes-osaka\/\" \/>\n<meta property=\"og:locale\" content=\"de_DE\" \/>\n<meta property=\"og:type\" content=\"article\" \/>\n<meta property=\"og:title\" content=\"Packung mit 4 stapelbaren St\u00fchlen aus anthrazitfarbenem Aluminium und gestepptem Textil - Osaka - Kerama\" \/>\n<meta property=\"og:description\" content=\"Packung mit 4 stapelbaren Outdoor-St\u00fchlen  Gestell aus anthrazitfarbenem Aluminium und gepolsterter Sitz und R\u00fcckenlehne aus Textil  Armlehnen aus Kunststoffholz (wartungsfrei)  Sie k\u00f6nnen sie mit den anderen Elementen der Osaka-Produktfamilie kombinieren.\" \/>\n<meta property=\"og:url\" content=\"https:\/\/keramamueblesdejardin.com\/de\/speisesale-im-freien\/gartenstuhle\/4er-pack-stapelbares-aluminium-anthrazit-und-textilen-gepolstertes-osaka\/\" \/>\n<meta property=\"og:site_name\" content=\"Kerama\" \/>\n<meta property=\"article:publisher\" content=\"https:\/\/www.facebook.com\/Kerama-Muebles-de-Jard%c3%adn-106209328312568\/\" \/>\n<meta property=\"article:modified_time\" content=\"2023-08-29T12:40:25+00:00\" \/>\n<meta property=\"og:image\" content=\"https:\/\/keramamueblesdejardin.com\/wp-content\/uploads\/2021\/11\/osaka-antra-tex-x4-e1697018608778.jpg\" \/>\n\t<meta property=\"og:image:width\" content=\"1200\" \/>\n\t<meta property=\"og:image:height\" content=\"1200\" \/>\n\t<meta property=\"og:image:type\" content=\"image\/jpeg\" \/>\n<meta name=\"twitter:card\" content=\"summary_large_image\" \/>\n<script type=\"application\/ld+json\" class=\"yoast-schema-graph\">{\"@context\":\"https:\\\/\\\/schema.org\",\"@graph\":[{\"@type\":\"WebPage\",\"@id\":\"https:\\\/\\\/keramamueblesdejardin.com\\\/de\\\/speisesale-im-freien\\\/gartenstuhle\\\/4er-pack-stapelbares-aluminium-anthrazit-und-textilen-gepolstertes-osaka\\\/\",\"url\":\"https:\\\/\\\/keramamueblesdejardin.com\\\/de\\\/speisesale-im-freien\\\/gartenstuhle\\\/4er-pack-stapelbares-aluminium-anthrazit-und-textilen-gepolstertes-osaka\\\/\",\"name\":\"Packung mit 4 stapelbaren St\u00fchlen aus anthrazitfarbenem Aluminium und gestepptem Textil - Osaka - Kerama\",\"isPartOf\":{\"@id\":\"https:\\\/\\\/keramamueblesdejardin.com\\\/de\\\/#website\"},\"primaryImageOfPage\":{\"@id\":\"https:\\\/\\\/keramamueblesdejardin.com\\\/de\\\/speisesale-im-freien\\\/gartenstuhle\\\/4er-pack-stapelbares-aluminium-anthrazit-und-textilen-gepolstertes-osaka\\\/#primaryimage\"},\"image\":{\"@id\":\"https:\\\/\\\/keramamueblesdejardin.com\\\/de\\\/speisesale-im-freien\\\/gartenstuhle\\\/4er-pack-stapelbares-aluminium-anthrazit-und-textilen-gepolstertes-osaka\\\/#primaryimage\"},\"thumbnailUrl\":\"https:\\\/\\\/keramamueblesdejardin.com\\\/wp-content\\\/uploads\\\/2021\\\/11\\\/osaka-antra-tex-x4-e1697018608778.jpg\",\"datePublished\":\"2021-10-14T15:44:48+00:00\",\"dateModified\":\"2023-08-29T12:40:25+00:00\",\"breadcrumb\":{\"@id\":\"https:\\\/\\\/keramamueblesdejardin.com\\\/de\\\/speisesale-im-freien\\\/gartenstuhle\\\/4er-pack-stapelbares-aluminium-anthrazit-und-textilen-gepolstertes-osaka\\\/#breadcrumb\"},\"inLanguage\":\"de\",\"potentialAction\":[{\"@type\":\"ReadAction\",\"target\":[\"https:\\\/\\\/keramamueblesdejardin.com\\\/de\\\/speisesale-im-freien\\\/gartenstuhle\\\/4er-pack-stapelbares-aluminium-anthrazit-und-textilen-gepolstertes-osaka\\\/\"]}]},{\"@type\":\"ImageObject\",\"inLanguage\":\"de\",\"@id\":\"https:\\\/\\\/keramamueblesdejardin.com\\\/de\\\/speisesale-im-freien\\\/gartenstuhle\\\/4er-pack-stapelbares-aluminium-anthrazit-und-textilen-gepolstertes-osaka\\\/#primaryimage\",\"url\":\"https:\\\/\\\/keramamueblesdejardin.com\\\/wp-content\\\/uploads\\\/2021\\\/11\\\/osaka-antra-tex-x4-e1697018608778.jpg\",\"contentUrl\":\"https:\\\/\\\/keramamueblesdejardin.com\\\/wp-content\\\/uploads\\\/2021\\\/11\\\/osaka-antra-tex-x4-e1697018608778.jpg\",\"width\":1200,\"height\":1200},{\"@type\":\"BreadcrumbList\",\"@id\":\"https:\\\/\\\/keramamueblesdejardin.com\\\/de\\\/speisesale-im-freien\\\/gartenstuhle\\\/4er-pack-stapelbares-aluminium-anthrazit-und-textilen-gepolstertes-osaka\\\/#breadcrumb\",\"itemListElement\":[{\"@type\":\"ListItem\",\"position\":1,\"name\":\"Home\",\"item\":\"https:\\\/\\\/keramamueblesdejardin.com\\\/de\\\/\"},{\"@type\":\"ListItem\",\"position\":2,\"name\":\"Laden\",\"item\":\"https:\\\/\\\/keramamueblesdejardin.com\\\/de\\\/laden\\\/\"},{\"@type\":\"ListItem\",\"position\":3,\"name\":\"Speises\u00e4le im Freien\",\"item\":\"https:\\\/\\\/keramamueblesdejardin.com\\\/de\\\/speisesale-im-freien\\\/\"},{\"@type\":\"ListItem\",\"position\":4,\"name\":\"Gartenst\u00fchle\",\"item\":\"https:\\\/\\\/keramamueblesdejardin.com\\\/de\\\/speisesale-im-freien\\\/gartenstuhle\\\/\"},{\"@type\":\"ListItem\",\"position\":5,\"name\":\"Packung mit 4 stapelbaren St\u00fchlen aus anthrazitfarbenem Aluminium und gestepptem Textil &#8211; Osaka\"}]},{\"@type\":\"WebSite\",\"@id\":\"https:\\\/\\\/keramamueblesdejardin.com\\\/de\\\/#website\",\"url\":\"https:\\\/\\\/keramamueblesdejardin.com\\\/de\\\/\",\"name\":\"Kerama\",\"description\":\"muebles de jard\u00edn\",\"publisher\":{\"@id\":\"https:\\\/\\\/keramamueblesdejardin.com\\\/de\\\/#organization\"},\"potentialAction\":[{\"@type\":\"SearchAction\",\"target\":{\"@type\":\"EntryPoint\",\"urlTemplate\":\"https:\\\/\\\/keramamueblesdejardin.com\\\/de\\\/?s={search_term_string}\"},\"query-input\":{\"@type\":\"PropertyValueSpecification\",\"valueRequired\":true,\"valueName\":\"search_term_string\"}}],\"inLanguage\":\"de\"},{\"@type\":\"Organization\",\"@id\":\"https:\\\/\\\/keramamueblesdejardin.com\\\/de\\\/#organization\",\"name\":\"kerama\",\"url\":\"https:\\\/\\\/keramamueblesdejardin.com\\\/de\\\/\",\"logo\":{\"@type\":\"ImageObject\",\"inLanguage\":\"de\",\"@id\":\"https:\\\/\\\/keramamueblesdejardin.com\\\/de\\\/#\\\/schema\\\/logo\\\/image\\\/\",\"url\":\"https:\\\/\\\/keramamueblesdejardin.com\\\/wp-content\\\/uploads\\\/2020\\\/12\\\/k.-scaled.jpg\",\"contentUrl\":\"https:\\\/\\\/keramamueblesdejardin.com\\\/wp-content\\\/uploads\\\/2020\\\/12\\\/k.-scaled.jpg\",\"width\":2560,\"height\":551,\"caption\":\"kerama\"},\"image\":{\"@id\":\"https:\\\/\\\/keramamueblesdejardin.com\\\/de\\\/#\\\/schema\\\/logo\\\/image\\\/\"},\"sameAs\":[\"https:\\\/\\\/www.facebook.com\\\/Kerama-Muebles-de-Jard\u00edn-106209328312568\\\/\"]}]}<\/script>\n<!-- \/ Yoast SEO plugin. -->","yoast_head_json":{"title":"Packung mit 4 stapelbaren St\u00fchlen aus anthrazitfarbenem Aluminium und gestepptem Textil - Osaka - Kerama","robots":{"index":"index","follow":"follow","max-snippet":"max-snippet:-1","max-image-preview":"max-image-preview:large","max-video-preview":"max-video-preview:-1"},"canonical":"https:\/\/keramamueblesdejardin.com\/de\/speisesale-im-freien\/gartenstuhle\/4er-pack-stapelbares-aluminium-anthrazit-und-textilen-gepolstertes-osaka\/","og_locale":"de_DE","og_type":"article","og_title":"Packung mit 4 stapelbaren St\u00fchlen aus anthrazitfarbenem Aluminium und gestepptem Textil - Osaka - Kerama","og_description":"Packung mit 4 stapelbaren Outdoor-St\u00fchlen  Gestell aus anthrazitfarbenem Aluminium und gepolsterter Sitz und R\u00fcckenlehne aus Textil  Armlehnen aus Kunststoffholz (wartungsfrei)  Sie k\u00f6nnen sie mit den anderen Elementen der Osaka-Produktfamilie kombinieren.","og_url":"https:\/\/keramamueblesdejardin.com\/de\/speisesale-im-freien\/gartenstuhle\/4er-pack-stapelbares-aluminium-anthrazit-und-textilen-gepolstertes-osaka\/","og_site_name":"Kerama","article_publisher":"https:\/\/www.facebook.com\/Kerama-Muebles-de-Jard%c3%adn-106209328312568\/","article_modified_time":"2023-08-29T12:40:25+00:00","og_image":[{"width":1200,"height":1200,"url":"https:\/\/keramamueblesdejardin.com\/wp-content\/uploads\/2021\/11\/osaka-antra-tex-x4-e1697018608778.jpg","type":"image\/jpeg"}],"twitter_card":"summary_large_image","schema":{"@context":"https:\/\/schema.org","@graph":[{"@type":"WebPage","@id":"https:\/\/keramamueblesdejardin.com\/de\/speisesale-im-freien\/gartenstuhle\/4er-pack-stapelbares-aluminium-anthrazit-und-textilen-gepolstertes-osaka\/","url":"https:\/\/keramamueblesdejardin.com\/de\/speisesale-im-freien\/gartenstuhle\/4er-pack-stapelbares-aluminium-anthrazit-und-textilen-gepolstertes-osaka\/","name":"Packung mit 4 stapelbaren St\u00fchlen aus anthrazitfarbenem Aluminium und gestepptem Textil - Osaka - Kerama","isPartOf":{"@id":"https:\/\/keramamueblesdejardin.com\/de\/#website"},"primaryImageOfPage":{"@id":"https:\/\/keramamueblesdejardin.com\/de\/speisesale-im-freien\/gartenstuhle\/4er-pack-stapelbares-aluminium-anthrazit-und-textilen-gepolstertes-osaka\/#primaryimage"},"image":{"@id":"https:\/\/keramamueblesdejardin.com\/de\/speisesale-im-freien\/gartenstuhle\/4er-pack-stapelbares-aluminium-anthrazit-und-textilen-gepolstertes-osaka\/#primaryimage"},"thumbnailUrl":"https:\/\/keramamueblesdejardin.com\/wp-content\/uploads\/2021\/11\/osaka-antra-tex-x4-e1697018608778.jpg","datePublished":"2021-10-14T15:44:48+00:00","dateModified":"2023-08-29T12:40:25+00:00","breadcrumb":{"@id":"https:\/\/keramamueblesdejardin.com\/de\/speisesale-im-freien\/gartenstuhle\/4er-pack-stapelbares-aluminium-anthrazit-und-textilen-gepolstertes-osaka\/#breadcrumb"},"inLanguage":"de","potentialAction":[{"@type":"ReadAction","target":["https:\/\/keramamueblesdejardin.com\/de\/speisesale-im-freien\/gartenstuhle\/4er-pack-stapelbares-aluminium-anthrazit-und-textilen-gepolstertes-osaka\/"]}]},{"@type":"ImageObject","inLanguage":"de","@id":"https:\/\/keramamueblesdejardin.com\/de\/speisesale-im-freien\/gartenstuhle\/4er-pack-stapelbares-aluminium-anthrazit-und-textilen-gepolstertes-osaka\/#primaryimage","url":"https:\/\/keramamueblesdejardin.com\/wp-content\/uploads\/2021\/11\/osaka-antra-tex-x4-e1697018608778.jpg","contentUrl":"https:\/\/keramamueblesdejardin.com\/wp-content\/uploads\/2021\/11\/osaka-antra-tex-x4-e1697018608778.jpg","width":1200,"height":1200},{"@type":"BreadcrumbList","@id":"https:\/\/keramamueblesdejardin.com\/de\/speisesale-im-freien\/gartenstuhle\/4er-pack-stapelbares-aluminium-anthrazit-und-textilen-gepolstertes-osaka\/#breadcrumb","itemListElement":[{"@type":"ListItem","position":1,"name":"Home","item":"https:\/\/keramamueblesdejardin.com\/de\/"},{"@type":"ListItem","position":2,"name":"Laden","item":"https:\/\/keramamueblesdejardin.com\/de\/laden\/"},{"@type":"ListItem","position":3,"name":"Speises\u00e4le im Freien","item":"https:\/\/keramamueblesdejardin.com\/de\/speisesale-im-freien\/"},{"@type":"ListItem","position":4,"name":"Gartenst\u00fchle","item":"https:\/\/keramamueblesdejardin.com\/de\/speisesale-im-freien\/gartenstuhle\/"},{"@type":"ListItem","position":5,"name":"Packung mit 4 stapelbaren St\u00fchlen aus anthrazitfarbenem Aluminium und gestepptem Textil &#8211; Osaka"}]},{"@type":"WebSite","@id":"https:\/\/keramamueblesdejardin.com\/de\/#website","url":"https:\/\/keramamueblesdejardin.com\/de\/","name":"Kerama","description":"muebles de jard\u00edn","publisher":{"@id":"https:\/\/keramamueblesdejardin.com\/de\/#organization"},"potentialAction":[{"@type":"SearchAction","target":{"@type":"EntryPoint","urlTemplate":"https:\/\/keramamueblesdejardin.com\/de\/?s={search_term_string}"},"query-input":{"@type":"PropertyValueSpecification","valueRequired":true,"valueName":"search_term_string"}}],"inLanguage":"de"},{"@type":"Organization","@id":"https:\/\/keramamueblesdejardin.com\/de\/#organization","name":"kerama","url":"https:\/\/keramamueblesdejardin.com\/de\/","logo":{"@type":"ImageObject","inLanguage":"de","@id":"https:\/\/keramamueblesdejardin.com\/de\/#\/schema\/logo\/image\/","url":"https:\/\/keramamueblesdejardin.com\/wp-content\/uploads\/2020\/12\/k.-scaled.jpg","contentUrl":"https:\/\/keramamueblesdejardin.com\/wp-content\/uploads\/2020\/12\/k.-scaled.jpg","width":2560,"height":551,"caption":"kerama"},"image":{"@id":"https:\/\/keramamueblesdejardin.com\/de\/#\/schema\/logo\/image\/"},"sameAs":["https:\/\/www.facebook.com\/Kerama-Muebles-de-Jard\u00edn-106209328312568\/"]}]}},"df_price":419,"df_sale_price":419,"df_regular_price":514,"df_image_link":"https:\/\/keramamueblesdejardin.com\/wp-content\/uploads\/2021\/11\/osaka-antra-tex-x4-300x300.jpg","custom_tabs":[{"title":"MESSUNG","id":"messung","content":"<div class=\"list\"><strong style=\"font-weight: bold; color: #282828;\">H\u00f6he:<\/strong><span style=\"color: #282828;\"> 86 cm<\/span><br style=\"color: #282828;\"><strong style=\"font-weight: bold; color: #282828;\">Breite:<\/strong><span style=\"color: #282828;\"> 57 cm<\/span><br style=\"color: #282828;\"><strong style=\"font-weight: bold; color: #282828;\">Tiefe:<\/strong><span style=\"color: #282828;\"> 65 cm<\/span><br style=\"color: #282828;\"><strong style=\"font-weight: bold; color: #282828;\">Sitzh\u00f6he:<\/strong><span style=\"color: #282828;\"> 45 cm<\/span><br style=\"color: #282828;\"><strong style=\"font-weight: bold; color: #282828;\">Sitztiefe:<\/strong><span style=\"color: #282828;\"> 55 cm<\/span><\/div>"},{"title":"AUSPACKEN UND MONTIEREN","id":"auspacken-und-montieren","content":"<div class=\"list\"><strong style=\"font-weight: bold; color: #282828;\">Empfehlungen zum<\/strong> Auspacken: <span style=\"color: #282828;\"> Verwenden Sie beim Auspacken der M\u00f6bel keine scharfen Utensilien, da dies zu Besch\u00e4digungen f\u00fchren kann<\/span><br style=\"color: #282828;\"><strong style=\"font-weight: bold; color: #282828;\">Montage erforderlich (ja\/nein):<\/strong><span style=\"color: #282828;\"> Nein<\/span><\/div>"},{"title":"WARTUNG UND GARANTIEN","id":"wartung-und-garantien","content":"<div class=\"moz-signature\">\n<div class=\"list\"><strong>Allgemeine Empfehlungen:<\/strong>\n\u2022 Pannen oder Sch\u00e4den, die verursacht werden durch:\n\u2022 Zuf\u00e4llige Ursachen wie St\u00fcrze, Schl\u00e4ge, Versch\u00fctten von Fl\u00fcssigkeiten, Einschleppen von Fremdk\u00f6rpern sowie andere h\u00f6here Gewalt.\n\u2022 Fahrl\u00e4ssiger, unsachgem\u00e4\u00dfer oder nicht h\u00e4uslicher Gebrauch.\n\u2022 Besch\u00e4digung, Korrosion und\/oder Oxidation beschleunigt durch widrige Umweltbedingungen\n\u2022 Flecken und Verf\u00e4rbungen durch Nichtbeachtung unserer Reinigungsanweisungen\n\u2022 Sch\u00e4den, die w\u00e4hrend der Montage und Handhabung auftreten, ohne die angegebenen Montageanweisungen befolgt zu haben.\n<strong>Gebrauchs- und Wartungshinweise:<\/strong>\n\u2022 Reinigen Sie mit Hilfe eines Tuchs vorsichtig oder verwenden Sie eine neutrale Fl\u00fcssigseife und sp\u00fclen Sie sie mit viel Wasser ab.\n\u2022 Entfernen Sie Staub regelm\u00e4\u00dfig mit Hilfe eines weichen Tuchs und klarem Wasser.\n\u2022 Verwenden Sie zum Reinigen keine Reinigungsmittel oder Scheuermittel.\nJahre <strong>Garantie: 3 Jahre<\/strong>\n<strong>Hergestellt nach Norm:<\/strong> 581-1.581-2.581-3<\/div>\n<\/div>"}],"_links":{"self":[{"href":"https:\/\/keramamueblesdejardin.com\/de\/wp-json\/wp\/v2\/product\/120199","targetHints":{"allow":["GET"]}}],"collection":[{"href":"https:\/\/keramamueblesdejardin.com\/de\/wp-json\/wp\/v2\/product"}],"about":[{"href":"https:\/\/keramamueblesdejardin.com\/de\/wp-json\/wp\/v2\/types\/product"}],"replies":[{"embeddable":true,"href":"https:\/\/keramamueblesdejardin.com\/de\/wp-json\/wp\/v2\/comments?post=120199"}],"wp:featuredmedia":[{"embeddable":true,"href":"https:\/\/keramamueblesdejardin.com\/de\/wp-json\/wp\/v2\/media\/119906"}],"wp:attachment":[{"href":"https:\/\/keramamueblesdejardin.com\/de\/wp-json\/wp\/v2\/media?parent=120199"}],"wp:term":[{"taxonomy":"product_brand","embeddable":true,"href":"https:\/\/keramamueblesdejardin.com\/de\/wp-json\/wp\/v2\/product_brand?post=120199"},{"taxonomy":"product_cat","embeddable":true,"href":"https:\/\/keramamueblesdejardin.com\/de\/wp-json\/wp\/v2\/product_cat?post=120199"},{"taxonomy":"product_tag","embeddable":true,"href":"https:\/\/keramamueblesdejardin.com\/de\/wp-json\/wp\/v2\/product_tag?post=120199"}],"curies":[{"name":"wp","href":"https:\/\/api.w.org\/{rel}","templated":true}]}}