{"id":119811,"date":"2021-10-21T15:53:21","date_gmt":"2021-10-21T13:53:21","guid":{"rendered":"https:\/\/keramamueblesdejardin.com\/uncategorized\/eckgarten-gartenset-aus-anthrazitfarbenem-aluminium-und-polyethylen-hoher-dichte-osaka\/"},"modified":"2023-09-14T08:05:06","modified_gmt":"2023-09-14T06:05:06","slug":"gartenecke-aluminium-anthrazit-und-polyethylen-high-density-set-osaka","status":"publish","type":"product","link":"https:\/\/keramamueblesdejardin.com\/de\/lounges-im-freien\/garten-sets\/gartenecke-aluminium-anthrazit-und-polyethylen-high-density-set-osaka\/","title":{"rendered":"Eckgarten-Gartenset aus anthrazitfarbenem Aluminium und Polyethylen hoher Dichte &#8211; Osaka"},"content":{"rendered":"<p>Hergestellt aus anthrazitfarbener Aluminiumstruktur mit Tischplatten und Beistelltischen aus Polywood, das Holz imitiert, geeignet f\u00fcr 5 Sitze. Die Struktur besteht aus weichen, grauen Polyesterkissen an Sitz und R\u00fcckenlehne, um mehr Ruhe und Komfort an langen Tagen im Freien zu f\u00f6rdern. Das Design der Eckgarnitur f\u00fcr Garten oder Terrasse hat 2 Tische an jeder Seite und bietet so Platz f\u00fcr Tabletts, Gl\u00e4ser oder dekorative Elemente. Aluminium hat eine hohe Witterungsbest\u00e4ndigkeit, um langen Sonnen- oder Regeneinwirkungen standzuhalten, ohne sich um seine Wartung k\u00fcmmern zu m\u00fcssen. Sein minimalistisches und nordisches Design ist ideal f\u00fcr die Dekoration Ihres Au\u00dfenbereichs. Dar\u00fcber hinaus hat der Tisch und die Tische, die aus Polywood bestehen, das Aussehen von Holz, eliminieren jedoch die Wartung und Behandlung, die Holz mit sich bringt.<br \/>\nSie k\u00f6nnen es mit den anderen Produkten des Osaka-Sortiments kombinieren.<\/p>\n","protected":false},"excerpt":{"rendered":"<ul>\n<li>Gestell aus anthrazitfarbenem Aluminium<\/li>\n<li>Tisch und Seiten des Sofas aus Polywood (keine Wartung erforderlich)<\/li>\n<li>Abnehmbare Kissen in grau<\/li>\n<li>Inklusive Gelenkclips zur Befestigung der M\u00f6belst\u00fccke<\/li>\n<\/ul>\n","protected":false},"featured_media":119933,"comment_status":"closed","ping_status":"closed","template":"","meta":{"_acf_changed":false},"product_brand":[],"product_cat":[3233,3234],"product_tag":[3376,3242,3252,3377],"class_list":{"0":"post-119811","1":"product","2":"type-product","3":"status-publish","4":"has-post-thumbnail","6":"product_cat-garten-sets","7":"product_cat-lounges-im-freien","8":"product_tag-aluminium-de","9":"product_tag-grose-raume","10":"product_tag-osaka-de","11":"product_tag-tokio","12":"product_shipping_class-envio-gratuito-de","13":"pa_ancho-247-de","14":"pa_asientos-5-de","15":"pa_caracteristicas-ecke","16":"pa_caracteristicas-waschbare-bezuge","17":"pa_coleccion-osaka-de","18":"pa_espacio-6-1-de","19":"pa_forma-ecke","20":"pa_largo-247-de","21":"pa_m2-610-de","22":"pa_material-aluminium","23":"pa_material-holzimitat","24":"pa_tamano-espacio-gros","26":"first","27":"instock","28":"sale","29":"purchasable","30":"product-type-simple","31":"add-to-wishlist-before_image"},"acf":[],"yoast_head":"<!-- This site is optimized with the Yoast SEO plugin v27.2 - https:\/\/yoast.com\/product\/yoast-seo-wordpress\/ -->\n<title>Eckgarten-Gartenset aus anthrazitfarbenem Aluminium und Polyethylen hoher Dichte - Osaka - Kerama<\/title>\n<meta name=\"robots\" content=\"index, follow, max-snippet:-1, max-image-preview:large, max-video-preview:-1\" \/>\n<link rel=\"canonical\" href=\"https:\/\/keramamueblesdejardin.com\/de\/lounges-im-freien\/garten-sets\/gartenecke-aluminium-anthrazit-und-polyethylen-high-density-set-osaka\/\" \/>\n<meta property=\"og:locale\" content=\"de_DE\" \/>\n<meta property=\"og:type\" content=\"article\" \/>\n<meta property=\"og:title\" content=\"Eckgarten-Gartenset aus anthrazitfarbenem Aluminium und Polyethylen hoher Dichte - Osaka - Kerama\" \/>\n<meta property=\"og:description\" content=\"Gestell aus anthrazitfarbenem Aluminium  Tisch und Seiten des Sofas aus Polywood (keine Wartung erforderlich)  Abnehmbare Kissen in grau  Inklusive Gelenkclips zur Befestigung der M\u00f6belst\u00fccke\" \/>\n<meta property=\"og:url\" content=\"https:\/\/keramamueblesdejardin.com\/de\/lounges-im-freien\/garten-sets\/gartenecke-aluminium-anthrazit-und-polyethylen-high-density-set-osaka\/\" \/>\n<meta property=\"og:site_name\" content=\"Kerama\" \/>\n<meta property=\"article:publisher\" content=\"https:\/\/www.facebook.com\/Kerama-Muebles-de-Jard%c3%adn-106209328312568\/\" \/>\n<meta property=\"article:modified_time\" content=\"2023-09-14T06:05:06+00:00\" \/>\n<meta property=\"og:image\" content=\"https:\/\/keramamueblesdejardin.com\/wp-content\/uploads\/2021\/10\/osaka-esquinero-negro.jpg\" \/>\n\t<meta property=\"og:image:width\" content=\"1200\" \/>\n\t<meta property=\"og:image:height\" content=\"1200\" \/>\n\t<meta property=\"og:image:type\" content=\"image\/jpeg\" \/>\n<meta name=\"twitter:card\" content=\"summary_large_image\" \/>\n<meta name=\"twitter:label1\" content=\"Gesch\u00e4tzte Lesezeit\" \/>\n\t<meta name=\"twitter:data1\" content=\"1\u00a0Minute\" \/>\n<script type=\"application\/ld+json\" class=\"yoast-schema-graph\">{\"@context\":\"https:\/\/schema.org\",\"@graph\":[{\"@type\":\"WebPage\",\"@id\":\"https:\/\/keramamueblesdejardin.com\/de\/lounges-im-freien\/garten-sets\/gartenecke-aluminium-anthrazit-und-polyethylen-high-density-set-osaka\/\",\"url\":\"https:\/\/keramamueblesdejardin.com\/de\/lounges-im-freien\/garten-sets\/gartenecke-aluminium-anthrazit-und-polyethylen-high-density-set-osaka\/\",\"name\":\"Eckgarten-Gartenset aus anthrazitfarbenem Aluminium und Polyethylen hoher Dichte - Osaka - Kerama\",\"isPartOf\":{\"@id\":\"https:\/\/keramamueblesdejardin.com\/de\/#website\"},\"primaryImageOfPage\":{\"@id\":\"https:\/\/keramamueblesdejardin.com\/de\/lounges-im-freien\/garten-sets\/gartenecke-aluminium-anthrazit-und-polyethylen-high-density-set-osaka\/#primaryimage\"},\"image\":{\"@id\":\"https:\/\/keramamueblesdejardin.com\/de\/lounges-im-freien\/garten-sets\/gartenecke-aluminium-anthrazit-und-polyethylen-high-density-set-osaka\/#primaryimage\"},\"thumbnailUrl\":\"https:\/\/keramamueblesdejardin.com\/wp-content\/uploads\/2021\/10\/osaka-esquinero-negro.jpg\",\"datePublished\":\"2021-10-21T13:53:21+00:00\",\"dateModified\":\"2023-09-14T06:05:06+00:00\",\"breadcrumb\":{\"@id\":\"https:\/\/keramamueblesdejardin.com\/de\/lounges-im-freien\/garten-sets\/gartenecke-aluminium-anthrazit-und-polyethylen-high-density-set-osaka\/#breadcrumb\"},\"inLanguage\":\"de\",\"potentialAction\":[{\"@type\":\"ReadAction\",\"target\":[\"https:\/\/keramamueblesdejardin.com\/de\/lounges-im-freien\/garten-sets\/gartenecke-aluminium-anthrazit-und-polyethylen-high-density-set-osaka\/\"]}]},{\"@type\":\"ImageObject\",\"inLanguage\":\"de\",\"@id\":\"https:\/\/keramamueblesdejardin.com\/de\/lounges-im-freien\/garten-sets\/gartenecke-aluminium-anthrazit-und-polyethylen-high-density-set-osaka\/#primaryimage\",\"url\":\"https:\/\/keramamueblesdejardin.com\/wp-content\/uploads\/2021\/10\/osaka-esquinero-negro.jpg\",\"contentUrl\":\"https:\/\/keramamueblesdejardin.com\/wp-content\/uploads\/2021\/10\/osaka-esquinero-negro.jpg\",\"width\":1200,\"height\":1200},{\"@type\":\"BreadcrumbList\",\"@id\":\"https:\/\/keramamueblesdejardin.com\/de\/lounges-im-freien\/garten-sets\/gartenecke-aluminium-anthrazit-und-polyethylen-high-density-set-osaka\/#breadcrumb\",\"itemListElement\":[{\"@type\":\"ListItem\",\"position\":1,\"name\":\"Home\",\"item\":\"https:\/\/keramamueblesdejardin.com\/de\/\"},{\"@type\":\"ListItem\",\"position\":2,\"name\":\"Laden\",\"item\":\"https:\/\/keramamueblesdejardin.com\/de\/laden\/\"},{\"@type\":\"ListItem\",\"position\":3,\"name\":\"Lounges im Freien\",\"item\":\"https:\/\/keramamueblesdejardin.com\/de\/lounges-im-freien\/\"},{\"@type\":\"ListItem\",\"position\":4,\"name\":\"Garten-Sets\",\"item\":\"https:\/\/keramamueblesdejardin.com\/de\/lounges-im-freien\/garten-sets\/\"},{\"@type\":\"ListItem\",\"position\":5,\"name\":\"Eckgarten-Gartenset aus anthrazitfarbenem Aluminium und Polyethylen hoher Dichte &#8211; Osaka\"}]},{\"@type\":\"WebSite\",\"@id\":\"https:\/\/keramamueblesdejardin.com\/de\/#website\",\"url\":\"https:\/\/keramamueblesdejardin.com\/de\/\",\"name\":\"Kerama\",\"description\":\"muebles de jard\u00edn\",\"publisher\":{\"@id\":\"https:\/\/keramamueblesdejardin.com\/de\/#organization\"},\"potentialAction\":[{\"@type\":\"SearchAction\",\"target\":{\"@type\":\"EntryPoint\",\"urlTemplate\":\"https:\/\/keramamueblesdejardin.com\/de\/?s={search_term_string}\"},\"query-input\":{\"@type\":\"PropertyValueSpecification\",\"valueRequired\":true,\"valueName\":\"search_term_string\"}}],\"inLanguage\":\"de\"},{\"@type\":\"Organization\",\"@id\":\"https:\/\/keramamueblesdejardin.com\/de\/#organization\",\"name\":\"kerama\",\"url\":\"https:\/\/keramamueblesdejardin.com\/de\/\",\"logo\":{\"@type\":\"ImageObject\",\"inLanguage\":\"de\",\"@id\":\"https:\/\/keramamueblesdejardin.com\/de\/#\/schema\/logo\/image\/\",\"url\":\"https:\/\/keramamueblesdejardin.com\/wp-content\/uploads\/2020\/12\/k.-scaled.jpg\",\"contentUrl\":\"https:\/\/keramamueblesdejardin.com\/wp-content\/uploads\/2020\/12\/k.-scaled.jpg\",\"width\":2560,\"height\":551,\"caption\":\"kerama\"},\"image\":{\"@id\":\"https:\/\/keramamueblesdejardin.com\/de\/#\/schema\/logo\/image\/\"},\"sameAs\":[\"https:\/\/www.facebook.com\/Kerama-Muebles-de-Jard\u00edn-106209328312568\/\"]}]}<\/script>\n<!-- \/ Yoast SEO plugin. -->","yoast_head_json":{"title":"Eckgarten-Gartenset aus anthrazitfarbenem Aluminium und Polyethylen hoher Dichte - Osaka - Kerama","robots":{"index":"index","follow":"follow","max-snippet":"max-snippet:-1","max-image-preview":"max-image-preview:large","max-video-preview":"max-video-preview:-1"},"canonical":"https:\/\/keramamueblesdejardin.com\/de\/lounges-im-freien\/garten-sets\/gartenecke-aluminium-anthrazit-und-polyethylen-high-density-set-osaka\/","og_locale":"de_DE","og_type":"article","og_title":"Eckgarten-Gartenset aus anthrazitfarbenem Aluminium und Polyethylen hoher Dichte - Osaka - Kerama","og_description":"Gestell aus anthrazitfarbenem Aluminium  Tisch und Seiten des Sofas aus Polywood (keine Wartung erforderlich)  Abnehmbare Kissen in grau  Inklusive Gelenkclips zur Befestigung der M\u00f6belst\u00fccke","og_url":"https:\/\/keramamueblesdejardin.com\/de\/lounges-im-freien\/garten-sets\/gartenecke-aluminium-anthrazit-und-polyethylen-high-density-set-osaka\/","og_site_name":"Kerama","article_publisher":"https:\/\/www.facebook.com\/Kerama-Muebles-de-Jard%c3%adn-106209328312568\/","article_modified_time":"2023-09-14T06:05:06+00:00","og_image":[{"width":1200,"height":1200,"url":"https:\/\/keramamueblesdejardin.com\/wp-content\/uploads\/2021\/10\/osaka-esquinero-negro.jpg","type":"image\/jpeg"}],"twitter_card":"summary_large_image","twitter_misc":{"Gesch\u00e4tzte Lesezeit":"1\u00a0Minute"},"schema":{"@context":"https:\/\/schema.org","@graph":[{"@type":"WebPage","@id":"https:\/\/keramamueblesdejardin.com\/de\/lounges-im-freien\/garten-sets\/gartenecke-aluminium-anthrazit-und-polyethylen-high-density-set-osaka\/","url":"https:\/\/keramamueblesdejardin.com\/de\/lounges-im-freien\/garten-sets\/gartenecke-aluminium-anthrazit-und-polyethylen-high-density-set-osaka\/","name":"Eckgarten-Gartenset aus anthrazitfarbenem Aluminium und Polyethylen hoher Dichte - Osaka - Kerama","isPartOf":{"@id":"https:\/\/keramamueblesdejardin.com\/de\/#website"},"primaryImageOfPage":{"@id":"https:\/\/keramamueblesdejardin.com\/de\/lounges-im-freien\/garten-sets\/gartenecke-aluminium-anthrazit-und-polyethylen-high-density-set-osaka\/#primaryimage"},"image":{"@id":"https:\/\/keramamueblesdejardin.com\/de\/lounges-im-freien\/garten-sets\/gartenecke-aluminium-anthrazit-und-polyethylen-high-density-set-osaka\/#primaryimage"},"thumbnailUrl":"https:\/\/keramamueblesdejardin.com\/wp-content\/uploads\/2021\/10\/osaka-esquinero-negro.jpg","datePublished":"2021-10-21T13:53:21+00:00","dateModified":"2023-09-14T06:05:06+00:00","breadcrumb":{"@id":"https:\/\/keramamueblesdejardin.com\/de\/lounges-im-freien\/garten-sets\/gartenecke-aluminium-anthrazit-und-polyethylen-high-density-set-osaka\/#breadcrumb"},"inLanguage":"de","potentialAction":[{"@type":"ReadAction","target":["https:\/\/keramamueblesdejardin.com\/de\/lounges-im-freien\/garten-sets\/gartenecke-aluminium-anthrazit-und-polyethylen-high-density-set-osaka\/"]}]},{"@type":"ImageObject","inLanguage":"de","@id":"https:\/\/keramamueblesdejardin.com\/de\/lounges-im-freien\/garten-sets\/gartenecke-aluminium-anthrazit-und-polyethylen-high-density-set-osaka\/#primaryimage","url":"https:\/\/keramamueblesdejardin.com\/wp-content\/uploads\/2021\/10\/osaka-esquinero-negro.jpg","contentUrl":"https:\/\/keramamueblesdejardin.com\/wp-content\/uploads\/2021\/10\/osaka-esquinero-negro.jpg","width":1200,"height":1200},{"@type":"BreadcrumbList","@id":"https:\/\/keramamueblesdejardin.com\/de\/lounges-im-freien\/garten-sets\/gartenecke-aluminium-anthrazit-und-polyethylen-high-density-set-osaka\/#breadcrumb","itemListElement":[{"@type":"ListItem","position":1,"name":"Home","item":"https:\/\/keramamueblesdejardin.com\/de\/"},{"@type":"ListItem","position":2,"name":"Laden","item":"https:\/\/keramamueblesdejardin.com\/de\/laden\/"},{"@type":"ListItem","position":3,"name":"Lounges im Freien","item":"https:\/\/keramamueblesdejardin.com\/de\/lounges-im-freien\/"},{"@type":"ListItem","position":4,"name":"Garten-Sets","item":"https:\/\/keramamueblesdejardin.com\/de\/lounges-im-freien\/garten-sets\/"},{"@type":"ListItem","position":5,"name":"Eckgarten-Gartenset aus anthrazitfarbenem Aluminium und Polyethylen hoher Dichte &#8211; Osaka"}]},{"@type":"WebSite","@id":"https:\/\/keramamueblesdejardin.com\/de\/#website","url":"https:\/\/keramamueblesdejardin.com\/de\/","name":"Kerama","description":"muebles de jard\u00edn","publisher":{"@id":"https:\/\/keramamueblesdejardin.com\/de\/#organization"},"potentialAction":[{"@type":"SearchAction","target":{"@type":"EntryPoint","urlTemplate":"https:\/\/keramamueblesdejardin.com\/de\/?s={search_term_string}"},"query-input":{"@type":"PropertyValueSpecification","valueRequired":true,"valueName":"search_term_string"}}],"inLanguage":"de"},{"@type":"Organization","@id":"https:\/\/keramamueblesdejardin.com\/de\/#organization","name":"kerama","url":"https:\/\/keramamueblesdejardin.com\/de\/","logo":{"@type":"ImageObject","inLanguage":"de","@id":"https:\/\/keramamueblesdejardin.com\/de\/#\/schema\/logo\/image\/","url":"https:\/\/keramamueblesdejardin.com\/wp-content\/uploads\/2020\/12\/k.-scaled.jpg","contentUrl":"https:\/\/keramamueblesdejardin.com\/wp-content\/uploads\/2020\/12\/k.-scaled.jpg","width":2560,"height":551,"caption":"kerama"},"image":{"@id":"https:\/\/keramamueblesdejardin.com\/de\/#\/schema\/logo\/image\/"},"sameAs":["https:\/\/www.facebook.com\/Kerama-Muebles-de-Jard\u00edn-106209328312568\/"]}]}},"df_price":1489,"df_sale_price":1489,"df_regular_price":1827,"df_image_link":"https:\/\/keramamueblesdejardin.com\/wp-content\/uploads\/2021\/10\/osaka-esquinero-negro-300x300.jpg","custom_tabs":[{"title":"MESSUNG","id":"messung","content":"<div class=\"list\">\n<div class=\"list\" style=\"color: #282828;\"><strong style=\"font-weight: bold;\">Hoch: <\/strong> Tisch: 34,5 cm \/\/ Ecke: 62,5 cm \/\/ Sofa: 62,5 cm<\/div>\n<div class=\"list\" style=\"color: #282828;\"><strong style=\"font-weight: bold;\">Breit: <\/strong> Tisch: 80 cm \/\/ Ecke: 80,5 cm \/\/ Sofa: 166,5 cm<\/div>\n<div class=\"list\" style=\"color: #282828;\"><strong style=\"font-weight: bold;\">Unteres: <\/strong> Tisch: 80 cm \/\/ Ecke: 80,5 cm \/\/ Sofa: 80,5 cm<\/div>\n<\/div>\n<div><strong>Gesamtl\u00e4nge des L<\/strong>: 247cm pro Seite<\/div>\n<div><strong>Sitzh\u00f6he:<\/strong> 42cm<\/div>\n<div><strong>Sitztiefe ohne Kissen:<\/strong> 73cm<\/div>\n<div><strong>Sitztiefe mit Kissen:<\/strong> 55cm<\/div>"},{"title":"AUSPACKEN UND MONTIEREN","id":"auspacken-und-montieren","content":"<div class=\"list\"><strong style=\"font-weight: bold; color: #282828;\">Empfehlungen zum<\/strong> Auspacken: <span style=\"color: #282828;\"> Verwenden Sie beim Auspacken der M\u00f6bel keine scharfen Utensilien, da dies zu Besch\u00e4digungen f\u00fchren kann<\/span><br style=\"color: #282828;\"><strong style=\"font-weight: bold; color: #282828;\">Montage erforderlich (ja\/nein):<\/strong><span style=\"color: #282828;\"> Ja<\/span><br style=\"color: #282828;\"><strong style=\"font-weight: bold; color: #282828;\">Schwierigkeitsgrad der Montage:<\/strong><span style=\"color: #282828;\"> Niedrig<\/span><br style=\"color: #282828;\"><strong style=\"font-weight: bold; color: #282828;\">Montagezeit:<\/strong><span style=\"color: #282828;\"> 20 Minuten<\/span><br style=\"color: #282828;\"><strong style=\"font-weight: bold; color: #282828;\">Empfohlene Personen f\u00fcr die Montage:<\/strong><span style=\"color: #282828;\"> 2<\/span><br style=\"color: #282828;\"><strong style=\"font-weight: bold; color: #282828;\">Montagevorschl\u00e4ge:<\/strong><span style=\"color: #282828;\">  Bereiten Sie einen sauberen und trockenen Montagebereich vor und stellen Sie sicher, dass keines der im Handbuch angegebenen Teile fehlt. Wir empfehlen das Tragen von Montagehandschuhen. Verwenden Sie nur die mitgelieferten Teile und Hardware.<\/span><\/div>"},{"title":"WARTUNG UND GARANTIEN","id":"wartung-und-garantien","content":"<strong>Allgemeine Empfehlungen:<\/strong>\n\u2022 Pannen oder Sch\u00e4den, die verursacht werden durch:\n\u2022 Zuf\u00e4llige Ursachen wie St\u00fcrze, Schl\u00e4ge, Versch\u00fctten von Fl\u00fcssigkeiten, Einschleppen von Fremdk\u00f6rpern sowie andere h\u00f6here Gewalt.\n\u2022 Fahrl\u00e4ssiger, unsachgem\u00e4\u00dfer oder nicht h\u00e4uslicher Gebrauch, Nichtbeachtung der Gebrauchsanweisung.\n\u2022 Besch\u00e4digung, Korrosion und\/oder Oxidation beschleunigt durch widrige Umweltbedingungen\n\u2022 Flecken und Verf\u00e4rbungen durch Nichtbeachtung unserer Reinigungsanweisungen\n\u2022 Sch\u00e4den, die w\u00e4hrend der Montage und Handhabung auftreten, ohne die angegebenen Montageanweisungen befolgt zu haben.\n\n<strong>Gebrauchs- und Wartungshinweise:<\/strong>\n\u2022 Verwenden Sie an sonnigen Tagen eine Tischdecke, insbesondere bei Gl\u00e4sern, Gl\u00e4sern und Glasbeh\u00e4ltern, da diese die Temperatur der Sonne verst\u00e4rkt und Styropor schmelzen kann. Vermeiden Sie jede Art von Abdeckung, die den gleichen Effekt erzielen kann.\n\u2022 Reinigen Sie mit Hilfe eines Tuchs vorsichtig oder verwenden Sie eine neutrale Fl\u00fcssigseife und sp\u00fclen Sie sie mit viel Wasser ab.\n\u2022 Entfernen Sie Staub regelm\u00e4\u00dfig mit Hilfe eines weichen Tuchs und klarem Wasser.\n\u2022 Verwenden Sie zum Reinigen keine Reinigungsmittel oder Scheuermittel.\n\u2022 Trocknen Sie den Tisch nach Regen mit einem sauberen Tuch ab, um Flecken zu vermeiden\n\u2022 Sch\u00fctzen Sie sich mit einer atmungsaktiven Tischdecke oder einer Schutzh\u00fclle\nJahre <strong>Garantie: 3 Jahre<\/strong>\n<strong>Hergestellt nach Norm:<\/strong> 581-1.581-2.581-3"}],"_links":{"self":[{"href":"https:\/\/keramamueblesdejardin.com\/de\/wp-json\/wp\/v2\/product\/119811","targetHints":{"allow":["GET"]}}],"collection":[{"href":"https:\/\/keramamueblesdejardin.com\/de\/wp-json\/wp\/v2\/product"}],"about":[{"href":"https:\/\/keramamueblesdejardin.com\/de\/wp-json\/wp\/v2\/types\/product"}],"replies":[{"embeddable":true,"href":"https:\/\/keramamueblesdejardin.com\/de\/wp-json\/wp\/v2\/comments?post=119811"}],"wp:featuredmedia":[{"embeddable":true,"href":"https:\/\/keramamueblesdejardin.com\/de\/wp-json\/wp\/v2\/media\/119933"}],"wp:attachment":[{"href":"https:\/\/keramamueblesdejardin.com\/de\/wp-json\/wp\/v2\/media?parent=119811"}],"wp:term":[{"taxonomy":"product_brand","embeddable":true,"href":"https:\/\/keramamueblesdejardin.com\/de\/wp-json\/wp\/v2\/product_brand?post=119811"},{"taxonomy":"product_cat","embeddable":true,"href":"https:\/\/keramamueblesdejardin.com\/de\/wp-json\/wp\/v2\/product_cat?post=119811"},{"taxonomy":"product_tag","embeddable":true,"href":"https:\/\/keramamueblesdejardin.com\/de\/wp-json\/wp\/v2\/product_tag?post=119811"}],"curies":[{"name":"wp","href":"https:\/\/api.w.org\/{rel}","templated":true}]}}