{"id":119674,"date":"2021-10-21T15:53:17","date_gmt":"2021-10-21T13:53:17","guid":{"rendered":"https:\/\/keramamueblesdejardin.com\/uncategorized\/gartengarnitur-aus-aluminium-mit-anthrazitfarbener-klapprueckseite-tokio\/"},"modified":"2025-03-11T17:26:18","modified_gmt":"2025-03-11T16:26:18","slug":"aluminium-garten-set-mit-klappbarer-ruckseite-anthrazit-tokyo","status":"publish","type":"product","link":"https:\/\/keramamueblesdejardin.com\/de\/lounges-im-freien\/garten-sets\/aluminium-garten-set-mit-klappbarer-ruckseite-anthrazit-tokyo\/","title":{"rendered":"Gartengarnitur aus Aluminium mit anthrazitfarbener Klappr\u00fcckseite &#8211; Tokio"},"content":{"rendered":"<p><span style=\"font-weight: 400;\">Die <\/span><b>Gartengarnitur Tokyo<\/b><span style=\"font-weight: 400;\"> besteht aus einer anthrazitgrauen Aluminiumstruktur.<\/span><\/p>\n<p><span style=\"font-weight: 400;\">Dieses Set besteht <strong>aus einem niedrigen quadratischen Tisch und einem kleinen Ecksofa mit klappbarer R\u00fcckenlehne<\/strong>. Dar\u00fcber hinaus verf\u00fcgt es \u00fcber <strong>abnehmbare und waschbare Kissen<\/strong>.<\/span><\/p>\n<p><span style=\"font-weight: 400;\">Sie k\u00f6nnen das Set mit anderen Produkten aus dem Tokio-Sortiment kombinieren<\/span><a href=\"https:\/\/keramamueblesdejardin.com\/etiqueta\/tokyo\/\" target=\"_blank\" rel=\"noopener\"><span style=\"font-weight: 400;\"><\/p>\n<p><\/span><span style=\"font-weight: 400;\">.<\/span><\/a><\/p>\n<p>Schauen Sie sich andere unserer Gartensets an.<\/p>\n<h2><\/h2>\n","protected":false},"excerpt":{"rendered":"<ul>\n<li>Gestell aus anthrazitfarbenem Aluminium<\/li>\n<li>Abnehmbare Kissen dunkelgrau<\/li>\n<li>Sofa umwandelbar in Sonnenliege<\/li>\n<\/ul>\n<h2><\/h2>\n","protected":false},"featured_media":119812,"comment_status":"closed","ping_status":"closed","template":"","meta":{"_acf_changed":false},"product_brand":[],"product_cat":[3233,3234],"product_tag":[3376,3374,3377],"class_list":{"0":"post-119674","1":"product","2":"type-product","3":"status-publish","4":"has-post-thumbnail","6":"product_cat-garten-sets","7":"product_cat-lounges-im-freien","8":"product_tag-aluminium-de","9":"product_tag-kleine-raume","10":"product_tag-tokio","11":"product_shipping_class-envio-gratuito-de","12":"pa_ancho-190-de","13":"pa_asientos-5-de","14":"pa_caracteristicas-ecke","15":"pa_caracteristicas-klapp","16":"pa_coleccion-osaka-de","17":"pa_coleccion-tokio","18":"pa_espacio-3-64-de","19":"pa_forma-ecke","20":"pa_largo-1915-de","21":"pa_m2-364-de","22":"pa_material-aluminium","23":"pa_tamano-espacio-gros","25":"first","26":"instock","27":"sale","28":"featured","29":"purchasable","30":"product-type-simple","31":"add-to-wishlist-before_image"},"acf":[],"yoast_head":"<!-- This site is optimized with the Yoast SEO plugin v27.2 - https:\/\/yoast.com\/product\/yoast-seo-wordpress\/ -->\n<title>Gartengarnitur aus Aluminium mit anthrazitfarbener Klappr\u00fcckseite - Tokio - Kerama<\/title>\n<meta name=\"robots\" content=\"index, follow, max-snippet:-1, max-image-preview:large, max-video-preview:-1\" \/>\n<link rel=\"canonical\" href=\"https:\/\/keramamueblesdejardin.com\/de\/lounges-im-freien\/garten-sets\/aluminium-garten-set-mit-klappbarer-ruckseite-anthrazit-tokyo\/\" \/>\n<meta property=\"og:locale\" content=\"de_DE\" \/>\n<meta property=\"og:type\" content=\"article\" \/>\n<meta property=\"og:title\" content=\"Gartengarnitur aus Aluminium mit anthrazitfarbener Klappr\u00fcckseite - Tokio - Kerama\" \/>\n<meta property=\"og:description\" content=\"Gestell aus anthrazitfarbenem Aluminium  Abnehmbare Kissen dunkelgrau  Sofa umwandelbar in Sonnenliege\" \/>\n<meta property=\"og:url\" content=\"https:\/\/keramamueblesdejardin.com\/de\/lounges-im-freien\/garten-sets\/aluminium-garten-set-mit-klappbarer-ruckseite-anthrazit-tokyo\/\" \/>\n<meta property=\"og:site_name\" content=\"Kerama\" \/>\n<meta property=\"article:publisher\" content=\"https:\/\/www.facebook.com\/Kerama-Muebles-de-Jard%c3%adn-106209328312568\/\" \/>\n<meta property=\"article:modified_time\" content=\"2025-03-11T16:26:18+00:00\" \/>\n<meta property=\"og:image\" content=\"https:\/\/keramamueblesdejardin.com\/wp-content\/uploads\/2021\/10\/L1530398-scaled.jpg\" \/>\n\t<meta property=\"og:image:width\" content=\"2560\" \/>\n\t<meta property=\"og:image:height\" content=\"1707\" \/>\n\t<meta property=\"og:image:type\" content=\"image\/jpeg\" \/>\n<meta name=\"twitter:card\" content=\"summary_large_image\" \/>\n<script type=\"application\/ld+json\" class=\"yoast-schema-graph\">{\"@context\":\"https:\/\/schema.org\",\"@graph\":[{\"@type\":\"WebPage\",\"@id\":\"https:\/\/keramamueblesdejardin.com\/de\/lounges-im-freien\/garten-sets\/aluminium-garten-set-mit-klappbarer-ruckseite-anthrazit-tokyo\/\",\"url\":\"https:\/\/keramamueblesdejardin.com\/de\/lounges-im-freien\/garten-sets\/aluminium-garten-set-mit-klappbarer-ruckseite-anthrazit-tokyo\/\",\"name\":\"Gartengarnitur aus Aluminium mit anthrazitfarbener Klappr\u00fcckseite - Tokio - Kerama\",\"isPartOf\":{\"@id\":\"https:\/\/keramamueblesdejardin.com\/de\/#website\"},\"primaryImageOfPage\":{\"@id\":\"https:\/\/keramamueblesdejardin.com\/de\/lounges-im-freien\/garten-sets\/aluminium-garten-set-mit-klappbarer-ruckseite-anthrazit-tokyo\/#primaryimage\"},\"image\":{\"@id\":\"https:\/\/keramamueblesdejardin.com\/de\/lounges-im-freien\/garten-sets\/aluminium-garten-set-mit-klappbarer-ruckseite-anthrazit-tokyo\/#primaryimage\"},\"thumbnailUrl\":\"https:\/\/keramamueblesdejardin.com\/wp-content\/uploads\/2021\/10\/L1530398-scaled.jpg\",\"datePublished\":\"2021-10-21T13:53:17+00:00\",\"dateModified\":\"2025-03-11T16:26:18+00:00\",\"breadcrumb\":{\"@id\":\"https:\/\/keramamueblesdejardin.com\/de\/lounges-im-freien\/garten-sets\/aluminium-garten-set-mit-klappbarer-ruckseite-anthrazit-tokyo\/#breadcrumb\"},\"inLanguage\":\"de\",\"potentialAction\":[{\"@type\":\"ReadAction\",\"target\":[\"https:\/\/keramamueblesdejardin.com\/de\/lounges-im-freien\/garten-sets\/aluminium-garten-set-mit-klappbarer-ruckseite-anthrazit-tokyo\/\"]}]},{\"@type\":\"ImageObject\",\"inLanguage\":\"de\",\"@id\":\"https:\/\/keramamueblesdejardin.com\/de\/lounges-im-freien\/garten-sets\/aluminium-garten-set-mit-klappbarer-ruckseite-anthrazit-tokyo\/#primaryimage\",\"url\":\"https:\/\/keramamueblesdejardin.com\/wp-content\/uploads\/2021\/10\/L1530398-scaled.jpg\",\"contentUrl\":\"https:\/\/keramamueblesdejardin.com\/wp-content\/uploads\/2021\/10\/L1530398-scaled.jpg\",\"width\":2560,\"height\":1707},{\"@type\":\"BreadcrumbList\",\"@id\":\"https:\/\/keramamueblesdejardin.com\/de\/lounges-im-freien\/garten-sets\/aluminium-garten-set-mit-klappbarer-ruckseite-anthrazit-tokyo\/#breadcrumb\",\"itemListElement\":[{\"@type\":\"ListItem\",\"position\":1,\"name\":\"Home\",\"item\":\"https:\/\/keramamueblesdejardin.com\/de\/\"},{\"@type\":\"ListItem\",\"position\":2,\"name\":\"Laden\",\"item\":\"https:\/\/keramamueblesdejardin.com\/de\/laden\/\"},{\"@type\":\"ListItem\",\"position\":3,\"name\":\"Lounges im Freien\",\"item\":\"https:\/\/keramamueblesdejardin.com\/de\/lounges-im-freien\/\"},{\"@type\":\"ListItem\",\"position\":4,\"name\":\"Garten-Sets\",\"item\":\"https:\/\/keramamueblesdejardin.com\/de\/lounges-im-freien\/garten-sets\/\"},{\"@type\":\"ListItem\",\"position\":5,\"name\":\"Gartengarnitur aus Aluminium mit anthrazitfarbener Klappr\u00fcckseite &#8211; Tokio\"}]},{\"@type\":\"WebSite\",\"@id\":\"https:\/\/keramamueblesdejardin.com\/de\/#website\",\"url\":\"https:\/\/keramamueblesdejardin.com\/de\/\",\"name\":\"Kerama\",\"description\":\"muebles de jard\u00edn\",\"publisher\":{\"@id\":\"https:\/\/keramamueblesdejardin.com\/de\/#organization\"},\"potentialAction\":[{\"@type\":\"SearchAction\",\"target\":{\"@type\":\"EntryPoint\",\"urlTemplate\":\"https:\/\/keramamueblesdejardin.com\/de\/?s={search_term_string}\"},\"query-input\":{\"@type\":\"PropertyValueSpecification\",\"valueRequired\":true,\"valueName\":\"search_term_string\"}}],\"inLanguage\":\"de\"},{\"@type\":\"Organization\",\"@id\":\"https:\/\/keramamueblesdejardin.com\/de\/#organization\",\"name\":\"kerama\",\"url\":\"https:\/\/keramamueblesdejardin.com\/de\/\",\"logo\":{\"@type\":\"ImageObject\",\"inLanguage\":\"de\",\"@id\":\"https:\/\/keramamueblesdejardin.com\/de\/#\/schema\/logo\/image\/\",\"url\":\"https:\/\/keramamueblesdejardin.com\/wp-content\/uploads\/2020\/12\/k.-scaled.jpg\",\"contentUrl\":\"https:\/\/keramamueblesdejardin.com\/wp-content\/uploads\/2020\/12\/k.-scaled.jpg\",\"width\":2560,\"height\":551,\"caption\":\"kerama\"},\"image\":{\"@id\":\"https:\/\/keramamueblesdejardin.com\/de\/#\/schema\/logo\/image\/\"},\"sameAs\":[\"https:\/\/www.facebook.com\/Kerama-Muebles-de-Jard\u00edn-106209328312568\/\"]}]}<\/script>\n<!-- \/ Yoast SEO plugin. -->","yoast_head_json":{"title":"Gartengarnitur aus Aluminium mit anthrazitfarbener Klappr\u00fcckseite - Tokio - Kerama","robots":{"index":"index","follow":"follow","max-snippet":"max-snippet:-1","max-image-preview":"max-image-preview:large","max-video-preview":"max-video-preview:-1"},"canonical":"https:\/\/keramamueblesdejardin.com\/de\/lounges-im-freien\/garten-sets\/aluminium-garten-set-mit-klappbarer-ruckseite-anthrazit-tokyo\/","og_locale":"de_DE","og_type":"article","og_title":"Gartengarnitur aus Aluminium mit anthrazitfarbener Klappr\u00fcckseite - Tokio - Kerama","og_description":"Gestell aus anthrazitfarbenem Aluminium  Abnehmbare Kissen dunkelgrau  Sofa umwandelbar in Sonnenliege","og_url":"https:\/\/keramamueblesdejardin.com\/de\/lounges-im-freien\/garten-sets\/aluminium-garten-set-mit-klappbarer-ruckseite-anthrazit-tokyo\/","og_site_name":"Kerama","article_publisher":"https:\/\/www.facebook.com\/Kerama-Muebles-de-Jard%c3%adn-106209328312568\/","article_modified_time":"2025-03-11T16:26:18+00:00","og_image":[{"width":2560,"height":1707,"url":"https:\/\/keramamueblesdejardin.com\/wp-content\/uploads\/2021\/10\/L1530398-scaled.jpg","type":"image\/jpeg"}],"twitter_card":"summary_large_image","schema":{"@context":"https:\/\/schema.org","@graph":[{"@type":"WebPage","@id":"https:\/\/keramamueblesdejardin.com\/de\/lounges-im-freien\/garten-sets\/aluminium-garten-set-mit-klappbarer-ruckseite-anthrazit-tokyo\/","url":"https:\/\/keramamueblesdejardin.com\/de\/lounges-im-freien\/garten-sets\/aluminium-garten-set-mit-klappbarer-ruckseite-anthrazit-tokyo\/","name":"Gartengarnitur aus Aluminium mit anthrazitfarbener Klappr\u00fcckseite - Tokio - Kerama","isPartOf":{"@id":"https:\/\/keramamueblesdejardin.com\/de\/#website"},"primaryImageOfPage":{"@id":"https:\/\/keramamueblesdejardin.com\/de\/lounges-im-freien\/garten-sets\/aluminium-garten-set-mit-klappbarer-ruckseite-anthrazit-tokyo\/#primaryimage"},"image":{"@id":"https:\/\/keramamueblesdejardin.com\/de\/lounges-im-freien\/garten-sets\/aluminium-garten-set-mit-klappbarer-ruckseite-anthrazit-tokyo\/#primaryimage"},"thumbnailUrl":"https:\/\/keramamueblesdejardin.com\/wp-content\/uploads\/2021\/10\/L1530398-scaled.jpg","datePublished":"2021-10-21T13:53:17+00:00","dateModified":"2025-03-11T16:26:18+00:00","breadcrumb":{"@id":"https:\/\/keramamueblesdejardin.com\/de\/lounges-im-freien\/garten-sets\/aluminium-garten-set-mit-klappbarer-ruckseite-anthrazit-tokyo\/#breadcrumb"},"inLanguage":"de","potentialAction":[{"@type":"ReadAction","target":["https:\/\/keramamueblesdejardin.com\/de\/lounges-im-freien\/garten-sets\/aluminium-garten-set-mit-klappbarer-ruckseite-anthrazit-tokyo\/"]}]},{"@type":"ImageObject","inLanguage":"de","@id":"https:\/\/keramamueblesdejardin.com\/de\/lounges-im-freien\/garten-sets\/aluminium-garten-set-mit-klappbarer-ruckseite-anthrazit-tokyo\/#primaryimage","url":"https:\/\/keramamueblesdejardin.com\/wp-content\/uploads\/2021\/10\/L1530398-scaled.jpg","contentUrl":"https:\/\/keramamueblesdejardin.com\/wp-content\/uploads\/2021\/10\/L1530398-scaled.jpg","width":2560,"height":1707},{"@type":"BreadcrumbList","@id":"https:\/\/keramamueblesdejardin.com\/de\/lounges-im-freien\/garten-sets\/aluminium-garten-set-mit-klappbarer-ruckseite-anthrazit-tokyo\/#breadcrumb","itemListElement":[{"@type":"ListItem","position":1,"name":"Home","item":"https:\/\/keramamueblesdejardin.com\/de\/"},{"@type":"ListItem","position":2,"name":"Laden","item":"https:\/\/keramamueblesdejardin.com\/de\/laden\/"},{"@type":"ListItem","position":3,"name":"Lounges im Freien","item":"https:\/\/keramamueblesdejardin.com\/de\/lounges-im-freien\/"},{"@type":"ListItem","position":4,"name":"Garten-Sets","item":"https:\/\/keramamueblesdejardin.com\/de\/lounges-im-freien\/garten-sets\/"},{"@type":"ListItem","position":5,"name":"Gartengarnitur aus Aluminium mit anthrazitfarbener Klappr\u00fcckseite &#8211; Tokio"}]},{"@type":"WebSite","@id":"https:\/\/keramamueblesdejardin.com\/de\/#website","url":"https:\/\/keramamueblesdejardin.com\/de\/","name":"Kerama","description":"muebles de jard\u00edn","publisher":{"@id":"https:\/\/keramamueblesdejardin.com\/de\/#organization"},"potentialAction":[{"@type":"SearchAction","target":{"@type":"EntryPoint","urlTemplate":"https:\/\/keramamueblesdejardin.com\/de\/?s={search_term_string}"},"query-input":{"@type":"PropertyValueSpecification","valueRequired":true,"valueName":"search_term_string"}}],"inLanguage":"de"},{"@type":"Organization","@id":"https:\/\/keramamueblesdejardin.com\/de\/#organization","name":"kerama","url":"https:\/\/keramamueblesdejardin.com\/de\/","logo":{"@type":"ImageObject","inLanguage":"de","@id":"https:\/\/keramamueblesdejardin.com\/de\/#\/schema\/logo\/image\/","url":"https:\/\/keramamueblesdejardin.com\/wp-content\/uploads\/2020\/12\/k.-scaled.jpg","contentUrl":"https:\/\/keramamueblesdejardin.com\/wp-content\/uploads\/2020\/12\/k.-scaled.jpg","width":2560,"height":551,"caption":"kerama"},"image":{"@id":"https:\/\/keramamueblesdejardin.com\/de\/#\/schema\/logo\/image\/"},"sameAs":["https:\/\/www.facebook.com\/Kerama-Muebles-de-Jard\u00edn-106209328312568\/"]}]}},"df_price":1379,"df_sale_price":1379,"df_regular_price":1697,"df_image_link":"https:\/\/keramamueblesdejardin.com\/wp-content\/uploads\/2021\/10\/L1530398-300x200.jpg","custom_tabs":[{"title":"MESSUNG","id":"messung","content":"<strong>Hoch:<\/strong> Sofa 77 cm \/ Tisch 35 cm\n<strong>Breit:<\/strong> Sofa 191,5 und 190 cm \/ Tisch 59 cm\n<strong>Unteres:<\/strong> Sofa 69 cm \/ Tisch 59 cm\n<strong>Artikelgewicht:<\/strong> 34 kg\nSitzh\u00f6he: 45cm\n<strong>Sitztiefe ohne Kissen: <\/strong>67cm\n<strong>Sitztiefe mit Kissen: <\/strong>52cm"},{"title":"AUSPACKEN UND MONTIEREN","id":"auspacken-und-montieren","content":"Empfehlungen zum Auspacken: Verwenden Sie beim Auspacken der M\u00f6bel keine scharfen Utensilien, da dies zu Besch\u00e4digungen f\u00fchren kann.\nMontage erforderlich (ja\/nein): Nein"},{"title":"WARTUNG UND GARANTIEN","id":"wartung-und-garantien","content":"<div class=\"moz-signature\">\n<div class=\"list\"><strong>Allgemeine Empfehlungen:<\/strong>\n\u2022 Pannen oder Sch\u00e4den, die verursacht werden durch:\n\u2022 Zuf\u00e4llige Ursachen wie St\u00fcrze, Schl\u00e4ge, Versch\u00fctten von Fl\u00fcssigkeiten, Einschleppen von Fremdk\u00f6rpern sowie andere h\u00f6here Gewalt.\n\u2022 Fahrl\u00e4ssiger, unsachgem\u00e4\u00dfer oder nicht h\u00e4uslicher Gebrauch.\n\u2022 Besch\u00e4digung, Korrosion und\/oder Oxidation beschleunigt durch widrige Umweltbedingungen\n\u2022 Flecken und Verf\u00e4rbungen durch Nichtbeachtung unserer Reinigungsanweisungen\n\u2022 Sch\u00e4den, die w\u00e4hrend der Montage und Handhabung auftreten, ohne die angegebenen Montageanweisungen befolgt zu haben.\n<strong>Gebrauchs- und Wartungshinweise:<\/strong>\n\u2022 Reinigen Sie mit Hilfe eines Tuchs vorsichtig oder verwenden Sie eine neutrale Fl\u00fcssigseife und sp\u00fclen Sie sie mit viel Wasser ab.\n\u2022 Entfernen Sie Staub regelm\u00e4\u00dfig mit Hilfe eines weichen Tuchs und klarem Wasser.\n\u2022 Verwenden Sie zum Reinigen keine Reinigungsmittel oder Scheuermittel.\nJahre <strong>Garantie: 3 Jahre<\/strong>\n<strong>Hergestellt nach Norm:<\/strong> 581-1.581-2.581-3<\/div>\n<\/div>"}],"_links":{"self":[{"href":"https:\/\/keramamueblesdejardin.com\/de\/wp-json\/wp\/v2\/product\/119674","targetHints":{"allow":["GET"]}}],"collection":[{"href":"https:\/\/keramamueblesdejardin.com\/de\/wp-json\/wp\/v2\/product"}],"about":[{"href":"https:\/\/keramamueblesdejardin.com\/de\/wp-json\/wp\/v2\/types\/product"}],"replies":[{"embeddable":true,"href":"https:\/\/keramamueblesdejardin.com\/de\/wp-json\/wp\/v2\/comments?post=119674"}],"wp:featuredmedia":[{"embeddable":true,"href":"https:\/\/keramamueblesdejardin.com\/de\/wp-json\/wp\/v2\/media\/119812"}],"wp:attachment":[{"href":"https:\/\/keramamueblesdejardin.com\/de\/wp-json\/wp\/v2\/media?parent=119674"}],"wp:term":[{"taxonomy":"product_brand","embeddable":true,"href":"https:\/\/keramamueblesdejardin.com\/de\/wp-json\/wp\/v2\/product_brand?post=119674"},{"taxonomy":"product_cat","embeddable":true,"href":"https:\/\/keramamueblesdejardin.com\/de\/wp-json\/wp\/v2\/product_cat?post=119674"},{"taxonomy":"product_tag","embeddable":true,"href":"https:\/\/keramamueblesdejardin.com\/de\/wp-json\/wp\/v2\/product_tag?post=119674"}],"curies":[{"name":"wp","href":"https:\/\/api.w.org\/{rel}","templated":true}]}}