{"id":119531,"date":"2021-10-14T17:44:54","date_gmt":"2021-10-14T15:44:54","guid":{"rendered":"https:\/\/keramamueblesdejardin.com\/uncategorized\/packung-mit-2-geraden-anthrazitfarbenen-aluminiumliegen-mit-raedern-tokio\/"},"modified":"2024-07-15T10:46:52","modified_gmt":"2024-07-15T08:46:52","slug":"2er-pack-sonnenliegen-aluminium-anthrazit-gerade-mit-radern-tokyo","status":"publish","type":"product","link":"https:\/\/keramamueblesdejardin.com\/de\/liegestuhle-und-ruhe\/liegen\/2er-pack-sonnenliegen-aluminium-anthrazit-gerade-mit-radern-tokyo\/","title":{"rendered":"Packung mit 2 geraden anthrazitfarbenen Aluminiumliegen mit R\u00e4dern &#8211; Tokio"},"content":{"rendered":"<p>Packung mit 2 Sonnenliegen mit Outdoor-R\u00e4dern f\u00fcr Garten oder Terrasse aus Aluminiumstruktur und gepolstertem Textil auf der R\u00fcckseite und anthrazitfarbenem Sitz. Sie k\u00f6nnen die R\u00fcckenlehne um bis zu 5 Positionen verstellen, um die Liegen so zu platzieren, wie sie f\u00fcr Sie am bequemsten sind. Diese Aluminiumliegen mit R\u00e4dern erm\u00f6glichen es Ihnen, zu 100% flach zu liegen, was sehr wichtig ist, oder beim Sonnenbaden auf dem R\u00fccken. Sie verf\u00fcgen \u00fcber 2 R\u00e4der, um die Liegest\u00fchle mit Leichtigkeit zu bewegen und zu bewegen.<\/p>\n","protected":false},"excerpt":{"rendered":"<ul>\n<li>Gestell aus anthrazitfarbenem Aluminium und anthrazitfarbenes gepolstertes Textil<\/li>\n<li>R\u00e4der f\u00fcr einfachen Transport im Lieferumfang enthalten<\/li>\n<li>5-fach verstellbare R\u00fcckenlehne<\/li>\n<li>Kombinieren Sie sie mit den verschiedenen Elementen der Tokio-Familie<\/li>\n<\/ul>\n","protected":false},"featured_media":119710,"comment_status":"closed","ping_status":"closed","template":"","meta":{"_acf_changed":false},"product_brand":[],"product_cat":[3237,3236],"product_tag":[3376,3242,3374,3377],"class_list":{"0":"post-119531","1":"product","2":"type-product","3":"status-publish","4":"has-post-thumbnail","6":"product_cat-liegen","7":"product_cat-liegestuhle-und-ruhe","8":"product_tag-aluminium-de","9":"product_tag-grose-raume","10":"product_tag-kleine-raume","11":"product_tag-tokio","12":"product_shipping_class-envio-gratuito-de","13":"pa_asientos-2-de","14":"pa_caracteristicas-klapp","15":"pa_caracteristicas-wasserdicht","16":"pa_coleccion-osaka-de","17":"pa_coleccion-tokio","18":"pa_material-aluminium","19":"pa_material-textil","21":"first","22":"outofstock","23":"sale","24":"purchasable","25":"product-type-simple","26":"add-to-wishlist-before_image"},"acf":[],"yoast_head":"<!-- This site is optimized with the Yoast SEO plugin v27.2 - https:\/\/yoast.com\/product\/yoast-seo-wordpress\/ -->\n<title>Packung mit 2 geraden anthrazitfarbenen Aluminiumliegen mit R\u00e4dern - Tokio - Kerama<\/title>\n<meta name=\"robots\" content=\"index, follow, max-snippet:-1, max-image-preview:large, max-video-preview:-1\" \/>\n<link rel=\"canonical\" href=\"https:\/\/keramamueblesdejardin.com\/de\/liegestuhle-und-ruhe\/liegen\/2er-pack-sonnenliegen-aluminium-anthrazit-gerade-mit-radern-tokyo\/\" \/>\n<meta property=\"og:locale\" content=\"de_DE\" \/>\n<meta property=\"og:type\" content=\"article\" \/>\n<meta property=\"og:title\" content=\"Packung mit 2 geraden anthrazitfarbenen Aluminiumliegen mit R\u00e4dern - Tokio - Kerama\" \/>\n<meta property=\"og:description\" content=\"Gestell aus anthrazitfarbenem Aluminium und anthrazitfarbenes gepolstertes Textil  R\u00e4der f\u00fcr einfachen Transport im Lieferumfang enthalten  5-fach verstellbare R\u00fcckenlehne  Kombinieren Sie sie mit den verschiedenen Elementen der Tokio-Familie\" \/>\n<meta property=\"og:url\" content=\"https:\/\/keramamueblesdejardin.com\/de\/liegestuhle-und-ruhe\/liegen\/2er-pack-sonnenliegen-aluminium-anthrazit-gerade-mit-radern-tokyo\/\" \/>\n<meta property=\"og:site_name\" content=\"Kerama\" \/>\n<meta property=\"article:publisher\" content=\"https:\/\/www.facebook.com\/Kerama-Muebles-de-Jard%c3%adn-106209328312568\/\" \/>\n<meta property=\"article:modified_time\" content=\"2024-07-15T08:46:52+00:00\" \/>\n<meta property=\"og:image\" content=\"https:\/\/keramamueblesdejardin.com\/wp-content\/uploads\/2021\/10\/x2-baja-tokyo.jpg\" \/>\n\t<meta property=\"og:image:width\" content=\"1200\" \/>\n\t<meta property=\"og:image:height\" content=\"1200\" \/>\n\t<meta property=\"og:image:type\" content=\"image\/jpeg\" \/>\n<meta name=\"twitter:card\" content=\"summary_large_image\" \/>\n<script type=\"application\/ld+json\" class=\"yoast-schema-graph\">{\"@context\":\"https:\/\/schema.org\",\"@graph\":[{\"@type\":\"WebPage\",\"@id\":\"https:\/\/keramamueblesdejardin.com\/de\/liegestuhle-und-ruhe\/liegen\/2er-pack-sonnenliegen-aluminium-anthrazit-gerade-mit-radern-tokyo\/\",\"url\":\"https:\/\/keramamueblesdejardin.com\/de\/liegestuhle-und-ruhe\/liegen\/2er-pack-sonnenliegen-aluminium-anthrazit-gerade-mit-radern-tokyo\/\",\"name\":\"Packung mit 2 geraden anthrazitfarbenen Aluminiumliegen mit R\u00e4dern - Tokio - Kerama\",\"isPartOf\":{\"@id\":\"https:\/\/keramamueblesdejardin.com\/de\/#website\"},\"primaryImageOfPage\":{\"@id\":\"https:\/\/keramamueblesdejardin.com\/de\/liegestuhle-und-ruhe\/liegen\/2er-pack-sonnenliegen-aluminium-anthrazit-gerade-mit-radern-tokyo\/#primaryimage\"},\"image\":{\"@id\":\"https:\/\/keramamueblesdejardin.com\/de\/liegestuhle-und-ruhe\/liegen\/2er-pack-sonnenliegen-aluminium-anthrazit-gerade-mit-radern-tokyo\/#primaryimage\"},\"thumbnailUrl\":\"https:\/\/keramamueblesdejardin.com\/wp-content\/uploads\/2021\/10\/x2-baja-tokyo.jpg\",\"datePublished\":\"2021-10-14T15:44:54+00:00\",\"dateModified\":\"2024-07-15T08:46:52+00:00\",\"breadcrumb\":{\"@id\":\"https:\/\/keramamueblesdejardin.com\/de\/liegestuhle-und-ruhe\/liegen\/2er-pack-sonnenliegen-aluminium-anthrazit-gerade-mit-radern-tokyo\/#breadcrumb\"},\"inLanguage\":\"de\",\"potentialAction\":[{\"@type\":\"ReadAction\",\"target\":[\"https:\/\/keramamueblesdejardin.com\/de\/liegestuhle-und-ruhe\/liegen\/2er-pack-sonnenliegen-aluminium-anthrazit-gerade-mit-radern-tokyo\/\"]}]},{\"@type\":\"ImageObject\",\"inLanguage\":\"de\",\"@id\":\"https:\/\/keramamueblesdejardin.com\/de\/liegestuhle-und-ruhe\/liegen\/2er-pack-sonnenliegen-aluminium-anthrazit-gerade-mit-radern-tokyo\/#primaryimage\",\"url\":\"https:\/\/keramamueblesdejardin.com\/wp-content\/uploads\/2021\/10\/x2-baja-tokyo.jpg\",\"contentUrl\":\"https:\/\/keramamueblesdejardin.com\/wp-content\/uploads\/2021\/10\/x2-baja-tokyo.jpg\",\"width\":1200,\"height\":1200},{\"@type\":\"BreadcrumbList\",\"@id\":\"https:\/\/keramamueblesdejardin.com\/de\/liegestuhle-und-ruhe\/liegen\/2er-pack-sonnenliegen-aluminium-anthrazit-gerade-mit-radern-tokyo\/#breadcrumb\",\"itemListElement\":[{\"@type\":\"ListItem\",\"position\":1,\"name\":\"Home\",\"item\":\"https:\/\/keramamueblesdejardin.com\/de\/\"},{\"@type\":\"ListItem\",\"position\":2,\"name\":\"Laden\",\"item\":\"https:\/\/keramamueblesdejardin.com\/de\/laden\/\"},{\"@type\":\"ListItem\",\"position\":3,\"name\":\"Liegest\u00fchle und Ruhe\",\"item\":\"https:\/\/keramamueblesdejardin.com\/de\/liegestuhle-und-ruhe\/\"},{\"@type\":\"ListItem\",\"position\":4,\"name\":\"Liegen\",\"item\":\"https:\/\/keramamueblesdejardin.com\/de\/liegestuhle-und-ruhe\/liegen\/\"},{\"@type\":\"ListItem\",\"position\":5,\"name\":\"Packung mit 2 geraden anthrazitfarbenen Aluminiumliegen mit R\u00e4dern &#8211; Tokio\"}]},{\"@type\":\"WebSite\",\"@id\":\"https:\/\/keramamueblesdejardin.com\/de\/#website\",\"url\":\"https:\/\/keramamueblesdejardin.com\/de\/\",\"name\":\"Kerama\",\"description\":\"muebles de jard\u00edn\",\"publisher\":{\"@id\":\"https:\/\/keramamueblesdejardin.com\/de\/#organization\"},\"potentialAction\":[{\"@type\":\"SearchAction\",\"target\":{\"@type\":\"EntryPoint\",\"urlTemplate\":\"https:\/\/keramamueblesdejardin.com\/de\/?s={search_term_string}\"},\"query-input\":{\"@type\":\"PropertyValueSpecification\",\"valueRequired\":true,\"valueName\":\"search_term_string\"}}],\"inLanguage\":\"de\"},{\"@type\":\"Organization\",\"@id\":\"https:\/\/keramamueblesdejardin.com\/de\/#organization\",\"name\":\"kerama\",\"url\":\"https:\/\/keramamueblesdejardin.com\/de\/\",\"logo\":{\"@type\":\"ImageObject\",\"inLanguage\":\"de\",\"@id\":\"https:\/\/keramamueblesdejardin.com\/de\/#\/schema\/logo\/image\/\",\"url\":\"https:\/\/keramamueblesdejardin.com\/wp-content\/uploads\/2020\/12\/k.-scaled.jpg\",\"contentUrl\":\"https:\/\/keramamueblesdejardin.com\/wp-content\/uploads\/2020\/12\/k.-scaled.jpg\",\"width\":2560,\"height\":551,\"caption\":\"kerama\"},\"image\":{\"@id\":\"https:\/\/keramamueblesdejardin.com\/de\/#\/schema\/logo\/image\/\"},\"sameAs\":[\"https:\/\/www.facebook.com\/Kerama-Muebles-de-Jard\u00edn-106209328312568\/\"]}]}<\/script>\n<!-- \/ Yoast SEO plugin. -->","yoast_head_json":{"title":"Packung mit 2 geraden anthrazitfarbenen Aluminiumliegen mit R\u00e4dern - Tokio - Kerama","robots":{"index":"index","follow":"follow","max-snippet":"max-snippet:-1","max-image-preview":"max-image-preview:large","max-video-preview":"max-video-preview:-1"},"canonical":"https:\/\/keramamueblesdejardin.com\/de\/liegestuhle-und-ruhe\/liegen\/2er-pack-sonnenliegen-aluminium-anthrazit-gerade-mit-radern-tokyo\/","og_locale":"de_DE","og_type":"article","og_title":"Packung mit 2 geraden anthrazitfarbenen Aluminiumliegen mit R\u00e4dern - Tokio - Kerama","og_description":"Gestell aus anthrazitfarbenem Aluminium und anthrazitfarbenes gepolstertes Textil  R\u00e4der f\u00fcr einfachen Transport im Lieferumfang enthalten  5-fach verstellbare R\u00fcckenlehne  Kombinieren Sie sie mit den verschiedenen Elementen der Tokio-Familie","og_url":"https:\/\/keramamueblesdejardin.com\/de\/liegestuhle-und-ruhe\/liegen\/2er-pack-sonnenliegen-aluminium-anthrazit-gerade-mit-radern-tokyo\/","og_site_name":"Kerama","article_publisher":"https:\/\/www.facebook.com\/Kerama-Muebles-de-Jard%c3%adn-106209328312568\/","article_modified_time":"2024-07-15T08:46:52+00:00","og_image":[{"width":1200,"height":1200,"url":"https:\/\/keramamueblesdejardin.com\/wp-content\/uploads\/2021\/10\/x2-baja-tokyo.jpg","type":"image\/jpeg"}],"twitter_card":"summary_large_image","schema":{"@context":"https:\/\/schema.org","@graph":[{"@type":"WebPage","@id":"https:\/\/keramamueblesdejardin.com\/de\/liegestuhle-und-ruhe\/liegen\/2er-pack-sonnenliegen-aluminium-anthrazit-gerade-mit-radern-tokyo\/","url":"https:\/\/keramamueblesdejardin.com\/de\/liegestuhle-und-ruhe\/liegen\/2er-pack-sonnenliegen-aluminium-anthrazit-gerade-mit-radern-tokyo\/","name":"Packung mit 2 geraden anthrazitfarbenen Aluminiumliegen mit R\u00e4dern - Tokio - Kerama","isPartOf":{"@id":"https:\/\/keramamueblesdejardin.com\/de\/#website"},"primaryImageOfPage":{"@id":"https:\/\/keramamueblesdejardin.com\/de\/liegestuhle-und-ruhe\/liegen\/2er-pack-sonnenliegen-aluminium-anthrazit-gerade-mit-radern-tokyo\/#primaryimage"},"image":{"@id":"https:\/\/keramamueblesdejardin.com\/de\/liegestuhle-und-ruhe\/liegen\/2er-pack-sonnenliegen-aluminium-anthrazit-gerade-mit-radern-tokyo\/#primaryimage"},"thumbnailUrl":"https:\/\/keramamueblesdejardin.com\/wp-content\/uploads\/2021\/10\/x2-baja-tokyo.jpg","datePublished":"2021-10-14T15:44:54+00:00","dateModified":"2024-07-15T08:46:52+00:00","breadcrumb":{"@id":"https:\/\/keramamueblesdejardin.com\/de\/liegestuhle-und-ruhe\/liegen\/2er-pack-sonnenliegen-aluminium-anthrazit-gerade-mit-radern-tokyo\/#breadcrumb"},"inLanguage":"de","potentialAction":[{"@type":"ReadAction","target":["https:\/\/keramamueblesdejardin.com\/de\/liegestuhle-und-ruhe\/liegen\/2er-pack-sonnenliegen-aluminium-anthrazit-gerade-mit-radern-tokyo\/"]}]},{"@type":"ImageObject","inLanguage":"de","@id":"https:\/\/keramamueblesdejardin.com\/de\/liegestuhle-und-ruhe\/liegen\/2er-pack-sonnenliegen-aluminium-anthrazit-gerade-mit-radern-tokyo\/#primaryimage","url":"https:\/\/keramamueblesdejardin.com\/wp-content\/uploads\/2021\/10\/x2-baja-tokyo.jpg","contentUrl":"https:\/\/keramamueblesdejardin.com\/wp-content\/uploads\/2021\/10\/x2-baja-tokyo.jpg","width":1200,"height":1200},{"@type":"BreadcrumbList","@id":"https:\/\/keramamueblesdejardin.com\/de\/liegestuhle-und-ruhe\/liegen\/2er-pack-sonnenliegen-aluminium-anthrazit-gerade-mit-radern-tokyo\/#breadcrumb","itemListElement":[{"@type":"ListItem","position":1,"name":"Home","item":"https:\/\/keramamueblesdejardin.com\/de\/"},{"@type":"ListItem","position":2,"name":"Laden","item":"https:\/\/keramamueblesdejardin.com\/de\/laden\/"},{"@type":"ListItem","position":3,"name":"Liegest\u00fchle und Ruhe","item":"https:\/\/keramamueblesdejardin.com\/de\/liegestuhle-und-ruhe\/"},{"@type":"ListItem","position":4,"name":"Liegen","item":"https:\/\/keramamueblesdejardin.com\/de\/liegestuhle-und-ruhe\/liegen\/"},{"@type":"ListItem","position":5,"name":"Packung mit 2 geraden anthrazitfarbenen Aluminiumliegen mit R\u00e4dern &#8211; Tokio"}]},{"@type":"WebSite","@id":"https:\/\/keramamueblesdejardin.com\/de\/#website","url":"https:\/\/keramamueblesdejardin.com\/de\/","name":"Kerama","description":"muebles de jard\u00edn","publisher":{"@id":"https:\/\/keramamueblesdejardin.com\/de\/#organization"},"potentialAction":[{"@type":"SearchAction","target":{"@type":"EntryPoint","urlTemplate":"https:\/\/keramamueblesdejardin.com\/de\/?s={search_term_string}"},"query-input":{"@type":"PropertyValueSpecification","valueRequired":true,"valueName":"search_term_string"}}],"inLanguage":"de"},{"@type":"Organization","@id":"https:\/\/keramamueblesdejardin.com\/de\/#organization","name":"kerama","url":"https:\/\/keramamueblesdejardin.com\/de\/","logo":{"@type":"ImageObject","inLanguage":"de","@id":"https:\/\/keramamueblesdejardin.com\/de\/#\/schema\/logo\/image\/","url":"https:\/\/keramamueblesdejardin.com\/wp-content\/uploads\/2020\/12\/k.-scaled.jpg","contentUrl":"https:\/\/keramamueblesdejardin.com\/wp-content\/uploads\/2020\/12\/k.-scaled.jpg","width":2560,"height":551,"caption":"kerama"},"image":{"@id":"https:\/\/keramamueblesdejardin.com\/de\/#\/schema\/logo\/image\/"},"sameAs":["https:\/\/www.facebook.com\/Kerama-Muebles-de-Jard\u00edn-106209328312568\/"]}]}},"df_price":359,"df_sale_price":359,"df_regular_price":449,"df_image_link":"https:\/\/keramamueblesdejardin.com\/wp-content\/uploads\/2021\/10\/x2-baja-tokyo-300x300.jpg","custom_tabs":[{"title":"MESSUNG","id":"messung","content":"<strong>H\u00f6he:<\/strong> 35 \/ 65 \/ 75 \/ 85 \/ 95 cm\n<strong>Breite:<\/strong> 70 cm\nTiefe: 200 cm\n<strong>Produktgewicht:<\/strong> 8,7 kg\n<strong>Maximal unterst\u00fctztes Gewicht:<\/strong> 120 kg\n<strong>Sitzh\u00f6he:<\/strong> 35 cm\n<strong>L\u00e4nge der R\u00fcckenlehne:<\/strong> 74 cm\n<strong>Sitztiefe:<\/strong> 121 cm\n<strong>Beinh\u00f6he (Freiraum unter M\u00f6beln):<\/strong> 30 cm"},{"title":"AUSPACKEN UND MONTIEREN","id":"auspacken-und-montieren","content":"Empfehlungen zum Auspacken: Verwenden Sie beim Auspacken der M\u00f6bel keine scharfen Utensilien, da dies zu Besch\u00e4digungen f\u00fchren kann\nMontage erforderlich (ja\/nein): Ja\nSchwierigkeitsgrad der Montage: Mittel\nMontagezeit: 30 Minuten\nEmpfohlene Personen f\u00fcr die Montage: 2\n<strong>Montagevorschl\u00e4ge:<\/strong> Bereiten Sie einen sauberen und trockenen Montagebereich vor und stellen Sie sicher, dass keines der im Handbuch angegebenen Teile fehlt. Wir empfehlen das Tragen von Montagehandschuhen. Verwenden Sie nur die mitgelieferten Teile und Hardware."},{"title":"WARTUNG UND GARANTIEN","id":"wartung-und-garantien","content":"<strong>Rahmenbedingungen:<\/strong>\n\u2022 Pannen oder Sch\u00e4den, die verursacht werden durch:\n\u2022 Zuf\u00e4llige Ursachen wie St\u00fcrze, Schl\u00e4ge, Versch\u00fctten von Fl\u00fcssigkeiten, Einschleppen von Fremdk\u00f6rpern sowie andere h\u00f6here Gewalt.\n\u2022 Fahrl\u00e4ssiger, unsachgem\u00e4\u00dfer oder nicht h\u00e4uslicher Gebrauch.\n\u2022 Besch\u00e4digung, Korrosion und\/oder Oxidation beschleunigt durch widrige Umweltbedingungen\n\u2022 Flecken und Verf\u00e4rbungen durch Nichtbeachtung unserer Reinigungsanweisungen\n\u2022 Sch\u00e4den, die w\u00e4hrend der Montage und Handhabung auftreten, ohne die angegebenen Montageanweisungen befolgt zu haben.\n<strong>Gebrauchs- und Wartungshinweise:<\/strong>\n\u2022 Reinigen Sie mit Hilfe eines Tuchs vorsichtig oder verwenden Sie eine neutrale Fl\u00fcssigseife und sp\u00fclen Sie sie mit viel Wasser ab.\n\u2022 Entfernen Sie Staub regelm\u00e4\u00dfig mit Hilfe eines weichen Tuchs und klarem Wasser.\n\u2022 Verwenden Sie zum Reinigen keine Reinigungsmittel oder Scheuermittel.\nJahre <strong>Garantie: 2 Jahre<\/strong>\n<strong>Hergestellt nach Norm:<\/strong> 581-1.581-3"}],"_links":{"self":[{"href":"https:\/\/keramamueblesdejardin.com\/de\/wp-json\/wp\/v2\/product\/119531","targetHints":{"allow":["GET"]}}],"collection":[{"href":"https:\/\/keramamueblesdejardin.com\/de\/wp-json\/wp\/v2\/product"}],"about":[{"href":"https:\/\/keramamueblesdejardin.com\/de\/wp-json\/wp\/v2\/types\/product"}],"replies":[{"embeddable":true,"href":"https:\/\/keramamueblesdejardin.com\/de\/wp-json\/wp\/v2\/comments?post=119531"}],"wp:featuredmedia":[{"embeddable":true,"href":"https:\/\/keramamueblesdejardin.com\/de\/wp-json\/wp\/v2\/media\/119710"}],"wp:attachment":[{"href":"https:\/\/keramamueblesdejardin.com\/de\/wp-json\/wp\/v2\/media?parent=119531"}],"wp:term":[{"taxonomy":"product_brand","embeddable":true,"href":"https:\/\/keramamueblesdejardin.com\/de\/wp-json\/wp\/v2\/product_brand?post=119531"},{"taxonomy":"product_cat","embeddable":true,"href":"https:\/\/keramamueblesdejardin.com\/de\/wp-json\/wp\/v2\/product_cat?post=119531"},{"taxonomy":"product_tag","embeddable":true,"href":"https:\/\/keramamueblesdejardin.com\/de\/wp-json\/wp\/v2\/product_tag?post=119531"}],"curies":[{"name":"wp","href":"https:\/\/api.w.org\/{rel}","templated":true}]}}