{"id":119462,"date":"2021-10-21T15:53:21","date_gmt":"2021-10-21T13:53:21","guid":{"rendered":"https:\/\/keramamueblesdejardin.com\/uncategorized\/ausziehbarer-gartentisch-anthrazitfarbenes-aluminium-200-140x90-cm-und-polyethylen-hoher-dichte-osaka\/"},"modified":"2024-10-21T13:26:29","modified_gmt":"2024-10-21T11:26:29","slug":"tisch-garten-ausziehbares-aluminium-anthrazit-200-140x90-cm-und-polyethylen-high-density-osaka","status":"publish","type":"product","link":"https:\/\/keramamueblesdejardin.com\/de\/speisesale-im-freien\/gartentische\/tisch-garten-ausziehbares-aluminium-anthrazit-200-140x90-cm-und-polyethylen-high-density-osaka\/","title":{"rendered":"Ausziehbarer Gartentisch anthrazitfarbenes Aluminium 200\/140&#215;90 cm und Polyethylen hoher Dichte &#8211; Osaka"},"content":{"rendered":"<p><span style=\"font-weight: 400;\">Der <\/span><b>ausziehbare Osaka Gartentisch<\/b><span style=\"font-weight: 400;\"> besteht aus anthrazitfarbenem Aluminium und Polywood-Lattenholzimitat.<\/span><\/p>\n<p><span style=\"font-weight: 400;\">Das Verl\u00e4ngerungssystem ist einfach und praktisch in der Handhabung. Der Tisch kann<\/span> <b> Verl\u00e4ngert von 140 cm auf 200 cm<\/b><span style=\"font-weight: 400;\"> , um die Kapazit\u00e4t der G\u00e4ste zu erh\u00f6hen.<\/span><\/p>\n<p><span style=\"font-weight: 400;\">Sie k\u00f6nnen <\/span><b>diesen Stuhl mit anderen Produkten der<\/b><a href=\"https:\/\/keramamueblesdejardin.com\/etiqueta\/osaka\/\" target=\"_blank\" rel=\"noopener\"><b> Osaka-Familie<\/b><\/p>\n<p><\/a> kombinieren<span style=\"font-weight: 400;\">.<\/span><\/p>\n<p><span style=\"font-weight: 400;\">Schauen Sie sich unsere<\/span><a href=\"https:\/\/keramamueblesdejardin.com\/comedores-exterior\/conjunto-mesa-y-sillas-jardin\/\"> <b>Gartentisch- und Stuhlsets an.<\/b><\/a><\/p>\n","protected":false},"excerpt":{"rendered":"<ul>\n<li>Ausziehbarer Tisch aus anthrazitfarbenem Aluminium und Polywood-Latten mit Holzoptik<\/li>\n<li>Tischgr\u00f6\u00dfen: 140\u00d790 cm ( geschlossen ) 200\u00d790 cm ( ausgezogen )<\/li>\n<li>Sie k\u00f6nnen es mit anderen Elementen der Osaka-Familie kombinieren<\/li>\n<\/ul>\n","protected":false},"featured_media":119520,"comment_status":"closed","ping_status":"closed","template":"","meta":{"_acf_changed":false},"product_brand":[],"product_cat":[3364,3238],"product_tag":[3376,3242,3252,3377],"class_list":{"0":"post-119462","1":"product","2":"type-product","3":"status-publish","4":"has-post-thumbnail","6":"product_cat-gartentische","7":"product_cat-speisesale-im-freien","8":"product_tag-aluminium-de","9":"product_tag-grose-raume","10":"product_tag-osaka-de","11":"product_tag-tokio","12":"product_shipping_class-envio-gratuito-de","13":"pa_caracteristicas-erweiterbar","14":"pa_caracteristicas-wasserdicht","15":"pa_coleccion-osaka-de","16":"pa_forma-rechteckig","17":"pa_material-aluminium","18":"pa_material-holzimitat","20":"first","21":"instock","22":"sale","23":"purchasable","24":"product-type-simple","25":"add-to-wishlist-before_image"},"acf":[],"yoast_head":"<!-- This site is optimized with the Yoast SEO plugin v27.2 - https:\/\/yoast.com\/product\/yoast-seo-wordpress\/ -->\n<title>Ausziehbarer Gartentisch anthrazitfarbenes Aluminium 200\/140x90 cm und Polyethylen hoher Dichte - Osaka - Kerama<\/title>\n<meta name=\"robots\" content=\"index, follow, max-snippet:-1, max-image-preview:large, max-video-preview:-1\" \/>\n<link rel=\"canonical\" href=\"https:\/\/keramamueblesdejardin.com\/de\/speisesale-im-freien\/gartentische\/tisch-garten-ausziehbares-aluminium-anthrazit-200-140x90-cm-und-polyethylen-high-density-osaka\/\" \/>\n<meta property=\"og:locale\" content=\"de_DE\" \/>\n<meta property=\"og:type\" content=\"article\" \/>\n<meta property=\"og:title\" content=\"Ausziehbarer Gartentisch anthrazitfarbenes Aluminium 200\/140x90 cm und Polyethylen hoher Dichte - Osaka - Kerama\" \/>\n<meta property=\"og:description\" content=\"Ausziehbarer Tisch aus anthrazitfarbenem Aluminium und Polywood-Latten mit Holzoptik  Tischgr\u00f6\u00dfen: 140\u00d790 cm ( geschlossen ) 200\u00d790 cm ( ausgezogen )  Sie k\u00f6nnen es mit anderen Elementen der Osaka-Familie kombinieren\" \/>\n<meta property=\"og:url\" content=\"https:\/\/keramamueblesdejardin.com\/de\/speisesale-im-freien\/gartentische\/tisch-garten-ausziehbares-aluminium-anthrazit-200-140x90-cm-und-polyethylen-high-density-osaka\/\" \/>\n<meta property=\"og:site_name\" content=\"Kerama\" \/>\n<meta property=\"article:publisher\" content=\"https:\/\/www.facebook.com\/Kerama-Muebles-de-Jard%c3%adn-106209328312568\/\" \/>\n<meta property=\"article:modified_time\" content=\"2024-10-21T11:26:29+00:00\" \/>\n<meta property=\"og:image\" content=\"https:\/\/keramamueblesdejardin.com\/wp-content\/uploads\/2021\/10\/L1430817_SILU_-scaled-e1697714956315.jpg\" \/>\n\t<meta property=\"og:image:width\" content=\"1200\" \/>\n\t<meta property=\"og:image:height\" content=\"1200\" \/>\n\t<meta property=\"og:image:type\" content=\"image\/jpeg\" \/>\n<meta name=\"twitter:card\" content=\"summary_large_image\" \/>\n<script type=\"application\/ld+json\" class=\"yoast-schema-graph\">{\"@context\":\"https:\/\/schema.org\",\"@graph\":[{\"@type\":\"WebPage\",\"@id\":\"https:\/\/keramamueblesdejardin.com\/de\/speisesale-im-freien\/gartentische\/tisch-garten-ausziehbares-aluminium-anthrazit-200-140x90-cm-und-polyethylen-high-density-osaka\/\",\"url\":\"https:\/\/keramamueblesdejardin.com\/de\/speisesale-im-freien\/gartentische\/tisch-garten-ausziehbares-aluminium-anthrazit-200-140x90-cm-und-polyethylen-high-density-osaka\/\",\"name\":\"Ausziehbarer Gartentisch anthrazitfarbenes Aluminium 200\/140x90 cm und Polyethylen hoher Dichte - Osaka - Kerama\",\"isPartOf\":{\"@id\":\"https:\/\/keramamueblesdejardin.com\/de\/#website\"},\"primaryImageOfPage\":{\"@id\":\"https:\/\/keramamueblesdejardin.com\/de\/speisesale-im-freien\/gartentische\/tisch-garten-ausziehbares-aluminium-anthrazit-200-140x90-cm-und-polyethylen-high-density-osaka\/#primaryimage\"},\"image\":{\"@id\":\"https:\/\/keramamueblesdejardin.com\/de\/speisesale-im-freien\/gartentische\/tisch-garten-ausziehbares-aluminium-anthrazit-200-140x90-cm-und-polyethylen-high-density-osaka\/#primaryimage\"},\"thumbnailUrl\":\"https:\/\/keramamueblesdejardin.com\/wp-content\/uploads\/2021\/10\/L1430817_SILU_-scaled-e1697714956315.jpg\",\"datePublished\":\"2021-10-21T13:53:21+00:00\",\"dateModified\":\"2024-10-21T11:26:29+00:00\",\"breadcrumb\":{\"@id\":\"https:\/\/keramamueblesdejardin.com\/de\/speisesale-im-freien\/gartentische\/tisch-garten-ausziehbares-aluminium-anthrazit-200-140x90-cm-und-polyethylen-high-density-osaka\/#breadcrumb\"},\"inLanguage\":\"de\",\"potentialAction\":[{\"@type\":\"ReadAction\",\"target\":[\"https:\/\/keramamueblesdejardin.com\/de\/speisesale-im-freien\/gartentische\/tisch-garten-ausziehbares-aluminium-anthrazit-200-140x90-cm-und-polyethylen-high-density-osaka\/\"]}]},{\"@type\":\"ImageObject\",\"inLanguage\":\"de\",\"@id\":\"https:\/\/keramamueblesdejardin.com\/de\/speisesale-im-freien\/gartentische\/tisch-garten-ausziehbares-aluminium-anthrazit-200-140x90-cm-und-polyethylen-high-density-osaka\/#primaryimage\",\"url\":\"https:\/\/keramamueblesdejardin.com\/wp-content\/uploads\/2021\/10\/L1430817_SILU_-scaled-e1697714956315.jpg\",\"contentUrl\":\"https:\/\/keramamueblesdejardin.com\/wp-content\/uploads\/2021\/10\/L1430817_SILU_-scaled-e1697714956315.jpg\",\"width\":1200,\"height\":1200},{\"@type\":\"BreadcrumbList\",\"@id\":\"https:\/\/keramamueblesdejardin.com\/de\/speisesale-im-freien\/gartentische\/tisch-garten-ausziehbares-aluminium-anthrazit-200-140x90-cm-und-polyethylen-high-density-osaka\/#breadcrumb\",\"itemListElement\":[{\"@type\":\"ListItem\",\"position\":1,\"name\":\"Home\",\"item\":\"https:\/\/keramamueblesdejardin.com\/de\/\"},{\"@type\":\"ListItem\",\"position\":2,\"name\":\"Laden\",\"item\":\"https:\/\/keramamueblesdejardin.com\/de\/laden\/\"},{\"@type\":\"ListItem\",\"position\":3,\"name\":\"Speises\u00e4le im Freien\",\"item\":\"https:\/\/keramamueblesdejardin.com\/de\/speisesale-im-freien\/\"},{\"@type\":\"ListItem\",\"position\":4,\"name\":\"Gartentische\",\"item\":\"https:\/\/keramamueblesdejardin.com\/de\/speisesale-im-freien\/gartentische\/\"},{\"@type\":\"ListItem\",\"position\":5,\"name\":\"Ausziehbarer Gartentisch anthrazitfarbenes Aluminium 200\/140&#215;90 cm und Polyethylen hoher Dichte &#8211; Osaka\"}]},{\"@type\":\"WebSite\",\"@id\":\"https:\/\/keramamueblesdejardin.com\/de\/#website\",\"url\":\"https:\/\/keramamueblesdejardin.com\/de\/\",\"name\":\"Kerama\",\"description\":\"muebles de jard\u00edn\",\"publisher\":{\"@id\":\"https:\/\/keramamueblesdejardin.com\/de\/#organization\"},\"potentialAction\":[{\"@type\":\"SearchAction\",\"target\":{\"@type\":\"EntryPoint\",\"urlTemplate\":\"https:\/\/keramamueblesdejardin.com\/de\/?s={search_term_string}\"},\"query-input\":{\"@type\":\"PropertyValueSpecification\",\"valueRequired\":true,\"valueName\":\"search_term_string\"}}],\"inLanguage\":\"de\"},{\"@type\":\"Organization\",\"@id\":\"https:\/\/keramamueblesdejardin.com\/de\/#organization\",\"name\":\"kerama\",\"url\":\"https:\/\/keramamueblesdejardin.com\/de\/\",\"logo\":{\"@type\":\"ImageObject\",\"inLanguage\":\"de\",\"@id\":\"https:\/\/keramamueblesdejardin.com\/de\/#\/schema\/logo\/image\/\",\"url\":\"https:\/\/keramamueblesdejardin.com\/wp-content\/uploads\/2020\/12\/k.-scaled.jpg\",\"contentUrl\":\"https:\/\/keramamueblesdejardin.com\/wp-content\/uploads\/2020\/12\/k.-scaled.jpg\",\"width\":2560,\"height\":551,\"caption\":\"kerama\"},\"image\":{\"@id\":\"https:\/\/keramamueblesdejardin.com\/de\/#\/schema\/logo\/image\/\"},\"sameAs\":[\"https:\/\/www.facebook.com\/Kerama-Muebles-de-Jard\u00edn-106209328312568\/\"]}]}<\/script>\n<!-- \/ Yoast SEO plugin. -->","yoast_head_json":{"title":"Ausziehbarer Gartentisch anthrazitfarbenes Aluminium 200\/140x90 cm und Polyethylen hoher Dichte - Osaka - Kerama","robots":{"index":"index","follow":"follow","max-snippet":"max-snippet:-1","max-image-preview":"max-image-preview:large","max-video-preview":"max-video-preview:-1"},"canonical":"https:\/\/keramamueblesdejardin.com\/de\/speisesale-im-freien\/gartentische\/tisch-garten-ausziehbares-aluminium-anthrazit-200-140x90-cm-und-polyethylen-high-density-osaka\/","og_locale":"de_DE","og_type":"article","og_title":"Ausziehbarer Gartentisch anthrazitfarbenes Aluminium 200\/140x90 cm und Polyethylen hoher Dichte - Osaka - Kerama","og_description":"Ausziehbarer Tisch aus anthrazitfarbenem Aluminium und Polywood-Latten mit Holzoptik  Tischgr\u00f6\u00dfen: 140\u00d790 cm ( geschlossen ) 200\u00d790 cm ( ausgezogen )  Sie k\u00f6nnen es mit anderen Elementen der Osaka-Familie kombinieren","og_url":"https:\/\/keramamueblesdejardin.com\/de\/speisesale-im-freien\/gartentische\/tisch-garten-ausziehbares-aluminium-anthrazit-200-140x90-cm-und-polyethylen-high-density-osaka\/","og_site_name":"Kerama","article_publisher":"https:\/\/www.facebook.com\/Kerama-Muebles-de-Jard%c3%adn-106209328312568\/","article_modified_time":"2024-10-21T11:26:29+00:00","og_image":[{"width":1200,"height":1200,"url":"https:\/\/keramamueblesdejardin.com\/wp-content\/uploads\/2021\/10\/L1430817_SILU_-scaled-e1697714956315.jpg","type":"image\/jpeg"}],"twitter_card":"summary_large_image","schema":{"@context":"https:\/\/schema.org","@graph":[{"@type":"WebPage","@id":"https:\/\/keramamueblesdejardin.com\/de\/speisesale-im-freien\/gartentische\/tisch-garten-ausziehbares-aluminium-anthrazit-200-140x90-cm-und-polyethylen-high-density-osaka\/","url":"https:\/\/keramamueblesdejardin.com\/de\/speisesale-im-freien\/gartentische\/tisch-garten-ausziehbares-aluminium-anthrazit-200-140x90-cm-und-polyethylen-high-density-osaka\/","name":"Ausziehbarer Gartentisch anthrazitfarbenes Aluminium 200\/140x90 cm und Polyethylen hoher Dichte - Osaka - Kerama","isPartOf":{"@id":"https:\/\/keramamueblesdejardin.com\/de\/#website"},"primaryImageOfPage":{"@id":"https:\/\/keramamueblesdejardin.com\/de\/speisesale-im-freien\/gartentische\/tisch-garten-ausziehbares-aluminium-anthrazit-200-140x90-cm-und-polyethylen-high-density-osaka\/#primaryimage"},"image":{"@id":"https:\/\/keramamueblesdejardin.com\/de\/speisesale-im-freien\/gartentische\/tisch-garten-ausziehbares-aluminium-anthrazit-200-140x90-cm-und-polyethylen-high-density-osaka\/#primaryimage"},"thumbnailUrl":"https:\/\/keramamueblesdejardin.com\/wp-content\/uploads\/2021\/10\/L1430817_SILU_-scaled-e1697714956315.jpg","datePublished":"2021-10-21T13:53:21+00:00","dateModified":"2024-10-21T11:26:29+00:00","breadcrumb":{"@id":"https:\/\/keramamueblesdejardin.com\/de\/speisesale-im-freien\/gartentische\/tisch-garten-ausziehbares-aluminium-anthrazit-200-140x90-cm-und-polyethylen-high-density-osaka\/#breadcrumb"},"inLanguage":"de","potentialAction":[{"@type":"ReadAction","target":["https:\/\/keramamueblesdejardin.com\/de\/speisesale-im-freien\/gartentische\/tisch-garten-ausziehbares-aluminium-anthrazit-200-140x90-cm-und-polyethylen-high-density-osaka\/"]}]},{"@type":"ImageObject","inLanguage":"de","@id":"https:\/\/keramamueblesdejardin.com\/de\/speisesale-im-freien\/gartentische\/tisch-garten-ausziehbares-aluminium-anthrazit-200-140x90-cm-und-polyethylen-high-density-osaka\/#primaryimage","url":"https:\/\/keramamueblesdejardin.com\/wp-content\/uploads\/2021\/10\/L1430817_SILU_-scaled-e1697714956315.jpg","contentUrl":"https:\/\/keramamueblesdejardin.com\/wp-content\/uploads\/2021\/10\/L1430817_SILU_-scaled-e1697714956315.jpg","width":1200,"height":1200},{"@type":"BreadcrumbList","@id":"https:\/\/keramamueblesdejardin.com\/de\/speisesale-im-freien\/gartentische\/tisch-garten-ausziehbares-aluminium-anthrazit-200-140x90-cm-und-polyethylen-high-density-osaka\/#breadcrumb","itemListElement":[{"@type":"ListItem","position":1,"name":"Home","item":"https:\/\/keramamueblesdejardin.com\/de\/"},{"@type":"ListItem","position":2,"name":"Laden","item":"https:\/\/keramamueblesdejardin.com\/de\/laden\/"},{"@type":"ListItem","position":3,"name":"Speises\u00e4le im Freien","item":"https:\/\/keramamueblesdejardin.com\/de\/speisesale-im-freien\/"},{"@type":"ListItem","position":4,"name":"Gartentische","item":"https:\/\/keramamueblesdejardin.com\/de\/speisesale-im-freien\/gartentische\/"},{"@type":"ListItem","position":5,"name":"Ausziehbarer Gartentisch anthrazitfarbenes Aluminium 200\/140&#215;90 cm und Polyethylen hoher Dichte &#8211; Osaka"}]},{"@type":"WebSite","@id":"https:\/\/keramamueblesdejardin.com\/de\/#website","url":"https:\/\/keramamueblesdejardin.com\/de\/","name":"Kerama","description":"muebles de jard\u00edn","publisher":{"@id":"https:\/\/keramamueblesdejardin.com\/de\/#organization"},"potentialAction":[{"@type":"SearchAction","target":{"@type":"EntryPoint","urlTemplate":"https:\/\/keramamueblesdejardin.com\/de\/?s={search_term_string}"},"query-input":{"@type":"PropertyValueSpecification","valueRequired":true,"valueName":"search_term_string"}}],"inLanguage":"de"},{"@type":"Organization","@id":"https:\/\/keramamueblesdejardin.com\/de\/#organization","name":"kerama","url":"https:\/\/keramamueblesdejardin.com\/de\/","logo":{"@type":"ImageObject","inLanguage":"de","@id":"https:\/\/keramamueblesdejardin.com\/de\/#\/schema\/logo\/image\/","url":"https:\/\/keramamueblesdejardin.com\/wp-content\/uploads\/2020\/12\/k.-scaled.jpg","contentUrl":"https:\/\/keramamueblesdejardin.com\/wp-content\/uploads\/2020\/12\/k.-scaled.jpg","width":2560,"height":551,"caption":"kerama"},"image":{"@id":"https:\/\/keramamueblesdejardin.com\/de\/#\/schema\/logo\/image\/"},"sameAs":["https:\/\/www.facebook.com\/Kerama-Muebles-de-Jard\u00edn-106209328312568\/"]}]}},"df_price":509,"df_sale_price":509,"df_regular_price":631,"df_image_link":"https:\/\/keramamueblesdejardin.com\/wp-content\/uploads\/2021\/10\/L1430817_SILU_-300x300.jpg","custom_tabs":[{"title":"MESSUNG","id":"messung","content":"<strong>Hoch:<\/strong> Tisch 75 cm\n<strong>Breit:<\/strong> Tisch 90 cm\n<strong>Tiefe:<\/strong> 140 cm ( nicht ausgezogen ) 200 cm ( ausgezogen )"},{"title":"AUSPACKEN UND MONTIEREN","id":"auspacken-und-montieren","content":"Empfehlungen zum Auspacken: Verwenden Sie beim Auspacken der M\u00f6bel keine scharfen Utensilien, da dies zu Besch\u00e4digungen f\u00fchren kann\nMontage erforderlich (ja\/nein): Ja\nSchwierigkeitsgrad der Montage: Niedrig\nMontagezeit: 20 Minuten\nEmpfohlene Personen f\u00fcr die Montage: 2\n<strong>Montagevorschl\u00e4ge:<\/strong> Bereiten Sie einen sauberen und trockenen Montagebereich vor und stellen Sie sicher, dass keines der im Handbuch angegebenen Teile fehlt. Wir empfehlen das Tragen von Montagehandschuhen. Verwenden Sie nur die mitgelieferten Teile und Hardware. Wir empfehlen NICHT die Kaufoption mit Halterung f\u00fcr diesen Artikel, da der Montageschwierigkeitsgrad sehr gering ist"},{"title":"WARTUNG UND GARANTIEN","id":"wartung-und-garantien","content":"<strong>Allgemeine Empfehlungen:<\/strong>\n\u2022 Pannen oder Sch\u00e4den, die verursacht werden durch:\n\u2022 Zuf\u00e4llige Ursachen wie St\u00fcrze, Schl\u00e4ge, Versch\u00fctten von Fl\u00fcssigkeiten, Einschleppen von Fremdk\u00f6rpern sowie andere h\u00f6here Gewalt.\n\u2022 Fahrl\u00e4ssiger, unsachgem\u00e4\u00dfer oder nicht h\u00e4uslicher Gebrauch, Nichtbeachtung der Gebrauchsanweisung.\n\u2022 Besch\u00e4digung, Korrosion und\/oder Oxidation beschleunigt durch widrige Umweltbedingungen\n\u2022 Flecken und Verf\u00e4rbungen durch Nichtbeachtung unserer Reinigungsanweisungen\n\u2022 Sch\u00e4den, die w\u00e4hrend der Montage und Handhabung auftreten, ohne die angegebenen Montageanweisungen befolgt zu haben.\n\n<strong>Gebrauchs- und Wartungshinweise:<\/strong>\n\u2022 Verwenden Sie an sonnigen Tagen eine Tischdecke, insbesondere bei Gl\u00e4sern, Gl\u00e4sern und Glasbeh\u00e4ltern, da diese die Temperatur der Sonne verst\u00e4rkt und Styropor schmelzen kann. Vermeiden Sie jede Art von Abdeckung, die den gleichen Effekt erzielen kann.\n\u2022 Reinigen Sie mit Hilfe eines Tuchs vorsichtig oder verwenden Sie eine neutrale Fl\u00fcssigseife und sp\u00fclen Sie sie mit viel Wasser ab.\n\u2022 Entfernen Sie Staub regelm\u00e4\u00dfig mit Hilfe eines weichen Tuchs und klarem Wasser.\n\u2022 Verwenden Sie zum Reinigen keine Reinigungsmittel oder Scheuermittel.\n\u2022 Trocknen Sie den Tisch nach Regen mit einem sauberen Tuch ab, um Flecken zu vermeiden\n\u2022 Sch\u00fctzen Sie sich mit einer atmungsaktiven Tischdecke oder einer Schutzh\u00fclle\nJahre <strong>Garantie: 3 Jahre<\/strong>\n<strong>Hergestellt nach Norm:<\/strong> 581-1.581-2.581-3"}],"_links":{"self":[{"href":"https:\/\/keramamueblesdejardin.com\/de\/wp-json\/wp\/v2\/product\/119462","targetHints":{"allow":["GET"]}}],"collection":[{"href":"https:\/\/keramamueblesdejardin.com\/de\/wp-json\/wp\/v2\/product"}],"about":[{"href":"https:\/\/keramamueblesdejardin.com\/de\/wp-json\/wp\/v2\/types\/product"}],"replies":[{"embeddable":true,"href":"https:\/\/keramamueblesdejardin.com\/de\/wp-json\/wp\/v2\/comments?post=119462"}],"wp:featuredmedia":[{"embeddable":true,"href":"https:\/\/keramamueblesdejardin.com\/de\/wp-json\/wp\/v2\/media\/119520"}],"wp:attachment":[{"href":"https:\/\/keramamueblesdejardin.com\/de\/wp-json\/wp\/v2\/media?parent=119462"}],"wp:term":[{"taxonomy":"product_brand","embeddable":true,"href":"https:\/\/keramamueblesdejardin.com\/de\/wp-json\/wp\/v2\/product_brand?post=119462"},{"taxonomy":"product_cat","embeddable":true,"href":"https:\/\/keramamueblesdejardin.com\/de\/wp-json\/wp\/v2\/product_cat?post=119462"},{"taxonomy":"product_tag","embeddable":true,"href":"https:\/\/keramamueblesdejardin.com\/de\/wp-json\/wp\/v2\/product_tag?post=119462"}],"curies":[{"name":"wp","href":"https:\/\/api.w.org\/{rel}","templated":true}]}}