{"id":119450,"date":"2021-11-12T14:32:56","date_gmt":"2021-11-12T13:32:56","guid":{"rendered":"https:\/\/keramamueblesdejardin.com\/uncategorized\/haengematte-regisseur-garten-holz-rohstoff-falten-java\/"},"modified":"2024-06-10T08:45:32","modified_gmt":"2024-06-10T06:45:32","slug":"hangematte-direktor-garten-holzstoff-roh-falten-java","status":"publish","type":"product","link":"https:\/\/keramamueblesdejardin.com\/de\/liegestuhle-und-ruhe\/hangematten\/liegen-de-2\/hangematte-direktor-garten-holzstoff-roh-falten-java\/","title":{"rendered":"H\u00e4ngematte Regisseur Garten Holz Rohstoff falten &#8211; Java"},"content":{"rendered":"<p>Faltbare Gartenh\u00e4ngematte aus Holz und ecrufarbenem Canvas-Stoff. Die H\u00e4ngematte ist faltbar und sehr praktisch, sie kann in mehrere Positionen gebracht werden. Der Stoff ist herausnehmbar und waschbar. Ma\u00dfe niedrigste Position: 103,5x60x86,5cm. Ma\u00dfe h\u00f6chste Position: 95,5x60x98cm. Gewicht 4,6kg<\/p>\n<h2><strong>VERF\u00dcGBAR AB M\u00c4RZ<\/strong><\/h2>\n","protected":false},"excerpt":{"rendered":"<ul>\n<li>Faltbare Gartenh\u00e4ngematte aus Holz und bedrucktem Stoff<\/li>\n<li>Zusammenklappbar und hat mehrere Positionen<\/li>\n<li>Herausnehmbarer und waschbarer Stoff<\/li>\n<\/ul>\n","protected":false},"featured_media":119541,"comment_status":"closed","ping_status":"open","template":"","meta":{"_acf_changed":false},"product_brand":[],"product_cat":[3500,3502,3236],"product_tag":[3266,3367,3264,3261,3363,3365,3361],"class_list":{"0":"post-119450","1":"product","2":"type-product","3":"status-publish","4":"has-post-thumbnail","6":"product_cat-hangematten","7":"product_cat-liegen-de-2","8":"product_cat-liegestuhle-und-ruhe","9":"product_tag-akazie","10":"product_tag-hangematte","11":"product_tag-holz","12":"product_tag-java-de","13":"product_tag-regisseur","14":"product_tag-stadtrat","15":"product_tag-zusammenklappbar","16":"product_shipping_class-envio-gratuito-de","17":"pa_caracteristicas-zusammenklappbar","18":"pa_coleccion-java-de","19":"pa_material-holz","20":"pa_material-stoff","22":"first","23":"outofstock","24":"sale","25":"purchasable","26":"product-type-simple","27":"add-to-wishlist-before_image"},"acf":[],"yoast_head":"<!-- This site is optimized with the Yoast SEO plugin v27.2 - https:\/\/yoast.com\/product\/yoast-seo-wordpress\/ -->\n<title>H\u00e4ngematte Regisseur Garten Holz Rohstoff falten - Java - Kerama<\/title>\n<meta name=\"robots\" content=\"index, follow, max-snippet:-1, max-image-preview:large, max-video-preview:-1\" \/>\n<link rel=\"canonical\" href=\"https:\/\/keramamueblesdejardin.com\/de\/liegestuhle-und-ruhe\/hangematten\/liegen-de-2\/hangematte-direktor-garten-holzstoff-roh-falten-java\/\" \/>\n<meta property=\"og:locale\" content=\"de_DE\" \/>\n<meta property=\"og:type\" content=\"article\" \/>\n<meta property=\"og:title\" content=\"H\u00e4ngematte Regisseur Garten Holz Rohstoff falten - Java - Kerama\" \/>\n<meta property=\"og:description\" content=\"Faltbare Gartenh\u00e4ngematte aus Holz und bedrucktem Stoff  Zusammenklappbar und hat mehrere Positionen  Herausnehmbarer und waschbarer Stoff\" \/>\n<meta property=\"og:url\" content=\"https:\/\/keramamueblesdejardin.com\/de\/liegestuhle-und-ruhe\/hangematten\/liegen-de-2\/hangematte-direktor-garten-holzstoff-roh-falten-java\/\" \/>\n<meta property=\"og:site_name\" content=\"Kerama\" \/>\n<meta property=\"article:publisher\" content=\"https:\/\/www.facebook.com\/Kerama-Muebles-de-Jard%c3%adn-106209328312568\/\" \/>\n<meta property=\"article:modified_time\" content=\"2024-06-10T06:45:32+00:00\" \/>\n<meta property=\"og:image\" content=\"https:\/\/keramamueblesdejardin.com\/wp-content\/uploads\/2021\/11\/KMJ21476_01_1-scaled.jpg\" \/>\n\t<meta property=\"og:image:width\" content=\"2560\" \/>\n\t<meta property=\"og:image:height\" content=\"2560\" \/>\n\t<meta property=\"og:image:type\" content=\"image\/jpeg\" \/>\n<meta name=\"twitter:card\" content=\"summary_large_image\" \/>\n<script type=\"application\/ld+json\" class=\"yoast-schema-graph\">{\"@context\":\"https:\/\/schema.org\",\"@graph\":[{\"@type\":\"WebPage\",\"@id\":\"https:\/\/keramamueblesdejardin.com\/de\/liegestuhle-und-ruhe\/hangematten\/liegen-de-2\/hangematte-direktor-garten-holzstoff-roh-falten-java\/\",\"url\":\"https:\/\/keramamueblesdejardin.com\/de\/liegestuhle-und-ruhe\/hangematten\/liegen-de-2\/hangematte-direktor-garten-holzstoff-roh-falten-java\/\",\"name\":\"H\u00e4ngematte Regisseur Garten Holz Rohstoff falten - Java - Kerama\",\"isPartOf\":{\"@id\":\"https:\/\/keramamueblesdejardin.com\/de\/#website\"},\"primaryImageOfPage\":{\"@id\":\"https:\/\/keramamueblesdejardin.com\/de\/liegestuhle-und-ruhe\/hangematten\/liegen-de-2\/hangematte-direktor-garten-holzstoff-roh-falten-java\/#primaryimage\"},\"image\":{\"@id\":\"https:\/\/keramamueblesdejardin.com\/de\/liegestuhle-und-ruhe\/hangematten\/liegen-de-2\/hangematte-direktor-garten-holzstoff-roh-falten-java\/#primaryimage\"},\"thumbnailUrl\":\"https:\/\/keramamueblesdejardin.com\/wp-content\/uploads\/2021\/11\/KMJ21476_01_1-scaled.jpg\",\"datePublished\":\"2021-11-12T13:32:56+00:00\",\"dateModified\":\"2024-06-10T06:45:32+00:00\",\"breadcrumb\":{\"@id\":\"https:\/\/keramamueblesdejardin.com\/de\/liegestuhle-und-ruhe\/hangematten\/liegen-de-2\/hangematte-direktor-garten-holzstoff-roh-falten-java\/#breadcrumb\"},\"inLanguage\":\"de\",\"potentialAction\":[{\"@type\":\"ReadAction\",\"target\":[\"https:\/\/keramamueblesdejardin.com\/de\/liegestuhle-und-ruhe\/hangematten\/liegen-de-2\/hangematte-direktor-garten-holzstoff-roh-falten-java\/\"]}]},{\"@type\":\"ImageObject\",\"inLanguage\":\"de\",\"@id\":\"https:\/\/keramamueblesdejardin.com\/de\/liegestuhle-und-ruhe\/hangematten\/liegen-de-2\/hangematte-direktor-garten-holzstoff-roh-falten-java\/#primaryimage\",\"url\":\"https:\/\/keramamueblesdejardin.com\/wp-content\/uploads\/2021\/11\/KMJ21476_01_1-scaled.jpg\",\"contentUrl\":\"https:\/\/keramamueblesdejardin.com\/wp-content\/uploads\/2021\/11\/KMJ21476_01_1-scaled.jpg\",\"width\":2560,\"height\":2560},{\"@type\":\"BreadcrumbList\",\"@id\":\"https:\/\/keramamueblesdejardin.com\/de\/liegestuhle-und-ruhe\/hangematten\/liegen-de-2\/hangematte-direktor-garten-holzstoff-roh-falten-java\/#breadcrumb\",\"itemListElement\":[{\"@type\":\"ListItem\",\"position\":1,\"name\":\"Home\",\"item\":\"https:\/\/keramamueblesdejardin.com\/de\/\"},{\"@type\":\"ListItem\",\"position\":2,\"name\":\"Laden\",\"item\":\"https:\/\/keramamueblesdejardin.com\/de\/laden\/\"},{\"@type\":\"ListItem\",\"position\":3,\"name\":\"Liegest\u00fchle und Ruhe\",\"item\":\"https:\/\/keramamueblesdejardin.com\/de\/liegestuhle-und-ruhe\/\"},{\"@type\":\"ListItem\",\"position\":4,\"name\":\"H\u00e4ngematten\",\"item\":\"https:\/\/keramamueblesdejardin.com\/de\/liegestuhle-und-ruhe\/hangematten\/\"},{\"@type\":\"ListItem\",\"position\":5,\"name\":\"H\u00e4ngematte Regisseur Garten Holz Rohstoff falten &#8211; Java\"}]},{\"@type\":\"WebSite\",\"@id\":\"https:\/\/keramamueblesdejardin.com\/de\/#website\",\"url\":\"https:\/\/keramamueblesdejardin.com\/de\/\",\"name\":\"Kerama\",\"description\":\"muebles de jard\u00edn\",\"publisher\":{\"@id\":\"https:\/\/keramamueblesdejardin.com\/de\/#organization\"},\"potentialAction\":[{\"@type\":\"SearchAction\",\"target\":{\"@type\":\"EntryPoint\",\"urlTemplate\":\"https:\/\/keramamueblesdejardin.com\/de\/?s={search_term_string}\"},\"query-input\":{\"@type\":\"PropertyValueSpecification\",\"valueRequired\":true,\"valueName\":\"search_term_string\"}}],\"inLanguage\":\"de\"},{\"@type\":\"Organization\",\"@id\":\"https:\/\/keramamueblesdejardin.com\/de\/#organization\",\"name\":\"kerama\",\"url\":\"https:\/\/keramamueblesdejardin.com\/de\/\",\"logo\":{\"@type\":\"ImageObject\",\"inLanguage\":\"de\",\"@id\":\"https:\/\/keramamueblesdejardin.com\/de\/#\/schema\/logo\/image\/\",\"url\":\"https:\/\/keramamueblesdejardin.com\/wp-content\/uploads\/2020\/12\/k.-scaled.jpg\",\"contentUrl\":\"https:\/\/keramamueblesdejardin.com\/wp-content\/uploads\/2020\/12\/k.-scaled.jpg\",\"width\":2560,\"height\":551,\"caption\":\"kerama\"},\"image\":{\"@id\":\"https:\/\/keramamueblesdejardin.com\/de\/#\/schema\/logo\/image\/\"},\"sameAs\":[\"https:\/\/www.facebook.com\/Kerama-Muebles-de-Jard\u00edn-106209328312568\/\"]}]}<\/script>\n<!-- \/ Yoast SEO plugin. -->","yoast_head_json":{"title":"H\u00e4ngematte Regisseur Garten Holz Rohstoff falten - Java - Kerama","robots":{"index":"index","follow":"follow","max-snippet":"max-snippet:-1","max-image-preview":"max-image-preview:large","max-video-preview":"max-video-preview:-1"},"canonical":"https:\/\/keramamueblesdejardin.com\/de\/liegestuhle-und-ruhe\/hangematten\/liegen-de-2\/hangematte-direktor-garten-holzstoff-roh-falten-java\/","og_locale":"de_DE","og_type":"article","og_title":"H\u00e4ngematte Regisseur Garten Holz Rohstoff falten - Java - Kerama","og_description":"Faltbare Gartenh\u00e4ngematte aus Holz und bedrucktem Stoff  Zusammenklappbar und hat mehrere Positionen  Herausnehmbarer und waschbarer Stoff","og_url":"https:\/\/keramamueblesdejardin.com\/de\/liegestuhle-und-ruhe\/hangematten\/liegen-de-2\/hangematte-direktor-garten-holzstoff-roh-falten-java\/","og_site_name":"Kerama","article_publisher":"https:\/\/www.facebook.com\/Kerama-Muebles-de-Jard%c3%adn-106209328312568\/","article_modified_time":"2024-06-10T06:45:32+00:00","og_image":[{"width":2560,"height":2560,"url":"https:\/\/keramamueblesdejardin.com\/wp-content\/uploads\/2021\/11\/KMJ21476_01_1-scaled.jpg","type":"image\/jpeg"}],"twitter_card":"summary_large_image","schema":{"@context":"https:\/\/schema.org","@graph":[{"@type":"WebPage","@id":"https:\/\/keramamueblesdejardin.com\/de\/liegestuhle-und-ruhe\/hangematten\/liegen-de-2\/hangematte-direktor-garten-holzstoff-roh-falten-java\/","url":"https:\/\/keramamueblesdejardin.com\/de\/liegestuhle-und-ruhe\/hangematten\/liegen-de-2\/hangematte-direktor-garten-holzstoff-roh-falten-java\/","name":"H\u00e4ngematte Regisseur Garten Holz Rohstoff falten - Java - Kerama","isPartOf":{"@id":"https:\/\/keramamueblesdejardin.com\/de\/#website"},"primaryImageOfPage":{"@id":"https:\/\/keramamueblesdejardin.com\/de\/liegestuhle-und-ruhe\/hangematten\/liegen-de-2\/hangematte-direktor-garten-holzstoff-roh-falten-java\/#primaryimage"},"image":{"@id":"https:\/\/keramamueblesdejardin.com\/de\/liegestuhle-und-ruhe\/hangematten\/liegen-de-2\/hangematte-direktor-garten-holzstoff-roh-falten-java\/#primaryimage"},"thumbnailUrl":"https:\/\/keramamueblesdejardin.com\/wp-content\/uploads\/2021\/11\/KMJ21476_01_1-scaled.jpg","datePublished":"2021-11-12T13:32:56+00:00","dateModified":"2024-06-10T06:45:32+00:00","breadcrumb":{"@id":"https:\/\/keramamueblesdejardin.com\/de\/liegestuhle-und-ruhe\/hangematten\/liegen-de-2\/hangematte-direktor-garten-holzstoff-roh-falten-java\/#breadcrumb"},"inLanguage":"de","potentialAction":[{"@type":"ReadAction","target":["https:\/\/keramamueblesdejardin.com\/de\/liegestuhle-und-ruhe\/hangematten\/liegen-de-2\/hangematte-direktor-garten-holzstoff-roh-falten-java\/"]}]},{"@type":"ImageObject","inLanguage":"de","@id":"https:\/\/keramamueblesdejardin.com\/de\/liegestuhle-und-ruhe\/hangematten\/liegen-de-2\/hangematte-direktor-garten-holzstoff-roh-falten-java\/#primaryimage","url":"https:\/\/keramamueblesdejardin.com\/wp-content\/uploads\/2021\/11\/KMJ21476_01_1-scaled.jpg","contentUrl":"https:\/\/keramamueblesdejardin.com\/wp-content\/uploads\/2021\/11\/KMJ21476_01_1-scaled.jpg","width":2560,"height":2560},{"@type":"BreadcrumbList","@id":"https:\/\/keramamueblesdejardin.com\/de\/liegestuhle-und-ruhe\/hangematten\/liegen-de-2\/hangematte-direktor-garten-holzstoff-roh-falten-java\/#breadcrumb","itemListElement":[{"@type":"ListItem","position":1,"name":"Home","item":"https:\/\/keramamueblesdejardin.com\/de\/"},{"@type":"ListItem","position":2,"name":"Laden","item":"https:\/\/keramamueblesdejardin.com\/de\/laden\/"},{"@type":"ListItem","position":3,"name":"Liegest\u00fchle und Ruhe","item":"https:\/\/keramamueblesdejardin.com\/de\/liegestuhle-und-ruhe\/"},{"@type":"ListItem","position":4,"name":"H\u00e4ngematten","item":"https:\/\/keramamueblesdejardin.com\/de\/liegestuhle-und-ruhe\/hangematten\/"},{"@type":"ListItem","position":5,"name":"H\u00e4ngematte Regisseur Garten Holz Rohstoff falten &#8211; Java"}]},{"@type":"WebSite","@id":"https:\/\/keramamueblesdejardin.com\/de\/#website","url":"https:\/\/keramamueblesdejardin.com\/de\/","name":"Kerama","description":"muebles de jard\u00edn","publisher":{"@id":"https:\/\/keramamueblesdejardin.com\/de\/#organization"},"potentialAction":[{"@type":"SearchAction","target":{"@type":"EntryPoint","urlTemplate":"https:\/\/keramamueblesdejardin.com\/de\/?s={search_term_string}"},"query-input":{"@type":"PropertyValueSpecification","valueRequired":true,"valueName":"search_term_string"}}],"inLanguage":"de"},{"@type":"Organization","@id":"https:\/\/keramamueblesdejardin.com\/de\/#organization","name":"kerama","url":"https:\/\/keramamueblesdejardin.com\/de\/","logo":{"@type":"ImageObject","inLanguage":"de","@id":"https:\/\/keramamueblesdejardin.com\/de\/#\/schema\/logo\/image\/","url":"https:\/\/keramamueblesdejardin.com\/wp-content\/uploads\/2020\/12\/k.-scaled.jpg","contentUrl":"https:\/\/keramamueblesdejardin.com\/wp-content\/uploads\/2020\/12\/k.-scaled.jpg","width":2560,"height":551,"caption":"kerama"},"image":{"@id":"https:\/\/keramamueblesdejardin.com\/de\/#\/schema\/logo\/image\/"},"sameAs":["https:\/\/www.facebook.com\/Kerama-Muebles-de-Jard\u00edn-106209328312568\/"]}]}},"df_price":78,"df_sale_price":78,"df_regular_price":101,"df_image_link":"https:\/\/keramamueblesdejardin.com\/wp-content\/uploads\/2021\/11\/KMJ21476_01_1-300x300.jpg","custom_tabs":[{"title":"MESSUNG","id":"messung","content":"Ato: Niedrigste Position 86,5 cm \/ H\u00f6chste Position 98 cm\nBreite: 60 cm\nTiefe: Niedrigste Position 103,5 cm \/ H\u00f6chste Position 95,5 cm\nProduktgewicht: 4,6 kg\n<strong>Sitzh\u00f6he:<\/strong>\n<strong>Sitztiefe:<\/strong>"},{"title":"AUSPACKEN UND MONTIEREN","id":"auspacken-und-montieren","content":"Empfehlungen zum Auspacken: Verwenden Sie beim Auspacken der M\u00f6bel keine scharfen Utensilien, da dies zu Besch\u00e4digungen f\u00fchren kann\nMontage erforderlich (ja\/nein): Nein"},{"title":"WARTUNG UND GARANTIEN","id":"wartung-und-garantien","content":"<div class=\"moz-signature\">\n<div class=\"list\"><strong>Allgemeine Empfehlungen:<\/strong>\n\u2022 Pannen oder Sch\u00e4den, die verursacht werden durch:\n\u2022 Zuf\u00e4llige Ursachen wie St\u00fcrze, Schl\u00e4ge, Versch\u00fctten von Fl\u00fcssigkeiten, Einschleppen von Fremdk\u00f6rpern sowie andere h\u00f6here Gewalt.\n\u2022 Fahrl\u00e4ssiger, unsachgem\u00e4\u00dfer oder nicht h\u00e4uslicher Gebrauch.\n\u2022 Besch\u00e4digung, Korrosion und\/oder Oxidation beschleunigt durch widrige Umweltbedingungen\n\u2022 Flecken und Verf\u00e4rbungen durch Nichtbeachtung unserer Reinigungsanweisungen\n\u2022 Sch\u00e4den, die w\u00e4hrend der Montage und Handhabung auftreten, ohne die angegebenen Montageanweisungen befolgt zu haben.\n<strong>Gebrauchs- und Wartungshinweise:<\/strong>\n\u2022 Reinigen Sie mit Hilfe eines Tuchs vorsichtig oder verwenden Sie eine neutrale Fl\u00fcssigseife und sp\u00fclen Sie sie mit viel Wasser ab.\n\u2022 Entfernen Sie Staub regelm\u00e4\u00dfig mit Hilfe eines weichen Tuchs und klarem Wasser.\n\u2022 Verwenden Sie zum Reinigen keine Reinigungsmittel oder Scheuermittel.\nJahre <strong>Garantie: 3 Jahre<\/strong>\n<strong>Hergestellt nach Norm:<\/strong> 581-1.581-2.581-3<\/div>\n<\/div>"}],"_links":{"self":[{"href":"https:\/\/keramamueblesdejardin.com\/de\/wp-json\/wp\/v2\/product\/119450","targetHints":{"allow":["GET"]}}],"collection":[{"href":"https:\/\/keramamueblesdejardin.com\/de\/wp-json\/wp\/v2\/product"}],"about":[{"href":"https:\/\/keramamueblesdejardin.com\/de\/wp-json\/wp\/v2\/types\/product"}],"replies":[{"embeddable":true,"href":"https:\/\/keramamueblesdejardin.com\/de\/wp-json\/wp\/v2\/comments?post=119450"}],"wp:featuredmedia":[{"embeddable":true,"href":"https:\/\/keramamueblesdejardin.com\/de\/wp-json\/wp\/v2\/media\/119541"}],"wp:attachment":[{"href":"https:\/\/keramamueblesdejardin.com\/de\/wp-json\/wp\/v2\/media?parent=119450"}],"wp:term":[{"taxonomy":"product_brand","embeddable":true,"href":"https:\/\/keramamueblesdejardin.com\/de\/wp-json\/wp\/v2\/product_brand?post=119450"},{"taxonomy":"product_cat","embeddable":true,"href":"https:\/\/keramamueblesdejardin.com\/de\/wp-json\/wp\/v2\/product_cat?post=119450"},{"taxonomy":"product_tag","embeddable":true,"href":"https:\/\/keramamueblesdejardin.com\/de\/wp-json\/wp\/v2\/product_tag?post=119450"}],"curies":[{"name":"wp","href":"https:\/\/api.w.org\/{rel}","templated":true}]}}