{"id":118963,"date":"2022-03-09T13:26:40","date_gmt":"2022-03-09T12:26:40","guid":{"rendered":"https:\/\/keramamueblesdejardin.com\/uncategorized\/gartentisch-und-stuhlset-6-sitzer-holz-und-seil-riviera\/"},"modified":"2025-03-19T12:31:56","modified_gmt":"2025-03-19T11:31:56","slug":"gedeckter-tisch-und-stuhle-garten-6-sitzer-holz-und-seil-riviera","status":"publish","type":"product","link":"https:\/\/keramamueblesdejardin.com\/de\/speisesale-im-freien\/gartentisch-und-stuhlgarnitur\/gedeckter-tisch-und-stuhle-garten-6-sitzer-holz-und-seil-riviera\/","title":{"rendered":"Gartentisch- und Stuhlset 6-Sitzer Holz und Seil &#8211; Riviera"},"content":{"rendered":"<p><span style=\"font-weight: 400;\">Das <strong>Set aus Tisch und St\u00fchlen des Gartens oder der Terrasse Riviera<\/strong> besteht <strong>aus Eukalyptusholz, das von der FSC-Organisation zertifiziert<\/strong> ist. Es stammt aus nachhaltiger Forstwirtschaft, um einen Beitrag zur Erhaltung der Umwelt zu leisten.  <\/span><\/p>\n<p><span style=\"font-weight: 400;\">Dieses Set besteht <strong>aus einem 170\u00d790 cm gro\u00dfen Tisch und 6 St\u00fchlen mit Armlehnen<\/strong> . Die <strong>Kissen sind abnehmbar,<\/strong> um sie bequem zu waschen. Die Erdt\u00f6ne bringen<strong> Ruhe und Komfort in das Zuhause<\/strong>.<\/span><\/p>\n<p><span style=\"font-weight: 400;\">Sie k\u00f6nnen <strong>das Set mit anderen Produkten aus dem <a href=\"https:\/\/keramamueblesdejardin.com\/etiqueta\/riviera\/\" target=\"_blank\" rel=\"noopener\">Riviera-Sortiment<\/a> kombinieren<\/strong><\/span> <span style=\"font-weight: 400;\"> und es bei Nichtgebrauch mit einer Abdeckung aus unserem <\/span><a href=\"https:\/\/keramamueblesdejardin.com\/complementos-exterior\/fundas-muebles-jardin\/\" target=\"_blank\" rel=\"noopener\"><span style=\"font-weight: 400;\">Sortiment an<\/span><\/p>\n<p><\/a><span style=\"font-weight: 400;\"> Abdeckungen f\u00fcr Gartenm\u00f6bel sch\u00fctzen.<\/span><\/p>\n<p><span style=\"font-weight: 400;\">Schauen Sie sich andere <a href=\"https:\/\/keramamueblesdejardin.com\/comedores-exterior\/conjunto-mesa-y-sillas-jardin\/\" target=\"_blank\" rel=\"noopener\"><br \/>\n  <strong>Tisch- und Stuhlsets f\u00fcr Garten oder Terrasse an<\/strong><br \/>\n<\/a>.<\/span><\/p>\n","protected":false},"excerpt":{"rendered":"<ul>\n<li>Esstisch aus hellem Akazienholz<\/li>\n<li>6 Gartenst\u00fchle mit Akazienarmlehnen und Seil mit Kissen<\/li>\n<li>FSC-zertifiziertes Holz<\/li>\n<li>Sie k\u00f6nnen es mit den verschiedenen Elementen der Riviera-Familie kombinieren<\/li>\n<\/ul>\n","protected":false},"featured_media":176458,"comment_status":"closed","ping_status":"closed","template":"","meta":{"_acf_changed":false},"product_brand":[],"product_cat":[3241,3238],"product_tag":[],"class_list":{"0":"post-118963","1":"product","2":"type-product","3":"status-publish","4":"has-post-thumbnail","6":"product_cat-gartentisch-und-stuhlgarnitur","7":"product_cat-speisesale-im-freien","8":"product_shipping_class-envio-gratuito-de","9":"pa_ancho-250-de","10":"pa_asientos-6-de","11":"pa_caracteristicas-waschbare-bezuge","12":"pa_coleccion-bologna-de","13":"pa_coleccion-riviera-de","14":"pa_espacio-8-25-de","15":"pa_largo-330-de","16":"pa_m2-825-de","17":"pa_material-holz","18":"pa_material-seil","19":"pa_tamano-espacio-gros","21":"first","22":"instock","23":"sale","24":"featured","25":"purchasable","26":"product-type-simple","27":"add-to-wishlist-before_image"},"acf":[],"yoast_head":"<!-- This site is optimized with the Yoast SEO plugin v27.2 - https:\/\/yoast.com\/product\/yoast-seo-wordpress\/ -->\n<title>Gartentisch- und Stuhlset 6-Sitzer Holz und Seil - Riviera - Kerama<\/title>\n<meta name=\"robots\" content=\"index, follow, max-snippet:-1, max-image-preview:large, max-video-preview:-1\" \/>\n<link rel=\"canonical\" href=\"https:\/\/keramamueblesdejardin.com\/de\/speisesale-im-freien\/gartentisch-und-stuhlgarnitur\/gedeckter-tisch-und-stuhle-garten-6-sitzer-holz-und-seil-riviera\/\" \/>\n<meta property=\"og:locale\" content=\"de_DE\" \/>\n<meta property=\"og:type\" content=\"article\" \/>\n<meta property=\"og:title\" content=\"Gartentisch- und Stuhlset 6-Sitzer Holz und Seil - Riviera - Kerama\" \/>\n<meta property=\"og:description\" content=\"Esstisch aus hellem Akazienholz  6 Gartenst\u00fchle mit Akazienarmlehnen und Seil mit Kissen  FSC-zertifiziertes Holz  Sie k\u00f6nnen es mit den verschiedenen Elementen der Riviera-Familie kombinieren\" \/>\n<meta property=\"og:url\" content=\"https:\/\/keramamueblesdejardin.com\/de\/speisesale-im-freien\/gartentisch-und-stuhlgarnitur\/gedeckter-tisch-und-stuhle-garten-6-sitzer-holz-und-seil-riviera\/\" \/>\n<meta property=\"og:site_name\" content=\"Kerama\" \/>\n<meta property=\"article:publisher\" content=\"https:\/\/www.facebook.com\/Kerama-Muebles-de-Jard%c3%adn-106209328312568\/\" \/>\n<meta property=\"article:modified_time\" content=\"2025-03-19T11:31:56+00:00\" \/>\n<meta property=\"og:image\" content=\"https:\/\/keramamueblesdejardin.com\/wp-content\/uploads\/2022\/03\/riviera-6.jpg\" \/>\n\t<meta property=\"og:image:width\" content=\"1200\" \/>\n\t<meta property=\"og:image:height\" content=\"1200\" \/>\n\t<meta property=\"og:image:type\" content=\"image\/jpeg\" \/>\n<meta name=\"twitter:card\" content=\"summary_large_image\" \/>\n<meta name=\"twitter:label1\" content=\"Gesch\u00e4tzte Lesezeit\" \/>\n\t<meta name=\"twitter:data1\" content=\"1\u00a0Minute\" \/>\n<script type=\"application\/ld+json\" class=\"yoast-schema-graph\">{\"@context\":\"https:\/\/schema.org\",\"@graph\":[{\"@type\":\"WebPage\",\"@id\":\"https:\/\/keramamueblesdejardin.com\/de\/speisesale-im-freien\/gartentisch-und-stuhlgarnitur\/gedeckter-tisch-und-stuhle-garten-6-sitzer-holz-und-seil-riviera\/\",\"url\":\"https:\/\/keramamueblesdejardin.com\/de\/speisesale-im-freien\/gartentisch-und-stuhlgarnitur\/gedeckter-tisch-und-stuhle-garten-6-sitzer-holz-und-seil-riviera\/\",\"name\":\"Gartentisch- und Stuhlset 6-Sitzer Holz und Seil - Riviera - Kerama\",\"isPartOf\":{\"@id\":\"https:\/\/keramamueblesdejardin.com\/de\/#website\"},\"primaryImageOfPage\":{\"@id\":\"https:\/\/keramamueblesdejardin.com\/de\/speisesale-im-freien\/gartentisch-und-stuhlgarnitur\/gedeckter-tisch-und-stuhle-garten-6-sitzer-holz-und-seil-riviera\/#primaryimage\"},\"image\":{\"@id\":\"https:\/\/keramamueblesdejardin.com\/de\/speisesale-im-freien\/gartentisch-und-stuhlgarnitur\/gedeckter-tisch-und-stuhle-garten-6-sitzer-holz-und-seil-riviera\/#primaryimage\"},\"thumbnailUrl\":\"https:\/\/keramamueblesdejardin.com\/wp-content\/uploads\/2022\/03\/riviera-6.jpg\",\"datePublished\":\"2022-03-09T12:26:40+00:00\",\"dateModified\":\"2025-03-19T11:31:56+00:00\",\"breadcrumb\":{\"@id\":\"https:\/\/keramamueblesdejardin.com\/de\/speisesale-im-freien\/gartentisch-und-stuhlgarnitur\/gedeckter-tisch-und-stuhle-garten-6-sitzer-holz-und-seil-riviera\/#breadcrumb\"},\"inLanguage\":\"de\",\"potentialAction\":[{\"@type\":\"ReadAction\",\"target\":[\"https:\/\/keramamueblesdejardin.com\/de\/speisesale-im-freien\/gartentisch-und-stuhlgarnitur\/gedeckter-tisch-und-stuhle-garten-6-sitzer-holz-und-seil-riviera\/\"]}]},{\"@type\":\"ImageObject\",\"inLanguage\":\"de\",\"@id\":\"https:\/\/keramamueblesdejardin.com\/de\/speisesale-im-freien\/gartentisch-und-stuhlgarnitur\/gedeckter-tisch-und-stuhle-garten-6-sitzer-holz-und-seil-riviera\/#primaryimage\",\"url\":\"https:\/\/keramamueblesdejardin.com\/wp-content\/uploads\/2022\/03\/riviera-6.jpg\",\"contentUrl\":\"https:\/\/keramamueblesdejardin.com\/wp-content\/uploads\/2022\/03\/riviera-6.jpg\",\"width\":1200,\"height\":1200,\"caption\":\"conjunto de comedor de jard\u00edn 6 plazas Riviera\"},{\"@type\":\"BreadcrumbList\",\"@id\":\"https:\/\/keramamueblesdejardin.com\/de\/speisesale-im-freien\/gartentisch-und-stuhlgarnitur\/gedeckter-tisch-und-stuhle-garten-6-sitzer-holz-und-seil-riviera\/#breadcrumb\",\"itemListElement\":[{\"@type\":\"ListItem\",\"position\":1,\"name\":\"Home\",\"item\":\"https:\/\/keramamueblesdejardin.com\/de\/\"},{\"@type\":\"ListItem\",\"position\":2,\"name\":\"Laden\",\"item\":\"https:\/\/keramamueblesdejardin.com\/de\/laden\/\"},{\"@type\":\"ListItem\",\"position\":3,\"name\":\"Speises\u00e4le im Freien\",\"item\":\"https:\/\/keramamueblesdejardin.com\/de\/speisesale-im-freien\/\"},{\"@type\":\"ListItem\",\"position\":4,\"name\":\"Gartentisch- und Stuhlgarnitur\",\"item\":\"https:\/\/keramamueblesdejardin.com\/de\/speisesale-im-freien\/gartentisch-und-stuhlgarnitur\/\"},{\"@type\":\"ListItem\",\"position\":5,\"name\":\"Gartentisch- und Stuhlset 6-Sitzer Holz und Seil &#8211; Riviera\"}]},{\"@type\":\"WebSite\",\"@id\":\"https:\/\/keramamueblesdejardin.com\/de\/#website\",\"url\":\"https:\/\/keramamueblesdejardin.com\/de\/\",\"name\":\"Kerama\",\"description\":\"muebles de jard\u00edn\",\"publisher\":{\"@id\":\"https:\/\/keramamueblesdejardin.com\/de\/#organization\"},\"potentialAction\":[{\"@type\":\"SearchAction\",\"target\":{\"@type\":\"EntryPoint\",\"urlTemplate\":\"https:\/\/keramamueblesdejardin.com\/de\/?s={search_term_string}\"},\"query-input\":{\"@type\":\"PropertyValueSpecification\",\"valueRequired\":true,\"valueName\":\"search_term_string\"}}],\"inLanguage\":\"de\"},{\"@type\":\"Organization\",\"@id\":\"https:\/\/keramamueblesdejardin.com\/de\/#organization\",\"name\":\"kerama\",\"url\":\"https:\/\/keramamueblesdejardin.com\/de\/\",\"logo\":{\"@type\":\"ImageObject\",\"inLanguage\":\"de\",\"@id\":\"https:\/\/keramamueblesdejardin.com\/de\/#\/schema\/logo\/image\/\",\"url\":\"https:\/\/keramamueblesdejardin.com\/wp-content\/uploads\/2020\/12\/k.-scaled.jpg\",\"contentUrl\":\"https:\/\/keramamueblesdejardin.com\/wp-content\/uploads\/2020\/12\/k.-scaled.jpg\",\"width\":2560,\"height\":551,\"caption\":\"kerama\"},\"image\":{\"@id\":\"https:\/\/keramamueblesdejardin.com\/de\/#\/schema\/logo\/image\/\"},\"sameAs\":[\"https:\/\/www.facebook.com\/Kerama-Muebles-de-Jard\u00edn-106209328312568\/\"]}]}<\/script>\n<!-- \/ Yoast SEO plugin. -->","yoast_head_json":{"title":"Gartentisch- und Stuhlset 6-Sitzer Holz und Seil - Riviera - Kerama","robots":{"index":"index","follow":"follow","max-snippet":"max-snippet:-1","max-image-preview":"max-image-preview:large","max-video-preview":"max-video-preview:-1"},"canonical":"https:\/\/keramamueblesdejardin.com\/de\/speisesale-im-freien\/gartentisch-und-stuhlgarnitur\/gedeckter-tisch-und-stuhle-garten-6-sitzer-holz-und-seil-riviera\/","og_locale":"de_DE","og_type":"article","og_title":"Gartentisch- und Stuhlset 6-Sitzer Holz und Seil - Riviera - Kerama","og_description":"Esstisch aus hellem Akazienholz  6 Gartenst\u00fchle mit Akazienarmlehnen und Seil mit Kissen  FSC-zertifiziertes Holz  Sie k\u00f6nnen es mit den verschiedenen Elementen der Riviera-Familie kombinieren","og_url":"https:\/\/keramamueblesdejardin.com\/de\/speisesale-im-freien\/gartentisch-und-stuhlgarnitur\/gedeckter-tisch-und-stuhle-garten-6-sitzer-holz-und-seil-riviera\/","og_site_name":"Kerama","article_publisher":"https:\/\/www.facebook.com\/Kerama-Muebles-de-Jard%c3%adn-106209328312568\/","article_modified_time":"2025-03-19T11:31:56+00:00","og_image":[{"width":1200,"height":1200,"url":"https:\/\/keramamueblesdejardin.com\/wp-content\/uploads\/2022\/03\/riviera-6.jpg","type":"image\/jpeg"}],"twitter_card":"summary_large_image","twitter_misc":{"Gesch\u00e4tzte Lesezeit":"1\u00a0Minute"},"schema":{"@context":"https:\/\/schema.org","@graph":[{"@type":"WebPage","@id":"https:\/\/keramamueblesdejardin.com\/de\/speisesale-im-freien\/gartentisch-und-stuhlgarnitur\/gedeckter-tisch-und-stuhle-garten-6-sitzer-holz-und-seil-riviera\/","url":"https:\/\/keramamueblesdejardin.com\/de\/speisesale-im-freien\/gartentisch-und-stuhlgarnitur\/gedeckter-tisch-und-stuhle-garten-6-sitzer-holz-und-seil-riviera\/","name":"Gartentisch- und Stuhlset 6-Sitzer Holz und Seil - Riviera - Kerama","isPartOf":{"@id":"https:\/\/keramamueblesdejardin.com\/de\/#website"},"primaryImageOfPage":{"@id":"https:\/\/keramamueblesdejardin.com\/de\/speisesale-im-freien\/gartentisch-und-stuhlgarnitur\/gedeckter-tisch-und-stuhle-garten-6-sitzer-holz-und-seil-riviera\/#primaryimage"},"image":{"@id":"https:\/\/keramamueblesdejardin.com\/de\/speisesale-im-freien\/gartentisch-und-stuhlgarnitur\/gedeckter-tisch-und-stuhle-garten-6-sitzer-holz-und-seil-riviera\/#primaryimage"},"thumbnailUrl":"https:\/\/keramamueblesdejardin.com\/wp-content\/uploads\/2022\/03\/riviera-6.jpg","datePublished":"2022-03-09T12:26:40+00:00","dateModified":"2025-03-19T11:31:56+00:00","breadcrumb":{"@id":"https:\/\/keramamueblesdejardin.com\/de\/speisesale-im-freien\/gartentisch-und-stuhlgarnitur\/gedeckter-tisch-und-stuhle-garten-6-sitzer-holz-und-seil-riviera\/#breadcrumb"},"inLanguage":"de","potentialAction":[{"@type":"ReadAction","target":["https:\/\/keramamueblesdejardin.com\/de\/speisesale-im-freien\/gartentisch-und-stuhlgarnitur\/gedeckter-tisch-und-stuhle-garten-6-sitzer-holz-und-seil-riviera\/"]}]},{"@type":"ImageObject","inLanguage":"de","@id":"https:\/\/keramamueblesdejardin.com\/de\/speisesale-im-freien\/gartentisch-und-stuhlgarnitur\/gedeckter-tisch-und-stuhle-garten-6-sitzer-holz-und-seil-riviera\/#primaryimage","url":"https:\/\/keramamueblesdejardin.com\/wp-content\/uploads\/2022\/03\/riviera-6.jpg","contentUrl":"https:\/\/keramamueblesdejardin.com\/wp-content\/uploads\/2022\/03\/riviera-6.jpg","width":1200,"height":1200,"caption":"conjunto de comedor de jard\u00edn 6 plazas Riviera"},{"@type":"BreadcrumbList","@id":"https:\/\/keramamueblesdejardin.com\/de\/speisesale-im-freien\/gartentisch-und-stuhlgarnitur\/gedeckter-tisch-und-stuhle-garten-6-sitzer-holz-und-seil-riviera\/#breadcrumb","itemListElement":[{"@type":"ListItem","position":1,"name":"Home","item":"https:\/\/keramamueblesdejardin.com\/de\/"},{"@type":"ListItem","position":2,"name":"Laden","item":"https:\/\/keramamueblesdejardin.com\/de\/laden\/"},{"@type":"ListItem","position":3,"name":"Speises\u00e4le im Freien","item":"https:\/\/keramamueblesdejardin.com\/de\/speisesale-im-freien\/"},{"@type":"ListItem","position":4,"name":"Gartentisch- und Stuhlgarnitur","item":"https:\/\/keramamueblesdejardin.com\/de\/speisesale-im-freien\/gartentisch-und-stuhlgarnitur\/"},{"@type":"ListItem","position":5,"name":"Gartentisch- und Stuhlset 6-Sitzer Holz und Seil &#8211; Riviera"}]},{"@type":"WebSite","@id":"https:\/\/keramamueblesdejardin.com\/de\/#website","url":"https:\/\/keramamueblesdejardin.com\/de\/","name":"Kerama","description":"muebles de jard\u00edn","publisher":{"@id":"https:\/\/keramamueblesdejardin.com\/de\/#organization"},"potentialAction":[{"@type":"SearchAction","target":{"@type":"EntryPoint","urlTemplate":"https:\/\/keramamueblesdejardin.com\/de\/?s={search_term_string}"},"query-input":{"@type":"PropertyValueSpecification","valueRequired":true,"valueName":"search_term_string"}}],"inLanguage":"de"},{"@type":"Organization","@id":"https:\/\/keramamueblesdejardin.com\/de\/#organization","name":"kerama","url":"https:\/\/keramamueblesdejardin.com\/de\/","logo":{"@type":"ImageObject","inLanguage":"de","@id":"https:\/\/keramamueblesdejardin.com\/de\/#\/schema\/logo\/image\/","url":"https:\/\/keramamueblesdejardin.com\/wp-content\/uploads\/2020\/12\/k.-scaled.jpg","contentUrl":"https:\/\/keramamueblesdejardin.com\/wp-content\/uploads\/2020\/12\/k.-scaled.jpg","width":2560,"height":551,"caption":"kerama"},"image":{"@id":"https:\/\/keramamueblesdejardin.com\/de\/#\/schema\/logo\/image\/"},"sameAs":["https:\/\/www.facebook.com\/Kerama-Muebles-de-Jard\u00edn-106209328312568\/"]}]}},"df_price":1549,"df_sale_price":1549,"df_regular_price":1905,"df_image_link":"https:\/\/keramamueblesdejardin.com\/wp-content\/uploads\/2022\/03\/riviera-6-300x300.jpg","custom_tabs":[{"title":"MESSUNG","id":"messung","content":"<strong>Hoch:<\/strong> Stuhl 75 cm \/ Tisch 75 cm\n<strong>Breit:<\/strong> Stuhl 58 cm \/ Tisch 90 cm\n<strong>Unteres:<\/strong> Stuhl 66 cm \/ Tisch 170 cm\nSitztiefe ohne Kissen: 11cm\nSitztiefe mit Kissen: 36cm\nSitzh\u00f6he: 51cm"},{"title":"AUSPACKEN UND MONTIEREN","id":"auspacken-und-montieren","content":"Empfehlungen zum Auspacken: Verwenden Sie beim Auspacken der M\u00f6bel keine scharfen Utensilien, da dies zu Besch\u00e4digungen f\u00fchren kann\nMontage erforderlich (ja\/nein): Ja\nSchwierigkeitsgrad der Montage: Niedrig\n<strong>Montagezeit:<\/strong> 40 Minuten\nEmpfohlene Personen f\u00fcr die Montage: 2\n<strong>Montagevorschl\u00e4ge:<\/strong> Bereiten Sie einen sauberen und trockenen Montagebereich vor und stellen Sie sicher, dass keines der im Handbuch angegebenen Teile fehlt. Wir empfehlen das Tragen von Montagehandschuhen. Verwenden Sie nur die mitgelieferten Teile und Hardware."},{"title":"WARTUNG UND GARANTIEN","id":"wartung-und-garantien","content":"<strong>Allgemeine Empfehlungen:<\/strong>\n\u2022 Pannen oder Sch\u00e4den, die verursacht werden durch:\n\u2022 Zuf\u00e4llige Ursachen wie St\u00fcrze, Schl\u00e4ge, Versch\u00fctten von Fl\u00fcssigkeiten, Einschleppen von Fremdk\u00f6rpern sowie andere h\u00f6here Gewalt.\n\u2022 Fahrl\u00e4ssiger, unsachgem\u00e4\u00dfer oder nicht h\u00e4uslicher Gebrauch.\n\u2022 Besch\u00e4digung, Korrosion und\/oder Oxidation beschleunigt durch widrige Umweltbedingungen\n\u2022 Flecken und Verf\u00e4rbungen durch Nichtbeachtung unserer Reinigungsanweisungen\n\u2022 Sch\u00e4den, die w\u00e4hrend der Montage und Handhabung auftreten, ohne die angegebenen Montageanweisungen befolgt zu haben.\n<strong>Gebrauchs- und Wartungshinweise:<\/strong>\n\u2022 Reinigen Sie mit Hilfe eines Tuchs vorsichtig oder verwenden Sie eine neutrale Fl\u00fcssigseife und sp\u00fclen Sie sie mit viel Wasser ab.\n\u2022 Entfernen Sie Staub regelm\u00e4\u00dfig mit Hilfe eines weichen Tuchs und klarem Wasser.\n\u2022 Die Produktfarbe kann je nach Licht- und Umgebungsbedingungen variieren. Variation der Venen und\/oder Tonalit\u00e4t.\n\u2022 Verwenden Sie zum Reinigen keine Reinigungsmittel oder Scheuermittel.\n\u2022 Behandlung mit Lein\u00f6l: Vor dem Auftragen einer Schicht Lein\u00f6l auf das Produkt in seinem nat\u00fcrlichen Zustand ist es ratsam, es 2 bis 3 Wochen im Freien stehen zu lassen, um ein homogenes Aussehen zu erhalten und es zu bel\u00fcften. Mit einer B\u00fcrste mit klarem Wasser reinigen und trocknen lassen. Sobald es gut getrocknet ist, sollte es mit einem Schleifpapier mit einer Grammatur zwischen 120 und 150 sorgf\u00e4ltig und ohne Anziehen geschliffen werden, wobei so weit wie m\u00f6glich der Richtung der Adern gefolgt werden sollte. Diese Operation wird niemals in den fr\u00fchen Morgenstunden durchgef\u00fchrt.\nUm die Farbe zu erhalten, ist es ratsam, den Vorgang ein- bis zweimal im Jahr zu wiederholen.\nWenn die M\u00f6bel bereits mit Lein\u00f6l bestrichen wurden, ist es ratsam, sie alle drei Jahre zu schleifen, damit die aufeinanderfolgenden \u00d6lschichten das Schwitzen des Holzes nicht verhindern.\nJahre <strong>Garantie: 3 Jahre<\/strong>\n<strong>Hergestellt nach Norm:<\/strong> 581-1.581-2.581-3\n<strong>FSC-Zertifizierung (ja\/nein):<\/strong> Ja"}],"_links":{"self":[{"href":"https:\/\/keramamueblesdejardin.com\/de\/wp-json\/wp\/v2\/product\/118963","targetHints":{"allow":["GET"]}}],"collection":[{"href":"https:\/\/keramamueblesdejardin.com\/de\/wp-json\/wp\/v2\/product"}],"about":[{"href":"https:\/\/keramamueblesdejardin.com\/de\/wp-json\/wp\/v2\/types\/product"}],"replies":[{"embeddable":true,"href":"https:\/\/keramamueblesdejardin.com\/de\/wp-json\/wp\/v2\/comments?post=118963"}],"wp:featuredmedia":[{"embeddable":true,"href":"https:\/\/keramamueblesdejardin.com\/de\/wp-json\/wp\/v2\/media\/176458"}],"wp:attachment":[{"href":"https:\/\/keramamueblesdejardin.com\/de\/wp-json\/wp\/v2\/media?parent=118963"}],"wp:term":[{"taxonomy":"product_brand","embeddable":true,"href":"https:\/\/keramamueblesdejardin.com\/de\/wp-json\/wp\/v2\/product_brand?post=118963"},{"taxonomy":"product_cat","embeddable":true,"href":"https:\/\/keramamueblesdejardin.com\/de\/wp-json\/wp\/v2\/product_cat?post=118963"},{"taxonomy":"product_tag","embeddable":true,"href":"https:\/\/keramamueblesdejardin.com\/de\/wp-json\/wp\/v2\/product_tag?post=118963"}],"curies":[{"name":"wp","href":"https:\/\/api.w.org\/{rel}","templated":true}]}}