{"id":118961,"date":"2022-03-29T15:17:22","date_gmt":"2022-03-29T13:17:22","guid":{"rendered":"https:\/\/keramamueblesdejardin.com\/uncategorized\/exzentrische-sonnenschirmstruktur-imitation-heller-holzstoff-naturweiss-3x3m-mailand\/"},"modified":"2022-03-29T15:17:22","modified_gmt":"2022-03-29T13:17:22","slug":"sonnenschirm-aufgehangt-mit-struktur-holzimitat-leuchte-3x3-milan","status":"publish","type":"product","link":"https:\/\/keramamueblesdejardin.com\/de\/sonnenschirme-und-pergolen\/sonnenschirme-sonnenschirme-und-pergolen\/sonnenschirm-aufgehangt-mit-struktur-holzimitat-leuchte-3x3-milan\/","title":{"rendered":"Exzentrische Sonnenschirmstruktur Imitation heller Holzstoff naturwei\u00df 3x3m &#8211; Mailand"},"content":{"rendered":"<p>Der exzentrische Milan 3&#215;3 Sonnenschirm mit Outdoor-Sch\u00fcrze f\u00fcr Garten oder Terrasse, hat einen sehr robusten Seitenmastmast aus Aluminium, der helles Holz imitiert. Der Stoff hat ein sch\u00f6nes wei\u00dfes Ecru-Finish, das wasserabweisend und schmutzabweisend ist und auch einen L\u00fcftungskamin enth\u00e4lt.<\/p>\n<p>Es kann um 360 Grad gedreht werden und ist in der H\u00f6he neigbar, wodurch Sie die bequemste Ausrichtung w\u00e4hlen k\u00f6nnen, und verf\u00fcgt \u00fcber eine Kurbel, mit der Sie den Sonnenschirm sehr einfach \u00f6ffnen und schlie\u00dfen k\u00f6nnen.<\/p>\n<p>Der exzentrische Milan-Sonnenschirm hat eine widerstandsf\u00e4hige Struktur mit insgesamt 8 Stangen und ein elegantes Design, die ihn ideal machen, um einen Garten oder eine Terrasse zu bilden, die Sie das ganze Jahr \u00fcber pflegen m\u00f6chten.<\/p>\n<p>&nbsp;<\/p>\n<ul>\n<li>Mast und Stangen aus Aluminium<\/li>\n<li>100% Polyestergewebe<\/li>\n<li>Verwendung: im Freien<\/li>\n<li>Maximale H\u00f6he: 2,40 m<\/li>\n<li>360\u00ba Drehung<\/li>\n<li>Kippbar in der H\u00f6he: Ja<\/li>\n<li>Abnehmbar: Ja<\/li>\n<li>Wasserabweisend: Ja<\/li>\n<li>Anti-Flecken; Ja<\/li>\n<li>Stoff mit Kamin: Ja<\/li>\n<li>Mit Rock: Ja<\/li>\n<li>\u00d6ffnen \/ Schlie\u00dfen mit Kurbel: Ja<\/li>\n<li>Artikelgewicht: 25 kg<\/li>\n<li>Mastma\u00df: 53 x 77mm<\/li>\n<li>Stangenma\u00df: 14 x 24mm<\/li>\n<li>Anzahl der Stangen: 8<\/li>\n<li>Erfordert eine Montage mit geringem Schwierigkeitsgrad<\/li>\n<li>Kunststoffd\u00fcbel an den Beinen zum Schutz des Bodens<\/li>\n<\/ul>\n","protected":false},"excerpt":{"rendered":"<ul>\n<li>Mast aus Aluminium, das Holz imitiert, und Struktur aus 8 Stangen<\/li>\n<li>Naturwei\u00dfes Polyestergewebe, wasserabweisend<\/li>\n<li>Inklusive L\u00fcftungskamin und Kurbel zum \u00d6ffnen und Schlie\u00dfen des Sonnenschirms<\/li>\n<li>Der Sonnenschirm ist um 360 Grad drehbar und kann in der H\u00f6he zur\u00fcckgelehnt werden<\/li>\n<\/ul>\n","protected":false},"featured_media":118964,"comment_status":"closed","ping_status":"closed","template":"","meta":{"_acf_changed":false},"product_brand":[],"product_cat":[3304,3297],"product_tag":[3376,3242,3466],"class_list":{"0":"post-118961","1":"product","2":"type-product","3":"status-publish","4":"has-post-thumbnail","6":"product_cat-sonnenschirme-sonnenschirme-und-pergolen","7":"product_cat-sonnenschirme-und-pergolen","8":"product_tag-aluminium-de","9":"product_tag-grose-raume","10":"product_tag-mailand","11":"product_shipping_class-envio-gratuito-de","12":"product_shipping_class-kostenloser-versand","14":"first","15":"instock","16":"sale","17":"purchasable","18":"product-type-simple","19":"add-to-wishlist-before_image"},"acf":[],"yoast_head":"<!-- This site is optimized with the Yoast SEO plugin v27.2 - https:\/\/yoast.com\/product\/yoast-seo-wordpress\/ -->\n<title>Exzentrische Sonnenschirmstruktur Imitation heller Holzstoff naturwei\u00df 3x3m - Mailand - Kerama<\/title>\n<meta name=\"robots\" content=\"index, follow, max-snippet:-1, max-image-preview:large, max-video-preview:-1\" \/>\n<link rel=\"canonical\" href=\"https:\/\/keramamueblesdejardin.com\/de\/sonnenschirme-und-pergolen\/sonnenschirme-sonnenschirme-und-pergolen\/sonnenschirm-aufgehangt-mit-struktur-holzimitat-leuchte-3x3-milan\/\" \/>\n<meta property=\"og:locale\" content=\"de_DE\" \/>\n<meta property=\"og:type\" content=\"article\" \/>\n<meta property=\"og:title\" content=\"Exzentrische Sonnenschirmstruktur Imitation heller Holzstoff naturwei\u00df 3x3m - Mailand - Kerama\" \/>\n<meta property=\"og:description\" content=\"Mast aus Aluminium, das Holz imitiert, und Struktur aus 8 Stangen  Naturwei\u00dfes Polyestergewebe, wasserabweisend  Inklusive L\u00fcftungskamin und Kurbel zum \u00d6ffnen und Schlie\u00dfen des Sonnenschirms  Der Sonnenschirm ist um 360 Grad drehbar und kann in der H\u00f6he zur\u00fcckgelehnt werden\" \/>\n<meta property=\"og:url\" content=\"https:\/\/keramamueblesdejardin.com\/de\/sonnenschirme-und-pergolen\/sonnenschirme-sonnenschirme-und-pergolen\/sonnenschirm-aufgehangt-mit-struktur-holzimitat-leuchte-3x3-milan\/\" \/>\n<meta property=\"og:site_name\" content=\"Kerama\" \/>\n<meta property=\"article:publisher\" content=\"https:\/\/www.facebook.com\/Kerama-Muebles-de-Jard%c3%adn-106209328312568\/\" \/>\n<meta property=\"og:image\" content=\"https:\/\/keramamueblesdejardin.com\/wp-content\/uploads\/2022\/03\/L1530823-scaled.jpg\" \/>\n\t<meta property=\"og:image:width\" content=\"2560\" \/>\n\t<meta property=\"og:image:height\" content=\"1707\" \/>\n\t<meta property=\"og:image:type\" content=\"image\/jpeg\" \/>\n<meta name=\"twitter:card\" content=\"summary_large_image\" \/>\n<meta name=\"twitter:label1\" content=\"Gesch\u00e4tzte Lesezeit\" \/>\n\t<meta name=\"twitter:data1\" content=\"1\u00a0Minute\" \/>\n<script type=\"application\/ld+json\" class=\"yoast-schema-graph\">{\"@context\":\"https:\/\/schema.org\",\"@graph\":[{\"@type\":\"WebPage\",\"@id\":\"https:\/\/keramamueblesdejardin.com\/de\/sonnenschirme-und-pergolen\/sonnenschirme-sonnenschirme-und-pergolen\/sonnenschirm-aufgehangt-mit-struktur-holzimitat-leuchte-3x3-milan\/\",\"url\":\"https:\/\/keramamueblesdejardin.com\/de\/sonnenschirme-und-pergolen\/sonnenschirme-sonnenschirme-und-pergolen\/sonnenschirm-aufgehangt-mit-struktur-holzimitat-leuchte-3x3-milan\/\",\"name\":\"Exzentrische Sonnenschirmstruktur Imitation heller Holzstoff naturwei\u00df 3x3m - Mailand - Kerama\",\"isPartOf\":{\"@id\":\"https:\/\/keramamueblesdejardin.com\/de\/#website\"},\"primaryImageOfPage\":{\"@id\":\"https:\/\/keramamueblesdejardin.com\/de\/sonnenschirme-und-pergolen\/sonnenschirme-sonnenschirme-und-pergolen\/sonnenschirm-aufgehangt-mit-struktur-holzimitat-leuchte-3x3-milan\/#primaryimage\"},\"image\":{\"@id\":\"https:\/\/keramamueblesdejardin.com\/de\/sonnenschirme-und-pergolen\/sonnenschirme-sonnenschirme-und-pergolen\/sonnenschirm-aufgehangt-mit-struktur-holzimitat-leuchte-3x3-milan\/#primaryimage\"},\"thumbnailUrl\":\"https:\/\/keramamueblesdejardin.com\/wp-content\/uploads\/2022\/03\/L1530823-scaled.jpg\",\"datePublished\":\"2022-03-29T13:17:22+00:00\",\"breadcrumb\":{\"@id\":\"https:\/\/keramamueblesdejardin.com\/de\/sonnenschirme-und-pergolen\/sonnenschirme-sonnenschirme-und-pergolen\/sonnenschirm-aufgehangt-mit-struktur-holzimitat-leuchte-3x3-milan\/#breadcrumb\"},\"inLanguage\":\"de\",\"potentialAction\":[{\"@type\":\"ReadAction\",\"target\":[\"https:\/\/keramamueblesdejardin.com\/de\/sonnenschirme-und-pergolen\/sonnenschirme-sonnenschirme-und-pergolen\/sonnenschirm-aufgehangt-mit-struktur-holzimitat-leuchte-3x3-milan\/\"]}]},{\"@type\":\"ImageObject\",\"inLanguage\":\"de\",\"@id\":\"https:\/\/keramamueblesdejardin.com\/de\/sonnenschirme-und-pergolen\/sonnenschirme-sonnenschirme-und-pergolen\/sonnenschirm-aufgehangt-mit-struktur-holzimitat-leuchte-3x3-milan\/#primaryimage\",\"url\":\"https:\/\/keramamueblesdejardin.com\/wp-content\/uploads\/2022\/03\/L1530823-scaled.jpg\",\"contentUrl\":\"https:\/\/keramamueblesdejardin.com\/wp-content\/uploads\/2022\/03\/L1530823-scaled.jpg\",\"width\":2560,\"height\":1707},{\"@type\":\"BreadcrumbList\",\"@id\":\"https:\/\/keramamueblesdejardin.com\/de\/sonnenschirme-und-pergolen\/sonnenschirme-sonnenschirme-und-pergolen\/sonnenschirm-aufgehangt-mit-struktur-holzimitat-leuchte-3x3-milan\/#breadcrumb\",\"itemListElement\":[{\"@type\":\"ListItem\",\"position\":1,\"name\":\"Home\",\"item\":\"https:\/\/keramamueblesdejardin.com\/de\/\"},{\"@type\":\"ListItem\",\"position\":2,\"name\":\"Laden\",\"item\":\"https:\/\/keramamueblesdejardin.com\/de\/laden\/\"},{\"@type\":\"ListItem\",\"position\":3,\"name\":\"Sonnenschirme und Pergolen\",\"item\":\"https:\/\/keramamueblesdejardin.com\/de\/sonnenschirme-und-pergolen\/\"},{\"@type\":\"ListItem\",\"position\":4,\"name\":\"Sonnenschirme\",\"item\":\"https:\/\/keramamueblesdejardin.com\/de\/sonnenschirme-und-pergolen\/sonnenschirme-sonnenschirme-und-pergolen\/\"},{\"@type\":\"ListItem\",\"position\":5,\"name\":\"Exzentrische Sonnenschirmstruktur Imitation heller Holzstoff naturwei\u00df 3x3m &#8211; Mailand\"}]},{\"@type\":\"WebSite\",\"@id\":\"https:\/\/keramamueblesdejardin.com\/de\/#website\",\"url\":\"https:\/\/keramamueblesdejardin.com\/de\/\",\"name\":\"Kerama\",\"description\":\"muebles de jard\u00edn\",\"publisher\":{\"@id\":\"https:\/\/keramamueblesdejardin.com\/de\/#organization\"},\"potentialAction\":[{\"@type\":\"SearchAction\",\"target\":{\"@type\":\"EntryPoint\",\"urlTemplate\":\"https:\/\/keramamueblesdejardin.com\/de\/?s={search_term_string}\"},\"query-input\":{\"@type\":\"PropertyValueSpecification\",\"valueRequired\":true,\"valueName\":\"search_term_string\"}}],\"inLanguage\":\"de\"},{\"@type\":\"Organization\",\"@id\":\"https:\/\/keramamueblesdejardin.com\/de\/#organization\",\"name\":\"kerama\",\"url\":\"https:\/\/keramamueblesdejardin.com\/de\/\",\"logo\":{\"@type\":\"ImageObject\",\"inLanguage\":\"de\",\"@id\":\"https:\/\/keramamueblesdejardin.com\/de\/#\/schema\/logo\/image\/\",\"url\":\"https:\/\/keramamueblesdejardin.com\/wp-content\/uploads\/2020\/12\/k.-scaled.jpg\",\"contentUrl\":\"https:\/\/keramamueblesdejardin.com\/wp-content\/uploads\/2020\/12\/k.-scaled.jpg\",\"width\":2560,\"height\":551,\"caption\":\"kerama\"},\"image\":{\"@id\":\"https:\/\/keramamueblesdejardin.com\/de\/#\/schema\/logo\/image\/\"},\"sameAs\":[\"https:\/\/www.facebook.com\/Kerama-Muebles-de-Jard\u00edn-106209328312568\/\"]}]}<\/script>\n<!-- \/ Yoast SEO plugin. -->","yoast_head_json":{"title":"Exzentrische Sonnenschirmstruktur Imitation heller Holzstoff naturwei\u00df 3x3m - Mailand - Kerama","robots":{"index":"index","follow":"follow","max-snippet":"max-snippet:-1","max-image-preview":"max-image-preview:large","max-video-preview":"max-video-preview:-1"},"canonical":"https:\/\/keramamueblesdejardin.com\/de\/sonnenschirme-und-pergolen\/sonnenschirme-sonnenschirme-und-pergolen\/sonnenschirm-aufgehangt-mit-struktur-holzimitat-leuchte-3x3-milan\/","og_locale":"de_DE","og_type":"article","og_title":"Exzentrische Sonnenschirmstruktur Imitation heller Holzstoff naturwei\u00df 3x3m - Mailand - Kerama","og_description":"Mast aus Aluminium, das Holz imitiert, und Struktur aus 8 Stangen  Naturwei\u00dfes Polyestergewebe, wasserabweisend  Inklusive L\u00fcftungskamin und Kurbel zum \u00d6ffnen und Schlie\u00dfen des Sonnenschirms  Der Sonnenschirm ist um 360 Grad drehbar und kann in der H\u00f6he zur\u00fcckgelehnt werden","og_url":"https:\/\/keramamueblesdejardin.com\/de\/sonnenschirme-und-pergolen\/sonnenschirme-sonnenschirme-und-pergolen\/sonnenschirm-aufgehangt-mit-struktur-holzimitat-leuchte-3x3-milan\/","og_site_name":"Kerama","article_publisher":"https:\/\/www.facebook.com\/Kerama-Muebles-de-Jard%c3%adn-106209328312568\/","og_image":[{"width":2560,"height":1707,"url":"https:\/\/keramamueblesdejardin.com\/wp-content\/uploads\/2022\/03\/L1530823-scaled.jpg","type":"image\/jpeg"}],"twitter_card":"summary_large_image","twitter_misc":{"Gesch\u00e4tzte Lesezeit":"1\u00a0Minute"},"schema":{"@context":"https:\/\/schema.org","@graph":[{"@type":"WebPage","@id":"https:\/\/keramamueblesdejardin.com\/de\/sonnenschirme-und-pergolen\/sonnenschirme-sonnenschirme-und-pergolen\/sonnenschirm-aufgehangt-mit-struktur-holzimitat-leuchte-3x3-milan\/","url":"https:\/\/keramamueblesdejardin.com\/de\/sonnenschirme-und-pergolen\/sonnenschirme-sonnenschirme-und-pergolen\/sonnenschirm-aufgehangt-mit-struktur-holzimitat-leuchte-3x3-milan\/","name":"Exzentrische Sonnenschirmstruktur Imitation heller Holzstoff naturwei\u00df 3x3m - Mailand - Kerama","isPartOf":{"@id":"https:\/\/keramamueblesdejardin.com\/de\/#website"},"primaryImageOfPage":{"@id":"https:\/\/keramamueblesdejardin.com\/de\/sonnenschirme-und-pergolen\/sonnenschirme-sonnenschirme-und-pergolen\/sonnenschirm-aufgehangt-mit-struktur-holzimitat-leuchte-3x3-milan\/#primaryimage"},"image":{"@id":"https:\/\/keramamueblesdejardin.com\/de\/sonnenschirme-und-pergolen\/sonnenschirme-sonnenschirme-und-pergolen\/sonnenschirm-aufgehangt-mit-struktur-holzimitat-leuchte-3x3-milan\/#primaryimage"},"thumbnailUrl":"https:\/\/keramamueblesdejardin.com\/wp-content\/uploads\/2022\/03\/L1530823-scaled.jpg","datePublished":"2022-03-29T13:17:22+00:00","breadcrumb":{"@id":"https:\/\/keramamueblesdejardin.com\/de\/sonnenschirme-und-pergolen\/sonnenschirme-sonnenschirme-und-pergolen\/sonnenschirm-aufgehangt-mit-struktur-holzimitat-leuchte-3x3-milan\/#breadcrumb"},"inLanguage":"de","potentialAction":[{"@type":"ReadAction","target":["https:\/\/keramamueblesdejardin.com\/de\/sonnenschirme-und-pergolen\/sonnenschirme-sonnenschirme-und-pergolen\/sonnenschirm-aufgehangt-mit-struktur-holzimitat-leuchte-3x3-milan\/"]}]},{"@type":"ImageObject","inLanguage":"de","@id":"https:\/\/keramamueblesdejardin.com\/de\/sonnenschirme-und-pergolen\/sonnenschirme-sonnenschirme-und-pergolen\/sonnenschirm-aufgehangt-mit-struktur-holzimitat-leuchte-3x3-milan\/#primaryimage","url":"https:\/\/keramamueblesdejardin.com\/wp-content\/uploads\/2022\/03\/L1530823-scaled.jpg","contentUrl":"https:\/\/keramamueblesdejardin.com\/wp-content\/uploads\/2022\/03\/L1530823-scaled.jpg","width":2560,"height":1707},{"@type":"BreadcrumbList","@id":"https:\/\/keramamueblesdejardin.com\/de\/sonnenschirme-und-pergolen\/sonnenschirme-sonnenschirme-und-pergolen\/sonnenschirm-aufgehangt-mit-struktur-holzimitat-leuchte-3x3-milan\/#breadcrumb","itemListElement":[{"@type":"ListItem","position":1,"name":"Home","item":"https:\/\/keramamueblesdejardin.com\/de\/"},{"@type":"ListItem","position":2,"name":"Laden","item":"https:\/\/keramamueblesdejardin.com\/de\/laden\/"},{"@type":"ListItem","position":3,"name":"Sonnenschirme und Pergolen","item":"https:\/\/keramamueblesdejardin.com\/de\/sonnenschirme-und-pergolen\/"},{"@type":"ListItem","position":4,"name":"Sonnenschirme","item":"https:\/\/keramamueblesdejardin.com\/de\/sonnenschirme-und-pergolen\/sonnenschirme-sonnenschirme-und-pergolen\/"},{"@type":"ListItem","position":5,"name":"Exzentrische Sonnenschirmstruktur Imitation heller Holzstoff naturwei\u00df 3x3m &#8211; Mailand"}]},{"@type":"WebSite","@id":"https:\/\/keramamueblesdejardin.com\/de\/#website","url":"https:\/\/keramamueblesdejardin.com\/de\/","name":"Kerama","description":"muebles de jard\u00edn","publisher":{"@id":"https:\/\/keramamueblesdejardin.com\/de\/#organization"},"potentialAction":[{"@type":"SearchAction","target":{"@type":"EntryPoint","urlTemplate":"https:\/\/keramamueblesdejardin.com\/de\/?s={search_term_string}"},"query-input":{"@type":"PropertyValueSpecification","valueRequired":true,"valueName":"search_term_string"}}],"inLanguage":"de"},{"@type":"Organization","@id":"https:\/\/keramamueblesdejardin.com\/de\/#organization","name":"kerama","url":"https:\/\/keramamueblesdejardin.com\/de\/","logo":{"@type":"ImageObject","inLanguage":"de","@id":"https:\/\/keramamueblesdejardin.com\/de\/#\/schema\/logo\/image\/","url":"https:\/\/keramamueblesdejardin.com\/wp-content\/uploads\/2020\/12\/k.-scaled.jpg","contentUrl":"https:\/\/keramamueblesdejardin.com\/wp-content\/uploads\/2020\/12\/k.-scaled.jpg","width":2560,"height":551,"caption":"kerama"},"image":{"@id":"https:\/\/keramamueblesdejardin.com\/de\/#\/schema\/logo\/image\/"},"sameAs":["https:\/\/www.facebook.com\/Kerama-Muebles-de-Jard\u00edn-106209328312568\/"]}]}},"df_price":549,"df_sale_price":549,"df_regular_price":749,"df_image_link":"https:\/\/keramamueblesdejardin.com\/wp-content\/uploads\/2022\/03\/L1530823-300x200.jpg","custom_tabs":[{"title":"MESSUNG","id":"messung","content":"<div class=\"list\">\n<div class=\"list\"><strong>H\u00f6he: <\/strong>240cm<\/div>\n<div class=\"list\"><strong>Breite: <\/strong>250 x 250cm<\/div>\n<div>Mastma\u00df: 53 x 77mm<\/div>\n<div><strong>Stangenma\u00df<\/strong> : 14 x 24mm<\/div>\n<div><strong>Anzahl der Stangen: <\/strong>8<\/div>\n<div class=\"list\"><strong>Produktgewicht: <\/strong>25kg<\/div>\n<\/div>"}],"_links":{"self":[{"href":"https:\/\/keramamueblesdejardin.com\/de\/wp-json\/wp\/v2\/product\/118961","targetHints":{"allow":["GET"]}}],"collection":[{"href":"https:\/\/keramamueblesdejardin.com\/de\/wp-json\/wp\/v2\/product"}],"about":[{"href":"https:\/\/keramamueblesdejardin.com\/de\/wp-json\/wp\/v2\/types\/product"}],"replies":[{"embeddable":true,"href":"https:\/\/keramamueblesdejardin.com\/de\/wp-json\/wp\/v2\/comments?post=118961"}],"wp:featuredmedia":[{"embeddable":true,"href":"https:\/\/keramamueblesdejardin.com\/de\/wp-json\/wp\/v2\/media\/118964"}],"wp:attachment":[{"href":"https:\/\/keramamueblesdejardin.com\/de\/wp-json\/wp\/v2\/media?parent=118961"}],"wp:term":[{"taxonomy":"product_brand","embeddable":true,"href":"https:\/\/keramamueblesdejardin.com\/de\/wp-json\/wp\/v2\/product_brand?post=118961"},{"taxonomy":"product_cat","embeddable":true,"href":"https:\/\/keramamueblesdejardin.com\/de\/wp-json\/wp\/v2\/product_cat?post=118961"},{"taxonomy":"product_tag","embeddable":true,"href":"https:\/\/keramamueblesdejardin.com\/de\/wp-json\/wp\/v2\/product_tag?post=118961"}],"curies":[{"name":"wp","href":"https:\/\/api.w.org\/{rel}","templated":true}]}}