{"id":118946,"date":"2022-03-07T11:36:11","date_gmt":"2022-03-07T10:36:11","guid":{"rendered":"https:\/\/keramamueblesdejardin.com\/uncategorized\/textilene-stoff-meter-breit-180-cm-farbe-streifen-gelb-weiss\/"},"modified":"2023-08-30T09:15:38","modified_gmt":"2023-08-30T07:15:38","slug":"stoff-textilene-auf-meterbreite-180-cm-farbstreifen-gelb-weis","status":"publish","type":"product","link":"https:\/\/keramamueblesdejardin.com\/de\/exterieur-zubehor\/stoff-bis-meter\/stoff-textilene-auf-meterbreite-180-cm-farbstreifen-gelb-weis\/","title":{"rendered":"Textilene Stoff Meter breit 180 cm &#8211; Farbe Streifen gelb \/ wei\u00df"},"content":{"rendered":"<p>Textilene zu Filmmaterial. Wir liefern nur den Stoff.<br \/>\nDieses Produkt kann NICHT zur\u00fcckgegeben werden.<br \/>\nPreis pro Laufmeter.<br \/>\nMa\u00dfe : Breite 180cm. Dickes Textilene (2&#215;1 F\u00e4den)<\/p>\n","protected":false},"excerpt":{"rendered":"<p>Textilene zu Filmmaterial. Wir liefern nur den Stoff.<br \/>\nDieses Produkt kann NICHT zur\u00fcckgegeben werden.<br \/>\nPreis pro Laufmeter.<br \/>\nMa\u00dfe : Breite 180cm. Dickes Textilene (2&#215;1 F\u00e4den)<\/p>\n","protected":false},"featured_media":118947,"comment_status":"closed","ping_status":"open","template":"","meta":{"_acf_changed":false},"product_brand":[],"product_cat":[3271,3493],"product_tag":[],"class_list":{"0":"post-118946","1":"product","2":"type-product","3":"status-publish","4":"has-post-thumbnail","6":"product_cat-exterieur-zubehor","7":"product_cat-stoff-bis-meter","8":"product_shipping_class-envio-gratuito-de","9":"pa_coleccion-textiles-gewebe","10":"pa_material-textil","12":"first","13":"instock","14":"sale","15":"purchasable","16":"product-type-simple","17":"add-to-wishlist-before_image"},"acf":[],"yoast_head":"<!-- This site is optimized with the Yoast SEO plugin v27.2 - https:\/\/yoast.com\/product\/yoast-seo-wordpress\/ -->\n<title>Textilene Stoff Meter breit 180 cm - Farbe Streifen gelb \/ wei\u00df - Kerama<\/title>\n<meta name=\"robots\" content=\"index, follow, max-snippet:-1, max-image-preview:large, max-video-preview:-1\" \/>\n<link rel=\"canonical\" href=\"https:\/\/keramamueblesdejardin.com\/de\/exterieur-zubehor\/stoff-bis-meter\/stoff-textilene-auf-meterbreite-180-cm-farbstreifen-gelb-weis\/\" \/>\n<meta property=\"og:locale\" content=\"de_DE\" \/>\n<meta property=\"og:type\" content=\"article\" \/>\n<meta property=\"og:title\" content=\"Textilene Stoff Meter breit 180 cm - Farbe Streifen gelb \/ wei\u00df - Kerama\" \/>\n<meta property=\"og:description\" content=\"Textilene zu Filmmaterial. Wir liefern nur den Stoff. Dieses Produkt kann NICHT zur\u00fcckgegeben werden. Preis pro Laufmeter. Ma\u00dfe : Breite 180cm. Dickes Textilene (2x1 F\u00e4den)\" \/>\n<meta property=\"og:url\" content=\"https:\/\/keramamueblesdejardin.com\/de\/exterieur-zubehor\/stoff-bis-meter\/stoff-textilene-auf-meterbreite-180-cm-farbstreifen-gelb-weis\/\" \/>\n<meta property=\"og:site_name\" content=\"Kerama\" \/>\n<meta property=\"article:publisher\" content=\"https:\/\/www.facebook.com\/Kerama-Muebles-de-Jard%c3%adn-106209328312568\/\" \/>\n<meta property=\"article:modified_time\" content=\"2023-08-30T07:15:38+00:00\" \/>\n<meta property=\"og:image\" content=\"https:\/\/keramamueblesdejardin.com\/wp-content\/uploads\/2022\/03\/IMG_7749.jpg\" \/>\n\t<meta property=\"og:image:width\" content=\"1500\" \/>\n\t<meta property=\"og:image:height\" content=\"2000\" \/>\n\t<meta property=\"og:image:type\" content=\"image\/jpeg\" \/>\n<meta name=\"twitter:card\" content=\"summary_large_image\" \/>\n<script type=\"application\/ld+json\" class=\"yoast-schema-graph\">{\"@context\":\"https:\/\/schema.org\",\"@graph\":[{\"@type\":\"WebPage\",\"@id\":\"https:\/\/keramamueblesdejardin.com\/de\/exterieur-zubehor\/stoff-bis-meter\/stoff-textilene-auf-meterbreite-180-cm-farbstreifen-gelb-weis\/\",\"url\":\"https:\/\/keramamueblesdejardin.com\/de\/exterieur-zubehor\/stoff-bis-meter\/stoff-textilene-auf-meterbreite-180-cm-farbstreifen-gelb-weis\/\",\"name\":\"Textilene Stoff Meter breit 180 cm - Farbe Streifen gelb \/ wei\u00df - Kerama\",\"isPartOf\":{\"@id\":\"https:\/\/keramamueblesdejardin.com\/de\/#website\"},\"primaryImageOfPage\":{\"@id\":\"https:\/\/keramamueblesdejardin.com\/de\/exterieur-zubehor\/stoff-bis-meter\/stoff-textilene-auf-meterbreite-180-cm-farbstreifen-gelb-weis\/#primaryimage\"},\"image\":{\"@id\":\"https:\/\/keramamueblesdejardin.com\/de\/exterieur-zubehor\/stoff-bis-meter\/stoff-textilene-auf-meterbreite-180-cm-farbstreifen-gelb-weis\/#primaryimage\"},\"thumbnailUrl\":\"https:\/\/keramamueblesdejardin.com\/wp-content\/uploads\/2022\/03\/IMG_7749.jpg\",\"datePublished\":\"2022-03-07T10:36:11+00:00\",\"dateModified\":\"2023-08-30T07:15:38+00:00\",\"breadcrumb\":{\"@id\":\"https:\/\/keramamueblesdejardin.com\/de\/exterieur-zubehor\/stoff-bis-meter\/stoff-textilene-auf-meterbreite-180-cm-farbstreifen-gelb-weis\/#breadcrumb\"},\"inLanguage\":\"de\",\"potentialAction\":[{\"@type\":\"ReadAction\",\"target\":[\"https:\/\/keramamueblesdejardin.com\/de\/exterieur-zubehor\/stoff-bis-meter\/stoff-textilene-auf-meterbreite-180-cm-farbstreifen-gelb-weis\/\"]}]},{\"@type\":\"ImageObject\",\"inLanguage\":\"de\",\"@id\":\"https:\/\/keramamueblesdejardin.com\/de\/exterieur-zubehor\/stoff-bis-meter\/stoff-textilene-auf-meterbreite-180-cm-farbstreifen-gelb-weis\/#primaryimage\",\"url\":\"https:\/\/keramamueblesdejardin.com\/wp-content\/uploads\/2022\/03\/IMG_7749.jpg\",\"contentUrl\":\"https:\/\/keramamueblesdejardin.com\/wp-content\/uploads\/2022\/03\/IMG_7749.jpg\",\"width\":1500,\"height\":2000},{\"@type\":\"BreadcrumbList\",\"@id\":\"https:\/\/keramamueblesdejardin.com\/de\/exterieur-zubehor\/stoff-bis-meter\/stoff-textilene-auf-meterbreite-180-cm-farbstreifen-gelb-weis\/#breadcrumb\",\"itemListElement\":[{\"@type\":\"ListItem\",\"position\":1,\"name\":\"Home\",\"item\":\"https:\/\/keramamueblesdejardin.com\/de\/\"},{\"@type\":\"ListItem\",\"position\":2,\"name\":\"Laden\",\"item\":\"https:\/\/keramamueblesdejardin.com\/de\/laden\/\"},{\"@type\":\"ListItem\",\"position\":3,\"name\":\"Exterieur-Zubeh\u00f6r\",\"item\":\"https:\/\/keramamueblesdejardin.com\/de\/exterieur-zubehor\/\"},{\"@type\":\"ListItem\",\"position\":4,\"name\":\"Stoff bis Meter\",\"item\":\"https:\/\/keramamueblesdejardin.com\/de\/exterieur-zubehor\/stoff-bis-meter\/\"},{\"@type\":\"ListItem\",\"position\":5,\"name\":\"Textilene Stoff Meter breit 180 cm &#8211; Farbe Streifen gelb \/ wei\u00df\"}]},{\"@type\":\"WebSite\",\"@id\":\"https:\/\/keramamueblesdejardin.com\/de\/#website\",\"url\":\"https:\/\/keramamueblesdejardin.com\/de\/\",\"name\":\"Kerama\",\"description\":\"muebles de jard\u00edn\",\"publisher\":{\"@id\":\"https:\/\/keramamueblesdejardin.com\/de\/#organization\"},\"potentialAction\":[{\"@type\":\"SearchAction\",\"target\":{\"@type\":\"EntryPoint\",\"urlTemplate\":\"https:\/\/keramamueblesdejardin.com\/de\/?s={search_term_string}\"},\"query-input\":{\"@type\":\"PropertyValueSpecification\",\"valueRequired\":true,\"valueName\":\"search_term_string\"}}],\"inLanguage\":\"de\"},{\"@type\":\"Organization\",\"@id\":\"https:\/\/keramamueblesdejardin.com\/de\/#organization\",\"name\":\"kerama\",\"url\":\"https:\/\/keramamueblesdejardin.com\/de\/\",\"logo\":{\"@type\":\"ImageObject\",\"inLanguage\":\"de\",\"@id\":\"https:\/\/keramamueblesdejardin.com\/de\/#\/schema\/logo\/image\/\",\"url\":\"https:\/\/keramamueblesdejardin.com\/wp-content\/uploads\/2020\/12\/k.-scaled.jpg\",\"contentUrl\":\"https:\/\/keramamueblesdejardin.com\/wp-content\/uploads\/2020\/12\/k.-scaled.jpg\",\"width\":2560,\"height\":551,\"caption\":\"kerama\"},\"image\":{\"@id\":\"https:\/\/keramamueblesdejardin.com\/de\/#\/schema\/logo\/image\/\"},\"sameAs\":[\"https:\/\/www.facebook.com\/Kerama-Muebles-de-Jard\u00edn-106209328312568\/\"]}]}<\/script>\n<!-- \/ Yoast SEO plugin. -->","yoast_head_json":{"title":"Textilene Stoff Meter breit 180 cm - Farbe Streifen gelb \/ wei\u00df - Kerama","robots":{"index":"index","follow":"follow","max-snippet":"max-snippet:-1","max-image-preview":"max-image-preview:large","max-video-preview":"max-video-preview:-1"},"canonical":"https:\/\/keramamueblesdejardin.com\/de\/exterieur-zubehor\/stoff-bis-meter\/stoff-textilene-auf-meterbreite-180-cm-farbstreifen-gelb-weis\/","og_locale":"de_DE","og_type":"article","og_title":"Textilene Stoff Meter breit 180 cm - Farbe Streifen gelb \/ wei\u00df - Kerama","og_description":"Textilene zu Filmmaterial. Wir liefern nur den Stoff. Dieses Produkt kann NICHT zur\u00fcckgegeben werden. Preis pro Laufmeter. Ma\u00dfe : Breite 180cm. Dickes Textilene (2x1 F\u00e4den)","og_url":"https:\/\/keramamueblesdejardin.com\/de\/exterieur-zubehor\/stoff-bis-meter\/stoff-textilene-auf-meterbreite-180-cm-farbstreifen-gelb-weis\/","og_site_name":"Kerama","article_publisher":"https:\/\/www.facebook.com\/Kerama-Muebles-de-Jard%c3%adn-106209328312568\/","article_modified_time":"2023-08-30T07:15:38+00:00","og_image":[{"width":1500,"height":2000,"url":"https:\/\/keramamueblesdejardin.com\/wp-content\/uploads\/2022\/03\/IMG_7749.jpg","type":"image\/jpeg"}],"twitter_card":"summary_large_image","schema":{"@context":"https:\/\/schema.org","@graph":[{"@type":"WebPage","@id":"https:\/\/keramamueblesdejardin.com\/de\/exterieur-zubehor\/stoff-bis-meter\/stoff-textilene-auf-meterbreite-180-cm-farbstreifen-gelb-weis\/","url":"https:\/\/keramamueblesdejardin.com\/de\/exterieur-zubehor\/stoff-bis-meter\/stoff-textilene-auf-meterbreite-180-cm-farbstreifen-gelb-weis\/","name":"Textilene Stoff Meter breit 180 cm - Farbe Streifen gelb \/ wei\u00df - Kerama","isPartOf":{"@id":"https:\/\/keramamueblesdejardin.com\/de\/#website"},"primaryImageOfPage":{"@id":"https:\/\/keramamueblesdejardin.com\/de\/exterieur-zubehor\/stoff-bis-meter\/stoff-textilene-auf-meterbreite-180-cm-farbstreifen-gelb-weis\/#primaryimage"},"image":{"@id":"https:\/\/keramamueblesdejardin.com\/de\/exterieur-zubehor\/stoff-bis-meter\/stoff-textilene-auf-meterbreite-180-cm-farbstreifen-gelb-weis\/#primaryimage"},"thumbnailUrl":"https:\/\/keramamueblesdejardin.com\/wp-content\/uploads\/2022\/03\/IMG_7749.jpg","datePublished":"2022-03-07T10:36:11+00:00","dateModified":"2023-08-30T07:15:38+00:00","breadcrumb":{"@id":"https:\/\/keramamueblesdejardin.com\/de\/exterieur-zubehor\/stoff-bis-meter\/stoff-textilene-auf-meterbreite-180-cm-farbstreifen-gelb-weis\/#breadcrumb"},"inLanguage":"de","potentialAction":[{"@type":"ReadAction","target":["https:\/\/keramamueblesdejardin.com\/de\/exterieur-zubehor\/stoff-bis-meter\/stoff-textilene-auf-meterbreite-180-cm-farbstreifen-gelb-weis\/"]}]},{"@type":"ImageObject","inLanguage":"de","@id":"https:\/\/keramamueblesdejardin.com\/de\/exterieur-zubehor\/stoff-bis-meter\/stoff-textilene-auf-meterbreite-180-cm-farbstreifen-gelb-weis\/#primaryimage","url":"https:\/\/keramamueblesdejardin.com\/wp-content\/uploads\/2022\/03\/IMG_7749.jpg","contentUrl":"https:\/\/keramamueblesdejardin.com\/wp-content\/uploads\/2022\/03\/IMG_7749.jpg","width":1500,"height":2000},{"@type":"BreadcrumbList","@id":"https:\/\/keramamueblesdejardin.com\/de\/exterieur-zubehor\/stoff-bis-meter\/stoff-textilene-auf-meterbreite-180-cm-farbstreifen-gelb-weis\/#breadcrumb","itemListElement":[{"@type":"ListItem","position":1,"name":"Home","item":"https:\/\/keramamueblesdejardin.com\/de\/"},{"@type":"ListItem","position":2,"name":"Laden","item":"https:\/\/keramamueblesdejardin.com\/de\/laden\/"},{"@type":"ListItem","position":3,"name":"Exterieur-Zubeh\u00f6r","item":"https:\/\/keramamueblesdejardin.com\/de\/exterieur-zubehor\/"},{"@type":"ListItem","position":4,"name":"Stoff bis Meter","item":"https:\/\/keramamueblesdejardin.com\/de\/exterieur-zubehor\/stoff-bis-meter\/"},{"@type":"ListItem","position":5,"name":"Textilene Stoff Meter breit 180 cm &#8211; Farbe Streifen gelb \/ wei\u00df"}]},{"@type":"WebSite","@id":"https:\/\/keramamueblesdejardin.com\/de\/#website","url":"https:\/\/keramamueblesdejardin.com\/de\/","name":"Kerama","description":"muebles de jard\u00edn","publisher":{"@id":"https:\/\/keramamueblesdejardin.com\/de\/#organization"},"potentialAction":[{"@type":"SearchAction","target":{"@type":"EntryPoint","urlTemplate":"https:\/\/keramamueblesdejardin.com\/de\/?s={search_term_string}"},"query-input":{"@type":"PropertyValueSpecification","valueRequired":true,"valueName":"search_term_string"}}],"inLanguage":"de"},{"@type":"Organization","@id":"https:\/\/keramamueblesdejardin.com\/de\/#organization","name":"kerama","url":"https:\/\/keramamueblesdejardin.com\/de\/","logo":{"@type":"ImageObject","inLanguage":"de","@id":"https:\/\/keramamueblesdejardin.com\/de\/#\/schema\/logo\/image\/","url":"https:\/\/keramamueblesdejardin.com\/wp-content\/uploads\/2020\/12\/k.-scaled.jpg","contentUrl":"https:\/\/keramamueblesdejardin.com\/wp-content\/uploads\/2020\/12\/k.-scaled.jpg","width":2560,"height":551,"caption":"kerama"},"image":{"@id":"https:\/\/keramamueblesdejardin.com\/de\/#\/schema\/logo\/image\/"},"sameAs":["https:\/\/www.facebook.com\/Kerama-Muebles-de-Jard\u00edn-106209328312568\/"]}]}},"df_price":39,"df_sale_price":39,"df_regular_price":51,"df_image_link":"https:\/\/keramamueblesdejardin.com\/wp-content\/uploads\/2022\/03\/IMG_7749-225x300.jpg","custom_tabs":"","_links":{"self":[{"href":"https:\/\/keramamueblesdejardin.com\/de\/wp-json\/wp\/v2\/product\/118946","targetHints":{"allow":["GET"]}}],"collection":[{"href":"https:\/\/keramamueblesdejardin.com\/de\/wp-json\/wp\/v2\/product"}],"about":[{"href":"https:\/\/keramamueblesdejardin.com\/de\/wp-json\/wp\/v2\/types\/product"}],"replies":[{"embeddable":true,"href":"https:\/\/keramamueblesdejardin.com\/de\/wp-json\/wp\/v2\/comments?post=118946"}],"wp:featuredmedia":[{"embeddable":true,"href":"https:\/\/keramamueblesdejardin.com\/de\/wp-json\/wp\/v2\/media\/118947"}],"wp:attachment":[{"href":"https:\/\/keramamueblesdejardin.com\/de\/wp-json\/wp\/v2\/media?parent=118946"}],"wp:term":[{"taxonomy":"product_brand","embeddable":true,"href":"https:\/\/keramamueblesdejardin.com\/de\/wp-json\/wp\/v2\/product_brand?post=118946"},{"taxonomy":"product_cat","embeddable":true,"href":"https:\/\/keramamueblesdejardin.com\/de\/wp-json\/wp\/v2\/product_cat?post=118946"},{"taxonomy":"product_tag","embeddable":true,"href":"https:\/\/keramamueblesdejardin.com\/de\/wp-json\/wp\/v2\/product_tag?post=118946"}],"curies":[{"name":"wp","href":"https:\/\/api.w.org\/{rel}","templated":true}]}}