{"id":118738,"date":"2022-04-27T10:56:02","date_gmt":"2022-04-27T08:56:02","guid":{"rendered":"https:\/\/keramamueblesdejardin.com\/uncategorized\/palettenkissen-untergestell-rueckenlehne-2-dekorativ-prasel-beige\/"},"modified":"2023-08-30T09:34:57","modified_gmt":"2023-08-30T07:34:57","slug":"kissen-fur-paletten-untergestell-ruckenlehne-2-dekorativ-prasel-beige","status":"publish","type":"product","link":"https:\/\/keramamueblesdejardin.com\/de\/exterieur-zubehor\/kissen-fur-den-ausenbereich\/kissen-fur-paletten-untergestell-ruckenlehne-2-dekorativ-prasel-beige\/","title":{"rendered":"Palettenkissen Untergestell + R\u00fcckenlehne + 2 dekorativ &#8211; Prasel Beige"},"content":{"rendered":"<p>Set aus abnehmbaren und waschbaren Palettenkissen, bestehend aus einem Sitzkissen, einem R\u00fcckenkissen und zwei dekorativen Kissen.<\/p>\n","protected":false},"excerpt":{"rendered":"<ul>\n<li style=\"list-style-type: none;\">\n<ul>\n<li>Kissenset f\u00fcr die beige Palette<\/li>\n<\/ul>\n<\/li>\n<\/ul>\n<ul>\n<li style=\"list-style-type: none;\">\n<ul>\n<li>Abnehmbare und waschbare Kissen<\/li>\n<\/ul>\n<\/li>\n<\/ul>\n<ul>\n<li style=\"list-style-type: none;\">\n<ul>\n<li>Inklusive R\u00fcckenkissen, Sitzkissen und 2 dekorativen<\/li>\n<\/ul>\n<\/li>\n<\/ul>\n","protected":false},"featured_media":118742,"comment_status":"closed","ping_status":"closed","template":"","meta":{"_acf_changed":false},"product_brand":[],"product_cat":[3271,3270],"product_tag":[],"class_list":{"0":"post-118738","1":"product","2":"type-product","3":"status-publish","4":"has-post-thumbnail","6":"product_cat-exterieur-zubehor","7":"product_cat-kissen-fur-den-ausenbereich","8":"product_shipping_class-envio-gratuito-de","9":"pa_coleccion-prasel-de","10":"pa_material-stoff","12":"first","13":"instock","14":"sale","15":"purchasable","16":"product-type-simple","17":"add-to-wishlist-before_image"},"acf":[],"yoast_head":"<!-- This site is optimized with the Yoast SEO plugin v27.2 - https:\/\/yoast.com\/product\/yoast-seo-wordpress\/ -->\n<title>Palettenkissen Untergestell + R\u00fcckenlehne + 2 dekorativ - Prasel Beige - Kerama<\/title>\n<meta name=\"robots\" content=\"index, follow, max-snippet:-1, max-image-preview:large, max-video-preview:-1\" \/>\n<link rel=\"canonical\" href=\"https:\/\/keramamueblesdejardin.com\/de\/exterieur-zubehor\/kissen-fur-den-ausenbereich\/kissen-fur-paletten-untergestell-ruckenlehne-2-dekorativ-prasel-beige\/\" \/>\n<meta property=\"og:locale\" content=\"de_DE\" \/>\n<meta property=\"og:type\" content=\"article\" \/>\n<meta property=\"og:title\" content=\"Palettenkissen Untergestell + R\u00fcckenlehne + 2 dekorativ - Prasel Beige - Kerama\" \/>\n<meta property=\"og:description\" content=\"Kissenset f\u00fcr die beige Palette      Abnehmbare und waschbare Kissen      Inklusive R\u00fcckenkissen, Sitzkissen und 2 dekorativen\" \/>\n<meta property=\"og:url\" content=\"https:\/\/keramamueblesdejardin.com\/de\/exterieur-zubehor\/kissen-fur-den-ausenbereich\/kissen-fur-paletten-untergestell-ruckenlehne-2-dekorativ-prasel-beige\/\" \/>\n<meta property=\"og:site_name\" content=\"Kerama\" \/>\n<meta property=\"article:publisher\" content=\"https:\/\/www.facebook.com\/Kerama-Muebles-de-Jard%c3%adn-106209328312568\/\" \/>\n<meta property=\"article:modified_time\" content=\"2023-08-30T07:34:57+00:00\" \/>\n<meta property=\"og:image\" content=\"https:\/\/keramamueblesdejardin.com\/wp-content\/uploads\/2022\/04\/MG_6867-reco-scaled.jpg\" \/>\n\t<meta property=\"og:image:width\" content=\"2560\" \/>\n\t<meta property=\"og:image:height\" content=\"1707\" \/>\n\t<meta property=\"og:image:type\" content=\"image\/jpeg\" \/>\n<meta name=\"twitter:card\" content=\"summary_large_image\" \/>\n<script type=\"application\/ld+json\" class=\"yoast-schema-graph\">{\"@context\":\"https:\/\/schema.org\",\"@graph\":[{\"@type\":\"WebPage\",\"@id\":\"https:\/\/keramamueblesdejardin.com\/de\/exterieur-zubehor\/kissen-fur-den-ausenbereich\/kissen-fur-paletten-untergestell-ruckenlehne-2-dekorativ-prasel-beige\/\",\"url\":\"https:\/\/keramamueblesdejardin.com\/de\/exterieur-zubehor\/kissen-fur-den-ausenbereich\/kissen-fur-paletten-untergestell-ruckenlehne-2-dekorativ-prasel-beige\/\",\"name\":\"Palettenkissen Untergestell + R\u00fcckenlehne + 2 dekorativ - Prasel Beige - Kerama\",\"isPartOf\":{\"@id\":\"https:\/\/keramamueblesdejardin.com\/de\/#website\"},\"primaryImageOfPage\":{\"@id\":\"https:\/\/keramamueblesdejardin.com\/de\/exterieur-zubehor\/kissen-fur-den-ausenbereich\/kissen-fur-paletten-untergestell-ruckenlehne-2-dekorativ-prasel-beige\/#primaryimage\"},\"image\":{\"@id\":\"https:\/\/keramamueblesdejardin.com\/de\/exterieur-zubehor\/kissen-fur-den-ausenbereich\/kissen-fur-paletten-untergestell-ruckenlehne-2-dekorativ-prasel-beige\/#primaryimage\"},\"thumbnailUrl\":\"https:\/\/keramamueblesdejardin.com\/wp-content\/uploads\/2022\/04\/MG_6867-reco-scaled.jpg\",\"datePublished\":\"2022-04-27T08:56:02+00:00\",\"dateModified\":\"2023-08-30T07:34:57+00:00\",\"breadcrumb\":{\"@id\":\"https:\/\/keramamueblesdejardin.com\/de\/exterieur-zubehor\/kissen-fur-den-ausenbereich\/kissen-fur-paletten-untergestell-ruckenlehne-2-dekorativ-prasel-beige\/#breadcrumb\"},\"inLanguage\":\"de\",\"potentialAction\":[{\"@type\":\"ReadAction\",\"target\":[\"https:\/\/keramamueblesdejardin.com\/de\/exterieur-zubehor\/kissen-fur-den-ausenbereich\/kissen-fur-paletten-untergestell-ruckenlehne-2-dekorativ-prasel-beige\/\"]}]},{\"@type\":\"ImageObject\",\"inLanguage\":\"de\",\"@id\":\"https:\/\/keramamueblesdejardin.com\/de\/exterieur-zubehor\/kissen-fur-den-ausenbereich\/kissen-fur-paletten-untergestell-ruckenlehne-2-dekorativ-prasel-beige\/#primaryimage\",\"url\":\"https:\/\/keramamueblesdejardin.com\/wp-content\/uploads\/2022\/04\/MG_6867-reco-scaled.jpg\",\"contentUrl\":\"https:\/\/keramamueblesdejardin.com\/wp-content\/uploads\/2022\/04\/MG_6867-reco-scaled.jpg\",\"width\":2560,\"height\":1707},{\"@type\":\"BreadcrumbList\",\"@id\":\"https:\/\/keramamueblesdejardin.com\/de\/exterieur-zubehor\/kissen-fur-den-ausenbereich\/kissen-fur-paletten-untergestell-ruckenlehne-2-dekorativ-prasel-beige\/#breadcrumb\",\"itemListElement\":[{\"@type\":\"ListItem\",\"position\":1,\"name\":\"Home\",\"item\":\"https:\/\/keramamueblesdejardin.com\/de\/\"},{\"@type\":\"ListItem\",\"position\":2,\"name\":\"Laden\",\"item\":\"https:\/\/keramamueblesdejardin.com\/de\/laden\/\"},{\"@type\":\"ListItem\",\"position\":3,\"name\":\"Exterieur-Zubeh\u00f6r\",\"item\":\"https:\/\/keramamueblesdejardin.com\/de\/exterieur-zubehor\/\"},{\"@type\":\"ListItem\",\"position\":4,\"name\":\"Kissen f\u00fcr den Au\u00dfenbereich\",\"item\":\"https:\/\/keramamueblesdejardin.com\/de\/exterieur-zubehor\/kissen-fur-den-ausenbereich\/\"},{\"@type\":\"ListItem\",\"position\":5,\"name\":\"Palettenkissen Untergestell + R\u00fcckenlehne + 2 dekorativ &#8211; Prasel Beige\"}]},{\"@type\":\"WebSite\",\"@id\":\"https:\/\/keramamueblesdejardin.com\/de\/#website\",\"url\":\"https:\/\/keramamueblesdejardin.com\/de\/\",\"name\":\"Kerama\",\"description\":\"muebles de jard\u00edn\",\"publisher\":{\"@id\":\"https:\/\/keramamueblesdejardin.com\/de\/#organization\"},\"potentialAction\":[{\"@type\":\"SearchAction\",\"target\":{\"@type\":\"EntryPoint\",\"urlTemplate\":\"https:\/\/keramamueblesdejardin.com\/de\/?s={search_term_string}\"},\"query-input\":{\"@type\":\"PropertyValueSpecification\",\"valueRequired\":true,\"valueName\":\"search_term_string\"}}],\"inLanguage\":\"de\"},{\"@type\":\"Organization\",\"@id\":\"https:\/\/keramamueblesdejardin.com\/de\/#organization\",\"name\":\"kerama\",\"url\":\"https:\/\/keramamueblesdejardin.com\/de\/\",\"logo\":{\"@type\":\"ImageObject\",\"inLanguage\":\"de\",\"@id\":\"https:\/\/keramamueblesdejardin.com\/de\/#\/schema\/logo\/image\/\",\"url\":\"https:\/\/keramamueblesdejardin.com\/wp-content\/uploads\/2020\/12\/k.-scaled.jpg\",\"contentUrl\":\"https:\/\/keramamueblesdejardin.com\/wp-content\/uploads\/2020\/12\/k.-scaled.jpg\",\"width\":2560,\"height\":551,\"caption\":\"kerama\"},\"image\":{\"@id\":\"https:\/\/keramamueblesdejardin.com\/de\/#\/schema\/logo\/image\/\"},\"sameAs\":[\"https:\/\/www.facebook.com\/Kerama-Muebles-de-Jard\u00edn-106209328312568\/\"]}]}<\/script>\n<!-- \/ Yoast SEO plugin. -->","yoast_head_json":{"title":"Palettenkissen Untergestell + R\u00fcckenlehne + 2 dekorativ - Prasel Beige - Kerama","robots":{"index":"index","follow":"follow","max-snippet":"max-snippet:-1","max-image-preview":"max-image-preview:large","max-video-preview":"max-video-preview:-1"},"canonical":"https:\/\/keramamueblesdejardin.com\/de\/exterieur-zubehor\/kissen-fur-den-ausenbereich\/kissen-fur-paletten-untergestell-ruckenlehne-2-dekorativ-prasel-beige\/","og_locale":"de_DE","og_type":"article","og_title":"Palettenkissen Untergestell + R\u00fcckenlehne + 2 dekorativ - Prasel Beige - Kerama","og_description":"Kissenset f\u00fcr die beige Palette      Abnehmbare und waschbare Kissen      Inklusive R\u00fcckenkissen, Sitzkissen und 2 dekorativen","og_url":"https:\/\/keramamueblesdejardin.com\/de\/exterieur-zubehor\/kissen-fur-den-ausenbereich\/kissen-fur-paletten-untergestell-ruckenlehne-2-dekorativ-prasel-beige\/","og_site_name":"Kerama","article_publisher":"https:\/\/www.facebook.com\/Kerama-Muebles-de-Jard%c3%adn-106209328312568\/","article_modified_time":"2023-08-30T07:34:57+00:00","og_image":[{"width":2560,"height":1707,"url":"https:\/\/keramamueblesdejardin.com\/wp-content\/uploads\/2022\/04\/MG_6867-reco-scaled.jpg","type":"image\/jpeg"}],"twitter_card":"summary_large_image","schema":{"@context":"https:\/\/schema.org","@graph":[{"@type":"WebPage","@id":"https:\/\/keramamueblesdejardin.com\/de\/exterieur-zubehor\/kissen-fur-den-ausenbereich\/kissen-fur-paletten-untergestell-ruckenlehne-2-dekorativ-prasel-beige\/","url":"https:\/\/keramamueblesdejardin.com\/de\/exterieur-zubehor\/kissen-fur-den-ausenbereich\/kissen-fur-paletten-untergestell-ruckenlehne-2-dekorativ-prasel-beige\/","name":"Palettenkissen Untergestell + R\u00fcckenlehne + 2 dekorativ - Prasel Beige - Kerama","isPartOf":{"@id":"https:\/\/keramamueblesdejardin.com\/de\/#website"},"primaryImageOfPage":{"@id":"https:\/\/keramamueblesdejardin.com\/de\/exterieur-zubehor\/kissen-fur-den-ausenbereich\/kissen-fur-paletten-untergestell-ruckenlehne-2-dekorativ-prasel-beige\/#primaryimage"},"image":{"@id":"https:\/\/keramamueblesdejardin.com\/de\/exterieur-zubehor\/kissen-fur-den-ausenbereich\/kissen-fur-paletten-untergestell-ruckenlehne-2-dekorativ-prasel-beige\/#primaryimage"},"thumbnailUrl":"https:\/\/keramamueblesdejardin.com\/wp-content\/uploads\/2022\/04\/MG_6867-reco-scaled.jpg","datePublished":"2022-04-27T08:56:02+00:00","dateModified":"2023-08-30T07:34:57+00:00","breadcrumb":{"@id":"https:\/\/keramamueblesdejardin.com\/de\/exterieur-zubehor\/kissen-fur-den-ausenbereich\/kissen-fur-paletten-untergestell-ruckenlehne-2-dekorativ-prasel-beige\/#breadcrumb"},"inLanguage":"de","potentialAction":[{"@type":"ReadAction","target":["https:\/\/keramamueblesdejardin.com\/de\/exterieur-zubehor\/kissen-fur-den-ausenbereich\/kissen-fur-paletten-untergestell-ruckenlehne-2-dekorativ-prasel-beige\/"]}]},{"@type":"ImageObject","inLanguage":"de","@id":"https:\/\/keramamueblesdejardin.com\/de\/exterieur-zubehor\/kissen-fur-den-ausenbereich\/kissen-fur-paletten-untergestell-ruckenlehne-2-dekorativ-prasel-beige\/#primaryimage","url":"https:\/\/keramamueblesdejardin.com\/wp-content\/uploads\/2022\/04\/MG_6867-reco-scaled.jpg","contentUrl":"https:\/\/keramamueblesdejardin.com\/wp-content\/uploads\/2022\/04\/MG_6867-reco-scaled.jpg","width":2560,"height":1707},{"@type":"BreadcrumbList","@id":"https:\/\/keramamueblesdejardin.com\/de\/exterieur-zubehor\/kissen-fur-den-ausenbereich\/kissen-fur-paletten-untergestell-ruckenlehne-2-dekorativ-prasel-beige\/#breadcrumb","itemListElement":[{"@type":"ListItem","position":1,"name":"Home","item":"https:\/\/keramamueblesdejardin.com\/de\/"},{"@type":"ListItem","position":2,"name":"Laden","item":"https:\/\/keramamueblesdejardin.com\/de\/laden\/"},{"@type":"ListItem","position":3,"name":"Exterieur-Zubeh\u00f6r","item":"https:\/\/keramamueblesdejardin.com\/de\/exterieur-zubehor\/"},{"@type":"ListItem","position":4,"name":"Kissen f\u00fcr den Au\u00dfenbereich","item":"https:\/\/keramamueblesdejardin.com\/de\/exterieur-zubehor\/kissen-fur-den-ausenbereich\/"},{"@type":"ListItem","position":5,"name":"Palettenkissen Untergestell + R\u00fcckenlehne + 2 dekorativ &#8211; Prasel Beige"}]},{"@type":"WebSite","@id":"https:\/\/keramamueblesdejardin.com\/de\/#website","url":"https:\/\/keramamueblesdejardin.com\/de\/","name":"Kerama","description":"muebles de jard\u00edn","publisher":{"@id":"https:\/\/keramamueblesdejardin.com\/de\/#organization"},"potentialAction":[{"@type":"SearchAction","target":{"@type":"EntryPoint","urlTemplate":"https:\/\/keramamueblesdejardin.com\/de\/?s={search_term_string}"},"query-input":{"@type":"PropertyValueSpecification","valueRequired":true,"valueName":"search_term_string"}}],"inLanguage":"de"},{"@type":"Organization","@id":"https:\/\/keramamueblesdejardin.com\/de\/#organization","name":"kerama","url":"https:\/\/keramamueblesdejardin.com\/de\/","logo":{"@type":"ImageObject","inLanguage":"de","@id":"https:\/\/keramamueblesdejardin.com\/de\/#\/schema\/logo\/image\/","url":"https:\/\/keramamueblesdejardin.com\/wp-content\/uploads\/2020\/12\/k.-scaled.jpg","contentUrl":"https:\/\/keramamueblesdejardin.com\/wp-content\/uploads\/2020\/12\/k.-scaled.jpg","width":2560,"height":551,"caption":"kerama"},"image":{"@id":"https:\/\/keramamueblesdejardin.com\/de\/#\/schema\/logo\/image\/"},"sameAs":["https:\/\/www.facebook.com\/Kerama-Muebles-de-Jard\u00edn-106209328312568\/"]}]}},"df_price":199,"df_sale_price":199,"df_regular_price":241,"df_image_link":"https:\/\/keramamueblesdejardin.com\/wp-content\/uploads\/2022\/04\/MG_6867-reco-300x200.jpg","custom_tabs":"","_links":{"self":[{"href":"https:\/\/keramamueblesdejardin.com\/de\/wp-json\/wp\/v2\/product\/118738","targetHints":{"allow":["GET"]}}],"collection":[{"href":"https:\/\/keramamueblesdejardin.com\/de\/wp-json\/wp\/v2\/product"}],"about":[{"href":"https:\/\/keramamueblesdejardin.com\/de\/wp-json\/wp\/v2\/types\/product"}],"replies":[{"embeddable":true,"href":"https:\/\/keramamueblesdejardin.com\/de\/wp-json\/wp\/v2\/comments?post=118738"}],"wp:featuredmedia":[{"embeddable":true,"href":"https:\/\/keramamueblesdejardin.com\/de\/wp-json\/wp\/v2\/media\/118742"}],"wp:attachment":[{"href":"https:\/\/keramamueblesdejardin.com\/de\/wp-json\/wp\/v2\/media?parent=118738"}],"wp:term":[{"taxonomy":"product_brand","embeddable":true,"href":"https:\/\/keramamueblesdejardin.com\/de\/wp-json\/wp\/v2\/product_brand?post=118738"},{"taxonomy":"product_cat","embeddable":true,"href":"https:\/\/keramamueblesdejardin.com\/de\/wp-json\/wp\/v2\/product_cat?post=118738"},{"taxonomy":"product_tag","embeddable":true,"href":"https:\/\/keramamueblesdejardin.com\/de\/wp-json\/wp\/v2\/product_tag?post=118738"}],"curies":[{"name":"wp","href":"https:\/\/api.w.org\/{rel}","templated":true}]}}