{"id":118636,"date":"2022-08-03T13:22:18","date_gmt":"2022-08-03T11:22:18","guid":{"rendered":"https:\/\/keramamueblesdejardin.com\/uncategorized\/stoffersatz-fuer-abgehaengten-exzenterschirm-300cm-rund-hellgrau-sonnig\/"},"modified":"2024-11-04T13:55:57","modified_gmt":"2024-11-04T12:55:57","slug":"stoff-ersatz-fur-exzenter-sonnenschirm-300cm-rund-hellgrau-sonnig","status":"publish","type":"product","link":"https:\/\/keramamueblesdejardin.com\/de\/sonnenschirme-und-pergolen\/textile-ersatzteile\/stoff-ersatz-fur-exzenter-sonnenschirm-300cm-rund-hellgrau-sonnig\/","title":{"rendered":"Stoffersatz f\u00fcr abgeh\u00e4ngten Exzenterschirm 300cm rund Hellgrau &#8211; Sonnig"},"content":{"rendered":"<p>Ersatzstoff f\u00fcr Sonnenschirm 300cm rund Hellgrau 100% Polyester 235g mit Teflonado Finish. Einfache Montage und UV-best\u00e4ndig. G\u00fcltig f\u00fcr 8-Ruten-Sonnenschirme<\/p>\n","protected":false},"excerpt":{"rendered":"<ul>\n<li style=\"list-style-type: none;\">\n<ul>n<\/p>\n<li>Stoffersatz f\u00fcr H\u00e4ngeschirm 300cm rund<\/li>\n<\/ul>\n<\/li>\n<\/ul>\n<p>n<\/p>\n<ul>\n<li style=\"list-style-type: none;\">\n<ul>\n<li>UV-best\u00e4ndiges hellgraues Gewebe<\/li>\n<\/ul>\n<\/li>\n<\/ul>\n<p>n<\/p>\n<ul>\n<li style=\"list-style-type: none;\">\n<ul>\n<li>100% Polyester 235g mit Teflon-Finish<\/li>\n<\/ul>\n<\/li>\n<\/ul>\n<p>n<\/p>\n<ul>\n<li style=\"list-style-type: none;\">\n<ul>\n<li>G\u00fcltig f\u00fcr 8-Ruten-Sonnenschirme<\/li>\n<\/ul>\n<\/li>\n<\/ul>\n<p>n<\/p>\n","protected":false},"featured_media":118638,"comment_status":"closed","ping_status":"closed","template":"","meta":{"_acf_changed":false},"product_brand":[],"product_cat":[3297,3461],"product_tag":[3242,3305],"class_list":{"0":"post-118636","1":"product","2":"type-product","3":"status-publish","4":"has-post-thumbnail","6":"product_cat-sonnenschirme-und-pergolen","7":"product_cat-textile-ersatzteile","8":"product_tag-grose-raume","9":"product_tag-sonnig","10":"product_shipping_class-envio-gratuito-de","11":"pa_coleccion-sonnig","12":"pa_forma-rund","13":"pa_material-polyester","15":"first","16":"instock","17":"sale","18":"purchasable","19":"product-type-simple","20":"add-to-wishlist-before_image"},"acf":[],"yoast_head":"<!-- This site is optimized with the Yoast SEO plugin v27.2 - https:\/\/yoast.com\/product\/yoast-seo-wordpress\/ -->\n<title>Stoffersatz f\u00fcr abgeh\u00e4ngten Exzenterschirm 300cm rund Hellgrau - Sonnig - Kerama<\/title>\n<meta name=\"robots\" content=\"index, follow, max-snippet:-1, max-image-preview:large, max-video-preview:-1\" \/>\n<link rel=\"canonical\" href=\"https:\/\/keramamueblesdejardin.com\/de\/sonnenschirme-und-pergolen\/textile-ersatzteile\/stoff-ersatz-fur-exzenter-sonnenschirm-300cm-rund-hellgrau-sonnig\/\" \/>\n<meta property=\"og:locale\" content=\"de_DE\" \/>\n<meta property=\"og:type\" content=\"article\" \/>\n<meta property=\"og:title\" content=\"Stoffersatz f\u00fcr abgeh\u00e4ngten Exzenterschirm 300cm rund Hellgrau - Sonnig - Kerama\" \/>\n<meta property=\"og:description\" content=\"n  Stoffersatz f\u00fcr H\u00e4ngeschirm 300cm rund  n    UV-best\u00e4ndiges hellgraues Gewebe  n    100% Polyester 235g mit Teflon-Finish  n    G\u00fcltig f\u00fcr 8-Ruten-Sonnenschirme  n\" \/>\n<meta property=\"og:url\" content=\"https:\/\/keramamueblesdejardin.com\/de\/sonnenschirme-und-pergolen\/textile-ersatzteile\/stoff-ersatz-fur-exzenter-sonnenschirm-300cm-rund-hellgrau-sonnig\/\" \/>\n<meta property=\"og:site_name\" content=\"Kerama\" \/>\n<meta property=\"article:publisher\" content=\"https:\/\/www.facebook.com\/Kerama-Muebles-de-Jard%c3%adn-106209328312568\/\" \/>\n<meta property=\"article:modified_time\" content=\"2024-11-04T12:55:57+00:00\" \/>\n<meta property=\"og:image\" content=\"https:\/\/keramamueblesdejardin.com\/wp-content\/uploads\/2022\/03\/L1530789-scaled.jpg\" \/>\n\t<meta property=\"og:image:width\" content=\"2560\" \/>\n\t<meta property=\"og:image:height\" content=\"1707\" \/>\n\t<meta property=\"og:image:type\" content=\"image\/jpeg\" \/>\n<meta name=\"twitter:card\" content=\"summary_large_image\" \/>\n<script type=\"application\/ld+json\" class=\"yoast-schema-graph\">{\"@context\":\"https:\/\/schema.org\",\"@graph\":[{\"@type\":\"WebPage\",\"@id\":\"https:\/\/keramamueblesdejardin.com\/de\/sonnenschirme-und-pergolen\/textile-ersatzteile\/stoff-ersatz-fur-exzenter-sonnenschirm-300cm-rund-hellgrau-sonnig\/\",\"url\":\"https:\/\/keramamueblesdejardin.com\/de\/sonnenschirme-und-pergolen\/textile-ersatzteile\/stoff-ersatz-fur-exzenter-sonnenschirm-300cm-rund-hellgrau-sonnig\/\",\"name\":\"Stoffersatz f\u00fcr abgeh\u00e4ngten Exzenterschirm 300cm rund Hellgrau - Sonnig - Kerama\",\"isPartOf\":{\"@id\":\"https:\/\/keramamueblesdejardin.com\/de\/#website\"},\"primaryImageOfPage\":{\"@id\":\"https:\/\/keramamueblesdejardin.com\/de\/sonnenschirme-und-pergolen\/textile-ersatzteile\/stoff-ersatz-fur-exzenter-sonnenschirm-300cm-rund-hellgrau-sonnig\/#primaryimage\"},\"image\":{\"@id\":\"https:\/\/keramamueblesdejardin.com\/de\/sonnenschirme-und-pergolen\/textile-ersatzteile\/stoff-ersatz-fur-exzenter-sonnenschirm-300cm-rund-hellgrau-sonnig\/#primaryimage\"},\"thumbnailUrl\":\"https:\/\/keramamueblesdejardin.com\/wp-content\/uploads\/2022\/03\/L1530789-scaled.jpg\",\"datePublished\":\"2022-08-03T11:22:18+00:00\",\"dateModified\":\"2024-11-04T12:55:57+00:00\",\"breadcrumb\":{\"@id\":\"https:\/\/keramamueblesdejardin.com\/de\/sonnenschirme-und-pergolen\/textile-ersatzteile\/stoff-ersatz-fur-exzenter-sonnenschirm-300cm-rund-hellgrau-sonnig\/#breadcrumb\"},\"inLanguage\":\"de\",\"potentialAction\":[{\"@type\":\"ReadAction\",\"target\":[\"https:\/\/keramamueblesdejardin.com\/de\/sonnenschirme-und-pergolen\/textile-ersatzteile\/stoff-ersatz-fur-exzenter-sonnenschirm-300cm-rund-hellgrau-sonnig\/\"]}]},{\"@type\":\"ImageObject\",\"inLanguage\":\"de\",\"@id\":\"https:\/\/keramamueblesdejardin.com\/de\/sonnenschirme-und-pergolen\/textile-ersatzteile\/stoff-ersatz-fur-exzenter-sonnenschirm-300cm-rund-hellgrau-sonnig\/#primaryimage\",\"url\":\"https:\/\/keramamueblesdejardin.com\/wp-content\/uploads\/2022\/03\/L1530789-scaled.jpg\",\"contentUrl\":\"https:\/\/keramamueblesdejardin.com\/wp-content\/uploads\/2022\/03\/L1530789-scaled.jpg\",\"width\":2560,\"height\":1707},{\"@type\":\"BreadcrumbList\",\"@id\":\"https:\/\/keramamueblesdejardin.com\/de\/sonnenschirme-und-pergolen\/textile-ersatzteile\/stoff-ersatz-fur-exzenter-sonnenschirm-300cm-rund-hellgrau-sonnig\/#breadcrumb\",\"itemListElement\":[{\"@type\":\"ListItem\",\"position\":1,\"name\":\"Home\",\"item\":\"https:\/\/keramamueblesdejardin.com\/de\/\"},{\"@type\":\"ListItem\",\"position\":2,\"name\":\"Laden\",\"item\":\"https:\/\/keramamueblesdejardin.com\/de\/laden\/\"},{\"@type\":\"ListItem\",\"position\":3,\"name\":\"Sonnenschirme und Pergolen\",\"item\":\"https:\/\/keramamueblesdejardin.com\/de\/sonnenschirme-und-pergolen\/\"},{\"@type\":\"ListItem\",\"position\":4,\"name\":\"Textile Ersatzteile\",\"item\":\"https:\/\/keramamueblesdejardin.com\/de\/sonnenschirme-und-pergolen\/textile-ersatzteile\/\"},{\"@type\":\"ListItem\",\"position\":5,\"name\":\"Stoffersatz f\u00fcr abgeh\u00e4ngten Exzenterschirm 300cm rund Hellgrau &#8211; Sonnig\"}]},{\"@type\":\"WebSite\",\"@id\":\"https:\/\/keramamueblesdejardin.com\/de\/#website\",\"url\":\"https:\/\/keramamueblesdejardin.com\/de\/\",\"name\":\"Kerama\",\"description\":\"muebles de jard\u00edn\",\"publisher\":{\"@id\":\"https:\/\/keramamueblesdejardin.com\/de\/#organization\"},\"potentialAction\":[{\"@type\":\"SearchAction\",\"target\":{\"@type\":\"EntryPoint\",\"urlTemplate\":\"https:\/\/keramamueblesdejardin.com\/de\/?s={search_term_string}\"},\"query-input\":{\"@type\":\"PropertyValueSpecification\",\"valueRequired\":true,\"valueName\":\"search_term_string\"}}],\"inLanguage\":\"de\"},{\"@type\":\"Organization\",\"@id\":\"https:\/\/keramamueblesdejardin.com\/de\/#organization\",\"name\":\"kerama\",\"url\":\"https:\/\/keramamueblesdejardin.com\/de\/\",\"logo\":{\"@type\":\"ImageObject\",\"inLanguage\":\"de\",\"@id\":\"https:\/\/keramamueblesdejardin.com\/de\/#\/schema\/logo\/image\/\",\"url\":\"https:\/\/keramamueblesdejardin.com\/wp-content\/uploads\/2020\/12\/k.-scaled.jpg\",\"contentUrl\":\"https:\/\/keramamueblesdejardin.com\/wp-content\/uploads\/2020\/12\/k.-scaled.jpg\",\"width\":2560,\"height\":551,\"caption\":\"kerama\"},\"image\":{\"@id\":\"https:\/\/keramamueblesdejardin.com\/de\/#\/schema\/logo\/image\/\"},\"sameAs\":[\"https:\/\/www.facebook.com\/Kerama-Muebles-de-Jard\u00edn-106209328312568\/\"]}]}<\/script>\n<!-- \/ Yoast SEO plugin. -->","yoast_head_json":{"title":"Stoffersatz f\u00fcr abgeh\u00e4ngten Exzenterschirm 300cm rund Hellgrau - Sonnig - Kerama","robots":{"index":"index","follow":"follow","max-snippet":"max-snippet:-1","max-image-preview":"max-image-preview:large","max-video-preview":"max-video-preview:-1"},"canonical":"https:\/\/keramamueblesdejardin.com\/de\/sonnenschirme-und-pergolen\/textile-ersatzteile\/stoff-ersatz-fur-exzenter-sonnenschirm-300cm-rund-hellgrau-sonnig\/","og_locale":"de_DE","og_type":"article","og_title":"Stoffersatz f\u00fcr abgeh\u00e4ngten Exzenterschirm 300cm rund Hellgrau - Sonnig - Kerama","og_description":"n  Stoffersatz f\u00fcr H\u00e4ngeschirm 300cm rund  n    UV-best\u00e4ndiges hellgraues Gewebe  n    100% Polyester 235g mit Teflon-Finish  n    G\u00fcltig f\u00fcr 8-Ruten-Sonnenschirme  n","og_url":"https:\/\/keramamueblesdejardin.com\/de\/sonnenschirme-und-pergolen\/textile-ersatzteile\/stoff-ersatz-fur-exzenter-sonnenschirm-300cm-rund-hellgrau-sonnig\/","og_site_name":"Kerama","article_publisher":"https:\/\/www.facebook.com\/Kerama-Muebles-de-Jard%c3%adn-106209328312568\/","article_modified_time":"2024-11-04T12:55:57+00:00","og_image":[{"width":2560,"height":1707,"url":"https:\/\/keramamueblesdejardin.com\/wp-content\/uploads\/2022\/03\/L1530789-scaled.jpg","type":"image\/jpeg"}],"twitter_card":"summary_large_image","schema":{"@context":"https:\/\/schema.org","@graph":[{"@type":"WebPage","@id":"https:\/\/keramamueblesdejardin.com\/de\/sonnenschirme-und-pergolen\/textile-ersatzteile\/stoff-ersatz-fur-exzenter-sonnenschirm-300cm-rund-hellgrau-sonnig\/","url":"https:\/\/keramamueblesdejardin.com\/de\/sonnenschirme-und-pergolen\/textile-ersatzteile\/stoff-ersatz-fur-exzenter-sonnenschirm-300cm-rund-hellgrau-sonnig\/","name":"Stoffersatz f\u00fcr abgeh\u00e4ngten Exzenterschirm 300cm rund Hellgrau - Sonnig - Kerama","isPartOf":{"@id":"https:\/\/keramamueblesdejardin.com\/de\/#website"},"primaryImageOfPage":{"@id":"https:\/\/keramamueblesdejardin.com\/de\/sonnenschirme-und-pergolen\/textile-ersatzteile\/stoff-ersatz-fur-exzenter-sonnenschirm-300cm-rund-hellgrau-sonnig\/#primaryimage"},"image":{"@id":"https:\/\/keramamueblesdejardin.com\/de\/sonnenschirme-und-pergolen\/textile-ersatzteile\/stoff-ersatz-fur-exzenter-sonnenschirm-300cm-rund-hellgrau-sonnig\/#primaryimage"},"thumbnailUrl":"https:\/\/keramamueblesdejardin.com\/wp-content\/uploads\/2022\/03\/L1530789-scaled.jpg","datePublished":"2022-08-03T11:22:18+00:00","dateModified":"2024-11-04T12:55:57+00:00","breadcrumb":{"@id":"https:\/\/keramamueblesdejardin.com\/de\/sonnenschirme-und-pergolen\/textile-ersatzteile\/stoff-ersatz-fur-exzenter-sonnenschirm-300cm-rund-hellgrau-sonnig\/#breadcrumb"},"inLanguage":"de","potentialAction":[{"@type":"ReadAction","target":["https:\/\/keramamueblesdejardin.com\/de\/sonnenschirme-und-pergolen\/textile-ersatzteile\/stoff-ersatz-fur-exzenter-sonnenschirm-300cm-rund-hellgrau-sonnig\/"]}]},{"@type":"ImageObject","inLanguage":"de","@id":"https:\/\/keramamueblesdejardin.com\/de\/sonnenschirme-und-pergolen\/textile-ersatzteile\/stoff-ersatz-fur-exzenter-sonnenschirm-300cm-rund-hellgrau-sonnig\/#primaryimage","url":"https:\/\/keramamueblesdejardin.com\/wp-content\/uploads\/2022\/03\/L1530789-scaled.jpg","contentUrl":"https:\/\/keramamueblesdejardin.com\/wp-content\/uploads\/2022\/03\/L1530789-scaled.jpg","width":2560,"height":1707},{"@type":"BreadcrumbList","@id":"https:\/\/keramamueblesdejardin.com\/de\/sonnenschirme-und-pergolen\/textile-ersatzteile\/stoff-ersatz-fur-exzenter-sonnenschirm-300cm-rund-hellgrau-sonnig\/#breadcrumb","itemListElement":[{"@type":"ListItem","position":1,"name":"Home","item":"https:\/\/keramamueblesdejardin.com\/de\/"},{"@type":"ListItem","position":2,"name":"Laden","item":"https:\/\/keramamueblesdejardin.com\/de\/laden\/"},{"@type":"ListItem","position":3,"name":"Sonnenschirme und Pergolen","item":"https:\/\/keramamueblesdejardin.com\/de\/sonnenschirme-und-pergolen\/"},{"@type":"ListItem","position":4,"name":"Textile Ersatzteile","item":"https:\/\/keramamueblesdejardin.com\/de\/sonnenschirme-und-pergolen\/textile-ersatzteile\/"},{"@type":"ListItem","position":5,"name":"Stoffersatz f\u00fcr abgeh\u00e4ngten Exzenterschirm 300cm rund Hellgrau &#8211; Sonnig"}]},{"@type":"WebSite","@id":"https:\/\/keramamueblesdejardin.com\/de\/#website","url":"https:\/\/keramamueblesdejardin.com\/de\/","name":"Kerama","description":"muebles de jard\u00edn","publisher":{"@id":"https:\/\/keramamueblesdejardin.com\/de\/#organization"},"potentialAction":[{"@type":"SearchAction","target":{"@type":"EntryPoint","urlTemplate":"https:\/\/keramamueblesdejardin.com\/de\/?s={search_term_string}"},"query-input":{"@type":"PropertyValueSpecification","valueRequired":true,"valueName":"search_term_string"}}],"inLanguage":"de"},{"@type":"Organization","@id":"https:\/\/keramamueblesdejardin.com\/de\/#organization","name":"kerama","url":"https:\/\/keramamueblesdejardin.com\/de\/","logo":{"@type":"ImageObject","inLanguage":"de","@id":"https:\/\/keramamueblesdejardin.com\/de\/#\/schema\/logo\/image\/","url":"https:\/\/keramamueblesdejardin.com\/wp-content\/uploads\/2020\/12\/k.-scaled.jpg","contentUrl":"https:\/\/keramamueblesdejardin.com\/wp-content\/uploads\/2020\/12\/k.-scaled.jpg","width":2560,"height":551,"caption":"kerama"},"image":{"@id":"https:\/\/keramamueblesdejardin.com\/de\/#\/schema\/logo\/image\/"},"sameAs":["https:\/\/www.facebook.com\/Kerama-Muebles-de-Jard\u00edn-106209328312568\/"]}]}},"df_price":99,"df_sale_price":99,"df_regular_price":127,"df_image_link":"https:\/\/keramamueblesdejardin.com\/wp-content\/uploads\/2022\/03\/L1530789-300x200.jpg","custom_tabs":"","_links":{"self":[{"href":"https:\/\/keramamueblesdejardin.com\/de\/wp-json\/wp\/v2\/product\/118636","targetHints":{"allow":["GET"]}}],"collection":[{"href":"https:\/\/keramamueblesdejardin.com\/de\/wp-json\/wp\/v2\/product"}],"about":[{"href":"https:\/\/keramamueblesdejardin.com\/de\/wp-json\/wp\/v2\/types\/product"}],"replies":[{"embeddable":true,"href":"https:\/\/keramamueblesdejardin.com\/de\/wp-json\/wp\/v2\/comments?post=118636"}],"wp:featuredmedia":[{"embeddable":true,"href":"https:\/\/keramamueblesdejardin.com\/de\/wp-json\/wp\/v2\/media\/118638"}],"wp:attachment":[{"href":"https:\/\/keramamueblesdejardin.com\/de\/wp-json\/wp\/v2\/media?parent=118636"}],"wp:term":[{"taxonomy":"product_brand","embeddable":true,"href":"https:\/\/keramamueblesdejardin.com\/de\/wp-json\/wp\/v2\/product_brand?post=118636"},{"taxonomy":"product_cat","embeddable":true,"href":"https:\/\/keramamueblesdejardin.com\/de\/wp-json\/wp\/v2\/product_cat?post=118636"},{"taxonomy":"product_tag","embeddable":true,"href":"https:\/\/keramamueblesdejardin.com\/de\/wp-json\/wp\/v2\/product_tag?post=118636"}],"curies":[{"name":"wp","href":"https:\/\/api.w.org\/{rel}","templated":true}]}}