{"id":118606,"date":"2022-07-22T10:02:34","date_gmt":"2022-07-22T08:02:34","guid":{"rendered":"https:\/\/keramamueblesdejardin.com\/uncategorized\/sonnenschirm-haengestruktur-nachahmung-heller-holzstoff-taupe-3x3m-mailand\/"},"modified":"2025-03-07T12:43:29","modified_gmt":"2025-03-07T11:43:29","slug":"sonnenschirm-aufgehangte-struktur-holzimitat-heller-stoff-taupe-3x3m-mailand","status":"publish","type":"product","link":"https:\/\/keramamueblesdejardin.com\/de\/sonnenschirme-und-pergolen\/sonnenschirme-sonnenschirme-und-pergolen\/sonnenschirm-aufgehangte-struktur-holzimitat-heller-stoff-taupe-3x3m-mailand\/","title":{"rendered":"Sonnenschirm H\u00e4ngestruktur Nachahmung heller Holzstoff Taup\u00e9 3x3m &#8211; Mailand"},"content":{"rendered":"<p>Der Milan 3&#215;3 H\u00e4ngeschirm mit Au\u00dfensch\u00fcrze f\u00fcr Garten oder Terrasse, hat eine sehr robuste Seitenmaststange aus Aluminium, die helles Holz imitiert. Der Stoff hat ein sch\u00f6nes Taupe-Finish, das wasserabweisend und schmutzabweisend ist und auch einen L\u00fcftungskamin enth\u00e4lt.<\/p>\n<p>Es kann um 360 Grad gedreht werden und ist in der H\u00f6he neigbar, wodurch Sie die bequemste Ausrichtung w\u00e4hlen k\u00f6nnen, und verf\u00fcgt \u00fcber eine Kurbel, mit der Sie den Sonnenschirm sehr einfach \u00f6ffnen und schlie\u00dfen k\u00f6nnen.<\/p>\n<p>Der h\u00e4ngende Sonnenschirm Milan hat eine widerstandsf\u00e4hige Struktur mit insgesamt 8 Stangen und ein elegantes Design, die ihn ideal machen, um einen Garten oder eine Terrasse zu bilden, die Sie das ganze Jahr \u00fcber pflegen m\u00f6chten.<\/p>\n<ul>\n<li>Mast und Stangen aus Aluminium<\/li>\n<li>100% Polyestergewebe<\/li>\n<li>Verwendung: im Freien<\/li>\n<li>Maximale H\u00f6he: 2,40 m<\/li>\n<li>360\u00ba Drehung<\/li>\n<li>Kippbar in der H\u00f6he: Ja<\/li>\n<li>Abnehmbar: Ja<\/li>\n<li>Wasserabweisend: Ja<\/li>\n<li>Anti-Flecken; Ja<\/li>\n<li>Stoff mit Kamin: Ja<\/li>\n<li>Mit Rock: Ja<\/li>\n<li>\u00d6ffnen \/ Schlie\u00dfen mit Kurbel: Ja<\/li>\n<li>Artikelgewicht: 25 kg<\/li>\n<li>Mastma\u00df: 53 x 77mm<\/li>\n<li>Stangenma\u00df: 14 x 24mm<\/li>\n<li>Anzahl der Stangen: 8<\/li>\n<li>Erfordert eine Montage mit geringem Schwierigkeitsgrad<\/li>\n<li>Kunststoffd\u00fcbel an den Beinen zum Schutz des Bodens<\/li>\n<\/ul>\n","protected":false},"excerpt":{"rendered":"<p>Der Milan 3&#215;3 H\u00e4ngeschirm mit Au\u00dfensch\u00fcrze f\u00fcr Garten oder Terrasse, hat eine sehr robuste Seitenmaststange aus Aluminium, die helles Holz imitiert. Der Stoff hat ein sch\u00f6nes Taupe-Finish, das wasserabweisend und schmutzabweisend ist und auch einen L\u00fcftungskamin enth\u00e4lt.<\/p>\n<p>Es kann um 360 Grad gedreht werden und ist in der H\u00f6he neigbar, wodurch Sie die bequemste Ausrichtung w\u00e4hlen k\u00f6nnen, und verf\u00fcgt \u00fcber eine Kurbel, mit der Sie den Sonnenschirm sehr einfach \u00f6ffnen und schlie\u00dfen k\u00f6nnen.<\/p>\n<p>Der h\u00e4ngende Sonnenschirm Milan hat eine widerstandsf\u00e4hige Struktur mit insgesamt 8 Stangen und ein elegantes Design, die ihn ideal machen, um einen Garten oder eine Terrasse zu bilden, die Sie das ganze Jahr \u00fcber pflegen m\u00f6chten.<\/p>\n","protected":false},"featured_media":118631,"comment_status":"closed","ping_status":"closed","template":"","meta":{"_acf_changed":false},"product_brand":[],"product_cat":[3304,3297],"product_tag":[3376,3242,3466],"class_list":{"0":"post-118606","1":"product","2":"type-product","3":"status-publish","4":"has-post-thumbnail","6":"product_cat-sonnenschirme-sonnenschirme-und-pergolen","7":"product_cat-sonnenschirme-und-pergolen","8":"product_tag-aluminium-de","9":"product_tag-grose-raume","10":"product_tag-mailand","11":"product_shipping_class-envio-gratuito-de","12":"pa_forma-quadrat","13":"pa_material-aluminium","14":"pa_material-holzimitat","15":"pa_material-polyester","17":"first","18":"instock","19":"sale","20":"purchasable","21":"product-type-simple","22":"add-to-wishlist-before_image"},"acf":[],"yoast_head":"<!-- This site is optimized with the Yoast SEO plugin v27.2 - https:\/\/yoast.com\/product\/yoast-seo-wordpress\/ -->\n<title>Sonnenschirm H\u00e4ngestruktur Nachahmung heller Holzstoff Taup\u00e9 3x3m - Mailand - Kerama<\/title>\n<meta name=\"robots\" content=\"index, follow, max-snippet:-1, max-image-preview:large, max-video-preview:-1\" \/>\n<link rel=\"canonical\" href=\"https:\/\/keramamueblesdejardin.com\/de\/sonnenschirme-und-pergolen\/sonnenschirme-sonnenschirme-und-pergolen\/sonnenschirm-aufgehangte-struktur-holzimitat-heller-stoff-taupe-3x3m-mailand\/\" \/>\n<meta property=\"og:locale\" content=\"de_DE\" \/>\n<meta property=\"og:type\" content=\"article\" \/>\n<meta property=\"og:title\" content=\"Sonnenschirm H\u00e4ngestruktur Nachahmung heller Holzstoff Taup\u00e9 3x3m - Mailand - Kerama\" \/>\n<meta property=\"og:description\" content=\"Der Milan 3x3 H\u00e4ngeschirm mit Au\u00dfensch\u00fcrze f\u00fcr Garten oder Terrasse, hat eine sehr robuste Seitenmaststange aus Aluminium, die helles Holz imitiert. Der Stoff hat ein sch\u00f6nes Taupe-Finish, das wasserabweisend und schmutzabweisend ist und auch einen L\u00fcftungskamin enth\u00e4lt. Es kann um 360 Grad gedreht werden und ist in der H\u00f6he neigbar, wodurch Sie die bequemste Ausrichtung w\u00e4hlen k\u00f6nnen, und verf\u00fcgt \u00fcber eine Kurbel, mit der Sie den Sonnenschirm sehr einfach \u00f6ffnen und schlie\u00dfen k\u00f6nnen. Der h\u00e4ngende Sonnenschirm Milan hat eine widerstandsf\u00e4hige Struktur mit insgesamt 8 Stangen und ein elegantes Design, die ihn ideal machen, um einen Garten oder eine Terrasse zu bilden, die Sie das ganze Jahr \u00fcber pflegen m\u00f6chten.\" \/>\n<meta property=\"og:url\" content=\"https:\/\/keramamueblesdejardin.com\/de\/sonnenschirme-und-pergolen\/sonnenschirme-sonnenschirme-und-pergolen\/sonnenschirm-aufgehangte-struktur-holzimitat-heller-stoff-taupe-3x3m-mailand\/\" \/>\n<meta property=\"og:site_name\" content=\"Kerama\" \/>\n<meta property=\"article:publisher\" content=\"https:\/\/www.facebook.com\/Kerama-Muebles-de-Jard%c3%adn-106209328312568\/\" \/>\n<meta property=\"article:modified_time\" content=\"2025-03-07T11:43:29+00:00\" \/>\n<meta property=\"og:image\" content=\"https:\/\/keramamueblesdejardin.com\/wp-content\/uploads\/2022\/07\/L1550048-scaled.jpg\" \/>\n\t<meta property=\"og:image:width\" content=\"2560\" \/>\n\t<meta property=\"og:image:height\" content=\"1707\" \/>\n\t<meta property=\"og:image:type\" content=\"image\/jpeg\" \/>\n<meta name=\"twitter:card\" content=\"summary_large_image\" \/>\n<meta name=\"twitter:label1\" content=\"Gesch\u00e4tzte Lesezeit\" \/>\n\t<meta name=\"twitter:data1\" content=\"1\u00a0Minute\" \/>\n<script type=\"application\/ld+json\" class=\"yoast-schema-graph\">{\"@context\":\"https:\/\/schema.org\",\"@graph\":[{\"@type\":\"WebPage\",\"@id\":\"https:\/\/keramamueblesdejardin.com\/de\/sonnenschirme-und-pergolen\/sonnenschirme-sonnenschirme-und-pergolen\/sonnenschirm-aufgehangte-struktur-holzimitat-heller-stoff-taupe-3x3m-mailand\/\",\"url\":\"https:\/\/keramamueblesdejardin.com\/de\/sonnenschirme-und-pergolen\/sonnenschirme-sonnenschirme-und-pergolen\/sonnenschirm-aufgehangte-struktur-holzimitat-heller-stoff-taupe-3x3m-mailand\/\",\"name\":\"Sonnenschirm H\u00e4ngestruktur Nachahmung heller Holzstoff Taup\u00e9 3x3m - Mailand - Kerama\",\"isPartOf\":{\"@id\":\"https:\/\/keramamueblesdejardin.com\/de\/#website\"},\"primaryImageOfPage\":{\"@id\":\"https:\/\/keramamueblesdejardin.com\/de\/sonnenschirme-und-pergolen\/sonnenschirme-sonnenschirme-und-pergolen\/sonnenschirm-aufgehangte-struktur-holzimitat-heller-stoff-taupe-3x3m-mailand\/#primaryimage\"},\"image\":{\"@id\":\"https:\/\/keramamueblesdejardin.com\/de\/sonnenschirme-und-pergolen\/sonnenschirme-sonnenschirme-und-pergolen\/sonnenschirm-aufgehangte-struktur-holzimitat-heller-stoff-taupe-3x3m-mailand\/#primaryimage\"},\"thumbnailUrl\":\"https:\/\/keramamueblesdejardin.com\/wp-content\/uploads\/2022\/07\/L1550048-scaled.jpg\",\"datePublished\":\"2022-07-22T08:02:34+00:00\",\"dateModified\":\"2025-03-07T11:43:29+00:00\",\"breadcrumb\":{\"@id\":\"https:\/\/keramamueblesdejardin.com\/de\/sonnenschirme-und-pergolen\/sonnenschirme-sonnenschirme-und-pergolen\/sonnenschirm-aufgehangte-struktur-holzimitat-heller-stoff-taupe-3x3m-mailand\/#breadcrumb\"},\"inLanguage\":\"de\",\"potentialAction\":[{\"@type\":\"ReadAction\",\"target\":[\"https:\/\/keramamueblesdejardin.com\/de\/sonnenschirme-und-pergolen\/sonnenschirme-sonnenschirme-und-pergolen\/sonnenschirm-aufgehangte-struktur-holzimitat-heller-stoff-taupe-3x3m-mailand\/\"]}]},{\"@type\":\"ImageObject\",\"inLanguage\":\"de\",\"@id\":\"https:\/\/keramamueblesdejardin.com\/de\/sonnenschirme-und-pergolen\/sonnenschirme-sonnenschirme-und-pergolen\/sonnenschirm-aufgehangte-struktur-holzimitat-heller-stoff-taupe-3x3m-mailand\/#primaryimage\",\"url\":\"https:\/\/keramamueblesdejardin.com\/wp-content\/uploads\/2022\/07\/L1550048-scaled.jpg\",\"contentUrl\":\"https:\/\/keramamueblesdejardin.com\/wp-content\/uploads\/2022\/07\/L1550048-scaled.jpg\",\"width\":2560,\"height\":1707},{\"@type\":\"BreadcrumbList\",\"@id\":\"https:\/\/keramamueblesdejardin.com\/de\/sonnenschirme-und-pergolen\/sonnenschirme-sonnenschirme-und-pergolen\/sonnenschirm-aufgehangte-struktur-holzimitat-heller-stoff-taupe-3x3m-mailand\/#breadcrumb\",\"itemListElement\":[{\"@type\":\"ListItem\",\"position\":1,\"name\":\"Home\",\"item\":\"https:\/\/keramamueblesdejardin.com\/de\/\"},{\"@type\":\"ListItem\",\"position\":2,\"name\":\"Laden\",\"item\":\"https:\/\/keramamueblesdejardin.com\/de\/laden\/\"},{\"@type\":\"ListItem\",\"position\":3,\"name\":\"Sonnenschirme und Pergolen\",\"item\":\"https:\/\/keramamueblesdejardin.com\/de\/sonnenschirme-und-pergolen\/\"},{\"@type\":\"ListItem\",\"position\":4,\"name\":\"Sonnenschirme\",\"item\":\"https:\/\/keramamueblesdejardin.com\/de\/sonnenschirme-und-pergolen\/sonnenschirme-sonnenschirme-und-pergolen\/\"},{\"@type\":\"ListItem\",\"position\":5,\"name\":\"Sonnenschirm H\u00e4ngestruktur Nachahmung heller Holzstoff Taup\u00e9 3x3m &#8211; Mailand\"}]},{\"@type\":\"WebSite\",\"@id\":\"https:\/\/keramamueblesdejardin.com\/de\/#website\",\"url\":\"https:\/\/keramamueblesdejardin.com\/de\/\",\"name\":\"Kerama\",\"description\":\"muebles de jard\u00edn\",\"publisher\":{\"@id\":\"https:\/\/keramamueblesdejardin.com\/de\/#organization\"},\"potentialAction\":[{\"@type\":\"SearchAction\",\"target\":{\"@type\":\"EntryPoint\",\"urlTemplate\":\"https:\/\/keramamueblesdejardin.com\/de\/?s={search_term_string}\"},\"query-input\":{\"@type\":\"PropertyValueSpecification\",\"valueRequired\":true,\"valueName\":\"search_term_string\"}}],\"inLanguage\":\"de\"},{\"@type\":\"Organization\",\"@id\":\"https:\/\/keramamueblesdejardin.com\/de\/#organization\",\"name\":\"kerama\",\"url\":\"https:\/\/keramamueblesdejardin.com\/de\/\",\"logo\":{\"@type\":\"ImageObject\",\"inLanguage\":\"de\",\"@id\":\"https:\/\/keramamueblesdejardin.com\/de\/#\/schema\/logo\/image\/\",\"url\":\"https:\/\/keramamueblesdejardin.com\/wp-content\/uploads\/2020\/12\/k.-scaled.jpg\",\"contentUrl\":\"https:\/\/keramamueblesdejardin.com\/wp-content\/uploads\/2020\/12\/k.-scaled.jpg\",\"width\":2560,\"height\":551,\"caption\":\"kerama\"},\"image\":{\"@id\":\"https:\/\/keramamueblesdejardin.com\/de\/#\/schema\/logo\/image\/\"},\"sameAs\":[\"https:\/\/www.facebook.com\/Kerama-Muebles-de-Jard\u00edn-106209328312568\/\"]}]}<\/script>\n<!-- \/ Yoast SEO plugin. -->","yoast_head_json":{"title":"Sonnenschirm H\u00e4ngestruktur Nachahmung heller Holzstoff Taup\u00e9 3x3m - Mailand - Kerama","robots":{"index":"index","follow":"follow","max-snippet":"max-snippet:-1","max-image-preview":"max-image-preview:large","max-video-preview":"max-video-preview:-1"},"canonical":"https:\/\/keramamueblesdejardin.com\/de\/sonnenschirme-und-pergolen\/sonnenschirme-sonnenschirme-und-pergolen\/sonnenschirm-aufgehangte-struktur-holzimitat-heller-stoff-taupe-3x3m-mailand\/","og_locale":"de_DE","og_type":"article","og_title":"Sonnenschirm H\u00e4ngestruktur Nachahmung heller Holzstoff Taup\u00e9 3x3m - Mailand - Kerama","og_description":"Der Milan 3x3 H\u00e4ngeschirm mit Au\u00dfensch\u00fcrze f\u00fcr Garten oder Terrasse, hat eine sehr robuste Seitenmaststange aus Aluminium, die helles Holz imitiert. Der Stoff hat ein sch\u00f6nes Taupe-Finish, das wasserabweisend und schmutzabweisend ist und auch einen L\u00fcftungskamin enth\u00e4lt. Es kann um 360 Grad gedreht werden und ist in der H\u00f6he neigbar, wodurch Sie die bequemste Ausrichtung w\u00e4hlen k\u00f6nnen, und verf\u00fcgt \u00fcber eine Kurbel, mit der Sie den Sonnenschirm sehr einfach \u00f6ffnen und schlie\u00dfen k\u00f6nnen. Der h\u00e4ngende Sonnenschirm Milan hat eine widerstandsf\u00e4hige Struktur mit insgesamt 8 Stangen und ein elegantes Design, die ihn ideal machen, um einen Garten oder eine Terrasse zu bilden, die Sie das ganze Jahr \u00fcber pflegen m\u00f6chten.","og_url":"https:\/\/keramamueblesdejardin.com\/de\/sonnenschirme-und-pergolen\/sonnenschirme-sonnenschirme-und-pergolen\/sonnenschirm-aufgehangte-struktur-holzimitat-heller-stoff-taupe-3x3m-mailand\/","og_site_name":"Kerama","article_publisher":"https:\/\/www.facebook.com\/Kerama-Muebles-de-Jard%c3%adn-106209328312568\/","article_modified_time":"2025-03-07T11:43:29+00:00","og_image":[{"width":2560,"height":1707,"url":"https:\/\/keramamueblesdejardin.com\/wp-content\/uploads\/2022\/07\/L1550048-scaled.jpg","type":"image\/jpeg"}],"twitter_card":"summary_large_image","twitter_misc":{"Gesch\u00e4tzte Lesezeit":"1\u00a0Minute"},"schema":{"@context":"https:\/\/schema.org","@graph":[{"@type":"WebPage","@id":"https:\/\/keramamueblesdejardin.com\/de\/sonnenschirme-und-pergolen\/sonnenschirme-sonnenschirme-und-pergolen\/sonnenschirm-aufgehangte-struktur-holzimitat-heller-stoff-taupe-3x3m-mailand\/","url":"https:\/\/keramamueblesdejardin.com\/de\/sonnenschirme-und-pergolen\/sonnenschirme-sonnenschirme-und-pergolen\/sonnenschirm-aufgehangte-struktur-holzimitat-heller-stoff-taupe-3x3m-mailand\/","name":"Sonnenschirm H\u00e4ngestruktur Nachahmung heller Holzstoff Taup\u00e9 3x3m - Mailand - Kerama","isPartOf":{"@id":"https:\/\/keramamueblesdejardin.com\/de\/#website"},"primaryImageOfPage":{"@id":"https:\/\/keramamueblesdejardin.com\/de\/sonnenschirme-und-pergolen\/sonnenschirme-sonnenschirme-und-pergolen\/sonnenschirm-aufgehangte-struktur-holzimitat-heller-stoff-taupe-3x3m-mailand\/#primaryimage"},"image":{"@id":"https:\/\/keramamueblesdejardin.com\/de\/sonnenschirme-und-pergolen\/sonnenschirme-sonnenschirme-und-pergolen\/sonnenschirm-aufgehangte-struktur-holzimitat-heller-stoff-taupe-3x3m-mailand\/#primaryimage"},"thumbnailUrl":"https:\/\/keramamueblesdejardin.com\/wp-content\/uploads\/2022\/07\/L1550048-scaled.jpg","datePublished":"2022-07-22T08:02:34+00:00","dateModified":"2025-03-07T11:43:29+00:00","breadcrumb":{"@id":"https:\/\/keramamueblesdejardin.com\/de\/sonnenschirme-und-pergolen\/sonnenschirme-sonnenschirme-und-pergolen\/sonnenschirm-aufgehangte-struktur-holzimitat-heller-stoff-taupe-3x3m-mailand\/#breadcrumb"},"inLanguage":"de","potentialAction":[{"@type":"ReadAction","target":["https:\/\/keramamueblesdejardin.com\/de\/sonnenschirme-und-pergolen\/sonnenschirme-sonnenschirme-und-pergolen\/sonnenschirm-aufgehangte-struktur-holzimitat-heller-stoff-taupe-3x3m-mailand\/"]}]},{"@type":"ImageObject","inLanguage":"de","@id":"https:\/\/keramamueblesdejardin.com\/de\/sonnenschirme-und-pergolen\/sonnenschirme-sonnenschirme-und-pergolen\/sonnenschirm-aufgehangte-struktur-holzimitat-heller-stoff-taupe-3x3m-mailand\/#primaryimage","url":"https:\/\/keramamueblesdejardin.com\/wp-content\/uploads\/2022\/07\/L1550048-scaled.jpg","contentUrl":"https:\/\/keramamueblesdejardin.com\/wp-content\/uploads\/2022\/07\/L1550048-scaled.jpg","width":2560,"height":1707},{"@type":"BreadcrumbList","@id":"https:\/\/keramamueblesdejardin.com\/de\/sonnenschirme-und-pergolen\/sonnenschirme-sonnenschirme-und-pergolen\/sonnenschirm-aufgehangte-struktur-holzimitat-heller-stoff-taupe-3x3m-mailand\/#breadcrumb","itemListElement":[{"@type":"ListItem","position":1,"name":"Home","item":"https:\/\/keramamueblesdejardin.com\/de\/"},{"@type":"ListItem","position":2,"name":"Laden","item":"https:\/\/keramamueblesdejardin.com\/de\/laden\/"},{"@type":"ListItem","position":3,"name":"Sonnenschirme und Pergolen","item":"https:\/\/keramamueblesdejardin.com\/de\/sonnenschirme-und-pergolen\/"},{"@type":"ListItem","position":4,"name":"Sonnenschirme","item":"https:\/\/keramamueblesdejardin.com\/de\/sonnenschirme-und-pergolen\/sonnenschirme-sonnenschirme-und-pergolen\/"},{"@type":"ListItem","position":5,"name":"Sonnenschirm H\u00e4ngestruktur Nachahmung heller Holzstoff Taup\u00e9 3x3m &#8211; Mailand"}]},{"@type":"WebSite","@id":"https:\/\/keramamueblesdejardin.com\/de\/#website","url":"https:\/\/keramamueblesdejardin.com\/de\/","name":"Kerama","description":"muebles de jard\u00edn","publisher":{"@id":"https:\/\/keramamueblesdejardin.com\/de\/#organization"},"potentialAction":[{"@type":"SearchAction","target":{"@type":"EntryPoint","urlTemplate":"https:\/\/keramamueblesdejardin.com\/de\/?s={search_term_string}"},"query-input":{"@type":"PropertyValueSpecification","valueRequired":true,"valueName":"search_term_string"}}],"inLanguage":"de"},{"@type":"Organization","@id":"https:\/\/keramamueblesdejardin.com\/de\/#organization","name":"kerama","url":"https:\/\/keramamueblesdejardin.com\/de\/","logo":{"@type":"ImageObject","inLanguage":"de","@id":"https:\/\/keramamueblesdejardin.com\/de\/#\/schema\/logo\/image\/","url":"https:\/\/keramamueblesdejardin.com\/wp-content\/uploads\/2020\/12\/k.-scaled.jpg","contentUrl":"https:\/\/keramamueblesdejardin.com\/wp-content\/uploads\/2020\/12\/k.-scaled.jpg","width":2560,"height":551,"caption":"kerama"},"image":{"@id":"https:\/\/keramamueblesdejardin.com\/de\/#\/schema\/logo\/image\/"},"sameAs":["https:\/\/www.facebook.com\/Kerama-Muebles-de-Jard\u00edn-106209328312568\/"]}]}},"df_price":579,"df_sale_price":579,"df_regular_price":722,"df_image_link":"https:\/\/keramamueblesdejardin.com\/wp-content\/uploads\/2022\/07\/L1550048-300x200.jpg","custom_tabs":"","_links":{"self":[{"href":"https:\/\/keramamueblesdejardin.com\/de\/wp-json\/wp\/v2\/product\/118606","targetHints":{"allow":["GET"]}}],"collection":[{"href":"https:\/\/keramamueblesdejardin.com\/de\/wp-json\/wp\/v2\/product"}],"about":[{"href":"https:\/\/keramamueblesdejardin.com\/de\/wp-json\/wp\/v2\/types\/product"}],"replies":[{"embeddable":true,"href":"https:\/\/keramamueblesdejardin.com\/de\/wp-json\/wp\/v2\/comments?post=118606"}],"wp:featuredmedia":[{"embeddable":true,"href":"https:\/\/keramamueblesdejardin.com\/de\/wp-json\/wp\/v2\/media\/118631"}],"wp:attachment":[{"href":"https:\/\/keramamueblesdejardin.com\/de\/wp-json\/wp\/v2\/media?parent=118606"}],"wp:term":[{"taxonomy":"product_brand","embeddable":true,"href":"https:\/\/keramamueblesdejardin.com\/de\/wp-json\/wp\/v2\/product_brand?post=118606"},{"taxonomy":"product_cat","embeddable":true,"href":"https:\/\/keramamueblesdejardin.com\/de\/wp-json\/wp\/v2\/product_cat?post=118606"},{"taxonomy":"product_tag","embeddable":true,"href":"https:\/\/keramamueblesdejardin.com\/de\/wp-json\/wp\/v2\/product_tag?post=118606"}],"curies":[{"name":"wp","href":"https:\/\/api.w.org\/{rel}","templated":true}]}}