{"id":118552,"date":"2022-08-11T08:45:30","date_gmt":"2022-08-11T06:45:30","guid":{"rendered":"https:\/\/keramamueblesdejardin.com\/uncategorized\/eckgartengarnitur-2-sessel-aus-synthetischem-rattan-und-stahl-mit-stehtisch-verona\/"},"modified":"2024-08-08T14:06:35","modified_gmt":"2024-08-08T12:06:35","slug":"set-von-garten-ecke-2-sessel-aus-ratan-kunststoff-und-stahl-mit-tisch-hoch-verona","status":"publish","type":"product","link":"https:\/\/keramamueblesdejardin.com\/de\/lounges-im-freien\/garten-sets\/set-von-garten-ecke-2-sessel-aus-ratan-kunststoff-und-stahl-mit-tisch-hoch-verona\/","title":{"rendered":"Eckgartengarnitur + 2 Sessel aus synthetischem Rattan und Stahl mit Stehtisch \u2013 Verona"},"content":{"rendered":"<p>Das Outdoor-M\u00f6belset f\u00fcr Garten oder Terrasse Verona besteht aus Stahl, der mit synthetischem Rattan in Beige \u00fcberzogen ist und Eleganz und Komfort bietet.<\/p>\n<p>Das Set bietet Platz f\u00fcr 8 Personen, da es aus 6 Sitzen + 2 Einzelsitzen mit abnehmbaren Kissen besteht. Der Tisch ist aus hohem Polywood mit den Details des unteren Regals f\u00fcr vollst\u00e4ndige Benutzerfreundlichkeit.<\/p>\n<p>Die Materialien des Sets sind widerstandsf\u00e4hig und leicht zu reinigen, aber gleichzeitig k\u00f6nnen alle Teile dank seiner Leichtbauweise leicht bewegt werden.<\/p>\n<p>Das Modell Verona schafft einen Entspannungsbereich f\u00fcr Sommern\u00e4chte mit Familie und Freunden, wobei der Komfort dank der gepolsterten Sitze im Vordergrund steht.<\/p>\n<p>Dar\u00fcber hinaus k\u00f6nnen Sie dieses Set mit den verschiedenen Elementen kombinieren, aus denen die Verona-Familie besteht, und f\u00fcr die k\u00e4lteren Monate k\u00f6nnen Sie das Angebot an Abdeckungen konsultieren, um sie vollst\u00e4ndig zu sch\u00fctzen.<\/p>\n","protected":false},"excerpt":{"rendered":"<ul>\n<li>Stahlstruktur und synthetisches Rattanimitat in nat\u00fcrlicher Imitation<\/li>\n<li>1 Eckgarnitur + 2 Sessel + Stehtisch mit Polywood-Platte und Zeitungsst\u00e4nder<\/li>\n<li>Abnehmbare Kissen, sandfarben<\/li>\n<li>Sie k\u00f6nnen es mit anderen Elementen der Verona-Familie kombinieren<\/li>\n<\/ul>\n","protected":false},"featured_media":118357,"comment_status":"closed","ping_status":"closed","template":"","meta":{"_acf_changed":false},"product_brand":[],"product_cat":[3233,3234],"product_tag":[],"class_list":{"0":"post-118552","1":"product","2":"type-product","3":"status-publish","4":"has-post-thumbnail","6":"product_cat-garten-sets","7":"product_cat-lounges-im-freien","8":"product_shipping_class-envio-gratuito-de","9":"pa_ancho-269-de","10":"pa_asientos-7-de","11":"pa_caracteristicas-ecke","12":"pa_caracteristicas-waschbare-bezuge","13":"pa_coleccion-verona-de","14":"pa_forma-ecke","15":"pa_largo-343-de","16":"pa_m2-923-de","17":"pa_material-rattan-de","18":"pa_material-stahl","19":"pa_tamano-espacio-gros","21":"first","22":"outofstock","23":"sale","24":"purchasable","25":"product-type-simple","26":"add-to-wishlist-before_image"},"acf":[],"yoast_head":"<!-- This site is optimized with the Yoast SEO plugin v27.2 - https:\/\/yoast.com\/product\/yoast-seo-wordpress\/ -->\n<title>Eckgartengarnitur + 2 Sessel aus synthetischem Rattan und Stahl mit Stehtisch \u2013 Verona - Kerama<\/title>\n<meta name=\"robots\" content=\"index, follow, max-snippet:-1, max-image-preview:large, max-video-preview:-1\" \/>\n<link rel=\"canonical\" href=\"https:\/\/keramamueblesdejardin.com\/de\/lounges-im-freien\/garten-sets\/set-von-garten-ecke-2-sessel-aus-ratan-kunststoff-und-stahl-mit-tisch-hoch-verona\/\" \/>\n<meta property=\"og:locale\" content=\"de_DE\" \/>\n<meta property=\"og:type\" content=\"article\" \/>\n<meta property=\"og:title\" content=\"Eckgartengarnitur + 2 Sessel aus synthetischem Rattan und Stahl mit Stehtisch \u2013 Verona - Kerama\" \/>\n<meta property=\"og:description\" content=\"Stahlstruktur und synthetisches Rattanimitat in nat\u00fcrlicher Imitation  1 Eckgarnitur + 2 Sessel + Stehtisch mit Polywood-Platte und Zeitungsst\u00e4nder  Abnehmbare Kissen, sandfarben  Sie k\u00f6nnen es mit anderen Elementen der Verona-Familie kombinieren\" \/>\n<meta property=\"og:url\" content=\"https:\/\/keramamueblesdejardin.com\/de\/lounges-im-freien\/garten-sets\/set-von-garten-ecke-2-sessel-aus-ratan-kunststoff-und-stahl-mit-tisch-hoch-verona\/\" \/>\n<meta property=\"og:site_name\" content=\"Kerama\" \/>\n<meta property=\"article:publisher\" content=\"https:\/\/www.facebook.com\/Kerama-Muebles-de-Jard%c3%adn-106209328312568\/\" \/>\n<meta property=\"article:modified_time\" content=\"2024-08-08T12:06:35+00:00\" \/>\n<meta property=\"og:image\" content=\"https:\/\/keramamueblesdejardin.com\/wp-content\/uploads\/2022\/08\/verona-6-e1697452547777.jpg\" \/>\n\t<meta property=\"og:image:width\" content=\"1200\" \/>\n\t<meta property=\"og:image:height\" content=\"1200\" \/>\n\t<meta property=\"og:image:type\" content=\"image\/jpeg\" \/>\n<meta name=\"twitter:card\" content=\"summary_large_image\" \/>\n<meta name=\"twitter:label1\" content=\"Gesch\u00e4tzte Lesezeit\" \/>\n\t<meta name=\"twitter:data1\" content=\"1\u00a0Minute\" \/>\n<script type=\"application\/ld+json\" class=\"yoast-schema-graph\">{\"@context\":\"https:\/\/schema.org\",\"@graph\":[{\"@type\":\"WebPage\",\"@id\":\"https:\/\/keramamueblesdejardin.com\/de\/lounges-im-freien\/garten-sets\/set-von-garten-ecke-2-sessel-aus-ratan-kunststoff-und-stahl-mit-tisch-hoch-verona\/\",\"url\":\"https:\/\/keramamueblesdejardin.com\/de\/lounges-im-freien\/garten-sets\/set-von-garten-ecke-2-sessel-aus-ratan-kunststoff-und-stahl-mit-tisch-hoch-verona\/\",\"name\":\"Eckgartengarnitur + 2 Sessel aus synthetischem Rattan und Stahl mit Stehtisch \u2013 Verona - Kerama\",\"isPartOf\":{\"@id\":\"https:\/\/keramamueblesdejardin.com\/de\/#website\"},\"primaryImageOfPage\":{\"@id\":\"https:\/\/keramamueblesdejardin.com\/de\/lounges-im-freien\/garten-sets\/set-von-garten-ecke-2-sessel-aus-ratan-kunststoff-und-stahl-mit-tisch-hoch-verona\/#primaryimage\"},\"image\":{\"@id\":\"https:\/\/keramamueblesdejardin.com\/de\/lounges-im-freien\/garten-sets\/set-von-garten-ecke-2-sessel-aus-ratan-kunststoff-und-stahl-mit-tisch-hoch-verona\/#primaryimage\"},\"thumbnailUrl\":\"https:\/\/keramamueblesdejardin.com\/wp-content\/uploads\/2022\/08\/verona-6-e1697452547777.jpg\",\"datePublished\":\"2022-08-11T06:45:30+00:00\",\"dateModified\":\"2024-08-08T12:06:35+00:00\",\"breadcrumb\":{\"@id\":\"https:\/\/keramamueblesdejardin.com\/de\/lounges-im-freien\/garten-sets\/set-von-garten-ecke-2-sessel-aus-ratan-kunststoff-und-stahl-mit-tisch-hoch-verona\/#breadcrumb\"},\"inLanguage\":\"de\",\"potentialAction\":[{\"@type\":\"ReadAction\",\"target\":[\"https:\/\/keramamueblesdejardin.com\/de\/lounges-im-freien\/garten-sets\/set-von-garten-ecke-2-sessel-aus-ratan-kunststoff-und-stahl-mit-tisch-hoch-verona\/\"]}]},{\"@type\":\"ImageObject\",\"inLanguage\":\"de\",\"@id\":\"https:\/\/keramamueblesdejardin.com\/de\/lounges-im-freien\/garten-sets\/set-von-garten-ecke-2-sessel-aus-ratan-kunststoff-und-stahl-mit-tisch-hoch-verona\/#primaryimage\",\"url\":\"https:\/\/keramamueblesdejardin.com\/wp-content\/uploads\/2022\/08\/verona-6-e1697452547777.jpg\",\"contentUrl\":\"https:\/\/keramamueblesdejardin.com\/wp-content\/uploads\/2022\/08\/verona-6-e1697452547777.jpg\",\"width\":1200,\"height\":1200},{\"@type\":\"BreadcrumbList\",\"@id\":\"https:\/\/keramamueblesdejardin.com\/de\/lounges-im-freien\/garten-sets\/set-von-garten-ecke-2-sessel-aus-ratan-kunststoff-und-stahl-mit-tisch-hoch-verona\/#breadcrumb\",\"itemListElement\":[{\"@type\":\"ListItem\",\"position\":1,\"name\":\"Home\",\"item\":\"https:\/\/keramamueblesdejardin.com\/de\/\"},{\"@type\":\"ListItem\",\"position\":2,\"name\":\"Laden\",\"item\":\"https:\/\/keramamueblesdejardin.com\/de\/laden\/\"},{\"@type\":\"ListItem\",\"position\":3,\"name\":\"Lounges im Freien\",\"item\":\"https:\/\/keramamueblesdejardin.com\/de\/lounges-im-freien\/\"},{\"@type\":\"ListItem\",\"position\":4,\"name\":\"Garten-Sets\",\"item\":\"https:\/\/keramamueblesdejardin.com\/de\/lounges-im-freien\/garten-sets\/\"},{\"@type\":\"ListItem\",\"position\":5,\"name\":\"Eckgartengarnitur + 2 Sessel aus synthetischem Rattan und Stahl mit Stehtisch \u2013 Verona\"}]},{\"@type\":\"WebSite\",\"@id\":\"https:\/\/keramamueblesdejardin.com\/de\/#website\",\"url\":\"https:\/\/keramamueblesdejardin.com\/de\/\",\"name\":\"Kerama\",\"description\":\"muebles de jard\u00edn\",\"publisher\":{\"@id\":\"https:\/\/keramamueblesdejardin.com\/de\/#organization\"},\"potentialAction\":[{\"@type\":\"SearchAction\",\"target\":{\"@type\":\"EntryPoint\",\"urlTemplate\":\"https:\/\/keramamueblesdejardin.com\/de\/?s={search_term_string}\"},\"query-input\":{\"@type\":\"PropertyValueSpecification\",\"valueRequired\":true,\"valueName\":\"search_term_string\"}}],\"inLanguage\":\"de\"},{\"@type\":\"Organization\",\"@id\":\"https:\/\/keramamueblesdejardin.com\/de\/#organization\",\"name\":\"kerama\",\"url\":\"https:\/\/keramamueblesdejardin.com\/de\/\",\"logo\":{\"@type\":\"ImageObject\",\"inLanguage\":\"de\",\"@id\":\"https:\/\/keramamueblesdejardin.com\/de\/#\/schema\/logo\/image\/\",\"url\":\"https:\/\/keramamueblesdejardin.com\/wp-content\/uploads\/2020\/12\/k.-scaled.jpg\",\"contentUrl\":\"https:\/\/keramamueblesdejardin.com\/wp-content\/uploads\/2020\/12\/k.-scaled.jpg\",\"width\":2560,\"height\":551,\"caption\":\"kerama\"},\"image\":{\"@id\":\"https:\/\/keramamueblesdejardin.com\/de\/#\/schema\/logo\/image\/\"},\"sameAs\":[\"https:\/\/www.facebook.com\/Kerama-Muebles-de-Jard\u00edn-106209328312568\/\"]}]}<\/script>\n<!-- \/ Yoast SEO plugin. -->","yoast_head_json":{"title":"Eckgartengarnitur + 2 Sessel aus synthetischem Rattan und Stahl mit Stehtisch \u2013 Verona - Kerama","robots":{"index":"index","follow":"follow","max-snippet":"max-snippet:-1","max-image-preview":"max-image-preview:large","max-video-preview":"max-video-preview:-1"},"canonical":"https:\/\/keramamueblesdejardin.com\/de\/lounges-im-freien\/garten-sets\/set-von-garten-ecke-2-sessel-aus-ratan-kunststoff-und-stahl-mit-tisch-hoch-verona\/","og_locale":"de_DE","og_type":"article","og_title":"Eckgartengarnitur + 2 Sessel aus synthetischem Rattan und Stahl mit Stehtisch \u2013 Verona - Kerama","og_description":"Stahlstruktur und synthetisches Rattanimitat in nat\u00fcrlicher Imitation  1 Eckgarnitur + 2 Sessel + Stehtisch mit Polywood-Platte und Zeitungsst\u00e4nder  Abnehmbare Kissen, sandfarben  Sie k\u00f6nnen es mit anderen Elementen der Verona-Familie kombinieren","og_url":"https:\/\/keramamueblesdejardin.com\/de\/lounges-im-freien\/garten-sets\/set-von-garten-ecke-2-sessel-aus-ratan-kunststoff-und-stahl-mit-tisch-hoch-verona\/","og_site_name":"Kerama","article_publisher":"https:\/\/www.facebook.com\/Kerama-Muebles-de-Jard%c3%adn-106209328312568\/","article_modified_time":"2024-08-08T12:06:35+00:00","og_image":[{"width":1200,"height":1200,"url":"https:\/\/keramamueblesdejardin.com\/wp-content\/uploads\/2022\/08\/verona-6-e1697452547777.jpg","type":"image\/jpeg"}],"twitter_card":"summary_large_image","twitter_misc":{"Gesch\u00e4tzte Lesezeit":"1\u00a0Minute"},"schema":{"@context":"https:\/\/schema.org","@graph":[{"@type":"WebPage","@id":"https:\/\/keramamueblesdejardin.com\/de\/lounges-im-freien\/garten-sets\/set-von-garten-ecke-2-sessel-aus-ratan-kunststoff-und-stahl-mit-tisch-hoch-verona\/","url":"https:\/\/keramamueblesdejardin.com\/de\/lounges-im-freien\/garten-sets\/set-von-garten-ecke-2-sessel-aus-ratan-kunststoff-und-stahl-mit-tisch-hoch-verona\/","name":"Eckgartengarnitur + 2 Sessel aus synthetischem Rattan und Stahl mit Stehtisch \u2013 Verona - Kerama","isPartOf":{"@id":"https:\/\/keramamueblesdejardin.com\/de\/#website"},"primaryImageOfPage":{"@id":"https:\/\/keramamueblesdejardin.com\/de\/lounges-im-freien\/garten-sets\/set-von-garten-ecke-2-sessel-aus-ratan-kunststoff-und-stahl-mit-tisch-hoch-verona\/#primaryimage"},"image":{"@id":"https:\/\/keramamueblesdejardin.com\/de\/lounges-im-freien\/garten-sets\/set-von-garten-ecke-2-sessel-aus-ratan-kunststoff-und-stahl-mit-tisch-hoch-verona\/#primaryimage"},"thumbnailUrl":"https:\/\/keramamueblesdejardin.com\/wp-content\/uploads\/2022\/08\/verona-6-e1697452547777.jpg","datePublished":"2022-08-11T06:45:30+00:00","dateModified":"2024-08-08T12:06:35+00:00","breadcrumb":{"@id":"https:\/\/keramamueblesdejardin.com\/de\/lounges-im-freien\/garten-sets\/set-von-garten-ecke-2-sessel-aus-ratan-kunststoff-und-stahl-mit-tisch-hoch-verona\/#breadcrumb"},"inLanguage":"de","potentialAction":[{"@type":"ReadAction","target":["https:\/\/keramamueblesdejardin.com\/de\/lounges-im-freien\/garten-sets\/set-von-garten-ecke-2-sessel-aus-ratan-kunststoff-und-stahl-mit-tisch-hoch-verona\/"]}]},{"@type":"ImageObject","inLanguage":"de","@id":"https:\/\/keramamueblesdejardin.com\/de\/lounges-im-freien\/garten-sets\/set-von-garten-ecke-2-sessel-aus-ratan-kunststoff-und-stahl-mit-tisch-hoch-verona\/#primaryimage","url":"https:\/\/keramamueblesdejardin.com\/wp-content\/uploads\/2022\/08\/verona-6-e1697452547777.jpg","contentUrl":"https:\/\/keramamueblesdejardin.com\/wp-content\/uploads\/2022\/08\/verona-6-e1697452547777.jpg","width":1200,"height":1200},{"@type":"BreadcrumbList","@id":"https:\/\/keramamueblesdejardin.com\/de\/lounges-im-freien\/garten-sets\/set-von-garten-ecke-2-sessel-aus-ratan-kunststoff-und-stahl-mit-tisch-hoch-verona\/#breadcrumb","itemListElement":[{"@type":"ListItem","position":1,"name":"Home","item":"https:\/\/keramamueblesdejardin.com\/de\/"},{"@type":"ListItem","position":2,"name":"Laden","item":"https:\/\/keramamueblesdejardin.com\/de\/laden\/"},{"@type":"ListItem","position":3,"name":"Lounges im Freien","item":"https:\/\/keramamueblesdejardin.com\/de\/lounges-im-freien\/"},{"@type":"ListItem","position":4,"name":"Garten-Sets","item":"https:\/\/keramamueblesdejardin.com\/de\/lounges-im-freien\/garten-sets\/"},{"@type":"ListItem","position":5,"name":"Eckgartengarnitur + 2 Sessel aus synthetischem Rattan und Stahl mit Stehtisch \u2013 Verona"}]},{"@type":"WebSite","@id":"https:\/\/keramamueblesdejardin.com\/de\/#website","url":"https:\/\/keramamueblesdejardin.com\/de\/","name":"Kerama","description":"muebles de jard\u00edn","publisher":{"@id":"https:\/\/keramamueblesdejardin.com\/de\/#organization"},"potentialAction":[{"@type":"SearchAction","target":{"@type":"EntryPoint","urlTemplate":"https:\/\/keramamueblesdejardin.com\/de\/?s={search_term_string}"},"query-input":{"@type":"PropertyValueSpecification","valueRequired":true,"valueName":"search_term_string"}}],"inLanguage":"de"},{"@type":"Organization","@id":"https:\/\/keramamueblesdejardin.com\/de\/#organization","name":"kerama","url":"https:\/\/keramamueblesdejardin.com\/de\/","logo":{"@type":"ImageObject","inLanguage":"de","@id":"https:\/\/keramamueblesdejardin.com\/de\/#\/schema\/logo\/image\/","url":"https:\/\/keramamueblesdejardin.com\/wp-content\/uploads\/2020\/12\/k.-scaled.jpg","contentUrl":"https:\/\/keramamueblesdejardin.com\/wp-content\/uploads\/2020\/12\/k.-scaled.jpg","width":2560,"height":551,"caption":"kerama"},"image":{"@id":"https:\/\/keramamueblesdejardin.com\/de\/#\/schema\/logo\/image\/"},"sameAs":["https:\/\/www.facebook.com\/Kerama-Muebles-de-Jard\u00edn-106209328312568\/"]}]}},"df_price":1285,"df_sale_price":1285,"df_regular_price":1671,"df_image_link":"https:\/\/keramamueblesdejardin.com\/wp-content\/uploads\/2022\/08\/verona-6-300x300.jpg","custom_tabs":[{"title":"MESSUNG","id":"messung","content":"<div class=\"list\"><strong>Hoch:<\/strong> Sofa links und rechts 82 cm \/ Tisch 68 cm \/ Sessel 82cm\n<strong>Tief:<\/strong> Linkes und rechtes Sofa 69 cm \/ Tisch 74 cm \/ Sessel 69 cm\n<strong>Breit:<\/strong> Linkes Sofa 180 cm \/ Rechtes Sofa 239 cm \/ Tisch 143 cm \/ Sessel 65cm<\/div>\n<div>\n<div><strong>Sitzh\u00f6he: <\/strong>46,5 cm<\/div>\n<div><strong>Sitztiefe mit Kissen: <\/strong>45cm<\/div>\n<div><strong>Sitztiefe ohne <\/strong><b>Kissen: <\/b>60cm<\/div>\n<\/div>"},{"title":"AUSPACKEN UND MONTIEREN","id":"auspacken-und-montieren","content":"<div class=\"list\">Empfehlungen zum Auspacken: Verwenden Sie beim Auspacken der M\u00f6bel keine scharfen Utensilien, da dies zu Besch\u00e4digungen f\u00fchren kann\nMontage erforderlich (ja\/nein): Ja\nSchwierigkeitsgrad der Montage: Mittel\nMontagezeit: 30 Minuten\nEmpfohlene Personen f\u00fcr die Montage: 2\n<strong>Montagevorschl\u00e4ge:<\/strong> Bereiten Sie einen sauberen und trockenen Montagebereich vor und stellen Sie sicher, dass keines der im Handbuch angegebenen Teile fehlt. Wir empfehlen das Tragen von Montagehandschuhen. Verwenden Sie nur die mitgelieferten Teile und Hardware.<\/div>"},{"title":"WARTUNG UND GARANTIEN","id":"wartung-und-garantien","content":"<div class=\"moz-signature\">\n<div class=\"list\"><strong>Allgemeine Empfehlungen:<\/strong>\n\u2022 Pannen oder Sch\u00e4den, die verursacht werden durch:\n\u2022 Zuf\u00e4llige Ursachen wie St\u00fcrze, Schl\u00e4ge, Versch\u00fctten von Fl\u00fcssigkeiten, Einschleppen von Fremdk\u00f6rpern sowie andere h\u00f6here Gewalt.\n\u2022 Fahrl\u00e4ssiger, unsachgem\u00e4\u00dfer oder nicht h\u00e4uslicher Gebrauch.\n\u2022 Besch\u00e4digung, Korrosion und\/oder Oxidation beschleunigt durch widrige Umweltbedingungen\n\u2022 Flecken und Verf\u00e4rbungen durch Nichtbeachtung unserer Reinigungsanweisungen\n\u2022 Sch\u00e4den, die w\u00e4hrend der Montage und Handhabung auftreten, ohne die angegebenen Montageanweisungen befolgt zu haben.\n<strong>Gebrauchs- und Wartungshinweise:<\/strong>\n\u2022 Reinigen Sie mit Hilfe eines Tuchs vorsichtig oder verwenden Sie eine neutrale Fl\u00fcssigseife und sp\u00fclen Sie sie mit viel Wasser ab.\n\u2022 Entfernen Sie Staub regelm\u00e4\u00dfig mit Hilfe eines weichen Tuchs und klarem Wasser.\n\u2022 Verwenden Sie zum Reinigen keine Reinigungsmittel oder Scheuermittel.\nJahre <strong>Garantie: 3 Jahre<\/strong>\n<strong>Hergestellt nach Norm:<\/strong> 581-1.581-2.581-3<\/div>\n<\/div>"}],"_links":{"self":[{"href":"https:\/\/keramamueblesdejardin.com\/de\/wp-json\/wp\/v2\/product\/118552","targetHints":{"allow":["GET"]}}],"collection":[{"href":"https:\/\/keramamueblesdejardin.com\/de\/wp-json\/wp\/v2\/product"}],"about":[{"href":"https:\/\/keramamueblesdejardin.com\/de\/wp-json\/wp\/v2\/types\/product"}],"replies":[{"embeddable":true,"href":"https:\/\/keramamueblesdejardin.com\/de\/wp-json\/wp\/v2\/comments?post=118552"}],"wp:featuredmedia":[{"embeddable":true,"href":"https:\/\/keramamueblesdejardin.com\/de\/wp-json\/wp\/v2\/media\/118357"}],"wp:attachment":[{"href":"https:\/\/keramamueblesdejardin.com\/de\/wp-json\/wp\/v2\/media?parent=118552"}],"wp:term":[{"taxonomy":"product_brand","embeddable":true,"href":"https:\/\/keramamueblesdejardin.com\/de\/wp-json\/wp\/v2\/product_brand?post=118552"},{"taxonomy":"product_cat","embeddable":true,"href":"https:\/\/keramamueblesdejardin.com\/de\/wp-json\/wp\/v2\/product_cat?post=118552"},{"taxonomy":"product_tag","embeddable":true,"href":"https:\/\/keramamueblesdejardin.com\/de\/wp-json\/wp\/v2\/product_tag?post=118552"}],"curies":[{"name":"wp","href":"https:\/\/api.w.org\/{rel}","templated":true}]}}