{"id":118178,"date":"2022-08-30T12:42:07","date_gmt":"2022-08-30T10:42:07","guid":{"rendered":"https:\/\/keramamueblesdejardin.com\/uncategorized\/pack-sonnenschirm-haengende-runde-struktur-anthrazit-roh-naturgewebe-3m-sockel-wasserdichte-abdeckung-mailand\/"},"modified":"2023-08-30T10:12:17","modified_gmt":"2023-08-30T08:12:17","slug":"pack-sonnenschirm-aufgehangt-runde-struktur-anthrazit-naturlicher-rohstoff-3m-sockel-abdeckung-wasserdicht-mailand","status":"publish","type":"product","link":"https:\/\/keramamueblesdejardin.com\/de\/sonnenschirme-und-pergolen\/sonnenschirme-sonnenschirme-und-pergolen\/pack-sonnenschirm-aufgehangt-runde-struktur-anthrazit-naturlicher-rohstoff-3m-sockel-abdeckung-wasserdicht-mailand\/","title":{"rendered":"Pack Sonnenschirm h\u00e4ngende runde Struktur anthrazit roh Naturgewebe 3m + Sockel + wasserdichte Abdeckung &#8211; Mailand"},"content":{"rendered":"<p>Packung Abdeckung, Sonnenschirm 3m rund Mailand und 4 Sonnenschirmsockel.<\/p>\n<p>Der exzentrische Milan 3m runder Outdoor-Sonnenschirm f\u00fcr Garten oder Terrasse, verf\u00fcgt \u00fcber eine sehr robuste Seitenmaststange aus anthrazitfarbenem Aluminium. Der Stoff hat ein sch\u00f6nes, rohes, nat\u00fcrliches Finish, das wasserabweisend und schmutzabweisend ist und auch einen L\u00fcftungskamin enth\u00e4lt.<\/p>\n<p>Es kann um 360 Grad gedreht werden und ist in der H\u00f6he neigbar, wodurch Sie die bequemste Ausrichtung w\u00e4hlen k\u00f6nnen, und verf\u00fcgt \u00fcber eine Kurbel, mit der Sie den Sonnenschirm sehr einfach \u00f6ffnen und schlie\u00dfen k\u00f6nnen.<\/p>\n<p>Der exzentrische Milan-Sonnenschirm hat eine widerstandsf\u00e4hige Struktur mit insgesamt 8 Stangen und ein elegantes Design, die ihn ideal machen, um einen Garten oder eine Terrasse zu bilden, die Sie das ganze Jahr \u00fcber pflegen m\u00f6chten.<\/p>\n<p>&nbsp;<\/p>\n<ul>\n<li>Mast und Stangen aus Aluminium<\/li>\n<li>100% Polyestergewebe<\/li>\n<li>Verwendung: im Freien<\/li>\n<li>Maximale H\u00f6he: 2,40 m<\/li>\n<li>360\u00ba Drehung<\/li>\n<li>Kippbar in der H\u00f6he: Ja<\/li>\n<li>Abnehmbar: Ja<\/li>\n<li>Wasserabweisend: Ja<\/li>\n<li>Anti-Flecken; Ja<\/li>\n<li>Stoff mit Kamin: Ja<\/li>\n<li>Mit Rock: NEIN<\/li>\n<li>\u00d6ffnen \/ Schlie\u00dfen mit Kurbel: Ja<\/li>\n<li>Artikelgewicht: 25 kg<\/li>\n<li>Mastma\u00df: 53 x 77mm<\/li>\n<li>Stangenma\u00df: 14 x 24mm<\/li>\n<li>Anzahl der Stangen: 8<\/li>\n<li>Erfordert eine Montage mit geringem Schwierigkeitsgrad<\/li>\n<li>Kunststoffd\u00fcbel an den Beinen zum Schutz des Bodens<\/li>\n<\/ul>\n","protected":false},"excerpt":{"rendered":"<ul>\n<li>Anthrazit-Struktur und rohes Naturgewebe<\/li>\n<li>Enth\u00e4lt 4 Basen \u00e0 25 kg<\/li>\n<li>Inklusive wasserdichter Schutzh\u00fclle<\/li>\n<li>Messung 3m einstellbar 360\u00ba<\/li>\n<\/ul>\n","protected":false},"featured_media":118160,"comment_status":"closed","ping_status":"open","template":"","meta":{"_acf_changed":false},"product_brand":[],"product_cat":[3304,3297],"product_tag":[],"class_list":{"0":"post-118178","1":"product","2":"type-product","3":"status-publish","4":"has-post-thumbnail","6":"product_cat-sonnenschirme-sonnenschirme-und-pergolen","7":"product_cat-sonnenschirme-und-pergolen","8":"product_shipping_class-envio-gratuito-de","9":"pa_coleccion-mailand","10":"pa_forma-quadrat","11":"pa_material-aluminium","12":"pa_material-polyester","14":"first","15":"instock","16":"sale","17":"purchasable","18":"product-type-simple","19":"add-to-wishlist-before_image"},"acf":[],"yoast_head":"<!-- This site is optimized with the Yoast SEO plugin v27.2 - https:\/\/yoast.com\/product\/yoast-seo-wordpress\/ -->\n<title>Pack Sonnenschirm h\u00e4ngende runde Struktur anthrazit roh Naturgewebe 3m + Sockel + wasserdichte Abdeckung - Mailand - Kerama<\/title>\n<meta name=\"robots\" content=\"index, follow, max-snippet:-1, max-image-preview:large, max-video-preview:-1\" \/>\n<link rel=\"canonical\" href=\"https:\/\/keramamueblesdejardin.com\/de\/sonnenschirme-und-pergolen\/sonnenschirme-sonnenschirme-und-pergolen\/pack-sonnenschirm-aufgehangt-runde-struktur-anthrazit-naturlicher-rohstoff-3m-sockel-abdeckung-wasserdicht-mailand\/\" \/>\n<meta property=\"og:locale\" content=\"de_DE\" \/>\n<meta property=\"og:type\" content=\"article\" \/>\n<meta property=\"og:title\" content=\"Pack Sonnenschirm h\u00e4ngende runde Struktur anthrazit roh Naturgewebe 3m + Sockel + wasserdichte Abdeckung - Mailand - Kerama\" \/>\n<meta property=\"og:description\" content=\"Anthrazit-Struktur und rohes Naturgewebe  Enth\u00e4lt 4 Basen \u00e0 25 kg  Inklusive wasserdichter Schutzh\u00fclle  Messung 3m einstellbar 360\u00ba\" \/>\n<meta property=\"og:url\" content=\"https:\/\/keramamueblesdejardin.com\/de\/sonnenschirme-und-pergolen\/sonnenschirme-sonnenschirme-und-pergolen\/pack-sonnenschirm-aufgehangt-runde-struktur-anthrazit-naturlicher-rohstoff-3m-sockel-abdeckung-wasserdicht-mailand\/\" \/>\n<meta property=\"og:site_name\" content=\"Kerama\" \/>\n<meta property=\"article:publisher\" content=\"https:\/\/www.facebook.com\/Kerama-Muebles-de-Jard%c3%adn-106209328312568\/\" \/>\n<meta property=\"article:modified_time\" content=\"2023-08-30T08:12:17+00:00\" \/>\n<meta property=\"og:image\" content=\"https:\/\/keramamueblesdejardin.com\/wp-content\/uploads\/2022\/08\/Parasol-excentrico-estructura-antracita-tejido-blanco-natural-3m-redondo.jpg\" \/>\n\t<meta property=\"og:image:width\" content=\"2560\" \/>\n\t<meta property=\"og:image:height\" content=\"1707\" \/>\n\t<meta property=\"og:image:type\" content=\"image\/jpeg\" \/>\n<meta name=\"twitter:card\" content=\"summary_large_image\" \/>\n<meta name=\"twitter:label1\" content=\"Gesch\u00e4tzte Lesezeit\" \/>\n\t<meta name=\"twitter:data1\" content=\"1\u00a0Minute\" \/>\n<script type=\"application\/ld+json\" class=\"yoast-schema-graph\">{\"@context\":\"https:\/\/schema.org\",\"@graph\":[{\"@type\":\"WebPage\",\"@id\":\"https:\/\/keramamueblesdejardin.com\/de\/sonnenschirme-und-pergolen\/sonnenschirme-sonnenschirme-und-pergolen\/pack-sonnenschirm-aufgehangt-runde-struktur-anthrazit-naturlicher-rohstoff-3m-sockel-abdeckung-wasserdicht-mailand\/\",\"url\":\"https:\/\/keramamueblesdejardin.com\/de\/sonnenschirme-und-pergolen\/sonnenschirme-sonnenschirme-und-pergolen\/pack-sonnenschirm-aufgehangt-runde-struktur-anthrazit-naturlicher-rohstoff-3m-sockel-abdeckung-wasserdicht-mailand\/\",\"name\":\"Pack Sonnenschirm h\u00e4ngende runde Struktur anthrazit roh Naturgewebe 3m + Sockel + wasserdichte Abdeckung - Mailand - Kerama\",\"isPartOf\":{\"@id\":\"https:\/\/keramamueblesdejardin.com\/de\/#website\"},\"primaryImageOfPage\":{\"@id\":\"https:\/\/keramamueblesdejardin.com\/de\/sonnenschirme-und-pergolen\/sonnenschirme-sonnenschirme-und-pergolen\/pack-sonnenschirm-aufgehangt-runde-struktur-anthrazit-naturlicher-rohstoff-3m-sockel-abdeckung-wasserdicht-mailand\/#primaryimage\"},\"image\":{\"@id\":\"https:\/\/keramamueblesdejardin.com\/de\/sonnenschirme-und-pergolen\/sonnenschirme-sonnenschirme-und-pergolen\/pack-sonnenschirm-aufgehangt-runde-struktur-anthrazit-naturlicher-rohstoff-3m-sockel-abdeckung-wasserdicht-mailand\/#primaryimage\"},\"thumbnailUrl\":\"https:\/\/keramamueblesdejardin.com\/wp-content\/uploads\/2022\/08\/Parasol-excentrico-estructura-antracita-tejido-blanco-natural-3m-redondo.jpg\",\"datePublished\":\"2022-08-30T10:42:07+00:00\",\"dateModified\":\"2023-08-30T08:12:17+00:00\",\"breadcrumb\":{\"@id\":\"https:\/\/keramamueblesdejardin.com\/de\/sonnenschirme-und-pergolen\/sonnenschirme-sonnenschirme-und-pergolen\/pack-sonnenschirm-aufgehangt-runde-struktur-anthrazit-naturlicher-rohstoff-3m-sockel-abdeckung-wasserdicht-mailand\/#breadcrumb\"},\"inLanguage\":\"de\",\"potentialAction\":[{\"@type\":\"ReadAction\",\"target\":[\"https:\/\/keramamueblesdejardin.com\/de\/sonnenschirme-und-pergolen\/sonnenschirme-sonnenschirme-und-pergolen\/pack-sonnenschirm-aufgehangt-runde-struktur-anthrazit-naturlicher-rohstoff-3m-sockel-abdeckung-wasserdicht-mailand\/\"]}]},{\"@type\":\"ImageObject\",\"inLanguage\":\"de\",\"@id\":\"https:\/\/keramamueblesdejardin.com\/de\/sonnenschirme-und-pergolen\/sonnenschirme-sonnenschirme-und-pergolen\/pack-sonnenschirm-aufgehangt-runde-struktur-anthrazit-naturlicher-rohstoff-3m-sockel-abdeckung-wasserdicht-mailand\/#primaryimage\",\"url\":\"https:\/\/keramamueblesdejardin.com\/wp-content\/uploads\/2022\/08\/Parasol-excentrico-estructura-antracita-tejido-blanco-natural-3m-redondo.jpg\",\"contentUrl\":\"https:\/\/keramamueblesdejardin.com\/wp-content\/uploads\/2022\/08\/Parasol-excentrico-estructura-antracita-tejido-blanco-natural-3m-redondo.jpg\",\"width\":2560,\"height\":1707},{\"@type\":\"BreadcrumbList\",\"@id\":\"https:\/\/keramamueblesdejardin.com\/de\/sonnenschirme-und-pergolen\/sonnenschirme-sonnenschirme-und-pergolen\/pack-sonnenschirm-aufgehangt-runde-struktur-anthrazit-naturlicher-rohstoff-3m-sockel-abdeckung-wasserdicht-mailand\/#breadcrumb\",\"itemListElement\":[{\"@type\":\"ListItem\",\"position\":1,\"name\":\"Home\",\"item\":\"https:\/\/keramamueblesdejardin.com\/de\/\"},{\"@type\":\"ListItem\",\"position\":2,\"name\":\"Laden\",\"item\":\"https:\/\/keramamueblesdejardin.com\/de\/laden\/\"},{\"@type\":\"ListItem\",\"position\":3,\"name\":\"Sonnenschirme und Pergolen\",\"item\":\"https:\/\/keramamueblesdejardin.com\/de\/sonnenschirme-und-pergolen\/\"},{\"@type\":\"ListItem\",\"position\":4,\"name\":\"Sonnenschirme\",\"item\":\"https:\/\/keramamueblesdejardin.com\/de\/sonnenschirme-und-pergolen\/sonnenschirme-sonnenschirme-und-pergolen\/\"},{\"@type\":\"ListItem\",\"position\":5,\"name\":\"Pack Sonnenschirm h\u00e4ngende runde Struktur anthrazit roh Naturgewebe 3m + Sockel + wasserdichte Abdeckung &#8211; Mailand\"}]},{\"@type\":\"WebSite\",\"@id\":\"https:\/\/keramamueblesdejardin.com\/de\/#website\",\"url\":\"https:\/\/keramamueblesdejardin.com\/de\/\",\"name\":\"Kerama\",\"description\":\"muebles de jard\u00edn\",\"publisher\":{\"@id\":\"https:\/\/keramamueblesdejardin.com\/de\/#organization\"},\"potentialAction\":[{\"@type\":\"SearchAction\",\"target\":{\"@type\":\"EntryPoint\",\"urlTemplate\":\"https:\/\/keramamueblesdejardin.com\/de\/?s={search_term_string}\"},\"query-input\":{\"@type\":\"PropertyValueSpecification\",\"valueRequired\":true,\"valueName\":\"search_term_string\"}}],\"inLanguage\":\"de\"},{\"@type\":\"Organization\",\"@id\":\"https:\/\/keramamueblesdejardin.com\/de\/#organization\",\"name\":\"kerama\",\"url\":\"https:\/\/keramamueblesdejardin.com\/de\/\",\"logo\":{\"@type\":\"ImageObject\",\"inLanguage\":\"de\",\"@id\":\"https:\/\/keramamueblesdejardin.com\/de\/#\/schema\/logo\/image\/\",\"url\":\"https:\/\/keramamueblesdejardin.com\/wp-content\/uploads\/2020\/12\/k.-scaled.jpg\",\"contentUrl\":\"https:\/\/keramamueblesdejardin.com\/wp-content\/uploads\/2020\/12\/k.-scaled.jpg\",\"width\":2560,\"height\":551,\"caption\":\"kerama\"},\"image\":{\"@id\":\"https:\/\/keramamueblesdejardin.com\/de\/#\/schema\/logo\/image\/\"},\"sameAs\":[\"https:\/\/www.facebook.com\/Kerama-Muebles-de-Jard\u00edn-106209328312568\/\"]}]}<\/script>\n<!-- \/ Yoast SEO plugin. -->","yoast_head_json":{"title":"Pack Sonnenschirm h\u00e4ngende runde Struktur anthrazit roh Naturgewebe 3m + Sockel + wasserdichte Abdeckung - Mailand - Kerama","robots":{"index":"index","follow":"follow","max-snippet":"max-snippet:-1","max-image-preview":"max-image-preview:large","max-video-preview":"max-video-preview:-1"},"canonical":"https:\/\/keramamueblesdejardin.com\/de\/sonnenschirme-und-pergolen\/sonnenschirme-sonnenschirme-und-pergolen\/pack-sonnenschirm-aufgehangt-runde-struktur-anthrazit-naturlicher-rohstoff-3m-sockel-abdeckung-wasserdicht-mailand\/","og_locale":"de_DE","og_type":"article","og_title":"Pack Sonnenschirm h\u00e4ngende runde Struktur anthrazit roh Naturgewebe 3m + Sockel + wasserdichte Abdeckung - Mailand - Kerama","og_description":"Anthrazit-Struktur und rohes Naturgewebe  Enth\u00e4lt 4 Basen \u00e0 25 kg  Inklusive wasserdichter Schutzh\u00fclle  Messung 3m einstellbar 360\u00ba","og_url":"https:\/\/keramamueblesdejardin.com\/de\/sonnenschirme-und-pergolen\/sonnenschirme-sonnenschirme-und-pergolen\/pack-sonnenschirm-aufgehangt-runde-struktur-anthrazit-naturlicher-rohstoff-3m-sockel-abdeckung-wasserdicht-mailand\/","og_site_name":"Kerama","article_publisher":"https:\/\/www.facebook.com\/Kerama-Muebles-de-Jard%c3%adn-106209328312568\/","article_modified_time":"2023-08-30T08:12:17+00:00","og_image":[{"width":2560,"height":1707,"url":"https:\/\/keramamueblesdejardin.com\/wp-content\/uploads\/2022\/08\/Parasol-excentrico-estructura-antracita-tejido-blanco-natural-3m-redondo.jpg","type":"image\/jpeg"}],"twitter_card":"summary_large_image","twitter_misc":{"Gesch\u00e4tzte Lesezeit":"1\u00a0Minute"},"schema":{"@context":"https:\/\/schema.org","@graph":[{"@type":"WebPage","@id":"https:\/\/keramamueblesdejardin.com\/de\/sonnenschirme-und-pergolen\/sonnenschirme-sonnenschirme-und-pergolen\/pack-sonnenschirm-aufgehangt-runde-struktur-anthrazit-naturlicher-rohstoff-3m-sockel-abdeckung-wasserdicht-mailand\/","url":"https:\/\/keramamueblesdejardin.com\/de\/sonnenschirme-und-pergolen\/sonnenschirme-sonnenschirme-und-pergolen\/pack-sonnenschirm-aufgehangt-runde-struktur-anthrazit-naturlicher-rohstoff-3m-sockel-abdeckung-wasserdicht-mailand\/","name":"Pack Sonnenschirm h\u00e4ngende runde Struktur anthrazit roh Naturgewebe 3m + Sockel + wasserdichte Abdeckung - Mailand - Kerama","isPartOf":{"@id":"https:\/\/keramamueblesdejardin.com\/de\/#website"},"primaryImageOfPage":{"@id":"https:\/\/keramamueblesdejardin.com\/de\/sonnenschirme-und-pergolen\/sonnenschirme-sonnenschirme-und-pergolen\/pack-sonnenschirm-aufgehangt-runde-struktur-anthrazit-naturlicher-rohstoff-3m-sockel-abdeckung-wasserdicht-mailand\/#primaryimage"},"image":{"@id":"https:\/\/keramamueblesdejardin.com\/de\/sonnenschirme-und-pergolen\/sonnenschirme-sonnenschirme-und-pergolen\/pack-sonnenschirm-aufgehangt-runde-struktur-anthrazit-naturlicher-rohstoff-3m-sockel-abdeckung-wasserdicht-mailand\/#primaryimage"},"thumbnailUrl":"https:\/\/keramamueblesdejardin.com\/wp-content\/uploads\/2022\/08\/Parasol-excentrico-estructura-antracita-tejido-blanco-natural-3m-redondo.jpg","datePublished":"2022-08-30T10:42:07+00:00","dateModified":"2023-08-30T08:12:17+00:00","breadcrumb":{"@id":"https:\/\/keramamueblesdejardin.com\/de\/sonnenschirme-und-pergolen\/sonnenschirme-sonnenschirme-und-pergolen\/pack-sonnenschirm-aufgehangt-runde-struktur-anthrazit-naturlicher-rohstoff-3m-sockel-abdeckung-wasserdicht-mailand\/#breadcrumb"},"inLanguage":"de","potentialAction":[{"@type":"ReadAction","target":["https:\/\/keramamueblesdejardin.com\/de\/sonnenschirme-und-pergolen\/sonnenschirme-sonnenschirme-und-pergolen\/pack-sonnenschirm-aufgehangt-runde-struktur-anthrazit-naturlicher-rohstoff-3m-sockel-abdeckung-wasserdicht-mailand\/"]}]},{"@type":"ImageObject","inLanguage":"de","@id":"https:\/\/keramamueblesdejardin.com\/de\/sonnenschirme-und-pergolen\/sonnenschirme-sonnenschirme-und-pergolen\/pack-sonnenschirm-aufgehangt-runde-struktur-anthrazit-naturlicher-rohstoff-3m-sockel-abdeckung-wasserdicht-mailand\/#primaryimage","url":"https:\/\/keramamueblesdejardin.com\/wp-content\/uploads\/2022\/08\/Parasol-excentrico-estructura-antracita-tejido-blanco-natural-3m-redondo.jpg","contentUrl":"https:\/\/keramamueblesdejardin.com\/wp-content\/uploads\/2022\/08\/Parasol-excentrico-estructura-antracita-tejido-blanco-natural-3m-redondo.jpg","width":2560,"height":1707},{"@type":"BreadcrumbList","@id":"https:\/\/keramamueblesdejardin.com\/de\/sonnenschirme-und-pergolen\/sonnenschirme-sonnenschirme-und-pergolen\/pack-sonnenschirm-aufgehangt-runde-struktur-anthrazit-naturlicher-rohstoff-3m-sockel-abdeckung-wasserdicht-mailand\/#breadcrumb","itemListElement":[{"@type":"ListItem","position":1,"name":"Home","item":"https:\/\/keramamueblesdejardin.com\/de\/"},{"@type":"ListItem","position":2,"name":"Laden","item":"https:\/\/keramamueblesdejardin.com\/de\/laden\/"},{"@type":"ListItem","position":3,"name":"Sonnenschirme und Pergolen","item":"https:\/\/keramamueblesdejardin.com\/de\/sonnenschirme-und-pergolen\/"},{"@type":"ListItem","position":4,"name":"Sonnenschirme","item":"https:\/\/keramamueblesdejardin.com\/de\/sonnenschirme-und-pergolen\/sonnenschirme-sonnenschirme-und-pergolen\/"},{"@type":"ListItem","position":5,"name":"Pack Sonnenschirm h\u00e4ngende runde Struktur anthrazit roh Naturgewebe 3m + Sockel + wasserdichte Abdeckung &#8211; Mailand"}]},{"@type":"WebSite","@id":"https:\/\/keramamueblesdejardin.com\/de\/#website","url":"https:\/\/keramamueblesdejardin.com\/de\/","name":"Kerama","description":"muebles de jard\u00edn","publisher":{"@id":"https:\/\/keramamueblesdejardin.com\/de\/#organization"},"potentialAction":[{"@type":"SearchAction","target":{"@type":"EntryPoint","urlTemplate":"https:\/\/keramamueblesdejardin.com\/de\/?s={search_term_string}"},"query-input":{"@type":"PropertyValueSpecification","valueRequired":true,"valueName":"search_term_string"}}],"inLanguage":"de"},{"@type":"Organization","@id":"https:\/\/keramamueblesdejardin.com\/de\/#organization","name":"kerama","url":"https:\/\/keramamueblesdejardin.com\/de\/","logo":{"@type":"ImageObject","inLanguage":"de","@id":"https:\/\/keramamueblesdejardin.com\/de\/#\/schema\/logo\/image\/","url":"https:\/\/keramamueblesdejardin.com\/wp-content\/uploads\/2020\/12\/k.-scaled.jpg","contentUrl":"https:\/\/keramamueblesdejardin.com\/wp-content\/uploads\/2020\/12\/k.-scaled.jpg","width":2560,"height":551,"caption":"kerama"},"image":{"@id":"https:\/\/keramamueblesdejardin.com\/de\/#\/schema\/logo\/image\/"},"sameAs":["https:\/\/www.facebook.com\/Kerama-Muebles-de-Jard\u00edn-106209328312568\/"]}]}},"df_price":629,"df_sale_price":629,"df_regular_price":766,"df_image_link":"https:\/\/keramamueblesdejardin.com\/wp-content\/uploads\/2022\/08\/Parasol-excentrico-estructura-antracita-tejido-blanco-natural-3m-redondo-300x200.jpg","custom_tabs":"","_links":{"self":[{"href":"https:\/\/keramamueblesdejardin.com\/de\/wp-json\/wp\/v2\/product\/118178","targetHints":{"allow":["GET"]}}],"collection":[{"href":"https:\/\/keramamueblesdejardin.com\/de\/wp-json\/wp\/v2\/product"}],"about":[{"href":"https:\/\/keramamueblesdejardin.com\/de\/wp-json\/wp\/v2\/types\/product"}],"replies":[{"embeddable":true,"href":"https:\/\/keramamueblesdejardin.com\/de\/wp-json\/wp\/v2\/comments?post=118178"}],"wp:featuredmedia":[{"embeddable":true,"href":"https:\/\/keramamueblesdejardin.com\/de\/wp-json\/wp\/v2\/media\/118160"}],"wp:attachment":[{"href":"https:\/\/keramamueblesdejardin.com\/de\/wp-json\/wp\/v2\/media?parent=118178"}],"wp:term":[{"taxonomy":"product_brand","embeddable":true,"href":"https:\/\/keramamueblesdejardin.com\/de\/wp-json\/wp\/v2\/product_brand?post=118178"},{"taxonomy":"product_cat","embeddable":true,"href":"https:\/\/keramamueblesdejardin.com\/de\/wp-json\/wp\/v2\/product_cat?post=118178"},{"taxonomy":"product_tag","embeddable":true,"href":"https:\/\/keramamueblesdejardin.com\/de\/wp-json\/wp\/v2\/product_tag?post=118178"}],"curies":[{"name":"wp","href":"https:\/\/api.w.org\/{rel}","templated":true}]}}