{"id":118122,"date":"2022-09-13T15:23:46","date_gmt":"2022-09-13T13:23:46","guid":{"rendered":"https:\/\/keramamueblesdejardin.com\/uncategorized\/3-sitzer-sofa-aus-aluminium-und-synthetischem-rattan-mit-kissen-bologna\/"},"modified":"2023-08-30T10:22:00","modified_gmt":"2023-08-30T08:22:00","slug":"sofa-3-sitzer-aluminium-und-ratan-synthetik-mit-kissen-bologna","status":"publish","type":"product","link":"https:\/\/keramamueblesdejardin.com\/de\/lounges-im-freien\/gartensofas\/sofa-3-sitzer-aluminium-und-ratan-synthetik-mit-kissen-bologna\/","title":{"rendered":"3-Sitzer-Sofa aus Aluminium und synthetischem Rattan mit Kissen \u2013 Bologna"},"content":{"rendered":"<p>Dreisitzer-Outdoor-Sofa mit Aluminiumstruktur und handgeflochtenem synthetischem Rattan in dunklem Beigebraun und 230 g Polyesterkissen. Die Kissen f\u00fcr Sitz und R\u00fcckenlehne sind aus beigefarbenem Polyester und abnehmbar. Die F\u00fcllung des Bodens besteht aus 22D-Schaumstoff und ist 10 cm dick. Gr\u00f6\u00dfe: 204x78x84cm. Das R\u00fcckenkissen ist mit Polyesterfaser gef\u00fcllt. Sie k\u00f6nnen es mit den verschiedenen Elementen der Bologna-Familie kombinieren, um Ihre Terrasse oder Ihren Garten zu vervollst\u00e4ndigen und keine Details zu verpassen.<\/p>\n","protected":false},"excerpt":{"rendered":"<ul>\n<li>Dreisitzer-Sofa mit Aluminiumstruktur und dunkelbeigem geflochtenem synthetischem Rattan<\/li>\n<li>Beigefarbene abnehmbare Kissen<\/li>\n<li>Ma\u00dfe: 204x78x84cm<\/li>\n<li>Sie k\u00f6nnen es mit den verschiedenen Elementen der Bologna-Familie kombinieren<\/li>\n<\/ul>\n","protected":false},"featured_media":118009,"comment_status":"closed","ping_status":"open","template":"","meta":{"_acf_changed":false},"product_brand":[],"product_cat":[3371,3234],"product_tag":[3301,3242,3284],"class_list":{"0":"post-118122","1":"product","2":"type-product","3":"status-publish","4":"has-post-thumbnail","6":"product_cat-gartensofas","7":"product_cat-lounges-im-freien","8":"product_tag-bologna-de","9":"product_tag-grose-raume","10":"product_tag-rattan-de","11":"product_shipping_class-envio-gratuito-de","12":"pa_asientos-3-de","13":"pa_caracteristicas-waschbare-bezuge","14":"pa_coleccion-bologna-de","15":"pa_material-holz","16":"pa_material-rattan-de","18":"first","19":"instock","20":"sale","21":"purchasable","22":"product-type-simple","23":"add-to-wishlist-before_image"},"acf":[],"yoast_head":"<!-- This site is optimized with the Yoast SEO plugin v27.2 - https:\/\/yoast.com\/product\/yoast-seo-wordpress\/ -->\n<title>3-Sitzer-Sofa aus Aluminium und synthetischem Rattan mit Kissen \u2013 Bologna - Kerama<\/title>\n<meta name=\"robots\" content=\"index, follow, max-snippet:-1, max-image-preview:large, max-video-preview:-1\" \/>\n<link rel=\"canonical\" href=\"https:\/\/keramamueblesdejardin.com\/de\/lounges-im-freien\/gartensofas\/sofa-3-sitzer-aluminium-und-ratan-synthetik-mit-kissen-bologna\/\" \/>\n<meta property=\"og:locale\" content=\"de_DE\" \/>\n<meta property=\"og:type\" content=\"article\" \/>\n<meta property=\"og:title\" content=\"3-Sitzer-Sofa aus Aluminium und synthetischem Rattan mit Kissen \u2013 Bologna - Kerama\" \/>\n<meta property=\"og:description\" content=\"Dreisitzer-Sofa mit Aluminiumstruktur und dunkelbeigem geflochtenem synthetischem Rattan  Beigefarbene abnehmbare Kissen  Ma\u00dfe: 204x78x84cm  Sie k\u00f6nnen es mit den verschiedenen Elementen der Bologna-Familie kombinieren\" \/>\n<meta property=\"og:url\" content=\"https:\/\/keramamueblesdejardin.com\/de\/lounges-im-freien\/gartensofas\/sofa-3-sitzer-aluminium-und-ratan-synthetik-mit-kissen-bologna\/\" \/>\n<meta property=\"og:site_name\" content=\"Kerama\" \/>\n<meta property=\"article:publisher\" content=\"https:\/\/www.facebook.com\/Kerama-Muebles-de-Jard%c3%adn-106209328312568\/\" \/>\n<meta property=\"article:modified_time\" content=\"2023-08-30T08:22:00+00:00\" \/>\n<meta property=\"og:image\" content=\"https:\/\/keramamueblesdejardin.com\/wp-content\/uploads\/2022\/09\/bolonia-sofa-3-plazas-e1697462935404.jpg\" \/>\n\t<meta property=\"og:image:width\" content=\"1200\" \/>\n\t<meta property=\"og:image:height\" content=\"1200\" \/>\n\t<meta property=\"og:image:type\" content=\"image\/jpeg\" \/>\n<meta name=\"twitter:card\" content=\"summary_large_image\" \/>\n<script type=\"application\/ld+json\" class=\"yoast-schema-graph\">{\"@context\":\"https:\/\/schema.org\",\"@graph\":[{\"@type\":\"WebPage\",\"@id\":\"https:\/\/keramamueblesdejardin.com\/de\/lounges-im-freien\/gartensofas\/sofa-3-sitzer-aluminium-und-ratan-synthetik-mit-kissen-bologna\/\",\"url\":\"https:\/\/keramamueblesdejardin.com\/de\/lounges-im-freien\/gartensofas\/sofa-3-sitzer-aluminium-und-ratan-synthetik-mit-kissen-bologna\/\",\"name\":\"3-Sitzer-Sofa aus Aluminium und synthetischem Rattan mit Kissen \u2013 Bologna - Kerama\",\"isPartOf\":{\"@id\":\"https:\/\/keramamueblesdejardin.com\/de\/#website\"},\"primaryImageOfPage\":{\"@id\":\"https:\/\/keramamueblesdejardin.com\/de\/lounges-im-freien\/gartensofas\/sofa-3-sitzer-aluminium-und-ratan-synthetik-mit-kissen-bologna\/#primaryimage\"},\"image\":{\"@id\":\"https:\/\/keramamueblesdejardin.com\/de\/lounges-im-freien\/gartensofas\/sofa-3-sitzer-aluminium-und-ratan-synthetik-mit-kissen-bologna\/#primaryimage\"},\"thumbnailUrl\":\"https:\/\/keramamueblesdejardin.com\/wp-content\/uploads\/2022\/09\/bolonia-sofa-3-plazas-e1697462935404.jpg\",\"datePublished\":\"2022-09-13T13:23:46+00:00\",\"dateModified\":\"2023-08-30T08:22:00+00:00\",\"breadcrumb\":{\"@id\":\"https:\/\/keramamueblesdejardin.com\/de\/lounges-im-freien\/gartensofas\/sofa-3-sitzer-aluminium-und-ratan-synthetik-mit-kissen-bologna\/#breadcrumb\"},\"inLanguage\":\"de\",\"potentialAction\":[{\"@type\":\"ReadAction\",\"target\":[\"https:\/\/keramamueblesdejardin.com\/de\/lounges-im-freien\/gartensofas\/sofa-3-sitzer-aluminium-und-ratan-synthetik-mit-kissen-bologna\/\"]}]},{\"@type\":\"ImageObject\",\"inLanguage\":\"de\",\"@id\":\"https:\/\/keramamueblesdejardin.com\/de\/lounges-im-freien\/gartensofas\/sofa-3-sitzer-aluminium-und-ratan-synthetik-mit-kissen-bologna\/#primaryimage\",\"url\":\"https:\/\/keramamueblesdejardin.com\/wp-content\/uploads\/2022\/09\/bolonia-sofa-3-plazas-e1697462935404.jpg\",\"contentUrl\":\"https:\/\/keramamueblesdejardin.com\/wp-content\/uploads\/2022\/09\/bolonia-sofa-3-plazas-e1697462935404.jpg\",\"width\":1200,\"height\":1200},{\"@type\":\"BreadcrumbList\",\"@id\":\"https:\/\/keramamueblesdejardin.com\/de\/lounges-im-freien\/gartensofas\/sofa-3-sitzer-aluminium-und-ratan-synthetik-mit-kissen-bologna\/#breadcrumb\",\"itemListElement\":[{\"@type\":\"ListItem\",\"position\":1,\"name\":\"Home\",\"item\":\"https:\/\/keramamueblesdejardin.com\/de\/\"},{\"@type\":\"ListItem\",\"position\":2,\"name\":\"Laden\",\"item\":\"https:\/\/keramamueblesdejardin.com\/de\/laden\/\"},{\"@type\":\"ListItem\",\"position\":3,\"name\":\"Lounges im Freien\",\"item\":\"https:\/\/keramamueblesdejardin.com\/de\/lounges-im-freien\/\"},{\"@type\":\"ListItem\",\"position\":4,\"name\":\"Gartensofas\",\"item\":\"https:\/\/keramamueblesdejardin.com\/de\/lounges-im-freien\/gartensofas\/\"},{\"@type\":\"ListItem\",\"position\":5,\"name\":\"3-Sitzer-Sofa aus Aluminium und synthetischem Rattan mit Kissen \u2013 Bologna\"}]},{\"@type\":\"WebSite\",\"@id\":\"https:\/\/keramamueblesdejardin.com\/de\/#website\",\"url\":\"https:\/\/keramamueblesdejardin.com\/de\/\",\"name\":\"Kerama\",\"description\":\"muebles de jard\u00edn\",\"publisher\":{\"@id\":\"https:\/\/keramamueblesdejardin.com\/de\/#organization\"},\"potentialAction\":[{\"@type\":\"SearchAction\",\"target\":{\"@type\":\"EntryPoint\",\"urlTemplate\":\"https:\/\/keramamueblesdejardin.com\/de\/?s={search_term_string}\"},\"query-input\":{\"@type\":\"PropertyValueSpecification\",\"valueRequired\":true,\"valueName\":\"search_term_string\"}}],\"inLanguage\":\"de\"},{\"@type\":\"Organization\",\"@id\":\"https:\/\/keramamueblesdejardin.com\/de\/#organization\",\"name\":\"kerama\",\"url\":\"https:\/\/keramamueblesdejardin.com\/de\/\",\"logo\":{\"@type\":\"ImageObject\",\"inLanguage\":\"de\",\"@id\":\"https:\/\/keramamueblesdejardin.com\/de\/#\/schema\/logo\/image\/\",\"url\":\"https:\/\/keramamueblesdejardin.com\/wp-content\/uploads\/2020\/12\/k.-scaled.jpg\",\"contentUrl\":\"https:\/\/keramamueblesdejardin.com\/wp-content\/uploads\/2020\/12\/k.-scaled.jpg\",\"width\":2560,\"height\":551,\"caption\":\"kerama\"},\"image\":{\"@id\":\"https:\/\/keramamueblesdejardin.com\/de\/#\/schema\/logo\/image\/\"},\"sameAs\":[\"https:\/\/www.facebook.com\/Kerama-Muebles-de-Jard\u00edn-106209328312568\/\"]}]}<\/script>\n<!-- \/ Yoast SEO plugin. -->","yoast_head_json":{"title":"3-Sitzer-Sofa aus Aluminium und synthetischem Rattan mit Kissen \u2013 Bologna - Kerama","robots":{"index":"index","follow":"follow","max-snippet":"max-snippet:-1","max-image-preview":"max-image-preview:large","max-video-preview":"max-video-preview:-1"},"canonical":"https:\/\/keramamueblesdejardin.com\/de\/lounges-im-freien\/gartensofas\/sofa-3-sitzer-aluminium-und-ratan-synthetik-mit-kissen-bologna\/","og_locale":"de_DE","og_type":"article","og_title":"3-Sitzer-Sofa aus Aluminium und synthetischem Rattan mit Kissen \u2013 Bologna - Kerama","og_description":"Dreisitzer-Sofa mit Aluminiumstruktur und dunkelbeigem geflochtenem synthetischem Rattan  Beigefarbene abnehmbare Kissen  Ma\u00dfe: 204x78x84cm  Sie k\u00f6nnen es mit den verschiedenen Elementen der Bologna-Familie kombinieren","og_url":"https:\/\/keramamueblesdejardin.com\/de\/lounges-im-freien\/gartensofas\/sofa-3-sitzer-aluminium-und-ratan-synthetik-mit-kissen-bologna\/","og_site_name":"Kerama","article_publisher":"https:\/\/www.facebook.com\/Kerama-Muebles-de-Jard%c3%adn-106209328312568\/","article_modified_time":"2023-08-30T08:22:00+00:00","og_image":[{"width":1200,"height":1200,"url":"https:\/\/keramamueblesdejardin.com\/wp-content\/uploads\/2022\/09\/bolonia-sofa-3-plazas-e1697462935404.jpg","type":"image\/jpeg"}],"twitter_card":"summary_large_image","schema":{"@context":"https:\/\/schema.org","@graph":[{"@type":"WebPage","@id":"https:\/\/keramamueblesdejardin.com\/de\/lounges-im-freien\/gartensofas\/sofa-3-sitzer-aluminium-und-ratan-synthetik-mit-kissen-bologna\/","url":"https:\/\/keramamueblesdejardin.com\/de\/lounges-im-freien\/gartensofas\/sofa-3-sitzer-aluminium-und-ratan-synthetik-mit-kissen-bologna\/","name":"3-Sitzer-Sofa aus Aluminium und synthetischem Rattan mit Kissen \u2013 Bologna - Kerama","isPartOf":{"@id":"https:\/\/keramamueblesdejardin.com\/de\/#website"},"primaryImageOfPage":{"@id":"https:\/\/keramamueblesdejardin.com\/de\/lounges-im-freien\/gartensofas\/sofa-3-sitzer-aluminium-und-ratan-synthetik-mit-kissen-bologna\/#primaryimage"},"image":{"@id":"https:\/\/keramamueblesdejardin.com\/de\/lounges-im-freien\/gartensofas\/sofa-3-sitzer-aluminium-und-ratan-synthetik-mit-kissen-bologna\/#primaryimage"},"thumbnailUrl":"https:\/\/keramamueblesdejardin.com\/wp-content\/uploads\/2022\/09\/bolonia-sofa-3-plazas-e1697462935404.jpg","datePublished":"2022-09-13T13:23:46+00:00","dateModified":"2023-08-30T08:22:00+00:00","breadcrumb":{"@id":"https:\/\/keramamueblesdejardin.com\/de\/lounges-im-freien\/gartensofas\/sofa-3-sitzer-aluminium-und-ratan-synthetik-mit-kissen-bologna\/#breadcrumb"},"inLanguage":"de","potentialAction":[{"@type":"ReadAction","target":["https:\/\/keramamueblesdejardin.com\/de\/lounges-im-freien\/gartensofas\/sofa-3-sitzer-aluminium-und-ratan-synthetik-mit-kissen-bologna\/"]}]},{"@type":"ImageObject","inLanguage":"de","@id":"https:\/\/keramamueblesdejardin.com\/de\/lounges-im-freien\/gartensofas\/sofa-3-sitzer-aluminium-und-ratan-synthetik-mit-kissen-bologna\/#primaryimage","url":"https:\/\/keramamueblesdejardin.com\/wp-content\/uploads\/2022\/09\/bolonia-sofa-3-plazas-e1697462935404.jpg","contentUrl":"https:\/\/keramamueblesdejardin.com\/wp-content\/uploads\/2022\/09\/bolonia-sofa-3-plazas-e1697462935404.jpg","width":1200,"height":1200},{"@type":"BreadcrumbList","@id":"https:\/\/keramamueblesdejardin.com\/de\/lounges-im-freien\/gartensofas\/sofa-3-sitzer-aluminium-und-ratan-synthetik-mit-kissen-bologna\/#breadcrumb","itemListElement":[{"@type":"ListItem","position":1,"name":"Home","item":"https:\/\/keramamueblesdejardin.com\/de\/"},{"@type":"ListItem","position":2,"name":"Laden","item":"https:\/\/keramamueblesdejardin.com\/de\/laden\/"},{"@type":"ListItem","position":3,"name":"Lounges im Freien","item":"https:\/\/keramamueblesdejardin.com\/de\/lounges-im-freien\/"},{"@type":"ListItem","position":4,"name":"Gartensofas","item":"https:\/\/keramamueblesdejardin.com\/de\/lounges-im-freien\/gartensofas\/"},{"@type":"ListItem","position":5,"name":"3-Sitzer-Sofa aus Aluminium und synthetischem Rattan mit Kissen \u2013 Bologna"}]},{"@type":"WebSite","@id":"https:\/\/keramamueblesdejardin.com\/de\/#website","url":"https:\/\/keramamueblesdejardin.com\/de\/","name":"Kerama","description":"muebles de jard\u00edn","publisher":{"@id":"https:\/\/keramamueblesdejardin.com\/de\/#organization"},"potentialAction":[{"@type":"SearchAction","target":{"@type":"EntryPoint","urlTemplate":"https:\/\/keramamueblesdejardin.com\/de\/?s={search_term_string}"},"query-input":{"@type":"PropertyValueSpecification","valueRequired":true,"valueName":"search_term_string"}}],"inLanguage":"de"},{"@type":"Organization","@id":"https:\/\/keramamueblesdejardin.com\/de\/#organization","name":"kerama","url":"https:\/\/keramamueblesdejardin.com\/de\/","logo":{"@type":"ImageObject","inLanguage":"de","@id":"https:\/\/keramamueblesdejardin.com\/de\/#\/schema\/logo\/image\/","url":"https:\/\/keramamueblesdejardin.com\/wp-content\/uploads\/2020\/12\/k.-scaled.jpg","contentUrl":"https:\/\/keramamueblesdejardin.com\/wp-content\/uploads\/2020\/12\/k.-scaled.jpg","width":2560,"height":551,"caption":"kerama"},"image":{"@id":"https:\/\/keramamueblesdejardin.com\/de\/#\/schema\/logo\/image\/"},"sameAs":["https:\/\/www.facebook.com\/Kerama-Muebles-de-Jard\u00edn-106209328312568\/"]}]}},"df_price":749,"df_sale_price":749,"df_regular_price":922,"df_image_link":"https:\/\/keramamueblesdejardin.com\/wp-content\/uploads\/2022\/09\/bolonia-sofa-3-plazas-300x300.jpg","custom_tabs":[{"title":"MESSUNG","id":"messung","content":"<div class=\"list\"><strong>H\u00f6he<\/strong>: 78cm\n<strong>Breite<\/strong>: 204cm\n<strong>Tiefe<\/strong>: 84cm<\/div>\n<div>\n<div>Sitzh\u00f6he: 45cm<\/div>\n<div><strong>Sitztiefe mit Kissen: <\/strong>51cm<\/div>\n<div><strong>Sitztiefe ohne Kissen <\/strong><b>: <\/b>62cm<\/div>\n<\/div>"},{"title":"AUSPACKEN UND MONTIEREN","id":"auspacken-und-montieren","content":"<div class=\"list\"><strong style=\"font-weight: bold; color: #282828;\">Empfehlungen zum<\/strong> Auspacken: <span style=\"color: #282828;\"> Verwenden Sie beim Auspacken der M\u00f6bel keine scharfen Utensilien, da dies zu Besch\u00e4digungen f\u00fchren kann<\/span><br style=\"color: #282828;\"><strong style=\"font-weight: bold; color: #282828;\">Montage erforderlich (ja\/nein):<\/strong><span style=\"color: #282828;\"> Ja<\/span><br style=\"color: #282828;\"><strong style=\"font-weight: bold; color: #282828;\">Schwierigkeitsgrad der Montage:<\/strong><span style=\"color: #282828;\"> Mittel<\/span><br style=\"color: #282828;\"><strong style=\"font-weight: bold; color: #282828;\">Aufbauzeit:<\/strong><span style=\"color: #282828;\"> 60 Minuten<\/span><br style=\"color: #282828;\"><strong style=\"font-weight: bold; color: #282828;\">Empfohlene Personen f\u00fcr die Montage:<\/strong><span style=\"color: #282828;\"> 2<\/span><br style=\"color: #282828;\"><strong style=\"font-weight: bold; color: #282828;\">Montagevorschl\u00e4ge:<\/strong><span style=\"color: #282828;\">  Bereiten Sie einen sauberen und trockenen Montagebereich vor und stellen Sie sicher, dass keines der im Handbuch angegebenen Teile fehlt. Wir empfehlen das Tragen von Montagehandschuhen. Verwenden Sie nur die mitgelieferten Teile und Hardware. Wir empfehlen NICHT den Kauf mit Montageoption f\u00fcr diesen Artikel, da der Montageschwierigkeitsgrad sehr gering ist.<\/span><\/div>"},{"title":"WARTUNG UND GARANTIEN","id":"wartung-und-garantien","content":"<div class=\"moz-signature\">\n<div class=\"list\"><strong>Allgemeine Empfehlungen:<\/strong>\n\u2022 Pannen oder Sch\u00e4den, die verursacht werden durch:\n\u2022 Zuf\u00e4llige Ursachen wie St\u00fcrze, Schl\u00e4ge, Versch\u00fctten von Fl\u00fcssigkeiten, Einschleppen von Fremdk\u00f6rpern sowie andere h\u00f6here Gewalt.\n\u2022 Fahrl\u00e4ssiger, unsachgem\u00e4\u00dfer oder nicht h\u00e4uslicher Gebrauch.\n\u2022 Besch\u00e4digung, Korrosion und\/oder Oxidation beschleunigt durch widrige Umweltbedingungen\n\u2022 Flecken und Verf\u00e4rbungen durch Nichtbeachtung unserer Reinigungsanweisungen\n\u2022 Sch\u00e4den, die w\u00e4hrend der Montage und Handhabung auftreten, ohne die angegebenen Montageanweisungen befolgt zu haben.\n<strong>Gebrauchs- und Wartungshinweise:<\/strong>\n\u2022 Reinigen Sie mit Hilfe eines Tuchs vorsichtig oder verwenden Sie eine neutrale Fl\u00fcssigseife und sp\u00fclen Sie sie mit viel Wasser ab.\n\u2022 Entfernen Sie Staub regelm\u00e4\u00dfig mit Hilfe eines weichen Tuchs und klarem Wasser.\n\u2022 Verwenden Sie zum Reinigen keine Reinigungsmittel oder Scheuermittel.\nJahre <strong>Garantie: 3 Jahre<\/strong>\n<strong>Hergestellt nach Norm:<\/strong> 581-1.581-2.581-3<\/div>\n<\/div>"}],"_links":{"self":[{"href":"https:\/\/keramamueblesdejardin.com\/de\/wp-json\/wp\/v2\/product\/118122","targetHints":{"allow":["GET"]}}],"collection":[{"href":"https:\/\/keramamueblesdejardin.com\/de\/wp-json\/wp\/v2\/product"}],"about":[{"href":"https:\/\/keramamueblesdejardin.com\/de\/wp-json\/wp\/v2\/types\/product"}],"replies":[{"embeddable":true,"href":"https:\/\/keramamueblesdejardin.com\/de\/wp-json\/wp\/v2\/comments?post=118122"}],"wp:featuredmedia":[{"embeddable":true,"href":"https:\/\/keramamueblesdejardin.com\/de\/wp-json\/wp\/v2\/media\/118009"}],"wp:attachment":[{"href":"https:\/\/keramamueblesdejardin.com\/de\/wp-json\/wp\/v2\/media?parent=118122"}],"wp:term":[{"taxonomy":"product_brand","embeddable":true,"href":"https:\/\/keramamueblesdejardin.com\/de\/wp-json\/wp\/v2\/product_brand?post=118122"},{"taxonomy":"product_cat","embeddable":true,"href":"https:\/\/keramamueblesdejardin.com\/de\/wp-json\/wp\/v2\/product_cat?post=118122"},{"taxonomy":"product_tag","embeddable":true,"href":"https:\/\/keramamueblesdejardin.com\/de\/wp-json\/wp\/v2\/product_tag?post=118122"}],"curies":[{"name":"wp","href":"https:\/\/api.w.org\/{rel}","templated":true}]}}