{"id":117976,"date":"2022-09-13T15:24:03","date_gmt":"2022-09-13T13:24:03","guid":{"rendered":"https:\/\/keramamueblesdejardin.com\/uncategorized\/sonnenliege-aus-aluminium-anthrazit-und-polyethylen-hoher-dichte-mit-holzeffekt-und-raedern-osaka-anthrazit\/"},"modified":"2024-08-07T12:55:42","modified_gmt":"2024-08-07T10:55:42","slug":"sonnenliege-aluminium-anthrazit-und-polyethylen-high-density-holzimitat-mit-radern-osaka-anthrazit","status":"publish","type":"product","link":"https:\/\/keramamueblesdejardin.com\/de\/liegestuhle-und-ruhe\/liegen\/sonnenliege-aluminium-anthrazit-und-polyethylen-high-density-holzimitat-mit-radern-osaka-anthrazit\/","title":{"rendered":"Sonnenliege aus Aluminium Anthrazit und Polyethylen hoher Dichte mit Holzeffekt und R\u00e4dern &#8211; Osaka Anthrazit"},"content":{"rendered":"<p>Die Terrasse Patio aus anthrazitfarbenem Aluminium und Lamellen aus Polywood-Holzimitat Osaka ist perfekt f\u00fcr Garten oder Terrasse. Die Sitzfl\u00e4che und die R\u00fcckenlehne sind aus Polywood-Lattenrost in Holzoptik gefertigt. Die Osaka Liege hat eine solide, wetterfeste Struktur, die sich ideal eignet, um ein Gartenensemble zu bilden, das das ganze Jahr \u00fcber gepflegt werden kann. Dar\u00fcber hinaus ist es verstellbar und hat R\u00e4der, was seinen Komfort verbessert und erleichtert Die Latten aus Polyholz sehen aus wie Holz, eliminieren jedoch die Wartung und Behandlung, die Holz mit sich bringt, da es sich um ein sehr widerstandsf\u00e4higes synthetisches Material handelt.<\/p>\n<p><span data-sheets-value=\"{\"1\":3,\"3\":44918}\" data-sheets-userformat=\"{\"2\":515,\"3\":{\"1\":5,\"2\":\"d\/m\/yy\",\"3\":1},\"4\":{\"1\":2,\"2\":65280},\"12\":0}\">Sie k\u00f6nnen diese Liege mit anderen Produkten der <strong><br \/>\n  <a title=\"Osaka Produktsortiment\" href=\"https:\/\/keramamueblesdejardin.com\/etiqueta\/osaka\/\" rel=\"noopener\">Osaka-Familie kombinieren.<\/a><br \/>\n<\/strong><\/span><\/p>\n","protected":false},"excerpt":{"rendered":"<ul>\n<li>Gestell aus anthrazitfarbenem Aluminium und Lamellen aus Polywood-Holzimitat<\/li>\n<li>Inklusive R\u00e4der f\u00fcr einfachen Transport<\/li>\n<li>5-fach verstellbare R\u00fcckenlehne<\/li>\n<li>Ma\u00dfe : 195x65x36 cm<\/li>\n<\/ul>\n","protected":false},"featured_media":117980,"comment_status":"closed","ping_status":"closed","template":"","meta":{"_acf_changed":false},"product_brand":[],"product_cat":[3237,3236],"product_tag":[],"class_list":{"0":"post-117976","1":"product","2":"type-product","3":"status-publish","4":"has-post-thumbnail","6":"product_cat-liegen","7":"product_cat-liegestuhle-und-ruhe","8":"product_shipping_class-envio-gratuito-de","9":"pa_caracteristicas-klapp","10":"pa_coleccion-osaka-de","11":"pa_material-aluminium","12":"pa_material-holzimitat","14":"first","15":"instock","16":"sale","17":"purchasable","18":"product-type-simple","19":"add-to-wishlist-before_image"},"acf":[],"yoast_head":"<!-- This site is optimized with the Yoast SEO plugin v27.4 - https:\/\/yoast.com\/product\/yoast-seo-wordpress\/ -->\n<title>Sonnenliege aus Aluminium Anthrazit und Polyethylen hoher Dichte mit Holzeffekt und R\u00e4dern - Osaka Anthrazit - Kerama<\/title>\n<meta name=\"robots\" content=\"index, follow, max-snippet:-1, max-image-preview:large, max-video-preview:-1\" \/>\n<link rel=\"canonical\" href=\"https:\/\/keramamueblesdejardin.com\/de\/liegestuhle-und-ruhe\/liegen\/sonnenliege-aluminium-anthrazit-und-polyethylen-high-density-holzimitat-mit-radern-osaka-anthrazit\/\" \/>\n<meta property=\"og:locale\" content=\"de_DE\" \/>\n<meta property=\"og:type\" content=\"article\" \/>\n<meta property=\"og:title\" content=\"Sonnenliege aus Aluminium Anthrazit und Polyethylen hoher Dichte mit Holzeffekt und R\u00e4dern - Osaka Anthrazit - Kerama\" \/>\n<meta property=\"og:description\" content=\"Gestell aus anthrazitfarbenem Aluminium und Lamellen aus Polywood-Holzimitat  Inklusive R\u00e4der f\u00fcr einfachen Transport  5-fach verstellbare R\u00fcckenlehne  Ma\u00dfe : 195x65x36 cm\" \/>\n<meta property=\"og:url\" content=\"https:\/\/keramamueblesdejardin.com\/de\/liegestuhle-und-ruhe\/liegen\/sonnenliege-aluminium-anthrazit-und-polyethylen-high-density-holzimitat-mit-radern-osaka-anthrazit\/\" \/>\n<meta property=\"og:site_name\" content=\"Kerama\" \/>\n<meta property=\"article:publisher\" content=\"https:\/\/www.facebook.com\/Kerama-Muebles-de-Jard%c3%adn-106209328312568\/\" \/>\n<meta property=\"article:modified_time\" content=\"2024-08-07T10:55:42+00:00\" \/>\n<meta property=\"og:image\" content=\"https:\/\/keramamueblesdejardin.com\/wp-content\/uploads\/2022\/09\/osaka-antra.jpg\" \/>\n\t<meta property=\"og:image:width\" content=\"1200\" \/>\n\t<meta property=\"og:image:height\" content=\"1200\" \/>\n\t<meta property=\"og:image:type\" content=\"image\/jpeg\" \/>\n<meta name=\"twitter:card\" content=\"summary_large_image\" \/>\n<meta name=\"twitter:label1\" content=\"Gesch\u00e4tzte Lesezeit\" \/>\n\t<meta name=\"twitter:data1\" content=\"1\u00a0Minute\" \/>\n<script type=\"application\/ld+json\" class=\"yoast-schema-graph\">{\"@context\":\"https:\\\/\\\/schema.org\",\"@graph\":[{\"@type\":\"WebPage\",\"@id\":\"https:\\\/\\\/keramamueblesdejardin.com\\\/de\\\/liegestuhle-und-ruhe\\\/liegen\\\/sonnenliege-aluminium-anthrazit-und-polyethylen-high-density-holzimitat-mit-radern-osaka-anthrazit\\\/\",\"url\":\"https:\\\/\\\/keramamueblesdejardin.com\\\/de\\\/liegestuhle-und-ruhe\\\/liegen\\\/sonnenliege-aluminium-anthrazit-und-polyethylen-high-density-holzimitat-mit-radern-osaka-anthrazit\\\/\",\"name\":\"Sonnenliege aus Aluminium Anthrazit und Polyethylen hoher Dichte mit Holzeffekt und R\u00e4dern - Osaka Anthrazit - Kerama\",\"isPartOf\":{\"@id\":\"https:\\\/\\\/keramamueblesdejardin.com\\\/de\\\/#website\"},\"primaryImageOfPage\":{\"@id\":\"https:\\\/\\\/keramamueblesdejardin.com\\\/de\\\/liegestuhle-und-ruhe\\\/liegen\\\/sonnenliege-aluminium-anthrazit-und-polyethylen-high-density-holzimitat-mit-radern-osaka-anthrazit\\\/#primaryimage\"},\"image\":{\"@id\":\"https:\\\/\\\/keramamueblesdejardin.com\\\/de\\\/liegestuhle-und-ruhe\\\/liegen\\\/sonnenliege-aluminium-anthrazit-und-polyethylen-high-density-holzimitat-mit-radern-osaka-anthrazit\\\/#primaryimage\"},\"thumbnailUrl\":\"https:\\\/\\\/keramamueblesdejardin.com\\\/wp-content\\\/uploads\\\/2022\\\/09\\\/osaka-antra.jpg\",\"datePublished\":\"2022-09-13T13:24:03+00:00\",\"dateModified\":\"2024-08-07T10:55:42+00:00\",\"breadcrumb\":{\"@id\":\"https:\\\/\\\/keramamueblesdejardin.com\\\/de\\\/liegestuhle-und-ruhe\\\/liegen\\\/sonnenliege-aluminium-anthrazit-und-polyethylen-high-density-holzimitat-mit-radern-osaka-anthrazit\\\/#breadcrumb\"},\"inLanguage\":\"de\",\"potentialAction\":[{\"@type\":\"ReadAction\",\"target\":[\"https:\\\/\\\/keramamueblesdejardin.com\\\/de\\\/liegestuhle-und-ruhe\\\/liegen\\\/sonnenliege-aluminium-anthrazit-und-polyethylen-high-density-holzimitat-mit-radern-osaka-anthrazit\\\/\"]}]},{\"@type\":\"ImageObject\",\"inLanguage\":\"de\",\"@id\":\"https:\\\/\\\/keramamueblesdejardin.com\\\/de\\\/liegestuhle-und-ruhe\\\/liegen\\\/sonnenliege-aluminium-anthrazit-und-polyethylen-high-density-holzimitat-mit-radern-osaka-anthrazit\\\/#primaryimage\",\"url\":\"https:\\\/\\\/keramamueblesdejardin.com\\\/wp-content\\\/uploads\\\/2022\\\/09\\\/osaka-antra.jpg\",\"contentUrl\":\"https:\\\/\\\/keramamueblesdejardin.com\\\/wp-content\\\/uploads\\\/2022\\\/09\\\/osaka-antra.jpg\",\"width\":1200,\"height\":1200},{\"@type\":\"BreadcrumbList\",\"@id\":\"https:\\\/\\\/keramamueblesdejardin.com\\\/de\\\/liegestuhle-und-ruhe\\\/liegen\\\/sonnenliege-aluminium-anthrazit-und-polyethylen-high-density-holzimitat-mit-radern-osaka-anthrazit\\\/#breadcrumb\",\"itemListElement\":[{\"@type\":\"ListItem\",\"position\":1,\"name\":\"Home\",\"item\":\"https:\\\/\\\/keramamueblesdejardin.com\\\/de\\\/\"},{\"@type\":\"ListItem\",\"position\":2,\"name\":\"Laden\",\"item\":\"https:\\\/\\\/keramamueblesdejardin.com\\\/de\\\/laden\\\/\"},{\"@type\":\"ListItem\",\"position\":3,\"name\":\"Liegest\u00fchle und Ruhe\",\"item\":\"https:\\\/\\\/keramamueblesdejardin.com\\\/de\\\/liegestuhle-und-ruhe\\\/\"},{\"@type\":\"ListItem\",\"position\":4,\"name\":\"Liegen\",\"item\":\"https:\\\/\\\/keramamueblesdejardin.com\\\/de\\\/liegestuhle-und-ruhe\\\/liegen\\\/\"},{\"@type\":\"ListItem\",\"position\":5,\"name\":\"Sonnenliege aus Aluminium Anthrazit und Polyethylen hoher Dichte mit Holzeffekt und R\u00e4dern &#8211; Osaka Anthrazit\"}]},{\"@type\":\"WebSite\",\"@id\":\"https:\\\/\\\/keramamueblesdejardin.com\\\/de\\\/#website\",\"url\":\"https:\\\/\\\/keramamueblesdejardin.com\\\/de\\\/\",\"name\":\"Kerama\",\"description\":\"muebles de jard\u00edn\",\"publisher\":{\"@id\":\"https:\\\/\\\/keramamueblesdejardin.com\\\/de\\\/#organization\"},\"potentialAction\":[{\"@type\":\"SearchAction\",\"target\":{\"@type\":\"EntryPoint\",\"urlTemplate\":\"https:\\\/\\\/keramamueblesdejardin.com\\\/de\\\/?s={search_term_string}\"},\"query-input\":{\"@type\":\"PropertyValueSpecification\",\"valueRequired\":true,\"valueName\":\"search_term_string\"}}],\"inLanguage\":\"de\"},{\"@type\":\"Organization\",\"@id\":\"https:\\\/\\\/keramamueblesdejardin.com\\\/de\\\/#organization\",\"name\":\"kerama\",\"url\":\"https:\\\/\\\/keramamueblesdejardin.com\\\/de\\\/\",\"logo\":{\"@type\":\"ImageObject\",\"inLanguage\":\"de\",\"@id\":\"https:\\\/\\\/keramamueblesdejardin.com\\\/de\\\/#\\\/schema\\\/logo\\\/image\\\/\",\"url\":\"https:\\\/\\\/keramamueblesdejardin.com\\\/wp-content\\\/uploads\\\/2020\\\/12\\\/k.-scaled.jpg\",\"contentUrl\":\"https:\\\/\\\/keramamueblesdejardin.com\\\/wp-content\\\/uploads\\\/2020\\\/12\\\/k.-scaled.jpg\",\"width\":2560,\"height\":551,\"caption\":\"kerama\"},\"image\":{\"@id\":\"https:\\\/\\\/keramamueblesdejardin.com\\\/de\\\/#\\\/schema\\\/logo\\\/image\\\/\"},\"sameAs\":[\"https:\\\/\\\/www.facebook.com\\\/Kerama-Muebles-de-Jard\u00edn-106209328312568\\\/\"]}]}<\/script>\n<!-- \/ Yoast SEO plugin. -->","yoast_head_json":{"title":"Sonnenliege aus Aluminium Anthrazit und Polyethylen hoher Dichte mit Holzeffekt und R\u00e4dern - Osaka Anthrazit - Kerama","robots":{"index":"index","follow":"follow","max-snippet":"max-snippet:-1","max-image-preview":"max-image-preview:large","max-video-preview":"max-video-preview:-1"},"canonical":"https:\/\/keramamueblesdejardin.com\/de\/liegestuhle-und-ruhe\/liegen\/sonnenliege-aluminium-anthrazit-und-polyethylen-high-density-holzimitat-mit-radern-osaka-anthrazit\/","og_locale":"de_DE","og_type":"article","og_title":"Sonnenliege aus Aluminium Anthrazit und Polyethylen hoher Dichte mit Holzeffekt und R\u00e4dern - Osaka Anthrazit - Kerama","og_description":"Gestell aus anthrazitfarbenem Aluminium und Lamellen aus Polywood-Holzimitat  Inklusive R\u00e4der f\u00fcr einfachen Transport  5-fach verstellbare R\u00fcckenlehne  Ma\u00dfe : 195x65x36 cm","og_url":"https:\/\/keramamueblesdejardin.com\/de\/liegestuhle-und-ruhe\/liegen\/sonnenliege-aluminium-anthrazit-und-polyethylen-high-density-holzimitat-mit-radern-osaka-anthrazit\/","og_site_name":"Kerama","article_publisher":"https:\/\/www.facebook.com\/Kerama-Muebles-de-Jard%c3%adn-106209328312568\/","article_modified_time":"2024-08-07T10:55:42+00:00","og_image":[{"width":1200,"height":1200,"url":"https:\/\/keramamueblesdejardin.com\/wp-content\/uploads\/2022\/09\/osaka-antra.jpg","type":"image\/jpeg"}],"twitter_card":"summary_large_image","twitter_misc":{"Gesch\u00e4tzte Lesezeit":"1\u00a0Minute"},"schema":{"@context":"https:\/\/schema.org","@graph":[{"@type":"WebPage","@id":"https:\/\/keramamueblesdejardin.com\/de\/liegestuhle-und-ruhe\/liegen\/sonnenliege-aluminium-anthrazit-und-polyethylen-high-density-holzimitat-mit-radern-osaka-anthrazit\/","url":"https:\/\/keramamueblesdejardin.com\/de\/liegestuhle-und-ruhe\/liegen\/sonnenliege-aluminium-anthrazit-und-polyethylen-high-density-holzimitat-mit-radern-osaka-anthrazit\/","name":"Sonnenliege aus Aluminium Anthrazit und Polyethylen hoher Dichte mit Holzeffekt und R\u00e4dern - Osaka Anthrazit - Kerama","isPartOf":{"@id":"https:\/\/keramamueblesdejardin.com\/de\/#website"},"primaryImageOfPage":{"@id":"https:\/\/keramamueblesdejardin.com\/de\/liegestuhle-und-ruhe\/liegen\/sonnenliege-aluminium-anthrazit-und-polyethylen-high-density-holzimitat-mit-radern-osaka-anthrazit\/#primaryimage"},"image":{"@id":"https:\/\/keramamueblesdejardin.com\/de\/liegestuhle-und-ruhe\/liegen\/sonnenliege-aluminium-anthrazit-und-polyethylen-high-density-holzimitat-mit-radern-osaka-anthrazit\/#primaryimage"},"thumbnailUrl":"https:\/\/keramamueblesdejardin.com\/wp-content\/uploads\/2022\/09\/osaka-antra.jpg","datePublished":"2022-09-13T13:24:03+00:00","dateModified":"2024-08-07T10:55:42+00:00","breadcrumb":{"@id":"https:\/\/keramamueblesdejardin.com\/de\/liegestuhle-und-ruhe\/liegen\/sonnenliege-aluminium-anthrazit-und-polyethylen-high-density-holzimitat-mit-radern-osaka-anthrazit\/#breadcrumb"},"inLanguage":"de","potentialAction":[{"@type":"ReadAction","target":["https:\/\/keramamueblesdejardin.com\/de\/liegestuhle-und-ruhe\/liegen\/sonnenliege-aluminium-anthrazit-und-polyethylen-high-density-holzimitat-mit-radern-osaka-anthrazit\/"]}]},{"@type":"ImageObject","inLanguage":"de","@id":"https:\/\/keramamueblesdejardin.com\/de\/liegestuhle-und-ruhe\/liegen\/sonnenliege-aluminium-anthrazit-und-polyethylen-high-density-holzimitat-mit-radern-osaka-anthrazit\/#primaryimage","url":"https:\/\/keramamueblesdejardin.com\/wp-content\/uploads\/2022\/09\/osaka-antra.jpg","contentUrl":"https:\/\/keramamueblesdejardin.com\/wp-content\/uploads\/2022\/09\/osaka-antra.jpg","width":1200,"height":1200},{"@type":"BreadcrumbList","@id":"https:\/\/keramamueblesdejardin.com\/de\/liegestuhle-und-ruhe\/liegen\/sonnenliege-aluminium-anthrazit-und-polyethylen-high-density-holzimitat-mit-radern-osaka-anthrazit\/#breadcrumb","itemListElement":[{"@type":"ListItem","position":1,"name":"Home","item":"https:\/\/keramamueblesdejardin.com\/de\/"},{"@type":"ListItem","position":2,"name":"Laden","item":"https:\/\/keramamueblesdejardin.com\/de\/laden\/"},{"@type":"ListItem","position":3,"name":"Liegest\u00fchle und Ruhe","item":"https:\/\/keramamueblesdejardin.com\/de\/liegestuhle-und-ruhe\/"},{"@type":"ListItem","position":4,"name":"Liegen","item":"https:\/\/keramamueblesdejardin.com\/de\/liegestuhle-und-ruhe\/liegen\/"},{"@type":"ListItem","position":5,"name":"Sonnenliege aus Aluminium Anthrazit und Polyethylen hoher Dichte mit Holzeffekt und R\u00e4dern &#8211; Osaka Anthrazit"}]},{"@type":"WebSite","@id":"https:\/\/keramamueblesdejardin.com\/de\/#website","url":"https:\/\/keramamueblesdejardin.com\/de\/","name":"Kerama","description":"muebles de jard\u00edn","publisher":{"@id":"https:\/\/keramamueblesdejardin.com\/de\/#organization"},"potentialAction":[{"@type":"SearchAction","target":{"@type":"EntryPoint","urlTemplate":"https:\/\/keramamueblesdejardin.com\/de\/?s={search_term_string}"},"query-input":{"@type":"PropertyValueSpecification","valueRequired":true,"valueName":"search_term_string"}}],"inLanguage":"de"},{"@type":"Organization","@id":"https:\/\/keramamueblesdejardin.com\/de\/#organization","name":"kerama","url":"https:\/\/keramamueblesdejardin.com\/de\/","logo":{"@type":"ImageObject","inLanguage":"de","@id":"https:\/\/keramamueblesdejardin.com\/de\/#\/schema\/logo\/image\/","url":"https:\/\/keramamueblesdejardin.com\/wp-content\/uploads\/2020\/12\/k.-scaled.jpg","contentUrl":"https:\/\/keramamueblesdejardin.com\/wp-content\/uploads\/2020\/12\/k.-scaled.jpg","width":2560,"height":551,"caption":"kerama"},"image":{"@id":"https:\/\/keramamueblesdejardin.com\/de\/#\/schema\/logo\/image\/"},"sameAs":["https:\/\/www.facebook.com\/Kerama-Muebles-de-Jard\u00edn-106209328312568\/"]}]}},"df_price":349,"df_sale_price":349,"df_regular_price":436,"df_image_link":"https:\/\/keramamueblesdejardin.com\/wp-content\/uploads\/2022\/09\/osaka-antra-300x300.jpg","custom_tabs":[{"title":"MESSUNG","id":"messung","content":"<div class=\"list\">\n<div class=\"list\"><strong>H\u00f6he: <\/strong>36cm<\/div>\n<div class=\"list\"><strong>Breite: <\/strong>195cm<\/div>\n<div class=\"list\"><strong>Tiefe: <\/strong>65cm<\/div>\n<div class=\"list\"><\/div>\n<\/div>"},{"title":"AUSPACKEN UND MONTIEREN","id":"auspacken-und-montieren","content":"<div class=\"list\"><strong style=\"font-weight: bold; color: #282828;\">Empfehlungen zum<\/strong> Auspacken: <span style=\"color: #282828;\"> Verwenden Sie beim Auspacken der M\u00f6bel keine scharfen Utensilien, da dies zu Besch\u00e4digungen f\u00fchren kann<\/span><br style=\"color: #282828;\"><strong style=\"font-weight: bold; color: #282828;\">Montage erforderlich (ja\/nein):<\/strong><span style=\"color: #282828;\"> Ja<\/span><br style=\"color: #282828;\"><strong style=\"font-weight: bold; color: #282828;\">Schwierigkeitsgrad der Montage:<\/strong><span style=\"color: #282828;\"> Mittel<\/span><br style=\"color: #282828;\"><strong style=\"font-weight: bold; color: #282828;\">Montagezeit:<\/strong><span style=\"color: #282828;\"> 15 Minuten<\/span><br style=\"color: #282828;\"><strong style=\"font-weight: bold; color: #282828;\">Empfohlene Personen f\u00fcr die Montage:<\/strong><span style=\"color: #282828;\"> 2<\/span><br style=\"color: #282828;\"><strong style=\"font-weight: bold; color: #282828;\">Montagevorschl\u00e4ge:<\/strong><span style=\"color: #282828;\">  Bereiten Sie einen sauberen und trockenen Montagebereich vor und stellen Sie sicher, dass keines der im Handbuch angegebenen Teile fehlt. Wir empfehlen das Tragen von Montagehandschuhen. Verwenden Sie nur die mitgelieferten Teile und Hardware.<\/span><\/div>"},{"title":"WARTUNG UND GARANTIEN","id":"wartung-und-garantien","content":"<div class=\"moz-signature\">\n<div class=\"list\"><strong>Allgemeine Empfehlungen:<\/strong>\n\u2022 Pannen oder Sch\u00e4den, die verursacht werden durch:\n\u2022 Zuf\u00e4llige Ursachen wie St\u00fcrze, Schl\u00e4ge, Versch\u00fctten von Fl\u00fcssigkeiten, Einschleppen von Fremdk\u00f6rpern sowie andere h\u00f6here Gewalt.\n\u2022 Fahrl\u00e4ssiger, unsachgem\u00e4\u00dfer oder nicht h\u00e4uslicher Gebrauch.\n\u2022 Besch\u00e4digung, Korrosion und\/oder Oxidation beschleunigt durch widrige Umweltbedingungen\n\u2022 Flecken und Verf\u00e4rbungen durch Nichtbeachtung unserer Reinigungsanweisungen\n\u2022 Sch\u00e4den, die w\u00e4hrend der Montage und Handhabung auftreten, ohne die angegebenen Montageanweisungen befolgt zu haben.\n<strong>Gebrauchs- und Wartungshinweise:<\/strong>\n\u2022 Reinigen Sie mit Hilfe eines Tuchs vorsichtig oder verwenden Sie eine neutrale Fl\u00fcssigseife und sp\u00fclen Sie sie mit viel Wasser ab.\n\u2022 Entfernen Sie Staub regelm\u00e4\u00dfig mit Hilfe eines weichen Tuchs und klarem Wasser.\n\u2022 Verwenden Sie zum Reinigen keine Reinigungsmittel oder Scheuermittel.\nJahre <strong>Garantie: 3 Jahre<\/strong>\n<strong>Hergestellt nach Norm:<\/strong> 581-1.581-2.581-3<\/div>\n<\/div>"}],"_links":{"self":[{"href":"https:\/\/keramamueblesdejardin.com\/de\/wp-json\/wp\/v2\/product\/117976","targetHints":{"allow":["GET"]}}],"collection":[{"href":"https:\/\/keramamueblesdejardin.com\/de\/wp-json\/wp\/v2\/product"}],"about":[{"href":"https:\/\/keramamueblesdejardin.com\/de\/wp-json\/wp\/v2\/types\/product"}],"replies":[{"embeddable":true,"href":"https:\/\/keramamueblesdejardin.com\/de\/wp-json\/wp\/v2\/comments?post=117976"}],"wp:featuredmedia":[{"embeddable":true,"href":"https:\/\/keramamueblesdejardin.com\/de\/wp-json\/wp\/v2\/media\/117980"}],"wp:attachment":[{"href":"https:\/\/keramamueblesdejardin.com\/de\/wp-json\/wp\/v2\/media?parent=117976"}],"wp:term":[{"taxonomy":"product_brand","embeddable":true,"href":"https:\/\/keramamueblesdejardin.com\/de\/wp-json\/wp\/v2\/product_brand?post=117976"},{"taxonomy":"product_cat","embeddable":true,"href":"https:\/\/keramamueblesdejardin.com\/de\/wp-json\/wp\/v2\/product_cat?post=117976"},{"taxonomy":"product_tag","embeddable":true,"href":"https:\/\/keramamueblesdejardin.com\/de\/wp-json\/wp\/v2\/product_tag?post=117976"}],"curies":[{"name":"wp","href":"https:\/\/api.w.org\/{rel}","templated":true}]}}