{"id":117385,"date":"2022-09-13T15:24:09","date_gmt":"2022-09-13T13:24:09","guid":{"rendered":"https:\/\/keramamueblesdejardin.com\/uncategorized\/balkongarnitur-mit-beistelltisch-osaka-weiss-48x48x36-cm-und-2-stuehlen-osaka-weiss-und-textilbeige-osaka-weiss\/"},"modified":"2024-02-20T12:27:48","modified_gmt":"2024-02-20T11:27:48","slug":"balkon-set-mit-beistelltisch-osaka-weis-48x48x36-cm-y-2-stuhle-osaka-weis-und-textilene-beige-osaka-weis","status":"publish","type":"product","link":"https:\/\/keramamueblesdejardin.com\/de\/lounges-im-freien\/garten-sets\/balkon-set-mit-beistelltisch-osaka-weis-48x48x36-cm-y-2-stuhle-osaka-weis-und-textilene-beige-osaka-weis\/","title":{"rendered":"Balkongarnitur mit Beistelltisch Osaka wei\u00df 48x48x36 cm und 2 St\u00fchlen Osaka wei\u00df und Textilbeige &#8211; Osaka wei\u00df"},"content":{"rendered":"<p>Set niedriger Beistelltisch 48x48x36 cm f\u00fcr Garten aus wei\u00dfem Aluminium und Polywood-Latten, Holzimitat und 2 Osaka-St\u00fchle. Die St\u00fchle sind stapelbar mit wei\u00dfer Struktur und mit Armlehnen aus Polywood, das Holz aus wei\u00dfem Aluminium und beige gepolstertem Textil imitiert. Sie sind nicht nur sehr bequem durch ihre Armlehnen und ihre gepolsterten Sitze und R\u00fcckenlehnen, sondern auch stapelbar, was den Stauraum erheblich reduziert. Die Outdoor-St\u00fchle haben eine wei\u00dfe Struktur und beige Textilien sind sehr leicht, da sie aus Aluminium bestehen.<\/p>\n<p>Sie k\u00f6nnen dieses Balkonset mit anderen Produkten aus der <strong><br \/>\n  <a title=\"Osaka Produktsortiment\" href=\"https:\/\/keramamueblesdejardin.com\/etiqueta\/osaka\/\" target=\"_blank\" rel=\"noopener\">Osaka-Familie kombinieren.<\/a><br \/>\n<\/strong><\/p>\n","protected":false},"excerpt":{"rendered":"<ul>\n<li>Hergestellt aus Aluminium und Holzimitat und gepolsterter Textilr\u00fccken<\/li>\n<li>Die St\u00fchle sind stapelbar und nehmen weniger Platz ein<\/li>\n<li>Keine Wartung erforderlich<\/li>\n<li>Abnehmbare und waschbare Kissen<\/li>\n<\/ul>\n","protected":false},"featured_media":117411,"comment_status":"closed","ping_status":"closed","template":"","meta":{"_acf_changed":false},"product_brand":[],"product_cat":[3233,3234],"product_tag":[3376,3374,3252],"class_list":{"0":"post-117385","1":"product","2":"type-product","3":"status-publish","4":"has-post-thumbnail","6":"product_cat-garten-sets","7":"product_cat-lounges-im-freien","8":"product_tag-aluminium-de","9":"product_tag-kleine-raume","10":"product_tag-osaka-de","11":"product_shipping_class-envio-gratuito-de","12":"pa_asientos-2-de","13":"pa_caracteristicas-armlehne","14":"pa_caracteristicas-einfache-montage-de","15":"pa_caracteristicas-erweiterbar","16":"pa_caracteristicas-stapelbar","17":"pa_caracteristicas-wasserdicht","18":"pa_coleccion-osaka-de","19":"pa_material-aluminium","20":"pa_material-holzimitat","21":"pa_tamano-espacio-klein","23":"first","24":"outofstock","25":"sale","26":"purchasable","27":"product-type-simple","28":"add-to-wishlist-before_image"},"acf":[],"yoast_head":"<!-- This site is optimized with the Yoast SEO plugin v27.2 - https:\/\/yoast.com\/product\/yoast-seo-wordpress\/ -->\n<title>Balkongarnitur mit Beistelltisch Osaka wei\u00df 48x48x36 cm und 2 St\u00fchlen Osaka wei\u00df und Textilbeige - Osaka wei\u00df - Kerama<\/title>\n<meta name=\"robots\" content=\"index, follow, max-snippet:-1, max-image-preview:large, max-video-preview:-1\" \/>\n<link rel=\"canonical\" href=\"https:\/\/keramamueblesdejardin.com\/de\/lounges-im-freien\/garten-sets\/balkon-set-mit-beistelltisch-osaka-weis-48x48x36-cm-y-2-stuhle-osaka-weis-und-textilene-beige-osaka-weis\/\" \/>\n<meta property=\"og:locale\" content=\"de_DE\" \/>\n<meta property=\"og:type\" content=\"article\" \/>\n<meta property=\"og:title\" content=\"Balkongarnitur mit Beistelltisch Osaka wei\u00df 48x48x36 cm und 2 St\u00fchlen Osaka wei\u00df und Textilbeige - Osaka wei\u00df - Kerama\" \/>\n<meta property=\"og:description\" content=\"Hergestellt aus Aluminium und Holzimitat und gepolsterter Textilr\u00fccken  Die St\u00fchle sind stapelbar und nehmen weniger Platz ein  Keine Wartung erforderlich  Abnehmbare und waschbare Kissen\" \/>\n<meta property=\"og:url\" content=\"https:\/\/keramamueblesdejardin.com\/de\/lounges-im-freien\/garten-sets\/balkon-set-mit-beistelltisch-osaka-weis-48x48x36-cm-y-2-stuhle-osaka-weis-und-textilene-beige-osaka-weis\/\" \/>\n<meta property=\"og:site_name\" content=\"Kerama\" \/>\n<meta property=\"article:publisher\" content=\"https:\/\/www.facebook.com\/Kerama-Muebles-de-Jard%c3%adn-106209328312568\/\" \/>\n<meta property=\"article:modified_time\" content=\"2024-02-20T11:27:48+00:00\" \/>\n<meta property=\"og:image\" content=\"https:\/\/keramamueblesdejardin.com\/wp-content\/uploads\/2022\/09\/osaka-mesita.jpg\" \/>\n\t<meta property=\"og:image:width\" content=\"1200\" \/>\n\t<meta property=\"og:image:height\" content=\"1200\" \/>\n\t<meta property=\"og:image:type\" content=\"image\/jpeg\" \/>\n<meta name=\"twitter:card\" content=\"summary_large_image\" \/>\n<script type=\"application\/ld+json\" class=\"yoast-schema-graph\">{\"@context\":\"https:\/\/schema.org\",\"@graph\":[{\"@type\":\"WebPage\",\"@id\":\"https:\/\/keramamueblesdejardin.com\/de\/lounges-im-freien\/garten-sets\/balkon-set-mit-beistelltisch-osaka-weis-48x48x36-cm-y-2-stuhle-osaka-weis-und-textilene-beige-osaka-weis\/\",\"url\":\"https:\/\/keramamueblesdejardin.com\/de\/lounges-im-freien\/garten-sets\/balkon-set-mit-beistelltisch-osaka-weis-48x48x36-cm-y-2-stuhle-osaka-weis-und-textilene-beige-osaka-weis\/\",\"name\":\"Balkongarnitur mit Beistelltisch Osaka wei\u00df 48x48x36 cm und 2 St\u00fchlen Osaka wei\u00df und Textilbeige - Osaka wei\u00df - Kerama\",\"isPartOf\":{\"@id\":\"https:\/\/keramamueblesdejardin.com\/de\/#website\"},\"primaryImageOfPage\":{\"@id\":\"https:\/\/keramamueblesdejardin.com\/de\/lounges-im-freien\/garten-sets\/balkon-set-mit-beistelltisch-osaka-weis-48x48x36-cm-y-2-stuhle-osaka-weis-und-textilene-beige-osaka-weis\/#primaryimage\"},\"image\":{\"@id\":\"https:\/\/keramamueblesdejardin.com\/de\/lounges-im-freien\/garten-sets\/balkon-set-mit-beistelltisch-osaka-weis-48x48x36-cm-y-2-stuhle-osaka-weis-und-textilene-beige-osaka-weis\/#primaryimage\"},\"thumbnailUrl\":\"https:\/\/keramamueblesdejardin.com\/wp-content\/uploads\/2022\/09\/osaka-mesita.jpg\",\"datePublished\":\"2022-09-13T13:24:09+00:00\",\"dateModified\":\"2024-02-20T11:27:48+00:00\",\"breadcrumb\":{\"@id\":\"https:\/\/keramamueblesdejardin.com\/de\/lounges-im-freien\/garten-sets\/balkon-set-mit-beistelltisch-osaka-weis-48x48x36-cm-y-2-stuhle-osaka-weis-und-textilene-beige-osaka-weis\/#breadcrumb\"},\"inLanguage\":\"de\",\"potentialAction\":[{\"@type\":\"ReadAction\",\"target\":[\"https:\/\/keramamueblesdejardin.com\/de\/lounges-im-freien\/garten-sets\/balkon-set-mit-beistelltisch-osaka-weis-48x48x36-cm-y-2-stuhle-osaka-weis-und-textilene-beige-osaka-weis\/\"]}]},{\"@type\":\"ImageObject\",\"inLanguage\":\"de\",\"@id\":\"https:\/\/keramamueblesdejardin.com\/de\/lounges-im-freien\/garten-sets\/balkon-set-mit-beistelltisch-osaka-weis-48x48x36-cm-y-2-stuhle-osaka-weis-und-textilene-beige-osaka-weis\/#primaryimage\",\"url\":\"https:\/\/keramamueblesdejardin.com\/wp-content\/uploads\/2022\/09\/osaka-mesita.jpg\",\"contentUrl\":\"https:\/\/keramamueblesdejardin.com\/wp-content\/uploads\/2022\/09\/osaka-mesita.jpg\",\"width\":1200,\"height\":1200},{\"@type\":\"BreadcrumbList\",\"@id\":\"https:\/\/keramamueblesdejardin.com\/de\/lounges-im-freien\/garten-sets\/balkon-set-mit-beistelltisch-osaka-weis-48x48x36-cm-y-2-stuhle-osaka-weis-und-textilene-beige-osaka-weis\/#breadcrumb\",\"itemListElement\":[{\"@type\":\"ListItem\",\"position\":1,\"name\":\"Home\",\"item\":\"https:\/\/keramamueblesdejardin.com\/de\/\"},{\"@type\":\"ListItem\",\"position\":2,\"name\":\"Laden\",\"item\":\"https:\/\/keramamueblesdejardin.com\/de\/laden\/\"},{\"@type\":\"ListItem\",\"position\":3,\"name\":\"Lounges im Freien\",\"item\":\"https:\/\/keramamueblesdejardin.com\/de\/lounges-im-freien\/\"},{\"@type\":\"ListItem\",\"position\":4,\"name\":\"Garten-Sets\",\"item\":\"https:\/\/keramamueblesdejardin.com\/de\/lounges-im-freien\/garten-sets\/\"},{\"@type\":\"ListItem\",\"position\":5,\"name\":\"Balkongarnitur mit Beistelltisch Osaka wei\u00df 48x48x36 cm und 2 St\u00fchlen Osaka wei\u00df und Textilbeige &#8211; Osaka wei\u00df\"}]},{\"@type\":\"WebSite\",\"@id\":\"https:\/\/keramamueblesdejardin.com\/de\/#website\",\"url\":\"https:\/\/keramamueblesdejardin.com\/de\/\",\"name\":\"Kerama\",\"description\":\"muebles de jard\u00edn\",\"publisher\":{\"@id\":\"https:\/\/keramamueblesdejardin.com\/de\/#organization\"},\"potentialAction\":[{\"@type\":\"SearchAction\",\"target\":{\"@type\":\"EntryPoint\",\"urlTemplate\":\"https:\/\/keramamueblesdejardin.com\/de\/?s={search_term_string}\"},\"query-input\":{\"@type\":\"PropertyValueSpecification\",\"valueRequired\":true,\"valueName\":\"search_term_string\"}}],\"inLanguage\":\"de\"},{\"@type\":\"Organization\",\"@id\":\"https:\/\/keramamueblesdejardin.com\/de\/#organization\",\"name\":\"kerama\",\"url\":\"https:\/\/keramamueblesdejardin.com\/de\/\",\"logo\":{\"@type\":\"ImageObject\",\"inLanguage\":\"de\",\"@id\":\"https:\/\/keramamueblesdejardin.com\/de\/#\/schema\/logo\/image\/\",\"url\":\"https:\/\/keramamueblesdejardin.com\/wp-content\/uploads\/2020\/12\/k.-scaled.jpg\",\"contentUrl\":\"https:\/\/keramamueblesdejardin.com\/wp-content\/uploads\/2020\/12\/k.-scaled.jpg\",\"width\":2560,\"height\":551,\"caption\":\"kerama\"},\"image\":{\"@id\":\"https:\/\/keramamueblesdejardin.com\/de\/#\/schema\/logo\/image\/\"},\"sameAs\":[\"https:\/\/www.facebook.com\/Kerama-Muebles-de-Jard\u00edn-106209328312568\/\"]}]}<\/script>\n<!-- \/ Yoast SEO plugin. -->","yoast_head_json":{"title":"Balkongarnitur mit Beistelltisch Osaka wei\u00df 48x48x36 cm und 2 St\u00fchlen Osaka wei\u00df und Textilbeige - Osaka wei\u00df - Kerama","robots":{"index":"index","follow":"follow","max-snippet":"max-snippet:-1","max-image-preview":"max-image-preview:large","max-video-preview":"max-video-preview:-1"},"canonical":"https:\/\/keramamueblesdejardin.com\/de\/lounges-im-freien\/garten-sets\/balkon-set-mit-beistelltisch-osaka-weis-48x48x36-cm-y-2-stuhle-osaka-weis-und-textilene-beige-osaka-weis\/","og_locale":"de_DE","og_type":"article","og_title":"Balkongarnitur mit Beistelltisch Osaka wei\u00df 48x48x36 cm und 2 St\u00fchlen Osaka wei\u00df und Textilbeige - Osaka wei\u00df - Kerama","og_description":"Hergestellt aus Aluminium und Holzimitat und gepolsterter Textilr\u00fccken  Die St\u00fchle sind stapelbar und nehmen weniger Platz ein  Keine Wartung erforderlich  Abnehmbare und waschbare Kissen","og_url":"https:\/\/keramamueblesdejardin.com\/de\/lounges-im-freien\/garten-sets\/balkon-set-mit-beistelltisch-osaka-weis-48x48x36-cm-y-2-stuhle-osaka-weis-und-textilene-beige-osaka-weis\/","og_site_name":"Kerama","article_publisher":"https:\/\/www.facebook.com\/Kerama-Muebles-de-Jard%c3%adn-106209328312568\/","article_modified_time":"2024-02-20T11:27:48+00:00","og_image":[{"width":1200,"height":1200,"url":"https:\/\/keramamueblesdejardin.com\/wp-content\/uploads\/2022\/09\/osaka-mesita.jpg","type":"image\/jpeg"}],"twitter_card":"summary_large_image","schema":{"@context":"https:\/\/schema.org","@graph":[{"@type":"WebPage","@id":"https:\/\/keramamueblesdejardin.com\/de\/lounges-im-freien\/garten-sets\/balkon-set-mit-beistelltisch-osaka-weis-48x48x36-cm-y-2-stuhle-osaka-weis-und-textilene-beige-osaka-weis\/","url":"https:\/\/keramamueblesdejardin.com\/de\/lounges-im-freien\/garten-sets\/balkon-set-mit-beistelltisch-osaka-weis-48x48x36-cm-y-2-stuhle-osaka-weis-und-textilene-beige-osaka-weis\/","name":"Balkongarnitur mit Beistelltisch Osaka wei\u00df 48x48x36 cm und 2 St\u00fchlen Osaka wei\u00df und Textilbeige - Osaka wei\u00df - Kerama","isPartOf":{"@id":"https:\/\/keramamueblesdejardin.com\/de\/#website"},"primaryImageOfPage":{"@id":"https:\/\/keramamueblesdejardin.com\/de\/lounges-im-freien\/garten-sets\/balkon-set-mit-beistelltisch-osaka-weis-48x48x36-cm-y-2-stuhle-osaka-weis-und-textilene-beige-osaka-weis\/#primaryimage"},"image":{"@id":"https:\/\/keramamueblesdejardin.com\/de\/lounges-im-freien\/garten-sets\/balkon-set-mit-beistelltisch-osaka-weis-48x48x36-cm-y-2-stuhle-osaka-weis-und-textilene-beige-osaka-weis\/#primaryimage"},"thumbnailUrl":"https:\/\/keramamueblesdejardin.com\/wp-content\/uploads\/2022\/09\/osaka-mesita.jpg","datePublished":"2022-09-13T13:24:09+00:00","dateModified":"2024-02-20T11:27:48+00:00","breadcrumb":{"@id":"https:\/\/keramamueblesdejardin.com\/de\/lounges-im-freien\/garten-sets\/balkon-set-mit-beistelltisch-osaka-weis-48x48x36-cm-y-2-stuhle-osaka-weis-und-textilene-beige-osaka-weis\/#breadcrumb"},"inLanguage":"de","potentialAction":[{"@type":"ReadAction","target":["https:\/\/keramamueblesdejardin.com\/de\/lounges-im-freien\/garten-sets\/balkon-set-mit-beistelltisch-osaka-weis-48x48x36-cm-y-2-stuhle-osaka-weis-und-textilene-beige-osaka-weis\/"]}]},{"@type":"ImageObject","inLanguage":"de","@id":"https:\/\/keramamueblesdejardin.com\/de\/lounges-im-freien\/garten-sets\/balkon-set-mit-beistelltisch-osaka-weis-48x48x36-cm-y-2-stuhle-osaka-weis-und-textilene-beige-osaka-weis\/#primaryimage","url":"https:\/\/keramamueblesdejardin.com\/wp-content\/uploads\/2022\/09\/osaka-mesita.jpg","contentUrl":"https:\/\/keramamueblesdejardin.com\/wp-content\/uploads\/2022\/09\/osaka-mesita.jpg","width":1200,"height":1200},{"@type":"BreadcrumbList","@id":"https:\/\/keramamueblesdejardin.com\/de\/lounges-im-freien\/garten-sets\/balkon-set-mit-beistelltisch-osaka-weis-48x48x36-cm-y-2-stuhle-osaka-weis-und-textilene-beige-osaka-weis\/#breadcrumb","itemListElement":[{"@type":"ListItem","position":1,"name":"Home","item":"https:\/\/keramamueblesdejardin.com\/de\/"},{"@type":"ListItem","position":2,"name":"Laden","item":"https:\/\/keramamueblesdejardin.com\/de\/laden\/"},{"@type":"ListItem","position":3,"name":"Lounges im Freien","item":"https:\/\/keramamueblesdejardin.com\/de\/lounges-im-freien\/"},{"@type":"ListItem","position":4,"name":"Garten-Sets","item":"https:\/\/keramamueblesdejardin.com\/de\/lounges-im-freien\/garten-sets\/"},{"@type":"ListItem","position":5,"name":"Balkongarnitur mit Beistelltisch Osaka wei\u00df 48x48x36 cm und 2 St\u00fchlen Osaka wei\u00df und Textilbeige &#8211; Osaka wei\u00df"}]},{"@type":"WebSite","@id":"https:\/\/keramamueblesdejardin.com\/de\/#website","url":"https:\/\/keramamueblesdejardin.com\/de\/","name":"Kerama","description":"muebles de jard\u00edn","publisher":{"@id":"https:\/\/keramamueblesdejardin.com\/de\/#organization"},"potentialAction":[{"@type":"SearchAction","target":{"@type":"EntryPoint","urlTemplate":"https:\/\/keramamueblesdejardin.com\/de\/?s={search_term_string}"},"query-input":{"@type":"PropertyValueSpecification","valueRequired":true,"valueName":"search_term_string"}}],"inLanguage":"de"},{"@type":"Organization","@id":"https:\/\/keramamueblesdejardin.com\/de\/#organization","name":"kerama","url":"https:\/\/keramamueblesdejardin.com\/de\/","logo":{"@type":"ImageObject","inLanguage":"de","@id":"https:\/\/keramamueblesdejardin.com\/de\/#\/schema\/logo\/image\/","url":"https:\/\/keramamueblesdejardin.com\/wp-content\/uploads\/2020\/12\/k.-scaled.jpg","contentUrl":"https:\/\/keramamueblesdejardin.com\/wp-content\/uploads\/2020\/12\/k.-scaled.jpg","width":2560,"height":551,"caption":"kerama"},"image":{"@id":"https:\/\/keramamueblesdejardin.com\/de\/#\/schema\/logo\/image\/"},"sameAs":["https:\/\/www.facebook.com\/Kerama-Muebles-de-Jard\u00edn-106209328312568\/"]}]}},"df_price":329,"df_sale_price":329,"df_regular_price":410,"df_image_link":"https:\/\/keramamueblesdejardin.com\/wp-content\/uploads\/2022\/09\/osaka-mesita-300x300.jpg","custom_tabs":[{"title":"MESSUNG","id":"messung","content":"<div class=\"list\"><strong style=\"font-weight: bold; color: #282828;\">H\u00f6he:<\/strong><span style=\"color: #282828;\"> Stuhl 86 cm \/\/ Tisch 34cm<\/span><br style=\"color: #282828;\"><strong style=\"font-weight: bold; color: #282828;\">Breite:<\/strong><span style=\"color: #282828;\"> Stuhl 57 cm \/\/ Tisch 48cm<\/span><br style=\"color: #282828;\"><strong style=\"font-weight: bold; color: #282828;\">Tiefe:<\/strong><span style=\"color: #282828;\"> Stuhl 65 cm \/\/ Tisch 48cm<\/span><\/div>"},{"title":"AUSPACKEN UND MONTIEREN","id":"auspacken-und-montieren","content":"<div class=\"list\"><strong style=\"font-weight: bold; color: #282828;\">Empfehlungen zum<\/strong> Auspacken: <span style=\"color: #282828;\">Verwenden Sie beim Auspacken der M\u00f6bel keine scharfen Utensilien, da dies zu Besch\u00e4digungen<\/span><strong style=\"font-weight: bold; color: #282828;\"><br style=\"color: #282828;\">f\u00fchren kann Montage erforderlich (ja \/ nein):<\/strong><span style=\"color: #282828;\"><strong style=\"font-weight: bold; color: #282828;\"><br style=\"color: #282828;\">Ja Schwierigkeit der Montage:<\/strong><\/span> <span style=\"color: #282828;\"> Geringe<\/span><strong style=\"font-weight: bold; color: #282828;\"><br style=\"color: #282828;\">Montagezeit:<\/strong> <span style=\"color: #282828;\"> 10 Minuten<\/span><strong style=\"font-weight: bold; color: #282828;\"><br style=\"color: #282828;\">Empfohlene Personen f\u00fcr die Montage:<\/strong><span style=\"color: #282828;\"><strong style=\"font-weight: bold; color: #282828;\"><br style=\"color: #282828;\">2 Montagevorschl\u00e4ge:<\/strong><\/span><span style=\"color: #282828;\">  Bereiten Sie einen sauberen und trockenen Montagebereich vor und stellen Sie sicher, dass keines der im Handbuch angegebenen Teile fehlt. Wir empfehlen das Tragen von Montagehandschuhen. Verwenden Sie nur die mitgelieferten Teile und Hardware.<\/span><\/div>"},{"title":"WARTUNG UND GARANTIEN","id":"wartung-und-garantien","content":"<div class=\"moz-signature\">\n<div class=\"list\"><strong>Allgemeine Empfehlungen:<\/strong>\n\u2022 Pannen oder Sch\u00e4den, die verursacht werden durch:\n\u2022 Zuf\u00e4llige Ursachen wie St\u00fcrze, Schl\u00e4ge, Versch\u00fctten von Fl\u00fcssigkeiten, Einschleppen von Fremdk\u00f6rpern sowie andere h\u00f6here Gewalt.\n\u2022 Fahrl\u00e4ssiger, unsachgem\u00e4\u00dfer oder nicht h\u00e4uslicher Gebrauch.\n\u2022 Besch\u00e4digung, Korrosion und\/oder Oxidation beschleunigt durch widrige Umweltbedingungen\n\u2022 Flecken und Verf\u00e4rbungen durch Nichtbeachtung unserer Reinigungsanweisungen\n\u2022 Sch\u00e4den, die w\u00e4hrend der Montage und Handhabung auftreten, ohne die angegebenen Montageanweisungen befolgt zu haben.\n<strong>Gebrauchs- und Wartungshinweise:<\/strong>\n\u2022 Reinigen Sie mit Hilfe eines Tuchs vorsichtig oder verwenden Sie eine neutrale Fl\u00fcssigseife und sp\u00fclen Sie sie mit viel Wasser ab.\n\u2022 Entfernen Sie Staub regelm\u00e4\u00dfig mit Hilfe eines weichen Tuchs und klarem Wasser.\n\u2022 Verwenden Sie zum Reinigen keine Reinigungsmittel oder Scheuermittel.\nJahre <strong>Garantie: 3 Jahre<\/strong>\n<strong>Hergestellt nach Norm:<\/strong> 581-1.581-2.581-3<\/div>\n<\/div>"}],"_links":{"self":[{"href":"https:\/\/keramamueblesdejardin.com\/de\/wp-json\/wp\/v2\/product\/117385","targetHints":{"allow":["GET"]}}],"collection":[{"href":"https:\/\/keramamueblesdejardin.com\/de\/wp-json\/wp\/v2\/product"}],"about":[{"href":"https:\/\/keramamueblesdejardin.com\/de\/wp-json\/wp\/v2\/types\/product"}],"replies":[{"embeddable":true,"href":"https:\/\/keramamueblesdejardin.com\/de\/wp-json\/wp\/v2\/comments?post=117385"}],"wp:featuredmedia":[{"embeddable":true,"href":"https:\/\/keramamueblesdejardin.com\/de\/wp-json\/wp\/v2\/media\/117411"}],"wp:attachment":[{"href":"https:\/\/keramamueblesdejardin.com\/de\/wp-json\/wp\/v2\/media?parent=117385"}],"wp:term":[{"taxonomy":"product_brand","embeddable":true,"href":"https:\/\/keramamueblesdejardin.com\/de\/wp-json\/wp\/v2\/product_brand?post=117385"},{"taxonomy":"product_cat","embeddable":true,"href":"https:\/\/keramamueblesdejardin.com\/de\/wp-json\/wp\/v2\/product_cat?post=117385"},{"taxonomy":"product_tag","embeddable":true,"href":"https:\/\/keramamueblesdejardin.com\/de\/wp-json\/wp\/v2\/product_tag?post=117385"}],"curies":[{"name":"wp","href":"https:\/\/api.w.org\/{rel}","templated":true}]}}