{"id":117256,"date":"2022-09-13T15:24:33","date_gmt":"2022-09-13T13:24:33","guid":{"rendered":"https:\/\/keramamueblesdejardin.com\/uncategorized\/garten-essgarnitur-aus-holz-und-keramik-gruener-tisch-200x100-6-stapelbare-stuehle-aus-synthetischem-rattan-mit-kissen-bologna-java-light-bologna\/"},"modified":"2025-05-13T08:27:00","modified_gmt":"2025-05-13T06:27:00","slug":"garten-esstisch-aus-holz-und-gruner-keramik-200x100-6-stuhle-stapelbar-ratan-synthetisch-mit-kissen-bologna-java-light-bologna","status":"publish","type":"product","link":"https:\/\/keramamueblesdejardin.com\/de\/speisesale-im-freien\/gartentisch-und-stuhlgarnitur\/garten-esstisch-aus-holz-und-gruner-keramik-200x100-6-stuhle-stapelbar-ratan-synthetisch-mit-kissen-bologna-java-light-bologna\/","title":{"rendered":"Garten-Essgarnitur aus Holz und Keramik gr\u00fcner Tisch 200&#215;100 + 6 stapelbare St\u00fchle aus synthetischem Rattan mit Kissen Bologna &#8211; Java Light &amp;; Bologna"},"content":{"rendered":"<p>Packung mit 6 stapelbaren Esszimmerst\u00fchlen f\u00fcr den Au\u00dfenbereich aus Aluminiumstruktur und synthetischem Rattan, die von Hand in dunklem Beigebraun geflochten sind, und Kissen aus Polyester von 230 g. Das Sitzkissen ist aus beigefarbenem Polyester gefertigt und abnehmbar. Die F\u00fcllung des Sockels besteht aus 22D-Schaumstoff und ist 5 cm dick. Ma\u00dfe: 62x65x86cm.<br \/>\nGartentisch aus heller Akazie mit Keramikplatte 33&#215;33 in gr\u00fcn lasierter Ausf\u00fchrung. Die Konstruktion des Tisches ist sehr robust und widerstandsf\u00e4hig. Sie k\u00f6nnen ihn mit den anderen Elementen der Java Light-Familie kombinieren und gleichzeitig ist er ein sehr vielseitiger Tisch, der mit industriellen, klassischen, rustikalen, modernen Metallelementen kombiniert werden kann&#8230;<\/p>\n","protected":false},"excerpt":{"rendered":"<ul>\n<li style=\"list-style-type: none;\">\n<ul>\n<li>Packung mit 6 stapelbaren Esszimmerst\u00fchlen mit Aluminiumstruktur und geflochtenem synthetischem Rattan dunkelbeige braun<\/li>\n<li>Beigefarbene abnehmbare Kissen<\/li>\n<li>Stuhlgr\u00f6\u00dfe: 62x65x86cm<\/li>\n<li>Holztisch und gr\u00fcn glasierte Keramik. Ma\u00dfe : 200x100x75 cm<\/li>\n<\/ul>\n<\/li>\n<\/ul>\n","protected":false},"featured_media":117157,"comment_status":"closed","ping_status":"closed","template":"","meta":{"_acf_changed":false},"product_brand":[],"product_cat":[3241,3238],"product_tag":[3266,3383,3264,3261,3361],"class_list":{"0":"post-117256","1":"product","2":"type-product","3":"status-publish","4":"has-post-thumbnail","6":"product_cat-gartentisch-und-stuhlgarnitur","7":"product_cat-speisesale-im-freien","8":"product_tag-akazie","9":"product_tag-erweiterbar","10":"product_tag-holz","11":"product_tag-java-de","12":"product_tag-zusammenklappbar","13":"product_shipping_class-envio-gratuito-de","14":"pa_ancho-260-de","15":"pa_asientos-6-de","16":"pa_caracteristicas-armlehne","17":"pa_caracteristicas-stapelbar","18":"pa_caracteristicas-waschbare-bezuge","19":"pa_coleccion-bologna-de","20":"pa_coleccion-java-light-de","21":"pa_forma-rechteckig","22":"pa_largo-360-de","23":"pa_m2-936-de","24":"pa_material-helles-holz-de","25":"pa_material-rattan-de","26":"pa_tamano-espacio-gros","28":"first","29":"outofstock","30":"sale","31":"purchasable","32":"product-type-simple","33":"add-to-wishlist-before_image"},"acf":[],"yoast_head":"<!-- This site is optimized with the Yoast SEO plugin v27.2 - https:\/\/yoast.com\/product\/yoast-seo-wordpress\/ -->\n<title>Garten-Essgarnitur aus Holz und Keramik gr\u00fcner Tisch 200x100 + 6 stapelbare St\u00fchle aus synthetischem Rattan mit Kissen Bologna - Java Light &amp;; Bologna - Kerama<\/title>\n<meta name=\"robots\" content=\"index, follow, max-snippet:-1, max-image-preview:large, max-video-preview:-1\" \/>\n<link rel=\"canonical\" href=\"https:\/\/keramamueblesdejardin.com\/de\/speisesale-im-freien\/gartentisch-und-stuhlgarnitur\/garten-esstisch-aus-holz-und-gruner-keramik-200x100-6-stuhle-stapelbar-ratan-synthetisch-mit-kissen-bologna-java-light-bologna\/\" \/>\n<meta property=\"og:locale\" content=\"de_DE\" \/>\n<meta property=\"og:type\" content=\"article\" \/>\n<meta property=\"og:title\" content=\"Garten-Essgarnitur aus Holz und Keramik gr\u00fcner Tisch 200x100 + 6 stapelbare St\u00fchle aus synthetischem Rattan mit Kissen Bologna - Java Light &amp;; Bologna - Kerama\" \/>\n<meta property=\"og:description\" content=\"Packung mit 6 stapelbaren Esszimmerst\u00fchlen mit Aluminiumstruktur und geflochtenem synthetischem Rattan dunkelbeige braun  Beigefarbene abnehmbare Kissen  Stuhlgr\u00f6\u00dfe: 62x65x86cm  Holztisch und gr\u00fcn glasierte Keramik. Ma\u00dfe : 200x100x75 cm\" \/>\n<meta property=\"og:url\" content=\"https:\/\/keramamueblesdejardin.com\/de\/speisesale-im-freien\/gartentisch-und-stuhlgarnitur\/garten-esstisch-aus-holz-und-gruner-keramik-200x100-6-stuhle-stapelbar-ratan-synthetisch-mit-kissen-bologna-java-light-bologna\/\" \/>\n<meta property=\"og:site_name\" content=\"Kerama\" \/>\n<meta property=\"article:publisher\" content=\"https:\/\/www.facebook.com\/Kerama-Muebles-de-Jard%c3%adn-106209328312568\/\" \/>\n<meta property=\"article:modified_time\" content=\"2025-05-13T06:27:00+00:00\" \/>\n<meta property=\"og:image\" content=\"https:\/\/keramamueblesdejardin.com\/wp-content\/uploads\/2022\/09\/L1650746-Vr-scaled.jpg\" \/>\n\t<meta property=\"og:image:width\" content=\"2560\" \/>\n\t<meta property=\"og:image:height\" content=\"1707\" \/>\n\t<meta property=\"og:image:type\" content=\"image\/jpeg\" \/>\n<meta name=\"twitter:card\" content=\"summary_large_image\" \/>\n<meta name=\"twitter:label1\" content=\"Gesch\u00e4tzte Lesezeit\" \/>\n\t<meta name=\"twitter:data1\" content=\"1\u00a0Minute\" \/>\n<script type=\"application\/ld+json\" class=\"yoast-schema-graph\">{\"@context\":\"https:\/\/schema.org\",\"@graph\":[{\"@type\":\"WebPage\",\"@id\":\"https:\/\/keramamueblesdejardin.com\/de\/speisesale-im-freien\/gartentisch-und-stuhlgarnitur\/garten-esstisch-aus-holz-und-gruner-keramik-200x100-6-stuhle-stapelbar-ratan-synthetisch-mit-kissen-bologna-java-light-bologna\/\",\"url\":\"https:\/\/keramamueblesdejardin.com\/de\/speisesale-im-freien\/gartentisch-und-stuhlgarnitur\/garten-esstisch-aus-holz-und-gruner-keramik-200x100-6-stuhle-stapelbar-ratan-synthetisch-mit-kissen-bologna-java-light-bologna\/\",\"name\":\"Garten-Essgarnitur aus Holz und Keramik gr\u00fcner Tisch 200x100 + 6 stapelbare St\u00fchle aus synthetischem Rattan mit Kissen Bologna - Java Light &amp;; Bologna - Kerama\",\"isPartOf\":{\"@id\":\"https:\/\/keramamueblesdejardin.com\/de\/#website\"},\"primaryImageOfPage\":{\"@id\":\"https:\/\/keramamueblesdejardin.com\/de\/speisesale-im-freien\/gartentisch-und-stuhlgarnitur\/garten-esstisch-aus-holz-und-gruner-keramik-200x100-6-stuhle-stapelbar-ratan-synthetisch-mit-kissen-bologna-java-light-bologna\/#primaryimage\"},\"image\":{\"@id\":\"https:\/\/keramamueblesdejardin.com\/de\/speisesale-im-freien\/gartentisch-und-stuhlgarnitur\/garten-esstisch-aus-holz-und-gruner-keramik-200x100-6-stuhle-stapelbar-ratan-synthetisch-mit-kissen-bologna-java-light-bologna\/#primaryimage\"},\"thumbnailUrl\":\"https:\/\/keramamueblesdejardin.com\/wp-content\/uploads\/2022\/09\/L1650746-Vr-scaled.jpg\",\"datePublished\":\"2022-09-13T13:24:33+00:00\",\"dateModified\":\"2025-05-13T06:27:00+00:00\",\"breadcrumb\":{\"@id\":\"https:\/\/keramamueblesdejardin.com\/de\/speisesale-im-freien\/gartentisch-und-stuhlgarnitur\/garten-esstisch-aus-holz-und-gruner-keramik-200x100-6-stuhle-stapelbar-ratan-synthetisch-mit-kissen-bologna-java-light-bologna\/#breadcrumb\"},\"inLanguage\":\"de\",\"potentialAction\":[{\"@type\":\"ReadAction\",\"target\":[\"https:\/\/keramamueblesdejardin.com\/de\/speisesale-im-freien\/gartentisch-und-stuhlgarnitur\/garten-esstisch-aus-holz-und-gruner-keramik-200x100-6-stuhle-stapelbar-ratan-synthetisch-mit-kissen-bologna-java-light-bologna\/\"]}]},{\"@type\":\"ImageObject\",\"inLanguage\":\"de\",\"@id\":\"https:\/\/keramamueblesdejardin.com\/de\/speisesale-im-freien\/gartentisch-und-stuhlgarnitur\/garten-esstisch-aus-holz-und-gruner-keramik-200x100-6-stuhle-stapelbar-ratan-synthetisch-mit-kissen-bologna-java-light-bologna\/#primaryimage\",\"url\":\"https:\/\/keramamueblesdejardin.com\/wp-content\/uploads\/2022\/09\/L1650746-Vr-scaled.jpg\",\"contentUrl\":\"https:\/\/keramamueblesdejardin.com\/wp-content\/uploads\/2022\/09\/L1650746-Vr-scaled.jpg\",\"width\":2560,\"height\":1707},{\"@type\":\"BreadcrumbList\",\"@id\":\"https:\/\/keramamueblesdejardin.com\/de\/speisesale-im-freien\/gartentisch-und-stuhlgarnitur\/garten-esstisch-aus-holz-und-gruner-keramik-200x100-6-stuhle-stapelbar-ratan-synthetisch-mit-kissen-bologna-java-light-bologna\/#breadcrumb\",\"itemListElement\":[{\"@type\":\"ListItem\",\"position\":1,\"name\":\"Home\",\"item\":\"https:\/\/keramamueblesdejardin.com\/de\/\"},{\"@type\":\"ListItem\",\"position\":2,\"name\":\"Laden\",\"item\":\"https:\/\/keramamueblesdejardin.com\/de\/laden\/\"},{\"@type\":\"ListItem\",\"position\":3,\"name\":\"Speises\u00e4le im Freien\",\"item\":\"https:\/\/keramamueblesdejardin.com\/de\/speisesale-im-freien\/\"},{\"@type\":\"ListItem\",\"position\":4,\"name\":\"Gartentisch- und Stuhlgarnitur\",\"item\":\"https:\/\/keramamueblesdejardin.com\/de\/speisesale-im-freien\/gartentisch-und-stuhlgarnitur\/\"},{\"@type\":\"ListItem\",\"position\":5,\"name\":\"Garten-Essgarnitur aus Holz und Keramik gr\u00fcner Tisch 200&#215;100 + 6 stapelbare St\u00fchle aus synthetischem Rattan mit Kissen Bologna &#8211; Java Light &amp;; Bologna\"}]},{\"@type\":\"WebSite\",\"@id\":\"https:\/\/keramamueblesdejardin.com\/de\/#website\",\"url\":\"https:\/\/keramamueblesdejardin.com\/de\/\",\"name\":\"Kerama\",\"description\":\"muebles de jard\u00edn\",\"publisher\":{\"@id\":\"https:\/\/keramamueblesdejardin.com\/de\/#organization\"},\"potentialAction\":[{\"@type\":\"SearchAction\",\"target\":{\"@type\":\"EntryPoint\",\"urlTemplate\":\"https:\/\/keramamueblesdejardin.com\/de\/?s={search_term_string}\"},\"query-input\":{\"@type\":\"PropertyValueSpecification\",\"valueRequired\":true,\"valueName\":\"search_term_string\"}}],\"inLanguage\":\"de\"},{\"@type\":\"Organization\",\"@id\":\"https:\/\/keramamueblesdejardin.com\/de\/#organization\",\"name\":\"kerama\",\"url\":\"https:\/\/keramamueblesdejardin.com\/de\/\",\"logo\":{\"@type\":\"ImageObject\",\"inLanguage\":\"de\",\"@id\":\"https:\/\/keramamueblesdejardin.com\/de\/#\/schema\/logo\/image\/\",\"url\":\"https:\/\/keramamueblesdejardin.com\/wp-content\/uploads\/2020\/12\/k.-scaled.jpg\",\"contentUrl\":\"https:\/\/keramamueblesdejardin.com\/wp-content\/uploads\/2020\/12\/k.-scaled.jpg\",\"width\":2560,\"height\":551,\"caption\":\"kerama\"},\"image\":{\"@id\":\"https:\/\/keramamueblesdejardin.com\/de\/#\/schema\/logo\/image\/\"},\"sameAs\":[\"https:\/\/www.facebook.com\/Kerama-Muebles-de-Jard\u00edn-106209328312568\/\"]}]}<\/script>\n<!-- \/ Yoast SEO plugin. -->","yoast_head_json":{"title":"Garten-Essgarnitur aus Holz und Keramik gr\u00fcner Tisch 200x100 + 6 stapelbare St\u00fchle aus synthetischem Rattan mit Kissen Bologna - Java Light &amp;; Bologna - Kerama","robots":{"index":"index","follow":"follow","max-snippet":"max-snippet:-1","max-image-preview":"max-image-preview:large","max-video-preview":"max-video-preview:-1"},"canonical":"https:\/\/keramamueblesdejardin.com\/de\/speisesale-im-freien\/gartentisch-und-stuhlgarnitur\/garten-esstisch-aus-holz-und-gruner-keramik-200x100-6-stuhle-stapelbar-ratan-synthetisch-mit-kissen-bologna-java-light-bologna\/","og_locale":"de_DE","og_type":"article","og_title":"Garten-Essgarnitur aus Holz und Keramik gr\u00fcner Tisch 200x100 + 6 stapelbare St\u00fchle aus synthetischem Rattan mit Kissen Bologna - Java Light &amp;; Bologna - Kerama","og_description":"Packung mit 6 stapelbaren Esszimmerst\u00fchlen mit Aluminiumstruktur und geflochtenem synthetischem Rattan dunkelbeige braun  Beigefarbene abnehmbare Kissen  Stuhlgr\u00f6\u00dfe: 62x65x86cm  Holztisch und gr\u00fcn glasierte Keramik. Ma\u00dfe : 200x100x75 cm","og_url":"https:\/\/keramamueblesdejardin.com\/de\/speisesale-im-freien\/gartentisch-und-stuhlgarnitur\/garten-esstisch-aus-holz-und-gruner-keramik-200x100-6-stuhle-stapelbar-ratan-synthetisch-mit-kissen-bologna-java-light-bologna\/","og_site_name":"Kerama","article_publisher":"https:\/\/www.facebook.com\/Kerama-Muebles-de-Jard%c3%adn-106209328312568\/","article_modified_time":"2025-05-13T06:27:00+00:00","og_image":[{"width":2560,"height":1707,"url":"https:\/\/keramamueblesdejardin.com\/wp-content\/uploads\/2022\/09\/L1650746-Vr-scaled.jpg","type":"image\/jpeg"}],"twitter_card":"summary_large_image","twitter_misc":{"Gesch\u00e4tzte Lesezeit":"1\u00a0Minute"},"schema":{"@context":"https:\/\/schema.org","@graph":[{"@type":"WebPage","@id":"https:\/\/keramamueblesdejardin.com\/de\/speisesale-im-freien\/gartentisch-und-stuhlgarnitur\/garten-esstisch-aus-holz-und-gruner-keramik-200x100-6-stuhle-stapelbar-ratan-synthetisch-mit-kissen-bologna-java-light-bologna\/","url":"https:\/\/keramamueblesdejardin.com\/de\/speisesale-im-freien\/gartentisch-und-stuhlgarnitur\/garten-esstisch-aus-holz-und-gruner-keramik-200x100-6-stuhle-stapelbar-ratan-synthetisch-mit-kissen-bologna-java-light-bologna\/","name":"Garten-Essgarnitur aus Holz und Keramik gr\u00fcner Tisch 200x100 + 6 stapelbare St\u00fchle aus synthetischem Rattan mit Kissen Bologna - Java Light &amp;; Bologna - Kerama","isPartOf":{"@id":"https:\/\/keramamueblesdejardin.com\/de\/#website"},"primaryImageOfPage":{"@id":"https:\/\/keramamueblesdejardin.com\/de\/speisesale-im-freien\/gartentisch-und-stuhlgarnitur\/garten-esstisch-aus-holz-und-gruner-keramik-200x100-6-stuhle-stapelbar-ratan-synthetisch-mit-kissen-bologna-java-light-bologna\/#primaryimage"},"image":{"@id":"https:\/\/keramamueblesdejardin.com\/de\/speisesale-im-freien\/gartentisch-und-stuhlgarnitur\/garten-esstisch-aus-holz-und-gruner-keramik-200x100-6-stuhle-stapelbar-ratan-synthetisch-mit-kissen-bologna-java-light-bologna\/#primaryimage"},"thumbnailUrl":"https:\/\/keramamueblesdejardin.com\/wp-content\/uploads\/2022\/09\/L1650746-Vr-scaled.jpg","datePublished":"2022-09-13T13:24:33+00:00","dateModified":"2025-05-13T06:27:00+00:00","breadcrumb":{"@id":"https:\/\/keramamueblesdejardin.com\/de\/speisesale-im-freien\/gartentisch-und-stuhlgarnitur\/garten-esstisch-aus-holz-und-gruner-keramik-200x100-6-stuhle-stapelbar-ratan-synthetisch-mit-kissen-bologna-java-light-bologna\/#breadcrumb"},"inLanguage":"de","potentialAction":[{"@type":"ReadAction","target":["https:\/\/keramamueblesdejardin.com\/de\/speisesale-im-freien\/gartentisch-und-stuhlgarnitur\/garten-esstisch-aus-holz-und-gruner-keramik-200x100-6-stuhle-stapelbar-ratan-synthetisch-mit-kissen-bologna-java-light-bologna\/"]}]},{"@type":"ImageObject","inLanguage":"de","@id":"https:\/\/keramamueblesdejardin.com\/de\/speisesale-im-freien\/gartentisch-und-stuhlgarnitur\/garten-esstisch-aus-holz-und-gruner-keramik-200x100-6-stuhle-stapelbar-ratan-synthetisch-mit-kissen-bologna-java-light-bologna\/#primaryimage","url":"https:\/\/keramamueblesdejardin.com\/wp-content\/uploads\/2022\/09\/L1650746-Vr-scaled.jpg","contentUrl":"https:\/\/keramamueblesdejardin.com\/wp-content\/uploads\/2022\/09\/L1650746-Vr-scaled.jpg","width":2560,"height":1707},{"@type":"BreadcrumbList","@id":"https:\/\/keramamueblesdejardin.com\/de\/speisesale-im-freien\/gartentisch-und-stuhlgarnitur\/garten-esstisch-aus-holz-und-gruner-keramik-200x100-6-stuhle-stapelbar-ratan-synthetisch-mit-kissen-bologna-java-light-bologna\/#breadcrumb","itemListElement":[{"@type":"ListItem","position":1,"name":"Home","item":"https:\/\/keramamueblesdejardin.com\/de\/"},{"@type":"ListItem","position":2,"name":"Laden","item":"https:\/\/keramamueblesdejardin.com\/de\/laden\/"},{"@type":"ListItem","position":3,"name":"Speises\u00e4le im Freien","item":"https:\/\/keramamueblesdejardin.com\/de\/speisesale-im-freien\/"},{"@type":"ListItem","position":4,"name":"Gartentisch- und Stuhlgarnitur","item":"https:\/\/keramamueblesdejardin.com\/de\/speisesale-im-freien\/gartentisch-und-stuhlgarnitur\/"},{"@type":"ListItem","position":5,"name":"Garten-Essgarnitur aus Holz und Keramik gr\u00fcner Tisch 200&#215;100 + 6 stapelbare St\u00fchle aus synthetischem Rattan mit Kissen Bologna &#8211; Java Light &amp;; Bologna"}]},{"@type":"WebSite","@id":"https:\/\/keramamueblesdejardin.com\/de\/#website","url":"https:\/\/keramamueblesdejardin.com\/de\/","name":"Kerama","description":"muebles de jard\u00edn","publisher":{"@id":"https:\/\/keramamueblesdejardin.com\/de\/#organization"},"potentialAction":[{"@type":"SearchAction","target":{"@type":"EntryPoint","urlTemplate":"https:\/\/keramamueblesdejardin.com\/de\/?s={search_term_string}"},"query-input":{"@type":"PropertyValueSpecification","valueRequired":true,"valueName":"search_term_string"}}],"inLanguage":"de"},{"@type":"Organization","@id":"https:\/\/keramamueblesdejardin.com\/de\/#organization","name":"kerama","url":"https:\/\/keramamueblesdejardin.com\/de\/","logo":{"@type":"ImageObject","inLanguage":"de","@id":"https:\/\/keramamueblesdejardin.com\/de\/#\/schema\/logo\/image\/","url":"https:\/\/keramamueblesdejardin.com\/wp-content\/uploads\/2020\/12\/k.-scaled.jpg","contentUrl":"https:\/\/keramamueblesdejardin.com\/wp-content\/uploads\/2020\/12\/k.-scaled.jpg","width":2560,"height":551,"caption":"kerama"},"image":{"@id":"https:\/\/keramamueblesdejardin.com\/de\/#\/schema\/logo\/image\/"},"sameAs":["https:\/\/www.facebook.com\/Kerama-Muebles-de-Jard\u00edn-106209328312568\/"]}]}},"df_price":2089,"df_sale_price":2089,"df_regular_price":2560,"df_image_link":"https:\/\/keramamueblesdejardin.com\/wp-content\/uploads\/2022\/09\/L1650746-Vr-300x200.jpg","custom_tabs":[{"title":"MESSUNG","id":"messung","content":"<div class=\"list\">\n<div class=\"list\">\n<div class=\"list\" style=\"color: #282828;\"><strong style=\"font-weight: bold;\">H\u00f6he: <\/strong>Tisch 75cm \/ Stuhl 86cm<\/div>\n<div class=\"list\" style=\"color: #282828;\"><strong style=\"font-weight: bold;\">Breite: <\/strong>Tisch 200cm \/ Stuhl 62cm<\/div>\n<div class=\"list\" style=\"color: #282828;\"><strong style=\"font-weight: bold;\">Tiefe: <\/strong>Tisch 100cm \/ Stuhl 65cm<\/div>\n<\/div>\n<\/div>"},{"title":"AUSPACKEN UND MONTIEREN","id":"auspacken-und-montieren","content":"<div class=\"list\">\n<div class=\"list\"><strong style=\"font-weight: bold; color: #282828;\">Empfehlungen zum<\/strong> Auspacken: <span style=\"color: #282828;\"> Verwenden Sie beim Auspacken der M\u00f6bel keine scharfen Utensilien, da dies zu Besch\u00e4digungen f\u00fchren kann<\/span><br style=\"color: #282828;\"><strong style=\"font-weight: bold; color: #282828;\">Montage erforderlich (ja\/nein):<\/strong><span style=\"color: #282828;\"> Ja<\/span><br style=\"color: #282828;\"><strong style=\"font-weight: bold; color: #282828;\">Schwierigkeitsgrad der Montage:<\/strong><span style=\"color: #282828;\"> mittel<\/span><br style=\"color: #282828;\"><strong style=\"font-weight: bold; color: #282828;\">Montagezeit:<\/strong><span style=\"color: #282828;\"> 40 Minuten<\/span><br style=\"color: #282828;\"><strong style=\"font-weight: bold; color: #282828;\">Empfohlene Personen f\u00fcr die Montage:<\/strong><span style=\"color: #282828;\"> 2<\/span><br style=\"color: #282828;\"><strong style=\"font-weight: bold; color: #282828;\">Montagevorschl\u00e4ge:<\/strong><span style=\"color: #282828;\">  Bereiten Sie einen sauberen und trockenen Montagebereich vor und stellen Sie sicher, dass keines der im Handbuch angegebenen Teile fehlt. Wir empfehlen das Tragen von Montagehandschuhen. Verwenden Sie nur die mitgelieferten Teile und Hardware.<\/span><\/div>\n<div class=\"list\"><\/div>\n<\/div>"},{"title":"WARTUNG UND GARANTIEN","id":"wartung-und-garantien","content":"<strong>Allgemeine Empfehlungen:<\/strong>\n\u2022 Pannen oder Sch\u00e4den, die verursacht werden durch:\n\u2022 Zuf\u00e4llige Ursachen wie St\u00fcrze, Schl\u00e4ge, Versch\u00fctten von Fl\u00fcssigkeiten, Einschleppen von Fremdk\u00f6rpern sowie andere h\u00f6here Gewalt.\n\u2022 Fahrl\u00e4ssiger, unsachgem\u00e4\u00dfer oder nicht h\u00e4uslicher Gebrauch.\n\u2022 Besch\u00e4digung, Korrosion und\/oder Oxidation beschleunigt durch widrige Umweltbedingungen\n\u2022 Flecken und Verf\u00e4rbungen durch Nichtbeachtung unserer Reinigungsanweisungen\n\u2022 Sch\u00e4den, die w\u00e4hrend der Montage und Handhabung auftreten, ohne die angegebenen Montageanweisungen befolgt zu haben.\n<strong>Gebrauchs- und Wartungshinweise:<\/strong>\n\u2022 Reinigen Sie mit Hilfe eines Tuchs vorsichtig oder verwenden Sie eine neutrale Fl\u00fcssigseife und sp\u00fclen Sie sie mit viel Wasser ab.\n\u2022 Entfernen Sie Staub regelm\u00e4\u00dfig mit Hilfe eines weichen Tuchs und klarem Wasser.\n\u2022 Verwenden Sie zum Reinigen keine Reinigungsmittel oder Scheuermittel.\n\u2022 Behandlung mit Lein\u00f6l: Vor dem Auftragen einer Schicht Lein\u00f6l auf das Produkt in seinem nat\u00fcrlichen Zustand ist es ratsam, es 2 bis 3 Wochen im Freien stehen zu lassen, um ein homogenes Aussehen zu erhalten und es zu bel\u00fcften. Mit einer B\u00fcrste mit klarem Wasser reinigen und trocknen lassen. Sobald es gut getrocknet ist, sollte es mit einem Schleifpapier mit einer Grammatur zwischen 120 und 150 sorgf\u00e4ltig und ohne Anziehen geschliffen werden, wobei so weit wie m\u00f6glich der Richtung der Adern gefolgt werden sollte. Diese Operation wird niemals in den fr\u00fchen Morgenstunden durchgef\u00fchrt.\nUm die Farbe zu erhalten, ist es ratsam, den Vorgang ein- bis zweimal im Jahr zu wiederholen.\nWenn die M\u00f6bel bereits mit Lein\u00f6l bestrichen wurden, ist es ratsam, sie alle drei Jahre zu schleifen, damit die aufeinanderfolgenden \u00d6lschichten das Schwitzen des Holzes nicht verhindern.\nJahre <strong>Garantie: 3 Jahre<\/strong>\n<strong>Hergestellt nach Norm:<\/strong> 581-1.581-2.581-3\n<strong>FSC-Zertifizierung (ja\/nein):<\/strong> Ja"}],"_links":{"self":[{"href":"https:\/\/keramamueblesdejardin.com\/de\/wp-json\/wp\/v2\/product\/117256","targetHints":{"allow":["GET"]}}],"collection":[{"href":"https:\/\/keramamueblesdejardin.com\/de\/wp-json\/wp\/v2\/product"}],"about":[{"href":"https:\/\/keramamueblesdejardin.com\/de\/wp-json\/wp\/v2\/types\/product"}],"replies":[{"embeddable":true,"href":"https:\/\/keramamueblesdejardin.com\/de\/wp-json\/wp\/v2\/comments?post=117256"}],"wp:featuredmedia":[{"embeddable":true,"href":"https:\/\/keramamueblesdejardin.com\/de\/wp-json\/wp\/v2\/media\/117157"}],"wp:attachment":[{"href":"https:\/\/keramamueblesdejardin.com\/de\/wp-json\/wp\/v2\/media?parent=117256"}],"wp:term":[{"taxonomy":"product_brand","embeddable":true,"href":"https:\/\/keramamueblesdejardin.com\/de\/wp-json\/wp\/v2\/product_brand?post=117256"},{"taxonomy":"product_cat","embeddable":true,"href":"https:\/\/keramamueblesdejardin.com\/de\/wp-json\/wp\/v2\/product_cat?post=117256"},{"taxonomy":"product_tag","embeddable":true,"href":"https:\/\/keramamueblesdejardin.com\/de\/wp-json\/wp\/v2\/product_tag?post=117256"}],"curies":[{"name":"wp","href":"https:\/\/api.w.org\/{rel}","templated":true}]}}