{"id":117181,"date":"2022-09-13T15:24:39","date_gmt":"2022-09-13T13:24:39","guid":{"rendered":"https:\/\/keramamueblesdejardin.com\/uncategorized\/garten-essgarnitur-holz-und-keramiktisch-blau-200x100-8-stuehle-holz-und-textil-beige-java-light\/"},"modified":"2023-08-31T08:21:23","modified_gmt":"2023-08-31T06:21:23","slug":"gartengarnitur-esstisch-holz-und-blaue-keramik-200x100-8-stuhle-holz-und-textilene-beige-java-light","status":"publish","type":"product","link":"https:\/\/keramamueblesdejardin.com\/de\/speisesale-im-freien\/gartentisch-und-stuhlgarnitur\/gartengarnitur-esstisch-holz-und-blaue-keramik-200x100-8-stuhle-holz-und-textilene-beige-java-light\/","title":{"rendered":"Garten-Essgarnitur Holz- und Keramiktisch blau 200&#215;100 + 8 St\u00fchle Holz und Textil beige &#8211; Java Light"},"content":{"rendered":"<p>Packung mit 8 klappbaren Akazienholzst\u00fchlen mit Armlehnen. Die Basis des Sitzes und die R\u00fcckenlehne sind aus beigefarbenem Textil gefertigt. Ma\u00dfe: 58x54x89,5cm. Gewicht 5kg<br \/>\nGartentisch aus heller Akazie mit Keramikplatte 33&#215;33 in blau glasierter Ausf\u00fchrung. Die Konstruktion des Tisches ist sehr robust und widerstandsf\u00e4hig. Sie k\u00f6nnen ihn mit den anderen Elementen der Java Light-Familie kombinieren und gleichzeitig ist er ein sehr vielseitiger Tisch, der mit industriellen, klassischen, rustikalen, modernen Metallelementen kombiniert werden kann&#8230;<\/p>\n","protected":false},"excerpt":{"rendered":"<ul>\n<li>8er-Pack Sessel mit klappbaren Gartenarmlehnen aus Akazienholz mit Armlehnen<\/li>\n<li>Helle Holzoberfl\u00e4che<\/li>\n<li>Sitzfl\u00e4che und R\u00fcckenlehne aus beigefarbenem Textil<\/li>\n<li>Holztisch und blau glasierte Keramik. Ma\u00dfe : 200x100x75 cm<\/li>\n<\/ul>\n","protected":false},"featured_media":117205,"comment_status":"closed","ping_status":"closed","template":"","meta":{"_acf_changed":false},"product_brand":[],"product_cat":[3241,3238],"product_tag":[3266,3383,3264,3261,3361],"class_list":{"0":"post-117181","1":"product","2":"type-product","3":"status-publish","4":"has-post-thumbnail","6":"product_cat-gartentisch-und-stuhlgarnitur","7":"product_cat-speisesale-im-freien","8":"product_tag-akazie","9":"product_tag-erweiterbar","10":"product_tag-holz","11":"product_tag-java-de","12":"product_tag-zusammenklappbar","13":"product_shipping_class-envio-gratuito-de","14":"pa_ancho-260-de","15":"pa_asientos-8-de","16":"pa_caracteristicas-armlehne","17":"pa_caracteristicas-zusammenklappbar","18":"pa_coleccion-java-light-de","19":"pa_forma-rechteckig","20":"pa_largo-360-de","21":"pa_m2-936-de","22":"pa_material-helles-holz-de","23":"pa_material-textil","24":"pa_tamano-espacio-gros","26":"first","27":"instock","28":"sale","29":"purchasable","30":"product-type-simple","31":"add-to-wishlist-before_image"},"acf":[],"yoast_head":"<!-- This site is optimized with the Yoast SEO plugin v27.4 - https:\/\/yoast.com\/product\/yoast-seo-wordpress\/ -->\n<title>Garten-Essgarnitur Holz- und Keramiktisch blau 200x100 + 8 St\u00fchle Holz und Textil beige - Java Light - Kerama<\/title>\n<meta name=\"robots\" content=\"index, follow, max-snippet:-1, max-image-preview:large, max-video-preview:-1\" \/>\n<link rel=\"canonical\" href=\"https:\/\/keramamueblesdejardin.com\/de\/speisesale-im-freien\/gartentisch-und-stuhlgarnitur\/gartengarnitur-esstisch-holz-und-blaue-keramik-200x100-8-stuhle-holz-und-textilene-beige-java-light\/\" \/>\n<meta property=\"og:locale\" content=\"de_DE\" \/>\n<meta property=\"og:type\" content=\"article\" \/>\n<meta property=\"og:title\" content=\"Garten-Essgarnitur Holz- und Keramiktisch blau 200x100 + 8 St\u00fchle Holz und Textil beige - Java Light - Kerama\" \/>\n<meta property=\"og:description\" content=\"8er-Pack Sessel mit klappbaren Gartenarmlehnen aus Akazienholz mit Armlehnen  Helle Holzoberfl\u00e4che  Sitzfl\u00e4che und R\u00fcckenlehne aus beigefarbenem Textil  Holztisch und blau glasierte Keramik. Ma\u00dfe : 200x100x75 cm\" \/>\n<meta property=\"og:url\" content=\"https:\/\/keramamueblesdejardin.com\/de\/speisesale-im-freien\/gartentisch-und-stuhlgarnitur\/gartengarnitur-esstisch-holz-und-blaue-keramik-200x100-8-stuhle-holz-und-textilene-beige-java-light\/\" \/>\n<meta property=\"og:site_name\" content=\"Kerama\" \/>\n<meta property=\"article:publisher\" content=\"https:\/\/www.facebook.com\/Kerama-Muebles-de-Jard%c3%adn-106209328312568\/\" \/>\n<meta property=\"article:modified_time\" content=\"2023-08-31T06:21:23+00:00\" \/>\n<meta property=\"og:image\" content=\"https:\/\/keramamueblesdejardin.com\/wp-content\/uploads\/2022\/09\/java-azul-enea-8.jpg\" \/>\n\t<meta property=\"og:image:width\" content=\"1200\" \/>\n\t<meta property=\"og:image:height\" content=\"1200\" \/>\n\t<meta property=\"og:image:type\" content=\"image\/jpeg\" \/>\n<meta name=\"twitter:card\" content=\"summary_large_image\" \/>\n<script type=\"application\/ld+json\" class=\"yoast-schema-graph\">{\"@context\":\"https:\\\/\\\/schema.org\",\"@graph\":[{\"@type\":\"WebPage\",\"@id\":\"https:\\\/\\\/keramamueblesdejardin.com\\\/de\\\/speisesale-im-freien\\\/gartentisch-und-stuhlgarnitur\\\/gartengarnitur-esstisch-holz-und-blaue-keramik-200x100-8-stuhle-holz-und-textilene-beige-java-light\\\/\",\"url\":\"https:\\\/\\\/keramamueblesdejardin.com\\\/de\\\/speisesale-im-freien\\\/gartentisch-und-stuhlgarnitur\\\/gartengarnitur-esstisch-holz-und-blaue-keramik-200x100-8-stuhle-holz-und-textilene-beige-java-light\\\/\",\"name\":\"Garten-Essgarnitur Holz- und Keramiktisch blau 200x100 + 8 St\u00fchle Holz und Textil beige - Java Light - Kerama\",\"isPartOf\":{\"@id\":\"https:\\\/\\\/keramamueblesdejardin.com\\\/de\\\/#website\"},\"primaryImageOfPage\":{\"@id\":\"https:\\\/\\\/keramamueblesdejardin.com\\\/de\\\/speisesale-im-freien\\\/gartentisch-und-stuhlgarnitur\\\/gartengarnitur-esstisch-holz-und-blaue-keramik-200x100-8-stuhle-holz-und-textilene-beige-java-light\\\/#primaryimage\"},\"image\":{\"@id\":\"https:\\\/\\\/keramamueblesdejardin.com\\\/de\\\/speisesale-im-freien\\\/gartentisch-und-stuhlgarnitur\\\/gartengarnitur-esstisch-holz-und-blaue-keramik-200x100-8-stuhle-holz-und-textilene-beige-java-light\\\/#primaryimage\"},\"thumbnailUrl\":\"https:\\\/\\\/keramamueblesdejardin.com\\\/wp-content\\\/uploads\\\/2022\\\/09\\\/java-azul-enea-8.jpg\",\"datePublished\":\"2022-09-13T13:24:39+00:00\",\"dateModified\":\"2023-08-31T06:21:23+00:00\",\"breadcrumb\":{\"@id\":\"https:\\\/\\\/keramamueblesdejardin.com\\\/de\\\/speisesale-im-freien\\\/gartentisch-und-stuhlgarnitur\\\/gartengarnitur-esstisch-holz-und-blaue-keramik-200x100-8-stuhle-holz-und-textilene-beige-java-light\\\/#breadcrumb\"},\"inLanguage\":\"de\",\"potentialAction\":[{\"@type\":\"ReadAction\",\"target\":[\"https:\\\/\\\/keramamueblesdejardin.com\\\/de\\\/speisesale-im-freien\\\/gartentisch-und-stuhlgarnitur\\\/gartengarnitur-esstisch-holz-und-blaue-keramik-200x100-8-stuhle-holz-und-textilene-beige-java-light\\\/\"]}]},{\"@type\":\"ImageObject\",\"inLanguage\":\"de\",\"@id\":\"https:\\\/\\\/keramamueblesdejardin.com\\\/de\\\/speisesale-im-freien\\\/gartentisch-und-stuhlgarnitur\\\/gartengarnitur-esstisch-holz-und-blaue-keramik-200x100-8-stuhle-holz-und-textilene-beige-java-light\\\/#primaryimage\",\"url\":\"https:\\\/\\\/keramamueblesdejardin.com\\\/wp-content\\\/uploads\\\/2022\\\/09\\\/java-azul-enea-8.jpg\",\"contentUrl\":\"https:\\\/\\\/keramamueblesdejardin.com\\\/wp-content\\\/uploads\\\/2022\\\/09\\\/java-azul-enea-8.jpg\",\"width\":1200,\"height\":1200},{\"@type\":\"BreadcrumbList\",\"@id\":\"https:\\\/\\\/keramamueblesdejardin.com\\\/de\\\/speisesale-im-freien\\\/gartentisch-und-stuhlgarnitur\\\/gartengarnitur-esstisch-holz-und-blaue-keramik-200x100-8-stuhle-holz-und-textilene-beige-java-light\\\/#breadcrumb\",\"itemListElement\":[{\"@type\":\"ListItem\",\"position\":1,\"name\":\"Home\",\"item\":\"https:\\\/\\\/keramamueblesdejardin.com\\\/de\\\/\"},{\"@type\":\"ListItem\",\"position\":2,\"name\":\"Laden\",\"item\":\"https:\\\/\\\/keramamueblesdejardin.com\\\/de\\\/laden\\\/\"},{\"@type\":\"ListItem\",\"position\":3,\"name\":\"Speises\u00e4le im Freien\",\"item\":\"https:\\\/\\\/keramamueblesdejardin.com\\\/de\\\/speisesale-im-freien\\\/\"},{\"@type\":\"ListItem\",\"position\":4,\"name\":\"Gartentisch- und Stuhlgarnitur\",\"item\":\"https:\\\/\\\/keramamueblesdejardin.com\\\/de\\\/speisesale-im-freien\\\/gartentisch-und-stuhlgarnitur\\\/\"},{\"@type\":\"ListItem\",\"position\":5,\"name\":\"Garten-Essgarnitur Holz- und Keramiktisch blau 200&#215;100 + 8 St\u00fchle Holz und Textil beige &#8211; Java Light\"}]},{\"@type\":\"WebSite\",\"@id\":\"https:\\\/\\\/keramamueblesdejardin.com\\\/de\\\/#website\",\"url\":\"https:\\\/\\\/keramamueblesdejardin.com\\\/de\\\/\",\"name\":\"Kerama\",\"description\":\"muebles de jard\u00edn\",\"publisher\":{\"@id\":\"https:\\\/\\\/keramamueblesdejardin.com\\\/de\\\/#organization\"},\"potentialAction\":[{\"@type\":\"SearchAction\",\"target\":{\"@type\":\"EntryPoint\",\"urlTemplate\":\"https:\\\/\\\/keramamueblesdejardin.com\\\/de\\\/?s={search_term_string}\"},\"query-input\":{\"@type\":\"PropertyValueSpecification\",\"valueRequired\":true,\"valueName\":\"search_term_string\"}}],\"inLanguage\":\"de\"},{\"@type\":\"Organization\",\"@id\":\"https:\\\/\\\/keramamueblesdejardin.com\\\/de\\\/#organization\",\"name\":\"kerama\",\"url\":\"https:\\\/\\\/keramamueblesdejardin.com\\\/de\\\/\",\"logo\":{\"@type\":\"ImageObject\",\"inLanguage\":\"de\",\"@id\":\"https:\\\/\\\/keramamueblesdejardin.com\\\/de\\\/#\\\/schema\\\/logo\\\/image\\\/\",\"url\":\"https:\\\/\\\/keramamueblesdejardin.com\\\/wp-content\\\/uploads\\\/2020\\\/12\\\/k.-scaled.jpg\",\"contentUrl\":\"https:\\\/\\\/keramamueblesdejardin.com\\\/wp-content\\\/uploads\\\/2020\\\/12\\\/k.-scaled.jpg\",\"width\":2560,\"height\":551,\"caption\":\"kerama\"},\"image\":{\"@id\":\"https:\\\/\\\/keramamueblesdejardin.com\\\/de\\\/#\\\/schema\\\/logo\\\/image\\\/\"},\"sameAs\":[\"https:\\\/\\\/www.facebook.com\\\/Kerama-Muebles-de-Jard\u00edn-106209328312568\\\/\"]}]}<\/script>\n<!-- \/ Yoast SEO plugin. -->","yoast_head_json":{"title":"Garten-Essgarnitur Holz- und Keramiktisch blau 200x100 + 8 St\u00fchle Holz und Textil beige - Java Light - Kerama","robots":{"index":"index","follow":"follow","max-snippet":"max-snippet:-1","max-image-preview":"max-image-preview:large","max-video-preview":"max-video-preview:-1"},"canonical":"https:\/\/keramamueblesdejardin.com\/de\/speisesale-im-freien\/gartentisch-und-stuhlgarnitur\/gartengarnitur-esstisch-holz-und-blaue-keramik-200x100-8-stuhle-holz-und-textilene-beige-java-light\/","og_locale":"de_DE","og_type":"article","og_title":"Garten-Essgarnitur Holz- und Keramiktisch blau 200x100 + 8 St\u00fchle Holz und Textil beige - Java Light - Kerama","og_description":"8er-Pack Sessel mit klappbaren Gartenarmlehnen aus Akazienholz mit Armlehnen  Helle Holzoberfl\u00e4che  Sitzfl\u00e4che und R\u00fcckenlehne aus beigefarbenem Textil  Holztisch und blau glasierte Keramik. Ma\u00dfe : 200x100x75 cm","og_url":"https:\/\/keramamueblesdejardin.com\/de\/speisesale-im-freien\/gartentisch-und-stuhlgarnitur\/gartengarnitur-esstisch-holz-und-blaue-keramik-200x100-8-stuhle-holz-und-textilene-beige-java-light\/","og_site_name":"Kerama","article_publisher":"https:\/\/www.facebook.com\/Kerama-Muebles-de-Jard%c3%adn-106209328312568\/","article_modified_time":"2023-08-31T06:21:23+00:00","og_image":[{"width":1200,"height":1200,"url":"https:\/\/keramamueblesdejardin.com\/wp-content\/uploads\/2022\/09\/java-azul-enea-8.jpg","type":"image\/jpeg"}],"twitter_card":"summary_large_image","schema":{"@context":"https:\/\/schema.org","@graph":[{"@type":"WebPage","@id":"https:\/\/keramamueblesdejardin.com\/de\/speisesale-im-freien\/gartentisch-und-stuhlgarnitur\/gartengarnitur-esstisch-holz-und-blaue-keramik-200x100-8-stuhle-holz-und-textilene-beige-java-light\/","url":"https:\/\/keramamueblesdejardin.com\/de\/speisesale-im-freien\/gartentisch-und-stuhlgarnitur\/gartengarnitur-esstisch-holz-und-blaue-keramik-200x100-8-stuhle-holz-und-textilene-beige-java-light\/","name":"Garten-Essgarnitur Holz- und Keramiktisch blau 200x100 + 8 St\u00fchle Holz und Textil beige - Java Light - Kerama","isPartOf":{"@id":"https:\/\/keramamueblesdejardin.com\/de\/#website"},"primaryImageOfPage":{"@id":"https:\/\/keramamueblesdejardin.com\/de\/speisesale-im-freien\/gartentisch-und-stuhlgarnitur\/gartengarnitur-esstisch-holz-und-blaue-keramik-200x100-8-stuhle-holz-und-textilene-beige-java-light\/#primaryimage"},"image":{"@id":"https:\/\/keramamueblesdejardin.com\/de\/speisesale-im-freien\/gartentisch-und-stuhlgarnitur\/gartengarnitur-esstisch-holz-und-blaue-keramik-200x100-8-stuhle-holz-und-textilene-beige-java-light\/#primaryimage"},"thumbnailUrl":"https:\/\/keramamueblesdejardin.com\/wp-content\/uploads\/2022\/09\/java-azul-enea-8.jpg","datePublished":"2022-09-13T13:24:39+00:00","dateModified":"2023-08-31T06:21:23+00:00","breadcrumb":{"@id":"https:\/\/keramamueblesdejardin.com\/de\/speisesale-im-freien\/gartentisch-und-stuhlgarnitur\/gartengarnitur-esstisch-holz-und-blaue-keramik-200x100-8-stuhle-holz-und-textilene-beige-java-light\/#breadcrumb"},"inLanguage":"de","potentialAction":[{"@type":"ReadAction","target":["https:\/\/keramamueblesdejardin.com\/de\/speisesale-im-freien\/gartentisch-und-stuhlgarnitur\/gartengarnitur-esstisch-holz-und-blaue-keramik-200x100-8-stuhle-holz-und-textilene-beige-java-light\/"]}]},{"@type":"ImageObject","inLanguage":"de","@id":"https:\/\/keramamueblesdejardin.com\/de\/speisesale-im-freien\/gartentisch-und-stuhlgarnitur\/gartengarnitur-esstisch-holz-und-blaue-keramik-200x100-8-stuhle-holz-und-textilene-beige-java-light\/#primaryimage","url":"https:\/\/keramamueblesdejardin.com\/wp-content\/uploads\/2022\/09\/java-azul-enea-8.jpg","contentUrl":"https:\/\/keramamueblesdejardin.com\/wp-content\/uploads\/2022\/09\/java-azul-enea-8.jpg","width":1200,"height":1200},{"@type":"BreadcrumbList","@id":"https:\/\/keramamueblesdejardin.com\/de\/speisesale-im-freien\/gartentisch-und-stuhlgarnitur\/gartengarnitur-esstisch-holz-und-blaue-keramik-200x100-8-stuhle-holz-und-textilene-beige-java-light\/#breadcrumb","itemListElement":[{"@type":"ListItem","position":1,"name":"Home","item":"https:\/\/keramamueblesdejardin.com\/de\/"},{"@type":"ListItem","position":2,"name":"Laden","item":"https:\/\/keramamueblesdejardin.com\/de\/laden\/"},{"@type":"ListItem","position":3,"name":"Speises\u00e4le im Freien","item":"https:\/\/keramamueblesdejardin.com\/de\/speisesale-im-freien\/"},{"@type":"ListItem","position":4,"name":"Gartentisch- und Stuhlgarnitur","item":"https:\/\/keramamueblesdejardin.com\/de\/speisesale-im-freien\/gartentisch-und-stuhlgarnitur\/"},{"@type":"ListItem","position":5,"name":"Garten-Essgarnitur Holz- und Keramiktisch blau 200&#215;100 + 8 St\u00fchle Holz und Textil beige &#8211; Java Light"}]},{"@type":"WebSite","@id":"https:\/\/keramamueblesdejardin.com\/de\/#website","url":"https:\/\/keramamueblesdejardin.com\/de\/","name":"Kerama","description":"muebles de jard\u00edn","publisher":{"@id":"https:\/\/keramamueblesdejardin.com\/de\/#organization"},"potentialAction":[{"@type":"SearchAction","target":{"@type":"EntryPoint","urlTemplate":"https:\/\/keramamueblesdejardin.com\/de\/?s={search_term_string}"},"query-input":{"@type":"PropertyValueSpecification","valueRequired":true,"valueName":"search_term_string"}}],"inLanguage":"de"},{"@type":"Organization","@id":"https:\/\/keramamueblesdejardin.com\/de\/#organization","name":"kerama","url":"https:\/\/keramamueblesdejardin.com\/de\/","logo":{"@type":"ImageObject","inLanguage":"de","@id":"https:\/\/keramamueblesdejardin.com\/de\/#\/schema\/logo\/image\/","url":"https:\/\/keramamueblesdejardin.com\/wp-content\/uploads\/2020\/12\/k.-scaled.jpg","contentUrl":"https:\/\/keramamueblesdejardin.com\/wp-content\/uploads\/2020\/12\/k.-scaled.jpg","width":2560,"height":551,"caption":"kerama"},"image":{"@id":"https:\/\/keramamueblesdejardin.com\/de\/#\/schema\/logo\/image\/"},"sameAs":["https:\/\/www.facebook.com\/Kerama-Muebles-de-Jard\u00edn-106209328312568\/"]}]}},"df_price":1809,"df_sale_price":1809,"df_regular_price":2222,"df_image_link":"https:\/\/keramamueblesdejardin.com\/wp-content\/uploads\/2022\/09\/java-azul-enea-8-300x300.jpg","custom_tabs":[{"title":"MESSUNG","id":"messung","content":"<div class=\"list\"><strong>H\u00f6he: <\/strong>Tisch 75cm \/\/ Stuhl 85cm<\/div>\n<div class=\"list\"><strong>Breite: <\/strong>Tisch 200cm \/\/Stuhl 53,5cm<\/div>\n<div class=\"list\"><strong>Tiefe: <\/strong>Tisch 100cm \/\/ Stuhl 56,5cm<\/div>"}],"_links":{"self":[{"href":"https:\/\/keramamueblesdejardin.com\/de\/wp-json\/wp\/v2\/product\/117181","targetHints":{"allow":["GET"]}}],"collection":[{"href":"https:\/\/keramamueblesdejardin.com\/de\/wp-json\/wp\/v2\/product"}],"about":[{"href":"https:\/\/keramamueblesdejardin.com\/de\/wp-json\/wp\/v2\/types\/product"}],"replies":[{"embeddable":true,"href":"https:\/\/keramamueblesdejardin.com\/de\/wp-json\/wp\/v2\/comments?post=117181"}],"wp:featuredmedia":[{"embeddable":true,"href":"https:\/\/keramamueblesdejardin.com\/de\/wp-json\/wp\/v2\/media\/117205"}],"wp:attachment":[{"href":"https:\/\/keramamueblesdejardin.com\/de\/wp-json\/wp\/v2\/media?parent=117181"}],"wp:term":[{"taxonomy":"product_brand","embeddable":true,"href":"https:\/\/keramamueblesdejardin.com\/de\/wp-json\/wp\/v2\/product_brand?post=117181"},{"taxonomy":"product_cat","embeddable":true,"href":"https:\/\/keramamueblesdejardin.com\/de\/wp-json\/wp\/v2\/product_cat?post=117181"},{"taxonomy":"product_tag","embeddable":true,"href":"https:\/\/keramamueblesdejardin.com\/de\/wp-json\/wp\/v2\/product_tag?post=117181"}],"curies":[{"name":"wp","href":"https:\/\/api.w.org\/{rel}","templated":true}]}}